{"id":62,"date":"2021-01-26T14:42:05","date_gmt":"2021-01-26T13:42:05","guid":{"rendered":"https:\/\/auslaenderaemter.com\/?page_id=62"},"modified":"2022-07-04T18:44:45","modified_gmt":"2022-07-04T16:44:45","slug":"auslaenderaemter-in-rheinland-pfalz","status":"publish","type":"page","link":"http:\/\/auslaenderaemter.com\/en\/immigration-offices-in-rhineland-palatinate\/","title":{"rendered":"Immigration offices in Rheinland-Pfalz"},"content":{"rendered":"<p><strong>Here you will find contact information, addresses and opening hours of the immigration offices \/ immigration authorities - in Rhineland-Palatinate.<\/strong><\/p>\n<h2><span id=\"Uebersicht_aller_Jobcenter_in_Baden-Wuerttemberg\" class=\"ez-toc-section\">Overview of all immigration offices \/ immigration authorities in Rhineland-Palatinate<\/span><\/h2>\n<ul>\n<li><a href=\"http:\/\/auslaenderaemter.com\/en\/immigration-office-altenkirchen\/\">Altenkirchen<\/a><\/li>\n<li><a href=\"http:\/\/auslaenderaemter.com\/en\/immigration-office-alzey\/\">Alzey<\/a><\/li>\n<li><a href=\"http:\/\/auslaenderaemter.com\/en\/immigration-office-andernach\/\">Andernach<\/a><\/li>\n<li><a href=\"http:\/\/auslaenderaemter.com\/en\/immigration-office-bad-berleburg\/\">Bad Berleburg<\/a><\/li>\n<li><a href=\"http:\/\/auslaenderaemter.com\/en\/immigration-office-bad-duerkheim\/\">Bad Durkheim<\/a><\/li>\n<li><a href=\"http:\/\/auslaenderaemter.com\/en\/immigration-office-bad-ems\/\">Bad Ems<\/a><\/li>\n<li><a href=\"http:\/\/auslaenderaemter.com\/en\/immigration-office-bad-kreuznach\/\">Bad Kreuznach<\/a><\/li>\n<li><a href=\"http:\/\/auslaenderaemter.com\/en\/immigration-office-bad-marienberg\/\">Bad Marienberg<\/a><\/li>\n<li><a href=\"http:\/\/auslaenderaemter.com\/en\/immigration-office-bad-neuenahr-ahrweiler\/\">Bad Neuenahr-Ahrweiler<\/a><\/li>\n<li><a href=\"http:\/\/auslaenderaemter.com\/en\/immigration-office-birkenfeld\/\">Birkenfeld<\/a><\/li>\n<li><a href=\"http:\/\/auslaenderaemter.com\/en\/immigration-office-bitburg\/\">Bitburg<\/a><\/li>\n<li><a href=\"http:\/\/auslaenderaemter.com\/en\/immigration-office-cochem\/\">cochem<\/a><\/li>\n<li><a href=\"http:\/\/auslaenderaemter.com\/en\/immigration-office-daun\/\">down<\/a><\/li>\n<li><a href=\"http:\/\/auslaenderaemter.com\/en\/immigration-office-frankenthal\/\">Frankenthal<\/a><\/li>\n<li><a href=\"http:\/\/auslaenderaemter.com\/en\/immigration-office-germersheim\/\">Germersheim<\/a><\/li>\n<li><a href=\"http:\/\/auslaenderaemter.com\/en\/immigration-office-hermeskeil\/\">Hermes wedge<\/a><\/li>\n<li><a href=\"http:\/\/auslaenderaemter.com\/en\/immigration-office-kaiserslautern\/\">Kaiserslautern<\/a><\/li>\n<li><a href=\"http:\/\/auslaenderaemter.com\/en\/immigration-office-kirchheimbolanden\/\">Kirchheimbolanden<\/a><\/li>\n<li><a href=\"http:\/\/auslaenderaemter.com\/en\/immigration-office-koblenz\/\">Koblenz<\/a><\/li>\n<li><a href=\"http:\/\/auslaenderaemter.com\/en\/immigration-office-koblenz-am-rhein\/\">Koblenz on the Rhine<\/a><\/li>\n<li><a href=\"http:\/\/auslaenderaemter.com\/en\/immigration-office-kusel\/\">cuddle<\/a><\/li>\n<li><a href=\"http:\/\/auslaenderaemter.com\/en\/immigration-office-landau-in-der-pfalz\/\">Landau in the Palatinate<\/a><\/li>\n<li><a href=\"http:\/\/auslaenderaemter.com\/en\/immigration-office-ludwigshafen\/\">Ludwigshafen<\/a><\/li>\n<li><a href=\"http:\/\/auslaenderaemter.com\/en\/immigration-office-mainz\/\">Mainz<\/a><\/li>\n<li><a href=\"http:\/\/auslaenderaemter.com\/en\/immigration-office-mayen\/\">Mayen<\/a><\/li>\n<li><a href=\"http:\/\/auslaenderaemter.com\/en\/immigration-office-montabaur\/\">Montabaur<\/a><\/li>\n<li><a href=\"http:\/\/auslaenderaemter.com\/en\/immigration-office-nastaetten\/\">Nastaetten<\/a><\/li>\n<li><a href=\"http:\/\/auslaenderaemter.com\/en\/immigration-office-neustadt-an-der-weinstrasse\/\">Neustadt an der Weinstrasse<\/a><\/li>\n<li><a href=\"http:\/\/auslaenderaemter.com\/en\/immigration-office-neuwied\/\">Neuwied<\/a><\/li>\n<li><a href=\"http:\/\/auslaenderaemter.com\/en\/immigration-office-olpe\/\">Olpe<\/a><\/li>\n<li><a href=\"http:\/\/auslaenderaemter.com\/en\/immigration-office-pirmasens\/\">Pirmasens<\/a><\/li>\n<li><a href=\"http:\/\/auslaenderaemter.com\/en\/immigration-office-schifferstadt\/\">Schifferstadt<\/a><\/li>\n<li><a href=\"http:\/\/auslaenderaemter.com\/en\/immigration-office-schmallenberg\/\">Schmallenberg<\/a><\/li>\n<li><a href=\"http:\/\/auslaenderaemter.com\/en\/immigration-office-victory\/\">wins<\/a><\/li>\n<li><a href=\"http:\/\/auslaenderaemter.com\/en\/immigration-office-simmern\/\">simmer<\/a><\/li>\n<li><a href=\"http:\/\/auslaenderaemter.com\/en\/immigration-office-speyer\/\">speyer<\/a><\/li>\n<li><a href=\"http:\/\/auslaenderaemter.com\/en\/immigration-office-trier\/\">trier<\/a><\/li>\n<li><a href=\"http:\/\/auslaenderaemter.com\/en\/immigration-office-weissenthurm\/\">Weissenthurm<\/a><\/li>\n<li><a href=\"http:\/\/auslaenderaemter.com\/en\/immigration-office-wittlich\/\">Wittlich<\/a><\/li>\n<li><a href=\"http:\/\/auslaenderaemter.com\/en\/immigration-office-worms\/\">Worms<\/a><\/li>\n<li><a href=\"http:\/\/auslaenderaemter.com\/en\/immigration-office-zweibruecken\/\">Zweibruecken<\/a><\/li>\n<\/ul>\n<h3>Tasks of the immigration authorities<\/h3>\n<p>The immigration authorities are responsible for measures in connection with residence and passport law. They decide according to the Residence Act and the provisions of other immigration laws.<\/p>\n<p><strong>Other tasks and services are:<\/strong><\/p>\n<ul>\n<li>Electronic residence permit (eAT)<\/li>\n<li>Contact person for refugee aid<\/li>\n<li>work permit<\/li>\n<li>entry\u00a0<span class=\"highlight\">and<\/span>\u00a0Accommodation in Germany<\/li>\n<li>asylum<\/li>\n<li>integration<\/li>\n<li>commitment declaration<\/li>\n<\/ul>\n<h3>Appointment at the Immigration Office<\/h3>\n<p>In most cases you can make an appointment by telephone, using the contact form or via the service portal of the respective city. Please make sure that you have all the necessary documents before you visit the immigration office.<\/p>\n<div class=\"su-note\"  style=\"border-color:#dadbdd;border-radius:2px;-moz-border-radius:2px;-webkit-border-radius:2px;\"><div class=\"su-note-inner su-u-clearfix su-u-trim\" style=\"background-color:#f4f5f7;border-color:#ffffff;color:#333333;border-radius:2px;-moz-border-radius:2px;-webkit-border-radius:2px;\"><strong>A notice:<\/strong> For offices, authorities or courts, you usually need the documents, certificates or certificates as <a href=\"http:\/\/auslaenderaemter.com\/en\/certified-translation-for-official-documents\/\">certified translation<\/a>.<\/div><\/div>\n<ul>\n<li>With a\u00a0<a href=\"http:\/\/auslaenderaemter.com\/en\/commitment-declaration\/\" data-wpel-link=\"internal\">commitment declaration<\/a>\u00a0you can allow visitors from abroad to enter Germany.<\/li>\n<li><strong>Are you expecting visitors from abroad?<\/strong>\u00a0With a\u00a0<a href=\"https:\/\/tidd.ly\/3u98xUL\" target=\"_blank\" rel=\"nofollow noopener external noreferrer\" data-wpel-link=\"external\">Travel health insurance for foreign guests<\/a>* you are fully protected in Germany and Europe.<\/li>\n<\/ul>\n<h3>Further <span class=\"ez-toc-section\">immigration authorities <\/span>links and sources<\/h3>\n<ul>\n<li><a href=\"http:\/\/auslaenderaemter.com\/en\/\">Immigration Offices in Germany<\/a><\/li>\n<li><a href=\"https:\/\/www.bamf.de\/DE\/Startseite\/startseite_node.html\" target=\"_blank\" rel=\"noopener nofollow external noreferrer\" data-wpel-link=\"external\">Federal Office for Migration and Refugees<\/a>\u00a0(BAMF)<\/li>\n<\/ul>","protected":false},"excerpt":{"rendered":"<p>Here you will find contact information, addresses and opening hours of the immigration offices \/ immigration authorities - in Rhineland-Palatinate. Overview of all immigration offices \/ immigration authorities in Rhineland-Palatinate Altenkirchen Alzey Andernach Bad Berleburg Bad D\u00fcrkheim Bad Ems Bad Kreuznach Bad Marienberg Bad Neuenahr-Ahrweiler Birkenfeld Bitburg Cochem Daun Frankenthal Germersheim Hermeskeil Kaiserslautern Kirchheimbolanden Koblenz Koblenz am Rhein Kusel Landau in der Pfalz Ludwigshafen...&nbsp;<a href=\"http:\/\/auslaenderaemter.com\/en\/immigration-offices-in-rhineland-palatinate\/\" rel=\"bookmark\">ReadMore \u00bb<span class=\"screen-reader-text\">Immigration offices in Rheinland-Pfalz<\/span><\/a><\/p>","protected":false},"author":1,"featured_media":37,"parent":0,"menu_order":0,"comment_status":"closed","ping_status":"closed","template":"","meta":{"neve_meta_sidebar":"full-width","neve_meta_container":"","neve_meta_enable_content_width":"on","neve_meta_content_width":100,"neve_meta_title_alignment":"","neve_meta_author_avatar":"","neve_post_elements_order":"","neve_meta_disable_header":"","neve_meta_disable_footer":"","neve_meta_disable_title":"","neve_meta_reading_time":"","footnotes":""},"class_list":["post-62","page","type-page","status-publish","has-post-thumbnail","hentry"],"yoast_head":"<!-- This site is optimized with the Yoast SEO plugin v27.4 - https:\/\/yoast.com\/product\/yoast-seo-wordpress\/ -->\n<title>Ausl\u00e4nder\u00e4mter in Rheinland-Pfalz | Adresse, Anschrift und Kontakt<\/title>\n<meta name=\"description\" content=\"Ausl\u00e4nder\u00e4mter in Rheinland-Pfalz | Adresse und Anschrift \u2713 Telefonnummer, Kontakt und \u00d6ffnungszeiten \u2713 Ausl\u00e4nderbeh\u00f6rden in Deutschland\" \/>\n<meta name=\"robots\" content=\"index, follow, max-snippet:-1, max-image-preview:large, max-video-preview:-1\" \/>\n<link rel=\"canonical\" href=\"http:\/\/auslaenderaemter.com\/en\/immigration-offices-in-rhineland-palatinate\/\" \/>\n<meta property=\"og:locale\" content=\"en_US\" \/>\n<meta property=\"og:type\" content=\"article\" \/>\n<meta property=\"og:title\" content=\"Ausl\u00e4nder\u00e4mter in Rheinland-Pfalz | Adresse, Anschrift und Kontakt\" \/>\n<meta property=\"og:description\" content=\"Ausl\u00e4nder\u00e4mter in Rheinland-Pfalz | Adresse und Anschrift \u2713 Telefonnummer, Kontakt und \u00d6ffnungszeiten \u2713 Ausl\u00e4nderbeh\u00f6rden in Deutschland\" \/>\n<meta property=\"og:url\" content=\"http:\/\/auslaenderaemter.com\/en\/immigration-offices-in-rhineland-palatinate\/\" \/>\n<meta property=\"og:site_name\" content=\"auslaenderaemter.com\" \/>\n<meta property=\"article:modified_time\" content=\"2022-07-04T16:44:45+00:00\" \/>\n<meta property=\"og:image\" content=\"https:\/\/auslaenderaemter.com\/wp-content\/uploads\/2021\/01\/city-263069_640.jpg\" \/>\n\t<meta property=\"og:image:width\" content=\"640\" \/>\n\t<meta property=\"og:image:height\" content=\"480\" \/>\n\t<meta property=\"og:image:type\" content=\"image\/jpeg\" \/>\n<meta name=\"twitter:card\" content=\"summary_large_image\" \/>\n<meta name=\"twitter:label1\" content=\"Est. reading time\" \/>\n\t<meta name=\"twitter:data1\" content=\"1 minute\" \/>\n<script type=\"application\/ld+json\" class=\"yoast-schema-graph\">{\"@context\":\"https:\\\/\\\/schema.org\",\"@graph\":[{\"@type\":\"WebPage\",\"@id\":\"https:\\\/\\\/auslaenderaemter.com\\\/auslaenderaemter-in-rheinland-pfalz\\\/\",\"url\":\"https:\\\/\\\/auslaenderaemter.com\\\/auslaenderaemter-in-rheinland-pfalz\\\/\",\"name\":\"Ausl\u00e4nder\u00e4mter in Rheinland-Pfalz | Adresse, Anschrift und Kontakt\",\"isPartOf\":{\"@id\":\"https:\\\/\\\/auslaenderaemter.com\\\/#website\"},\"primaryImageOfPage\":{\"@id\":\"https:\\\/\\\/auslaenderaemter.com\\\/auslaenderaemter-in-rheinland-pfalz\\\/#primaryimage\"},\"image\":{\"@id\":\"https:\\\/\\\/auslaenderaemter.com\\\/auslaenderaemter-in-rheinland-pfalz\\\/#primaryimage\"},\"thumbnailUrl\":\"https:\\\/\\\/auslaenderaemter.com\\\/wp-content\\\/uploads\\\/2021\\\/01\\\/city-263069_640.jpg\",\"datePublished\":\"2021-01-26T13:42:05+00:00\",\"dateModified\":\"2022-07-04T16:44:45+00:00\",\"description\":\"Ausl\u00e4nder\u00e4mter in Rheinland-Pfalz | Adresse und Anschrift \u2713 Telefonnummer, Kontakt und \u00d6ffnungszeiten \u2713 Ausl\u00e4nderbeh\u00f6rden in Deutschland\",\"breadcrumb\":{\"@id\":\"https:\\\/\\\/auslaenderaemter.com\\\/auslaenderaemter-in-rheinland-pfalz\\\/#breadcrumb\"},\"inLanguage\":\"en-US\",\"potentialAction\":[{\"@type\":\"ReadAction\",\"target\":[\"https:\\\/\\\/auslaenderaemter.com\\\/auslaenderaemter-in-rheinland-pfalz\\\/\"]}]},{\"@type\":\"ImageObject\",\"inLanguage\":\"en-US\",\"@id\":\"https:\\\/\\\/auslaenderaemter.com\\\/auslaenderaemter-in-rheinland-pfalz\\\/#primaryimage\",\"url\":\"https:\\\/\\\/auslaenderaemter.com\\\/wp-content\\\/uploads\\\/2021\\\/01\\\/city-263069_640.jpg\",\"contentUrl\":\"https:\\\/\\\/auslaenderaemter.com\\\/wp-content\\\/uploads\\\/2021\\\/01\\\/city-263069_640.jpg\",\"width\":640,\"height\":480,\"caption\":\"Ausl\u00e4nder\u00e4mter in Deutschland\"},{\"@type\":\"BreadcrumbList\",\"@id\":\"https:\\\/\\\/auslaenderaemter.com\\\/auslaenderaemter-in-rheinland-pfalz\\\/#breadcrumb\",\"itemListElement\":[{\"@type\":\"ListItem\",\"position\":1,\"name\":\"Startseite\",\"item\":\"https:\\\/\\\/auslaenderaemter.com\\\/\"},{\"@type\":\"ListItem\",\"position\":2,\"name\":\"Ausl\u00e4nder\u00e4mter in Rheinland-Pfalz\"}]},{\"@type\":\"WebSite\",\"@id\":\"https:\\\/\\\/auslaenderaemter.com\\\/#website\",\"url\":\"https:\\\/\\\/auslaenderaemter.com\\\/\",\"name\":\"auslaenderaemter.com\",\"description\":\"\",\"publisher\":{\"@id\":\"https:\\\/\\\/auslaenderaemter.com\\\/#organization\"},\"potentialAction\":[{\"@type\":\"SearchAction\",\"target\":{\"@type\":\"EntryPoint\",\"urlTemplate\":\"https:\\\/\\\/auslaenderaemter.com\\\/?s={search_term_string}\"},\"query-input\":{\"@type\":\"PropertyValueSpecification\",\"valueRequired\":true,\"valueName\":\"search_term_string\"}}],\"inLanguage\":\"en-US\"},{\"@type\":\"Organization\",\"@id\":\"https:\\\/\\\/auslaenderaemter.com\\\/#organization\",\"name\":\"auslaenderaemter.com\",\"url\":\"https:\\\/\\\/auslaenderaemter.com\\\/\",\"logo\":{\"@type\":\"ImageObject\",\"inLanguage\":\"en-US\",\"@id\":\"https:\\\/\\\/auslaenderaemter.com\\\/#\\\/schema\\\/logo\\\/image\\\/\",\"url\":\"https:\\\/\\\/auslaenderaemter.com\\\/wp-content\\\/uploads\\\/2021\\\/01\\\/cropped-Vollmond-info-13.png\",\"contentUrl\":\"https:\\\/\\\/auslaenderaemter.com\\\/wp-content\\\/uploads\\\/2021\\\/01\\\/cropped-Vollmond-info-13.png\",\"width\":500,\"height\":117,\"caption\":\"auslaenderaemter.com\"},\"image\":{\"@id\":\"https:\\\/\\\/auslaenderaemter.com\\\/#\\\/schema\\\/logo\\\/image\\\/\"}}]}<\/script>\n<!-- \/ Yoast SEO plugin. -->","yoast_head_json":{"title":"Immigration Offices in Rhineland-Palatinate | Address, address and contact","description":"Immigration Offices in Rhineland-Palatinate | Address and address \u2713 Telephone number, contact and opening times \u2713 Immigration authorities in Germany","robots":{"index":"index","follow":"follow","max-snippet":"max-snippet:-1","max-image-preview":"max-image-preview:large","max-video-preview":"max-video-preview:-1"},"canonical":"http:\/\/auslaenderaemter.com\/en\/immigration-offices-in-rhineland-palatinate\/","og_locale":"en_US","og_type":"article","og_title":"Ausl\u00e4nder\u00e4mter in Rheinland-Pfalz | Adresse, Anschrift und Kontakt","og_description":"Ausl\u00e4nder\u00e4mter in Rheinland-Pfalz | Adresse und Anschrift \u2713 Telefonnummer, Kontakt und \u00d6ffnungszeiten \u2713 Ausl\u00e4nderbeh\u00f6rden in Deutschland","og_url":"http:\/\/auslaenderaemter.com\/en\/immigration-offices-in-rhineland-palatinate\/","og_site_name":"auslaenderaemter.com","article_modified_time":"2022-07-04T16:44:45+00:00","og_image":[{"width":640,"height":480,"url":"https:\/\/auslaenderaemter.com\/wp-content\/uploads\/2021\/01\/city-263069_640.jpg","type":"image\/jpeg"}],"twitter_card":"summary_large_image","twitter_misc":{"Est. reading time":"1 minute"},"schema":{"@context":"https:\/\/schema.org","@graph":[{"@type":"WebPage","@id":"https:\/\/auslaenderaemter.com\/auslaenderaemter-in-rheinland-pfalz\/","url":"https:\/\/auslaenderaemter.com\/auslaenderaemter-in-rheinland-pfalz\/","name":"Immigration Offices in Rhineland-Palatinate | Address, address and contact","isPartOf":{"@id":"https:\/\/auslaenderaemter.com\/#website"},"primaryImageOfPage":{"@id":"https:\/\/auslaenderaemter.com\/auslaenderaemter-in-rheinland-pfalz\/#primaryimage"},"image":{"@id":"https:\/\/auslaenderaemter.com\/auslaenderaemter-in-rheinland-pfalz\/#primaryimage"},"thumbnailUrl":"https:\/\/auslaenderaemter.com\/wp-content\/uploads\/2021\/01\/city-263069_640.jpg","datePublished":"2021-01-26T13:42:05+00:00","dateModified":"2022-07-04T16:44:45+00:00","description":"Immigration Offices in Rhineland-Palatinate | Address and address \u2713 Telephone number, contact and opening times \u2713 Immigration authorities in Germany","breadcrumb":{"@id":"https:\/\/auslaenderaemter.com\/auslaenderaemter-in-rheinland-pfalz\/#breadcrumb"},"inLanguage":"en-US","potentialAction":[{"@type":"ReadAction","target":["https:\/\/auslaenderaemter.com\/auslaenderaemter-in-rheinland-pfalz\/"]}]},{"@type":"ImageObject","inLanguage":"en-US","@id":"https:\/\/auslaenderaemter.com\/auslaenderaemter-in-rheinland-pfalz\/#primaryimage","url":"https:\/\/auslaenderaemter.com\/wp-content\/uploads\/2021\/01\/city-263069_640.jpg","contentUrl":"https:\/\/auslaenderaemter.com\/wp-content\/uploads\/2021\/01\/city-263069_640.jpg","width":640,"height":480,"caption":"Ausl\u00e4nder\u00e4mter in Deutschland"},{"@type":"BreadcrumbList","@id":"https:\/\/auslaenderaemter.com\/auslaenderaemter-in-rheinland-pfalz\/#breadcrumb","itemListElement":[{"@type":"ListItem","position":1,"name":"Startseite","item":"https:\/\/auslaenderaemter.com\/"},{"@type":"ListItem","position":2,"name":"Ausl\u00e4nder\u00e4mter in Rheinland-Pfalz"}]},{"@type":"WebSite","@id":"https:\/\/auslaenderaemter.com\/#website","url":"https:\/\/auslaenderaemter.com\/","name":"auslaenderaemter.com","description":"","publisher":{"@id":"https:\/\/auslaenderaemter.com\/#organization"},"potentialAction":[{"@type":"SearchAction","target":{"@type":"EntryPoint","urlTemplate":"https:\/\/auslaenderaemter.com\/?s={search_term_string}"},"query-input":{"@type":"PropertyValueSpecification","valueRequired":true,"valueName":"search_term_string"}}],"inLanguage":"en-US"},{"@type":"Organization","@id":"https:\/\/auslaenderaemter.com\/#organization","name":"auslaenderaemter.com","url":"https:\/\/auslaenderaemter.com\/","logo":{"@type":"ImageObject","inLanguage":"en-US","@id":"https:\/\/auslaenderaemter.com\/#\/schema\/logo\/image\/","url":"https:\/\/auslaenderaemter.com\/wp-content\/uploads\/2021\/01\/cropped-Vollmond-info-13.png","contentUrl":"https:\/\/auslaenderaemter.com\/wp-content\/uploads\/2021\/01\/cropped-Vollmond-info-13.png","width":500,"height":117,"caption":"auslaenderaemter.com"},"image":{"@id":"https:\/\/auslaenderaemter.com\/#\/schema\/logo\/image\/"}}]}},"_links":{"self":[{"href":"http:\/\/auslaenderaemter.com\/en\/wp-json\/wp\/v2\/pages\/62","targetHints":{"allow":["GET"]}}],"collection":[{"href":"http:\/\/auslaenderaemter.com\/en\/wp-json\/wp\/v2\/pages"}],"about":[{"href":"http:\/\/auslaenderaemter.com\/en\/wp-json\/wp\/v2\/types\/page"}],"author":[{"embeddable":true,"href":"http:\/\/auslaenderaemter.com\/en\/wp-json\/wp\/v2\/users\/1"}],"replies":[{"embeddable":true,"href":"http:\/\/auslaenderaemter.com\/en\/wp-json\/wp\/v2\/comments?post=62"}],"version-history":[{"count":0,"href":"http:\/\/auslaenderaemter.com\/en\/wp-json\/wp\/v2\/pages\/62\/revisions"}],"wp:featuredmedia":[{"embeddable":true,"href":"http:\/\/auslaenderaemter.com\/en\/wp-json\/wp\/v2\/media\/37"}],"wp:attachment":[{"href":"http:\/\/auslaenderaemter.com\/en\/wp-json\/wp\/v2\/media?parent=62"}],"curies":[{"name":"wp","href":"https:\/\/api.w.org\/{rel}","templated":true}]}}