{"id":4046,"date":"2023-06-12T16:41:00","date_gmt":"2023-06-12T14:41:00","guid":{"rendered":"https:\/\/auslaenderaemter.com\/?page_id=4046"},"modified":"2023-06-12T16:41:00","modified_gmt":"2023-06-12T14:41:00","slug":"duldung","status":"publish","type":"page","link":"http:\/\/auslaenderaemter.com\/fr\/tolerance\/","title":{"rendered":"tol\u00e9rance"},"content":{"rendered":"<p>Duldung est un facteur important dans la loi allemande sur l&#039;immigration et a un impact sur la vie de nombreuses personnes en Allemagne. Dans cet article, nous examinons ce que signifie une Duldung, qui y a droit et les implications juridiques.<\/p>\n<h2>Qu&#039;est-ce qu&#039;une tol\u00e9rance ?<\/h2>\n<p>Une tol\u00e9rance est <strong>pas de titre de s\u00e9jour<\/strong>, mais un <strong>suspension temporaire de l&#039;expulsion<\/strong> par des \u00e9trangers qui seraient en fait oblig\u00e9s de quitter le pays. Elle est de la <a href=\"http:\/\/auslaenderaemter.com\/fr\/\">les services de l&#039;immigration<\/a>\u00a0accord\u00e9 si une expulsion ne peut \u00eatre effectu\u00e9e temporairement pour des raisons juridiques ou factuelles.<\/p>\n<p>La Duldung permet \u00e0 la personne concern\u00e9e de rester temporairement en Allemagne jusqu&#039;\u00e0 ce que les raisons de la suspension de l&#039;expulsion n&#039;existent plus. Cependant, cela s&#039;accompagne de limites, telles qu&#039;un acc\u00e8s limit\u00e9 au march\u00e9 du travail et aux avantages sociaux.<\/p>\n<h2>Pr\u00e9requis pour la tol\u00e9rance<\/h2>\n<p>La tol\u00e9rance est g\u00e9n\u00e9ralement accord\u00e9e sous certaines conditions :<\/p>\n<ol>\n<li><strong>Obstacles juridiques ou factuels \u00e0 l&#039;expulsion :<\/strong> Ceux-ci peuvent exister, par exemple, si l&#039;\u00e9tranger est menac\u00e9 de torture ou de la peine de mort dans son pays d&#039;origine, s&#039;il n&#039;y a pas de documents de voyage ou si la personne concern\u00e9e est dans l&#039;impossibilit\u00e9 de voyager pour des raisons de sant\u00e9.<\/li>\n<li><strong>Pas de participation \u00e0 l&#039;obstacle \u00e0 l&#039;expulsion :<\/strong> La Duldung n&#039;est g\u00e9n\u00e9ralement accord\u00e9e que si la personne concern\u00e9e n&#039;est pas responsable de l&#039;obstacle \u00e0 l&#039;expulsion.<\/li>\n<\/ol>\n<h2>Cons\u00e9quences juridiques de la tol\u00e9rance<\/h2>\n<p>La tol\u00e9rance a un certain nombre de cons\u00e9quences juridiques pour les personnes concern\u00e9es\u00a0:<\/p>\n<ol>\n<li><strong>Restrictions de r\u00e9sidence\u00a0:<\/strong> Les personnes atteintes de Duldung ne peuvent souvent vivre et voyager que dans une certaine zone g\u00e9ographique. En r\u00e8gle g\u00e9n\u00e9rale, ils ne sont pas autoris\u00e9s \u00e0 quitter la zone assign\u00e9e sans autorisation.<\/li>\n<li><strong>Acc\u00e8s restreint au march\u00e9 du travail :<\/strong> Les personnes avec un Duldung n&#039;ont souvent qu&#039;un acc\u00e8s limit\u00e9 au march\u00e9 du travail. En r\u00e8gle g\u00e9n\u00e9rale, ils ne peuvent prendre un emploi qu&#039;apr\u00e8s un d\u00e9lai d&#039;attente de trois mois et n\u00e9cessitent l&#039;approbation des autorit\u00e9s de l&#039;immigration et de l&#039;Agence f\u00e9d\u00e9rale pour l&#039;emploi.<\/li>\n<li><strong>Avantages sociaux:<\/strong> Les personnes atteintes de \u00ab Duldung \u00bb ont g\u00e9n\u00e9ralement droit \u00e0 des prestations selon la <a href=\"https:\/\/www.asyl.net\/themen\/sozialrecht\/asylbewerberleistungsgesetz#:~:text=Das%20Asylbewerberleistungsgesetz%20(AsylbLG)%20regelt%20den,)%2C%20sofern%20sie%20hilfsbed%C3%BCrftig%20sind.\" target=\"_blank\" rel=\"noopener\">Loi sur les prestations aux demandeurs d&#039;asile<\/a>qui sont en dessous du niveau de bien-\u00eatre.<\/li>\n<\/ol>\n<h2>Conclusion<\/h2>\n<p>La tol\u00e9rance est une partie importante de la loi allemande sur l&#039;immigration. Il offre aux personnes effectivement oblig\u00e9es de quitter le pays une protection temporaire contre l&#039;expulsion. En m\u00eame temps, cela s&#039;accompagne de limitations importantes. Il est important que les personnes qui re\u00e7oivent une tol\u00e9rance soient conscientes de leurs droits et obligations et recherchent des conseils juridiques appropri\u00e9s.<\/p>","protected":false},"excerpt":{"rendered":"<p>La tol\u00e9rance est un facteur important dans le droit allemand sur l\u2019immigration et a un impact sur la vie de nombreuses personnes en Allemagne. Dans cet article, nous examinons ce que signifie la tol\u00e9rance, qui y a droit et quelles en sont les implications juridiques. Qu\u2019est-ce que la tol\u00e9rance ? Une tol\u00e9rance n&#039;est pas un titre de s\u00e9jour, mais une suspension temporaire de l&#039;expulsion des \u00e9trangers...&nbsp;<a href=\"http:\/\/auslaenderaemter.com\/fr\/tolerance\/\" rel=\"bookmark\">En savoir plus &quot;<span class=\"screen-reader-text\">tol\u00e9rance<\/span><\/a><\/p>","protected":false},"author":1,"featured_media":9,"parent":0,"menu_order":0,"comment_status":"closed","ping_status":"closed","template":"","meta":{"neve_meta_sidebar":"","neve_meta_container":"","neve_meta_enable_content_width":"off","neve_meta_content_width":100,"neve_meta_title_alignment":"","neve_meta_author_avatar":"","neve_post_elements_order":"","neve_meta_disable_header":"","neve_meta_disable_footer":"","neve_meta_disable_title":"","neve_meta_reading_time":"","footnotes":""},"class_list":["post-4046","page","type-page","status-publish","has-post-thumbnail","hentry"],"yoast_head":"<!-- This site is optimized with the Yoast SEO plugin v27.4 - https:\/\/yoast.com\/product\/yoast-seo-wordpress\/ -->\n<title>Ausl\u00e4nder und Duldung in Deutschland - auslaenderaemter.com<\/title>\n<meta name=\"description\" content=\"Erfahren Sie mehr \u00fcber die Duldung in Deutschland: ihre Bedeutung, Voraussetzungen und die rechtlichen Konsequenzen f\u00fcr Ausl\u00e4nder.\" \/>\n<meta name=\"robots\" content=\"index, follow, max-snippet:-1, max-image-preview:large, max-video-preview:-1\" \/>\n<link rel=\"canonical\" href=\"http:\/\/auslaenderaemter.com\/fr\/tolerance\/\" \/>\n<meta property=\"og:locale\" content=\"fr_FR\" \/>\n<meta property=\"og:type\" content=\"article\" \/>\n<meta property=\"og:title\" content=\"Ausl\u00e4nder und Duldung in Deutschland - auslaenderaemter.com\" \/>\n<meta property=\"og:description\" content=\"Erfahren Sie mehr \u00fcber die Duldung in Deutschland: ihre Bedeutung, Voraussetzungen und die rechtlichen Konsequenzen f\u00fcr Ausl\u00e4nder.\" \/>\n<meta property=\"og:url\" content=\"http:\/\/auslaenderaemter.com\/fr\/tolerance\/\" \/>\n<meta property=\"og:site_name\" content=\"auslaenderaemter.com\" \/>\n<meta property=\"og:image\" content=\"https:\/\/auslaenderaemter.com\/wp-content\/uploads\/2021\/01\/Vollmond-info-13.png\" \/>\n\t<meta property=\"og:image:width\" content=\"500\" \/>\n\t<meta property=\"og:image:height\" content=\"500\" \/>\n\t<meta property=\"og:image:type\" content=\"image\/png\" \/>\n<meta name=\"twitter:card\" content=\"summary_large_image\" \/>\n<meta name=\"twitter:label1\" content=\"Dur\u00e9e de lecture estim\u00e9e\" \/>\n\t<meta name=\"twitter:data1\" content=\"2 minutes\" \/>\n<script type=\"application\/ld+json\" class=\"yoast-schema-graph\">{\"@context\":\"https:\\\/\\\/schema.org\",\"@graph\":[{\"@type\":\"WebPage\",\"@id\":\"https:\\\/\\\/auslaenderaemter.com\\\/duldung\\\/\",\"url\":\"https:\\\/\\\/auslaenderaemter.com\\\/duldung\\\/\",\"name\":\"Ausl\u00e4nder und Duldung in Deutschland - auslaenderaemter.com\",\"isPartOf\":{\"@id\":\"https:\\\/\\\/auslaenderaemter.com\\\/#website\"},\"primaryImageOfPage\":{\"@id\":\"https:\\\/\\\/auslaenderaemter.com\\\/duldung\\\/#primaryimage\"},\"image\":{\"@id\":\"https:\\\/\\\/auslaenderaemter.com\\\/duldung\\\/#primaryimage\"},\"thumbnailUrl\":\"https:\\\/\\\/auslaenderaemter.com\\\/wp-content\\\/uploads\\\/2021\\\/01\\\/Vollmond-info-13.png\",\"datePublished\":\"2023-06-12T14:41:00+00:00\",\"description\":\"Erfahren Sie mehr \u00fcber die Duldung in Deutschland: ihre Bedeutung, Voraussetzungen und die rechtlichen Konsequenzen f\u00fcr Ausl\u00e4nder.\",\"breadcrumb\":{\"@id\":\"https:\\\/\\\/auslaenderaemter.com\\\/duldung\\\/#breadcrumb\"},\"inLanguage\":\"fr-FR\",\"potentialAction\":[{\"@type\":\"ReadAction\",\"target\":[\"https:\\\/\\\/auslaenderaemter.com\\\/duldung\\\/\"]}]},{\"@type\":\"ImageObject\",\"inLanguage\":\"fr-FR\",\"@id\":\"https:\\\/\\\/auslaenderaemter.com\\\/duldung\\\/#primaryimage\",\"url\":\"https:\\\/\\\/auslaenderaemter.com\\\/wp-content\\\/uploads\\\/2021\\\/01\\\/Vollmond-info-13.png\",\"contentUrl\":\"https:\\\/\\\/auslaenderaemter.com\\\/wp-content\\\/uploads\\\/2021\\\/01\\\/Vollmond-info-13.png\",\"width\":500,\"height\":500,\"caption\":\"Abschiebung\"},{\"@type\":\"BreadcrumbList\",\"@id\":\"https:\\\/\\\/auslaenderaemter.com\\\/duldung\\\/#breadcrumb\",\"itemListElement\":[{\"@type\":\"ListItem\",\"position\":1,\"name\":\"Startseite\",\"item\":\"https:\\\/\\\/auslaenderaemter.com\\\/\"},{\"@type\":\"ListItem\",\"position\":2,\"name\":\"Duldung\"}]},{\"@type\":\"WebSite\",\"@id\":\"https:\\\/\\\/auslaenderaemter.com\\\/#website\",\"url\":\"https:\\\/\\\/auslaenderaemter.com\\\/\",\"name\":\"auslaenderaemter.com\",\"description\":\"\",\"publisher\":{\"@id\":\"https:\\\/\\\/auslaenderaemter.com\\\/#organization\"},\"potentialAction\":[{\"@type\":\"SearchAction\",\"target\":{\"@type\":\"EntryPoint\",\"urlTemplate\":\"https:\\\/\\\/auslaenderaemter.com\\\/?s={search_term_string}\"},\"query-input\":{\"@type\":\"PropertyValueSpecification\",\"valueRequired\":true,\"valueName\":\"search_term_string\"}}],\"inLanguage\":\"fr-FR\"},{\"@type\":\"Organization\",\"@id\":\"https:\\\/\\\/auslaenderaemter.com\\\/#organization\",\"name\":\"auslaenderaemter.com\",\"url\":\"https:\\\/\\\/auslaenderaemter.com\\\/\",\"logo\":{\"@type\":\"ImageObject\",\"inLanguage\":\"fr-FR\",\"@id\":\"https:\\\/\\\/auslaenderaemter.com\\\/#\\\/schema\\\/logo\\\/image\\\/\",\"url\":\"https:\\\/\\\/auslaenderaemter.com\\\/wp-content\\\/uploads\\\/2021\\\/01\\\/cropped-Vollmond-info-13.png\",\"contentUrl\":\"https:\\\/\\\/auslaenderaemter.com\\\/wp-content\\\/uploads\\\/2021\\\/01\\\/cropped-Vollmond-info-13.png\",\"width\":500,\"height\":117,\"caption\":\"auslaenderaemter.com\"},\"image\":{\"@id\":\"https:\\\/\\\/auslaenderaemter.com\\\/#\\\/schema\\\/logo\\\/image\\\/\"}}]}<\/script>\n<!-- \/ Yoast SEO plugin. -->","yoast_head_json":{"title":"Extraterrestres et Duldung en Allemagne - auslaenderaemter.com","description":"En savoir plus sur le Duldung en Allemagne : sa signification, ses exigences et ses cons\u00e9quences juridiques pour les \u00e9trangers.","robots":{"index":"index","follow":"follow","max-snippet":"max-snippet:-1","max-image-preview":"max-image-preview:large","max-video-preview":"max-video-preview:-1"},"canonical":"http:\/\/auslaenderaemter.com\/fr\/tolerance\/","og_locale":"fr_FR","og_type":"article","og_title":"Ausl\u00e4nder und Duldung in Deutschland - auslaenderaemter.com","og_description":"Erfahren Sie mehr \u00fcber die Duldung in Deutschland: ihre Bedeutung, Voraussetzungen und die rechtlichen Konsequenzen f\u00fcr Ausl\u00e4nder.","og_url":"http:\/\/auslaenderaemter.com\/fr\/tolerance\/","og_site_name":"auslaenderaemter.com","og_image":[{"width":500,"height":500,"url":"https:\/\/auslaenderaemter.com\/wp-content\/uploads\/2021\/01\/Vollmond-info-13.png","type":"image\/png"}],"twitter_card":"summary_large_image","twitter_misc":{"Dur\u00e9e de lecture estim\u00e9e":"2 minutes"},"schema":{"@context":"https:\/\/schema.org","@graph":[{"@type":"WebPage","@id":"https:\/\/auslaenderaemter.com\/duldung\/","url":"https:\/\/auslaenderaemter.com\/duldung\/","name":"Extraterrestres et Duldung en Allemagne - auslaenderaemter.com","isPartOf":{"@id":"https:\/\/auslaenderaemter.com\/#website"},"primaryImageOfPage":{"@id":"https:\/\/auslaenderaemter.com\/duldung\/#primaryimage"},"image":{"@id":"https:\/\/auslaenderaemter.com\/duldung\/#primaryimage"},"thumbnailUrl":"https:\/\/auslaenderaemter.com\/wp-content\/uploads\/2021\/01\/Vollmond-info-13.png","datePublished":"2023-06-12T14:41:00+00:00","description":"En savoir plus sur le Duldung en Allemagne : sa signification, ses exigences et ses cons\u00e9quences juridiques pour les \u00e9trangers.","breadcrumb":{"@id":"https:\/\/auslaenderaemter.com\/duldung\/#breadcrumb"},"inLanguage":"fr-FR","potentialAction":[{"@type":"ReadAction","target":["https:\/\/auslaenderaemter.com\/duldung\/"]}]},{"@type":"ImageObject","inLanguage":"fr-FR","@id":"https:\/\/auslaenderaemter.com\/duldung\/#primaryimage","url":"https:\/\/auslaenderaemter.com\/wp-content\/uploads\/2021\/01\/Vollmond-info-13.png","contentUrl":"https:\/\/auslaenderaemter.com\/wp-content\/uploads\/2021\/01\/Vollmond-info-13.png","width":500,"height":500,"caption":"Abschiebung"},{"@type":"BreadcrumbList","@id":"https:\/\/auslaenderaemter.com\/duldung\/#breadcrumb","itemListElement":[{"@type":"ListItem","position":1,"name":"Startseite","item":"https:\/\/auslaenderaemter.com\/"},{"@type":"ListItem","position":2,"name":"Duldung"}]},{"@type":"WebSite","@id":"https:\/\/auslaenderaemter.com\/#website","url":"https:\/\/auslaenderaemter.com\/","name":"auslaenderaemter.com","description":"","publisher":{"@id":"https:\/\/auslaenderaemter.com\/#organization"},"potentialAction":[{"@type":"SearchAction","target":{"@type":"EntryPoint","urlTemplate":"https:\/\/auslaenderaemter.com\/?s={search_term_string}"},"query-input":{"@type":"PropertyValueSpecification","valueRequired":true,"valueName":"search_term_string"}}],"inLanguage":"fr-FR"},{"@type":"Organization","@id":"https:\/\/auslaenderaemter.com\/#organization","name":"auslaenderaemter.com","url":"https:\/\/auslaenderaemter.com\/","logo":{"@type":"ImageObject","inLanguage":"fr-FR","@id":"https:\/\/auslaenderaemter.com\/#\/schema\/logo\/image\/","url":"https:\/\/auslaenderaemter.com\/wp-content\/uploads\/2021\/01\/cropped-Vollmond-info-13.png","contentUrl":"https:\/\/auslaenderaemter.com\/wp-content\/uploads\/2021\/01\/cropped-Vollmond-info-13.png","width":500,"height":117,"caption":"auslaenderaemter.com"},"image":{"@id":"https:\/\/auslaenderaemter.com\/#\/schema\/logo\/image\/"}}]}},"_links":{"self":[{"href":"http:\/\/auslaenderaemter.com\/fr\/wp-json\/wp\/v2\/pages\/4046","targetHints":{"allow":["GET"]}}],"collection":[{"href":"http:\/\/auslaenderaemter.com\/fr\/wp-json\/wp\/v2\/pages"}],"about":[{"href":"http:\/\/auslaenderaemter.com\/fr\/wp-json\/wp\/v2\/types\/page"}],"author":[{"embeddable":true,"href":"http:\/\/auslaenderaemter.com\/fr\/wp-json\/wp\/v2\/users\/1"}],"replies":[{"embeddable":true,"href":"http:\/\/auslaenderaemter.com\/fr\/wp-json\/wp\/v2\/comments?post=4046"}],"version-history":[{"count":0,"href":"http:\/\/auslaenderaemter.com\/fr\/wp-json\/wp\/v2\/pages\/4046\/revisions"}],"wp:featuredmedia":[{"embeddable":true,"href":"http:\/\/auslaenderaemter.com\/fr\/wp-json\/wp\/v2\/media\/9"}],"wp:attachment":[{"href":"http:\/\/auslaenderaemter.com\/fr\/wp-json\/wp\/v2\/media?parent=4046"}],"curies":[{"name":"wp","href":"https:\/\/api.w.org\/{rel}","templated":true}]}}