{"id":4039,"date":"2023-06-12T16:23:02","date_gmt":"2023-06-12T14:23:02","guid":{"rendered":"https:\/\/auslaenderaemter.com\/?page_id=4039"},"modified":"2023-06-12T16:23:02","modified_gmt":"2023-06-12T14:23:02","slug":"niederlassungserlaubnis","status":"publish","type":"page","link":"http:\/\/auslaenderaemter.com\/pl\/zezwolenie-na-pobyt-staly\/","title":{"rendered":"zezwolenie na pobyt sta\u0142y"},"content":{"rendered":"<p>Zezwolenie na osiedlenie si\u0119 jest zezwoleniem na pobyt sta\u0142y wydawanym przez w\u0142adze w Niemczech i daje obcokrajowcom prawo do zamieszkania i pracy w Niemczech na czas nieokre\u015blony i bez ogranicze\u0144.<\/p>\n<h2>Znaczenie zezwolenia na osiedlenie si\u0119<\/h2>\n<p>Zezwolenie na osiedlenie si\u0119 stanowi najwy\u017cszy status, jaki cudzoziemiec mo\u017ce uzyska\u0107 w Niemczech i oferuje wiele korzy\u015bci. Jest nieograniczony i daje posiadaczowi prawo do podj\u0119cia ka\u017cdego rodzaju pracy w Niemczech. Ponadto daje r\u00f3wnie\u017c prawo do podr\u00f3\u017cowania do innych kraj\u00f3w strefy Schengen bez konieczno\u015bci posiadania dodatkowych wiz lub zezwole\u0144 na pobyt.<\/p>\n<h2>Wymagania dotycz\u0105ce zezwolenia na osiedlenie si\u0119<\/h2>\n<p>Aby otrzyma\u0107 zezwolenie na osiedlenie si\u0119 w Niemczech, nale\u017cy spe\u0142ni\u0107 r\u00f3\u017cne kryteria. Na og\u00f3\u0142 obejmuj\u0105 one:<\/p>\n<ol>\n<li><strong>Dow\u00f3d bezpiecznego \u017ar\u00f3d\u0142a utrzymania:<\/strong> Wnioskodawca musi by\u0107 w stanie utrzyma\u0107 siebie i cz\u0142onk\u00f3w rodziny pozostaj\u0105cych na jego utrzymaniu bez otrzymywania pomocy spo\u0142ecznej lub zasi\u0142ku dla bezrobotnych.<\/li>\n<li><strong>Zezwolenie na pobyt na pi\u0119\u0107 lat:<\/strong> Wnioskodawca musi posiada\u0107 zezwolenie na pobyt w ci\u0105gu ostatnich pi\u0119ciu lat. Istniej\u0105 jednak wyj\u0105tki dla wysoko wykwalifikowanych specjalist\u00f3w i os\u00f3b samozatrudnionych, w przypadku kt\u00f3rych termin mo\u017ce zosta\u0107 skr\u00f3cony.<\/li>\n<li><strong>Dow\u00f3d wystarczaj\u0105cej znajomo\u015bci j\u0119zyka niemieckiego:<\/strong> Z regu\u0142y wymagany jest poziom B1 wed\u0142ug Europejskiego Systemu Opisu Kszta\u0142cenia J\u0119zykowego (CEFR).<\/li>\n<li><strong>Salon:<\/strong> Wnioskodawca musi mie\u0107 wystarczaj\u0105c\u0105 przestrze\u0144 \u017cyciow\u0105 dla siebie i swojej rodziny.<\/li>\n<li><strong>Sk\u0142adka na ubezpieczenie emerytalne:<\/strong> Z regu\u0142y wnioskodawca musi op\u0142aca\u0107 obowi\u0105zkowe sk\u0142adki na ustawowe ubezpieczenie emerytalne przez co najmniej 60 miesi\u0119cy.<\/li>\n<\/ol>\n<h2>Proces uzyskiwania zezwolenia na osiedlenie si\u0119<\/h2>\n<p>Wniosek o wydanie zezwolenia na osiedlenie si\u0119 sk\u0142ada si\u0119 w <a href=\"http:\/\/auslaenderaemter.com\/pl\/\">w\u0142a\u015bciwy organ do spraw cudzoziemc\u00f3w<\/a> umieszczony. Wnioskodawca musi z\u0142o\u017cy\u0107 wszystkie niezb\u0119dne dokumenty potwierdzaj\u0105ce spe\u0142nienie przez niego powy\u017cszych wymaga\u0144.<\/p>\n<p>Po z\u0142o\u017ceniu wniosku organ rozpatrzy wniosek i podejmie decyzj\u0119. W przypadku pozytywnej decyzji wnioskodawca otrzymuje zezwolenie na osiedlenie si\u0119. W przypadku odrzucenia wnioskodawca mo\u017ce odwo\u0142a\u0107 si\u0119 w okre\u015blonym terminie lub z\u0142o\u017cy\u0107 nowy wniosek, je\u015bli warunki zostan\u0105 spe\u0142nione.<\/p>\n<h2>Wniosek<\/h2>\n<p>Zezwolenie na osiedlenie si\u0119 daje obcokrajowcom mo\u017cliwo\u015b\u0107 zamieszkania i pracy w Niemczech na sta\u0142e iz niewielkimi ograniczeniami. Pomimo rygorystycznych kryteri\u00f3w i szczeg\u00f3\u0142owego procesu, uzyskanie zezwolenia na osiedlenie si\u0119 jest dla wielu celem, do kt\u00f3rego warto d\u0105\u017cy\u0107, poniewa\u017c zapewnia wysoki poziom stabilno\u015bci i swobody.<\/p>\n<p>Zezwolenie na osiedlenie si\u0119 jest nie tylko dokumentem uprawniaj\u0105cym do pobytu i pracy w Niemczech, ale tak\u017ce dowodem integracji ze spo\u0142ecze\u0144stwem niemieckim. Wymaga znajomo\u015bci j\u0119zyka niemieckiego, niemieckiego systemu prawnego i rynku pracy oraz wykazuje znacz\u0105cy wk\u0142ad w niemieck\u0105 gospodark\u0119 i spo\u0142ecze\u0144stwo.<\/p>\n<p>Nale\u017cy jednak podkre\u015bli\u0107, \u017ce uzyskanie zezwolenia na osiedlenie si\u0119 nie jest procesem \u0142atwym ani szybkim. Wymaga cierpliwo\u015bci, planowania i starannego przygotowania. Ka\u017cdy, kto stara si\u0119 o zezwolenie na osiedlenie si\u0119, powinien w pe\u0142ni rozumie\u0107 wymagania i proces, aw razie potrzeby zwr\u00f3ci\u0107 si\u0119 o profesjonaln\u0105 pomoc.<\/p>\n<p>Zezwolenie na osiedlenie si\u0119 oferuje korzy\u015bci w postaci bezpiecze\u0144stwa i mobilno\u015bci w strefie Schengen. Dla wielu jest to decyduj\u0105cy krok w kierunku pe\u0142nej integracji z niemieckim spo\u0142ecze\u0144stwem i kultur\u0105, a tym samym istotna cz\u0119\u015b\u0107 \u017cycia w Niemczech. Stanowi d\u0142ugoterminowe zaanga\u017cowanie i inwestycj\u0119 w \u017cycie w Niemczech, kt\u00f3re przynosi korzy\u015bci nie tylko jednostce, ale tak\u017ce ca\u0142emu spo\u0142ecze\u0144stwu niemieckiemu.<\/p>","protected":false},"excerpt":{"rendered":"<p>Zezwolenie na osiedlenie si\u0119 jest zezwoleniem na pobyt sta\u0142y wydawanym przez w\u0142adze w Niemczech i daje obcokrajowcom prawo do \u017cycia i pracy w Niemczech na czas nieokre\u015blony i bez ogranicze\u0144. Znaczenie zezwolenia na osiedlenie si\u0119 Zezwolenie na osiedlenie si\u0119 stanowi najwy\u017cszy status, jaki cudzoziemiec mo\u017ce uzyska\u0107 w Niemczech i oferuje wiele korzy\u015bci. Jest\u2026&nbsp;<a href=\"http:\/\/auslaenderaemter.com\/pl\/zezwolenie-na-pobyt-staly\/\" rel=\"bookmark\">Czytaj wi\u0119cej \u00bb<span class=\"screen-reader-text\">zezwolenie na pobyt sta\u0142y<\/span><\/a><\/p>","protected":false},"author":1,"featured_media":9,"parent":0,"menu_order":0,"comment_status":"closed","ping_status":"closed","template":"","meta":{"neve_meta_sidebar":"","neve_meta_container":"","neve_meta_enable_content_width":"off","neve_meta_content_width":100,"neve_meta_title_alignment":"","neve_meta_author_avatar":"","neve_post_elements_order":"","neve_meta_disable_header":"","neve_meta_disable_footer":"","neve_meta_disable_title":"","neve_meta_reading_time":"","footnotes":""},"class_list":["post-4039","page","type-page","status-publish","has-post-thumbnail","hentry"],"yoast_head":"<!-- This site is optimized with the Yoast SEO plugin v27.4 - https:\/\/yoast.com\/product\/yoast-seo-wordpress\/ -->\n<title>Niederlassungserlaubnis - auslaenderaemter.com<\/title>\n<meta name=\"description\" content=\"Erfahren Sie mehr \u00fcber die Niederlassungserlaubnis in Deutschland: Bedeutung, Voraussetzungen und Beantragungsprozess.\" \/>\n<meta name=\"robots\" content=\"index, follow, max-snippet:-1, max-image-preview:large, max-video-preview:-1\" \/>\n<link rel=\"canonical\" href=\"http:\/\/auslaenderaemter.com\/pl\/zezwolenie-na-pobyt-staly\/\" \/>\n<meta property=\"og:locale\" content=\"pl_PL\" \/>\n<meta property=\"og:type\" content=\"article\" \/>\n<meta property=\"og:title\" content=\"Niederlassungserlaubnis - auslaenderaemter.com\" \/>\n<meta property=\"og:description\" content=\"Erfahren Sie mehr \u00fcber die Niederlassungserlaubnis in Deutschland: Bedeutung, Voraussetzungen und Beantragungsprozess.\" \/>\n<meta property=\"og:url\" content=\"http:\/\/auslaenderaemter.com\/pl\/zezwolenie-na-pobyt-staly\/\" \/>\n<meta property=\"og:site_name\" content=\"auslaenderaemter.com\" \/>\n<meta property=\"og:image\" content=\"https:\/\/auslaenderaemter.com\/wp-content\/uploads\/2021\/01\/Vollmond-info-13.png\" \/>\n\t<meta property=\"og:image:width\" content=\"500\" \/>\n\t<meta property=\"og:image:height\" content=\"500\" \/>\n\t<meta property=\"og:image:type\" content=\"image\/png\" \/>\n<meta name=\"twitter:card\" content=\"summary_large_image\" \/>\n<meta name=\"twitter:label1\" content=\"Szacowany czas czytania\" \/>\n\t<meta name=\"twitter:data1\" content=\"3 minuty\" \/>\n<script type=\"application\/ld+json\" class=\"yoast-schema-graph\">{\"@context\":\"https:\\\/\\\/schema.org\",\"@graph\":[{\"@type\":\"WebPage\",\"@id\":\"https:\\\/\\\/auslaenderaemter.com\\\/niederlassungserlaubnis\\\/\",\"url\":\"https:\\\/\\\/auslaenderaemter.com\\\/niederlassungserlaubnis\\\/\",\"name\":\"Niederlassungserlaubnis - auslaenderaemter.com\",\"isPartOf\":{\"@id\":\"https:\\\/\\\/auslaenderaemter.com\\\/#website\"},\"primaryImageOfPage\":{\"@id\":\"https:\\\/\\\/auslaenderaemter.com\\\/niederlassungserlaubnis\\\/#primaryimage\"},\"image\":{\"@id\":\"https:\\\/\\\/auslaenderaemter.com\\\/niederlassungserlaubnis\\\/#primaryimage\"},\"thumbnailUrl\":\"https:\\\/\\\/auslaenderaemter.com\\\/wp-content\\\/uploads\\\/2021\\\/01\\\/Vollmond-info-13.png\",\"datePublished\":\"2023-06-12T14:23:02+00:00\",\"description\":\"Erfahren Sie mehr \u00fcber die Niederlassungserlaubnis in Deutschland: Bedeutung, Voraussetzungen und Beantragungsprozess.\",\"breadcrumb\":{\"@id\":\"https:\\\/\\\/auslaenderaemter.com\\\/niederlassungserlaubnis\\\/#breadcrumb\"},\"inLanguage\":\"pl-PL\",\"potentialAction\":[{\"@type\":\"ReadAction\",\"target\":[\"https:\\\/\\\/auslaenderaemter.com\\\/niederlassungserlaubnis\\\/\"]}]},{\"@type\":\"ImageObject\",\"inLanguage\":\"pl-PL\",\"@id\":\"https:\\\/\\\/auslaenderaemter.com\\\/niederlassungserlaubnis\\\/#primaryimage\",\"url\":\"https:\\\/\\\/auslaenderaemter.com\\\/wp-content\\\/uploads\\\/2021\\\/01\\\/Vollmond-info-13.png\",\"contentUrl\":\"https:\\\/\\\/auslaenderaemter.com\\\/wp-content\\\/uploads\\\/2021\\\/01\\\/Vollmond-info-13.png\",\"width\":500,\"height\":500,\"caption\":\"Abschiebung\"},{\"@type\":\"BreadcrumbList\",\"@id\":\"https:\\\/\\\/auslaenderaemter.com\\\/niederlassungserlaubnis\\\/#breadcrumb\",\"itemListElement\":[{\"@type\":\"ListItem\",\"position\":1,\"name\":\"Startseite\",\"item\":\"https:\\\/\\\/auslaenderaemter.com\\\/\"},{\"@type\":\"ListItem\",\"position\":2,\"name\":\"Niederlassungserlaubnis\"}]},{\"@type\":\"WebSite\",\"@id\":\"https:\\\/\\\/auslaenderaemter.com\\\/#website\",\"url\":\"https:\\\/\\\/auslaenderaemter.com\\\/\",\"name\":\"auslaenderaemter.com\",\"description\":\"\",\"publisher\":{\"@id\":\"https:\\\/\\\/auslaenderaemter.com\\\/#organization\"},\"potentialAction\":[{\"@type\":\"SearchAction\",\"target\":{\"@type\":\"EntryPoint\",\"urlTemplate\":\"https:\\\/\\\/auslaenderaemter.com\\\/?s={search_term_string}\"},\"query-input\":{\"@type\":\"PropertyValueSpecification\",\"valueRequired\":true,\"valueName\":\"search_term_string\"}}],\"inLanguage\":\"pl-PL\"},{\"@type\":\"Organization\",\"@id\":\"https:\\\/\\\/auslaenderaemter.com\\\/#organization\",\"name\":\"auslaenderaemter.com\",\"url\":\"https:\\\/\\\/auslaenderaemter.com\\\/\",\"logo\":{\"@type\":\"ImageObject\",\"inLanguage\":\"pl-PL\",\"@id\":\"https:\\\/\\\/auslaenderaemter.com\\\/#\\\/schema\\\/logo\\\/image\\\/\",\"url\":\"https:\\\/\\\/auslaenderaemter.com\\\/wp-content\\\/uploads\\\/2021\\\/01\\\/cropped-Vollmond-info-13.png\",\"contentUrl\":\"https:\\\/\\\/auslaenderaemter.com\\\/wp-content\\\/uploads\\\/2021\\\/01\\\/cropped-Vollmond-info-13.png\",\"width\":500,\"height\":117,\"caption\":\"auslaenderaemter.com\"},\"image\":{\"@id\":\"https:\\\/\\\/auslaenderaemter.com\\\/#\\\/schema\\\/logo\\\/image\\\/\"}}]}<\/script>\n<!-- \/ Yoast SEO plugin. -->","yoast_head_json":{"title":"Zezwolenie na osiedlenie si\u0119 - auslaenderaemter.com","description":"Dowiedz si\u0119 wi\u0119cej o zezwoleniu na osiedlenie si\u0119 w Niemczech: znaczenie, wymagania i proces sk\u0142adania wniosku.","robots":{"index":"index","follow":"follow","max-snippet":"max-snippet:-1","max-image-preview":"max-image-preview:large","max-video-preview":"max-video-preview:-1"},"canonical":"http:\/\/auslaenderaemter.com\/pl\/zezwolenie-na-pobyt-staly\/","og_locale":"pl_PL","og_type":"article","og_title":"Niederlassungserlaubnis - auslaenderaemter.com","og_description":"Erfahren Sie mehr \u00fcber die Niederlassungserlaubnis in Deutschland: Bedeutung, Voraussetzungen und Beantragungsprozess.","og_url":"http:\/\/auslaenderaemter.com\/pl\/zezwolenie-na-pobyt-staly\/","og_site_name":"auslaenderaemter.com","og_image":[{"width":500,"height":500,"url":"https:\/\/auslaenderaemter.com\/wp-content\/uploads\/2021\/01\/Vollmond-info-13.png","type":"image\/png"}],"twitter_card":"summary_large_image","twitter_misc":{"Szacowany czas czytania":"3 minuty"},"schema":{"@context":"https:\/\/schema.org","@graph":[{"@type":"WebPage","@id":"https:\/\/auslaenderaemter.com\/niederlassungserlaubnis\/","url":"https:\/\/auslaenderaemter.com\/niederlassungserlaubnis\/","name":"Zezwolenie na osiedlenie si\u0119 - auslaenderaemter.com","isPartOf":{"@id":"https:\/\/auslaenderaemter.com\/#website"},"primaryImageOfPage":{"@id":"https:\/\/auslaenderaemter.com\/niederlassungserlaubnis\/#primaryimage"},"image":{"@id":"https:\/\/auslaenderaemter.com\/niederlassungserlaubnis\/#primaryimage"},"thumbnailUrl":"https:\/\/auslaenderaemter.com\/wp-content\/uploads\/2021\/01\/Vollmond-info-13.png","datePublished":"2023-06-12T14:23:02+00:00","description":"Dowiedz si\u0119 wi\u0119cej o zezwoleniu na osiedlenie si\u0119 w Niemczech: znaczenie, wymagania i proces sk\u0142adania wniosku.","breadcrumb":{"@id":"https:\/\/auslaenderaemter.com\/niederlassungserlaubnis\/#breadcrumb"},"inLanguage":"pl-PL","potentialAction":[{"@type":"ReadAction","target":["https:\/\/auslaenderaemter.com\/niederlassungserlaubnis\/"]}]},{"@type":"ImageObject","inLanguage":"pl-PL","@id":"https:\/\/auslaenderaemter.com\/niederlassungserlaubnis\/#primaryimage","url":"https:\/\/auslaenderaemter.com\/wp-content\/uploads\/2021\/01\/Vollmond-info-13.png","contentUrl":"https:\/\/auslaenderaemter.com\/wp-content\/uploads\/2021\/01\/Vollmond-info-13.png","width":500,"height":500,"caption":"Abschiebung"},{"@type":"BreadcrumbList","@id":"https:\/\/auslaenderaemter.com\/niederlassungserlaubnis\/#breadcrumb","itemListElement":[{"@type":"ListItem","position":1,"name":"Startseite","item":"https:\/\/auslaenderaemter.com\/"},{"@type":"ListItem","position":2,"name":"Niederlassungserlaubnis"}]},{"@type":"WebSite","@id":"https:\/\/auslaenderaemter.com\/#website","url":"https:\/\/auslaenderaemter.com\/","name":"auslaenderaemter.com","description":"","publisher":{"@id":"https:\/\/auslaenderaemter.com\/#organization"},"potentialAction":[{"@type":"SearchAction","target":{"@type":"EntryPoint","urlTemplate":"https:\/\/auslaenderaemter.com\/?s={search_term_string}"},"query-input":{"@type":"PropertyValueSpecification","valueRequired":true,"valueName":"search_term_string"}}],"inLanguage":"pl-PL"},{"@type":"Organization","@id":"https:\/\/auslaenderaemter.com\/#organization","name":"auslaenderaemter.com","url":"https:\/\/auslaenderaemter.com\/","logo":{"@type":"ImageObject","inLanguage":"pl-PL","@id":"https:\/\/auslaenderaemter.com\/#\/schema\/logo\/image\/","url":"https:\/\/auslaenderaemter.com\/wp-content\/uploads\/2021\/01\/cropped-Vollmond-info-13.png","contentUrl":"https:\/\/auslaenderaemter.com\/wp-content\/uploads\/2021\/01\/cropped-Vollmond-info-13.png","width":500,"height":117,"caption":"auslaenderaemter.com"},"image":{"@id":"https:\/\/auslaenderaemter.com\/#\/schema\/logo\/image\/"}}]}},"_links":{"self":[{"href":"http:\/\/auslaenderaemter.com\/pl\/wp-json\/wp\/v2\/pages\/4039","targetHints":{"allow":["GET"]}}],"collection":[{"href":"http:\/\/auslaenderaemter.com\/pl\/wp-json\/wp\/v2\/pages"}],"about":[{"href":"http:\/\/auslaenderaemter.com\/pl\/wp-json\/wp\/v2\/types\/page"}],"author":[{"embeddable":true,"href":"http:\/\/auslaenderaemter.com\/pl\/wp-json\/wp\/v2\/users\/1"}],"replies":[{"embeddable":true,"href":"http:\/\/auslaenderaemter.com\/pl\/wp-json\/wp\/v2\/comments?post=4039"}],"version-history":[{"count":0,"href":"http:\/\/auslaenderaemter.com\/pl\/wp-json\/wp\/v2\/pages\/4039\/revisions"}],"wp:featuredmedia":[{"embeddable":true,"href":"http:\/\/auslaenderaemter.com\/pl\/wp-json\/wp\/v2\/media\/9"}],"wp:attachment":[{"href":"http:\/\/auslaenderaemter.com\/pl\/wp-json\/wp\/v2\/media?parent=4039"}],"curies":[{"name":"wp","href":"https:\/\/api.w.org\/{rel}","templated":true}]}}