{"id":46,"date":"2021-01-26T14:27:58","date_gmt":"2021-01-26T13:27:58","guid":{"rendered":"https:\/\/auslaenderaemter.com\/?page_id=46"},"modified":"2022-07-06T15:41:09","modified_gmt":"2022-07-06T13:41:09","slug":"auslaenderaemter-in-bayern","status":"publish","type":"page","link":"http:\/\/auslaenderaemter.com\/pl\/urzedy-imigracyjne-w-bawarii\/","title":{"rendered":"Urz\u0119dy imigracyjne w Bawarii"},"content":{"rendered":"<p><strong>Tutaj znajdziesz dane kontaktowe, adresy i godziny otwarcia urz\u0119d\u00f3w imigracyjnych \/ w\u0142adz imigracyjnych - w Bawarii.<\/strong><\/p>\n<h2><span id=\"Uebersicht_aller_Jobcenter_in_Baden-Wuerttemberg\" class=\"ez-toc-section\">Przegl\u0105d wszystkich urz\u0119d\u00f3w \/ urz\u0119d\u00f3w imigracyjnych w Bawarii<\/span><\/h2>\n<ul>\n<li><a href=\"http:\/\/auslaenderaemter.com\/pl\/biuro-imigracyjne-aichach\/\">Aichach<\/a><\/li>\n<li><a href=\"http:\/\/auslaenderaemter.com\/pl\/biuro-imigracyjne-altoetting\/\">Altoetting<\/a><\/li>\n<li><a href=\"http:\/\/auslaenderaemter.com\/pl\/biuro-imigracyjne-amber\/\">Na g\u00f3rze<\/a><\/li>\n<li><a href=\"http:\/\/auslaenderaemter.com\/pl\/urzad-imigracyjny-ansbach\/\">Ansbach<\/a><\/li>\n<li><a href=\"http:\/\/auslaenderaemter.com\/pl\/urzad-imigracyjny-w-augsburgu\/\">Augsburg<\/a><\/li>\n<li><a href=\"http:\/\/auslaenderaemter.com\/pl\/urzad-imigracyjny-bad-brueckenau\/\">Bad Brueckenau<\/a><\/li>\n<li><a href=\"http:\/\/auslaenderaemter.com\/pl\/urzad-imigracyjny-bad-kissingen\/\">Z\u0142e Kissingen<\/a><\/li>\n<li><a href=\"http:\/\/auslaenderaemter.com\/pl\/urzad-imigracyjny-bad-neustadt-an-der-saale\/\">Bad Neustadt an der Saale<\/a><\/li>\n<li><a href=\"http:\/\/auslaenderaemter.com\/pl\/urzad-imigracyjny-bad-reichenhall\/\">Bad Reichenhall<\/a><\/li>\n<li><a href=\"http:\/\/auslaenderaemter.com\/pl\/biuro-imigracyjne-bad-toelz\/\">Bad T\u00f6lz<\/a><\/li>\n<li><a href=\"http:\/\/auslaenderaemter.com\/pl\/urzad-imigracyjny-bamberg\/\">Bambergu<\/a><\/li>\n<li><a href=\"http:\/\/auslaenderaemter.com\/pl\/urzad-imigracyjny-bayreuth\/\">Bayreuth<\/a><\/li>\n<li><a href=\"http:\/\/auslaenderaemter.com\/pl\/biuro-imigracyjne-bischofsheim-in-der-rhoen\/\">Dom biskupa w Rh\u00f6n<\/a><\/li>\n<li><a href=\"http:\/\/auslaenderaemter.com\/pl\/biuro-imigracyjne-cham\/\">Czam<\/a><\/li>\n<li><a href=\"http:\/\/auslaenderaemter.com\/pl\/urzad-imigracyjny-coburg\/\">Coburg<\/a><\/li>\n<li><a href=\"http:\/\/auslaenderaemter.com\/pl\/urzad-imigracyjny-dachau\/\">Dachau<\/a><\/li>\n<li><a href=\"http:\/\/auslaenderaemter.com\/pl\/urzad-imigracyjny-deggendorf\/\">Deggendorf<\/a><\/li>\n<li><a href=\"http:\/\/auslaenderaemter.com\/pl\/biuro-imigracyjne-dillingen-on-the-donau\/\">Dillingen nad Dunajem<\/a><\/li>\n<li><a href=\"http:\/\/auslaenderaemter.com\/pl\/biuro-imigracyjne-dingolfing\/\">Dingolfing<\/a><\/li>\n<li><a href=\"http:\/\/auslaenderaemter.com\/pl\/urzad-imigracyjny-donauwoerth\/\">Donauworth<\/a><\/li>\n<li><a href=\"http:\/\/auslaenderaemter.com\/pl\/urzad-imigracyjny-ebersberg\/\">Ebersberg<\/a><\/li>\n<li><a href=\"http:\/\/auslaenderaemter.com\/pl\/urzad-imigracyjny-eichstaett\/\">kalibrowanie<\/a><\/li>\n<li><a href=\"http:\/\/auslaenderaemter.com\/pl\/urzad-imigracyjny-erding\/\">uziemienie<\/a><\/li>\n<li><a href=\"http:\/\/auslaenderaemter.com\/pl\/biuro-imigracyjne-erlangen\/\">osi\u0105ga\u0107<\/a><\/li>\n<li><a href=\"http:\/\/auslaenderaemter.com\/pl\/urzad-imigracyjny-forchheim\/\">forchheim<\/a><\/li>\n<li><a href=\"http:\/\/auslaenderaemter.com\/pl\/biuro-imigracyjne-freising\/\">Freising<\/a><\/li>\n<li><a href=\"http:\/\/auslaenderaemter.com\/pl\/biuro-imigracyjne-freyung\/\">Freyung<\/a><\/li>\n<li><a href=\"http:\/\/auslaenderaemter.com\/pl\/urzad-imigracyjny-friedrichshafen\/\">Friedrichshafen<\/a><\/li>\n<li><a href=\"http:\/\/auslaenderaemter.com\/pl\/ministerstwo-spraw-zagranicznych-fuerstenfeldbruck\/\">Furstenfeldbruck<\/a><\/li>\n<li><a href=\"http:\/\/auslaenderaemter.com\/pl\/biuro-imigracyjne-fuerth\/\">Fuerth<\/a><\/li>\n<li><a href=\"http:\/\/auslaenderaemter.com\/pl\/urzad-imigracyjny-garmisch-partenkirchen\/\">Garmisch-Partenkirchen<\/a><\/li>\n<li><a href=\"http:\/\/auslaenderaemter.com\/pl\/biuro-imigracyjne-germering\/\">Germering<\/a><\/li>\n<li><a href=\"http:\/\/auslaenderaemter.com\/pl\/urzad-imigracyjny-guenzburg\/\">Guenzburg<\/a><\/li>\n<li><a href=\"http:\/\/auslaenderaemter.com\/pl\/urzad-imigracyjny-hassfurt\/\">Hassfurt<\/a><\/li>\n<li><a href=\"http:\/\/auslaenderaemter.com\/pl\/biuro-imigracyjne-hof\/\">S\u0105d<\/a><\/li>\n<li><a href=\"http:\/\/auslaenderaemter.com\/pl\/urzad-imigracyjny-illertissen\/\">Choroby<\/a><\/li>\n<li><a href=\"http:\/\/auslaenderaemter.com\/pl\/urzad-imigracyjny-w-ingolstadt\/\">Ingolstadt<\/a><\/li>\n<li><a href=\"http:\/\/auslaenderaemter.com\/pl\/urzad-imigracyjny-karlstadt\/\">Karlstadt<\/a><\/li>\n<li><a href=\"http:\/\/auslaenderaemter.com\/pl\/biuro-imigracyjne-kaufbeuren\/\">Kaufbeuren<\/a><\/li>\n<li><a href=\"http:\/\/auslaenderaemter.com\/pl\/urzad-imigracyjny-kelheim\/\">Kelheim<\/a><\/li>\n<li><a href=\"http:\/\/auslaenderaemter.com\/pl\/biuro-imigracyjne-zadbane\/\">Kempten<\/a><\/li>\n<li><a href=\"http:\/\/auslaenderaemter.com\/pl\/biuro-imigracyjne-kitzingen\/\">Kitzingen<\/a><\/li>\n<li><a href=\"http:\/\/auslaenderaemter.com\/pl\/biuro-imigracyjne-kronach\/\">Kronach<\/a><\/li>\n<li><a href=\"http:\/\/auslaenderaemter.com\/pl\/urzad-imigracyjny-kulmbach\/\">Kulmbach<\/a><\/li>\n<li><a href=\"http:\/\/auslaenderaemter.com\/pl\/biuro-imigracyjne-landsberg-am-lech\/\">Landsberg am Lech<\/a><\/li>\n<li><a href=\"http:\/\/auslaenderaemter.com\/pl\/biuro-imigracyjne-landshut\/\">Landshut<\/a><\/li>\n<li><a href=\"http:\/\/auslaenderaemter.com\/pl\/biuro-imigracyjne-lauf-an-der-pegnitz\/\">Biegnij na Pegnitz<\/a><\/li>\n<li><a href=\"http:\/\/auslaenderaemter.com\/pl\/prowadzony-przez-biuro-imigracyjne\/\">Biega\u0107<\/a><\/li>\n<li><a href=\"http:\/\/auslaenderaemter.com\/pl\/urzad-imigracyjny-lichtenfels\/\">Lichtenfels<\/a><\/li>\n<li><a href=\"http:\/\/auslaenderaemter.com\/pl\/biuro-imigracyjne-lindau\/\">Lindau<\/a><\/li>\n<li><a href=\"http:\/\/auslaenderaemter.com\/pl\/urzad-imigracyjny-marktoberdorf\/\">Marktoberdorf<\/a><\/li>\n<li><a href=\"http:\/\/auslaenderaemter.com\/pl\/urzad-imigracyjny-memmingen\/\">memmingen<\/a><\/li>\n<li><a href=\"http:\/\/auslaenderaemter.com\/pl\/urzad-imigracyjny-miesbach\/\">Miesbach<\/a><\/li>\n<li><a href=\"http:\/\/auslaenderaemter.com\/pl\/biuro-imigracyjne-mindelheim\/\">Mindelheim<\/a><\/li>\n<li><a href=\"http:\/\/auslaenderaemter.com\/pl\/urzad-imigracyjny-muehldorf-am-inn\/\">M\u00fchldorf am Inn<\/a><\/li>\n<li><a href=\"http:\/\/auslaenderaemter.com\/pl\/urzad-imigracyjny-monachium\/\">Monachium<\/a><\/li>\n<li><a href=\"http:\/\/auslaenderaemter.com\/pl\/biuro-imigracyjne-neu-ulm\/\">Neu-Ulm<\/a><\/li>\n<li><a href=\"http:\/\/auslaenderaemter.com\/pl\/urzad-imigracyjny-neuburg-an-der-donau\/\">Neuburg nad Dunajem<\/a><\/li>\n<li><a href=\"http:\/\/auslaenderaemter.com\/pl\/biuro-imigracyjne-neumarkt-id-opf\/\">Neumarkt idOPf.<\/a><\/li>\n<li><a href=\"http:\/\/auslaenderaemter.com\/pl\/urzad-imigracyjny-neustadt-an-der-aisch\/\">Neustadt an der Aisch<\/a><\/li>\n<li><a href=\"http:\/\/auslaenderaemter.com\/pl\/urzad-imigracyjny-neustadt-an-der-waldnaab\/\">Neustadt an der Waldnaab<\/a><\/li>\n<li><a href=\"http:\/\/auslaenderaemter.com\/pl\/urzad-imigracyjny-neustadt-bei-coburg\/\">Neustadt w pobli\u017cu Coburg<\/a><\/li>\n<li><a href=\"http:\/\/auslaenderaemter.com\/pl\/urzad-imigracyjny-nuernberg\/\">Norymberga<\/a><\/li>\n<li><a href=\"http:\/\/auslaenderaemter.com\/pl\/ministerstwo-spraw-zagranicznych-obermaiselstein\/\">Obermaiselstein<\/a><\/li>\n<li><a href=\"http:\/\/auslaenderaemter.com\/pl\/urzad-imigracyjny-ochsenfurt\/\">Ochsenfurt<\/a><\/li>\n<li><a href=\"http:\/\/auslaenderaemter.com\/pl\/biuro-imigracyjne-passau\/\">Pasawa<\/a><\/li>\n<li><a href=\"http:\/\/auslaenderaemter.com\/pl\/biuro-imigracyjne-pfaffenhofen-an-der-ilm\/\">Pfaffenhofen na Ilm<\/a><\/li>\n<li><a href=\"http:\/\/auslaenderaemter.com\/pl\/biuro-imigracyjne-pfarrkirchen\/\">ko\u015bcio\u0142y parafialne<\/a><\/li>\n<li><a href=\"http:\/\/auslaenderaemter.com\/pl\/urzad-imigracyjny-ratyzbona\/\">Ratyzbona<\/a><\/li>\n<li><a href=\"http:\/\/auslaenderaemter.com\/pl\/biuro-imigracyjne-rosenheim\/\">Rosenheim<\/a><\/li>\n<li><a href=\"http:\/\/auslaenderaemter.com\/pl\/urzad-imigracyjny-roth\/\">Roth<\/a><\/li>\n<li><a href=\"http:\/\/auslaenderaemter.com\/pl\/biuro-imigracyjne-rothenburg-ob-der-tauber\/\">Rothenburg ob der Tauber<\/a><\/li>\n<li><a href=\"http:\/\/auslaenderaemter.com\/pl\/biuro-imigracyjne-schongau\/\">Schongau<\/a><\/li>\n<li><a href=\"http:\/\/auslaenderaemter.com\/pl\/biuro-imigracyjne-schwabach\/\">Schwabach<\/a><\/li>\n<li><a href=\"http:\/\/auslaenderaemter.com\/pl\/biuro-imigracyjne-schwandorf\/\">Schwandorf<\/a><\/li>\n<li><a href=\"http:\/\/auslaenderaemter.com\/pl\/urzad-imigracyjny-schweinfurt\/\">Schweinfurt<\/a><\/li>\n<li><a href=\"http:\/\/auslaenderaemter.com\/pl\/urzad-imigracyjny-sonthofen\/\">Sonthofen<\/a><\/li>\n<li><a href=\"http:\/\/auslaenderaemter.com\/pl\/kamien-przekaznikowy-urzedu-imigracyjnego\/\">Staffelstein<\/a><\/li>\n<li><a href=\"http:\/\/auslaenderaemter.com\/pl\/urzad-imigracyjny-starnberg\/\">Starnberg<\/a><\/li>\n<li><a href=\"http:\/\/auslaenderaemter.com\/pl\/biuro-imigracyjne-straubing\/\">Straubing<\/a><\/li>\n<li><a href=\"http:\/\/auslaenderaemter.com\/pl\/urzad-imigracyjny-tirschenreuth\/\">Tirschenreuth<\/a><\/li>\n<li><a href=\"http:\/\/auslaenderaemter.com\/pl\/biuro-imigracyjne-traunstein\/\">Traunstein<\/a><\/li>\n<li><a href=\"http:\/\/auslaenderaemter.com\/pl\/urzad-imigracyjny-unterschleissheim\/\">Unterschleissheim<\/a><\/li>\n<li><a href=\"http:\/\/auslaenderaemter.com\/pl\/biuro-imigracyjne-waal\/\">wieloryb<\/a><\/li>\n<li><a href=\"http:\/\/auslaenderaemter.com\/pl\/biuro-imigracyjne-weiden-w-gornym-palatynacie\/\">Weiden w G\u00f3rnym Palatynacie<\/a><\/li>\n<li><a href=\"http:\/\/auslaenderaemter.com\/pl\/urzad-imigracyjny-weidenberg\/\">Weidenberg<\/a><\/li>\n<li><a href=\"http:\/\/auslaenderaemter.com\/pl\/biuro-imigracyjne-weilheim-w-gornej-bawarii\/\">Weilheim w G\u00f3rnej Bawarii<\/a><\/li>\n<li><a href=\"http:\/\/auslaenderaemter.com\/pl\/ministerstwo-spraw-zagranicznych-weissenburg\/\">Wei\u00dfenburg<\/a><\/li>\n<li><a href=\"http:\/\/auslaenderaemter.com\/pl\/urzad-imigracyjny-wunsiedel\/\">Wunsiedel<\/a><\/li>\n<li><a href=\"http:\/\/auslaenderaemter.com\/pl\/urzad-imigracyjny-wuerzburg\/\">W\u00fcrzburg<\/a><\/li>\n<li><a href=\"http:\/\/auslaenderaemter.com\/pl\/biuro-imigracyjne-zirndorf\/\">Zirndorf<\/a><\/li>\n<\/ul>\n<h3>Zadania w\u0142adz imigracyjnych<\/h3>\n<p>Organy imigracyjne s\u0105 odpowiedzialne za \u015brodki zwi\u0105zane z prawem pobytowym i paszportowym. Decyduj\u0105 zgodnie z ustaw\u0105 o pobytach i przepisami innych praw imigracyjnych.<\/p>\n<p><strong>Inne zadania i us\u0142ugi to:<\/strong><\/p>\n<ul>\n<li>Elektroniczne zezwolenie na pobyt (eAT)<\/li>\n<li>Osoba kontaktowa w sprawie pomocy uchod\u017acom<\/li>\n<li>zezwolenie na prac\u0119<\/li>\n<li>wej\u015bcie\u00a0<span class=\"highlight\">oraz<\/span>\u00a0Noclegi w Niemczech<\/li>\n<li>przytu\u0142ek<\/li>\n<li>integracja<\/li>\n<li>deklaracja zobowi\u0105zania<\/li>\n<\/ul>\n<h3>Powo\u0142anie w Urz\u0119dzie Imigracyjnym<\/h3>\n<p>W wi\u0119kszo\u015bci przypadk\u00f3w na spotkanie mo\u017cna um\u00f3wi\u0107 si\u0119 telefonicznie, korzystaj\u0105c z formularza kontaktowego lub za po\u015brednictwem portalu serwisowego danego miasta. Upewnij si\u0119, \u017ce masz wszystkie niezb\u0119dne dokumenty przed wizyt\u0105 w urz\u0119dzie imigracyjnym.<\/p>\n<div class=\"su-note\"  style=\"border-color:#dadbdd;border-radius:2px;-moz-border-radius:2px;-webkit-border-radius:2px;\"><div class=\"su-note-inner su-u-clearfix su-u-trim\" style=\"background-color:#f4f5f7;border-color:#ffffff;color:#333333;border-radius:2px;-moz-border-radius:2px;-webkit-border-radius:2px;\"><strong>Uwaga:<\/strong> W przypadku urz\u0119d\u00f3w, urz\u0119d\u00f3w lub s\u0105d\u00f3w zwykle potrzebujesz dokument\u00f3w, za\u015bwiadcze\u0144 lub za\u015bwiadcze\u0144 jako: <a href=\"http:\/\/auslaenderaemter.com\/pl\/tlumaczenia-przysiegle-do-dokumentow-urzedowych\/\">t\u0142umaczenie przysi\u0119g\u0142e<\/a>.<\/div><\/div>\n<ul>\n<li>Z\u00a0<a href=\"http:\/\/auslaenderaemter.com\/pl\/deklaracja-zobowiazania\/\" data-wpel-link=\"internal\">deklaracja zobowi\u0105zania<\/a>\u00a0mo\u017cesz zezwoli\u0107 go\u015bciom z zagranicy na wjazd do Niemiec.<\/li>\n<li><strong>Spodziewasz si\u0119 go\u015bci z zagranicy?<\/strong>\u00a0Z\u00a0<a href=\"https:\/\/tidd.ly\/3u98xUL\" target=\"_blank\" rel=\"nofollow noopener external noreferrer\" data-wpel-link=\"external\">Ubezpieczenie zdrowotne w podr\u00f3\u017cy dla go\u015bci zagranicznych<\/a>* jeste\u015b w pe\u0142ni chroniony w Niemczech i Europie.<\/li>\n<\/ul>\n<h3>Dalej <span class=\"ez-toc-section\">w\u0142adze imigracyjne <\/span>linki i \u017ar\u00f3d\u0142a<\/h3>\n<ul>\n<li><a href=\"http:\/\/auslaenderaemter.com\/pl\/\">Urz\u0119dy Imigracyjne w Niemczech<\/a><\/li>\n<li><a href=\"https:\/\/www.bamf.de\/DE\/Startseite\/startseite_node.html\" target=\"_blank\" rel=\"noopener nofollow external noreferrer\" data-wpel-link=\"external\">Federalny Urz\u0105d ds. Migracji i Uchod\u017ac\u00f3w<\/a>\u00a0(BAMF)<\/li>\n<\/ul>","protected":false},"excerpt":{"rendered":"<p>Tutaj znajdziesz dane kontaktowe, adresy i godziny otwarcia urz\u0119d\u00f3w imigracyjnych \/ w\u0142adz imigracyjnych - w Bawarii. Przegl\u0105d wszystkich urz\u0119d\u00f3w imigracyjnych \/ w\u0142adz imigracyjnych w Bawarii Aichach Alt\u00f6tting Amberg Ansbach Augsburg Bad Br\u00fcckenau Bad Kissingen Bad Neustadt an der Saale Bad Reichenhall Bad T\u00f6lz Bamberg Bayreuth Bischofsheim w Rh\u00f6n Cham Coburg Dachau Deggendorf Dillingen an der Donau Dingolfing Donauw\u00f6rth\u2026&nbsp;<a href=\"http:\/\/auslaenderaemter.com\/pl\/urzedy-imigracyjne-w-bawarii\/\" rel=\"bookmark\">Czytaj wi\u0119cej \u00bb<span class=\"screen-reader-text\">Urz\u0119dy imigracyjne w Bawarii<\/span><\/a><\/p>","protected":false},"author":1,"featured_media":37,"parent":0,"menu_order":0,"comment_status":"closed","ping_status":"closed","template":"","meta":{"neve_meta_sidebar":"full-width","neve_meta_container":"","neve_meta_enable_content_width":"on","neve_meta_content_width":100,"neve_meta_title_alignment":"","neve_meta_author_avatar":"","neve_post_elements_order":"","neve_meta_disable_header":"","neve_meta_disable_footer":"","neve_meta_disable_title":"","neve_meta_reading_time":"","footnotes":""},"class_list":["post-46","page","type-page","status-publish","has-post-thumbnail","hentry"],"yoast_head":"<!-- This site is optimized with the Yoast SEO plugin v27.4 - https:\/\/yoast.com\/product\/yoast-seo-wordpress\/ -->\n<title>Ausl\u00e4nder\u00e4mter in Bayern | Adresse, Anschrift und Kontakt<\/title>\n<meta name=\"description\" content=\"Ausl\u00e4nder\u00e4mter in Bayern | Adresse und Anschrift \u2713 Telefonnummer, Kontakt und \u00d6ffnungszeiten \u2713 Ausl\u00e4nderbeh\u00f6rden in Deutschland\" \/>\n<meta name=\"robots\" content=\"index, follow, max-snippet:-1, max-image-preview:large, max-video-preview:-1\" \/>\n<link rel=\"canonical\" href=\"http:\/\/auslaenderaemter.com\/pl\/urzedy-imigracyjne-w-bawarii\/\" \/>\n<meta property=\"og:locale\" content=\"pl_PL\" \/>\n<meta property=\"og:type\" content=\"article\" \/>\n<meta property=\"og:title\" content=\"Ausl\u00e4nder\u00e4mter in Bayern | Adresse, Anschrift und Kontakt\" \/>\n<meta property=\"og:description\" content=\"Ausl\u00e4nder\u00e4mter in Bayern | Adresse und Anschrift \u2713 Telefonnummer, Kontakt und \u00d6ffnungszeiten \u2713 Ausl\u00e4nderbeh\u00f6rden in Deutschland\" \/>\n<meta property=\"og:url\" content=\"http:\/\/auslaenderaemter.com\/pl\/urzedy-imigracyjne-w-bawarii\/\" \/>\n<meta property=\"og:site_name\" content=\"auslaenderaemter.com\" \/>\n<meta property=\"article:modified_time\" content=\"2022-07-06T13:41:09+00:00\" \/>\n<meta property=\"og:image\" content=\"https:\/\/auslaenderaemter.com\/wp-content\/uploads\/2021\/01\/city-263069_640.jpg\" \/>\n\t<meta property=\"og:image:width\" content=\"640\" \/>\n\t<meta property=\"og:image:height\" content=\"480\" \/>\n\t<meta property=\"og:image:type\" content=\"image\/jpeg\" \/>\n<meta name=\"twitter:card\" content=\"summary_large_image\" \/>\n<meta name=\"twitter:label1\" content=\"Szacowany czas czytania\" \/>\n\t<meta name=\"twitter:data1\" content=\"2 minuty\" \/>\n<script type=\"application\/ld+json\" class=\"yoast-schema-graph\">{\"@context\":\"https:\\\/\\\/schema.org\",\"@graph\":[{\"@type\":\"WebPage\",\"@id\":\"https:\\\/\\\/auslaenderaemter.com\\\/auslaenderaemter-in-bayern\\\/\",\"url\":\"https:\\\/\\\/auslaenderaemter.com\\\/auslaenderaemter-in-bayern\\\/\",\"name\":\"Ausl\u00e4nder\u00e4mter in Bayern | Adresse, Anschrift und Kontakt\",\"isPartOf\":{\"@id\":\"https:\\\/\\\/auslaenderaemter.com\\\/#website\"},\"primaryImageOfPage\":{\"@id\":\"https:\\\/\\\/auslaenderaemter.com\\\/auslaenderaemter-in-bayern\\\/#primaryimage\"},\"image\":{\"@id\":\"https:\\\/\\\/auslaenderaemter.com\\\/auslaenderaemter-in-bayern\\\/#primaryimage\"},\"thumbnailUrl\":\"https:\\\/\\\/auslaenderaemter.com\\\/wp-content\\\/uploads\\\/2021\\\/01\\\/city-263069_640.jpg\",\"datePublished\":\"2021-01-26T13:27:58+00:00\",\"dateModified\":\"2022-07-06T13:41:09+00:00\",\"description\":\"Ausl\u00e4nder\u00e4mter in Bayern | Adresse und Anschrift \u2713 Telefonnummer, Kontakt und \u00d6ffnungszeiten \u2713 Ausl\u00e4nderbeh\u00f6rden in Deutschland\",\"breadcrumb\":{\"@id\":\"https:\\\/\\\/auslaenderaemter.com\\\/auslaenderaemter-in-bayern\\\/#breadcrumb\"},\"inLanguage\":\"pl-PL\",\"potentialAction\":[{\"@type\":\"ReadAction\",\"target\":[\"https:\\\/\\\/auslaenderaemter.com\\\/auslaenderaemter-in-bayern\\\/\"]}]},{\"@type\":\"ImageObject\",\"inLanguage\":\"pl-PL\",\"@id\":\"https:\\\/\\\/auslaenderaemter.com\\\/auslaenderaemter-in-bayern\\\/#primaryimage\",\"url\":\"https:\\\/\\\/auslaenderaemter.com\\\/wp-content\\\/uploads\\\/2021\\\/01\\\/city-263069_640.jpg\",\"contentUrl\":\"https:\\\/\\\/auslaenderaemter.com\\\/wp-content\\\/uploads\\\/2021\\\/01\\\/city-263069_640.jpg\",\"width\":640,\"height\":480,\"caption\":\"Ausl\u00e4nder\u00e4mter in Deutschland\"},{\"@type\":\"BreadcrumbList\",\"@id\":\"https:\\\/\\\/auslaenderaemter.com\\\/auslaenderaemter-in-bayern\\\/#breadcrumb\",\"itemListElement\":[{\"@type\":\"ListItem\",\"position\":1,\"name\":\"Startseite\",\"item\":\"https:\\\/\\\/auslaenderaemter.com\\\/\"},{\"@type\":\"ListItem\",\"position\":2,\"name\":\"Ausl\u00e4nder\u00e4mter in Bayern\"}]},{\"@type\":\"WebSite\",\"@id\":\"https:\\\/\\\/auslaenderaemter.com\\\/#website\",\"url\":\"https:\\\/\\\/auslaenderaemter.com\\\/\",\"name\":\"auslaenderaemter.com\",\"description\":\"\",\"publisher\":{\"@id\":\"https:\\\/\\\/auslaenderaemter.com\\\/#organization\"},\"potentialAction\":[{\"@type\":\"SearchAction\",\"target\":{\"@type\":\"EntryPoint\",\"urlTemplate\":\"https:\\\/\\\/auslaenderaemter.com\\\/?s={search_term_string}\"},\"query-input\":{\"@type\":\"PropertyValueSpecification\",\"valueRequired\":true,\"valueName\":\"search_term_string\"}}],\"inLanguage\":\"pl-PL\"},{\"@type\":\"Organization\",\"@id\":\"https:\\\/\\\/auslaenderaemter.com\\\/#organization\",\"name\":\"auslaenderaemter.com\",\"url\":\"https:\\\/\\\/auslaenderaemter.com\\\/\",\"logo\":{\"@type\":\"ImageObject\",\"inLanguage\":\"pl-PL\",\"@id\":\"https:\\\/\\\/auslaenderaemter.com\\\/#\\\/schema\\\/logo\\\/image\\\/\",\"url\":\"https:\\\/\\\/auslaenderaemter.com\\\/wp-content\\\/uploads\\\/2021\\\/01\\\/cropped-Vollmond-info-13.png\",\"contentUrl\":\"https:\\\/\\\/auslaenderaemter.com\\\/wp-content\\\/uploads\\\/2021\\\/01\\\/cropped-Vollmond-info-13.png\",\"width\":500,\"height\":117,\"caption\":\"auslaenderaemter.com\"},\"image\":{\"@id\":\"https:\\\/\\\/auslaenderaemter.com\\\/#\\\/schema\\\/logo\\\/image\\\/\"}}]}<\/script>\n<!-- \/ Yoast SEO plugin. -->","yoast_head_json":{"title":"Urz\u0119dy Imigracyjne w Bawarii | Adres, adres i kontakt","description":"Urz\u0119dy Imigracyjne w Bawarii | Adres i adres \u2713 Numer telefonu, kontakt i godziny otwarcia \u2713 Organy imigracyjne w Niemczech","robots":{"index":"index","follow":"follow","max-snippet":"max-snippet:-1","max-image-preview":"max-image-preview:large","max-video-preview":"max-video-preview:-1"},"canonical":"http:\/\/auslaenderaemter.com\/pl\/urzedy-imigracyjne-w-bawarii\/","og_locale":"pl_PL","og_type":"article","og_title":"Ausl\u00e4nder\u00e4mter in Bayern | Adresse, Anschrift und Kontakt","og_description":"Ausl\u00e4nder\u00e4mter in Bayern | Adresse und Anschrift \u2713 Telefonnummer, Kontakt und \u00d6ffnungszeiten \u2713 Ausl\u00e4nderbeh\u00f6rden in Deutschland","og_url":"http:\/\/auslaenderaemter.com\/pl\/urzedy-imigracyjne-w-bawarii\/","og_site_name":"auslaenderaemter.com","article_modified_time":"2022-07-06T13:41:09+00:00","og_image":[{"width":640,"height":480,"url":"https:\/\/auslaenderaemter.com\/wp-content\/uploads\/2021\/01\/city-263069_640.jpg","type":"image\/jpeg"}],"twitter_card":"summary_large_image","twitter_misc":{"Szacowany czas czytania":"2 minuty"},"schema":{"@context":"https:\/\/schema.org","@graph":[{"@type":"WebPage","@id":"https:\/\/auslaenderaemter.com\/auslaenderaemter-in-bayern\/","url":"https:\/\/auslaenderaemter.com\/auslaenderaemter-in-bayern\/","name":"Urz\u0119dy Imigracyjne w Bawarii | Adres, adres i kontakt","isPartOf":{"@id":"https:\/\/auslaenderaemter.com\/#website"},"primaryImageOfPage":{"@id":"https:\/\/auslaenderaemter.com\/auslaenderaemter-in-bayern\/#primaryimage"},"image":{"@id":"https:\/\/auslaenderaemter.com\/auslaenderaemter-in-bayern\/#primaryimage"},"thumbnailUrl":"https:\/\/auslaenderaemter.com\/wp-content\/uploads\/2021\/01\/city-263069_640.jpg","datePublished":"2021-01-26T13:27:58+00:00","dateModified":"2022-07-06T13:41:09+00:00","description":"Urz\u0119dy Imigracyjne w Bawarii | Adres i adres \u2713 Numer telefonu, kontakt i godziny otwarcia \u2713 Organy imigracyjne w Niemczech","breadcrumb":{"@id":"https:\/\/auslaenderaemter.com\/auslaenderaemter-in-bayern\/#breadcrumb"},"inLanguage":"pl-PL","potentialAction":[{"@type":"ReadAction","target":["https:\/\/auslaenderaemter.com\/auslaenderaemter-in-bayern\/"]}]},{"@type":"ImageObject","inLanguage":"pl-PL","@id":"https:\/\/auslaenderaemter.com\/auslaenderaemter-in-bayern\/#primaryimage","url":"https:\/\/auslaenderaemter.com\/wp-content\/uploads\/2021\/01\/city-263069_640.jpg","contentUrl":"https:\/\/auslaenderaemter.com\/wp-content\/uploads\/2021\/01\/city-263069_640.jpg","width":640,"height":480,"caption":"Ausl\u00e4nder\u00e4mter in Deutschland"},{"@type":"BreadcrumbList","@id":"https:\/\/auslaenderaemter.com\/auslaenderaemter-in-bayern\/#breadcrumb","itemListElement":[{"@type":"ListItem","position":1,"name":"Startseite","item":"https:\/\/auslaenderaemter.com\/"},{"@type":"ListItem","position":2,"name":"Ausl\u00e4nder\u00e4mter in Bayern"}]},{"@type":"WebSite","@id":"https:\/\/auslaenderaemter.com\/#website","url":"https:\/\/auslaenderaemter.com\/","name":"auslaenderaemter.com","description":"","publisher":{"@id":"https:\/\/auslaenderaemter.com\/#organization"},"potentialAction":[{"@type":"SearchAction","target":{"@type":"EntryPoint","urlTemplate":"https:\/\/auslaenderaemter.com\/?s={search_term_string}"},"query-input":{"@type":"PropertyValueSpecification","valueRequired":true,"valueName":"search_term_string"}}],"inLanguage":"pl-PL"},{"@type":"Organization","@id":"https:\/\/auslaenderaemter.com\/#organization","name":"auslaenderaemter.com","url":"https:\/\/auslaenderaemter.com\/","logo":{"@type":"ImageObject","inLanguage":"pl-PL","@id":"https:\/\/auslaenderaemter.com\/#\/schema\/logo\/image\/","url":"https:\/\/auslaenderaemter.com\/wp-content\/uploads\/2021\/01\/cropped-Vollmond-info-13.png","contentUrl":"https:\/\/auslaenderaemter.com\/wp-content\/uploads\/2021\/01\/cropped-Vollmond-info-13.png","width":500,"height":117,"caption":"auslaenderaemter.com"},"image":{"@id":"https:\/\/auslaenderaemter.com\/#\/schema\/logo\/image\/"}}]}},"_links":{"self":[{"href":"http:\/\/auslaenderaemter.com\/pl\/wp-json\/wp\/v2\/pages\/46","targetHints":{"allow":["GET"]}}],"collection":[{"href":"http:\/\/auslaenderaemter.com\/pl\/wp-json\/wp\/v2\/pages"}],"about":[{"href":"http:\/\/auslaenderaemter.com\/pl\/wp-json\/wp\/v2\/types\/page"}],"author":[{"embeddable":true,"href":"http:\/\/auslaenderaemter.com\/pl\/wp-json\/wp\/v2\/users\/1"}],"replies":[{"embeddable":true,"href":"http:\/\/auslaenderaemter.com\/pl\/wp-json\/wp\/v2\/comments?post=46"}],"version-history":[{"count":0,"href":"http:\/\/auslaenderaemter.com\/pl\/wp-json\/wp\/v2\/pages\/46\/revisions"}],"wp:featuredmedia":[{"embeddable":true,"href":"http:\/\/auslaenderaemter.com\/pl\/wp-json\/wp\/v2\/media\/37"}],"wp:attachment":[{"href":"http:\/\/auslaenderaemter.com\/pl\/wp-json\/wp\/v2\/media?parent=46"}],"curies":[{"name":"wp","href":"https:\/\/api.w.org\/{rel}","templated":true}]}}