{"id":2016,"date":"2021-02-17T13:31:31","date_gmt":"2021-02-17T12:31:31","guid":{"rendered":"https:\/\/auslaenderaemter.com\/?page_id=2016"},"modified":"2022-07-08T11:33:03","modified_gmt":"2022-07-08T09:33:03","slug":"verpflichtungserklaerung","status":"publish","type":"page","link":"http:\/\/auslaenderaemter.com\/tr\/taahhuet-beyani\/","title":{"rendered":"taahh\u00fct beyan\u0131"},"content":{"rendered":"<figure id=\"attachment_3094\" aria-describedby=\"caption-attachment-3094\" style=\"width: 600px\" class=\"wp-caption aligncenter\"><img fetchpriority=\"high\" decoding=\"async\" class=\"wp-image-3094 size-full\" src=\"https:\/\/auslaenderaemter.com\/wp-content\/uploads\/2021\/02\/Design-ohne-Titel-8.png\" alt=\"taahh\u00fct beyan\u0131\" width=\"600\" height=\"400\" srcset=\"https:\/\/auslaenderaemter.com\/wp-content\/uploads\/2021\/02\/Design-ohne-Titel-8.png 600w, https:\/\/auslaenderaemter.com\/wp-content\/uploads\/2021\/02\/Design-ohne-Titel-8-300x200.png 300w\" sizes=\"(max-width: 600px) 100vw, 600px\" \/><figcaption id=\"caption-attachment-3094\" class=\"wp-caption-text\">Taahh\u00fct beyan\u0131 ile yurt d\u0131\u015f\u0131ndan ki\u015filerin Almanya&#039;ya girmesini ve Almanya&#039;da kalmas\u0131n\u0131 sa\u011flayabilirsiniz.<\/figcaption><\/figure>\n<h2>Yabanc\u0131 Ziyaret\u00e7iler i\u00e7in Taahh\u00fct Beyan\u0131<\/h2>\n<p>g\u00fcvenli\u011fini sa\u011flamak i\u00e7in <strong>Ge\u00e7im harcamalar\u0131<\/strong> <strong>\u00fc\u00e7\u00fcnc\u00fc \u00fclke vatanda\u015flar\u0131 taraf\u0131ndan<\/strong> (M\u00fclteciler veya g\u00f6\u00e7menler) s\u00f6zde hizmet vermektedir.\u00a0<strong>taahh\u00fct beyan\u0131<\/strong>. Kural olarak, vize isteyen yabanc\u0131lar\u0131n yeterli vizeye sahip olmalar\u0131 gerekir. <strong>kendi fonlar\u0131<\/strong>, planlanan kal\u0131\u015fla ilgili masraflar\u0131 kar\u015f\u0131layabilmek i\u00e7in.<\/p>\n<p>Gerekli \/ kan\u0131tlanabilir vizeye sahip olmayan bir yabanc\u0131 <strong>kendi fonlar\u0131<\/strong>, Almanya&#039;da ikamet eden bir ki\u015fi, \u015firket veya dernek taraf\u0131ndan taahh\u00fct beyan\u0131na dayanarak, vize yine de verilebilir, <strong>t\u00fcm maliyetlerin varsay\u0131m\u0131<\/strong> Takip eder.<\/p>\n<h2>taahh\u00fct beyan\u0131 nedir?<\/h2>\n<p>Ki\u015fi\/\u015firket veya dernek, taahh\u00fctname ile <strong>t\u00fcm masraflar\u0131 \u00f6de<\/strong>, kamu t\u00fczel ki\u015fileri i\u00e7in vize ba\u015fvuru sahibinin kalmas\u0131ndan kaynaklanan.<\/p>\n<p>Bu nedenle taahh\u00fct beyan\u0131, ilgili sa\u011fl\u0131k sigortas\u0131 zaten mevcut de\u011filse, kamu hastanelerinde t\u0131bbi tedavi masraflar\u0131n\u0131n geri \u00f6denmesini de i\u00e7erir. Taahh\u00fct beyan\u0131, vizenizin s\u00fcresi dolduktan sonra \u00fclkeyi terk etmemeniz halinde g\u00f6\u00e7menlik polisi prosed\u00fcr\u00fcn\u00fcn masraflar\u0131n\u0131 da i\u00e7erir.<\/p>\n<h3>Taahh\u00fct beyan\u0131 sunmak i\u00e7in gerekli belgeler<\/h3>\n<p>Bir ki\u015fi\/\u015firket veya bir derne\u011fin taahh\u00fct beyan\u0131 sunabilmesi i\u00e7in baz\u0131 delillerin de sunulmas\u0131 gerekir. \u00d6zel \u015fah\u0131slar, bir \u015firket\/dernekten farkl\u0131 bir kan\u0131t sunmak zorundad\u0131r. onun i\u00e7in yeterli <strong>gelir yeterli de\u011fil<\/strong>, genellikle bir <strong>Bloke olmu\u015f hesap<\/strong> gerekli. Bu, sahibinin serbest\u00e7e elden \u00e7\u0131karamayaca\u011f\u0131 \u00f6zel bir hesapt\u0131r. Ba\u015fvuru sahibi, bloke edilen hesaba yasalar\u0131n gerektirdi\u011fi minimum tutar\u0131 yat\u0131rmal\u0131d\u0131r. Bu miktar, ziyaret\u00e7i Almanya&#039;dan tekrar ayr\u0131lana kadar bloke olarak kal\u0131r.<\/p>\n<p><strong>Bireyler bu belgeleri sunmal\u0131d\u0131r:<\/strong><\/p>\n<ul>\n<li>Kimlik belgesi (\u00f6rne\u011fin pasaport veya kimlik kart\u0131)<\/li>\n<li>Kay\u0131t Onay\u0131<\/li>\n<li>Gelir belgesi (\u00f6rne\u011fin maa\u015f bordrosu veya gelir vergisi de\u011ferlendirmesi)<\/li>\n<li>Kredi geri \u00f6demeleri veya nafaka \u00f6demeleri gibi herhangi bir finansal y\u00fck\u00fcml\u00fcl\u00fc\u011f\u00fcn kan\u0131t\u0131<\/li>\n<li>Kira s\u00f6zle\u015fmesi veya tapu belgesi<\/li>\n<li>Davetli ile ili\u015fkinin kan\u0131t\u0131<\/li>\n<\/ul>\n<p><strong>\u015eirketler ve dernekler a\u015fa\u011f\u0131daki belgeleri sunmal\u0131d\u0131r:<\/strong><\/p>\n<ul>\n<li>\u015eirket\/dernek temsilcisinin kimli\u011finin kan\u0131t\u0131 ve muhtemelen temsil yetkisinin kan\u0131t\u0131<\/li>\n<li>\u015eirket sicilinden veya ana s\u00f6zle\u015fmeden al\u0131nt\u0131<\/li>\n<li>\u015eirketin \/ derne\u011fin kredibilitesinin kan\u0131t\u0131<\/li>\n<li>Davet edilen ki\u015fiyle olan ili\u015fkinin kan\u0131t\u0131 (varsa, \u00f6rne\u011fin i\u015f ili\u015fkileri vb.)<\/li>\n<\/ul>\n<h3>Bir taahh\u00fct beyan\u0131 ne kadar s\u00fcreyle ge\u00e7erlidir ve iptal edilebilir mi?<\/h3>\n<p>Kural olarak, el\u00e7ilik taahh\u00fct beyanlar\u0131n\u0131 kabul eder. <strong>6 aya kadar <\/strong>sergiden sonra. Prensip olarak taahh\u00fct beyan\u0131n\u0131n sunulmas\u0131 ile vizenin verilmesi aras\u0131nda 6 ay\u0131 ge\u00e7memelidir. Bunun nedeni, <strong>finansal ko\u015fullar<\/strong> bu arada beyan eden taraf\u0131n <strong>de\u011fi\u015fmi\u015f olabilir<\/strong>. 6 ayl\u0131k bir s\u00fcre zaten sona ermi\u015fse, genellikle yeni bir taahh\u00fct beyan\u0131 sunulmas\u0131 gerekir.<\/p>\n<p>Kanun, bir taahh\u00fct beyan\u0131n\u0131n iptal edilmesini sa\u011flamaz. Federal D\u0131\u015fi\u015fleri Bakanl\u0131\u011f\u0131, bir iptalin, hasar durumunda tazminat y\u00fck\u00fcml\u00fcl\u00fc\u011f\u00fcn\u00fc ortadan kald\u0131r\u0131p kald\u0131ramayaca\u011f\u0131n\u0131 bilmiyor. Federal D\u0131\u015fi\u015fleri Bakanl\u0131\u011f\u0131, vizenin ancak taahh\u00fct beyan\u0131n\u0131n iptal edilmesi durumunda engellenebilece\u011fini garanti edemez.<\/p>\n<h3>Bir taahh\u00fct beyan\u0131n\u0131n maliyeti nedir?<\/h3>\n<p>Taahh\u00fct beyan\u0131 \u00fccreti\u00a0<strong>29 euro<\/strong>. \u0130kamet Y\u00f6netmeli\u011fi&#039;nin 47. maddesinin 1. f\u0131kras\u0131n\u0131n 12. maddesine g\u00f6re, ba\u015fvurunun geri al\u0131nmas\u0131 halinde harc\u0131n da \u00f6denmesi gerekir.<\/p>\n<div class=\"su-note\"  style=\"border-color:#dadbdd;border-radius:2px;-moz-border-radius:2px;-webkit-border-radius:2px;\"><div class=\"su-note-inner su-u-clearfix su-u-trim\" style=\"background-color:#f4f5f7;border-color:#ffffff;color:#333333;border-radius:2px;-moz-border-radius:2px;-webkit-border-radius:2px;\"><strong>Bir uyar\u0131:<\/strong> Ofisler, makamlar veya mahkemeler i\u00e7in genellikle a\u015fa\u011f\u0131daki belgelere, sertifikalara veya sertifikalara ihtiyac\u0131n\u0131z vard\u0131r. <a href=\"http:\/\/auslaenderaemter.com\/tr\/tasdikli-resmi-belgeler-icin-ceviri\/\">sektifikal\u0131 \u00e7eviri<\/a>.<\/div><\/div>\n<h3>Taahh\u00fct beyan\u0131 mali olarak hangi d\u00f6nemleri kaps\u0131yor?<\/h3>\n<p>Temel olarak, sadece aras\u0131ndaki beyan yoluyla<strong> 90 g\u00fcn<\/strong> 6 aya kadar finansal olarak g\u00fcvenli. Daha uzun bir vizeye ihtiyac\u0131 olan herkes, kalan s\u00fcre i\u00e7in mali kapasitelerini kan\u0131tlamal\u0131d\u0131r. bunun i\u00e7in uygun <strong>Son 3-6 aya ait banka hesap \u00f6zetleri<\/strong>, yakla\u015f\u0131k ayl\u0131k gelirin bir \u00f6zetini verir.<\/p>\n<ul>\n<li><strong>Yurt d\u0131\u015f\u0131ndan ziyaret\u00e7i mi bekliyorsunuz?<\/strong> Birlikte <a href=\"http:\/\/auslaenderaemter.com\/tr\/yabanci-misafirler-icin-sigorta\/\">Yabanc\u0131 misafirler i\u00e7in sigorta<\/a>\u00a0Almanya ve Avrupa&#039;da tamamen korunuyorsunuz.<\/li>\n<\/ul>\n<h3>Daha \u00f6te<span class=\"ez-toc-section\">\u00a0<\/span>ba\u011flant\u0131lar ve kaynaklar<\/h3>\n<ul>\n<li><a href=\"http:\/\/auslaenderaemter.com\/tr\/\" data-wpel-link=\"internal\">Almanya&#039;daki G\u00f6\u00e7menlik B\u00fcrolar\u0131<\/a><\/li>\n<li><a href=\"http:\/\/auslaenderaemter.com\/tr\/oturma-izni-2\/\">oturma izni<\/a><\/li>\n<\/ul>","protected":false},"excerpt":{"rendered":"<p>Yabanc\u0131 ziyaret\u00e7iler i\u00e7in taahh\u00fct beyan\u0131 S\u00f6zde taahh\u00fct beyan\u0131, \u00fc\u00e7\u00fcnc\u00fc \u00fclke vatanda\u015flar\u0131n\u0131n (m\u00fclteciler veya g\u00f6\u00e7menler) ya\u015fam masraflar\u0131n\u0131 kar\u015f\u0131lamaya yarar. Kural olarak, vize almas\u0131 gereken yabanc\u0131lar\u0131n, planlanan kal\u0131\u015fla ilgili masraflar\u0131 kar\u015f\u0131layabilmeleri i\u00e7in yeterli paraya sahip olmalar\u0131 gerekir. Vize almas\u0131 gereken ve gerekli\/belirlenebilir \u00f6z sermayesi olmayan bir yabanc\u0131, yine de bir\u2026&nbsp;<a href=\"http:\/\/auslaenderaemter.com\/tr\/taahhuet-beyani\/\" rel=\"bookmark\">Devam\u0131n\u0131 oku &quot;<span class=\"screen-reader-text\">taahh\u00fct beyan\u0131<\/span><\/a><\/p>","protected":false},"author":1,"featured_media":0,"parent":0,"menu_order":0,"comment_status":"closed","ping_status":"closed","template":"","meta":{"neve_meta_sidebar":"","neve_meta_container":"","neve_meta_enable_content_width":"on","neve_meta_content_width":100,"neve_meta_title_alignment":"","neve_meta_author_avatar":"","neve_post_elements_order":"","neve_meta_disable_header":"","neve_meta_disable_footer":"","neve_meta_disable_title":"","neve_meta_reading_time":"","footnotes":""},"class_list":["post-2016","page","type-page","status-publish","hentry"],"yoast_head":"<!-- This site is optimized with the Yoast SEO plugin v27.4 - https:\/\/yoast.com\/product\/yoast-seo-wordpress\/ -->\n<title>Verpflichtungserkl\u00e4rung f\u00fcr ausl\u00e4ndische Besucher in Deutschland<\/title>\n<meta name=\"description\" content=\"Mit der Verpflichtungserkl\u00e4rung k\u00f6nnen Sie Personen aus dem Ausland die Einreise und den Aufenthalt in Deutschland erm\u00f6glichen\" \/>\n<meta name=\"robots\" content=\"index, follow, max-snippet:-1, max-image-preview:large, max-video-preview:-1\" \/>\n<link rel=\"canonical\" href=\"http:\/\/auslaenderaemter.com\/tr\/taahhuet-beyani\/\" \/>\n<meta property=\"og:locale\" content=\"tr_TR\" \/>\n<meta property=\"og:type\" content=\"article\" \/>\n<meta property=\"og:title\" content=\"Verpflichtungserkl\u00e4rung f\u00fcr ausl\u00e4ndische Besucher in Deutschland\" \/>\n<meta property=\"og:description\" content=\"Mit der Verpflichtungserkl\u00e4rung k\u00f6nnen Sie Personen aus dem Ausland die Einreise und den Aufenthalt in Deutschland erm\u00f6glichen\" \/>\n<meta property=\"og:url\" content=\"http:\/\/auslaenderaemter.com\/tr\/taahhuet-beyani\/\" \/>\n<meta property=\"og:site_name\" content=\"auslaenderaemter.com\" \/>\n<meta property=\"article:modified_time\" content=\"2022-07-08T09:33:03+00:00\" \/>\n<meta property=\"og:image\" content=\"https:\/\/auslaenderaemter.com\/wp-content\/uploads\/2021\/02\/Design-ohne-Titel-8.png\" \/>\n<meta name=\"twitter:card\" content=\"summary_large_image\" \/>\n<meta name=\"twitter:label1\" content=\"Tahmini okuma s\u00fcresi\" \/>\n\t<meta name=\"twitter:data1\" content=\"3 dakika\" \/>\n<script type=\"application\/ld+json\" class=\"yoast-schema-graph\">{\"@context\":\"https:\\\/\\\/schema.org\",\"@graph\":[{\"@type\":\"WebPage\",\"@id\":\"https:\\\/\\\/auslaenderaemter.com\\\/verpflichtungserklaerung\\\/\",\"url\":\"https:\\\/\\\/auslaenderaemter.com\\\/verpflichtungserklaerung\\\/\",\"name\":\"Verpflichtungserkl\u00e4rung f\u00fcr ausl\u00e4ndische Besucher in Deutschland\",\"isPartOf\":{\"@id\":\"https:\\\/\\\/auslaenderaemter.com\\\/#website\"},\"primaryImageOfPage\":{\"@id\":\"https:\\\/\\\/auslaenderaemter.com\\\/verpflichtungserklaerung\\\/#primaryimage\"},\"image\":{\"@id\":\"https:\\\/\\\/auslaenderaemter.com\\\/verpflichtungserklaerung\\\/#primaryimage\"},\"thumbnailUrl\":\"https:\\\/\\\/auslaenderaemter.com\\\/wp-content\\\/uploads\\\/2021\\\/02\\\/Design-ohne-Titel-8.png\",\"datePublished\":\"2021-02-17T12:31:31+00:00\",\"dateModified\":\"2022-07-08T09:33:03+00:00\",\"description\":\"Mit der Verpflichtungserkl\u00e4rung k\u00f6nnen Sie Personen aus dem Ausland die Einreise und den Aufenthalt in Deutschland erm\u00f6glichen\",\"breadcrumb\":{\"@id\":\"https:\\\/\\\/auslaenderaemter.com\\\/verpflichtungserklaerung\\\/#breadcrumb\"},\"inLanguage\":\"tr\",\"potentialAction\":[{\"@type\":\"ReadAction\",\"target\":[\"https:\\\/\\\/auslaenderaemter.com\\\/verpflichtungserklaerung\\\/\"]}]},{\"@type\":\"ImageObject\",\"inLanguage\":\"tr\",\"@id\":\"https:\\\/\\\/auslaenderaemter.com\\\/verpflichtungserklaerung\\\/#primaryimage\",\"url\":\"https:\\\/\\\/auslaenderaemter.com\\\/wp-content\\\/uploads\\\/2021\\\/02\\\/Design-ohne-Titel-8.png\",\"contentUrl\":\"https:\\\/\\\/auslaenderaemter.com\\\/wp-content\\\/uploads\\\/2021\\\/02\\\/Design-ohne-Titel-8.png\"},{\"@type\":\"BreadcrumbList\",\"@id\":\"https:\\\/\\\/auslaenderaemter.com\\\/verpflichtungserklaerung\\\/#breadcrumb\",\"itemListElement\":[{\"@type\":\"ListItem\",\"position\":1,\"name\":\"Startseite\",\"item\":\"https:\\\/\\\/auslaenderaemter.com\\\/\"},{\"@type\":\"ListItem\",\"position\":2,\"name\":\"Verpflichtungserkl\u00e4rung\"}]},{\"@type\":\"WebSite\",\"@id\":\"https:\\\/\\\/auslaenderaemter.com\\\/#website\",\"url\":\"https:\\\/\\\/auslaenderaemter.com\\\/\",\"name\":\"auslaenderaemter.com\",\"description\":\"\",\"publisher\":{\"@id\":\"https:\\\/\\\/auslaenderaemter.com\\\/#organization\"},\"potentialAction\":[{\"@type\":\"SearchAction\",\"target\":{\"@type\":\"EntryPoint\",\"urlTemplate\":\"https:\\\/\\\/auslaenderaemter.com\\\/?s={search_term_string}\"},\"query-input\":{\"@type\":\"PropertyValueSpecification\",\"valueRequired\":true,\"valueName\":\"search_term_string\"}}],\"inLanguage\":\"tr\"},{\"@type\":\"Organization\",\"@id\":\"https:\\\/\\\/auslaenderaemter.com\\\/#organization\",\"name\":\"auslaenderaemter.com\",\"url\":\"https:\\\/\\\/auslaenderaemter.com\\\/\",\"logo\":{\"@type\":\"ImageObject\",\"inLanguage\":\"tr\",\"@id\":\"https:\\\/\\\/auslaenderaemter.com\\\/#\\\/schema\\\/logo\\\/image\\\/\",\"url\":\"https:\\\/\\\/auslaenderaemter.com\\\/wp-content\\\/uploads\\\/2021\\\/01\\\/cropped-Vollmond-info-13.png\",\"contentUrl\":\"https:\\\/\\\/auslaenderaemter.com\\\/wp-content\\\/uploads\\\/2021\\\/01\\\/cropped-Vollmond-info-13.png\",\"width\":500,\"height\":117,\"caption\":\"auslaenderaemter.com\"},\"image\":{\"@id\":\"https:\\\/\\\/auslaenderaemter.com\\\/#\\\/schema\\\/logo\\\/image\\\/\"}}]}<\/script>\n<!-- \/ Yoast SEO plugin. -->","yoast_head_json":{"title":"Almanya&#039;daki yabanc\u0131 ziyaret\u00e7iler i\u00e7in taahh\u00fct beyan\u0131","description":"Taahh\u00fct beyan\u0131 ile yurt d\u0131\u015f\u0131ndan ki\u015filerin Almanya&#039;ya girmesini ve Almanya&#039;da kalmas\u0131n\u0131 sa\u011flayabilirsiniz.","robots":{"index":"index","follow":"follow","max-snippet":"max-snippet:-1","max-image-preview":"max-image-preview:large","max-video-preview":"max-video-preview:-1"},"canonical":"http:\/\/auslaenderaemter.com\/tr\/taahhuet-beyani\/","og_locale":"tr_TR","og_type":"article","og_title":"Verpflichtungserkl\u00e4rung f\u00fcr ausl\u00e4ndische Besucher in Deutschland","og_description":"Mit der Verpflichtungserkl\u00e4rung k\u00f6nnen Sie Personen aus dem Ausland die Einreise und den Aufenthalt in Deutschland erm\u00f6glichen","og_url":"http:\/\/auslaenderaemter.com\/tr\/taahhuet-beyani\/","og_site_name":"auslaenderaemter.com","article_modified_time":"2022-07-08T09:33:03+00:00","og_image":[{"url":"https:\/\/auslaenderaemter.com\/wp-content\/uploads\/2021\/02\/Design-ohne-Titel-8.png","type":"","width":"","height":""}],"twitter_card":"summary_large_image","twitter_misc":{"Tahmini okuma s\u00fcresi":"3 dakika"},"schema":{"@context":"https:\/\/schema.org","@graph":[{"@type":"WebPage","@id":"https:\/\/auslaenderaemter.com\/verpflichtungserklaerung\/","url":"https:\/\/auslaenderaemter.com\/verpflichtungserklaerung\/","name":"Almanya&#039;daki yabanc\u0131 ziyaret\u00e7iler i\u00e7in taahh\u00fct beyan\u0131","isPartOf":{"@id":"https:\/\/auslaenderaemter.com\/#website"},"primaryImageOfPage":{"@id":"https:\/\/auslaenderaemter.com\/verpflichtungserklaerung\/#primaryimage"},"image":{"@id":"https:\/\/auslaenderaemter.com\/verpflichtungserklaerung\/#primaryimage"},"thumbnailUrl":"https:\/\/auslaenderaemter.com\/wp-content\/uploads\/2021\/02\/Design-ohne-Titel-8.png","datePublished":"2021-02-17T12:31:31+00:00","dateModified":"2022-07-08T09:33:03+00:00","description":"Taahh\u00fct beyan\u0131 ile yurt d\u0131\u015f\u0131ndan ki\u015filerin Almanya&#039;ya girmesini ve Almanya&#039;da kalmas\u0131n\u0131 sa\u011flayabilirsiniz.","breadcrumb":{"@id":"https:\/\/auslaenderaemter.com\/verpflichtungserklaerung\/#breadcrumb"},"inLanguage":"tr","potentialAction":[{"@type":"ReadAction","target":["https:\/\/auslaenderaemter.com\/verpflichtungserklaerung\/"]}]},{"@type":"ImageObject","inLanguage":"tr","@id":"https:\/\/auslaenderaemter.com\/verpflichtungserklaerung\/#primaryimage","url":"https:\/\/auslaenderaemter.com\/wp-content\/uploads\/2021\/02\/Design-ohne-Titel-8.png","contentUrl":"https:\/\/auslaenderaemter.com\/wp-content\/uploads\/2021\/02\/Design-ohne-Titel-8.png"},{"@type":"BreadcrumbList","@id":"https:\/\/auslaenderaemter.com\/verpflichtungserklaerung\/#breadcrumb","itemListElement":[{"@type":"ListItem","position":1,"name":"Startseite","item":"https:\/\/auslaenderaemter.com\/"},{"@type":"ListItem","position":2,"name":"Verpflichtungserkl\u00e4rung"}]},{"@type":"WebSite","@id":"https:\/\/auslaenderaemter.com\/#website","url":"https:\/\/auslaenderaemter.com\/","name":"auslaenderaemter.com","description":"","publisher":{"@id":"https:\/\/auslaenderaemter.com\/#organization"},"potentialAction":[{"@type":"SearchAction","target":{"@type":"EntryPoint","urlTemplate":"https:\/\/auslaenderaemter.com\/?s={search_term_string}"},"query-input":{"@type":"PropertyValueSpecification","valueRequired":true,"valueName":"search_term_string"}}],"inLanguage":"tr"},{"@type":"Organization","@id":"https:\/\/auslaenderaemter.com\/#organization","name":"auslaenderaemter.com","url":"https:\/\/auslaenderaemter.com\/","logo":{"@type":"ImageObject","inLanguage":"tr","@id":"https:\/\/auslaenderaemter.com\/#\/schema\/logo\/image\/","url":"https:\/\/auslaenderaemter.com\/wp-content\/uploads\/2021\/01\/cropped-Vollmond-info-13.png","contentUrl":"https:\/\/auslaenderaemter.com\/wp-content\/uploads\/2021\/01\/cropped-Vollmond-info-13.png","width":500,"height":117,"caption":"auslaenderaemter.com"},"image":{"@id":"https:\/\/auslaenderaemter.com\/#\/schema\/logo\/image\/"}}]}},"_links":{"self":[{"href":"http:\/\/auslaenderaemter.com\/tr\/wp-json\/wp\/v2\/pages\/2016","targetHints":{"allow":["GET"]}}],"collection":[{"href":"http:\/\/auslaenderaemter.com\/tr\/wp-json\/wp\/v2\/pages"}],"about":[{"href":"http:\/\/auslaenderaemter.com\/tr\/wp-json\/wp\/v2\/types\/page"}],"author":[{"embeddable":true,"href":"http:\/\/auslaenderaemter.com\/tr\/wp-json\/wp\/v2\/users\/1"}],"replies":[{"embeddable":true,"href":"http:\/\/auslaenderaemter.com\/tr\/wp-json\/wp\/v2\/comments?post=2016"}],"version-history":[{"count":0,"href":"http:\/\/auslaenderaemter.com\/tr\/wp-json\/wp\/v2\/pages\/2016\/revisions"}],"wp:attachment":[{"href":"http:\/\/auslaenderaemter.com\/tr\/wp-json\/wp\/v2\/media?parent=2016"}],"curies":[{"name":"wp","href":"https:\/\/api.w.org\/{rel}","templated":true}]}}