{"id":1609,"date":"2021-02-13T17:39:18","date_gmt":"2021-02-13T16:39:18","guid":{"rendered":"https:\/\/auslaenderaemter.com\/?page_id=1609"},"modified":"2022-07-04T18:29:29","modified_gmt":"2022-07-04T16:29:29","slug":"auslaenderamt-herbolzheim","status":"publish","type":"page","link":"https:\/\/auslaenderaemter.com\/ar\/\u0648\u0632\u0627\u0631\u0629-\u0627\u0644\u062e\u0627\u0631\u062c\u064a\u0629-\u0647\u0631\u0628\u0648\u0644\u062a\u0633\u0647\u0627\u064a\u0645\/","title":{"rendered":"\u0645\u0643\u062a\u0628 \u0627\u0644\u0647\u062c\u0631\u0629 \u0647\u064a\u0631\u0628\u0648\u0644\u062a\u0633\u0647\u0627\u064a\u0645"},"content":{"rendered":"<h2>\u0645\u0643\u062a\u0628 \u0627\u0644\u0647\u062c\u0631\u0629 \/ \u0633\u0644\u0637\u0629 \u0627\u0644\u0647\u062c\u0631\u0629 \u0641\u064a \u0647\u064a\u0631\u0628\u0648\u0644\u062a\u0633\u0647\u0627\u064a\u0645 - \u0639\u0646\u0648\u0627\u0646 \u0648\u0639\u0646\u0627\u0648\u064a\u0646 \u0644\u0644\u0632\u0648\u0627\u0631<\/h2>\n<ul>\n<li><strong>\u062a\u0628\u0648\u0643:<\/strong> \u0645\u0643\u062a\u0628 \u0627\u0644\u0647\u062c\u0631\u0629 \u0628\u0645\u062f\u064a\u0646\u0629 \u0625\u0645\u064a\u0646\u062f\u064a\u0646\u062c\u0646\u060c Hauptstra\u00dfe 26\u060c 79336 Herbolzheim<\/li>\n<li><strong>\u0647\u0627\u062a\u0641:<\/strong> 07641 452-0<\/li>\n<li><strong>\u0645\u0648\u0642\u0639 \u0627\u0644\u0643\u062a\u0631\u0648\u0646\u064a: <\/strong><a href=\"https:\/\/www.stadt-herbolzheim.de\/startseite\" target=\"_blank\" rel=\"noopener\">www.stadt-herbolzheim.de<\/a><\/li>\n<li><strong>\u0633\u0627\u0639\u0627\u062a \u0627\u0644\u0639\u0645\u0644:<\/strong> \u0627\u0646\u0638\u0631 \u0627\u0644\u0645\u0648\u0642\u0639<\/li>\n<\/ul>\n<p><iframe style=\"border: 0;\" tabindex=\"0\" src=\"https:\/\/www.google.com\/maps\/embed?pb=!1m18!1m12!1m3!1d2658.147901675066!2d7.7751746158869315!3d48.223026553184134!2m3!1f0!2f0!3f0!3m2!1i1024!2i768!4f13.1!3m3!1m2!1s0x47913b643200eae1%3A0x45d7226cfc6d02c!2sHauptstra%C3%9Fe%2026%2C%2079336%20Herbolzheim!5e0!3m2!1sde!2sde!4v1613234346203!5m2!1sde!2sde\" width=\"600\" height=\"450\" frameborder=\"0\" allowfullscreen=\"allowfullscreen\" aria-hidden=\"false\"><\/iframe><\/p>\n<h3><strong>\u0627\u0644\u062a\u0639\u064a\u064a\u0646 \u0641\u064a <\/strong>\u0647\u064a\u0626\u0629 \u0627\u0644\u0627\u062c\u0627\u0646\u0628 <strong>\u0641\u064a \u0647\u064a\u0631\u0628\u0648\u0644\u062a\u0633\u0647\u0627\u064a\u0645<\/strong><\/h3>\n<p>\u0641\u064a \u0645\u0639\u0638\u0645 \u0627\u0644\u062d\u0627\u0644\u0627\u062a \u060c \u064a\u0645\u0643\u0646\u0643 \u062a\u062d\u062f\u064a\u062f \u0645\u0648\u0639\u062f \u0639\u0628\u0631 \u0627\u0644\u0647\u0627\u062a\u0641 \u060c \u0628\u0627\u0633\u062a\u062e\u062f\u0627\u0645 \u0646\u0645\u0648\u0630\u062c \u0627\u0644\u0627\u062a\u0635\u0627\u0644 \u0623\u0648 \u0639\u0628\u0631 \u0628\u0648\u0627\u0628\u0629 \u0627\u0644\u062e\u062f\u0645\u0629 \u0627\u0644\u062e\u0627\u0635\u0629 \u0628\u0627\u0644\u0645\u062f\u064a\u0646\u0629 \u0627\u0644\u0645\u0639\u0646\u064a\u0629. \u064a\u0631\u062c\u0649 \u0627\u0644\u062a\u0623\u0643\u062f \u0645\u0646 \u0623\u0646 \u0644\u062f\u064a\u0643 \u062c\u0645\u064a\u0639 \u0627\u0644\u0645\u0633\u062a\u0646\u062f\u0627\u062a \u0627\u0644\u0644\u0627\u0632\u0645\u0629 \u0642\u0628\u0644 \u0632\u064a\u0627\u0631\u0629 \u0645\u0643\u062a\u0628 \u0627\u0644\u0647\u062c\u0631\u0629.<\/p>\n<div class=\"su-note\"  style=\"border-color:#dadbdd;border-radius:2px;-moz-border-radius:2px;-webkit-border-radius:2px;\"><div class=\"su-note-inner su-u-clearfix su-u-trim\" style=\"background-color:#f4f5f7;border-color:#ffffff;color:#333333;border-radius:2px;-moz-border-radius:2px;-webkit-border-radius:2px;\"><strong>\u0645\u0644\u0627\u062d\u0638\u0629:<\/strong> \u0644\u0644\u0645\u0643\u0627\u062a\u0628 \u0623\u0648 \u0627\u0644\u0633\u0644\u0637\u0627\u062a \u0623\u0648 \u0627\u0644\u0645\u062d\u0627\u0643\u0645 \u060c \u0639\u0627\u062f\u0629 \u0645\u0627 \u062a\u062d\u062a\u0627\u062c \u0625\u0644\u0649 \u0627\u0644\u0645\u0633\u062a\u0646\u062f\u0627\u062a \u0623\u0648 \u0627\u0644\u0634\u0647\u0627\u062f\u0627\u062a \u0623\u0648 \u0627\u0644\u0634\u0647\u0627\u062f\u0627\u062a <a href=\"https:\/\/auslaenderaemter.com\/ar\/\u062a\u0631\u062c\u0645\u0629-\u0645\u0639\u062a\u0645\u062f\u0629-\u0644\u0644\u0648\u062b\u0627\u0626\u0642-\u0627\u0644\u0631\u0633\u0645\u064a\u0629\/\">\u062a\u0631\u062c\u0645\u0629 \u0645\u0639\u062a\u0645\u062f\u0629<\/a>.<\/div><\/div>\n<ul>\n<li>\u0645\u0639 <a href=\"https:\/\/auslaenderaemter.com\/ar\/\u0625\u0639\u0644\u0627\u0646-\u0627\u0644\u0627\u0644\u062a\u0632\u0627\u0645\/\">\u0625\u0639\u0644\u0627\u0646 \u0627\u0644\u0627\u0644\u062a\u0632\u0627\u0645<\/a> \u064a\u0645\u0643\u0646\u0643 \u0627\u0644\u0633\u0645\u0627\u062d \u0644\u0644\u0632\u0648\u0627\u0631 \u0645\u0646 \u0627\u0644\u062e\u0627\u0631\u062c \u0628\u062f\u062e\u0648\u0644 \u0623\u0644\u0645\u0627\u0646\u064a\u0627.<\/li>\n<li><strong>\u0647\u0644 \u062a\u062a\u0648\u0642\u0639 \u0632\u0648\u0627\u0631\u0627 \u0645\u0646 \u0627\u0644\u062e\u0627\u0631\u062c\u061f<\/strong> \u0645\u0639 <a href=\"https:\/\/tidd.ly\/3u98xUL\" target=\"_blank\" rel=\"nofollow noopener\">\u062a\u0623\u0645\u064a\u0646 \u0635\u062d\u064a \u0644\u0644\u0633\u0641\u0631 \u0644\u0644\u0636\u064a\u0648\u0641 \u0627\u0644\u0623\u062c\u0627\u0646\u0628<\/a>* \u0623\u0646\u062a \u0645\u062d\u0645\u064a \u0628\u0627\u0644\u0643\u0627\u0645\u0644 \u0641\u064a \u0623\u0644\u0645\u0627\u0646\u064a\u0627 \u0648\u0623\u0648\u0631\u0648\u0628\u0627.<\/li>\n<\/ul>\n<h3>\u0633\u0644\u0637\u0627\u062a \u0627\u0644\u0647\u062c\u0631\u0629 \u0627\u0644\u0623\u062e\u0631\u0649<\/h3>\n<ul>\n<li><a href=\"https:\/\/auslaenderaemter.com\/ar\/\u0645\u0643\u0627\u062a\u0628-\u0627\u0644\u0647\u062c\u0631\u0629-\u0641\u064a-\u0628\u0627\u062f\u0646-\u0641\u0648\u0631\u062a\u0645\u0628\u064a\u0631\u063a\/\">\u0645\u0643\u0627\u062a\u0628 \u0627\u0644\u0647\u062c\u0631\u0629 \u0641\u064a \u0628\u0627\u062f\u0646 \u0641\u0648\u0631\u062a\u0645\u0628\u064a\u0631\u063a<\/a><\/li>\n<li><a href=\"https:\/\/auslaenderaemter.com\/ar\/\">\u0645\u0643\u0627\u062a\u0628 \u0627\u0644\u0647\u062c\u0631\u0629 \u0641\u064a \u0623\u0644\u0645\u0627\u0646\u064a\u0627<\/a><\/li>\n<\/ul>","protected":false},"excerpt":{"rendered":"<p>\u0645\u0643\u062a\u0628 \u0627\u0644\u0647\u062c\u0631\u0629 \/ \u0645\u0643\u062a\u0628 \u062a\u0633\u062c\u064a\u0644 \u0627\u0644\u0623\u062c\u0627\u0646\u0628 \u0641\u064a \u0647\u064a\u0631\u0628\u0648\u0644\u0632\u0647\u0627\u064a\u0645 - \u0627\u0644\u0639\u0646\u0648\u0627\u0646 \u0644\u0644\u0632\u0648\u0627\u0631: \u0645\u0643\u062a\u0628 \u0627\u0644\u0647\u062c\u0631\u0629\u060c \u0645\u062f\u064a\u0646\u0629 \u0625\u0645\u0646\u062f\u064a\u0646\u062c\u0646\u060c \u0647\u0627\u0648\u0628\u0634\u062a\u0631\u0627\u0633\u0647 26\u060c 79336 \u0647\u064a\u0631\u0628\u0648\u0644\u0632\u0647\u0627\u064a\u0645\u060c \u0623\u0644\u0645\u0627\u0646\u064a\u0627. \u0627\u0644\u0647\u0627\u062a\u0641: +49 7641 452-0. \u0627\u0644\u0645\u0648\u0642\u0639 \u0627\u0644\u0625\u0644\u0643\u062a\u0631\u0648\u0646\u064a: www.stadt-herbolzheim.de. \u0633\u0627\u0639\u0627\u062a \u0627\u0644\u0639\u0645\u0644: \u0627\u0646\u0638\u0631 \u0627\u0644\u0645\u0648\u0642\u0639 \u0627\u0644\u0625\u0644\u0643\u062a\u0631\u0648\u0646\u064a. \u062d\u062c\u0632 \u0627\u0644\u0645\u0648\u0627\u0639\u064a\u062f \u0641\u064a \u0645\u0643\u062a\u0628 \u0627\u0644\u0647\u062c\u0631\u0629 \u0641\u064a \u0647\u064a\u0631\u0628\u0648\u0644\u0632\u0647\u0627\u064a\u0645: \u0641\u064a \u0645\u0639\u0638\u0645 \u0627\u0644\u062d\u0627\u0644\u0627\u062a\u060c \u064a\u0645\u0643\u0646\u0643 \u062d\u062c\u0632 \u0645\u0648\u0639\u062f \u0639\u0628\u0631 \u0627\u0644\u0647\u0627\u062a\u0641\u060c \u0623\u0648 \u0645\u0646 \u062e\u0644\u0627\u0644 \u0646\u0645\u0648\u0630\u062c \u0627\u0644\u0627\u062a\u0635\u0627\u0644\u060c \u0623\u0648 \u0639\u0628\u0631 \u0628\u0648\u0627\u0628\u0629 \u0627\u0644\u062e\u062f\u0645\u0627\u062a \u0627\u0644\u0625\u0644\u0643\u062a\u0631\u0648\u0646\u064a\u0629 \u0644\u0644\u0645\u062f\u064a\u0646\u0629 \u0627\u0644\u0645\u0639\u0646\u064a\u0629. \u064a\u0631\u062c\u0649 \u0627\u0644\u062a\u0623\u0643\u062f \u0645\u0646...&nbsp;<a href=\"https:\/\/auslaenderaemter.com\/ar\/\u0648\u0632\u0627\u0631\u0629-\u0627\u0644\u062e\u0627\u0631\u062c\u064a\u0629-\u0647\u0631\u0628\u0648\u0644\u062a\u0633\u0647\u0627\u064a\u0645\/\" rel=\"bookmark\">\u0627\u0642\u0631\u0623 \u0627\u0644\u0645\u0632\u064a\u062f \u00bb<span class=\"screen-reader-text\">\u0645\u0643\u062a\u0628 \u0627\u0644\u0647\u062c\u0631\u0629 \u0647\u064a\u0631\u0628\u0648\u0644\u062a\u0633\u0647\u0627\u064a\u0645<\/span><\/a><\/p>","protected":false},"author":1,"featured_media":37,"parent":0,"menu_order":0,"comment_status":"closed","ping_status":"closed","template":"","meta":{"neve_meta_sidebar":"full-width","neve_meta_container":"","neve_meta_enable_content_width":"on","neve_meta_content_width":100,"neve_meta_title_alignment":"","neve_meta_author_avatar":"","neve_post_elements_order":"","neve_meta_disable_header":"","neve_meta_disable_footer":"","neve_meta_disable_title":"","neve_meta_reading_time":"","footnotes":""},"class_list":["post-1609","page","type-page","status-publish","has-post-thumbnail","hentry"],"yoast_head":"<!-- This site is optimized with the Yoast SEO plugin v27.3 - https:\/\/yoast.com\/product\/yoast-seo-wordpress\/ -->\n<title>Ausl\u00e4nderamt Herbolzheim | Adresse, Kontakt und \u00d6ffnungszeiten<\/title>\n<meta name=\"description\" content=\"Ausl\u00e4nderamt Herbolzheim | Adresse und Anschrift \u2713 Telefonnummer, Kontakt und \u00d6ffnungszeiten \u2713 Anfahrt \u2713 Ausl\u00e4nderbeh\u00f6rden in Deutschland\" \/>\n<meta name=\"robots\" content=\"index, follow, max-snippet:-1, max-image-preview:large, max-video-preview:-1\" \/>\n<link rel=\"canonical\" href=\"https:\/\/auslaenderaemter.com\/ar\/\u0648\u0632\u0627\u0631\u0629-\u0627\u0644\u062e\u0627\u0631\u062c\u064a\u0629-\u0647\u0631\u0628\u0648\u0644\u062a\u0633\u0647\u0627\u064a\u0645\/\" \/>\n<meta property=\"og:locale\" content=\"ar_AR\" \/>\n<meta property=\"og:type\" content=\"article\" \/>\n<meta property=\"og:title\" content=\"Ausl\u00e4nderamt Herbolzheim | Adresse, Kontakt und \u00d6ffnungszeiten\" \/>\n<meta property=\"og:description\" content=\"Ausl\u00e4nderamt Herbolzheim | Adresse und Anschrift \u2713 Telefonnummer, Kontakt und \u00d6ffnungszeiten \u2713 Anfahrt \u2713 Ausl\u00e4nderbeh\u00f6rden in Deutschland\" \/>\n<meta property=\"og:url\" content=\"https:\/\/auslaenderaemter.com\/ar\/\u0648\u0632\u0627\u0631\u0629-\u0627\u0644\u062e\u0627\u0631\u062c\u064a\u0629-\u0647\u0631\u0628\u0648\u0644\u062a\u0633\u0647\u0627\u064a\u0645\/\" \/>\n<meta property=\"og:site_name\" content=\"auslaenderaemter.com\" \/>\n<meta property=\"article:modified_time\" content=\"2022-07-04T16:29:29+00:00\" \/>\n<meta property=\"og:image\" content=\"https:\/\/auslaenderaemter.com\/wp-content\/uploads\/2021\/01\/city-263069_640.jpg\" \/>\n\t<meta property=\"og:image:width\" content=\"640\" \/>\n\t<meta property=\"og:image:height\" content=\"480\" \/>\n\t<meta property=\"og:image:type\" content=\"image\/jpeg\" \/>\n<meta name=\"twitter:card\" content=\"summary_large_image\" \/>\n<meta name=\"twitter:label1\" content=\"\u0648\u0642\u062a \u0627\u0644\u0642\u0631\u0627\u0621\u0629 \u0627\u0644\u0645\u064f\u0642\u062f\u0651\u0631\" \/>\n\t<meta name=\"twitter:data1\" content=\"\u062f\u0642\u064a\u0642\u0629 \u0648\u0627\u062d\u062f\u0629\" \/>\n<script type=\"application\/ld+json\" class=\"yoast-schema-graph\">{\"@context\":\"https:\\\/\\\/schema.org\",\"@graph\":[{\"@type\":\"WebPage\",\"@id\":\"https:\\\/\\\/auslaenderaemter.com\\\/auslaenderamt-herbolzheim\\\/\",\"url\":\"https:\\\/\\\/auslaenderaemter.com\\\/auslaenderamt-herbolzheim\\\/\",\"name\":\"Ausl\u00e4nderamt Herbolzheim | Adresse, Kontakt und \u00d6ffnungszeiten\",\"isPartOf\":{\"@id\":\"https:\\\/\\\/auslaenderaemter.com\\\/#website\"},\"primaryImageOfPage\":{\"@id\":\"https:\\\/\\\/auslaenderaemter.com\\\/auslaenderamt-herbolzheim\\\/#primaryimage\"},\"image\":{\"@id\":\"https:\\\/\\\/auslaenderaemter.com\\\/auslaenderamt-herbolzheim\\\/#primaryimage\"},\"thumbnailUrl\":\"https:\\\/\\\/auslaenderaemter.com\\\/wp-content\\\/uploads\\\/2021\\\/01\\\/city-263069_640.jpg\",\"datePublished\":\"2021-02-13T16:39:18+00:00\",\"dateModified\":\"2022-07-04T16:29:29+00:00\",\"description\":\"Ausl\u00e4nderamt Herbolzheim | Adresse und Anschrift \u2713 Telefonnummer, Kontakt und \u00d6ffnungszeiten \u2713 Anfahrt \u2713 Ausl\u00e4nderbeh\u00f6rden in Deutschland\",\"breadcrumb\":{\"@id\":\"https:\\\/\\\/auslaenderaemter.com\\\/auslaenderamt-herbolzheim\\\/#breadcrumb\"},\"inLanguage\":\"ar\",\"potentialAction\":[{\"@type\":\"ReadAction\",\"target\":[\"https:\\\/\\\/auslaenderaemter.com\\\/auslaenderamt-herbolzheim\\\/\"]}]},{\"@type\":\"ImageObject\",\"inLanguage\":\"ar\",\"@id\":\"https:\\\/\\\/auslaenderaemter.com\\\/auslaenderamt-herbolzheim\\\/#primaryimage\",\"url\":\"https:\\\/\\\/auslaenderaemter.com\\\/wp-content\\\/uploads\\\/2021\\\/01\\\/city-263069_640.jpg\",\"contentUrl\":\"https:\\\/\\\/auslaenderaemter.com\\\/wp-content\\\/uploads\\\/2021\\\/01\\\/city-263069_640.jpg\",\"width\":640,\"height\":480,\"caption\":\"Ausl\u00e4nder\u00e4mter in Deutschland\"},{\"@type\":\"BreadcrumbList\",\"@id\":\"https:\\\/\\\/auslaenderaemter.com\\\/auslaenderamt-herbolzheim\\\/#breadcrumb\",\"itemListElement\":[{\"@type\":\"ListItem\",\"position\":1,\"name\":\"Startseite\",\"item\":\"https:\\\/\\\/auslaenderaemter.com\\\/\"},{\"@type\":\"ListItem\",\"position\":2,\"name\":\"Ausl\u00e4nderamt Herbolzheim\"}]},{\"@type\":\"WebSite\",\"@id\":\"https:\\\/\\\/auslaenderaemter.com\\\/#website\",\"url\":\"https:\\\/\\\/auslaenderaemter.com\\\/\",\"name\":\"auslaenderaemter.com\",\"description\":\"\",\"publisher\":{\"@id\":\"https:\\\/\\\/auslaenderaemter.com\\\/#organization\"},\"potentialAction\":[{\"@type\":\"SearchAction\",\"target\":{\"@type\":\"EntryPoint\",\"urlTemplate\":\"https:\\\/\\\/auslaenderaemter.com\\\/?s={search_term_string}\"},\"query-input\":{\"@type\":\"PropertyValueSpecification\",\"valueRequired\":true,\"valueName\":\"search_term_string\"}}],\"inLanguage\":\"ar\"},{\"@type\":\"Organization\",\"@id\":\"https:\\\/\\\/auslaenderaemter.com\\\/#organization\",\"name\":\"auslaenderaemter.com\",\"url\":\"https:\\\/\\\/auslaenderaemter.com\\\/\",\"logo\":{\"@type\":\"ImageObject\",\"inLanguage\":\"ar\",\"@id\":\"https:\\\/\\\/auslaenderaemter.com\\\/#\\\/schema\\\/logo\\\/image\\\/\",\"url\":\"https:\\\/\\\/auslaenderaemter.com\\\/wp-content\\\/uploads\\\/2021\\\/01\\\/cropped-Vollmond-info-13.png\",\"contentUrl\":\"https:\\\/\\\/auslaenderaemter.com\\\/wp-content\\\/uploads\\\/2021\\\/01\\\/cropped-Vollmond-info-13.png\",\"width\":500,\"height\":117,\"caption\":\"auslaenderaemter.com\"},\"image\":{\"@id\":\"https:\\\/\\\/auslaenderaemter.com\\\/#\\\/schema\\\/logo\\\/image\\\/\"}}]}<\/script>\n<!-- \/ Yoast SEO plugin. -->","yoast_head_json":{"title":"\u0645\u0643\u062a\u0628 \u0627\u0644\u0647\u062c\u0631\u0629 \u0647\u064a\u0631\u0628\u0648\u0644\u062a\u0633\u0647\u0627\u064a\u0645 | \u0627\u0644\u0639\u0646\u0648\u0627\u0646 \u0648\u0645\u0648\u0627\u0639\u064a\u062f \u0627\u0644\u0627\u062a\u0635\u0627\u0644 \u0648\u0645\u0648\u0627\u0639\u064a\u062f \u0627\u0644\u0639\u0645\u0644","description":"\u0645\u0643\u062a\u0628 \u0627\u0644\u0647\u062c\u0631\u0629 \u0647\u064a\u0631\u0628\u0648\u0644\u062a\u0633\u0647\u0627\u064a\u0645 | \u0627\u0644\u0639\u0646\u0648\u0627\u0646 \u0648\u0627\u0644\u0639\u0646\u0648\u0627\u0646 \u2713 \u0631\u0642\u0645 \u0627\u0644\u0647\u0627\u062a\u0641 \u0648\u0645\u0648\u0627\u0639\u064a\u062f \u0627\u0644\u0627\u062a\u0635\u0627\u0644 \u0648\u0645\u0648\u0627\u0639\u064a\u062f \u0627\u0644\u0639\u0645\u0644 \u2713 \u0627\u0644\u0627\u062a\u062c\u0627\u0647\u0627\u062a \u2713 \u0633\u0644\u0637\u0627\u062a \u0627\u0644\u0647\u062c\u0631\u0629 \u0641\u064a \u0623\u0644\u0645\u0627\u0646\u064a\u0627","robots":{"index":"index","follow":"follow","max-snippet":"max-snippet:-1","max-image-preview":"max-image-preview:large","max-video-preview":"max-video-preview:-1"},"canonical":"https:\/\/auslaenderaemter.com\/ar\/\u0648\u0632\u0627\u0631\u0629-\u0627\u0644\u062e\u0627\u0631\u062c\u064a\u0629-\u0647\u0631\u0628\u0648\u0644\u062a\u0633\u0647\u0627\u064a\u0645\/","og_locale":"ar_AR","og_type":"article","og_title":"Ausl\u00e4nderamt Herbolzheim | Adresse, Kontakt und \u00d6ffnungszeiten","og_description":"Ausl\u00e4nderamt Herbolzheim | Adresse und Anschrift \u2713 Telefonnummer, Kontakt und \u00d6ffnungszeiten \u2713 Anfahrt \u2713 Ausl\u00e4nderbeh\u00f6rden in Deutschland","og_url":"https:\/\/auslaenderaemter.com\/ar\/\u0648\u0632\u0627\u0631\u0629-\u0627\u0644\u062e\u0627\u0631\u062c\u064a\u0629-\u0647\u0631\u0628\u0648\u0644\u062a\u0633\u0647\u0627\u064a\u0645\/","og_site_name":"auslaenderaemter.com","article_modified_time":"2022-07-04T16:29:29+00:00","og_image":[{"width":640,"height":480,"url":"https:\/\/auslaenderaemter.com\/wp-content\/uploads\/2021\/01\/city-263069_640.jpg","type":"image\/jpeg"}],"twitter_card":"summary_large_image","twitter_misc":{"\u0648\u0642\u062a \u0627\u0644\u0642\u0631\u0627\u0621\u0629 \u0627\u0644\u0645\u064f\u0642\u062f\u0651\u0631":"\u062f\u0642\u064a\u0642\u0629 \u0648\u0627\u062d\u062f\u0629"},"schema":{"@context":"https:\/\/schema.org","@graph":[{"@type":"WebPage","@id":"https:\/\/auslaenderaemter.com\/auslaenderamt-herbolzheim\/","url":"https:\/\/auslaenderaemter.com\/auslaenderamt-herbolzheim\/","name":"\u0645\u0643\u062a\u0628 \u0627\u0644\u0647\u062c\u0631\u0629 \u0647\u064a\u0631\u0628\u0648\u0644\u062a\u0633\u0647\u0627\u064a\u0645 | \u0627\u0644\u0639\u0646\u0648\u0627\u0646 \u0648\u0645\u0648\u0627\u0639\u064a\u062f \u0627\u0644\u0627\u062a\u0635\u0627\u0644 \u0648\u0645\u0648\u0627\u0639\u064a\u062f \u0627\u0644\u0639\u0645\u0644","isPartOf":{"@id":"https:\/\/auslaenderaemter.com\/#website"},"primaryImageOfPage":{"@id":"https:\/\/auslaenderaemter.com\/auslaenderamt-herbolzheim\/#primaryimage"},"image":{"@id":"https:\/\/auslaenderaemter.com\/auslaenderamt-herbolzheim\/#primaryimage"},"thumbnailUrl":"https:\/\/auslaenderaemter.com\/wp-content\/uploads\/2021\/01\/city-263069_640.jpg","datePublished":"2021-02-13T16:39:18+00:00","dateModified":"2022-07-04T16:29:29+00:00","description":"\u0645\u0643\u062a\u0628 \u0627\u0644\u0647\u062c\u0631\u0629 \u0647\u064a\u0631\u0628\u0648\u0644\u062a\u0633\u0647\u0627\u064a\u0645 | \u0627\u0644\u0639\u0646\u0648\u0627\u0646 \u0648\u0627\u0644\u0639\u0646\u0648\u0627\u0646 \u2713 \u0631\u0642\u0645 \u0627\u0644\u0647\u0627\u062a\u0641 \u0648\u0645\u0648\u0627\u0639\u064a\u062f \u0627\u0644\u0627\u062a\u0635\u0627\u0644 \u0648\u0645\u0648\u0627\u0639\u064a\u062f \u0627\u0644\u0639\u0645\u0644 \u2713 \u0627\u0644\u0627\u062a\u062c\u0627\u0647\u0627\u062a \u2713 \u0633\u0644\u0637\u0627\u062a \u0627\u0644\u0647\u062c\u0631\u0629 \u0641\u064a \u0623\u0644\u0645\u0627\u0646\u064a\u0627","breadcrumb":{"@id":"https:\/\/auslaenderaemter.com\/auslaenderamt-herbolzheim\/#breadcrumb"},"inLanguage":"ar","potentialAction":[{"@type":"ReadAction","target":["https:\/\/auslaenderaemter.com\/auslaenderamt-herbolzheim\/"]}]},{"@type":"ImageObject","inLanguage":"ar","@id":"https:\/\/auslaenderaemter.com\/auslaenderamt-herbolzheim\/#primaryimage","url":"https:\/\/auslaenderaemter.com\/wp-content\/uploads\/2021\/01\/city-263069_640.jpg","contentUrl":"https:\/\/auslaenderaemter.com\/wp-content\/uploads\/2021\/01\/city-263069_640.jpg","width":640,"height":480,"caption":"Ausl\u00e4nder\u00e4mter in Deutschland"},{"@type":"BreadcrumbList","@id":"https:\/\/auslaenderaemter.com\/auslaenderamt-herbolzheim\/#breadcrumb","itemListElement":[{"@type":"ListItem","position":1,"name":"Startseite","item":"https:\/\/auslaenderaemter.com\/"},{"@type":"ListItem","position":2,"name":"Ausl\u00e4nderamt Herbolzheim"}]},{"@type":"WebSite","@id":"https:\/\/auslaenderaemter.com\/#website","url":"https:\/\/auslaenderaemter.com\/","name":"auslaenderaemter.com","description":"","publisher":{"@id":"https:\/\/auslaenderaemter.com\/#organization"},"potentialAction":[{"@type":"SearchAction","target":{"@type":"EntryPoint","urlTemplate":"https:\/\/auslaenderaemter.com\/?s={search_term_string}"},"query-input":{"@type":"PropertyValueSpecification","valueRequired":true,"valueName":"search_term_string"}}],"inLanguage":"ar"},{"@type":"Organization","@id":"https:\/\/auslaenderaemter.com\/#organization","name":"auslaenderaemter.com","url":"https:\/\/auslaenderaemter.com\/","logo":{"@type":"ImageObject","inLanguage":"ar","@id":"https:\/\/auslaenderaemter.com\/#\/schema\/logo\/image\/","url":"https:\/\/auslaenderaemter.com\/wp-content\/uploads\/2021\/01\/cropped-Vollmond-info-13.png","contentUrl":"https:\/\/auslaenderaemter.com\/wp-content\/uploads\/2021\/01\/cropped-Vollmond-info-13.png","width":500,"height":117,"caption":"auslaenderaemter.com"},"image":{"@id":"https:\/\/auslaenderaemter.com\/#\/schema\/logo\/image\/"}}]}},"_links":{"self":[{"href":"https:\/\/auslaenderaemter.com\/ar\/wp-json\/wp\/v2\/pages\/1609","targetHints":{"allow":["GET"]}}],"collection":[{"href":"https:\/\/auslaenderaemter.com\/ar\/wp-json\/wp\/v2\/pages"}],"about":[{"href":"https:\/\/auslaenderaemter.com\/ar\/wp-json\/wp\/v2\/types\/page"}],"author":[{"embeddable":true,"href":"https:\/\/auslaenderaemter.com\/ar\/wp-json\/wp\/v2\/users\/1"}],"replies":[{"embeddable":true,"href":"https:\/\/auslaenderaemter.com\/ar\/wp-json\/wp\/v2\/comments?post=1609"}],"version-history":[{"count":0,"href":"https:\/\/auslaenderaemter.com\/ar\/wp-json\/wp\/v2\/pages\/1609\/revisions"}],"wp:featuredmedia":[{"embeddable":true,"href":"https:\/\/auslaenderaemter.com\/ar\/wp-json\/wp\/v2\/media\/37"}],"wp:attachment":[{"href":"https:\/\/auslaenderaemter.com\/ar\/wp-json\/wp\/v2\/media?parent=1609"}],"curies":[{"name":"\u0648\u0648\u0631\u062f\u0628\u0631\u064a\u0633","href":"https:\/\/api.w.org\/{rel}","templated":true}]}}