{"id":4046,"date":"2023-06-12T16:41:00","date_gmt":"2023-06-12T14:41:00","guid":{"rendered":"https:\/\/auslaenderaemter.com\/?page_id=4046"},"modified":"2023-06-12T16:41:00","modified_gmt":"2023-06-12T14:41:00","slug":"duldung","status":"publish","type":"page","link":"https:\/\/auslaenderaemter.com\/ar\/\u0627\u0644\u062a\u0633\u0627\u0645\u062d\/","title":{"rendered":"\u0627\u0644\u062a\u0633\u0627\u0645\u062d"},"content":{"rendered":"<p>Duldung \u0647\u0648 \u0639\u0627\u0645\u0644 \u0645\u0647\u0645 \u0641\u064a \u0642\u0627\u0646\u0648\u0646 \u0627\u0644\u0647\u062c\u0631\u0629 \u0627\u0644\u0623\u0644\u0645\u0627\u0646\u064a \u0648\u0644\u0647 \u062a\u0623\u062b\u064a\u0631 \u0639\u0644\u0649 \u062d\u064a\u0627\u0629 \u0627\u0644\u0643\u062b\u064a\u0631 \u0645\u0646 \u0627\u0644\u0646\u0627\u0633 \u0641\u064a \u0623\u0644\u0645\u0627\u0646\u064a\u0627. \u0641\u064a \u0647\u0630\u0647 \u0627\u0644\u0645\u0642\u0627\u0644\u0629 \u060c \u0646\u0646\u0638\u0631 \u0625\u0644\u0649 \u0645\u0627 \u064a\u0639\u0646\u064a\u0647 Duldung \u060c \u0648\u0645\u0646 \u064a\u062d\u0642 \u0644\u0647 \u060c \u0648\u0627\u0644\u0622\u062b\u0627\u0631 \u0627\u0644\u0642\u0627\u0646\u0648\u0646\u064a\u0629.<\/p>\n<h2>\u0645\u0627 \u0647\u0648 \u0627\u0644\u062a\u0633\u0627\u0645\u062d\u061f<\/h2>\n<p>\u0627\u0644\u062a\u0633\u0627\u0645\u062d <strong>\u0644\u0627 \u064a\u0648\u062c\u062f \u062a\u0635\u0631\u064a\u062d \u0625\u0642\u0627\u0645\u0629<\/strong>\u060c \u0648\u0644\u0643\u0646 \u0623 <strong>\u0627\u0644\u062a\u0639\u0644\u064a\u0642 \u0627\u0644\u0645\u0624\u0642\u062a \u0644\u0644\u062a\u0631\u062d\u064a\u0644<\/strong> \u0645\u0646 \u0642\u0628\u0644 \u0627\u0644\u0623\u062c\u0627\u0646\u0628 \u0627\u0644\u0630\u064a\u0646 \u0633\u064a\u0636\u0637\u0631\u0648\u0646 \u0641\u0639\u0644\u064a\u064b\u0627 \u0625\u0644\u0649 \u0645\u063a\u0627\u062f\u0631\u0629 \u0627\u0644\u0628\u0644\u0627\u062f. \u0647\u064a \u0645\u0646 <a href=\"https:\/\/auslaenderaemter.com\/ar\/\">\u0627\u0644\u0633\u0644\u0637\u0627\u062a \u0627\u0644\u0645\u0633\u0624\u0648\u0644\u0629 \u0639\u0646 \u0627\u0644\u0647\u062c\u0631\u0629<\/a>\u00a0\u064a\u064f\u0645\u0646\u062d \u0625\u0630\u0627 \u0643\u0627\u0646 \u0627\u0644\u062a\u0631\u062d\u064a\u0644 \u0644\u0627 \u064a\u0645\u0643\u0646 \u062a\u0646\u0641\u064a\u0630\u0647 \u0645\u0624\u0642\u062a\u064b\u0627 \u0644\u0623\u0633\u0628\u0627\u0628 \u0642\u0627\u0646\u0648\u0646\u064a\u0629 \u0623\u0648 \u0648\u0627\u0642\u0639\u064a\u0629.<\/p>\n<p>\u064a\u0633\u0645\u062d Duldung \u0644\u0644\u0634\u062e\u0635 \u0627\u0644\u0645\u0639\u0646\u064a \u0628\u0627\u0644\u0628\u0642\u0627\u0621 \u0645\u0624\u0642\u062a\u064b\u0627 \u0641\u064a \u0623\u0644\u0645\u0627\u0646\u064a\u0627 \u062d\u062a\u0649 \u062a\u062e\u062a\u0641\u064a \u0623\u0633\u0628\u0627\u0628 \u062a\u0639\u0644\u064a\u0642 \u0627\u0644\u062a\u0631\u062d\u064a\u0644. \u0648\u0645\u0639 \u0630\u0644\u0643 \u060c \u0641\u0625\u0646\u0647 \u064a\u0623\u062a\u064a \u0645\u0639 \u0642\u064a\u0648\u062f \u060c \u0645\u062b\u0644 \u0627\u0644\u0648\u0635\u0648\u0644 \u0627\u0644\u0645\u062d\u062f\u0648\u062f \u0625\u0644\u0649 \u0633\u0648\u0642 \u0627\u0644\u0639\u0645\u0644 \u0648\u0627\u0644\u0645\u0632\u0627\u064a\u0627 \u0627\u0644\u0627\u062c\u062a\u0645\u0627\u0639\u064a\u0629.<\/p>\n<h2>\u0634\u0631\u0648\u0637 \u0627\u0644\u062a\u0633\u0627\u0645\u062d<\/h2>\n<p>\u064a\u064f\u0645\u0646\u062d \u0627\u0644\u062a\u0633\u0627\u0645\u062d \u0639\u0627\u062f\u0629\u064b \u0641\u064a \u0638\u0644 \u0634\u0631\u0648\u0637 \u0645\u0639\u064a\u0646\u0629:<\/p>\n<ol>\n<li><strong>\u0645\u0639\u0648\u0642\u0627\u062a \u0642\u0627\u0646\u0648\u0646\u064a\u0629 \u0623\u0648 \u0648\u0627\u0642\u0639\u064a\u0629 \u0644\u0644\u062a\u0631\u062d\u064a\u0644:<\/strong> \u064a\u0645\u0643\u0646 \u0623\u0646 \u062a\u0648\u062c\u062f \u0647\u0630\u0647 \u060c \u0639\u0644\u0649 \u0633\u0628\u064a\u0644 \u0627\u0644\u0645\u062b\u0627\u0644 \u060c \u0625\u0630\u0627 \u062a\u0645 \u062a\u0647\u062f\u064a\u062f \u0627\u0644\u0623\u062c\u0646\u0628\u064a \u0628\u0627\u0644\u062a\u0639\u0630\u064a\u0628 \u0623\u0648 \u0639\u0642\u0648\u0628\u0629 \u0627\u0644\u0625\u0639\u062f\u0627\u0645 \u0641\u064a \u0648\u0637\u0646\u0647 \u060c \u0625\u0630\u0627 \u0644\u0645 \u062a\u0643\u0646 \u0647\u0646\u0627\u0643 \u0648\u062b\u0627\u0626\u0642 \u0633\u0641\u0631 \u0623\u0648 \u0625\u0630\u0627 \u0643\u0627\u0646 \u0627\u0644\u0634\u062e\u0635 \u0627\u0644\u0645\u0639\u0646\u064a \u063a\u064a\u0631 \u0642\u0627\u062f\u0631 \u0639\u0644\u0649 \u0627\u0644\u0633\u0641\u0631 \u0644\u0623\u0633\u0628\u0627\u0628 \u0635\u062d\u064a\u0629.<\/li>\n<li><strong>\u0639\u062f\u0645 \u0627\u0644\u0645\u0634\u0627\u0631\u0643\u0629 \u0641\u064a \u0639\u0642\u0628\u0629 \u0627\u0644\u062a\u0631\u062d\u064a\u0644:<\/strong> \u0639\u0627\u062f\u0629 \u0644\u0627 \u064a\u064f\u0645\u0646\u062d Duldung \u0625\u0644\u0627 \u0625\u0630\u0627 \u0643\u0627\u0646 \u0627\u0644\u0634\u062e\u0635 \u0627\u0644\u0645\u0639\u0646\u064a \u063a\u064a\u0631 \u0645\u0633\u0624\u0648\u0644 \u0639\u0646 \u0639\u0642\u0628\u0629 \u0627\u0644\u062a\u0631\u062d\u064a\u0644.<\/li>\n<\/ol>\n<h2>\u0627\u0644\u062a\u0628\u0639\u0627\u062a \u0627\u0644\u0642\u0627\u0646\u0648\u0646\u064a\u0629 \u0644\u0644\u062a\u0633\u0627\u0645\u062d<\/h2>\n<p>\u0627\u0644\u062a\u0633\u0627\u0645\u062d \u0644\u0647 \u0639\u062f\u062f \u0645\u0646 \u0627\u0644\u062a\u0628\u0639\u0627\u062a \u0627\u0644\u0642\u0627\u0646\u0648\u0646\u064a\u0629 \u0644\u0644\u0645\u062a\u0636\u0631\u0631\u064a\u0646:<\/p>\n<ol>\n<li><strong>\u0642\u064a\u0648\u062f \u0627\u0644\u0625\u0642\u0627\u0645\u0629:<\/strong> \u064a\u0645\u0643\u0646 \u0644\u0644\u0623\u0634\u062e\u0627\u0635 \u0627\u0644\u0630\u064a\u0646 \u064a\u0639\u0627\u0646\u0648\u0646 \u0645\u0646 Duldung \u0641\u064a \u0643\u062b\u064a\u0631 \u0645\u0646 \u0627\u0644\u0623\u062d\u064a\u0627\u0646 \u0627\u0644\u0639\u064a\u0634 \u0648\u0627\u0644\u0633\u0641\u0631 \u0641\u064a \u0645\u0646\u0637\u0642\u0629 \u062c\u063a\u0631\u0627\u0641\u064a\u0629 \u0645\u0639\u064a\u0646\u0629 \u0641\u0642\u0637. \u0643\u0642\u0627\u0639\u062f\u0629 \u0639\u0627\u0645\u0629 \u060c \u0644\u0627 \u064a\u064f\u0633\u0645\u062d \u0644\u0647\u0645 \u0628\u0645\u063a\u0627\u062f\u0631\u0629 \u0627\u0644\u0645\u0646\u0637\u0642\u0629 \u0627\u0644\u0645\u062e\u0635\u0635\u0629 \u062f\u0648\u0646 \u0625\u0630\u0646.<\/li>\n<li><strong>\u0627\u0644\u0648\u0635\u0648\u0644 \u0627\u0644\u0645\u0642\u064a\u062f \u0625\u0644\u0649 \u0633\u0648\u0642 \u0627\u0644\u0639\u0645\u0644:<\/strong> \u063a\u0627\u0644\u0628\u064b\u0627 \u0645\u0627 \u064a\u0643\u0648\u0646 \u0644\u0644\u0623\u0634\u062e\u0627\u0635 \u0627\u0644\u0630\u064a\u0646 \u0644\u062f\u064a\u0647\u0645 Duldung \u0648\u0635\u0648\u0644 \u0645\u062d\u062f\u0648\u062f \u0625\u0644\u0649 \u0633\u0648\u0642 \u0627\u0644\u0639\u0645\u0644. \u0643\u0642\u0627\u0639\u062f\u0629 \u0639\u0627\u0645\u0629 \u060c \u0644\u0627 \u064a\u062c\u0648\u0632 \u0644\u0647\u0645 \u0627\u0644\u0639\u0645\u0644 \u0625\u0644\u0627 \u0628\u0639\u062f \u0641\u062a\u0631\u0629 \u0627\u0646\u062a\u0638\u0627\u0631 \u0645\u062f\u062a\u0647\u0627 \u062b\u0644\u0627\u062b\u0629 \u0623\u0634\u0647\u0631 \u0648\u064a\u062a\u0637\u0644\u0628\u0648\u0646 \u0645\u0648\u0627\u0641\u0642\u0629 \u0633\u0644\u0637\u0627\u062a \u0627\u0644\u0647\u062c\u0631\u0629 \u0648\u0648\u0643\u0627\u0644\u0629 \u0627\u0644\u062a\u0648\u0638\u064a\u0641 \u0627\u0644\u0641\u064a\u062f\u0631\u0627\u0644\u064a\u0629.<\/li>\n<li><strong>\u0627\u0644\u0645\u0646\u0627\u0641\u0639 \u0627\u0644\u0627\u062c\u062a\u0645\u0627\u0639\u064a\u0629:<\/strong> \u064a\u062d\u0642 \u0644\u0644\u0623\u0634\u062e\u0627\u0635 \u0627\u0644\u0630\u064a\u0646 \u0644\u062f\u064a\u0647\u0645 &quot;Duldung&quot; \u0628\u0634\u0643\u0644 \u0639\u0627\u0645 \u0627\u0644\u062d\u0635\u0648\u0644 \u0639\u0644\u0649 \u0645\u0632\u0627\u064a\u0627 \u0648\u0641\u0642\u064b\u0627 \u0644\u0640 <a href=\"https:\/\/www.asyl.net\/themen\/sozialrecht\/asylbewerberleistungsgesetz#:~:text=Das%20Asylbewerberleistungsgesetz%20(AsylbLG)%20regelt%20den,)%2C%20sofern%20sie%20hilfsbed%C3%BCrftig%20sind.\" target=\"_blank\" rel=\"noopener\">\u0642\u0627\u0646\u0648\u0646 \u0627\u0633\u062a\u062d\u0642\u0627\u0642\u0627\u062a \u0637\u0627\u0644\u0628\u064a \u0627\u0644\u0644\u062c\u0648\u0621<\/a>\u0627\u0644\u0630\u064a\u0646 \u0647\u0645 \u062f\u0648\u0646 \u0645\u0633\u062a\u0648\u0649 \u0627\u0644\u0631\u0641\u0627\u0647\u064a\u0629.<\/li>\n<\/ol>\n<h2>\u062e\u0627\u062a\u0645\u0629<\/h2>\n<p>\u0627\u0644\u062a\u0633\u0627\u0645\u062d \u062c\u0632\u0621 \u0645\u0647\u0645 \u0645\u0646 \u0642\u0627\u0646\u0648\u0646 \u0627\u0644\u0647\u062c\u0631\u0629 \u0627\u0644\u0623\u0644\u0645\u0627\u0646\u064a. \u064a\u0648\u0641\u0631 \u0644\u0644\u0623\u0634\u062e\u0627\u0635 \u0627\u0644\u0630\u064a\u0646 \u064a\u0636\u0637\u0631\u0648\u0646 \u0641\u0639\u0644\u064a\u064b\u0627 \u0625\u0644\u0649 \u0645\u063a\u0627\u062f\u0631\u0629 \u0627\u0644\u0628\u0644\u0627\u062f \u062d\u0645\u0627\u064a\u0629 \u0645\u0624\u0642\u062a\u0629 \u0645\u0646 \u0627\u0644\u062a\u0631\u062d\u064a\u0644. \u0641\u064a \u0627\u0644\u0648\u0642\u062a \u0646\u0641\u0633\u0647 \u060c \u064a\u0623\u062a\u064a \u0645\u0639 \u0642\u064a\u0648\u062f \u0643\u0628\u064a\u0631\u0629. \u0645\u0646 \u0627\u0644\u0645\u0647\u0645 \u0623\u0646 \u064a\u062f\u0631\u0643 \u0627\u0644\u0623\u0634\u062e\u0627\u0635 \u0627\u0644\u0630\u064a\u0646 \u064a\u062a\u0644\u0642\u0648\u0646 \u0627\u0644\u062a\u0633\u0627\u0645\u062d \u062d\u0642\u0648\u0642\u0647\u0645 \u0648\u0648\u0627\u062c\u0628\u0627\u062a\u0647\u0645 \u0648\u0623\u0646 \u064a\u0633\u0639\u0648\u0627 \u0644\u0644\u062d\u0635\u0648\u0644 \u0639\u0644\u0649 \u0627\u0644\u0645\u0634\u0648\u0631\u0629 \u0627\u0644\u0642\u0627\u0646\u0648\u0646\u064a\u0629 \u0627\u0644\u0645\u0646\u0627\u0633\u0628\u0629.<\/p>","protected":false},"excerpt":{"rendered":"<p>\u064a\u0639\u062f \u0627\u0644\u062a\u0633\u0627\u0645\u062d \u0639\u0627\u0645\u0644\u0627\u064b \u0645\u0647\u0645\u064b\u0627 \u0641\u064a \u0642\u0627\u0646\u0648\u0646 \u0627\u0644\u0647\u062c\u0631\u0629 \u0627\u0644\u0623\u0644\u0645\u0627\u0646\u064a \u0648\u0644\u0647 \u062a\u0623\u062b\u064a\u0631 \u0639\u0644\u0649 \u062d\u064a\u0627\u0629 \u0627\u0644\u0643\u062b\u064a\u0631 \u0645\u0646 \u0627\u0644\u0623\u0634\u062e\u0627\u0635 \u0641\u064a \u0623\u0644\u0645\u0627\u0646\u064a\u0627. \u0648\u0641\u064a \u0647\u0630\u0627 \u0627\u0644\u0645\u0642\u0627\u0644 \u0646\u062a\u0646\u0627\u0648\u0644 \u0645\u0639\u0646\u0649 \u0627\u0644\u062a\u0633\u0627\u0645\u062d \u0648\u0645\u0646 \u064a\u062d\u0642 \u0644\u0647 \u0648\u0645\u0627 \u0647\u064a \u0627\u0644\u0622\u062b\u0627\u0631 \u0627\u0644\u0642\u0627\u0646\u0648\u0646\u064a\u0629 \u0627\u0644\u0645\u062a\u0631\u062a\u0628\u0629 \u0639\u0644\u064a\u0647. \u0645\u0627 \u0647\u0648 \u0627\u0644\u062a\u0633\u0627\u0645\u062d\u061f \u0627\u0644\u062a\u0633\u0627\u0645\u062d \u0644\u064a\u0633 \u062a\u0635\u0631\u064a\u062d \u0625\u0642\u0627\u0645\u0629\u060c \u0628\u0644 \u062a\u0639\u0644\u064a\u0642 \u0645\u0624\u0642\u062a \u0644\u062a\u0631\u062d\u064a\u0644 \u0627\u0644\u0623\u062c\u0627\u0646\u0628...&nbsp;<a href=\"https:\/\/auslaenderaemter.com\/ar\/\u0627\u0644\u062a\u0633\u0627\u0645\u062d\/\" rel=\"bookmark\">\u0627\u0642\u0631\u0623 \u0627\u0644\u0645\u0632\u064a\u062f \u00bb<span class=\"screen-reader-text\">\u0627\u0644\u062a\u0633\u0627\u0645\u062d<\/span><\/a><\/p>","protected":false},"author":1,"featured_media":9,"parent":0,"menu_order":0,"comment_status":"closed","ping_status":"closed","template":"","meta":{"neve_meta_sidebar":"","neve_meta_container":"","neve_meta_enable_content_width":"off","neve_meta_content_width":100,"neve_meta_title_alignment":"","neve_meta_author_avatar":"","neve_post_elements_order":"","neve_meta_disable_header":"","neve_meta_disable_footer":"","neve_meta_disable_title":"","neve_meta_reading_time":"","footnotes":""},"class_list":["post-4046","page","type-page","status-publish","has-post-thumbnail","hentry"],"yoast_head":"<!-- This site is optimized with the Yoast SEO plugin v27.3 - https:\/\/yoast.com\/product\/yoast-seo-wordpress\/ -->\n<title>Ausl\u00e4nder und Duldung in Deutschland - auslaenderaemter.com<\/title>\n<meta name=\"description\" content=\"Erfahren Sie mehr \u00fcber die Duldung in Deutschland: ihre Bedeutung, Voraussetzungen und die rechtlichen Konsequenzen f\u00fcr Ausl\u00e4nder.\" \/>\n<meta name=\"robots\" content=\"index, follow, max-snippet:-1, max-image-preview:large, max-video-preview:-1\" \/>\n<link rel=\"canonical\" href=\"https:\/\/auslaenderaemter.com\/ar\/\u0627\u0644\u062a\u0633\u0627\u0645\u062d\/\" \/>\n<meta property=\"og:locale\" content=\"ar_AR\" \/>\n<meta property=\"og:type\" content=\"article\" \/>\n<meta property=\"og:title\" content=\"Ausl\u00e4nder und Duldung in Deutschland - auslaenderaemter.com\" \/>\n<meta property=\"og:description\" content=\"Erfahren Sie mehr \u00fcber die Duldung in Deutschland: ihre Bedeutung, Voraussetzungen und die rechtlichen Konsequenzen f\u00fcr Ausl\u00e4nder.\" \/>\n<meta property=\"og:url\" content=\"https:\/\/auslaenderaemter.com\/ar\/\u0627\u0644\u062a\u0633\u0627\u0645\u062d\/\" \/>\n<meta property=\"og:site_name\" content=\"auslaenderaemter.com\" \/>\n<meta property=\"og:image\" content=\"https:\/\/auslaenderaemter.com\/wp-content\/uploads\/2021\/01\/Vollmond-info-13.png\" \/>\n\t<meta property=\"og:image:width\" content=\"500\" \/>\n\t<meta property=\"og:image:height\" content=\"500\" \/>\n\t<meta property=\"og:image:type\" content=\"image\/png\" \/>\n<meta name=\"twitter:card\" content=\"summary_large_image\" \/>\n<meta name=\"twitter:label1\" content=\"\u0648\u0642\u062a \u0627\u0644\u0642\u0631\u0627\u0621\u0629 \u0627\u0644\u0645\u064f\u0642\u062f\u0651\u0631\" \/>\n\t<meta name=\"twitter:data1\" content=\"\u062f\u0642\u064a\u0642\u062a\u0627\u0646\" \/>\n<script type=\"application\/ld+json\" class=\"yoast-schema-graph\">{\"@context\":\"https:\\\/\\\/schema.org\",\"@graph\":[{\"@type\":\"WebPage\",\"@id\":\"https:\\\/\\\/auslaenderaemter.com\\\/duldung\\\/\",\"url\":\"https:\\\/\\\/auslaenderaemter.com\\\/duldung\\\/\",\"name\":\"Ausl\u00e4nder und Duldung in Deutschland - auslaenderaemter.com\",\"isPartOf\":{\"@id\":\"https:\\\/\\\/auslaenderaemter.com\\\/#website\"},\"primaryImageOfPage\":{\"@id\":\"https:\\\/\\\/auslaenderaemter.com\\\/duldung\\\/#primaryimage\"},\"image\":{\"@id\":\"https:\\\/\\\/auslaenderaemter.com\\\/duldung\\\/#primaryimage\"},\"thumbnailUrl\":\"https:\\\/\\\/auslaenderaemter.com\\\/wp-content\\\/uploads\\\/2021\\\/01\\\/Vollmond-info-13.png\",\"datePublished\":\"2023-06-12T14:41:00+00:00\",\"description\":\"Erfahren Sie mehr \u00fcber die Duldung in Deutschland: ihre Bedeutung, Voraussetzungen und die rechtlichen Konsequenzen f\u00fcr Ausl\u00e4nder.\",\"breadcrumb\":{\"@id\":\"https:\\\/\\\/auslaenderaemter.com\\\/duldung\\\/#breadcrumb\"},\"inLanguage\":\"ar\",\"potentialAction\":[{\"@type\":\"ReadAction\",\"target\":[\"https:\\\/\\\/auslaenderaemter.com\\\/duldung\\\/\"]}]},{\"@type\":\"ImageObject\",\"inLanguage\":\"ar\",\"@id\":\"https:\\\/\\\/auslaenderaemter.com\\\/duldung\\\/#primaryimage\",\"url\":\"https:\\\/\\\/auslaenderaemter.com\\\/wp-content\\\/uploads\\\/2021\\\/01\\\/Vollmond-info-13.png\",\"contentUrl\":\"https:\\\/\\\/auslaenderaemter.com\\\/wp-content\\\/uploads\\\/2021\\\/01\\\/Vollmond-info-13.png\",\"width\":500,\"height\":500,\"caption\":\"Abschiebung\"},{\"@type\":\"BreadcrumbList\",\"@id\":\"https:\\\/\\\/auslaenderaemter.com\\\/duldung\\\/#breadcrumb\",\"itemListElement\":[{\"@type\":\"ListItem\",\"position\":1,\"name\":\"Startseite\",\"item\":\"https:\\\/\\\/auslaenderaemter.com\\\/\"},{\"@type\":\"ListItem\",\"position\":2,\"name\":\"Duldung\"}]},{\"@type\":\"WebSite\",\"@id\":\"https:\\\/\\\/auslaenderaemter.com\\\/#website\",\"url\":\"https:\\\/\\\/auslaenderaemter.com\\\/\",\"name\":\"auslaenderaemter.com\",\"description\":\"\",\"publisher\":{\"@id\":\"https:\\\/\\\/auslaenderaemter.com\\\/#organization\"},\"potentialAction\":[{\"@type\":\"SearchAction\",\"target\":{\"@type\":\"EntryPoint\",\"urlTemplate\":\"https:\\\/\\\/auslaenderaemter.com\\\/?s={search_term_string}\"},\"query-input\":{\"@type\":\"PropertyValueSpecification\",\"valueRequired\":true,\"valueName\":\"search_term_string\"}}],\"inLanguage\":\"ar\"},{\"@type\":\"Organization\",\"@id\":\"https:\\\/\\\/auslaenderaemter.com\\\/#organization\",\"name\":\"auslaenderaemter.com\",\"url\":\"https:\\\/\\\/auslaenderaemter.com\\\/\",\"logo\":{\"@type\":\"ImageObject\",\"inLanguage\":\"ar\",\"@id\":\"https:\\\/\\\/auslaenderaemter.com\\\/#\\\/schema\\\/logo\\\/image\\\/\",\"url\":\"https:\\\/\\\/auslaenderaemter.com\\\/wp-content\\\/uploads\\\/2021\\\/01\\\/cropped-Vollmond-info-13.png\",\"contentUrl\":\"https:\\\/\\\/auslaenderaemter.com\\\/wp-content\\\/uploads\\\/2021\\\/01\\\/cropped-Vollmond-info-13.png\",\"width\":500,\"height\":117,\"caption\":\"auslaenderaemter.com\"},\"image\":{\"@id\":\"https:\\\/\\\/auslaenderaemter.com\\\/#\\\/schema\\\/logo\\\/image\\\/\"}}]}<\/script>\n<!-- \/ Yoast SEO plugin. -->","yoast_head_json":{"title":"\u0627\u0644\u0623\u062c\u0627\u0646\u0628 \u0648 Duldung \u0641\u064a \u0623\u0644\u0645\u0627\u0646\u064a\u0627 - auslaenderaemter.com","description":"\u062a\u0639\u0631\u0641 \u0639\u0644\u0649 \u0627\u0644\u0645\u0632\u064a\u062f \u062d\u0648\u0644 Duldung \u0641\u064a \u0623\u0644\u0645\u0627\u0646\u064a\u0627: \u0645\u0639\u0646\u0627\u0647\u0627 \u0648\u0645\u062a\u0637\u0644\u0628\u0627\u062a\u0647\u0627 \u0648\u0627\u0644\u0639\u0648\u0627\u0642\u0628 \u0627\u0644\u0642\u0627\u0646\u0648\u0646\u064a\u0629 \u0644\u0644\u0623\u062c\u0627\u0646\u0628.","robots":{"index":"index","follow":"follow","max-snippet":"max-snippet:-1","max-image-preview":"max-image-preview:large","max-video-preview":"max-video-preview:-1"},"canonical":"https:\/\/auslaenderaemter.com\/ar\/\u0627\u0644\u062a\u0633\u0627\u0645\u062d\/","og_locale":"ar_AR","og_type":"article","og_title":"Ausl\u00e4nder und Duldung in Deutschland - auslaenderaemter.com","og_description":"Erfahren Sie mehr \u00fcber die Duldung in Deutschland: ihre Bedeutung, Voraussetzungen und die rechtlichen Konsequenzen f\u00fcr Ausl\u00e4nder.","og_url":"https:\/\/auslaenderaemter.com\/ar\/\u0627\u0644\u062a\u0633\u0627\u0645\u062d\/","og_site_name":"auslaenderaemter.com","og_image":[{"width":500,"height":500,"url":"https:\/\/auslaenderaemter.com\/wp-content\/uploads\/2021\/01\/Vollmond-info-13.png","type":"image\/png"}],"twitter_card":"summary_large_image","twitter_misc":{"\u0648\u0642\u062a \u0627\u0644\u0642\u0631\u0627\u0621\u0629 \u0627\u0644\u0645\u064f\u0642\u062f\u0651\u0631":"\u062f\u0642\u064a\u0642\u062a\u0627\u0646"},"schema":{"@context":"https:\/\/schema.org","@graph":[{"@type":"WebPage","@id":"https:\/\/auslaenderaemter.com\/duldung\/","url":"https:\/\/auslaenderaemter.com\/duldung\/","name":"\u0627\u0644\u0623\u062c\u0627\u0646\u0628 \u0648 Duldung \u0641\u064a \u0623\u0644\u0645\u0627\u0646\u064a\u0627 - auslaenderaemter.com","isPartOf":{"@id":"https:\/\/auslaenderaemter.com\/#website"},"primaryImageOfPage":{"@id":"https:\/\/auslaenderaemter.com\/duldung\/#primaryimage"},"image":{"@id":"https:\/\/auslaenderaemter.com\/duldung\/#primaryimage"},"thumbnailUrl":"https:\/\/auslaenderaemter.com\/wp-content\/uploads\/2021\/01\/Vollmond-info-13.png","datePublished":"2023-06-12T14:41:00+00:00","description":"\u062a\u0639\u0631\u0641 \u0639\u0644\u0649 \u0627\u0644\u0645\u0632\u064a\u062f \u062d\u0648\u0644 Duldung \u0641\u064a \u0623\u0644\u0645\u0627\u0646\u064a\u0627: \u0645\u0639\u0646\u0627\u0647\u0627 \u0648\u0645\u062a\u0637\u0644\u0628\u0627\u062a\u0647\u0627 \u0648\u0627\u0644\u0639\u0648\u0627\u0642\u0628 \u0627\u0644\u0642\u0627\u0646\u0648\u0646\u064a\u0629 \u0644\u0644\u0623\u062c\u0627\u0646\u0628.","breadcrumb":{"@id":"https:\/\/auslaenderaemter.com\/duldung\/#breadcrumb"},"inLanguage":"ar","potentialAction":[{"@type":"ReadAction","target":["https:\/\/auslaenderaemter.com\/duldung\/"]}]},{"@type":"ImageObject","inLanguage":"ar","@id":"https:\/\/auslaenderaemter.com\/duldung\/#primaryimage","url":"https:\/\/auslaenderaemter.com\/wp-content\/uploads\/2021\/01\/Vollmond-info-13.png","contentUrl":"https:\/\/auslaenderaemter.com\/wp-content\/uploads\/2021\/01\/Vollmond-info-13.png","width":500,"height":500,"caption":"Abschiebung"},{"@type":"BreadcrumbList","@id":"https:\/\/auslaenderaemter.com\/duldung\/#breadcrumb","itemListElement":[{"@type":"ListItem","position":1,"name":"Startseite","item":"https:\/\/auslaenderaemter.com\/"},{"@type":"ListItem","position":2,"name":"Duldung"}]},{"@type":"WebSite","@id":"https:\/\/auslaenderaemter.com\/#website","url":"https:\/\/auslaenderaemter.com\/","name":"auslaenderaemter.com","description":"","publisher":{"@id":"https:\/\/auslaenderaemter.com\/#organization"},"potentialAction":[{"@type":"SearchAction","target":{"@type":"EntryPoint","urlTemplate":"https:\/\/auslaenderaemter.com\/?s={search_term_string}"},"query-input":{"@type":"PropertyValueSpecification","valueRequired":true,"valueName":"search_term_string"}}],"inLanguage":"ar"},{"@type":"Organization","@id":"https:\/\/auslaenderaemter.com\/#organization","name":"auslaenderaemter.com","url":"https:\/\/auslaenderaemter.com\/","logo":{"@type":"ImageObject","inLanguage":"ar","@id":"https:\/\/auslaenderaemter.com\/#\/schema\/logo\/image\/","url":"https:\/\/auslaenderaemter.com\/wp-content\/uploads\/2021\/01\/cropped-Vollmond-info-13.png","contentUrl":"https:\/\/auslaenderaemter.com\/wp-content\/uploads\/2021\/01\/cropped-Vollmond-info-13.png","width":500,"height":117,"caption":"auslaenderaemter.com"},"image":{"@id":"https:\/\/auslaenderaemter.com\/#\/schema\/logo\/image\/"}}]}},"_links":{"self":[{"href":"https:\/\/auslaenderaemter.com\/ar\/wp-json\/wp\/v2\/pages\/4046","targetHints":{"allow":["GET"]}}],"collection":[{"href":"https:\/\/auslaenderaemter.com\/ar\/wp-json\/wp\/v2\/pages"}],"about":[{"href":"https:\/\/auslaenderaemter.com\/ar\/wp-json\/wp\/v2\/types\/page"}],"author":[{"embeddable":true,"href":"https:\/\/auslaenderaemter.com\/ar\/wp-json\/wp\/v2\/users\/1"}],"replies":[{"embeddable":true,"href":"https:\/\/auslaenderaemter.com\/ar\/wp-json\/wp\/v2\/comments?post=4046"}],"version-history":[{"count":0,"href":"https:\/\/auslaenderaemter.com\/ar\/wp-json\/wp\/v2\/pages\/4046\/revisions"}],"wp:featuredmedia":[{"embeddable":true,"href":"https:\/\/auslaenderaemter.com\/ar\/wp-json\/wp\/v2\/media\/9"}],"wp:attachment":[{"href":"https:\/\/auslaenderaemter.com\/ar\/wp-json\/wp\/v2\/media?parent=4046"}],"curies":[{"name":"\u0648\u0648\u0631\u062f\u0628\u0631\u064a\u0633","href":"https:\/\/api.w.org\/{rel}","templated":true}]}}