{"id":297,"date":"2021-01-30T14:20:53","date_gmt":"2021-01-30T13:20:53","guid":{"rendered":"https:\/\/auslaenderaemter.com\/?page_id=297"},"modified":"2022-07-11T09:54:21","modified_gmt":"2022-07-11T07:54:21","slug":"auslaenderamt-schildau-gneisenaustadt","status":"publish","type":"page","link":"https:\/\/auslaenderaemter.com\/el\/%ce%b3%cf%81%ce%b1%cf%86%ce%b5%ce%af%ce%bf-%ce%bc%ce%b5%cf%84%ce%b1%ce%bd%ce%ac%cf%83%cf%84%ce%b5%cf%85%cf%83%ce%b7%cf%82-schildau-gneisenaustadt\/","title":{"rendered":"\u0393\u03c1\u03b1\u03c6\u03b5\u03af\u03bf \u039c\u03b5\u03c4\u03b1\u03bd\u03ac\u03c3\u03c4\u03b5\u03c5\u03c3\u03b7\u03c2 Schildau Gneisenaustadt"},"content":{"rendered":"<h2>\u0393\u03c1\u03b1\u03c6\u03b5\u03af\u03bf \u039c\u03b5\u03c4\u03b1\u03bd\u03ac\u03c3\u03c4\u03b5\u03c5\u03c3\u03b7\u03c2 \/ \u0393\u03c1\u03b1\u03c6\u03b5\u03af\u03bf \u039c\u03b5\u03c4\u03b1\u03bd\u03ac\u03c3\u03c4\u03b5\u03c5\u03c3\u03b7\u03c2 \u03c3\u03c4\u03bf Schildau Gneisenaustadt - \u03b4\u03b9\u03b5\u03cd\u03b8\u03c5\u03bd\u03c3\u03b7 \u03ba\u03b1\u03b9 \u03b4\u03b9\u03b5\u03cd\u03b8\u03c5\u03bd\u03c3\u03b7 \u03b3\u03b9\u03b1 \u03b5\u03c0\u03b9\u03c3\u03ba\u03ad\u03c0\u03c4\u03b5\u03c2<\/h2>\n<ul>\n<li><strong>\u0394\u03b9\u03b5\u03cd\u03b8\u03c5\u03bd\u03c3\u03b7:<\/strong> \u0394\u03b9\u03bf\u03af\u03ba\u03b7\u03c3\u03b7 \u03c4\u03b7\u03c2 \u03c0\u03cc\u03bb\u03b7\u03c2, Marktstr. 1, 04889 Schildau Gneisenaustadt<\/li>\n<li><strong>\u03a4\u03b7\u03bb\u03ad\u03c6\u03c9\u03bd\u03bf: <\/strong>(034221) 547-0<\/li>\n<li><strong>\u0394\u03b9\u03ba\u03c4\u03c5\u03b1\u03ba\u03cc\u03c2 \u03c4\u03cc\u03c0\u03bf\u03c2: <\/strong><a href=\"https:\/\/www.belgernschildau.de\/\" target=\"_blank\" rel=\"noopener\">www.belgernschildau.de<\/a><\/li>\n<li><strong>\u03a9\u03c1\u03b5\u03c2 \u03bb\u03b5\u03b9\u03c4\u03bf\u03c5\u03c1\u03b3\u03af\u03b1\u03c2:<\/strong>\u00a0\u03b4\u03b5\u03af\u03c4\u03b5 \u03c4\u03bf\u03bd \u03b9\u03c3\u03c4\u03cc\u03c4\u03bf\u03c0\u03bf<\/li>\n<\/ul>\n<p><iframe style=\"border: 0;\" tabindex=\"0\" src=\"https:\/\/www.google.com\/maps\/embed?pb=!1m18!1m12!1m3!1d2486.11448576549!2d12.927032015970545!3d51.456054422276786!2m3!1f0!2f0!3f0!3m2!1i1024!2i768!4f13.1!3m3!1m2!1s0x417034c1295715b7%3A0xfc09bdcf40b5945b!2sStadtverwaltung%20Belgern-Schildau!5e0!3m2!1sde!2sde!4v1612012836787!5m2!1sde!2sde\" width=\"600\" height=\"450\" frameborder=\"0\" allowfullscreen=\"allowfullscreen\" aria-hidden=\"false\"><\/iframe><\/p>\n<h3><strong>\u03a1\u03b1\u03bd\u03c4\u03b5\u03b2\u03bf\u03cd \u03c3\u03c4\u03bf <\/strong>\u0391\u03c1\u03c7\u03ae \u03b1\u03bb\u03bb\u03bf\u03b4\u03b1\u03c0\u03ce\u03bd <strong>\u03c3\u03c4\u03bf Schildau Gneisenaustadt<\/strong><\/h3>\n<p>\u03a3\u03c4\u03b9\u03c2 \u03c0\u03b5\u03c1\u03b9\u03c3\u03c3\u03cc\u03c4\u03b5\u03c1\u03b5\u03c2 \u03c0\u03b5\u03c1\u03b9\u03c0\u03c4\u03ce\u03c3\u03b5\u03b9\u03c2 \u03bc\u03c0\u03bf\u03c1\u03b5\u03af\u03c4\u03b5 \u03bd\u03b1 \u03ba\u03bb\u03b5\u03af\u03c3\u03b5\u03c4\u03b5 \u03c1\u03b1\u03bd\u03c4\u03b5\u03b2\u03bf\u03cd \u03c4\u03b7\u03bb\u03b5\u03c6\u03c9\u03bd\u03b9\u03ba\u03ac, \u03c7\u03c1\u03b7\u03c3\u03b9\u03bc\u03bf\u03c0\u03bf\u03b9\u03ce\u03bd\u03c4\u03b1\u03c2 \u03c4\u03b7 \u03c6\u03cc\u03c1\u03bc\u03b1 \u03b5\u03c0\u03b9\u03ba\u03bf\u03b9\u03bd\u03c9\u03bd\u03af\u03b1\u03c2 \u03ae \u03bc\u03ad\u03c3\u03c9 \u03c4\u03b7\u03c2 \u03c0\u03cd\u03bb\u03b7\u03c2 \u03b5\u03be\u03c5\u03c0\u03b7\u03c1\u03ad\u03c4\u03b7\u03c3\u03b7\u03c2 \u03c4\u03b7\u03c2 \u03b1\u03bd\u03c4\u03af\u03c3\u03c4\u03bf\u03b9\u03c7\u03b7\u03c2 \u03c0\u03cc\u03bb\u03b7\u03c2. \u0392\u03b5\u03b2\u03b1\u03b9\u03c9\u03b8\u03b5\u03af\u03c4\u03b5 \u03cc\u03c4\u03b9 \u03ad\u03c7\u03b5\u03c4\u03b5 \u03cc\u03bb\u03b1 \u03c4\u03b1 \u03b1\u03c0\u03b1\u03c1\u03b1\u03af\u03c4\u03b7\u03c4\u03b1 \u03ad\u03b3\u03b3\u03c1\u03b1\u03c6\u03b1 \u03c0\u03c1\u03b9\u03bd \u03b5\u03c0\u03b9\u03c3\u03ba\u03b5\u03c6\u03c4\u03b5\u03af\u03c4\u03b5 \u03c4\u03bf \u03b3\u03c1\u03b1\u03c6\u03b5\u03af\u03bf \u03bc\u03b5\u03c4\u03b1\u03bd\u03ac\u03c3\u03c4\u03b5\u03c5\u03c3\u03b7\u03c2.<\/p>\n<div class=\"su-note\"  style=\"border-color:#dadbdd;border-radius:2px;-moz-border-radius:2px;-webkit-border-radius:2px;\"><div class=\"su-note-inner su-u-clearfix su-u-trim\" style=\"background-color:#f4f5f7;border-color:#ffffff;color:#333333;border-radius:2px;-moz-border-radius:2px;-webkit-border-radius:2px;\"><strong>\u039c\u03af\u03b1 \u03c3\u03b7\u03bc\u03b5\u03af\u03c9\u03c3\u03b7:<\/strong> \u0393\u03b9\u03b1 \u03b3\u03c1\u03b1\u03c6\u03b5\u03af\u03b1, \u03b1\u03c1\u03c7\u03ad\u03c2 \u03ae \u03b4\u03b9\u03ba\u03b1\u03c3\u03c4\u03ae\u03c1\u03b9\u03b1, \u03c3\u03c5\u03bd\u03ae\u03b8\u03c9\u03c2 \u03c7\u03c1\u03b5\u03b9\u03ac\u03b6\u03b5\u03c3\u03c4\u03b5 \u03c4\u03b1 \u03ad\u03b3\u03b3\u03c1\u03b1\u03c6\u03b1, \u03c4\u03b1 \u03c0\u03b9\u03c3\u03c4\u03bf\u03c0\u03bf\u03b9\u03b7\u03c4\u03b9\u03ba\u03ac \u03ae \u03c4\u03b1 \u03c0\u03b9\u03c3\u03c4\u03bf\u03c0\u03bf\u03b9\u03b7\u03c4\u03b9\u03ba\u03ac \u03cc\u03c0\u03c9\u03c2 <a href=\"https:\/\/auslaenderaemter.com\/el\/\u03b5\u03c0\u03b9\u03ba\u03c5\u03c1\u03c9\u03bc\u03ad\u03bd\u03b7-\u03bc\u03b5\u03c4\u03ac\u03c6\u03c1\u03b1\u03c3\u03b7-\u03b3\u03b9\u03b1-\u03b5\u03c0\u03af\u03c3\u03b7\u03bc\u03b1-\u03ad\u03b3\/\">\u03b5\u03c0\u03b9\u03ba\u03c5\u03c1\u03c9\u03bc\u03ad\u03bd\u03b7 \u03bc\u03b5\u03c4\u03ac\u03c6\u03c1\u03b1\u03c3\u03b7<\/a>.<\/div><\/div>\n<ul>\n<li>\u039c\u03b5 <a href=\"https:\/\/auslaenderaemter.com\/el\/\u03b4\u03ae\u03bb\u03c9\u03c3\u03b7-\u03b4\u03ad\u03c3\u03bc\u03b5\u03c5\u03c3\u03b7\u03c2\/\">\u03b4\u03ae\u03bb\u03c9\u03c3\u03b7 \u03b4\u03ad\u03c3\u03bc\u03b5\u03c5\u03c3\u03b7\u03c2<\/a> \u03bc\u03c0\u03bf\u03c1\u03b5\u03af\u03c4\u03b5 \u03bd\u03b1 \u03b5\u03c0\u03b9\u03c4\u03c1\u03ad\u03c8\u03b5\u03c4\u03b5 \u03c3\u03b5 \u03b5\u03c0\u03b9\u03c3\u03ba\u03ad\u03c0\u03c4\u03b5\u03c2 \u03b1\u03c0\u03cc \u03c4\u03bf \u03b5\u03be\u03c9\u03c4\u03b5\u03c1\u03b9\u03ba\u03cc \u03bd\u03b1 \u03b5\u03b9\u03c3\u03ad\u03bb\u03b8\u03bf\u03c5\u03bd \u03c3\u03c4\u03b7 \u0393\u03b5\u03c1\u03bc\u03b1\u03bd\u03af\u03b1.<\/li>\n<li><strong>\u03a0\u03b5\u03c1\u03b9\u03bc\u03ad\u03bd\u03b5\u03b9\u03c2 \u03b5\u03c0\u03b9\u03c3\u03ba\u03ad\u03c0\u03c4\u03b5\u03c2 \u03b1\u03c0\u03cc \u03c4\u03bf \u03b5\u03be\u03c9\u03c4\u03b5\u03c1\u03b9\u03ba\u03cc;<\/strong> \u039c\u03b5 <a href=\"https:\/\/tidd.ly\/3u98xUL\" target=\"_blank\" rel=\"nofollow noopener\">\u03a4\u03b1\u03be\u03b9\u03b4\u03b9\u03c9\u03c4\u03b9\u03ba\u03ae \u03b1\u03c3\u03c6\u03ac\u03bb\u03b9\u03c3\u03b7 \u03c5\u03b3\u03b5\u03af\u03b1\u03c2 \u03b3\u03b9\u03b1 \u03b1\u03bb\u03bb\u03bf\u03b4\u03b1\u03c0\u03bf\u03cd\u03c2 \u03b5\u03c0\u03b9\u03c3\u03ba\u03ad\u03c0\u03c4\u03b5\u03c2<\/a>* \u03b5\u03af\u03c3\u03c4\u03b5 \u03c0\u03bb\u03ae\u03c1\u03c9\u03c2 \u03c0\u03c1\u03bf\u03c3\u03c4\u03b1\u03c4\u03b5\u03c5\u03bc\u03ad\u03bd\u03bf\u03b9 \u03c3\u03c4\u03b7 \u0393\u03b5\u03c1\u03bc\u03b1\u03bd\u03af\u03b1 \u03ba\u03b1\u03b9 \u03c4\u03b7\u03bd \u0395\u03c5\u03c1\u03ce\u03c0\u03b7.<\/li>\n<\/ul>\n<h3>\u0386\u03bb\u03bb\u03b5\u03c2 \u03b1\u03c1\u03c7\u03ad\u03c2 \u03bc\u03b5\u03c4\u03b1\u03bd\u03ac\u03c3\u03c4\u03b5\u03c5\u03c3\u03b7\u03c2<\/h3>\n<ul>\n<li><a href=\"https:\/\/auslaenderaemter.com\/el\/\u03b3\u03c1\u03b1\u03c6\u03b5\u03af\u03b1-\u03bc\u03b5\u03c4\u03b1\u03bd\u03ac\u03c3\u03c4\u03b5\u03c5\u03c3\u03b7\u03c2-\u03c3\u03c4\u03b7-\u03c3\u03b1\u03be\u03bf\u03bd\u03af\u03b1\/\">\u0393\u03c1\u03b1\u03c6\u03b5\u03af\u03b1 \u039c\u03b5\u03c4\u03b1\u03bd\u03ac\u03c3\u03c4\u03b5\u03c5\u03c3\u03b7\u03c2 \u03c3\u03c4\u03b7 \u03a3\u03b1\u03be\u03bf\u03bd\u03af\u03b1<\/a><\/li>\n<li><a href=\"https:\/\/auslaenderaemter.com\/el\/\">\u0393\u03c1\u03b1\u03c6\u03b5\u03af\u03b1 \u039c\u03b5\u03c4\u03b1\u03bd\u03ac\u03c3\u03c4\u03b5\u03c5\u03c3\u03b7\u03c2 \u03c3\u03c4\u03b7 \u0393\u03b5\u03c1\u03bc\u03b1\u03bd\u03af\u03b1<\/a><\/li>\n<\/ul>","protected":false},"excerpt":{"rendered":"<p>Ausl\u00e4nderamt \/ Ausl\u00e4nderbeh\u00f6rde in Schildau Gneisenaustadt &#8211; Adresse und Anschrift f\u00fcr Besucher Adresse: Stadtverwaltung, Marktstr. 1, 04889 Schildau Gneisenaustadt Telefon: (034221) 547-0 Webseite: www.belgernschildau.de \u00d6ffnungszeiten:\u00a0siehe Webseite Termin bei der Ausl\u00e4nderbeh\u00f6rde in Schildau Gneisenaustadt In den meisten F\u00e4llen k\u00f6nnen Sie telefonisch, per Kontaktformular oder \u00fcber das Service-Portal der jeweiligen Stadt einen Termin vereinbaren. Bitte vergewissern Sie&hellip;&nbsp;<a href=\"https:\/\/auslaenderaemter.com\/el\/%ce%b3%cf%81%ce%b1%cf%86%ce%b5%ce%af%ce%bf-%ce%bc%ce%b5%cf%84%ce%b1%ce%bd%ce%ac%cf%83%cf%84%ce%b5%cf%85%cf%83%ce%b7%cf%82-schildau-gneisenaustadt\/\" rel=\"bookmark\">\u0394\u03b9\u03b1\u03b2\u03ac\u03c3\u03c4\u03b5 \u03c0\u03b5\u03c1\u03b9\u03c3\u03c3\u03cc\u03c4\u03b5\u03c1\u03b1 \u00bb<span class=\"screen-reader-text\">\u0393\u03c1\u03b1\u03c6\u03b5\u03af\u03bf \u039c\u03b5\u03c4\u03b1\u03bd\u03ac\u03c3\u03c4\u03b5\u03c5\u03c3\u03b7\u03c2 Schildau Gneisenaustadt<\/span><\/a><\/p>","protected":false},"author":1,"featured_media":37,"parent":0,"menu_order":0,"comment_status":"closed","ping_status":"closed","template":"","meta":{"neve_meta_sidebar":"full-width","neve_meta_container":"","neve_meta_enable_content_width":"on","neve_meta_content_width":100,"neve_meta_title_alignment":"","neve_meta_author_avatar":"","neve_post_elements_order":"","neve_meta_disable_header":"","neve_meta_disable_footer":"","neve_meta_disable_title":"","neve_meta_reading_time":"","footnotes":""},"class_list":["post-297","page","type-page","status-publish","has-post-thumbnail","hentry"],"yoast_head":"<!-- This site is optimized with the Yoast SEO plugin v27.3 - https:\/\/yoast.com\/product\/yoast-seo-wordpress\/ -->\n<title>Ausl\u00e4nderamt Schildau Gneisenaustadt | Adresse, Kontakt und \u00d6ffnungs<\/title>\n<meta name=\"description\" content=\"Ausl\u00e4nderamt Schildau Gneisenaustadt | Adresse und Anschrift \u2713 Telefonnummer, Kontakt und \u00d6ffnungszeiten \u2713 Anfahrt \u2713 Ausl\u00e4nderbeh\u00f6rden\" \/>\n<meta name=\"robots\" content=\"index, follow, max-snippet:-1, max-image-preview:large, max-video-preview:-1\" \/>\n<link rel=\"canonical\" href=\"https:\/\/auslaenderaemter.com\/el\/\u03b3\u03c1\u03b1\u03c6\u03b5\u03af\u03bf-\u03bc\u03b5\u03c4\u03b1\u03bd\u03ac\u03c3\u03c4\u03b5\u03c5\u03c3\u03b7\u03c2-schildau-gneisenaustadt\/\" \/>\n<meta property=\"og:locale\" content=\"el_GR\" \/>\n<meta property=\"og:type\" content=\"article\" \/>\n<meta property=\"og:title\" content=\"Ausl\u00e4nderamt Schildau Gneisenaustadt | Adresse, Kontakt und \u00d6ffnungs\" \/>\n<meta property=\"og:description\" content=\"Ausl\u00e4nderamt Schildau Gneisenaustadt | Adresse und Anschrift \u2713 Telefonnummer, Kontakt und \u00d6ffnungszeiten \u2713 Anfahrt \u2713 Ausl\u00e4nderbeh\u00f6rden\" \/>\n<meta property=\"og:url\" content=\"https:\/\/auslaenderaemter.com\/el\/\u03b3\u03c1\u03b1\u03c6\u03b5\u03af\u03bf-\u03bc\u03b5\u03c4\u03b1\u03bd\u03ac\u03c3\u03c4\u03b5\u03c5\u03c3\u03b7\u03c2-schildau-gneisenaustadt\/\" \/>\n<meta property=\"og:site_name\" content=\"auslaenderaemter.com\" \/>\n<meta property=\"article:modified_time\" content=\"2022-07-11T07:54:21+00:00\" \/>\n<meta property=\"og:image\" content=\"https:\/\/auslaenderaemter.com\/wp-content\/uploads\/2021\/01\/city-263069_640.jpg\" \/>\n\t<meta property=\"og:image:width\" content=\"640\" \/>\n\t<meta property=\"og:image:height\" content=\"480\" \/>\n\t<meta property=\"og:image:type\" content=\"image\/jpeg\" \/>\n<meta name=\"twitter:card\" content=\"summary_large_image\" \/>\n<meta name=\"twitter:label1\" content=\"\u0395\u03ba\u03c4\u03b9\u03bc\u03ce\u03bc\u03b5\u03bd\u03bf\u03c2 \u03c7\u03c1\u03cc\u03bd\u03bf\u03c2 \u03b1\u03bd\u03ac\u03b3\u03bd\u03c9\u03c3\u03b7\u03c2\" \/>\n\t<meta name=\"twitter:data1\" content=\"1 \u03bb\u03b5\u03c0\u03c4\u03cc\" \/>\n<script type=\"application\/ld+json\" class=\"yoast-schema-graph\">{\"@context\":\"https:\\\/\\\/schema.org\",\"@graph\":[{\"@type\":\"WebPage\",\"@id\":\"https:\\\/\\\/auslaenderaemter.com\\\/auslaenderamt-schildau-gneisenaustadt\\\/\",\"url\":\"https:\\\/\\\/auslaenderaemter.com\\\/auslaenderamt-schildau-gneisenaustadt\\\/\",\"name\":\"Ausl\u00e4nderamt Schildau Gneisenaustadt | Adresse, Kontakt und \u00d6ffnungs\",\"isPartOf\":{\"@id\":\"https:\\\/\\\/auslaenderaemter.com\\\/#website\"},\"primaryImageOfPage\":{\"@id\":\"https:\\\/\\\/auslaenderaemter.com\\\/auslaenderamt-schildau-gneisenaustadt\\\/#primaryimage\"},\"image\":{\"@id\":\"https:\\\/\\\/auslaenderaemter.com\\\/auslaenderamt-schildau-gneisenaustadt\\\/#primaryimage\"},\"thumbnailUrl\":\"https:\\\/\\\/auslaenderaemter.com\\\/wp-content\\\/uploads\\\/2021\\\/01\\\/city-263069_640.jpg\",\"datePublished\":\"2021-01-30T13:20:53+00:00\",\"dateModified\":\"2022-07-11T07:54:21+00:00\",\"description\":\"Ausl\u00e4nderamt Schildau Gneisenaustadt | Adresse und Anschrift \u2713 Telefonnummer, Kontakt und \u00d6ffnungszeiten \u2713 Anfahrt \u2713 Ausl\u00e4nderbeh\u00f6rden\",\"breadcrumb\":{\"@id\":\"https:\\\/\\\/auslaenderaemter.com\\\/auslaenderamt-schildau-gneisenaustadt\\\/#breadcrumb\"},\"inLanguage\":\"el\",\"potentialAction\":[{\"@type\":\"ReadAction\",\"target\":[\"https:\\\/\\\/auslaenderaemter.com\\\/auslaenderamt-schildau-gneisenaustadt\\\/\"]}]},{\"@type\":\"ImageObject\",\"inLanguage\":\"el\",\"@id\":\"https:\\\/\\\/auslaenderaemter.com\\\/auslaenderamt-schildau-gneisenaustadt\\\/#primaryimage\",\"url\":\"https:\\\/\\\/auslaenderaemter.com\\\/wp-content\\\/uploads\\\/2021\\\/01\\\/city-263069_640.jpg\",\"contentUrl\":\"https:\\\/\\\/auslaenderaemter.com\\\/wp-content\\\/uploads\\\/2021\\\/01\\\/city-263069_640.jpg\",\"width\":640,\"height\":480,\"caption\":\"Ausl\u00e4nder\u00e4mter in Deutschland\"},{\"@type\":\"BreadcrumbList\",\"@id\":\"https:\\\/\\\/auslaenderaemter.com\\\/auslaenderamt-schildau-gneisenaustadt\\\/#breadcrumb\",\"itemListElement\":[{\"@type\":\"ListItem\",\"position\":1,\"name\":\"Startseite\",\"item\":\"https:\\\/\\\/auslaenderaemter.com\\\/\"},{\"@type\":\"ListItem\",\"position\":2,\"name\":\"Ausl\u00e4nderamt Schildau Gneisenaustadt\"}]},{\"@type\":\"WebSite\",\"@id\":\"https:\\\/\\\/auslaenderaemter.com\\\/#website\",\"url\":\"https:\\\/\\\/auslaenderaemter.com\\\/\",\"name\":\"auslaenderaemter.com\",\"description\":\"\",\"publisher\":{\"@id\":\"https:\\\/\\\/auslaenderaemter.com\\\/#organization\"},\"potentialAction\":[{\"@type\":\"SearchAction\",\"target\":{\"@type\":\"EntryPoint\",\"urlTemplate\":\"https:\\\/\\\/auslaenderaemter.com\\\/?s={search_term_string}\"},\"query-input\":{\"@type\":\"PropertyValueSpecification\",\"valueRequired\":true,\"valueName\":\"search_term_string\"}}],\"inLanguage\":\"el\"},{\"@type\":\"Organization\",\"@id\":\"https:\\\/\\\/auslaenderaemter.com\\\/#organization\",\"name\":\"auslaenderaemter.com\",\"url\":\"https:\\\/\\\/auslaenderaemter.com\\\/\",\"logo\":{\"@type\":\"ImageObject\",\"inLanguage\":\"el\",\"@id\":\"https:\\\/\\\/auslaenderaemter.com\\\/#\\\/schema\\\/logo\\\/image\\\/\",\"url\":\"https:\\\/\\\/auslaenderaemter.com\\\/wp-content\\\/uploads\\\/2021\\\/01\\\/cropped-Vollmond-info-13.png\",\"contentUrl\":\"https:\\\/\\\/auslaenderaemter.com\\\/wp-content\\\/uploads\\\/2021\\\/01\\\/cropped-Vollmond-info-13.png\",\"width\":500,\"height\":117,\"caption\":\"auslaenderaemter.com\"},\"image\":{\"@id\":\"https:\\\/\\\/auslaenderaemter.com\\\/#\\\/schema\\\/logo\\\/image\\\/\"}}]}<\/script>\n<!-- \/ Yoast SEO plugin. -->","yoast_head_json":{"title":"\u0393\u03c1\u03b1\u03c6\u03b5\u03af\u03bf \u039c\u03b5\u03c4\u03b1\u03bd\u03ac\u03c3\u03c4\u03b5\u03c5\u03c3\u03b7\u03c2 Schildau Gneisenaustadt | \u0394\u03b9\u03b5\u03cd\u03b8\u03c5\u03bd\u03c3\u03b7, \u03b5\u03c0\u03b9\u03ba\u03bf\u03b9\u03bd\u03c9\u03bd\u03af\u03b1 \u03ba\u03b1\u03b9 \u03ac\u03bd\u03bf\u03b9\u03b3\u03bc\u03b1","description":"\u0393\u03c1\u03b1\u03c6\u03b5\u03af\u03bf \u039c\u03b5\u03c4\u03b1\u03bd\u03ac\u03c3\u03c4\u03b5\u03c5\u03c3\u03b7\u03c2 Schildau Gneisenaustadt | \u0394\u03b9\u03b5\u03cd\u03b8\u03c5\u03bd\u03c3\u03b7 \u03ba\u03b1\u03b9 \u03b4\u03b9\u03b5\u03cd\u03b8\u03c5\u03bd\u03c3\u03b7 \u2713 \u0391\u03c1\u03b9\u03b8\u03bc\u03cc\u03c2 \u03c4\u03b7\u03bb\u03b5\u03c6\u03ce\u03bd\u03bf\u03c5, \u03b5\u03c0\u03b9\u03ba\u03bf\u03b9\u03bd\u03c9\u03bd\u03af\u03b1\u03c2 \u03ba\u03b1\u03b9 \u03ce\u03c1\u03b5\u03c2 \u03bb\u03b5\u03b9\u03c4\u03bf\u03c5\u03c1\u03b3\u03af\u03b1\u03c2 \u2713 \u039f\u03b4\u03b7\u03b3\u03af\u03b5\u03c2 \u2713 \u0391\u03c1\u03c7\u03ad\u03c2 \u03bc\u03b5\u03c4\u03b1\u03bd\u03ac\u03c3\u03c4\u03b5\u03c5\u03c3\u03b7\u03c2","robots":{"index":"index","follow":"follow","max-snippet":"max-snippet:-1","max-image-preview":"max-image-preview:large","max-video-preview":"max-video-preview:-1"},"canonical":"https:\/\/auslaenderaemter.com\/el\/\u03b3\u03c1\u03b1\u03c6\u03b5\u03af\u03bf-\u03bc\u03b5\u03c4\u03b1\u03bd\u03ac\u03c3\u03c4\u03b5\u03c5\u03c3\u03b7\u03c2-schildau-gneisenaustadt\/","og_locale":"el_GR","og_type":"article","og_title":"Ausl\u00e4nderamt Schildau Gneisenaustadt | Adresse, Kontakt und \u00d6ffnungs","og_description":"Ausl\u00e4nderamt Schildau Gneisenaustadt | Adresse und Anschrift \u2713 Telefonnummer, Kontakt und \u00d6ffnungszeiten \u2713 Anfahrt \u2713 Ausl\u00e4nderbeh\u00f6rden","og_url":"https:\/\/auslaenderaemter.com\/el\/\u03b3\u03c1\u03b1\u03c6\u03b5\u03af\u03bf-\u03bc\u03b5\u03c4\u03b1\u03bd\u03ac\u03c3\u03c4\u03b5\u03c5\u03c3\u03b7\u03c2-schildau-gneisenaustadt\/","og_site_name":"auslaenderaemter.com","article_modified_time":"2022-07-11T07:54:21+00:00","og_image":[{"width":640,"height":480,"url":"https:\/\/auslaenderaemter.com\/wp-content\/uploads\/2021\/01\/city-263069_640.jpg","type":"image\/jpeg"}],"twitter_card":"summary_large_image","twitter_misc":{"\u0395\u03ba\u03c4\u03b9\u03bc\u03ce\u03bc\u03b5\u03bd\u03bf\u03c2 \u03c7\u03c1\u03cc\u03bd\u03bf\u03c2 \u03b1\u03bd\u03ac\u03b3\u03bd\u03c9\u03c3\u03b7\u03c2":"1 \u03bb\u03b5\u03c0\u03c4\u03cc"},"schema":{"@context":"https:\/\/schema.org","@graph":[{"@type":"WebPage","@id":"https:\/\/auslaenderaemter.com\/auslaenderamt-schildau-gneisenaustadt\/","url":"https:\/\/auslaenderaemter.com\/auslaenderamt-schildau-gneisenaustadt\/","name":"\u0393\u03c1\u03b1\u03c6\u03b5\u03af\u03bf \u039c\u03b5\u03c4\u03b1\u03bd\u03ac\u03c3\u03c4\u03b5\u03c5\u03c3\u03b7\u03c2 Schildau Gneisenaustadt | \u0394\u03b9\u03b5\u03cd\u03b8\u03c5\u03bd\u03c3\u03b7, \u03b5\u03c0\u03b9\u03ba\u03bf\u03b9\u03bd\u03c9\u03bd\u03af\u03b1 \u03ba\u03b1\u03b9 \u03ac\u03bd\u03bf\u03b9\u03b3\u03bc\u03b1","isPartOf":{"@id":"https:\/\/auslaenderaemter.com\/#website"},"primaryImageOfPage":{"@id":"https:\/\/auslaenderaemter.com\/auslaenderamt-schildau-gneisenaustadt\/#primaryimage"},"image":{"@id":"https:\/\/auslaenderaemter.com\/auslaenderamt-schildau-gneisenaustadt\/#primaryimage"},"thumbnailUrl":"https:\/\/auslaenderaemter.com\/wp-content\/uploads\/2021\/01\/city-263069_640.jpg","datePublished":"2021-01-30T13:20:53+00:00","dateModified":"2022-07-11T07:54:21+00:00","description":"\u0393\u03c1\u03b1\u03c6\u03b5\u03af\u03bf \u039c\u03b5\u03c4\u03b1\u03bd\u03ac\u03c3\u03c4\u03b5\u03c5\u03c3\u03b7\u03c2 Schildau Gneisenaustadt | \u0394\u03b9\u03b5\u03cd\u03b8\u03c5\u03bd\u03c3\u03b7 \u03ba\u03b1\u03b9 \u03b4\u03b9\u03b5\u03cd\u03b8\u03c5\u03bd\u03c3\u03b7 \u2713 \u0391\u03c1\u03b9\u03b8\u03bc\u03cc\u03c2 \u03c4\u03b7\u03bb\u03b5\u03c6\u03ce\u03bd\u03bf\u03c5, \u03b5\u03c0\u03b9\u03ba\u03bf\u03b9\u03bd\u03c9\u03bd\u03af\u03b1\u03c2 \u03ba\u03b1\u03b9 \u03ce\u03c1\u03b5\u03c2 \u03bb\u03b5\u03b9\u03c4\u03bf\u03c5\u03c1\u03b3\u03af\u03b1\u03c2 \u2713 \u039f\u03b4\u03b7\u03b3\u03af\u03b5\u03c2 \u2713 \u0391\u03c1\u03c7\u03ad\u03c2 \u03bc\u03b5\u03c4\u03b1\u03bd\u03ac\u03c3\u03c4\u03b5\u03c5\u03c3\u03b7\u03c2","breadcrumb":{"@id":"https:\/\/auslaenderaemter.com\/auslaenderamt-schildau-gneisenaustadt\/#breadcrumb"},"inLanguage":"el","potentialAction":[{"@type":"ReadAction","target":["https:\/\/auslaenderaemter.com\/auslaenderamt-schildau-gneisenaustadt\/"]}]},{"@type":"ImageObject","inLanguage":"el","@id":"https:\/\/auslaenderaemter.com\/auslaenderamt-schildau-gneisenaustadt\/#primaryimage","url":"https:\/\/auslaenderaemter.com\/wp-content\/uploads\/2021\/01\/city-263069_640.jpg","contentUrl":"https:\/\/auslaenderaemter.com\/wp-content\/uploads\/2021\/01\/city-263069_640.jpg","width":640,"height":480,"caption":"Ausl\u00e4nder\u00e4mter in Deutschland"},{"@type":"BreadcrumbList","@id":"https:\/\/auslaenderaemter.com\/auslaenderamt-schildau-gneisenaustadt\/#breadcrumb","itemListElement":[{"@type":"ListItem","position":1,"name":"Startseite","item":"https:\/\/auslaenderaemter.com\/"},{"@type":"ListItem","position":2,"name":"Ausl\u00e4nderamt Schildau Gneisenaustadt"}]},{"@type":"WebSite","@id":"https:\/\/auslaenderaemter.com\/#website","url":"https:\/\/auslaenderaemter.com\/","name":"auslaenderaemter.com","description":"","publisher":{"@id":"https:\/\/auslaenderaemter.com\/#organization"},"potentialAction":[{"@type":"SearchAction","target":{"@type":"EntryPoint","urlTemplate":"https:\/\/auslaenderaemter.com\/?s={search_term_string}"},"query-input":{"@type":"PropertyValueSpecification","valueRequired":true,"valueName":"search_term_string"}}],"inLanguage":"el"},{"@type":"Organization","@id":"https:\/\/auslaenderaemter.com\/#organization","name":"auslaenderaemter.com","url":"https:\/\/auslaenderaemter.com\/","logo":{"@type":"ImageObject","inLanguage":"el","@id":"https:\/\/auslaenderaemter.com\/#\/schema\/logo\/image\/","url":"https:\/\/auslaenderaemter.com\/wp-content\/uploads\/2021\/01\/cropped-Vollmond-info-13.png","contentUrl":"https:\/\/auslaenderaemter.com\/wp-content\/uploads\/2021\/01\/cropped-Vollmond-info-13.png","width":500,"height":117,"caption":"auslaenderaemter.com"},"image":{"@id":"https:\/\/auslaenderaemter.com\/#\/schema\/logo\/image\/"}}]}},"_links":{"self":[{"href":"https:\/\/auslaenderaemter.com\/el\/wp-json\/wp\/v2\/pages\/297","targetHints":{"allow":["GET"]}}],"collection":[{"href":"https:\/\/auslaenderaemter.com\/el\/wp-json\/wp\/v2\/pages"}],"about":[{"href":"https:\/\/auslaenderaemter.com\/el\/wp-json\/wp\/v2\/types\/page"}],"author":[{"embeddable":true,"href":"https:\/\/auslaenderaemter.com\/el\/wp-json\/wp\/v2\/users\/1"}],"replies":[{"embeddable":true,"href":"https:\/\/auslaenderaemter.com\/el\/wp-json\/wp\/v2\/comments?post=297"}],"version-history":[{"count":0,"href":"https:\/\/auslaenderaemter.com\/el\/wp-json\/wp\/v2\/pages\/297\/revisions"}],"wp:featuredmedia":[{"embeddable":true,"href":"https:\/\/auslaenderaemter.com\/el\/wp-json\/wp\/v2\/media\/37"}],"wp:attachment":[{"href":"https:\/\/auslaenderaemter.com\/el\/wp-json\/wp\/v2\/media?parent=297"}],"curies":[{"name":"\u03b5\u03c1\u03b3\u03b1\u03c3\u03af\u03b1","href":"https:\/\/api.w.org\/{rel}","templated":true}]}}