{"id":4048,"date":"2023-06-12T16:46:54","date_gmt":"2023-06-12T14:46:54","guid":{"rendered":"https:\/\/auslaenderaemter.com\/?page_id=4048"},"modified":"2023-06-12T16:46:54","modified_gmt":"2023-06-12T14:46:54","slug":"ausweisung","status":"publish","type":"page","link":"https:\/\/auslaenderaemter.com\/el\/\u03b1\u03c0\u03ad\u03bb\u03b1\u03c3\u03b7\/","title":{"rendered":"\u03b1\u03c0\u03ad\u03bb\u03b1\u03c3\u03b7"},"content":{"rendered":"<p>\u0397 \u03b1\u03c0\u03ad\u03bb\u03b1\u03c3\u03b7 \u03b1\u03bb\u03bb\u03bf\u03b4\u03b1\u03c0\u03ce\u03bd \u03b1\u03c0\u03bf\u03c4\u03b5\u03bb\u03b5\u03af \u03b1\u03bd\u03b1\u03c0\u03cc\u03c3\u03c0\u03b1\u03c3\u03c4\u03bf \u03bc\u03ad\u03c1\u03bf\u03c2 \u03c4\u03b7\u03c2 \u03b3\u03b5\u03c1\u03bc\u03b1\u03bd\u03b9\u03ba\u03ae\u03c2 \u03bd\u03bf\u03bc\u03bf\u03b8\u03b5\u03c3\u03af\u03b1\u03c2 \u03c0\u03b5\u03c1\u03af \u03b1\u03bb\u03bb\u03bf\u03b4\u03b1\u03c0\u03ce\u03bd, \u03b7 \u03bf\u03c0\u03bf\u03af\u03b1 \u03b5\u03af\u03bd\u03b1\u03b9 \u03b1\u03c0\u03b1\u03c1\u03b1\u03af\u03c4\u03b7\u03c4\u03b7 \u03b3\u03b9\u03b1 \u03c4\u03b7 \u03b4\u03b9\u03b1\u03c4\u03ae\u03c1\u03b7\u03c3\u03b7 \u03c4\u03b7\u03c2 \u03b4\u03b7\u03bc\u03cc\u03c3\u03b9\u03b1\u03c2 \u03b1\u03c3\u03c6\u03ac\u03bb\u03b5\u03b9\u03b1\u03c2 \u03ba\u03b1\u03b9 \u03c4\u03ac\u03be\u03b7\u03c2. \u03a3\u03b5 \u03b1\u03c5\u03c4\u03cc \u03c4\u03bf \u03ac\u03c1\u03b8\u03c1\u03bf \u03b8\u03b1 \u03bf\u03c1\u03af\u03c3\u03bf\u03c5\u03bc\u03b5 \u03c4\u03b7\u03bd \u03ad\u03be\u03c9\u03c3\u03b7, \u03b8\u03b1 \u03b5\u03be\u03b7\u03b3\u03ae\u03c3\u03bf\u03c5\u03bc\u03b5 \u03c4\u03bf\u03c5\u03c2 \u03bb\u03cc\u03b3\u03bf\u03c5\u03c2 \u03ba\u03b1\u03b9 \u03c4\u03b9\u03c2 \u03c0\u03b9\u03b8\u03b1\u03bd\u03ad\u03c2 \u03c3\u03c5\u03bd\u03ad\u03c0\u03b5\u03b9\u03b5\u03c2 \u03b3\u03b9\u03b1 \u03c4\u03b1 \u03c5\u03c0\u03bf\u03ba\u03b5\u03af\u03bc\u03b5\u03bd\u03b1 \u03c4\u03c9\u03bd \u03b4\u03b5\u03b4\u03bf\u03bc\u03ad\u03bd\u03c9\u03bd.<\/p>\n<h2>\u03a4\u03b9 \u03b5\u03af\u03bd\u03b1\u03b9 \u03b7 \u03ad\u03be\u03c9\u03c3\u03b7;<\/h2>\n<p>\u0397 \u03b1\u03c0\u03ad\u03bb\u03b1\u03c3\u03b7 \u03b5\u03af\u03bd\u03b1\u03b9 \u03bc\u03b9\u03b1 \u03b4\u03b9\u03bf\u03b9\u03ba\u03b7\u03c4\u03b9\u03ba\u03ae \u03c0\u03c1\u03ac\u03be\u03b7 \u03bc\u03b5 \u03c4\u03b7\u03bd \u03bf\u03c0\u03bf\u03af\u03b1 \u03ad\u03bd\u03b1\u03c2 \u03b1\u03bb\u03bb\u03bf\u03b4\u03b1\u03c0\u03cc\u03c2 \u03c5\u03c0\u03bf\u03c7\u03c1\u03b5\u03bf\u03cd\u03c4\u03b1\u03b9 \u03bd\u03b1 \u03b5\u03b3\u03ba\u03b1\u03c4\u03b1\u03bb\u03b5\u03af\u03c8\u03b5\u03b9 \u03c4\u03b7\u03bd \u03bf\u03bc\u03bf\u03c3\u03c0\u03bf\u03bd\u03b4\u03b9\u03b1\u03ba\u03ae \u03b5\u03c0\u03b9\u03ba\u03c1\u03ac\u03c4\u03b5\u03b9\u03b1 \u03ba\u03b1\u03b9 \u03bd\u03b1 \u03bc\u03b7\u03bd \u03b5\u03b9\u03c3\u03ad\u03bb\u03b8\u03b5\u03b9 \u03be\u03b1\u03bd\u03ac. \u0395\u03af\u03bd\u03b1\u03b9 \u03b1\u03c0\u03cc \u03c4\u03bf\u03c5\u03c2 \u03b1\u03c1\u03bc\u03cc\u03b4\u03b9\u03bf\u03c5\u03c2 <a href=\"https:\/\/auslaenderaemter.com\/el\/\">\u0391\u03c1\u03c7\u03ae \u03b1\u03bb\u03bb\u03bf\u03b4\u03b1\u03c0\u03ce\u03bd<\/a> \u03c4\u03b1\u03ba\u03c4\u03bf\u03c0\u03bf\u03b9\u03bf\u03cd\u03bd\u03c4\u03b1\u03b9 \u03ba\u03b1\u03b9 \u03b5\u03b3\u03b3\u03c1\u03ac\u03c6\u03bf\u03bd\u03c4\u03b1\u03b9 \u03c3\u03c4\u03bf \u039a\u03b5\u03bd\u03c4\u03c1\u03b9\u03ba\u03cc \u039c\u03b7\u03c4\u03c1\u03ce\u03bf \u0391\u03bb\u03bb\u03bf\u03b4\u03b1\u03c0\u03ce\u03bd.<\/p>\n<h2>\u03bb\u03cc\u03b3\u03bf\u03c5\u03c2 \u03b1\u03c0\u03bf\u03b2\u03bf\u03bb\u03ae\u03c2<\/h2>\n<p>\u03a5\u03c0\u03ac\u03c1\u03c7\u03bf\u03c5\u03bd \u03b4\u03b9\u03ac\u03c6\u03bf\u03c1\u03bf\u03b9 \u03bb\u03cc\u03b3\u03bf\u03b9 \u03b3\u03b9\u03b1 \u03c4\u03bf\u03c5\u03c2 \u03bf\u03c0\u03bf\u03af\u03bf\u03c5\u03c2 \u03ad\u03bd\u03b1\u03c2 \u03b1\u03bb\u03bb\u03bf\u03b4\u03b1\u03c0\u03cc\u03c2 \u03bc\u03c0\u03bf\u03c1\u03b5\u03af \u03bd\u03b1 \u03b1\u03c0\u03b5\u03bb\u03b1\u03b8\u03b5\u03af \u03b1\u03c0\u03cc \u03c4\u03b7 \u0393\u03b5\u03c1\u03bc\u03b1\u03bd\u03af\u03b1. \u0391\u03c5\u03c4\u03cc \u03c0\u03b5\u03c1\u03b9\u03bb\u03b1\u03bc\u03b2\u03ac\u03bd\u03b5\u03b9:<\/p>\n<ol>\n<li><strong>\u03a3\u03b5 \u03ba\u03af\u03bd\u03b4\u03c5\u03bd\u03bf \u03c4\u03b7\u03c2 \u03b4\u03b7\u03bc\u03cc\u03c3\u03b9\u03b1\u03c2 \u03c4\u03ac\u03be\u03b7\u03c2 \u03ba\u03b1\u03b9 \u03b1\u03c3\u03c6\u03ac\u03bb\u03b5\u03b9\u03b1\u03c2:<\/strong> \u0395\u03ac\u03bd \u03ad\u03bd\u03b1\u03c2 \u03b1\u03bb\u03bb\u03bf\u03b4\u03b1\u03c0\u03cc\u03c2 \u03b1\u03c0\u03bf\u03c4\u03b5\u03bb\u03b5\u03af \u03b1\u03c0\u03b5\u03b9\u03bb\u03ae \u03b3\u03b9\u03b1 \u03c4\u03b7 \u03b4\u03b7\u03bc\u03cc\u03c3\u03b9\u03b1 \u03b1\u03c3\u03c6\u03ac\u03bb\u03b5\u03b9\u03b1 \u03ba\u03b1\u03b9 \u03c4\u03ac\u03be\u03b7, \u03b1\u03c5\u03c4\u03cc \u03bc\u03c0\u03bf\u03c1\u03b5\u03af \u03bd\u03b1 \u03b1\u03c0\u03bf\u03c4\u03b5\u03bb\u03ad\u03c3\u03b5\u03b9 \u03bb\u03cc\u03b3\u03bf \u03b1\u03c0\u03ad\u03bb\u03b1\u03c3\u03b7\u03c2. \u0391\u03c5\u03c4\u03cc \u03bc\u03c0\u03bf\u03c1\u03b5\u03af \u03bd\u03b1 \u03c3\u03c5\u03bc\u03b2\u03b5\u03af, \u03b3\u03b9\u03b1 \u03c0\u03b1\u03c1\u03ac\u03b4\u03b5\u03b9\u03b3\u03bc\u03b1, \u03b5\u03ac\u03bd \u03bf \u03b1\u03bb\u03bb\u03bf\u03b4\u03b1\u03c0\u03cc\u03c2 \u03ad\u03c7\u03b5\u03b9 \u03ba\u03b1\u03c4\u03b1\u03b4\u03b9\u03ba\u03b1\u03c3\u03c4\u03b5\u03af \u03b3\u03b9\u03b1 \u03c0\u03bf\u03b9\u03bd\u03b9\u03ba\u03cc \u03b1\u03b4\u03af\u03ba\u03b7\u03bc\u03b1.<\/li>\n<li><strong>\u03a0\u03b1\u03c1\u03b1\u03b2\u03af\u03b1\u03c3\u03b7 \u03b4\u03b9\u03b1\u03c4\u03ac\u03be\u03b5\u03c9\u03bd \u03c4\u03b7\u03c2 \u03bc\u03b5\u03c4\u03b1\u03bd\u03b1\u03c3\u03c4\u03b5\u03c5\u03c4\u03b9\u03ba\u03ae\u03c2 \u03bd\u03bf\u03bc\u03bf\u03b8\u03b5\u03c3\u03af\u03b1\u03c2:<\/strong> \u039f \u03b1\u03bb\u03bb\u03bf\u03b4\u03b1\u03c0\u03cc\u03c2 \u03bc\u03c0\u03bf\u03c1\u03b5\u03af \u03bd\u03b1 \u03b1\u03c0\u03bf\u03b2\u03bb\u03b7\u03b8\u03b5\u03af \u03ba\u03b1\u03b9 \u03b1\u03bd \u03c0\u03b1\u03c1\u03b1\u03b2\u03b5\u03af \u03c4\u03b9\u03c2 \u03b4\u03b9\u03b1\u03c4\u03ac\u03be\u03b5\u03b9\u03c2 \u03c4\u03bf\u03c5 \u03bd\u03cc\u03bc\u03bf\u03c5 \u03c0\u03b5\u03c1\u03af \u03b1\u03bb\u03bb\u03bf\u03b4\u03b1\u03c0\u03ce\u03bd. \u0391\u03c5\u03c4\u03cc \u03bc\u03c0\u03bf\u03c1\u03b5\u03af \u03bd\u03b1 \u03c3\u03c5\u03bc\u03b2\u03b5\u03af, \u03b3\u03b9\u03b1 \u03c0\u03b1\u03c1\u03ac\u03b4\u03b5\u03b9\u03b3\u03bc\u03b1, \u03b5\u03ac\u03bd \u03bf \u03b1\u03bb\u03bb\u03bf\u03b4\u03b1\u03c0\u03cc\u03c2 \u03b5\u03c1\u03b3\u03ac\u03b6\u03b5\u03c4\u03b1\u03b9 \u03c0\u03b1\u03c1\u03ac\u03bd\u03bf\u03bc\u03b1 \u03c3\u03c4\u03b7 \u0393\u03b5\u03c1\u03bc\u03b1\u03bd\u03af\u03b1 \u03ae \u03b5\u03ac\u03bd \u03c0\u03b1\u03c1\u03b1\u03b2\u03b9\u03ac\u03b6\u03b5\u03b9 \u03c4\u03b7\u03bd \u03c5\u03c0\u03bf\u03c7\u03c1\u03ad\u03c9\u03c3\u03b7 \u03b5\u03b3\u03b3\u03c1\u03b1\u03c6\u03ae\u03c2.<\/li>\n<li><strong>\u03a0\u03b1\u03c1\u03ac\u03b2\u03b1\u03c3\u03b7 \u03b4\u03b9\u03b1\u03b2\u03b1\u03c4\u03b7\u03c1\u03af\u03bf\u03c5:<\/strong> \u039f\u03b9 \u03b1\u03bb\u03bb\u03bf\u03b4\u03b1\u03c0\u03bf\u03af \u03c0\u03c1\u03ad\u03c0\u03b5\u03b9 \u03bd\u03b1 \u03ad\u03c7\u03bf\u03c5\u03bd \u03b4\u03b9\u03b1\u03b2\u03b1\u03c4\u03ae\u03c1\u03b9\u03bf \u03c3\u03c4\u03b7 \u0393\u03b5\u03c1\u03bc\u03b1\u03bd\u03af\u03b1. \u0395\u03ac\u03bd \u03ad\u03bd\u03b1\u03c2 \u03b1\u03bb\u03bb\u03bf\u03b4\u03b1\u03c0\u03cc\u03c2 \u03b4\u03b5\u03bd \u03b4\u03b9\u03b1\u03b8\u03ad\u03c4\u03b5\u03b9 \u03ad\u03b3\u03ba\u03c5\u03c1\u03bf \u03b4\u03b9\u03b1\u03b2\u03b1\u03c4\u03ae\u03c1\u03b9\u03bf \u03ae \u03c5\u03c0\u03bf\u03ba\u03b1\u03c4\u03ac\u03c3\u03c4\u03b1\u03c4\u03bf \u03b4\u03b9\u03b1\u03b2\u03b1\u03c4\u03b7\u03c1\u03af\u03bf\u03c5, \u03b1\u03c5\u03c4\u03cc \u03bc\u03c0\u03bf\u03c1\u03b5\u03af \u03bd\u03b1 \u03b1\u03c0\u03bf\u03c4\u03b5\u03bb\u03ad\u03c3\u03b5\u03b9 \u03bb\u03cc\u03b3\u03bf \u03b1\u03c0\u03ad\u03bb\u03b1\u03c3\u03b7\u03c2.<\/li>\n<\/ol>\n<h2>\u03c3\u03c5\u03bd\u03ad\u03c0\u03b5\u03b9\u03b5\u03c2 \u03c4\u03b7\u03c2 \u03b1\u03c0\u03bf\u03b2\u03bf\u03bb\u03ae\u03c2<\/h2>\n<p>\u0397 \u03b1\u03c0\u03ad\u03bb\u03b1\u03c3\u03b7 \u03ad\u03c7\u03b5\u03b9 \u03c3\u03bf\u03b2\u03b1\u03c1\u03ad\u03c2 \u03c3\u03c5\u03bd\u03ad\u03c0\u03b5\u03b9\u03b5\u03c2 \u03b3\u03b9\u03b1 \u03c4\u03bf\u03bd \u03b5\u03bd\u03b4\u03b9\u03b1\u03c6\u03b5\u03c1\u03cc\u03bc\u03b5\u03bd\u03bf \u03b1\u03bb\u03bb\u03bf\u03b4\u03b1\u03c0\u03cc:<\/p>\n<ol>\n<li><strong>\u03a5\u03c0\u03bf\u03c7\u03c1\u03ad\u03c9\u03c3\u03b7 \u03b5\u03be\u03cc\u03b4\u03bf\u03c5 \u03b1\u03c0\u03cc \u03c4\u03b7 \u03c7\u03ce\u03c1\u03b1:<\/strong> \u039f \u03b1\u03bb\u03bb\u03bf\u03b4\u03b1\u03c0\u03cc\u03c2 \u03c5\u03c0\u03bf\u03c7\u03c1\u03b5\u03bf\u03cd\u03c4\u03b1\u03b9 \u03bd\u03b1 \u03b5\u03b3\u03ba\u03b1\u03c4\u03b1\u03bb\u03b5\u03af\u03c8\u03b5\u03b9 \u03b1\u03bc\u03ad\u03c3\u03c9\u03c2 \u03c4\u03b7\u03bd \u03bf\u03bc\u03bf\u03c3\u03c0\u03bf\u03bd\u03b4\u03b9\u03b1\u03ba\u03ae \u03b5\u03c0\u03b9\u03ba\u03c1\u03ac\u03c4\u03b5\u03b9\u03b1. \u0391\u03bd \u03b4\u03b5\u03bd \u03c4\u03bf \u03ba\u03ac\u03bd\u03b5\u03b9, \u03bc\u03c0\u03bf\u03c1\u03b5\u03af \u03bd\u03b1 \u03b1\u03c0\u03b5\u03bb\u03b1\u03b8\u03b5\u03af.<\/li>\n<li><strong>\u0391\u03c0\u03b1\u03b3\u03cc\u03c1\u03b5\u03c5\u03c3\u03b7 \u03b5\u03b9\u03c3\u03cc\u03b4\u03bf\u03c5 \u03ba\u03b1\u03b9 \u03b4\u03b9\u03b1\u03bc\u03bf\u03bd\u03ae\u03c2:<\/strong> \u0397 \u03b1\u03c0\u03ad\u03bb\u03b1\u03c3\u03b7 \u03c3\u03c5\u03bd\u03ae\u03b8\u03c9\u03c2 \u03c3\u03c5\u03bd\u03bf\u03b4\u03b5\u03cd\u03b5\u03c4\u03b1\u03b9 \u03b1\u03c0\u03cc \u03b1\u03c0\u03b1\u03b3\u03cc\u03c1\u03b5\u03c5\u03c3\u03b7 \u03b5\u03b9\u03c3\u03cc\u03b4\u03bf\u03c5 \u03ba\u03b1\u03b9 \u03b4\u03b9\u03b1\u03bc\u03bf\u03bd\u03ae\u03c2. \u0391\u03c5\u03c4\u03cc \u03c3\u03b7\u03bc\u03b1\u03af\u03bd\u03b5\u03b9 \u03cc\u03c4\u03b9 \u03bf \u03b1\u03bb\u03bb\u03bf\u03b4\u03b1\u03c0\u03cc\u03c2 \u03b4\u03b5\u03bd \u03b5\u03c0\u03b9\u03c4\u03c1\u03ad\u03c0\u03b5\u03c4\u03b1\u03b9 \u03bd\u03b1 \u03b5\u03b9\u03c3\u03ad\u03bb\u03b8\u03b5\u03b9 \u03be\u03b1\u03bd\u03ac \u03c3\u03c4\u03b7\u03bd \u03bf\u03bc\u03bf\u03c3\u03c0\u03bf\u03bd\u03b4\u03b9\u03b1\u03ba\u03ae \u03b5\u03c0\u03b9\u03ba\u03c1\u03ac\u03c4\u03b5\u03b9\u03b1. \u0397 \u03b1\u03c0\u03b1\u03b3\u03cc\u03c1\u03b5\u03c5\u03c3\u03b7 \u03b5\u03b9\u03c3\u03cc\u03b4\u03bf\u03c5 \u03ba\u03b1\u03b9 \u03b4\u03b9\u03b1\u03bc\u03bf\u03bd\u03ae\u03c2 \u03b9\u03c3\u03c7\u03cd\u03b5\u03b9 \u03c3\u03c5\u03bd\u03ae\u03b8\u03c9\u03c2 \u03b3\u03b9\u03b1 \u03c0\u03b5\u03c1\u03af\u03bf\u03b4\u03bf \u03c0\u03ad\u03bd\u03c4\u03b5 \u03ad\u03c9\u03c2 \u03b4\u03ad\u03ba\u03b1 \u03b5\u03c4\u03ce\u03bd, \u03b1\u03bb\u03bb\u03ac \u03bc\u03c0\u03bf\u03c1\u03b5\u03af \u03b5\u03c0\u03af\u03c3\u03b7\u03c2 \u03bd\u03b1 \u03b5\u03af\u03bd\u03b1\u03b9 \u03b1\u03cc\u03c1\u03b9\u03c3\u03c4\u03bf.<\/li>\n<\/ol>\n<h2>\u03c3\u03c5\u03bc\u03c0\u03ad\u03c1\u03b1\u03c3\u03bc\u03b1<\/h2>\n<p>\u0397 \u03b1\u03c0\u03ad\u03bb\u03b1\u03c3\u03b7 \u03b5\u03af\u03bd\u03b1\u03b9 \u03c3\u03bf\u03b2\u03b1\u03c1\u03ae \u03c0\u03b1\u03c1\u03ad\u03bc\u03b2\u03b1\u03c3\u03b7 \u03c3\u03c4\u03b1 \u03b4\u03b9\u03ba\u03b1\u03b9\u03ce\u03bc\u03b1\u03c4\u03b1 \u03b5\u03bd\u03cc\u03c2 \u03b1\u03bb\u03bb\u03bf\u03b4\u03b1\u03c0\u03bf\u03cd. \u0395\u03be\u03b1\u03c3\u03c6\u03b1\u03bb\u03af\u03b6\u03b5\u03b9 \u03c4\u03b7 \u03b4\u03b9\u03b1\u03c4\u03ae\u03c1\u03b7\u03c3\u03b7 \u03c4\u03b7\u03c2 \u03b4\u03b7\u03bc\u03cc\u03c3\u03b9\u03b1\u03c2 \u03b1\u03c3\u03c6\u03ac\u03bb\u03b5\u03b9\u03b1\u03c2 \u03ba\u03b1\u03b9 \u03c4\u03ac\u03be\u03b7\u03c2 \u03c3\u03c4\u03b7 \u0393\u03b5\u03c1\u03bc\u03b1\u03bd\u03af\u03b1. \u03a4\u03b1\u03c5\u03c4\u03cc\u03c7\u03c1\u03bf\u03bd\u03b1, \u03ad\u03c7\u03b5\u03b9 \u03c3\u03bf\u03b2\u03b1\u03c1\u03ad\u03c2 \u03c3\u03c5\u03bd\u03ad\u03c0\u03b5\u03b9\u03b5\u03c2 \u03b3\u03b9\u03b1 \u03c4\u03bf\u03bd \u03b5\u03bd\u03b4\u03b9\u03b1\u03c6\u03b5\u03c1\u03cc\u03bc\u03b5\u03bd\u03bf \u03b1\u03bb\u03bb\u03bf\u03b4\u03b1\u03c0\u03cc. \u0395\u03af\u03bd\u03b1\u03b9 \u03b5\u03c0\u03bf\u03bc\u03ad\u03bd\u03c9\u03c2 \u03c3\u03b7\u03bc\u03b1\u03bd\u03c4\u03b9\u03ba\u03cc \u03bf\u03b9 \u03b1\u03bb\u03bb\u03bf\u03b4\u03b1\u03c0\u03bf\u03af \u03c0\u03bf\u03c5 \u03b4\u03b9\u03b1\u03bc\u03ad\u03bd\u03bf\u03c5\u03bd \u03c3\u03c4\u03b7 \u0393\u03b5\u03c1\u03bc\u03b1\u03bd\u03af\u03b1 \u03bd\u03b1 \u03c3\u03c5\u03bc\u03bc\u03bf\u03c1\u03c6\u03ce\u03bd\u03bf\u03bd\u03c4\u03b1\u03b9 \u03bc\u03b5 \u03c4\u03b9\u03c2 \u03b4\u03b9\u03b1\u03c4\u03ac\u03be\u03b5\u03b9\u03c2 \u03c4\u03b7\u03c2 \u03bd\u03bf\u03bc\u03bf\u03b8\u03b5\u03c3\u03af\u03b1\u03c2 \u03b3\u03b9\u03b1 \u03c4\u03bf\u03c5\u03c2 \u03b1\u03bb\u03bb\u03bf\u03b4\u03b1\u03c0\u03bf\u03cd\u03c2 \u03c5\u03c0\u03b7\u03ba\u03cc\u03bf\u03c5\u03c2 \u03ba\u03b1\u03b9, \u03b5\u03ac\u03bd \u03b5\u03af\u03bd\u03b1\u03b9 \u03b1\u03c0\u03b1\u03c1\u03b1\u03af\u03c4\u03b7\u03c4\u03bf, \u03bd\u03b1 \u03b6\u03b7\u03c4\u03bf\u03cd\u03bd \u03bd\u03bf\u03bc\u03b9\u03ba\u03ae \u03c3\u03c5\u03bc\u03b2\u03bf\u03c5\u03bb\u03ae.<\/p>","protected":false},"excerpt":{"rendered":"<p>\u0397 \u03b1\u03c0\u03ad\u03bb\u03b1\u03c3\u03b7 \u03b1\u03bb\u03bb\u03bf\u03b4\u03b1\u03c0\u03ce\u03bd \u03b1\u03c0\u03bf\u03c4\u03b5\u03bb\u03b5\u03af \u03b1\u03bd\u03b1\u03c0\u03cc\u03c3\u03c0\u03b1\u03c3\u03c4\u03bf \u03bc\u03ad\u03c1\u03bf\u03c2 \u03c4\u03b7\u03c2 \u03b3\u03b5\u03c1\u03bc\u03b1\u03bd\u03b9\u03ba\u03ae\u03c2 \u03bd\u03bf\u03bc\u03bf\u03b8\u03b5\u03c3\u03af\u03b1\u03c2 \u03b3\u03b9\u03b1 \u03c4\u03b7 \u03bc\u03b5\u03c4\u03b1\u03bd\u03ac\u03c3\u03c4\u03b5\u03c5\u03c3\u03b7, \u03b7 \u03bf\u03c0\u03bf\u03af\u03b1 \u03b5\u03af\u03bd\u03b1\u03b9 \u03b1\u03c0\u03b1\u03c1\u03b1\u03af\u03c4\u03b7\u03c4\u03b7 \u03b3\u03b9\u03b1 \u03c4\u03b7 \u03b4\u03b9\u03b1\u03c4\u03ae\u03c1\u03b7\u03c3\u03b7 \u03c4\u03b7\u03c2 \u03b4\u03b7\u03bc\u03cc\u03c3\u03b9\u03b1\u03c2 \u03b1\u03c3\u03c6\u03ac\u03bb\u03b5\u03b9\u03b1\u03c2 \u03ba\u03b1\u03b9 \u03c4\u03ac\u03be\u03b7\u03c2. \u03a3\u03b5 \u03b1\u03c5\u03c4\u03cc \u03c4\u03bf \u03ac\u03c1\u03b8\u03c1\u03bf, \u03b8\u03b1 \u03bf\u03c1\u03af\u03c3\u03bf\u03c5\u03bc\u03b5 \u03c4\u03b7\u03bd \u03b1\u03c0\u03bf\u03b2\u03bf\u03bb\u03ae, \u03b8\u03b1 \u03b5\u03be\u03b7\u03b3\u03ae\u03c3\u03bf\u03c5\u03bc\u03b5 \u03c4\u03bf\u03c5\u03c2 \u03bb\u03cc\u03b3\u03bf\u03c5\u03c2 \u03c4\u03b7\u03c2 \u03ba\u03b1\u03b9 \u03b8\u03b1 \u03b5\u03c0\u03b9\u03c3\u03b7\u03bc\u03ac\u03bd\u03bf\u03c5\u03bc\u03b5 \u03c4\u03b9\u03c2 \u03c0\u03b9\u03b8\u03b1\u03bd\u03ad\u03c2 \u03c3\u03c5\u03bd\u03ad\u03c0\u03b5\u03b9\u03b5\u03c2 \u03b3\u03b9\u03b1 \u03c4\u03b1 \u03ac\u03c4\u03bf\u03bc\u03b1 \u03c0\u03bf\u03c5 \u03b5\u03c0\u03b7\u03c1\u03b5\u03ac\u03b6\u03bf\u03bd\u03c4\u03b1\u03b9. \u03a4\u03b9 \u03b5\u03af\u03bd\u03b1\u03b9 \u03b7 \u03b1\u03c0\u03ad\u03bb\u03b1\u03c3\u03b7; \u0391\u03c0\u03ad\u03bb\u03b1\u03c3\u03b7 \u03b5\u03af\u03bd\u03b1\u03b9 \u03bc\u03b9\u03b1 \u03b4\u03b9\u03bf\u03b9\u03ba\u03b7\u03c4\u03b9\u03ba\u03ae \u03c0\u03c1\u03ac\u03be\u03b7 \u03bc\u03b5 \u03c4\u03b7\u03bd \u03bf\u03c0\u03bf\u03af\u03b1 \u03b1\u03bb\u03bb\u03bf\u03b4\u03b1\u03c0\u03cc\u03c2...&nbsp;<a href=\"https:\/\/auslaenderaemter.com\/el\/\u03b1\u03c0\u03ad\u03bb\u03b1\u03c3\u03b7\/\" rel=\"bookmark\">\u0394\u03b9\u03b1\u03b2\u03ac\u03c3\u03c4\u03b5 \u03c0\u03b5\u03c1\u03b9\u03c3\u03c3\u03cc\u03c4\u03b5\u03c1\u03b1 \u00bb<span class=\"screen-reader-text\">\u03b1\u03c0\u03ad\u03bb\u03b1\u03c3\u03b7<\/span><\/a><\/p>","protected":false},"author":1,"featured_media":9,"parent":0,"menu_order":0,"comment_status":"closed","ping_status":"closed","template":"","meta":{"neve_meta_sidebar":"","neve_meta_container":"","neve_meta_enable_content_width":"off","neve_meta_content_width":100,"neve_meta_title_alignment":"","neve_meta_author_avatar":"","neve_post_elements_order":"","neve_meta_disable_header":"","neve_meta_disable_footer":"","neve_meta_disable_title":"","neve_meta_reading_time":"","footnotes":""},"class_list":["post-4048","page","type-page","status-publish","has-post-thumbnail","hentry"],"yoast_head":"<!-- This site is optimized with the Yoast SEO plugin v27.4 - https:\/\/yoast.com\/product\/yoast-seo-wordpress\/ -->\n<title>Ausweisung - Gr\u00fcnde und Folgen im deutschen Ausl\u00e4nderrecht<\/title>\n<meta name=\"description\" content=\"Verstehen Sie die Ausweisung im deutschen Ausl\u00e4nderrecht: ihre Definition, die Gr\u00fcnde daf\u00fcr und die daraus resultierenden Folgen.\" \/>\n<meta name=\"robots\" content=\"index, follow, max-snippet:-1, max-image-preview:large, max-video-preview:-1\" \/>\n<link rel=\"canonical\" href=\"https:\/\/auslaenderaemter.com\/el\/\u03b1\u03c0\u03ad\u03bb\u03b1\u03c3\u03b7\/\" \/>\n<meta property=\"og:locale\" content=\"el_GR\" \/>\n<meta property=\"og:type\" content=\"article\" \/>\n<meta property=\"og:title\" content=\"Ausweisung - Gr\u00fcnde und Folgen im deutschen Ausl\u00e4nderrecht\" \/>\n<meta property=\"og:description\" content=\"Verstehen Sie die Ausweisung im deutschen Ausl\u00e4nderrecht: ihre Definition, die Gr\u00fcnde daf\u00fcr und die daraus resultierenden Folgen.\" \/>\n<meta property=\"og:url\" content=\"https:\/\/auslaenderaemter.com\/el\/\u03b1\u03c0\u03ad\u03bb\u03b1\u03c3\u03b7\/\" \/>\n<meta property=\"og:site_name\" content=\"auslaenderaemter.com\" \/>\n<meta property=\"og:image\" content=\"https:\/\/auslaenderaemter.com\/wp-content\/uploads\/2021\/01\/Vollmond-info-13.png\" \/>\n\t<meta property=\"og:image:width\" content=\"500\" \/>\n\t<meta property=\"og:image:height\" content=\"500\" \/>\n\t<meta property=\"og:image:type\" content=\"image\/png\" \/>\n<meta name=\"twitter:card\" content=\"summary_large_image\" \/>\n<meta name=\"twitter:label1\" content=\"\u0395\u03ba\u03c4\u03b9\u03bc\u03ce\u03bc\u03b5\u03bd\u03bf\u03c2 \u03c7\u03c1\u03cc\u03bd\u03bf\u03c2 \u03b1\u03bd\u03ac\u03b3\u03bd\u03c9\u03c3\u03b7\u03c2\" \/>\n\t<meta name=\"twitter:data1\" content=\"2 \u03bb\u03b5\u03c0\u03c4\u03ac\" \/>\n<script type=\"application\/ld+json\" class=\"yoast-schema-graph\">{\"@context\":\"https:\\\/\\\/schema.org\",\"@graph\":[{\"@type\":\"WebPage\",\"@id\":\"https:\\\/\\\/auslaenderaemter.com\\\/ausweisung\\\/\",\"url\":\"https:\\\/\\\/auslaenderaemter.com\\\/ausweisung\\\/\",\"name\":\"Ausweisung - Gr\u00fcnde und Folgen im deutschen Ausl\u00e4nderrecht\",\"isPartOf\":{\"@id\":\"https:\\\/\\\/auslaenderaemter.com\\\/#website\"},\"primaryImageOfPage\":{\"@id\":\"https:\\\/\\\/auslaenderaemter.com\\\/ausweisung\\\/#primaryimage\"},\"image\":{\"@id\":\"https:\\\/\\\/auslaenderaemter.com\\\/ausweisung\\\/#primaryimage\"},\"thumbnailUrl\":\"https:\\\/\\\/auslaenderaemter.com\\\/wp-content\\\/uploads\\\/2021\\\/01\\\/Vollmond-info-13.png\",\"datePublished\":\"2023-06-12T14:46:54+00:00\",\"description\":\"Verstehen Sie die Ausweisung im deutschen Ausl\u00e4nderrecht: ihre Definition, die Gr\u00fcnde daf\u00fcr und die daraus resultierenden Folgen.\",\"breadcrumb\":{\"@id\":\"https:\\\/\\\/auslaenderaemter.com\\\/ausweisung\\\/#breadcrumb\"},\"inLanguage\":\"el\",\"potentialAction\":[{\"@type\":\"ReadAction\",\"target\":[\"https:\\\/\\\/auslaenderaemter.com\\\/ausweisung\\\/\"]}]},{\"@type\":\"ImageObject\",\"inLanguage\":\"el\",\"@id\":\"https:\\\/\\\/auslaenderaemter.com\\\/ausweisung\\\/#primaryimage\",\"url\":\"https:\\\/\\\/auslaenderaemter.com\\\/wp-content\\\/uploads\\\/2021\\\/01\\\/Vollmond-info-13.png\",\"contentUrl\":\"https:\\\/\\\/auslaenderaemter.com\\\/wp-content\\\/uploads\\\/2021\\\/01\\\/Vollmond-info-13.png\",\"width\":500,\"height\":500,\"caption\":\"Abschiebung\"},{\"@type\":\"BreadcrumbList\",\"@id\":\"https:\\\/\\\/auslaenderaemter.com\\\/ausweisung\\\/#breadcrumb\",\"itemListElement\":[{\"@type\":\"ListItem\",\"position\":1,\"name\":\"Startseite\",\"item\":\"https:\\\/\\\/auslaenderaemter.com\\\/\"},{\"@type\":\"ListItem\",\"position\":2,\"name\":\"Ausweisung\"}]},{\"@type\":\"WebSite\",\"@id\":\"https:\\\/\\\/auslaenderaemter.com\\\/#website\",\"url\":\"https:\\\/\\\/auslaenderaemter.com\\\/\",\"name\":\"auslaenderaemter.com\",\"description\":\"\",\"publisher\":{\"@id\":\"https:\\\/\\\/auslaenderaemter.com\\\/#organization\"},\"potentialAction\":[{\"@type\":\"SearchAction\",\"target\":{\"@type\":\"EntryPoint\",\"urlTemplate\":\"https:\\\/\\\/auslaenderaemter.com\\\/?s={search_term_string}\"},\"query-input\":{\"@type\":\"PropertyValueSpecification\",\"valueRequired\":true,\"valueName\":\"search_term_string\"}}],\"inLanguage\":\"el\"},{\"@type\":\"Organization\",\"@id\":\"https:\\\/\\\/auslaenderaemter.com\\\/#organization\",\"name\":\"auslaenderaemter.com\",\"url\":\"https:\\\/\\\/auslaenderaemter.com\\\/\",\"logo\":{\"@type\":\"ImageObject\",\"inLanguage\":\"el\",\"@id\":\"https:\\\/\\\/auslaenderaemter.com\\\/#\\\/schema\\\/logo\\\/image\\\/\",\"url\":\"https:\\\/\\\/auslaenderaemter.com\\\/wp-content\\\/uploads\\\/2021\\\/01\\\/cropped-Vollmond-info-13.png\",\"contentUrl\":\"https:\\\/\\\/auslaenderaemter.com\\\/wp-content\\\/uploads\\\/2021\\\/01\\\/cropped-Vollmond-info-13.png\",\"width\":500,\"height\":117,\"caption\":\"auslaenderaemter.com\"},\"image\":{\"@id\":\"https:\\\/\\\/auslaenderaemter.com\\\/#\\\/schema\\\/logo\\\/image\\\/\"}}]}<\/script>\n<!-- \/ Yoast SEO plugin. -->","yoast_head_json":{"title":"\u0391\u03c0\u03ad\u03bb\u03b1\u03c3\u03b7 - \u039b\u03cc\u03b3\u03bf\u03b9 \u03ba\u03b1\u03b9 \u03a3\u03c5\u03bd\u03ad\u03c0\u03b5\u03b9\u03b5\u03c2 \u03c3\u03c4\u03bf \u0393\u03b5\u03c1\u03bc\u03b1\u03bd\u03b9\u03ba\u03cc \u039c\u03b5\u03c4\u03b1\u03bd\u03b1\u03c3\u03c4\u03b5\u03c5\u03c4\u03b9\u03ba\u03cc \u0394\u03af\u03ba\u03b1\u03b9\u03bf","description":"\u039a\u03b1\u03c4\u03b1\u03bd\u03bf\u03ae\u03c3\u03c4\u03b5 \u03c4\u03b7\u03bd \u03b1\u03c0\u03ad\u03bb\u03b1\u03c3\u03b7 \u03c3\u03c4\u03bf \u03b3\u03b5\u03c1\u03bc\u03b1\u03bd\u03b9\u03ba\u03cc \u03bc\u03b5\u03c4\u03b1\u03bd\u03b1\u03c3\u03c4\u03b5\u03c5\u03c4\u03b9\u03ba\u03cc \u03b4\u03af\u03ba\u03b1\u03b9\u03bf: \u03c4\u03bf\u03bd \u03bf\u03c1\u03b9\u03c3\u03bc\u03cc \u03c4\u03b7\u03c2, \u03c4\u03bf\u03c5\u03c2 \u03bb\u03cc\u03b3\u03bf\u03c5\u03c2 \u03ba\u03b1\u03b9 \u03c4\u03b9\u03c2 \u03c3\u03c5\u03bd\u03b1\u03ba\u03cc\u03bb\u03bf\u03c5\u03b8\u03b5\u03c2 \u03c3\u03c5\u03bd\u03ad\u03c0\u03b5\u03b9\u03b5\u03c2.","robots":{"index":"index","follow":"follow","max-snippet":"max-snippet:-1","max-image-preview":"max-image-preview:large","max-video-preview":"max-video-preview:-1"},"canonical":"https:\/\/auslaenderaemter.com\/el\/\u03b1\u03c0\u03ad\u03bb\u03b1\u03c3\u03b7\/","og_locale":"el_GR","og_type":"article","og_title":"Ausweisung - Gr\u00fcnde und Folgen im deutschen Ausl\u00e4nderrecht","og_description":"Verstehen Sie die Ausweisung im deutschen Ausl\u00e4nderrecht: ihre Definition, die Gr\u00fcnde daf\u00fcr und die daraus resultierenden Folgen.","og_url":"https:\/\/auslaenderaemter.com\/el\/\u03b1\u03c0\u03ad\u03bb\u03b1\u03c3\u03b7\/","og_site_name":"auslaenderaemter.com","og_image":[{"width":500,"height":500,"url":"https:\/\/auslaenderaemter.com\/wp-content\/uploads\/2021\/01\/Vollmond-info-13.png","type":"image\/png"}],"twitter_card":"summary_large_image","twitter_misc":{"\u0395\u03ba\u03c4\u03b9\u03bc\u03ce\u03bc\u03b5\u03bd\u03bf\u03c2 \u03c7\u03c1\u03cc\u03bd\u03bf\u03c2 \u03b1\u03bd\u03ac\u03b3\u03bd\u03c9\u03c3\u03b7\u03c2":"2 \u03bb\u03b5\u03c0\u03c4\u03ac"},"schema":{"@context":"https:\/\/schema.org","@graph":[{"@type":"WebPage","@id":"https:\/\/auslaenderaemter.com\/ausweisung\/","url":"https:\/\/auslaenderaemter.com\/ausweisung\/","name":"\u0391\u03c0\u03ad\u03bb\u03b1\u03c3\u03b7 - \u039b\u03cc\u03b3\u03bf\u03b9 \u03ba\u03b1\u03b9 \u03a3\u03c5\u03bd\u03ad\u03c0\u03b5\u03b9\u03b5\u03c2 \u03c3\u03c4\u03bf \u0393\u03b5\u03c1\u03bc\u03b1\u03bd\u03b9\u03ba\u03cc \u039c\u03b5\u03c4\u03b1\u03bd\u03b1\u03c3\u03c4\u03b5\u03c5\u03c4\u03b9\u03ba\u03cc \u0394\u03af\u03ba\u03b1\u03b9\u03bf","isPartOf":{"@id":"https:\/\/auslaenderaemter.com\/#website"},"primaryImageOfPage":{"@id":"https:\/\/auslaenderaemter.com\/ausweisung\/#primaryimage"},"image":{"@id":"https:\/\/auslaenderaemter.com\/ausweisung\/#primaryimage"},"thumbnailUrl":"https:\/\/auslaenderaemter.com\/wp-content\/uploads\/2021\/01\/Vollmond-info-13.png","datePublished":"2023-06-12T14:46:54+00:00","description":"\u039a\u03b1\u03c4\u03b1\u03bd\u03bf\u03ae\u03c3\u03c4\u03b5 \u03c4\u03b7\u03bd \u03b1\u03c0\u03ad\u03bb\u03b1\u03c3\u03b7 \u03c3\u03c4\u03bf \u03b3\u03b5\u03c1\u03bc\u03b1\u03bd\u03b9\u03ba\u03cc \u03bc\u03b5\u03c4\u03b1\u03bd\u03b1\u03c3\u03c4\u03b5\u03c5\u03c4\u03b9\u03ba\u03cc \u03b4\u03af\u03ba\u03b1\u03b9\u03bf: \u03c4\u03bf\u03bd \u03bf\u03c1\u03b9\u03c3\u03bc\u03cc \u03c4\u03b7\u03c2, \u03c4\u03bf\u03c5\u03c2 \u03bb\u03cc\u03b3\u03bf\u03c5\u03c2 \u03ba\u03b1\u03b9 \u03c4\u03b9\u03c2 \u03c3\u03c5\u03bd\u03b1\u03ba\u03cc\u03bb\u03bf\u03c5\u03b8\u03b5\u03c2 \u03c3\u03c5\u03bd\u03ad\u03c0\u03b5\u03b9\u03b5\u03c2.","breadcrumb":{"@id":"https:\/\/auslaenderaemter.com\/ausweisung\/#breadcrumb"},"inLanguage":"el","potentialAction":[{"@type":"ReadAction","target":["https:\/\/auslaenderaemter.com\/ausweisung\/"]}]},{"@type":"ImageObject","inLanguage":"el","@id":"https:\/\/auslaenderaemter.com\/ausweisung\/#primaryimage","url":"https:\/\/auslaenderaemter.com\/wp-content\/uploads\/2021\/01\/Vollmond-info-13.png","contentUrl":"https:\/\/auslaenderaemter.com\/wp-content\/uploads\/2021\/01\/Vollmond-info-13.png","width":500,"height":500,"caption":"Abschiebung"},{"@type":"BreadcrumbList","@id":"https:\/\/auslaenderaemter.com\/ausweisung\/#breadcrumb","itemListElement":[{"@type":"ListItem","position":1,"name":"Startseite","item":"https:\/\/auslaenderaemter.com\/"},{"@type":"ListItem","position":2,"name":"Ausweisung"}]},{"@type":"WebSite","@id":"https:\/\/auslaenderaemter.com\/#website","url":"https:\/\/auslaenderaemter.com\/","name":"auslaenderaemter.com","description":"","publisher":{"@id":"https:\/\/auslaenderaemter.com\/#organization"},"potentialAction":[{"@type":"SearchAction","target":{"@type":"EntryPoint","urlTemplate":"https:\/\/auslaenderaemter.com\/?s={search_term_string}"},"query-input":{"@type":"PropertyValueSpecification","valueRequired":true,"valueName":"search_term_string"}}],"inLanguage":"el"},{"@type":"Organization","@id":"https:\/\/auslaenderaemter.com\/#organization","name":"auslaenderaemter.com","url":"https:\/\/auslaenderaemter.com\/","logo":{"@type":"ImageObject","inLanguage":"el","@id":"https:\/\/auslaenderaemter.com\/#\/schema\/logo\/image\/","url":"https:\/\/auslaenderaemter.com\/wp-content\/uploads\/2021\/01\/cropped-Vollmond-info-13.png","contentUrl":"https:\/\/auslaenderaemter.com\/wp-content\/uploads\/2021\/01\/cropped-Vollmond-info-13.png","width":500,"height":117,"caption":"auslaenderaemter.com"},"image":{"@id":"https:\/\/auslaenderaemter.com\/#\/schema\/logo\/image\/"}}]}},"_links":{"self":[{"href":"https:\/\/auslaenderaemter.com\/el\/wp-json\/wp\/v2\/pages\/4048","targetHints":{"allow":["GET"]}}],"collection":[{"href":"https:\/\/auslaenderaemter.com\/el\/wp-json\/wp\/v2\/pages"}],"about":[{"href":"https:\/\/auslaenderaemter.com\/el\/wp-json\/wp\/v2\/types\/page"}],"author":[{"embeddable":true,"href":"https:\/\/auslaenderaemter.com\/el\/wp-json\/wp\/v2\/users\/1"}],"replies":[{"embeddable":true,"href":"https:\/\/auslaenderaemter.com\/el\/wp-json\/wp\/v2\/comments?post=4048"}],"version-history":[{"count":0,"href":"https:\/\/auslaenderaemter.com\/el\/wp-json\/wp\/v2\/pages\/4048\/revisions"}],"wp:featuredmedia":[{"embeddable":true,"href":"https:\/\/auslaenderaemter.com\/el\/wp-json\/wp\/v2\/media\/9"}],"wp:attachment":[{"href":"https:\/\/auslaenderaemter.com\/el\/wp-json\/wp\/v2\/media?parent=4048"}],"curies":[{"name":"\u03b5\u03c1\u03b3\u03b1\u03c3\u03af\u03b1","href":"https:\/\/api.w.org\/{rel}","templated":true}]}}