{"id":1811,"date":"2021-02-15T16:38:50","date_gmt":"2021-02-15T15:38:50","guid":{"rendered":"https:\/\/auslaenderaemter.com\/?page_id=1811"},"modified":"2022-07-05T17:51:22","modified_gmt":"2022-07-05T15:51:22","slug":"auslaenderamt-roth","status":"publish","type":"page","link":"https:\/\/auslaenderaemter.com\/en\/immigration-office-roth\/","title":{"rendered":"Immigration Office Roth"},"content":{"rendered":"<h2>Immigration Office \/ Immigration Office in Roth - address and address for visitors<\/h2>\n<ul>\n<li><strong>Address:<\/strong> Roth District Office, Weinbergweg 1, 91154 Roth<\/li>\n<li><strong>Phone:<\/strong> <span role=\"link\" aria-label=\"Call 09171 81\">09171 81<\/span><strong><br \/>\n<\/strong><\/li>\n<li><strong>E-mail: <\/strong><a class=\"mail\" href=\"mailto:auslaenderamt@landratsamt-roth.de\">auslaenderamt@landratsamt-roth.de<\/a><\/li>\n<li><strong>Website: <\/strong><a href=\"https:\/\/www.landratsamt-roth.de\/\" target=\"_blank\" rel=\"noopener\">www.landratsamt-roth.de<\/a><\/li>\n<li><strong>Opening hours:<\/strong>\u00a0see website<\/li>\n<\/ul>\n<p><iframe style=\"border: 0;\" tabindex=\"0\" src=\"https:\/\/www.google.com\/maps\/embed?pb=!1m18!1m12!1m3!1d2605.151041753247!2d11.073978815912604!3d49.23562548202428!2m3!1f0!2f0!3f0!3m2!1i1024!2i768!4f13.1!3m3!1m2!1s0x479f467bd687941b%3A0x9fb67df33d6f178e!2sLandratsamt%20Roth!5e0!3m2!1sde!2sde!4v1613403518100!5m2!1sde!2sde\" width=\"600\" height=\"450\" frameborder=\"0\" allowfullscreen=\"allowfullscreen\" aria-hidden=\"false\"><\/iframe><\/p>\n<h3><strong>Appointment at the <\/strong>foreigners Authority <strong>in Roth<\/strong><\/h3>\n<p>In most cases you can make an appointment by telephone, using the contact form or via the service portal of the respective city. Please make sure that you have all the necessary documents before you visit the immigration office.<\/p>\n<div class=\"su-note\"  style=\"border-color:#dadbdd;border-radius:2px;-moz-border-radius:2px;-webkit-border-radius:2px;\"><div class=\"su-note-inner su-u-clearfix su-u-trim\" style=\"background-color:#f4f5f7;border-color:#ffffff;color:#333333;border-radius:2px;-moz-border-radius:2px;-webkit-border-radius:2px;\"><strong>A notice:<\/strong> For offices, authorities or courts, you usually need the documents, certificates or certificates as <a href=\"https:\/\/auslaenderaemter.com\/en\/certified-translation-for-official-documents\/\">certified translation<\/a>.<\/div><\/div>\n<ul>\n<li>With a <a href=\"https:\/\/auslaenderaemter.com\/en\/commitment-declaration\/\">commitment declaration<\/a> you can allow visitors from abroad to enter Germany.<\/li>\n<li><strong>Are you expecting visitors from abroad?<\/strong> With a <a href=\"https:\/\/tidd.ly\/3u98xUL\" target=\"_blank\" rel=\"nofollow noopener\">Travel health insurance for foreign guests<\/a>* you are fully protected in Germany and Europe.<\/li>\n<\/ul>\n<h3>Other immigration authorities<\/h3>\n<ul>\n<li><a href=\"https:\/\/auslaenderaemter.com\/en\/immigration-offices-in-bavaria\/\">Immigration Offices in Bavaria<\/a><\/li>\n<li><a href=\"https:\/\/auslaenderaemter.com\/en\/\">Immigration Offices in Germany<\/a><\/li>\n<\/ul>","protected":false},"excerpt":{"rendered":"<p>Immigration office \/ immigration authority in Roth - address and address for visitors Address: District Office Roth, Weinbergweg 1, 91154 Roth Telephone: 09171 81 Email: auslaenderamt@landratsamt-roth.de Website: www.landratsamt-roth.de Opening times: see website for appointments at the immigration office in Roth. In most cases, you can make an appointment by telephone, using the contact form or via the service portal of the respective city. Please make sure\u2026&nbsp;<a href=\"https:\/\/auslaenderaemter.com\/en\/immigration-office-roth\/\" rel=\"bookmark\">ReadMore \u00bb<span class=\"screen-reader-text\">Immigration Office Roth<\/span><\/a><\/p>","protected":false},"author":1,"featured_media":37,"parent":0,"menu_order":0,"comment_status":"closed","ping_status":"closed","template":"","meta":{"neve_meta_sidebar":"full-width","neve_meta_container":"","neve_meta_enable_content_width":"on","neve_meta_content_width":100,"neve_meta_title_alignment":"","neve_meta_author_avatar":"","neve_post_elements_order":"","neve_meta_disable_header":"","neve_meta_disable_footer":"","neve_meta_disable_title":"","neve_meta_reading_time":"","footnotes":""},"class_list":["post-1811","page","type-page","status-publish","has-post-thumbnail","hentry"],"yoast_head":"<!-- This site is optimized with the Yoast SEO plugin v27.3 - https:\/\/yoast.com\/product\/yoast-seo-wordpress\/ -->\n<title>Ausl\u00e4nderamt Roth | Adresse, Kontakt und \u00d6ffnungszeiten<\/title>\n<meta name=\"description\" content=\"Ausl\u00e4nderamt Roth | Adresse und Anschrift \u2713 Telefonnummer, Kontakt und \u00d6ffnungszeiten \u2713 Anfahrt \u2713 Ausl\u00e4nderbeh\u00f6rden in Deutschland\" \/>\n<meta name=\"robots\" content=\"index, follow, max-snippet:-1, max-image-preview:large, max-video-preview:-1\" \/>\n<link rel=\"canonical\" href=\"https:\/\/auslaenderaemter.com\/en\/immigration-office-roth\/\" \/>\n<meta property=\"og:locale\" content=\"en_US\" \/>\n<meta property=\"og:type\" content=\"article\" \/>\n<meta property=\"og:title\" content=\"Ausl\u00e4nderamt Roth | Adresse, Kontakt und \u00d6ffnungszeiten\" \/>\n<meta property=\"og:description\" content=\"Ausl\u00e4nderamt Roth | Adresse und Anschrift \u2713 Telefonnummer, Kontakt und \u00d6ffnungszeiten \u2713 Anfahrt \u2713 Ausl\u00e4nderbeh\u00f6rden in Deutschland\" \/>\n<meta property=\"og:url\" content=\"https:\/\/auslaenderaemter.com\/en\/immigration-office-roth\/\" \/>\n<meta property=\"og:site_name\" content=\"auslaenderaemter.com\" \/>\n<meta property=\"article:modified_time\" content=\"2022-07-05T15:51:22+00:00\" \/>\n<meta property=\"og:image\" content=\"https:\/\/auslaenderaemter.com\/wp-content\/uploads\/2021\/01\/city-263069_640.jpg\" \/>\n\t<meta property=\"og:image:width\" content=\"640\" \/>\n\t<meta property=\"og:image:height\" content=\"480\" \/>\n\t<meta property=\"og:image:type\" content=\"image\/jpeg\" \/>\n<meta name=\"twitter:card\" content=\"summary_large_image\" \/>\n<meta name=\"twitter:label1\" content=\"Est. reading time\" \/>\n\t<meta name=\"twitter:data1\" content=\"1 minute\" \/>\n<script type=\"application\/ld+json\" class=\"yoast-schema-graph\">{\"@context\":\"https:\\\/\\\/schema.org\",\"@graph\":[{\"@type\":\"WebPage\",\"@id\":\"https:\\\/\\\/auslaenderaemter.com\\\/auslaenderamt-roth\\\/\",\"url\":\"https:\\\/\\\/auslaenderaemter.com\\\/auslaenderamt-roth\\\/\",\"name\":\"Ausl\u00e4nderamt Roth | Adresse, Kontakt und \u00d6ffnungszeiten\",\"isPartOf\":{\"@id\":\"https:\\\/\\\/auslaenderaemter.com\\\/#website\"},\"primaryImageOfPage\":{\"@id\":\"https:\\\/\\\/auslaenderaemter.com\\\/auslaenderamt-roth\\\/#primaryimage\"},\"image\":{\"@id\":\"https:\\\/\\\/auslaenderaemter.com\\\/auslaenderamt-roth\\\/#primaryimage\"},\"thumbnailUrl\":\"https:\\\/\\\/auslaenderaemter.com\\\/wp-content\\\/uploads\\\/2021\\\/01\\\/city-263069_640.jpg\",\"datePublished\":\"2021-02-15T15:38:50+00:00\",\"dateModified\":\"2022-07-05T15:51:22+00:00\",\"description\":\"Ausl\u00e4nderamt Roth | Adresse und Anschrift \u2713 Telefonnummer, Kontakt und \u00d6ffnungszeiten \u2713 Anfahrt \u2713 Ausl\u00e4nderbeh\u00f6rden in Deutschland\",\"breadcrumb\":{\"@id\":\"https:\\\/\\\/auslaenderaemter.com\\\/auslaenderamt-roth\\\/#breadcrumb\"},\"inLanguage\":\"en-US\",\"potentialAction\":[{\"@type\":\"ReadAction\",\"target\":[\"https:\\\/\\\/auslaenderaemter.com\\\/auslaenderamt-roth\\\/\"]}]},{\"@type\":\"ImageObject\",\"inLanguage\":\"en-US\",\"@id\":\"https:\\\/\\\/auslaenderaemter.com\\\/auslaenderamt-roth\\\/#primaryimage\",\"url\":\"https:\\\/\\\/auslaenderaemter.com\\\/wp-content\\\/uploads\\\/2021\\\/01\\\/city-263069_640.jpg\",\"contentUrl\":\"https:\\\/\\\/auslaenderaemter.com\\\/wp-content\\\/uploads\\\/2021\\\/01\\\/city-263069_640.jpg\",\"width\":640,\"height\":480,\"caption\":\"Ausl\u00e4nder\u00e4mter in Deutschland\"},{\"@type\":\"BreadcrumbList\",\"@id\":\"https:\\\/\\\/auslaenderaemter.com\\\/auslaenderamt-roth\\\/#breadcrumb\",\"itemListElement\":[{\"@type\":\"ListItem\",\"position\":1,\"name\":\"Startseite\",\"item\":\"https:\\\/\\\/auslaenderaemter.com\\\/\"},{\"@type\":\"ListItem\",\"position\":2,\"name\":\"Ausl\u00e4nderamt Roth\"}]},{\"@type\":\"WebSite\",\"@id\":\"https:\\\/\\\/auslaenderaemter.com\\\/#website\",\"url\":\"https:\\\/\\\/auslaenderaemter.com\\\/\",\"name\":\"auslaenderaemter.com\",\"description\":\"\",\"publisher\":{\"@id\":\"https:\\\/\\\/auslaenderaemter.com\\\/#organization\"},\"potentialAction\":[{\"@type\":\"SearchAction\",\"target\":{\"@type\":\"EntryPoint\",\"urlTemplate\":\"https:\\\/\\\/auslaenderaemter.com\\\/?s={search_term_string}\"},\"query-input\":{\"@type\":\"PropertyValueSpecification\",\"valueRequired\":true,\"valueName\":\"search_term_string\"}}],\"inLanguage\":\"en-US\"},{\"@type\":\"Organization\",\"@id\":\"https:\\\/\\\/auslaenderaemter.com\\\/#organization\",\"name\":\"auslaenderaemter.com\",\"url\":\"https:\\\/\\\/auslaenderaemter.com\\\/\",\"logo\":{\"@type\":\"ImageObject\",\"inLanguage\":\"en-US\",\"@id\":\"https:\\\/\\\/auslaenderaemter.com\\\/#\\\/schema\\\/logo\\\/image\\\/\",\"url\":\"https:\\\/\\\/auslaenderaemter.com\\\/wp-content\\\/uploads\\\/2021\\\/01\\\/cropped-Vollmond-info-13.png\",\"contentUrl\":\"https:\\\/\\\/auslaenderaemter.com\\\/wp-content\\\/uploads\\\/2021\\\/01\\\/cropped-Vollmond-info-13.png\",\"width\":500,\"height\":117,\"caption\":\"auslaenderaemter.com\"},\"image\":{\"@id\":\"https:\\\/\\\/auslaenderaemter.com\\\/#\\\/schema\\\/logo\\\/image\\\/\"}}]}<\/script>\n<!-- \/ Yoast SEO plugin. -->","yoast_head_json":{"title":"Immigration Office Roth | Address, contact and opening hours","description":"Immigration Office Roth | Address and address \u2713 Telephone number, contact and opening times \u2713 Directions \u2713 Immigration authorities in Germany","robots":{"index":"index","follow":"follow","max-snippet":"max-snippet:-1","max-image-preview":"max-image-preview:large","max-video-preview":"max-video-preview:-1"},"canonical":"https:\/\/auslaenderaemter.com\/en\/immigration-office-roth\/","og_locale":"en_US","og_type":"article","og_title":"Ausl\u00e4nderamt Roth | Adresse, Kontakt und \u00d6ffnungszeiten","og_description":"Ausl\u00e4nderamt Roth | Adresse und Anschrift \u2713 Telefonnummer, Kontakt und \u00d6ffnungszeiten \u2713 Anfahrt \u2713 Ausl\u00e4nderbeh\u00f6rden in Deutschland","og_url":"https:\/\/auslaenderaemter.com\/en\/immigration-office-roth\/","og_site_name":"auslaenderaemter.com","article_modified_time":"2022-07-05T15:51:22+00:00","og_image":[{"width":640,"height":480,"url":"https:\/\/auslaenderaemter.com\/wp-content\/uploads\/2021\/01\/city-263069_640.jpg","type":"image\/jpeg"}],"twitter_card":"summary_large_image","twitter_misc":{"Est. reading time":"1 minute"},"schema":{"@context":"https:\/\/schema.org","@graph":[{"@type":"WebPage","@id":"https:\/\/auslaenderaemter.com\/auslaenderamt-roth\/","url":"https:\/\/auslaenderaemter.com\/auslaenderamt-roth\/","name":"Immigration Office Roth | Address, contact and opening hours","isPartOf":{"@id":"https:\/\/auslaenderaemter.com\/#website"},"primaryImageOfPage":{"@id":"https:\/\/auslaenderaemter.com\/auslaenderamt-roth\/#primaryimage"},"image":{"@id":"https:\/\/auslaenderaemter.com\/auslaenderamt-roth\/#primaryimage"},"thumbnailUrl":"https:\/\/auslaenderaemter.com\/wp-content\/uploads\/2021\/01\/city-263069_640.jpg","datePublished":"2021-02-15T15:38:50+00:00","dateModified":"2022-07-05T15:51:22+00:00","description":"Immigration Office Roth | Address and address \u2713 Telephone number, contact and opening times \u2713 Directions \u2713 Immigration authorities in Germany","breadcrumb":{"@id":"https:\/\/auslaenderaemter.com\/auslaenderamt-roth\/#breadcrumb"},"inLanguage":"en-US","potentialAction":[{"@type":"ReadAction","target":["https:\/\/auslaenderaemter.com\/auslaenderamt-roth\/"]}]},{"@type":"ImageObject","inLanguage":"en-US","@id":"https:\/\/auslaenderaemter.com\/auslaenderamt-roth\/#primaryimage","url":"https:\/\/auslaenderaemter.com\/wp-content\/uploads\/2021\/01\/city-263069_640.jpg","contentUrl":"https:\/\/auslaenderaemter.com\/wp-content\/uploads\/2021\/01\/city-263069_640.jpg","width":640,"height":480,"caption":"Ausl\u00e4nder\u00e4mter in Deutschland"},{"@type":"BreadcrumbList","@id":"https:\/\/auslaenderaemter.com\/auslaenderamt-roth\/#breadcrumb","itemListElement":[{"@type":"ListItem","position":1,"name":"Startseite","item":"https:\/\/auslaenderaemter.com\/"},{"@type":"ListItem","position":2,"name":"Ausl\u00e4nderamt Roth"}]},{"@type":"WebSite","@id":"https:\/\/auslaenderaemter.com\/#website","url":"https:\/\/auslaenderaemter.com\/","name":"auslaenderaemter.com","description":"","publisher":{"@id":"https:\/\/auslaenderaemter.com\/#organization"},"potentialAction":[{"@type":"SearchAction","target":{"@type":"EntryPoint","urlTemplate":"https:\/\/auslaenderaemter.com\/?s={search_term_string}"},"query-input":{"@type":"PropertyValueSpecification","valueRequired":true,"valueName":"search_term_string"}}],"inLanguage":"en-US"},{"@type":"Organization","@id":"https:\/\/auslaenderaemter.com\/#organization","name":"auslaenderaemter.com","url":"https:\/\/auslaenderaemter.com\/","logo":{"@type":"ImageObject","inLanguage":"en-US","@id":"https:\/\/auslaenderaemter.com\/#\/schema\/logo\/image\/","url":"https:\/\/auslaenderaemter.com\/wp-content\/uploads\/2021\/01\/cropped-Vollmond-info-13.png","contentUrl":"https:\/\/auslaenderaemter.com\/wp-content\/uploads\/2021\/01\/cropped-Vollmond-info-13.png","width":500,"height":117,"caption":"auslaenderaemter.com"},"image":{"@id":"https:\/\/auslaenderaemter.com\/#\/schema\/logo\/image\/"}}]}},"_links":{"self":[{"href":"https:\/\/auslaenderaemter.com\/en\/wp-json\/wp\/v2\/pages\/1811","targetHints":{"allow":["GET"]}}],"collection":[{"href":"https:\/\/auslaenderaemter.com\/en\/wp-json\/wp\/v2\/pages"}],"about":[{"href":"https:\/\/auslaenderaemter.com\/en\/wp-json\/wp\/v2\/types\/page"}],"author":[{"embeddable":true,"href":"https:\/\/auslaenderaemter.com\/en\/wp-json\/wp\/v2\/users\/1"}],"replies":[{"embeddable":true,"href":"https:\/\/auslaenderaemter.com\/en\/wp-json\/wp\/v2\/comments?post=1811"}],"version-history":[{"count":0,"href":"https:\/\/auslaenderaemter.com\/en\/wp-json\/wp\/v2\/pages\/1811\/revisions"}],"wp:featuredmedia":[{"embeddable":true,"href":"https:\/\/auslaenderaemter.com\/en\/wp-json\/wp\/v2\/media\/37"}],"wp:attachment":[{"href":"https:\/\/auslaenderaemter.com\/en\/wp-json\/wp\/v2\/media?parent=1811"}],"curies":[{"name":"wp","href":"https:\/\/api.w.org\/{rel}","templated":true}]}}