{"id":2016,"date":"2021-02-17T13:31:31","date_gmt":"2021-02-17T12:31:31","guid":{"rendered":"https:\/\/auslaenderaemter.com\/?page_id=2016"},"modified":"2022-07-08T11:33:03","modified_gmt":"2022-07-08T09:33:03","slug":"verpflichtungserklaerung","status":"publish","type":"page","link":"https:\/\/auslaenderaemter.com\/en\/commitment-declaration\/","title":{"rendered":"commitment declaration"},"content":{"rendered":"<figure id=\"attachment_3094\" aria-describedby=\"caption-attachment-3094\" style=\"width: 600px\" class=\"wp-caption aligncenter\"><img fetchpriority=\"high\" decoding=\"async\" class=\"wp-image-3094 size-full\" src=\"https:\/\/auslaenderaemter.com\/wp-content\/uploads\/2021\/02\/Design-ohne-Titel-8.png\" alt=\"commitment declaration\" width=\"600\" height=\"400\" srcset=\"https:\/\/auslaenderaemter.com\/wp-content\/uploads\/2021\/02\/Design-ohne-Titel-8.png 600w, https:\/\/auslaenderaemter.com\/wp-content\/uploads\/2021\/02\/Design-ohne-Titel-8-300x200.png 300w\" sizes=\"(max-width: 600px) 100vw, 600px\" \/><figcaption id=\"caption-attachment-3094\" class=\"wp-caption-text\">With the declaration of commitment, you can enable people from abroad to enter and stay in Germany<\/figcaption><\/figure>\n<h2>Declaration of Commitment for Foreign Visitors<\/h2>\n<p>To secure the <strong>living expenses<\/strong> <strong>by third-country nationals<\/strong> (Refugees or emigrants) serves the so-called\u00a0<strong>commitment declaration<\/strong>. As a rule, foreigners who require a visa must have sufficient <strong>own funds<\/strong>, in order to be able to cover the costs related to the planned stay.<\/p>\n<p>A visa-required alien who does not have the necessary\/demonstrable <strong>own funds<\/strong>, a visa can still be issued if, based on a declaration of commitment by a person, a company or an association with their main residence in Germany, <strong>assumption of all costs<\/strong> he follows.<\/p>\n<h2>What is a declaration of commitment?<\/h2>\n<p>The person\/company or association agrees with a declaration of commitment for <strong>pay all costs<\/strong>, which arises from the stay of the visa applicant for public legal entities.<\/p>\n<p>The declaration of commitment therefore also includes reimbursement of costs for medical treatment in public hospitals, unless corresponding health insurance already exists. The declaration of commitment also includes the costs for the immigration police procedure if you do not leave the country after your visa has expired.<\/p>\n<h3>Documents required for submitting a declaration of commitment<\/h3>\n<p>In order for a person\/company or an association to be able to submit a declaration of commitment, some evidence must also be provided. Private individuals have to provide different proof than a company\/association. is enough for her <strong>income is not enough<\/strong>, is often a <strong>blocked account<\/strong> necessary. This is a special account that the holder cannot freely dispose of. The applicant must deposit a minimum amount required by law into the blocked account. This amount remains blocked until the visitor leaves Germany again.<\/p>\n<p><strong>Individuals must submit these documents:<\/strong><\/p>\n<ul>\n<li>Proof of identity (e.g. passport or identity card)<\/li>\n<li>registration confirmation<\/li>\n<li>Proof of income (e.g. payslip or income tax assessment)<\/li>\n<li>Evidence of any financial obligations such as loan repayments or child support payments<\/li>\n<li>Evidence of a rental agreement or title deed<\/li>\n<li>Proof of relationship with the invitee<\/li>\n<\/ul>\n<p><strong>Companies and associations must submit these documents:<\/strong><\/p>\n<ul>\n<li>Proof of the identity of the representative of the company\/association and possibly proof of the power of representation<\/li>\n<li>Excerpt from the company register or from the articles of association<\/li>\n<li>Proof of creditworthiness of the company\/association<\/li>\n<li>Proof of the relationship to the invited person (if available, e.g. business relationships, etc.)<\/li>\n<\/ul>\n<h3>How long is a declaration of commitment valid and can it be revoked?<\/h3>\n<p>As a rule, the embassy accepts declarations of commitment <strong>up to 6 months <\/strong>after exhibition. In principle, there should not be more than 6 months between the time the declaration of commitment is submitted and the visa is issued. This is because the <strong>financial circumstances<\/strong> of the declaring party in the meantime <strong>might have changed<\/strong>. If a period of 6 months has already expired, it is usually necessary to submit a new declaration of commitment.<\/p>\n<p>The law does not provide for the revocation of a declaration of commitment. The Federal Foreign Office does not know whether a revocation can avert an obligation to reimburse in the event of damage. The Federal Foreign Office cannot guarantee that a visa can only be prevented if a declaration of commitment is revoked.<\/p>\n<h3>How much does a declaration of commitment cost?<\/h3>\n<p>The fee for the declaration of commitment\u00a0<strong>is 29 euros<\/strong>. According to Section 47, Paragraph 1, Item 12 of the Residence Ordinance, the fee must also be paid if the application is withdrawn.<\/p>\n<div class=\"su-note\"  style=\"border-color:#dadbdd;border-radius:2px;-moz-border-radius:2px;-webkit-border-radius:2px;\"><div class=\"su-note-inner su-u-clearfix su-u-trim\" style=\"background-color:#f4f5f7;border-color:#ffffff;color:#333333;border-radius:2px;-moz-border-radius:2px;-webkit-border-radius:2px;\"><strong>A notice:<\/strong> For offices, authorities or courts, you usually need the documents, certificates or certificates as <a href=\"https:\/\/auslaenderaemter.com\/en\/certified-translation-for-official-documents\/\">certified translation<\/a>.<\/div><\/div>\n<h3>Which period is financially covered by the declaration of commitment?<\/h3>\n<p>Basically, through the declaration just between<strong> 90 days<\/strong> Financially secure for up to 6 months. Anyone who needs a longer visa must prove their financial capacity for the remaining period. are suitable for this <strong>Bank statements from the last 3-6 months<\/strong>, which give an overview of the approximate monthly income.<\/p>\n<ul>\n<li><strong>Are you expecting visitors from abroad?<\/strong> With a <a href=\"https:\/\/auslaenderaemter.com\/en\/insurance-for-foreign-guests\/\">Insurance for foreign guests<\/a>\u00a0you are fully protected in Germany and Europe.<\/li>\n<\/ul>\n<h3>Further<span class=\"ez-toc-section\">\u00a0<\/span>links and sources<\/h3>\n<ul>\n<li><a href=\"https:\/\/auslaenderaemter.com\/en\/\" data-wpel-link=\"internal\">Immigration Offices in Germany<\/a><\/li>\n<li><a href=\"https:\/\/auslaenderaemter.com\/en\/residence-permit\/\">residence permit<\/a><\/li>\n<\/ul>","protected":false},"excerpt":{"rendered":"<p>Declaration of commitment for foreign visitors The so-called declaration of commitment serves to cover the cost of living of third-country nationals (refugees or emigrants). As a rule, foreigners who require a visa must have sufficient funds of their own to be able to cover the costs associated with the planned stay. A foreigner who requires a visa and does not have the necessary\/demonstrable own funds can still have a\u2026&nbsp;<a href=\"https:\/\/auslaenderaemter.com\/en\/commitment-declaration\/\" rel=\"bookmark\">ReadMore \u00bb<span class=\"screen-reader-text\">commitment declaration<\/span><\/a><\/p>","protected":false},"author":1,"featured_media":0,"parent":0,"menu_order":0,"comment_status":"closed","ping_status":"closed","template":"","meta":{"neve_meta_sidebar":"","neve_meta_container":"","neve_meta_enable_content_width":"on","neve_meta_content_width":100,"neve_meta_title_alignment":"","neve_meta_author_avatar":"","neve_post_elements_order":"","neve_meta_disable_header":"","neve_meta_disable_footer":"","neve_meta_disable_title":"","neve_meta_reading_time":"","footnotes":""},"class_list":["post-2016","page","type-page","status-publish","hentry"],"yoast_head":"<!-- This site is optimized with the Yoast SEO plugin v27.4 - https:\/\/yoast.com\/product\/yoast-seo-wordpress\/ -->\n<title>Verpflichtungserkl\u00e4rung f\u00fcr ausl\u00e4ndische Besucher in Deutschland<\/title>\n<meta name=\"description\" content=\"Mit der Verpflichtungserkl\u00e4rung k\u00f6nnen Sie Personen aus dem Ausland die Einreise und den Aufenthalt in Deutschland erm\u00f6glichen\" \/>\n<meta name=\"robots\" content=\"index, follow, max-snippet:-1, max-image-preview:large, max-video-preview:-1\" \/>\n<link rel=\"canonical\" href=\"https:\/\/auslaenderaemter.com\/en\/commitment-declaration\/\" \/>\n<meta property=\"og:locale\" content=\"en_US\" \/>\n<meta property=\"og:type\" content=\"article\" \/>\n<meta property=\"og:title\" content=\"Verpflichtungserkl\u00e4rung f\u00fcr ausl\u00e4ndische Besucher in Deutschland\" \/>\n<meta property=\"og:description\" content=\"Mit der Verpflichtungserkl\u00e4rung k\u00f6nnen Sie Personen aus dem Ausland die Einreise und den Aufenthalt in Deutschland erm\u00f6glichen\" \/>\n<meta property=\"og:url\" content=\"https:\/\/auslaenderaemter.com\/en\/commitment-declaration\/\" \/>\n<meta property=\"og:site_name\" content=\"auslaenderaemter.com\" \/>\n<meta property=\"article:modified_time\" content=\"2022-07-08T09:33:03+00:00\" \/>\n<meta property=\"og:image\" content=\"https:\/\/auslaenderaemter.com\/wp-content\/uploads\/2021\/02\/Design-ohne-Titel-8.png\" \/>\n<meta name=\"twitter:card\" content=\"summary_large_image\" \/>\n<meta name=\"twitter:label1\" content=\"Est. reading time\" \/>\n\t<meta name=\"twitter:data1\" content=\"3 minutes\" \/>\n<script type=\"application\/ld+json\" class=\"yoast-schema-graph\">{\"@context\":\"https:\\\/\\\/schema.org\",\"@graph\":[{\"@type\":\"WebPage\",\"@id\":\"https:\\\/\\\/auslaenderaemter.com\\\/verpflichtungserklaerung\\\/\",\"url\":\"https:\\\/\\\/auslaenderaemter.com\\\/verpflichtungserklaerung\\\/\",\"name\":\"Verpflichtungserkl\u00e4rung f\u00fcr ausl\u00e4ndische Besucher in Deutschland\",\"isPartOf\":{\"@id\":\"https:\\\/\\\/auslaenderaemter.com\\\/#website\"},\"primaryImageOfPage\":{\"@id\":\"https:\\\/\\\/auslaenderaemter.com\\\/verpflichtungserklaerung\\\/#primaryimage\"},\"image\":{\"@id\":\"https:\\\/\\\/auslaenderaemter.com\\\/verpflichtungserklaerung\\\/#primaryimage\"},\"thumbnailUrl\":\"https:\\\/\\\/auslaenderaemter.com\\\/wp-content\\\/uploads\\\/2021\\\/02\\\/Design-ohne-Titel-8.png\",\"datePublished\":\"2021-02-17T12:31:31+00:00\",\"dateModified\":\"2022-07-08T09:33:03+00:00\",\"description\":\"Mit der Verpflichtungserkl\u00e4rung k\u00f6nnen Sie Personen aus dem Ausland die Einreise und den Aufenthalt in Deutschland erm\u00f6glichen\",\"breadcrumb\":{\"@id\":\"https:\\\/\\\/auslaenderaemter.com\\\/verpflichtungserklaerung\\\/#breadcrumb\"},\"inLanguage\":\"en-US\",\"potentialAction\":[{\"@type\":\"ReadAction\",\"target\":[\"https:\\\/\\\/auslaenderaemter.com\\\/verpflichtungserklaerung\\\/\"]}]},{\"@type\":\"ImageObject\",\"inLanguage\":\"en-US\",\"@id\":\"https:\\\/\\\/auslaenderaemter.com\\\/verpflichtungserklaerung\\\/#primaryimage\",\"url\":\"https:\\\/\\\/auslaenderaemter.com\\\/wp-content\\\/uploads\\\/2021\\\/02\\\/Design-ohne-Titel-8.png\",\"contentUrl\":\"https:\\\/\\\/auslaenderaemter.com\\\/wp-content\\\/uploads\\\/2021\\\/02\\\/Design-ohne-Titel-8.png\"},{\"@type\":\"BreadcrumbList\",\"@id\":\"https:\\\/\\\/auslaenderaemter.com\\\/verpflichtungserklaerung\\\/#breadcrumb\",\"itemListElement\":[{\"@type\":\"ListItem\",\"position\":1,\"name\":\"Startseite\",\"item\":\"https:\\\/\\\/auslaenderaemter.com\\\/\"},{\"@type\":\"ListItem\",\"position\":2,\"name\":\"Verpflichtungserkl\u00e4rung\"}]},{\"@type\":\"WebSite\",\"@id\":\"https:\\\/\\\/auslaenderaemter.com\\\/#website\",\"url\":\"https:\\\/\\\/auslaenderaemter.com\\\/\",\"name\":\"auslaenderaemter.com\",\"description\":\"\",\"publisher\":{\"@id\":\"https:\\\/\\\/auslaenderaemter.com\\\/#organization\"},\"potentialAction\":[{\"@type\":\"SearchAction\",\"target\":{\"@type\":\"EntryPoint\",\"urlTemplate\":\"https:\\\/\\\/auslaenderaemter.com\\\/?s={search_term_string}\"},\"query-input\":{\"@type\":\"PropertyValueSpecification\",\"valueRequired\":true,\"valueName\":\"search_term_string\"}}],\"inLanguage\":\"en-US\"},{\"@type\":\"Organization\",\"@id\":\"https:\\\/\\\/auslaenderaemter.com\\\/#organization\",\"name\":\"auslaenderaemter.com\",\"url\":\"https:\\\/\\\/auslaenderaemter.com\\\/\",\"logo\":{\"@type\":\"ImageObject\",\"inLanguage\":\"en-US\",\"@id\":\"https:\\\/\\\/auslaenderaemter.com\\\/#\\\/schema\\\/logo\\\/image\\\/\",\"url\":\"https:\\\/\\\/auslaenderaemter.com\\\/wp-content\\\/uploads\\\/2021\\\/01\\\/cropped-Vollmond-info-13.png\",\"contentUrl\":\"https:\\\/\\\/auslaenderaemter.com\\\/wp-content\\\/uploads\\\/2021\\\/01\\\/cropped-Vollmond-info-13.png\",\"width\":500,\"height\":117,\"caption\":\"auslaenderaemter.com\"},\"image\":{\"@id\":\"https:\\\/\\\/auslaenderaemter.com\\\/#\\\/schema\\\/logo\\\/image\\\/\"}}]}<\/script>\n<!-- \/ Yoast SEO plugin. -->","yoast_head_json":{"title":"Declaration of commitment for foreign visitors in Germany","description":"With the declaration of commitment, you can enable people from abroad to enter and stay in Germany","robots":{"index":"index","follow":"follow","max-snippet":"max-snippet:-1","max-image-preview":"max-image-preview:large","max-video-preview":"max-video-preview:-1"},"canonical":"https:\/\/auslaenderaemter.com\/en\/commitment-declaration\/","og_locale":"en_US","og_type":"article","og_title":"Verpflichtungserkl\u00e4rung f\u00fcr ausl\u00e4ndische Besucher in Deutschland","og_description":"Mit der Verpflichtungserkl\u00e4rung k\u00f6nnen Sie Personen aus dem Ausland die Einreise und den Aufenthalt in Deutschland erm\u00f6glichen","og_url":"https:\/\/auslaenderaemter.com\/en\/commitment-declaration\/","og_site_name":"auslaenderaemter.com","article_modified_time":"2022-07-08T09:33:03+00:00","og_image":[{"url":"https:\/\/auslaenderaemter.com\/wp-content\/uploads\/2021\/02\/Design-ohne-Titel-8.png","type":"","width":"","height":""}],"twitter_card":"summary_large_image","twitter_misc":{"Est. reading time":"3 minutes"},"schema":{"@context":"https:\/\/schema.org","@graph":[{"@type":"WebPage","@id":"https:\/\/auslaenderaemter.com\/verpflichtungserklaerung\/","url":"https:\/\/auslaenderaemter.com\/verpflichtungserklaerung\/","name":"Declaration of commitment for foreign visitors in Germany","isPartOf":{"@id":"https:\/\/auslaenderaemter.com\/#website"},"primaryImageOfPage":{"@id":"https:\/\/auslaenderaemter.com\/verpflichtungserklaerung\/#primaryimage"},"image":{"@id":"https:\/\/auslaenderaemter.com\/verpflichtungserklaerung\/#primaryimage"},"thumbnailUrl":"https:\/\/auslaenderaemter.com\/wp-content\/uploads\/2021\/02\/Design-ohne-Titel-8.png","datePublished":"2021-02-17T12:31:31+00:00","dateModified":"2022-07-08T09:33:03+00:00","description":"With the declaration of commitment, you can enable people from abroad to enter and stay in Germany","breadcrumb":{"@id":"https:\/\/auslaenderaemter.com\/verpflichtungserklaerung\/#breadcrumb"},"inLanguage":"en-US","potentialAction":[{"@type":"ReadAction","target":["https:\/\/auslaenderaemter.com\/verpflichtungserklaerung\/"]}]},{"@type":"ImageObject","inLanguage":"en-US","@id":"https:\/\/auslaenderaemter.com\/verpflichtungserklaerung\/#primaryimage","url":"https:\/\/auslaenderaemter.com\/wp-content\/uploads\/2021\/02\/Design-ohne-Titel-8.png","contentUrl":"https:\/\/auslaenderaemter.com\/wp-content\/uploads\/2021\/02\/Design-ohne-Titel-8.png"},{"@type":"BreadcrumbList","@id":"https:\/\/auslaenderaemter.com\/verpflichtungserklaerung\/#breadcrumb","itemListElement":[{"@type":"ListItem","position":1,"name":"Startseite","item":"https:\/\/auslaenderaemter.com\/"},{"@type":"ListItem","position":2,"name":"Verpflichtungserkl\u00e4rung"}]},{"@type":"WebSite","@id":"https:\/\/auslaenderaemter.com\/#website","url":"https:\/\/auslaenderaemter.com\/","name":"auslaenderaemter.com","description":"","publisher":{"@id":"https:\/\/auslaenderaemter.com\/#organization"},"potentialAction":[{"@type":"SearchAction","target":{"@type":"EntryPoint","urlTemplate":"https:\/\/auslaenderaemter.com\/?s={search_term_string}"},"query-input":{"@type":"PropertyValueSpecification","valueRequired":true,"valueName":"search_term_string"}}],"inLanguage":"en-US"},{"@type":"Organization","@id":"https:\/\/auslaenderaemter.com\/#organization","name":"auslaenderaemter.com","url":"https:\/\/auslaenderaemter.com\/","logo":{"@type":"ImageObject","inLanguage":"en-US","@id":"https:\/\/auslaenderaemter.com\/#\/schema\/logo\/image\/","url":"https:\/\/auslaenderaemter.com\/wp-content\/uploads\/2021\/01\/cropped-Vollmond-info-13.png","contentUrl":"https:\/\/auslaenderaemter.com\/wp-content\/uploads\/2021\/01\/cropped-Vollmond-info-13.png","width":500,"height":117,"caption":"auslaenderaemter.com"},"image":{"@id":"https:\/\/auslaenderaemter.com\/#\/schema\/logo\/image\/"}}]}},"_links":{"self":[{"href":"https:\/\/auslaenderaemter.com\/en\/wp-json\/wp\/v2\/pages\/2016","targetHints":{"allow":["GET"]}}],"collection":[{"href":"https:\/\/auslaenderaemter.com\/en\/wp-json\/wp\/v2\/pages"}],"about":[{"href":"https:\/\/auslaenderaemter.com\/en\/wp-json\/wp\/v2\/types\/page"}],"author":[{"embeddable":true,"href":"https:\/\/auslaenderaemter.com\/en\/wp-json\/wp\/v2\/users\/1"}],"replies":[{"embeddable":true,"href":"https:\/\/auslaenderaemter.com\/en\/wp-json\/wp\/v2\/comments?post=2016"}],"version-history":[{"count":0,"href":"https:\/\/auslaenderaemter.com\/en\/wp-json\/wp\/v2\/pages\/2016\/revisions"}],"wp:attachment":[{"href":"https:\/\/auslaenderaemter.com\/en\/wp-json\/wp\/v2\/media?parent=2016"}],"curies":[{"name":"wp","href":"https:\/\/api.w.org\/{rel}","templated":true}]}}