{"id":39,"date":"2021-01-26T14:24:33","date_gmt":"2021-01-26T13:24:33","guid":{"rendered":"https:\/\/auslaenderaemter.com\/?page_id=39"},"modified":"2022-07-04T15:53:43","modified_gmt":"2022-07-04T13:53:43","slug":"auslaenderaemter-in-baden-wuerttemberg","status":"publish","type":"page","link":"https:\/\/auslaenderaemter.com\/en\/immigration-offices-in-baden-wuerttemberg\/","title":{"rendered":"Immigration Offices in Baden-W\u00fcrttemberg"},"content":{"rendered":"<p><strong>Here you will find contact information, addresses and opening hours of the immigration offices \/ immigration authorities - in Baden-W\u00fcrttemberg.<\/strong><\/p>\n<h2><span id=\"Uebersicht_aller_Jobcenter_in_Baden-Wuerttemberg\" class=\"ez-toc-section\">Overview of all immigration offices \/ immigration authorities in Baden-W\u00fcrttemberg<\/span><\/h2>\n<ul>\n<li><a href=\"https:\/\/auslaenderaemter.com\/en\/immigration-office-basking\/\">basking<\/a><\/li>\n<li><a href=\"https:\/\/auslaenderaemter.com\/en\/immigration-office-albstadt\/\">Albstadt<\/a><\/li>\n<li><a href=\"https:\/\/auslaenderaemter.com\/en\/immigration-office-altensteig\/\">Altensteig<\/a><\/li>\n<li><a href=\"https:\/\/auslaenderaemter.com\/en\/immigration-office-backnang\/\">backing<\/a><\/li>\n<li><a href=\"https:\/\/auslaenderaemter.com\/en\/immigration-office-bad-rappenau\/\">Bad Rappenau<\/a><\/li>\n<li><a href=\"https:\/\/auslaenderaemter.com\/en\/immigration-office-bad-saulgau\/\">Bad Saulgau<\/a><\/li>\n<li><a href=\"https:\/\/auslaenderaemter.com\/en\/immigration-office-bad-urach\/\">Bad Urach<\/a><\/li>\n<li><a href=\"https:\/\/auslaenderaemter.com\/en\/immigration-office-baden-baden\/\">Baden-Baden<\/a><\/li>\n<li><a href=\"https:\/\/auslaenderaemter.com\/en\/immigration-office-balingen\/\">Balingen<\/a><\/li>\n<li><a href=\"https:\/\/auslaenderaemter.com\/en\/immigration-office-biberach-an-der-riss\/\">Biberach an der Riss<\/a><\/li>\n<li><a href=\"https:\/\/auslaenderaemter.com\/en\/immigration-office-bietigheim-bissingen\/\">Bietigheim-Bissingen<\/a><\/li>\n<li><a href=\"https:\/\/auslaenderaemter.com\/en\/immigration-office-blaubeuren\/\">Blaubeuren<\/a><\/li>\n<li><a href=\"https:\/\/auslaenderaemter.com\/en\/immigration-office-boeblingen\/\">Boeblingen<\/a><\/li>\n<li><a href=\"https:\/\/auslaenderaemter.com\/en\/immigration-office-bruchsal\/\">Bruchsal<\/a><\/li>\n<li><a href=\"https:\/\/auslaenderaemter.com\/en\/immigration-office-buehl\/\">Buehl<\/a><\/li>\n<li><a href=\"https:\/\/auslaenderaemter.com\/en\/immigration-office-calw\/\">Calw<\/a><\/li>\n<li><a href=\"https:\/\/auslaenderaemter.com\/en\/immigration-office-creglingen\/\">Creglingen<\/a><\/li>\n<li><a href=\"https:\/\/auslaenderaemter.com\/en\/immigration-office-dietenheim\/\">Dietenheim<\/a><\/li>\n<li><a href=\"https:\/\/auslaenderaemter.com\/en\/immigration-office-donaueschingen\/\">Donaueschingen<\/a><\/li>\n<li><a href=\"https:\/\/auslaenderaemter.com\/en\/immigration-office-ehingen\/\">marriages<\/a><\/li>\n<li><a href=\"https:\/\/auslaenderaemter.com\/en\/immigration-office-eislingen\/\">Eislingen<\/a><\/li>\n<li><a href=\"https:\/\/auslaenderaemter.com\/en\/immigration-office-emmendingen\/\">Emmendingen<\/a><\/li>\n<li><a href=\"https:\/\/auslaenderaemter.com\/en\/immigration-office-esslingen\/\">esslingen\u00a0<\/a><\/li>\n<li><a href=\"https:\/\/auslaenderaemter.com\/en\/immigration-office-ettlingen\/\">Ettlingen<\/a><\/li>\n<li><a href=\"https:\/\/auslaenderaemter.com\/en\/immigration-office-fellbach\/\">Fellbach<\/a><\/li>\n<li><a href=\"https:\/\/auslaenderaemter.com\/en\/immigration-office-freiburg\/\">Freiburg<\/a><\/li>\n<li><a href=\"https:\/\/auslaenderaemter.com\/en\/immigration-office-freudenstadt\/\">Freudenstadt<\/a><\/li>\n<li><a href=\"https:\/\/auslaenderaemter.com\/en\/immigration-office-furtwangen-in-the-black-forest\/\">Furtwangen in the Black Forest<\/a><\/li>\n<li><a href=\"https:\/\/auslaenderaemter.com\/en\/immigration-office-gaggenau\/\">Gaggenau<\/a><\/li>\n<li><a href=\"https:\/\/auslaenderaemter.com\/en\/immigration-office-gammertingen\/\">Gammertingen<\/a><\/li>\n<li><a href=\"https:\/\/auslaenderaemter.com\/en\/immigration-office-geislingen-an-der-steige\/\">Geislingen an der Steige<\/a><\/li>\n<li><a href=\"https:\/\/auslaenderaemter.com\/en\/immigration-office-goeppingen\/\">Goeppingen<\/a><\/li>\n<li><a href=\"https:\/\/auslaenderaemter.com\/en\/immigration-office-heibronn\/\">Heilbronn<\/a><\/li>\n<li><a href=\"https:\/\/auslaenderaemter.com\/en\/immigration-office-heidelberg\/\">Heidelberg<\/a><\/li>\n<li><a href=\"https:\/\/auslaenderaemter.com\/en\/immigration-office-heidenheim-an-der-brenz\/\">Heidenheim an der Brenz<\/a><\/li>\n<li><a href=\"https:\/\/auslaenderaemter.com\/en\/immigration-office-herbolzheim\/\">Herbolzheim<\/a><\/li>\n<li><a href=\"https:\/\/auslaenderaemter.com\/en\/immigration-office-herrenberg\/\">Herrenberg<\/a><\/li>\n<li><a href=\"https:\/\/auslaenderaemter.com\/en\/immigration-office-heubach\/\">Heubach<\/a><\/li>\n<li><a href=\"https:\/\/auslaenderaemter.com\/en\/immigration-office-hockenheim\/\">Hockenheim<\/a><\/li>\n<li><a href=\"https:\/\/auslaenderaemter.com\/en\/immigration-office-horb-am-neckar\/\">Horb am Neckar<\/a><\/li>\n<li><a href=\"https:\/\/auslaenderaemter.com\/en\/immigration-office-karlsruhe\/\">Karlsruhe<\/a><\/li>\n<li><a href=\"https:\/\/auslaenderaemter.com\/en\/immigration-office-kehl\/\">throat<\/a><\/li>\n<li><a href=\"https:\/\/auslaenderaemter.com\/en\/immigration-office-kirchheim-unter-teck\/\">Kirchheim unter Teck<\/a><\/li>\n<li><a href=\"https:\/\/auslaenderaemter.com\/en\/immigration-office-konstanz\/\">constancy<\/a><\/li>\n<li><a href=\"https:\/\/auslaenderaemter.com\/en\/immigration-office-kornwestheim\/\">Kornwestheim<\/a><\/li>\n<li><a href=\"https:\/\/auslaenderaemter.com\/en\/immigration-office-kuenzelsau\/\">K\u00fcnzelsau<\/a><\/li>\n<li><a href=\"https:\/\/auslaenderaemter.com\/en\/immigration-office-langenau\/\">Langenau<\/a><\/li>\n<li><a href=\"https:\/\/auslaenderaemter.com\/en\/immigration-office-gluing\/\">gluing<\/a><\/li>\n<li><a href=\"https:\/\/auslaenderaemter.com\/en\/immigration-office-leonberg\/\">Leonberg<\/a><\/li>\n<li><a href=\"https:\/\/auslaenderaemter.com\/en\/immigration-office-lichtenau\/\">Lichtenau<\/a><\/li>\n<li><a href=\"https:\/\/auslaenderaemter.com\/en\/immigration-office-loerrach\/\">Loerrach<\/a><\/li>\n<li><a href=\"https:\/\/auslaenderaemter.com\/en\/immigration-office-ludwigsburg\/\">Ludwigsburg<\/a><\/li>\n<li><a href=\"https:\/\/auslaenderaemter.com\/en\/immigration-office-mannheim\/\">Manheim<\/a><\/li>\n<li><a href=\"https:\/\/auslaenderaemter.com\/en\/immigration-office-metzingen\/\">Metzingen<\/a><\/li>\n<li><a href=\"https:\/\/auslaenderaemter.com\/en\/immigration-office-mosbach\/\">Mosbach<\/a><\/li>\n<li><a href=\"https:\/\/auslaenderaemter.com\/en\/immigration-office-moessingen\/\">moessingen<\/a><\/li>\n<li><a href=\"https:\/\/auslaenderaemter.com\/en\/immigration-office-munderkingen\/\">Munderkingen<\/a><\/li>\n<li><a href=\"https:\/\/auslaenderaemter.com\/en\/immigration-office-nuertingen\/\">Nuertingen<\/a><\/li>\n<li><a href=\"https:\/\/auslaenderaemter.com\/en\/immigration-office-oberkirch\/\">Oberkirch<\/a><\/li>\n<li><a href=\"https:\/\/auslaenderaemter.com\/en\/immigration-office-offenburg\/\">Offenburg<\/a><\/li>\n<li><a href=\"https:\/\/auslaenderaemter.com\/en\/immigration-office-ostfildern\/\">Ostfildern<\/a><\/li>\n<li><a href=\"https:\/\/auslaenderaemter.com\/en\/immigration-office-pforzheim\/\">Pforzheim<\/a><\/li>\n<li><a href=\"https:\/\/auslaenderaemter.com\/en\/immigration-office-radolfzell-am-bodensee\/\">Radolfzell on Lake Constance<\/a><\/li>\n<li><a href=\"https:\/\/auslaenderaemter.com\/en\/immigration-office-rastatt\/\">Rastatt<\/a><\/li>\n<li><a href=\"https:\/\/auslaenderaemter.com\/en\/immigration-office-ravensburg\/\">Ravensburg<\/a><\/li>\n<li><a href=\"https:\/\/auslaenderaemter.com\/en\/immigration-office-reutlingen\/\">Reutlingen<\/a><\/li>\n<li><a href=\"https:\/\/auslaenderaemter.com\/en\/immigration-office-rheinfelden\/\">Rheinfelden\u00a0<\/a><\/li>\n<li><a href=\"https:\/\/auslaenderaemter.com\/en\/immigration-office-rheinstetten\/\">Rheinstetten<\/a><\/li>\n<li><a href=\"https:\/\/auslaenderaemter.com\/en\/immigration-office-rottweil\/\">Rottweil<\/a><\/li>\n<li><a href=\"https:\/\/auslaenderaemter.com\/en\/immigration-office-schorndorf\/\">Schorndorf<\/a><\/li>\n<li><a href=\"https:\/\/auslaenderaemter.com\/en\/immigration-office-schwaebisch-gmuend\/\">Schw\u00e4bisch Gmuend<\/a><\/li>\n<li><a href=\"https:\/\/auslaenderaemter.com\/en\/immigration-office-schwaebisch-hall\/\">Schw\u00e4bisch Hall<\/a><\/li>\n<li><a href=\"https:\/\/auslaenderaemter.com\/en\/immigration-office-schwetzingen\/\">Schwetzingen<\/a><\/li>\n<li><a href=\"https:\/\/auslaenderaemter.com\/en\/immigration-office-sigmaringen\/\">sigma rings<\/a><\/li>\n<li><a href=\"https:\/\/auslaenderaemter.com\/en\/immigration-office-sindelfingen\/\">Sindelfingen<\/a><\/li>\n<li><a href=\"https:\/\/auslaenderaemter.com\/en\/immigration-office-sinsheim\/\">Sinsheim<\/a><\/li>\n<li><a href=\"https:\/\/auslaenderaemter.com\/en\/immigration-office-stuttgart\/\">Stuttgart<\/a><\/li>\n<li><a href=\"https:\/\/auslaenderaemter.com\/en\/immigration-office-tauberbischofsheim\/\">Tauberbischofsheim<\/a><\/li>\n<li><a href=\"https:\/\/auslaenderaemter.com\/en\/immigration-office-tuebingen\/\">tubingen<\/a><\/li>\n<li><a href=\"https:\/\/auslaenderaemter.com\/en\/immigration-office-tuttlingen\/\">Tuttlingen<\/a><\/li>\n<li><a href=\"https:\/\/auslaenderaemter.com\/en\/immigration-office-villingen-schwenningen\/\">Villingen-Schwenningen<\/a><\/li>\n<li><a href=\"https:\/\/auslaenderaemter.com\/en\/immigration-office-waiblingen\/\">Waiblingen<\/a><\/li>\n<li><a href=\"https:\/\/auslaenderaemter.com\/en\/immigration-office-waldshut-tiengen\/\">Waldshut-Tiengen<\/a><\/li>\n<li><a href=\"https:\/\/auslaenderaemter.com\/en\/immigration-office-wangen-im-allgaeu\/\">Wangen in the Allgaeu<\/a><\/li>\n<li><a href=\"https:\/\/auslaenderaemter.com\/en\/immigration-office-weil-am-rhein\/\">Because on the Rhine<\/a><\/li>\n<li><a href=\"https:\/\/auslaenderaemter.com\/en\/immigration-office-because-of-the-city\/\">Because of the city<\/a><\/li>\n<li><a href=\"https:\/\/auslaenderaemter.com\/en\/immigration-office-weingarten\/\">vineyard<\/a><\/li>\n<li><a href=\"https:\/\/auslaenderaemter.com\/en\/immigration-office-weinheim\/\">Weinheim<\/a><\/li>\n<li><a href=\"https:\/\/auslaenderaemter.com\/en\/immigration-office-wertheim\/\">Wertheim<\/a><\/li>\n<li><a href=\"https:\/\/auslaenderaemter.com\/en\/immigration-office-wiesloch\/\">Wiesloch<\/a><\/li>\n<\/ul>\n<h3>Tasks of the immigration authorities<\/h3>\n<p>The immigration authorities are responsible for measures in connection with residence and passport law. They decide according to the Residence Act and the provisions of other immigration laws.<\/p>\n<p><strong>Other tasks and services are:<\/strong><\/p>\n<ul>\n<li>Electronic residence permit (eAT)<\/li>\n<li>Contact person for refugee aid<\/li>\n<li>work permit<\/li>\n<li>entry\u00a0<span class=\"highlight\">and<\/span>\u00a0Accommodation in Germany<\/li>\n<li>asylum<\/li>\n<li>integration<\/li>\n<li>commitment declaration<\/li>\n<\/ul>\n<h3>Appointment at the Immigration Office<\/h3>\n<p>In most cases you can make an appointment by telephone, using the contact form or via the service portal of the respective city. Please make sure that you have all the necessary documents before you visit the immigration office.<\/p>\n<div class=\"su-note\"  style=\"border-color:#dadbdd;border-radius:2px;-moz-border-radius:2px;-webkit-border-radius:2px;\"><div class=\"su-note-inner su-u-clearfix su-u-trim\" style=\"background-color:#f4f5f7;border-color:#ffffff;color:#333333;border-radius:2px;-moz-border-radius:2px;-webkit-border-radius:2px;\"><strong>A notice:<\/strong> For offices, authorities or courts, you usually need the documents, certificates or certificates as <a href=\"https:\/\/auslaenderaemter.com\/en\/certified-translation-for-official-documents\/\">certified translation<\/a>.<\/div><\/div>\n<ul>\n<li>With a\u00a0<a href=\"https:\/\/auslaenderaemter.com\/en\/commitment-declaration\/\" data-wpel-link=\"internal\">commitment declaration<\/a>\u00a0you can allow visitors from abroad to enter Germany.<\/li>\n<li><strong>Are you expecting visitors from abroad?<\/strong>\u00a0With a\u00a0<a href=\"https:\/\/tidd.ly\/3u98xUL\" target=\"_blank\" rel=\"nofollow noopener external noreferrer\" data-wpel-link=\"external\">Travel health insurance for foreign guests<\/a>* you are fully protected in Germany and Europe.<\/li>\n<\/ul>\n<h3>Further <span class=\"ez-toc-section\">immigration authorities <\/span>links and sources<\/h3>\n<ul>\n<li><a href=\"https:\/\/auslaenderaemter.com\/en\/\">Immigration Offices in Germany<\/a><\/li>\n<li><a href=\"https:\/\/www.bamf.de\/DE\/Startseite\/startseite_node.html\" target=\"_blank\" rel=\"noopener nofollow external noreferrer\" data-wpel-link=\"external\">Federal Office for Migration and Refugees<\/a>\u00a0(BAMF)<\/li>\n<\/ul>","protected":false},"excerpt":{"rendered":"<p>Here you will find contact information, addresses and opening hours of the immigration offices \/ immigration authorities - in Baden-W\u00fcrttemberg. Overview of all immigration offices \/ immigration authorities in Baden-W\u00fcrttemberg Aalen Albstadt Altensteig Backnang Bad Rappenau Bad Saulgau Bad Urach Baden-Baden Balingen Biberach an der Riss Bietigheim-Bissingen Blaubeuren B\u00f6blingen Bruchsal B\u00fchl Calw Creglingen Dietenheim Donaueschingen Ehingen Eislingen Emmendingen Esslingen Ettlingen Fellbach Freiburg Freudenstadt Furtwangen...&nbsp;<a href=\"https:\/\/auslaenderaemter.com\/en\/immigration-offices-in-baden-wuerttemberg\/\" rel=\"bookmark\">ReadMore \u00bb<span class=\"screen-reader-text\">Immigration Offices in Baden-W\u00fcrttemberg<\/span><\/a><\/p>","protected":false},"author":1,"featured_media":37,"parent":0,"menu_order":0,"comment_status":"closed","ping_status":"closed","template":"","meta":{"neve_meta_sidebar":"full-width","neve_meta_container":"","neve_meta_enable_content_width":"on","neve_meta_content_width":100,"neve_meta_title_alignment":"","neve_meta_author_avatar":"","neve_post_elements_order":"","neve_meta_disable_header":"","neve_meta_disable_footer":"","neve_meta_disable_title":"","neve_meta_reading_time":"","footnotes":""},"class_list":["post-39","page","type-page","status-publish","has-post-thumbnail","hentry"],"yoast_head":"<!-- This site is optimized with the Yoast SEO plugin v27.4 - https:\/\/yoast.com\/product\/yoast-seo-wordpress\/ -->\n<title>Ausl\u00e4nder\u00e4mter in Baden-W\u00fcrttemberg | Adressen und Anschrift<\/title>\n<meta name=\"description\" content=\"Ausl\u00e4nder\u00e4mter in Baden-W\u00fcrttemberg | Adresse und Anschrift \u2713 Telefonnummer, Kontakt und \u00d6ffnungszeiten \u2713 Ausl\u00e4nderbeh\u00f6rden\" \/>\n<meta name=\"robots\" content=\"index, follow, max-snippet:-1, max-image-preview:large, max-video-preview:-1\" \/>\n<link rel=\"canonical\" href=\"https:\/\/auslaenderaemter.com\/en\/immigration-offices-in-baden-wuerttemberg\/\" \/>\n<meta property=\"og:locale\" content=\"en_US\" \/>\n<meta property=\"og:type\" content=\"article\" \/>\n<meta property=\"og:title\" content=\"Ausl\u00e4nder\u00e4mter in Baden-W\u00fcrttemberg | Adressen und Anschrift\" \/>\n<meta property=\"og:description\" content=\"Ausl\u00e4nder\u00e4mter in Baden-W\u00fcrttemberg | Adresse und Anschrift \u2713 Telefonnummer, Kontakt und \u00d6ffnungszeiten \u2713 Ausl\u00e4nderbeh\u00f6rden\" \/>\n<meta property=\"og:url\" content=\"https:\/\/auslaenderaemter.com\/en\/immigration-offices-in-baden-wuerttemberg\/\" \/>\n<meta property=\"og:site_name\" content=\"auslaenderaemter.com\" \/>\n<meta property=\"article:modified_time\" content=\"2022-07-04T13:53:43+00:00\" \/>\n<meta property=\"og:image\" content=\"https:\/\/auslaenderaemter.com\/wp-content\/uploads\/2021\/01\/city-263069_640.jpg\" \/>\n\t<meta property=\"og:image:width\" content=\"640\" \/>\n\t<meta property=\"og:image:height\" content=\"480\" \/>\n\t<meta property=\"og:image:type\" content=\"image\/jpeg\" \/>\n<meta name=\"twitter:card\" content=\"summary_large_image\" \/>\n<meta name=\"twitter:label1\" content=\"Est. reading time\" \/>\n\t<meta name=\"twitter:data1\" content=\"2 minutes\" \/>\n<script type=\"application\/ld+json\" class=\"yoast-schema-graph\">{\"@context\":\"https:\\\/\\\/schema.org\",\"@graph\":[{\"@type\":\"WebPage\",\"@id\":\"https:\\\/\\\/auslaenderaemter.com\\\/auslaenderaemter-in-baden-wuerttemberg\\\/\",\"url\":\"https:\\\/\\\/auslaenderaemter.com\\\/auslaenderaemter-in-baden-wuerttemberg\\\/\",\"name\":\"Ausl\u00e4nder\u00e4mter in Baden-W\u00fcrttemberg | Adressen und Anschrift\",\"isPartOf\":{\"@id\":\"https:\\\/\\\/auslaenderaemter.com\\\/#website\"},\"primaryImageOfPage\":{\"@id\":\"https:\\\/\\\/auslaenderaemter.com\\\/auslaenderaemter-in-baden-wuerttemberg\\\/#primaryimage\"},\"image\":{\"@id\":\"https:\\\/\\\/auslaenderaemter.com\\\/auslaenderaemter-in-baden-wuerttemberg\\\/#primaryimage\"},\"thumbnailUrl\":\"https:\\\/\\\/auslaenderaemter.com\\\/wp-content\\\/uploads\\\/2021\\\/01\\\/city-263069_640.jpg\",\"datePublished\":\"2021-01-26T13:24:33+00:00\",\"dateModified\":\"2022-07-04T13:53:43+00:00\",\"description\":\"Ausl\u00e4nder\u00e4mter in Baden-W\u00fcrttemberg | Adresse und Anschrift \u2713 Telefonnummer, Kontakt und \u00d6ffnungszeiten \u2713 Ausl\u00e4nderbeh\u00f6rden\",\"breadcrumb\":{\"@id\":\"https:\\\/\\\/auslaenderaemter.com\\\/auslaenderaemter-in-baden-wuerttemberg\\\/#breadcrumb\"},\"inLanguage\":\"en-US\",\"potentialAction\":[{\"@type\":\"ReadAction\",\"target\":[\"https:\\\/\\\/auslaenderaemter.com\\\/auslaenderaemter-in-baden-wuerttemberg\\\/\"]}]},{\"@type\":\"ImageObject\",\"inLanguage\":\"en-US\",\"@id\":\"https:\\\/\\\/auslaenderaemter.com\\\/auslaenderaemter-in-baden-wuerttemberg\\\/#primaryimage\",\"url\":\"https:\\\/\\\/auslaenderaemter.com\\\/wp-content\\\/uploads\\\/2021\\\/01\\\/city-263069_640.jpg\",\"contentUrl\":\"https:\\\/\\\/auslaenderaemter.com\\\/wp-content\\\/uploads\\\/2021\\\/01\\\/city-263069_640.jpg\",\"width\":640,\"height\":480,\"caption\":\"Ausl\u00e4nder\u00e4mter in Deutschland\"},{\"@type\":\"BreadcrumbList\",\"@id\":\"https:\\\/\\\/auslaenderaemter.com\\\/auslaenderaemter-in-baden-wuerttemberg\\\/#breadcrumb\",\"itemListElement\":[{\"@type\":\"ListItem\",\"position\":1,\"name\":\"Startseite\",\"item\":\"https:\\\/\\\/auslaenderaemter.com\\\/\"},{\"@type\":\"ListItem\",\"position\":2,\"name\":\"Ausl\u00e4nder\u00e4mter in Baden-W\u00fcrttemberg\"}]},{\"@type\":\"WebSite\",\"@id\":\"https:\\\/\\\/auslaenderaemter.com\\\/#website\",\"url\":\"https:\\\/\\\/auslaenderaemter.com\\\/\",\"name\":\"auslaenderaemter.com\",\"description\":\"\",\"publisher\":{\"@id\":\"https:\\\/\\\/auslaenderaemter.com\\\/#organization\"},\"potentialAction\":[{\"@type\":\"SearchAction\",\"target\":{\"@type\":\"EntryPoint\",\"urlTemplate\":\"https:\\\/\\\/auslaenderaemter.com\\\/?s={search_term_string}\"},\"query-input\":{\"@type\":\"PropertyValueSpecification\",\"valueRequired\":true,\"valueName\":\"search_term_string\"}}],\"inLanguage\":\"en-US\"},{\"@type\":\"Organization\",\"@id\":\"https:\\\/\\\/auslaenderaemter.com\\\/#organization\",\"name\":\"auslaenderaemter.com\",\"url\":\"https:\\\/\\\/auslaenderaemter.com\\\/\",\"logo\":{\"@type\":\"ImageObject\",\"inLanguage\":\"en-US\",\"@id\":\"https:\\\/\\\/auslaenderaemter.com\\\/#\\\/schema\\\/logo\\\/image\\\/\",\"url\":\"https:\\\/\\\/auslaenderaemter.com\\\/wp-content\\\/uploads\\\/2021\\\/01\\\/cropped-Vollmond-info-13.png\",\"contentUrl\":\"https:\\\/\\\/auslaenderaemter.com\\\/wp-content\\\/uploads\\\/2021\\\/01\\\/cropped-Vollmond-info-13.png\",\"width\":500,\"height\":117,\"caption\":\"auslaenderaemter.com\"},\"image\":{\"@id\":\"https:\\\/\\\/auslaenderaemter.com\\\/#\\\/schema\\\/logo\\\/image\\\/\"}}]}<\/script>\n<!-- \/ Yoast SEO plugin. -->","yoast_head_json":{"title":"Immigration Offices in Baden-W\u00fcrttemberg | addresses and address","description":"Immigration Offices in Baden-W\u00fcrttemberg | Address and address \u2713 Telephone number, contact and opening hours \u2713 Immigration authorities","robots":{"index":"index","follow":"follow","max-snippet":"max-snippet:-1","max-image-preview":"max-image-preview:large","max-video-preview":"max-video-preview:-1"},"canonical":"https:\/\/auslaenderaemter.com\/en\/immigration-offices-in-baden-wuerttemberg\/","og_locale":"en_US","og_type":"article","og_title":"Ausl\u00e4nder\u00e4mter in Baden-W\u00fcrttemberg | Adressen und Anschrift","og_description":"Ausl\u00e4nder\u00e4mter in Baden-W\u00fcrttemberg | Adresse und Anschrift \u2713 Telefonnummer, Kontakt und \u00d6ffnungszeiten \u2713 Ausl\u00e4nderbeh\u00f6rden","og_url":"https:\/\/auslaenderaemter.com\/en\/immigration-offices-in-baden-wuerttemberg\/","og_site_name":"auslaenderaemter.com","article_modified_time":"2022-07-04T13:53:43+00:00","og_image":[{"width":640,"height":480,"url":"https:\/\/auslaenderaemter.com\/wp-content\/uploads\/2021\/01\/city-263069_640.jpg","type":"image\/jpeg"}],"twitter_card":"summary_large_image","twitter_misc":{"Est. reading time":"2 minutes"},"schema":{"@context":"https:\/\/schema.org","@graph":[{"@type":"WebPage","@id":"https:\/\/auslaenderaemter.com\/auslaenderaemter-in-baden-wuerttemberg\/","url":"https:\/\/auslaenderaemter.com\/auslaenderaemter-in-baden-wuerttemberg\/","name":"Immigration Offices in Baden-W\u00fcrttemberg | addresses and address","isPartOf":{"@id":"https:\/\/auslaenderaemter.com\/#website"},"primaryImageOfPage":{"@id":"https:\/\/auslaenderaemter.com\/auslaenderaemter-in-baden-wuerttemberg\/#primaryimage"},"image":{"@id":"https:\/\/auslaenderaemter.com\/auslaenderaemter-in-baden-wuerttemberg\/#primaryimage"},"thumbnailUrl":"https:\/\/auslaenderaemter.com\/wp-content\/uploads\/2021\/01\/city-263069_640.jpg","datePublished":"2021-01-26T13:24:33+00:00","dateModified":"2022-07-04T13:53:43+00:00","description":"Immigration Offices in Baden-W\u00fcrttemberg | Address and address \u2713 Telephone number, contact and opening hours \u2713 Immigration authorities","breadcrumb":{"@id":"https:\/\/auslaenderaemter.com\/auslaenderaemter-in-baden-wuerttemberg\/#breadcrumb"},"inLanguage":"en-US","potentialAction":[{"@type":"ReadAction","target":["https:\/\/auslaenderaemter.com\/auslaenderaemter-in-baden-wuerttemberg\/"]}]},{"@type":"ImageObject","inLanguage":"en-US","@id":"https:\/\/auslaenderaemter.com\/auslaenderaemter-in-baden-wuerttemberg\/#primaryimage","url":"https:\/\/auslaenderaemter.com\/wp-content\/uploads\/2021\/01\/city-263069_640.jpg","contentUrl":"https:\/\/auslaenderaemter.com\/wp-content\/uploads\/2021\/01\/city-263069_640.jpg","width":640,"height":480,"caption":"Ausl\u00e4nder\u00e4mter in Deutschland"},{"@type":"BreadcrumbList","@id":"https:\/\/auslaenderaemter.com\/auslaenderaemter-in-baden-wuerttemberg\/#breadcrumb","itemListElement":[{"@type":"ListItem","position":1,"name":"Startseite","item":"https:\/\/auslaenderaemter.com\/"},{"@type":"ListItem","position":2,"name":"Ausl\u00e4nder\u00e4mter in Baden-W\u00fcrttemberg"}]},{"@type":"WebSite","@id":"https:\/\/auslaenderaemter.com\/#website","url":"https:\/\/auslaenderaemter.com\/","name":"auslaenderaemter.com","description":"","publisher":{"@id":"https:\/\/auslaenderaemter.com\/#organization"},"potentialAction":[{"@type":"SearchAction","target":{"@type":"EntryPoint","urlTemplate":"https:\/\/auslaenderaemter.com\/?s={search_term_string}"},"query-input":{"@type":"PropertyValueSpecification","valueRequired":true,"valueName":"search_term_string"}}],"inLanguage":"en-US"},{"@type":"Organization","@id":"https:\/\/auslaenderaemter.com\/#organization","name":"auslaenderaemter.com","url":"https:\/\/auslaenderaemter.com\/","logo":{"@type":"ImageObject","inLanguage":"en-US","@id":"https:\/\/auslaenderaemter.com\/#\/schema\/logo\/image\/","url":"https:\/\/auslaenderaemter.com\/wp-content\/uploads\/2021\/01\/cropped-Vollmond-info-13.png","contentUrl":"https:\/\/auslaenderaemter.com\/wp-content\/uploads\/2021\/01\/cropped-Vollmond-info-13.png","width":500,"height":117,"caption":"auslaenderaemter.com"},"image":{"@id":"https:\/\/auslaenderaemter.com\/#\/schema\/logo\/image\/"}}]}},"_links":{"self":[{"href":"https:\/\/auslaenderaemter.com\/en\/wp-json\/wp\/v2\/pages\/39","targetHints":{"allow":["GET"]}}],"collection":[{"href":"https:\/\/auslaenderaemter.com\/en\/wp-json\/wp\/v2\/pages"}],"about":[{"href":"https:\/\/auslaenderaemter.com\/en\/wp-json\/wp\/v2\/types\/page"}],"author":[{"embeddable":true,"href":"https:\/\/auslaenderaemter.com\/en\/wp-json\/wp\/v2\/users\/1"}],"replies":[{"embeddable":true,"href":"https:\/\/auslaenderaemter.com\/en\/wp-json\/wp\/v2\/comments?post=39"}],"version-history":[{"count":0,"href":"https:\/\/auslaenderaemter.com\/en\/wp-json\/wp\/v2\/pages\/39\/revisions"}],"wp:featuredmedia":[{"embeddable":true,"href":"https:\/\/auslaenderaemter.com\/en\/wp-json\/wp\/v2\/media\/37"}],"wp:attachment":[{"href":"https:\/\/auslaenderaemter.com\/en\/wp-json\/wp\/v2\/media?parent=39"}],"curies":[{"name":"wp","href":"https:\/\/api.w.org\/{rel}","templated":true}]}}