{"id":54,"date":"2021-01-26T14:36:07","date_gmt":"2021-01-26T13:36:07","guid":{"rendered":"https:\/\/auslaenderaemter.com\/?page_id=54"},"modified":"2022-07-04T18:44:00","modified_gmt":"2022-07-04T16:44:00","slug":"auslaenderaemter-in-hessen","status":"publish","type":"page","link":"https:\/\/auslaenderaemter.com\/en\/immigration-offices-in-hesse\/","title":{"rendered":"Immigration Offices in Hessen"},"content":{"rendered":"<p><strong>Here you will find contact information, addresses and opening hours of the immigration offices \/ immigration authorities - in Hesse.<\/strong><\/p>\n<h2><span id=\"Uebersicht_aller_Jobcenter_in_Baden-Wuerttemberg\" class=\"ez-toc-section\">Overview of all immigration offices \/ immigration authorities in Hesse<\/span><\/h2>\n<ul>\n<li><a href=\"https:\/\/auslaenderaemter.com\/en\/immigration-office-aschaffenburg\/\">Aschaffenburg<\/a><\/li>\n<li><a href=\"https:\/\/auslaenderaemter.com\/en\/immigration-office-bad-hersfeld\/\">Bad Hersfeld<\/a><\/li>\n<li><a href=\"https:\/\/auslaenderaemter.com\/en\/immigration-office-bad-homburg\/\">bad Homburg<\/a><\/li>\n<li><a href=\"https:\/\/auslaenderaemter.com\/en\/immigration-office-bad-schwalbach\/\">Bad Schwalbach<\/a><\/li>\n<li><a href=\"https:\/\/auslaenderaemter.com\/en\/immigration-office-bad-sooden-allendorf\/\">Bad Sooden-Allendorf<\/a><\/li>\n<li><a href=\"https:\/\/auslaenderaemter.com\/en\/immigration-office-biedenkopf\/\">Biedenkopf<\/a><\/li>\n<li><a href=\"https:\/\/auslaenderaemter.com\/en\/immigration-office-darmstadt\/\">Darmstadt<\/a><\/li>\n<li><a href=\"https:\/\/auslaenderaemter.com\/en\/immigration-office-dieburg\/\">The castle<\/a><\/li>\n<li><a href=\"https:\/\/auslaenderaemter.com\/en\/immigration-office-dietzenbach\/\">Dietzenbach<\/a><\/li>\n<li><a href=\"https:\/\/auslaenderaemter.com\/en\/immigration-office-dillenburg\/\">Dillenburg<\/a><\/li>\n<li><a href=\"https:\/\/auslaenderaemter.com\/en\/immigration-office-erbach\/\">Erbach<\/a><\/li>\n<li><a href=\"https:\/\/auslaenderaemter.com\/en\/immigration-office-eschwege\/\">Eschwege<\/a><\/li>\n<li><a href=\"https:\/\/auslaenderaemter.com\/en\/immigration-office-frankenberg\/\">Frankenberg<\/a><\/li>\n<li><a href=\"https:\/\/auslaenderaemter.com\/en\/immigration-office-frankfurt-am-main\/\">Frankfurt am Main<\/a><\/li>\n<li><a href=\"https:\/\/auslaenderaemter.com\/en\/immigration-office-friedberg\/\">Friedberg<\/a><\/li>\n<li><a href=\"https:\/\/auslaenderaemter.com\/en\/immigration-office-fulda\/\">Fulda<\/a><\/li>\n<li><a href=\"https:\/\/auslaenderaemter.com\/en\/immigration-office-gelnhausen\/\">Gelnhausen<\/a><\/li>\n<li><a href=\"https:\/\/auslaenderaemter.com\/en\/immigration-office-giessen\/\">Pour<\/a><\/li>\n<li><a href=\"https:\/\/auslaenderaemter.com\/en\/immigration-office-gross-gerau\/\">Gross-Gerau<\/a><\/li>\n<li><a href=\"https:\/\/auslaenderaemter.com\/en\/immigration-office-hanau\/\">Hanau<\/a><\/li>\n<li><a href=\"https:\/\/auslaenderaemter.com\/en\/immigration-office-heppenheim\/\">Heppenheim<\/a><\/li>\n<li><a href=\"https:\/\/auslaenderaemter.com\/en\/immigration-office-hofheim-am-taunus\/\">Hofheim am Taunus<\/a><\/li>\n<li><a href=\"https:\/\/auslaenderaemter.com\/en\/immigration-office-homberg-efze\/\">Homberg Efze<\/a><\/li>\n<li><a href=\"https:\/\/auslaenderaemter.com\/en\/immigration-office-kassel\/\">kassel<\/a><\/li>\n<li><a href=\"https:\/\/auslaenderaemter.com\/en\/immigration-office-korbach\/\">Korbach<\/a><\/li>\n<li><a href=\"https:\/\/auslaenderaemter.com\/en\/immigration-office-lauterbach\/\">Lauterbach<\/a><\/li>\n<li><a href=\"https:\/\/auslaenderaemter.com\/en\/immigration-office-limburg-an-der-lahn\/\">Limburg an der Lahn<\/a><\/li>\n<li><a href=\"https:\/\/auslaenderaemter.com\/en\/immigration-office-lens-court\/\">lentil dish<\/a><\/li>\n<li><a href=\"https:\/\/auslaenderaemter.com\/en\/immigration-office-marburg\/\">marburg<\/a><\/li>\n<li><a href=\"https:\/\/auslaenderaemter.com\/en\/immigration-office-miltenberg\/\">Miltenberg<\/a><\/li>\n<li><a href=\"https:\/\/auslaenderaemter.com\/en\/immigration-office-neukirchen\/\">Neukirchen<\/a><\/li>\n<li><a href=\"https:\/\/auslaenderaemter.com\/en\/immigration-office-neustadt\/\">new town<\/a><\/li>\n<li><a href=\"https:\/\/auslaenderaemter.com\/en\/immigration-office-offenbach-am-main\/\">Offenbach am Main<\/a><\/li>\n<li><a href=\"https:\/\/auslaenderaemter.com\/en\/immigration-office-ruesselsheim\/\">Ruesselsheim\u00a0<\/a><\/li>\n<li><a href=\"https:\/\/auslaenderaemter.com\/en\/immigration-office-weilburg\/\">Weilburg<\/a><\/li>\n<li><a href=\"https:\/\/auslaenderaemter.com\/en\/immigration-office-wetzlar\/\">Wetzlar<\/a><\/li>\n<li><a href=\"https:\/\/auslaenderaemter.com\/en\/immigration-office-wiesbaden\/\">Wiesbaden<\/a><\/li>\n<\/ul>\n<h3>Tasks of the immigration authorities<\/h3>\n<p>The immigration authorities are responsible for measures in connection with residence and passport law. They decide according to the Residence Act and the provisions of other immigration laws.<\/p>\n<p><strong>Other tasks and services are:<\/strong><\/p>\n<ul>\n<li>Electronic residence permit (eAT)<\/li>\n<li>Contact person for refugee aid<\/li>\n<li>work permit<\/li>\n<li>entry\u00a0<span class=\"highlight\">and<\/span>\u00a0Accommodation in Germany<\/li>\n<li>asylum<\/li>\n<li>integration<\/li>\n<li>commitment declaration<\/li>\n<\/ul>\n<h3>Appointment at the Immigration Office<\/h3>\n<p>In most cases you can make an appointment by telephone, using the contact form or via the service portal of the respective city. Please make sure that you have all the necessary documents before you visit the immigration office.<\/p>\n<div class=\"su-note\"  style=\"border-color:#dadbdd;border-radius:2px;-moz-border-radius:2px;-webkit-border-radius:2px;\"><div class=\"su-note-inner su-u-clearfix su-u-trim\" style=\"background-color:#f4f5f7;border-color:#ffffff;color:#333333;border-radius:2px;-moz-border-radius:2px;-webkit-border-radius:2px;\"><strong>A notice:<\/strong> For offices, authorities or courts, you usually need the documents, certificates or certificates as <a href=\"https:\/\/auslaenderaemter.com\/en\/certified-translation-for-official-documents\/\">certified translation<\/a>.<\/div><\/div>\n<ul>\n<li>With a\u00a0<a href=\"https:\/\/auslaenderaemter.com\/en\/commitment-declaration\/\" data-wpel-link=\"internal\">commitment declaration<\/a>\u00a0you can allow visitors from abroad to enter Germany.<\/li>\n<li><strong>Are you expecting visitors from abroad?<\/strong>\u00a0With a\u00a0<a href=\"https:\/\/tidd.ly\/3u98xUL\" target=\"_blank\" rel=\"nofollow noopener external noreferrer\" data-wpel-link=\"external\">Travel health insurance for foreign guests<\/a>* you are fully protected in Germany and Europe.<\/li>\n<\/ul>\n<h3>Further <span class=\"ez-toc-section\">immigration authorities <\/span>links and sources<\/h3>\n<ul>\n<li><a href=\"https:\/\/auslaenderaemter.com\/en\/\">Immigration Offices in Germany<\/a><\/li>\n<li><a href=\"https:\/\/www.bamf.de\/DE\/Startseite\/startseite_node.html\" target=\"_blank\" rel=\"noopener nofollow external noreferrer\" data-wpel-link=\"external\">Federal Office for Migration and Refugees<\/a>\u00a0(BAMF)<\/li>\n<\/ul>","protected":false},"excerpt":{"rendered":"<p>Here you will find contact information, addresses and opening hours of the immigration offices \/ immigration authorities - in Hesse. Overview of all immigration offices \/ immigration authorities in Hesse Aschaffenburg Bad Hersfeld Bad Homburg Bad Schwalbach Bad Sooden-Allendorf Biedenkopf Darmstadt Dieburg Dietzenbach Dillenburg Erbach Eschwege Frankenberg Frankfurt am Main Friedberg Fulda Gelnhausen Gie\u00dfen Gro\u00df-Gerau Hanau Heppenheim Hofheim am Taunus Homberg Efze Kassel Korbach\u2026&nbsp;<a href=\"https:\/\/auslaenderaemter.com\/en\/immigration-offices-in-hesse\/\" rel=\"bookmark\">ReadMore \u00bb<span class=\"screen-reader-text\">Immigration Offices in Hessen<\/span><\/a><\/p>","protected":false},"author":1,"featured_media":37,"parent":0,"menu_order":0,"comment_status":"closed","ping_status":"closed","template":"","meta":{"neve_meta_sidebar":"full-width","neve_meta_container":"","neve_meta_enable_content_width":"on","neve_meta_content_width":100,"neve_meta_title_alignment":"","neve_meta_author_avatar":"","neve_post_elements_order":"","neve_meta_disable_header":"","neve_meta_disable_footer":"","neve_meta_disable_title":"","neve_meta_reading_time":"","footnotes":""},"class_list":["post-54","page","type-page","status-publish","has-post-thumbnail","hentry"],"yoast_head":"<!-- This site is optimized with the Yoast SEO plugin v27.3 - https:\/\/yoast.com\/product\/yoast-seo-wordpress\/ -->\n<title>Ausl\u00e4nder\u00e4mter in Hessen | Adresse, Anschrift und Kontakt<\/title>\n<meta name=\"description\" content=\"Ausl\u00e4nder\u00e4mter in Hessen | Adresse und Anschrift \u2713 Telefonnummer, Kontakt und \u00d6ffnungszeiten \u2713 Ausl\u00e4nderbeh\u00f6rden in Deutschland\" \/>\n<meta name=\"robots\" content=\"index, follow, max-snippet:-1, max-image-preview:large, max-video-preview:-1\" \/>\n<link rel=\"canonical\" href=\"https:\/\/auslaenderaemter.com\/en\/immigration-offices-in-hesse\/\" \/>\n<meta property=\"og:locale\" content=\"en_US\" \/>\n<meta property=\"og:type\" content=\"article\" \/>\n<meta property=\"og:title\" content=\"Ausl\u00e4nder\u00e4mter in Hessen | Adresse, Anschrift und Kontakt\" \/>\n<meta property=\"og:description\" content=\"Ausl\u00e4nder\u00e4mter in Hessen | Adresse und Anschrift \u2713 Telefonnummer, Kontakt und \u00d6ffnungszeiten \u2713 Ausl\u00e4nderbeh\u00f6rden in Deutschland\" \/>\n<meta property=\"og:url\" content=\"https:\/\/auslaenderaemter.com\/en\/immigration-offices-in-hesse\/\" \/>\n<meta property=\"og:site_name\" content=\"auslaenderaemter.com\" \/>\n<meta property=\"article:modified_time\" content=\"2022-07-04T16:44:00+00:00\" \/>\n<meta property=\"og:image\" content=\"https:\/\/auslaenderaemter.com\/wp-content\/uploads\/2021\/01\/city-263069_640.jpg\" \/>\n\t<meta property=\"og:image:width\" content=\"640\" \/>\n\t<meta property=\"og:image:height\" content=\"480\" \/>\n\t<meta property=\"og:image:type\" content=\"image\/jpeg\" \/>\n<meta name=\"twitter:card\" content=\"summary_large_image\" \/>\n<meta name=\"twitter:label1\" content=\"Est. reading time\" \/>\n\t<meta name=\"twitter:data1\" content=\"1 minute\" \/>\n<script type=\"application\/ld+json\" class=\"yoast-schema-graph\">{\"@context\":\"https:\\\/\\\/schema.org\",\"@graph\":[{\"@type\":\"WebPage\",\"@id\":\"https:\\\/\\\/auslaenderaemter.com\\\/auslaenderaemter-in-hessen\\\/\",\"url\":\"https:\\\/\\\/auslaenderaemter.com\\\/auslaenderaemter-in-hessen\\\/\",\"name\":\"Ausl\u00e4nder\u00e4mter in Hessen | Adresse, Anschrift und Kontakt\",\"isPartOf\":{\"@id\":\"https:\\\/\\\/auslaenderaemter.com\\\/#website\"},\"primaryImageOfPage\":{\"@id\":\"https:\\\/\\\/auslaenderaemter.com\\\/auslaenderaemter-in-hessen\\\/#primaryimage\"},\"image\":{\"@id\":\"https:\\\/\\\/auslaenderaemter.com\\\/auslaenderaemter-in-hessen\\\/#primaryimage\"},\"thumbnailUrl\":\"https:\\\/\\\/auslaenderaemter.com\\\/wp-content\\\/uploads\\\/2021\\\/01\\\/city-263069_640.jpg\",\"datePublished\":\"2021-01-26T13:36:07+00:00\",\"dateModified\":\"2022-07-04T16:44:00+00:00\",\"description\":\"Ausl\u00e4nder\u00e4mter in Hessen | Adresse und Anschrift \u2713 Telefonnummer, Kontakt und \u00d6ffnungszeiten \u2713 Ausl\u00e4nderbeh\u00f6rden in Deutschland\",\"breadcrumb\":{\"@id\":\"https:\\\/\\\/auslaenderaemter.com\\\/auslaenderaemter-in-hessen\\\/#breadcrumb\"},\"inLanguage\":\"en-US\",\"potentialAction\":[{\"@type\":\"ReadAction\",\"target\":[\"https:\\\/\\\/auslaenderaemter.com\\\/auslaenderaemter-in-hessen\\\/\"]}]},{\"@type\":\"ImageObject\",\"inLanguage\":\"en-US\",\"@id\":\"https:\\\/\\\/auslaenderaemter.com\\\/auslaenderaemter-in-hessen\\\/#primaryimage\",\"url\":\"https:\\\/\\\/auslaenderaemter.com\\\/wp-content\\\/uploads\\\/2021\\\/01\\\/city-263069_640.jpg\",\"contentUrl\":\"https:\\\/\\\/auslaenderaemter.com\\\/wp-content\\\/uploads\\\/2021\\\/01\\\/city-263069_640.jpg\",\"width\":640,\"height\":480,\"caption\":\"Ausl\u00e4nder\u00e4mter in Deutschland\"},{\"@type\":\"BreadcrumbList\",\"@id\":\"https:\\\/\\\/auslaenderaemter.com\\\/auslaenderaemter-in-hessen\\\/#breadcrumb\",\"itemListElement\":[{\"@type\":\"ListItem\",\"position\":1,\"name\":\"Startseite\",\"item\":\"https:\\\/\\\/auslaenderaemter.com\\\/\"},{\"@type\":\"ListItem\",\"position\":2,\"name\":\"Ausl\u00e4nder\u00e4mter in Hessen\"}]},{\"@type\":\"WebSite\",\"@id\":\"https:\\\/\\\/auslaenderaemter.com\\\/#website\",\"url\":\"https:\\\/\\\/auslaenderaemter.com\\\/\",\"name\":\"auslaenderaemter.com\",\"description\":\"\",\"publisher\":{\"@id\":\"https:\\\/\\\/auslaenderaemter.com\\\/#organization\"},\"potentialAction\":[{\"@type\":\"SearchAction\",\"target\":{\"@type\":\"EntryPoint\",\"urlTemplate\":\"https:\\\/\\\/auslaenderaemter.com\\\/?s={search_term_string}\"},\"query-input\":{\"@type\":\"PropertyValueSpecification\",\"valueRequired\":true,\"valueName\":\"search_term_string\"}}],\"inLanguage\":\"en-US\"},{\"@type\":\"Organization\",\"@id\":\"https:\\\/\\\/auslaenderaemter.com\\\/#organization\",\"name\":\"auslaenderaemter.com\",\"url\":\"https:\\\/\\\/auslaenderaemter.com\\\/\",\"logo\":{\"@type\":\"ImageObject\",\"inLanguage\":\"en-US\",\"@id\":\"https:\\\/\\\/auslaenderaemter.com\\\/#\\\/schema\\\/logo\\\/image\\\/\",\"url\":\"https:\\\/\\\/auslaenderaemter.com\\\/wp-content\\\/uploads\\\/2021\\\/01\\\/cropped-Vollmond-info-13.png\",\"contentUrl\":\"https:\\\/\\\/auslaenderaemter.com\\\/wp-content\\\/uploads\\\/2021\\\/01\\\/cropped-Vollmond-info-13.png\",\"width\":500,\"height\":117,\"caption\":\"auslaenderaemter.com\"},\"image\":{\"@id\":\"https:\\\/\\\/auslaenderaemter.com\\\/#\\\/schema\\\/logo\\\/image\\\/\"}}]}<\/script>\n<!-- \/ Yoast SEO plugin. -->","yoast_head_json":{"title":"Immigration Offices in Hesse | Address, address and contact","description":"Immigration Offices in Hesse | Address and address \u2713 Telephone number, contact and opening times \u2713 Immigration authorities in Germany","robots":{"index":"index","follow":"follow","max-snippet":"max-snippet:-1","max-image-preview":"max-image-preview:large","max-video-preview":"max-video-preview:-1"},"canonical":"https:\/\/auslaenderaemter.com\/en\/immigration-offices-in-hesse\/","og_locale":"en_US","og_type":"article","og_title":"Ausl\u00e4nder\u00e4mter in Hessen | Adresse, Anschrift und Kontakt","og_description":"Ausl\u00e4nder\u00e4mter in Hessen | Adresse und Anschrift \u2713 Telefonnummer, Kontakt und \u00d6ffnungszeiten \u2713 Ausl\u00e4nderbeh\u00f6rden in Deutschland","og_url":"https:\/\/auslaenderaemter.com\/en\/immigration-offices-in-hesse\/","og_site_name":"auslaenderaemter.com","article_modified_time":"2022-07-04T16:44:00+00:00","og_image":[{"width":640,"height":480,"url":"https:\/\/auslaenderaemter.com\/wp-content\/uploads\/2021\/01\/city-263069_640.jpg","type":"image\/jpeg"}],"twitter_card":"summary_large_image","twitter_misc":{"Est. reading time":"1 minute"},"schema":{"@context":"https:\/\/schema.org","@graph":[{"@type":"WebPage","@id":"https:\/\/auslaenderaemter.com\/auslaenderaemter-in-hessen\/","url":"https:\/\/auslaenderaemter.com\/auslaenderaemter-in-hessen\/","name":"Immigration Offices in Hesse | Address, address and contact","isPartOf":{"@id":"https:\/\/auslaenderaemter.com\/#website"},"primaryImageOfPage":{"@id":"https:\/\/auslaenderaemter.com\/auslaenderaemter-in-hessen\/#primaryimage"},"image":{"@id":"https:\/\/auslaenderaemter.com\/auslaenderaemter-in-hessen\/#primaryimage"},"thumbnailUrl":"https:\/\/auslaenderaemter.com\/wp-content\/uploads\/2021\/01\/city-263069_640.jpg","datePublished":"2021-01-26T13:36:07+00:00","dateModified":"2022-07-04T16:44:00+00:00","description":"Immigration Offices in Hesse | Address and address \u2713 Telephone number, contact and opening times \u2713 Immigration authorities in Germany","breadcrumb":{"@id":"https:\/\/auslaenderaemter.com\/auslaenderaemter-in-hessen\/#breadcrumb"},"inLanguage":"en-US","potentialAction":[{"@type":"ReadAction","target":["https:\/\/auslaenderaemter.com\/auslaenderaemter-in-hessen\/"]}]},{"@type":"ImageObject","inLanguage":"en-US","@id":"https:\/\/auslaenderaemter.com\/auslaenderaemter-in-hessen\/#primaryimage","url":"https:\/\/auslaenderaemter.com\/wp-content\/uploads\/2021\/01\/city-263069_640.jpg","contentUrl":"https:\/\/auslaenderaemter.com\/wp-content\/uploads\/2021\/01\/city-263069_640.jpg","width":640,"height":480,"caption":"Ausl\u00e4nder\u00e4mter in Deutschland"},{"@type":"BreadcrumbList","@id":"https:\/\/auslaenderaemter.com\/auslaenderaemter-in-hessen\/#breadcrumb","itemListElement":[{"@type":"ListItem","position":1,"name":"Startseite","item":"https:\/\/auslaenderaemter.com\/"},{"@type":"ListItem","position":2,"name":"Ausl\u00e4nder\u00e4mter in Hessen"}]},{"@type":"WebSite","@id":"https:\/\/auslaenderaemter.com\/#website","url":"https:\/\/auslaenderaemter.com\/","name":"auslaenderaemter.com","description":"","publisher":{"@id":"https:\/\/auslaenderaemter.com\/#organization"},"potentialAction":[{"@type":"SearchAction","target":{"@type":"EntryPoint","urlTemplate":"https:\/\/auslaenderaemter.com\/?s={search_term_string}"},"query-input":{"@type":"PropertyValueSpecification","valueRequired":true,"valueName":"search_term_string"}}],"inLanguage":"en-US"},{"@type":"Organization","@id":"https:\/\/auslaenderaemter.com\/#organization","name":"auslaenderaemter.com","url":"https:\/\/auslaenderaemter.com\/","logo":{"@type":"ImageObject","inLanguage":"en-US","@id":"https:\/\/auslaenderaemter.com\/#\/schema\/logo\/image\/","url":"https:\/\/auslaenderaemter.com\/wp-content\/uploads\/2021\/01\/cropped-Vollmond-info-13.png","contentUrl":"https:\/\/auslaenderaemter.com\/wp-content\/uploads\/2021\/01\/cropped-Vollmond-info-13.png","width":500,"height":117,"caption":"auslaenderaemter.com"},"image":{"@id":"https:\/\/auslaenderaemter.com\/#\/schema\/logo\/image\/"}}]}},"_links":{"self":[{"href":"https:\/\/auslaenderaemter.com\/en\/wp-json\/wp\/v2\/pages\/54","targetHints":{"allow":["GET"]}}],"collection":[{"href":"https:\/\/auslaenderaemter.com\/en\/wp-json\/wp\/v2\/pages"}],"about":[{"href":"https:\/\/auslaenderaemter.com\/en\/wp-json\/wp\/v2\/types\/page"}],"author":[{"embeddable":true,"href":"https:\/\/auslaenderaemter.com\/en\/wp-json\/wp\/v2\/users\/1"}],"replies":[{"embeddable":true,"href":"https:\/\/auslaenderaemter.com\/en\/wp-json\/wp\/v2\/comments?post=54"}],"version-history":[{"count":0,"href":"https:\/\/auslaenderaemter.com\/en\/wp-json\/wp\/v2\/pages\/54\/revisions"}],"wp:featuredmedia":[{"embeddable":true,"href":"https:\/\/auslaenderaemter.com\/en\/wp-json\/wp\/v2\/media\/37"}],"wp:attachment":[{"href":"https:\/\/auslaenderaemter.com\/en\/wp-json\/wp\/v2\/media?parent=54"}],"curies":[{"name":"wp","href":"https:\/\/api.w.org\/{rel}","templated":true}]}}