{"id":60,"date":"2021-01-26T14:40:35","date_gmt":"2021-01-26T13:40:35","guid":{"rendered":"https:\/\/auslaenderaemter.com\/?page_id=60"},"modified":"2022-10-28T15:34:48","modified_gmt":"2022-10-28T13:34:48","slug":"auslaenderaemter-in-nordrhein-westphalen","status":"publish","type":"page","link":"https:\/\/auslaenderaemter.com\/en\/immigration-offices-in-north-rhine-westphalen\/","title":{"rendered":"Immigration Offices in Nordrhein-Westfalen"},"content":{"rendered":"<p><strong>Here you will find contact information, addresses and opening hours of the immigration offices \/ immigration authorities - in North Rhine-Westphalia.<\/strong><\/p>\n<h2><span id=\"Uebersicht_aller_Jobcenter_in_Baden-Wuerttemberg\" class=\"ez-toc-section\">Overview of all immigration offices \/ immigration authorities in North Rhine-Westphalia<\/span><\/h2>\n<ul>\n<li><a href=\"https:\/\/auslaenderaemter.com\/en\/immigration-office-aachen\/\">Aachen<\/a><\/li>\n<li><a href=\"https:\/\/auslaenderaemter.com\/en\/immigration-office-altena\/\">Altena<\/a><\/li>\n<li><a href=\"https:\/\/auslaenderaemter.com\/en\/immigration-office-arnsberg\/\">arnsberg<\/a><\/li>\n<li><a href=\"https:\/\/auslaenderaemter.com\/en\/immigration-office-balve\/\">balve<\/a><\/li>\n<li><a href=\"https:\/\/auslaenderaemter.com\/en\/immigration-office-bergheim\/\">mountain home<\/a><\/li>\n<li><a href=\"https:\/\/auslaenderaemter.com\/en\/immigration-office-bergisch-gladbach\/\">Bergisch Gladbach<\/a><\/li>\n<li><a href=\"https:\/\/auslaenderaemter.com\/en\/immigration-office-bergkamen\/\">mountains<\/a><\/li>\n<li><a href=\"https:\/\/auslaenderaemter.com\/en\/immigration-office-bielefeld\/\">Bielefeld<\/a><\/li>\n<li><a href=\"https:\/\/auslaenderaemter.com\/en\/immigration-office-blomberg\/\">Blomberg<\/a><\/li>\n<li><a href=\"https:\/\/auslaenderaemter.com\/en\/immigration-office-bocholt\/\">Bocholt<\/a><\/li>\n<li><a href=\"https:\/\/auslaenderaemter.com\/en\/immigration-office-bochum\/\">Bochum<\/a><\/li>\n<li><a href=\"https:\/\/auslaenderaemter.com\/en\/immigration-office-bonn\/\">Bonn<\/a><\/li>\n<li><a href=\"https:\/\/auslaenderaemter.com\/en\/immigration-office-borken\/\">bark<\/a><\/li>\n<li><a href=\"https:\/\/auslaenderaemter.com\/en\/immigration-office-bottrop\/\">Bottrop<\/a><\/li>\n<li><a href=\"https:\/\/auslaenderaemter.com\/en\/immigration-office-brilon\/\">Brilon<\/a><\/li>\n<li><a href=\"https:\/\/auslaenderaemter.com\/en\/immigration-office-bruehl\/\">Bruehl<\/a><\/li>\n<li><a href=\"https:\/\/auslaenderaemter.com\/en\/immigration-office-castrop-rauxel\/\">Castrop-Rauxel<\/a><\/li>\n<li><a href=\"https:\/\/auslaenderaemter.com\/en\/immigration-office-coesfeld\/\">Coesfeld<\/a><\/li>\n<li><a href=\"https:\/\/auslaenderaemter.com\/en\/immigration-office-dates\/\">dates<\/a><\/li>\n<li><a href=\"https:\/\/auslaenderaemter.com\/en\/immigration-office-detmold\/\">Detmold<\/a><\/li>\n<li><a href=\"https:\/\/auslaenderaemter.com\/en\/immigration-office-dinslaken\/\">Dinslaken<\/a><\/li>\n<li><a href=\"https:\/\/auslaenderaemter.com\/en\/immigration-office-dormagen\/\">Dormagen<\/a><\/li>\n<li><a href=\"https:\/\/auslaenderaemter.com\/en\/immigration-office-dorsten\/\">Dorsten<\/a><\/li>\n<li><a href=\"https:\/\/auslaenderaemter.com\/en\/immigration-office-dortmund\/\">Dortmund<\/a><\/li>\n<li><a href=\"https:\/\/auslaenderaemter.com\/en\/immigration-office-duisburg\/\">Duisburg<\/a><\/li>\n<li><a href=\"https:\/\/auslaenderaemter.com\/en\/immigration-office-dueren\/\">Duren<\/a><\/li>\n<li><a href=\"https:\/\/auslaenderaemter.com\/en\/immigration-office-desseldorf\/\">Dusseldorf<\/a><\/li>\n<li><a href=\"https:\/\/auslaenderaemter.com\/en\/immigration-office-ennepetal\/\">Ennepetal<\/a><\/li>\n<li><a href=\"https:\/\/auslaenderaemter.com\/en\/immigration-office-erkrath\/\">scratch<\/a><\/li>\n<li><a href=\"https:\/\/auslaenderaemter.com\/en\/immigration-office-essen\/\">meal<\/a><\/li>\n<li><a href=\"https:\/\/auslaenderaemter.com\/en\/immigration-office-euskirchen\/\">Euskirchen<\/a><\/li>\n<li><a href=\"https:\/\/auslaenderaemter.com\/en\/immigration-office-froendenberg\/\">Fr\u00f6ndenberg<\/a><\/li>\n<li><a href=\"https:\/\/auslaenderaemter.com\/en\/immigration-office-funds\/\">funds<\/a><\/li>\n<li><a href=\"https:\/\/auslaenderaemter.com\/en\/immigration-office-gelsenkirchen\/\">Gelsenkirchen<\/a><\/li>\n<li><a href=\"https:\/\/auslaenderaemter.com\/en\/immigration-office-gevelsberg\/\">Gevelsberg<\/a><\/li>\n<li><a href=\"https:\/\/auslaenderaemter.com\/en\/immigration-office-grevenbroich\/\">Grevenbroich<\/a><\/li>\n<li><a href=\"https:\/\/auslaenderaemter.com\/en\/immigration-office-gummersbach\/\">Gummersbach<\/a><\/li>\n<li><a href=\"https:\/\/auslaenderaemter.com\/en\/immigration-office-guetersloh\/\">Guetersloh<\/a><\/li>\n<li><a href=\"https:\/\/auslaenderaemter.com\/en\/immigration-office-hagen\/\">hagen<\/a><\/li>\n<li><a href=\"https:\/\/auslaenderaemter.com\/en\/immigration-office-halver\/\">Halver<\/a><\/li>\n<li><a href=\"https:\/\/auslaenderaemter.com\/en\/immigration-office-hammm\/\">Hamm<\/a><\/li>\n<li><a href=\"https:\/\/auslaenderaemter.com\/en\/immigration-office-heinsberg\/\">Heinsberg<\/a><\/li>\n<li><a href=\"https:\/\/auslaenderaemter.com\/en\/immigration-office-herford\/\">Herford<\/a><\/li>\n<li><a href=\"https:\/\/auslaenderaemter.com\/en\/immigration-office-herne\/\">herne<\/a><\/li>\n<li><a href=\"https:\/\/auslaenderaemter.com\/en\/immigration-office-hiddenhausen\/\">Hiddenhausen<\/a><\/li>\n<li><a href=\"https:\/\/auslaenderaemter.com\/en\/immigration-office-hoexter\/\">Hoxter<\/a><\/li>\n<li><a href=\"https:\/\/auslaenderaemter.com\/en\/immigration-office-ingelheim-am-rhein\/\">Ingelheim on the Rhine<\/a><\/li>\n<li><a href=\"https:\/\/auslaenderaemter.com\/en\/immigration-office-iserlohn\/\">Iserlohn<\/a><\/li>\n<li><a href=\"https:\/\/auslaenderaemter.com\/en\/immigration-office-kerpen\/\">kerpen<\/a><\/li>\n<li><a href=\"https:\/\/auslaenderaemter.com\/en\/immigration-office-kierspe\/\">Kierspe<\/a><\/li>\n<li><a href=\"https:\/\/auslaenderaemter.com\/en\/immigration-office-kleve\/\">Kleve<\/a><\/li>\n<li><a href=\"https:\/\/auslaenderaemter.com\/en\/immigration-office-cologne\/\">Cologne<\/a><\/li>\n<li><a href=\"https:\/\/auslaenderaemter.com\/en\/immigration-office-krefeld\/\">Krefeld<\/a><\/li>\n<li><a href=\"https:\/\/auslaenderaemter.com\/en\/immigration-office-lemgo\/\">lemgo<\/a><\/li>\n<li><a href=\"https:\/\/auslaenderaemter.com\/en\/immigration-office-leverkusen\/\">Leverkusen<\/a><\/li>\n<li><a href=\"https:\/\/auslaenderaemter.com\/en\/immigration-office-lippstadt\/\">Lippstadt<\/a><\/li>\n<li><a href=\"https:\/\/auslaenderaemter.com\/en\/immigration-office-luedenscheid\/\">Luedenscheid<\/a><\/li>\n<li><a href=\"https:\/\/auslaenderaemter.com\/en\/immigration-office-luenen\/\">Lunen<\/a><\/li>\n<li><a href=\"https:\/\/auslaenderaemter.com\/en\/immigration-office-meinerzhagen\/\">Meinerzhagen<\/a><\/li>\n<li><a href=\"https:\/\/auslaenderaemter.com\/en\/immigration-office-menden\/\">Menden<\/a><\/li>\n<li><a href=\"https:\/\/auslaenderaemter.com\/en\/immigration-office-meschede\/\">Meschede<\/a><\/li>\n<li><a href=\"https:\/\/auslaenderaemter.com\/en\/immigration-office-mettmann\/\">Mettmann<\/a><\/li>\n<li><a href=\"https:\/\/auslaenderaemter.com\/en\/immigration-office-minden\/\">mind<\/a><\/li>\n<li><a href=\"https:\/\/auslaenderaemter.com\/en\/immigration-office-moers\/\">Moers<\/a><\/li>\n<li><a href=\"https:\/\/auslaenderaemter.com\/en\/immigration-office-moenchengladbach\/\">Moenchengladbach<\/a><\/li>\n<li><a href=\"https:\/\/auslaenderaemter.com\/en\/immigration-office-muelheim-an-der-ruhr\/\">M\u00fclheim an der Ruhr<\/a><\/li>\n<li><a href=\"https:\/\/auslaenderaemter.com\/en\/immigration-office-muenster\/\">Muenster<\/a><\/li>\n<li><a href=\"https:\/\/auslaenderaemter.com\/en\/immigration-office-neuenrade\/\">Neuenrade<\/a><\/li>\n<li><a href=\"https:\/\/auslaenderaemter.com\/en\/immigration-office-neuss\/\">Neuss<\/a><\/li>\n<li><a href=\"https:\/\/auslaenderaemter.com\/en\/immigration-office-oberhausen\/\">Oberhausen<\/a><\/li>\n<li><a href=\"https:\/\/auslaenderaemter.com\/en\/immigration-office-paderborn\/\">Paderborn<\/a><\/li>\n<li><a href=\"https:\/\/auslaenderaemter.com\/en\/immigration-office-plettenberg\/\">Plettenberg<\/a><\/li>\n<li><a href=\"https:\/\/auslaenderaemter.com\/en\/immigration-office-recklinghausen\/\">Recklinghausen<\/a><\/li>\n<li><a href=\"https:\/\/auslaenderaemter.com\/en\/immigration-office-remscheid\/\">Remscheid<\/a><\/li>\n<li><a href=\"https:\/\/auslaenderaemter.com\/en\/immigration-office-rheda-wiedenbrueck\/\">Rheda Wiedenbrueck<\/a><\/li>\n<li><a href=\"https:\/\/auslaenderaemter.com\/en\/immigration-office-rheinbach\/\">Rheinbach<\/a><\/li>\n<li><a href=\"https:\/\/auslaenderaemter.com\/en\/immigration-office-rheine\/\">Rheine<\/a><\/li>\n<li><a href=\"https:\/\/auslaenderaemter.com\/en\/immigration-office-schleiden\/\">slip<\/a><\/li>\n<li><a href=\"https:\/\/auslaenderaemter.com\/en\/immigration-office-schwelm\/\">smoldering<\/a><\/li>\n<li><a href=\"https:\/\/auslaenderaemter.com\/en\/immigration-office-siegburg\/\">Siegburg<\/a><\/li>\n<li><a href=\"https:\/\/auslaenderaemter.com\/en\/immigration-office-soest\/\">Soest<\/a><\/li>\n<li><a href=\"https:\/\/auslaenderaemter.com\/en\/immigration-office-solingen\/\">Solingen<\/a><\/li>\n<li><a href=\"https:\/\/auslaenderaemter.com\/en\/immigration-office-steinfurt\/\">Steinfurt<\/a><\/li>\n<li><a href=\"https:\/\/auslaenderaemter.com\/en\/immigration-office-troisdorf\/\">Troisdorf<\/a><\/li>\n<li><a href=\"https:\/\/auslaenderaemter.com\/en\/immigration-office-unna\/\">Unna<\/a><\/li>\n<li><a href=\"https:\/\/auslaenderaemter.com\/en\/immigration-office-velbert\/\">Velbert<\/a><\/li>\n<li><a href=\"https:\/\/auslaenderaemter.com\/en\/immigration-office-viersen\/\">Viersen<\/a><\/li>\n<li><a href=\"https:\/\/auslaenderaemter.com\/en\/immigration-office-warendorf\/\">Warendorf<\/a><\/li>\n<li><a href=\"https:\/\/auslaenderaemter.com\/en\/immigration-office-werdohl\/\">Werdohl<\/a><\/li>\n<li><a href=\"https:\/\/auslaenderaemter.com\/en\/immigration-office-wesel\/\">Wesel<\/a><\/li>\n<li><a href=\"https:\/\/auslaenderaemter.com\/en\/immigration-office-witten\/\">Witten<\/a><\/li>\n<li><a href=\"https:\/\/auslaenderaemter.com\/en\/immigration-office-wuppertal\/\">Wuppertal<\/a><\/li>\n<li><a href=\"https:\/\/auslaenderaemter.com\/en\/immigration-office-zuelpich\/\">Zulpich<\/a><\/li>\n<\/ul>\n<h3>Tasks of the immigration authorities<\/h3>\n<p>The immigration authorities are responsible for measures in connection with residence and passport law. They decide according to the Residence Act and the provisions of other immigration laws.<\/p>\n<p><strong>Other tasks and services are:<\/strong><\/p>\n<ul>\n<li>Electronic residence permit (eAT)<\/li>\n<li>Contact person for refugee aid<\/li>\n<li>work permit<\/li>\n<li>entry\u00a0<span class=\"highlight\">and<\/span>\u00a0Accommodation in Germany<\/li>\n<li>asylum<\/li>\n<li>integration<\/li>\n<li>commitment declaration<\/li>\n<\/ul>\n<h3>Appointment at the Immigration Office<\/h3>\n<p>In most cases you can make an appointment by telephone, using the contact form or via the service portal of the respective city. Please make sure that you have all the necessary documents before you visit the immigration office.<\/p>\n<div class=\"su-note\"  style=\"border-color:#dadbdd;border-radius:2px;-moz-border-radius:2px;-webkit-border-radius:2px;\"><div class=\"su-note-inner su-u-clearfix su-u-trim\" style=\"background-color:#f4f5f7;border-color:#ffffff;color:#333333;border-radius:2px;-moz-border-radius:2px;-webkit-border-radius:2px;\"><strong>A notice:<\/strong> For offices, authorities or courts, you usually need the documents, certificates or certificates as <a href=\"https:\/\/auslaenderaemter.com\/en\/certified-translation-for-official-documents\/\">certified translation<\/a>.<\/div><\/div>\n<ul>\n<li>With a\u00a0<a href=\"https:\/\/auslaenderaemter.com\/en\/commitment-declaration\/\" data-wpel-link=\"internal\">commitment declaration<\/a>\u00a0you can allow visitors from abroad to enter Germany.<\/li>\n<li><strong>Are you expecting visitors from abroad?<\/strong>\u00a0With a\u00a0<a href=\"https:\/\/tidd.ly\/3u98xUL\" target=\"_blank\" rel=\"nofollow noopener external noreferrer\" data-wpel-link=\"external\">Travel health insurance for foreign guests<\/a>* you are fully protected in Germany and Europe.<\/li>\n<\/ul>\n<h3>Further <span class=\"ez-toc-section\">immigration authorities <\/span>links and sources<\/h3>\n<ul>\n<li><a href=\"https:\/\/auslaenderaemter.com\/en\/\">Immigration Offices in Germany<\/a><\/li>\n<li><a href=\"https:\/\/www.bamf.de\/DE\/Startseite\/startseite_node.html\" target=\"_blank\" rel=\"noopener nofollow external noreferrer\" data-wpel-link=\"external\">Federal Office for Migration and Refugees<\/a>\u00a0(BAMF)<\/li>\n<\/ul>","protected":false},"excerpt":{"rendered":"<p>Here you will find contact information, addresses and opening hours of the immigration offices \/ immigration authorities - in North Rhine-Westphalia. Overview of all immigration offices \/ immigration authorities in North Rhine-Westphalia Aachen Altena Arnsberg Balve Bergheim Bergisch Gladbach Bergkamen Bielefeld Blomberg Bocholt Bochum Bonn Borken Bottrop Brilon Br\u00fchl Castrop-Rauxel Coesfeld Datteln Detmold Dinslaken Dormagen Dorsten Dortmund Duisburg D\u00fcren D\u00fcsseldorf Ennepetal Erkrath Essen Euskirchen Fr\u00f6ndenberg Geldern...&nbsp;<a href=\"https:\/\/auslaenderaemter.com\/en\/immigration-offices-in-north-rhine-westphalen\/\" rel=\"bookmark\">ReadMore \u00bb<span class=\"screen-reader-text\">Immigration Offices in Nordrhein-Westfalen<\/span><\/a><\/p>","protected":false},"author":1,"featured_media":37,"parent":0,"menu_order":0,"comment_status":"closed","ping_status":"closed","template":"","meta":{"neve_meta_sidebar":"full-width","neve_meta_container":"","neve_meta_enable_content_width":"on","neve_meta_content_width":100,"neve_meta_title_alignment":"","neve_meta_author_avatar":"","neve_post_elements_order":"","neve_meta_disable_header":"","neve_meta_disable_footer":"","neve_meta_disable_title":"","neve_meta_reading_time":"","footnotes":""},"class_list":["post-60","page","type-page","status-publish","has-post-thumbnail","hentry"],"yoast_head":"<!-- This site is optimized with the Yoast SEO plugin v27.3 - https:\/\/yoast.com\/product\/yoast-seo-wordpress\/ -->\n<title>Ausl\u00e4nder\u00e4mter in Nordrhein-Westfalen | Adressen und Anschrift<\/title>\n<meta name=\"description\" content=\"Ausl\u00e4nder\u00e4mter in Nordrhein-Westfalen | Adresse und Anschrift \u2713 Telefonnummer, Kontakt und \u00d6ffnungszeiten \u2713 Ausl\u00e4nderbeh\u00f6rden in Deutschland\" \/>\n<meta name=\"robots\" content=\"index, follow, max-snippet:-1, max-image-preview:large, max-video-preview:-1\" \/>\n<link rel=\"canonical\" href=\"https:\/\/auslaenderaemter.com\/en\/immigration-offices-in-north-rhine-westphalen\/\" \/>\n<meta property=\"og:locale\" content=\"en_US\" \/>\n<meta property=\"og:type\" content=\"article\" \/>\n<meta property=\"og:title\" content=\"Ausl\u00e4nder\u00e4mter in Nordrhein-Westfalen | Adressen und Anschrift\" \/>\n<meta property=\"og:description\" content=\"Ausl\u00e4nder\u00e4mter in Nordrhein-Westfalen | Adresse und Anschrift \u2713 Telefonnummer, Kontakt und \u00d6ffnungszeiten \u2713 Ausl\u00e4nderbeh\u00f6rden in Deutschland\" \/>\n<meta property=\"og:url\" content=\"https:\/\/auslaenderaemter.com\/en\/immigration-offices-in-north-rhine-westphalen\/\" \/>\n<meta property=\"og:site_name\" content=\"auslaenderaemter.com\" \/>\n<meta property=\"article:modified_time\" content=\"2022-10-28T13:34:48+00:00\" \/>\n<meta property=\"og:image\" content=\"https:\/\/auslaenderaemter.com\/wp-content\/uploads\/2021\/01\/city-263069_640.jpg\" \/>\n\t<meta property=\"og:image:width\" content=\"640\" \/>\n\t<meta property=\"og:image:height\" content=\"480\" \/>\n\t<meta property=\"og:image:type\" content=\"image\/jpeg\" \/>\n<meta name=\"twitter:card\" content=\"summary_large_image\" \/>\n<meta name=\"twitter:label1\" content=\"Est. reading time\" \/>\n\t<meta name=\"twitter:data1\" content=\"2 minutes\" \/>\n<script type=\"application\/ld+json\" class=\"yoast-schema-graph\">{\"@context\":\"https:\\\/\\\/schema.org\",\"@graph\":[{\"@type\":\"WebPage\",\"@id\":\"https:\\\/\\\/auslaenderaemter.com\\\/auslaenderaemter-in-nordrhein-westphalen\\\/\",\"url\":\"https:\\\/\\\/auslaenderaemter.com\\\/auslaenderaemter-in-nordrhein-westphalen\\\/\",\"name\":\"Ausl\u00e4nder\u00e4mter in Nordrhein-Westfalen | Adressen und Anschrift\",\"isPartOf\":{\"@id\":\"https:\\\/\\\/auslaenderaemter.com\\\/#website\"},\"primaryImageOfPage\":{\"@id\":\"https:\\\/\\\/auslaenderaemter.com\\\/auslaenderaemter-in-nordrhein-westphalen\\\/#primaryimage\"},\"image\":{\"@id\":\"https:\\\/\\\/auslaenderaemter.com\\\/auslaenderaemter-in-nordrhein-westphalen\\\/#primaryimage\"},\"thumbnailUrl\":\"https:\\\/\\\/auslaenderaemter.com\\\/wp-content\\\/uploads\\\/2021\\\/01\\\/city-263069_640.jpg\",\"datePublished\":\"2021-01-26T13:40:35+00:00\",\"dateModified\":\"2022-10-28T13:34:48+00:00\",\"description\":\"Ausl\u00e4nder\u00e4mter in Nordrhein-Westfalen | Adresse und Anschrift \u2713 Telefonnummer, Kontakt und \u00d6ffnungszeiten \u2713 Ausl\u00e4nderbeh\u00f6rden in Deutschland\",\"breadcrumb\":{\"@id\":\"https:\\\/\\\/auslaenderaemter.com\\\/auslaenderaemter-in-nordrhein-westphalen\\\/#breadcrumb\"},\"inLanguage\":\"en-US\",\"potentialAction\":[{\"@type\":\"ReadAction\",\"target\":[\"https:\\\/\\\/auslaenderaemter.com\\\/auslaenderaemter-in-nordrhein-westphalen\\\/\"]}]},{\"@type\":\"ImageObject\",\"inLanguage\":\"en-US\",\"@id\":\"https:\\\/\\\/auslaenderaemter.com\\\/auslaenderaemter-in-nordrhein-westphalen\\\/#primaryimage\",\"url\":\"https:\\\/\\\/auslaenderaemter.com\\\/wp-content\\\/uploads\\\/2021\\\/01\\\/city-263069_640.jpg\",\"contentUrl\":\"https:\\\/\\\/auslaenderaemter.com\\\/wp-content\\\/uploads\\\/2021\\\/01\\\/city-263069_640.jpg\",\"width\":640,\"height\":480,\"caption\":\"Ausl\u00e4nder\u00e4mter in Deutschland\"},{\"@type\":\"BreadcrumbList\",\"@id\":\"https:\\\/\\\/auslaenderaemter.com\\\/auslaenderaemter-in-nordrhein-westphalen\\\/#breadcrumb\",\"itemListElement\":[{\"@type\":\"ListItem\",\"position\":1,\"name\":\"Startseite\",\"item\":\"https:\\\/\\\/auslaenderaemter.com\\\/\"},{\"@type\":\"ListItem\",\"position\":2,\"name\":\"Ausl\u00e4nder\u00e4mter in Nordrhein-Westfalen\"}]},{\"@type\":\"WebSite\",\"@id\":\"https:\\\/\\\/auslaenderaemter.com\\\/#website\",\"url\":\"https:\\\/\\\/auslaenderaemter.com\\\/\",\"name\":\"auslaenderaemter.com\",\"description\":\"\",\"publisher\":{\"@id\":\"https:\\\/\\\/auslaenderaemter.com\\\/#organization\"},\"potentialAction\":[{\"@type\":\"SearchAction\",\"target\":{\"@type\":\"EntryPoint\",\"urlTemplate\":\"https:\\\/\\\/auslaenderaemter.com\\\/?s={search_term_string}\"},\"query-input\":{\"@type\":\"PropertyValueSpecification\",\"valueRequired\":true,\"valueName\":\"search_term_string\"}}],\"inLanguage\":\"en-US\"},{\"@type\":\"Organization\",\"@id\":\"https:\\\/\\\/auslaenderaemter.com\\\/#organization\",\"name\":\"auslaenderaemter.com\",\"url\":\"https:\\\/\\\/auslaenderaemter.com\\\/\",\"logo\":{\"@type\":\"ImageObject\",\"inLanguage\":\"en-US\",\"@id\":\"https:\\\/\\\/auslaenderaemter.com\\\/#\\\/schema\\\/logo\\\/image\\\/\",\"url\":\"https:\\\/\\\/auslaenderaemter.com\\\/wp-content\\\/uploads\\\/2021\\\/01\\\/cropped-Vollmond-info-13.png\",\"contentUrl\":\"https:\\\/\\\/auslaenderaemter.com\\\/wp-content\\\/uploads\\\/2021\\\/01\\\/cropped-Vollmond-info-13.png\",\"width\":500,\"height\":117,\"caption\":\"auslaenderaemter.com\"},\"image\":{\"@id\":\"https:\\\/\\\/auslaenderaemter.com\\\/#\\\/schema\\\/logo\\\/image\\\/\"}}]}<\/script>\n<!-- \/ Yoast SEO plugin. -->","yoast_head_json":{"title":"Immigration Offices in North Rhine-Westphalia | addresses and address","description":"Immigration Offices in North Rhine-Westphalia | Address and address \u2713 Telephone number, contact and opening times \u2713 Immigration authorities in Germany","robots":{"index":"index","follow":"follow","max-snippet":"max-snippet:-1","max-image-preview":"max-image-preview:large","max-video-preview":"max-video-preview:-1"},"canonical":"https:\/\/auslaenderaemter.com\/en\/immigration-offices-in-north-rhine-westphalen\/","og_locale":"en_US","og_type":"article","og_title":"Ausl\u00e4nder\u00e4mter in Nordrhein-Westfalen | Adressen und Anschrift","og_description":"Ausl\u00e4nder\u00e4mter in Nordrhein-Westfalen | Adresse und Anschrift \u2713 Telefonnummer, Kontakt und \u00d6ffnungszeiten \u2713 Ausl\u00e4nderbeh\u00f6rden in Deutschland","og_url":"https:\/\/auslaenderaemter.com\/en\/immigration-offices-in-north-rhine-westphalen\/","og_site_name":"auslaenderaemter.com","article_modified_time":"2022-10-28T13:34:48+00:00","og_image":[{"width":640,"height":480,"url":"https:\/\/auslaenderaemter.com\/wp-content\/uploads\/2021\/01\/city-263069_640.jpg","type":"image\/jpeg"}],"twitter_card":"summary_large_image","twitter_misc":{"Est. reading time":"2 minutes"},"schema":{"@context":"https:\/\/schema.org","@graph":[{"@type":"WebPage","@id":"https:\/\/auslaenderaemter.com\/auslaenderaemter-in-nordrhein-westphalen\/","url":"https:\/\/auslaenderaemter.com\/auslaenderaemter-in-nordrhein-westphalen\/","name":"Immigration Offices in North Rhine-Westphalia | addresses and address","isPartOf":{"@id":"https:\/\/auslaenderaemter.com\/#website"},"primaryImageOfPage":{"@id":"https:\/\/auslaenderaemter.com\/auslaenderaemter-in-nordrhein-westphalen\/#primaryimage"},"image":{"@id":"https:\/\/auslaenderaemter.com\/auslaenderaemter-in-nordrhein-westphalen\/#primaryimage"},"thumbnailUrl":"https:\/\/auslaenderaemter.com\/wp-content\/uploads\/2021\/01\/city-263069_640.jpg","datePublished":"2021-01-26T13:40:35+00:00","dateModified":"2022-10-28T13:34:48+00:00","description":"Immigration Offices in North Rhine-Westphalia | Address and address \u2713 Telephone number, contact and opening times \u2713 Immigration authorities in Germany","breadcrumb":{"@id":"https:\/\/auslaenderaemter.com\/auslaenderaemter-in-nordrhein-westphalen\/#breadcrumb"},"inLanguage":"en-US","potentialAction":[{"@type":"ReadAction","target":["https:\/\/auslaenderaemter.com\/auslaenderaemter-in-nordrhein-westphalen\/"]}]},{"@type":"ImageObject","inLanguage":"en-US","@id":"https:\/\/auslaenderaemter.com\/auslaenderaemter-in-nordrhein-westphalen\/#primaryimage","url":"https:\/\/auslaenderaemter.com\/wp-content\/uploads\/2021\/01\/city-263069_640.jpg","contentUrl":"https:\/\/auslaenderaemter.com\/wp-content\/uploads\/2021\/01\/city-263069_640.jpg","width":640,"height":480,"caption":"Ausl\u00e4nder\u00e4mter in Deutschland"},{"@type":"BreadcrumbList","@id":"https:\/\/auslaenderaemter.com\/auslaenderaemter-in-nordrhein-westphalen\/#breadcrumb","itemListElement":[{"@type":"ListItem","position":1,"name":"Startseite","item":"https:\/\/auslaenderaemter.com\/"},{"@type":"ListItem","position":2,"name":"Ausl\u00e4nder\u00e4mter in Nordrhein-Westfalen"}]},{"@type":"WebSite","@id":"https:\/\/auslaenderaemter.com\/#website","url":"https:\/\/auslaenderaemter.com\/","name":"auslaenderaemter.com","description":"","publisher":{"@id":"https:\/\/auslaenderaemter.com\/#organization"},"potentialAction":[{"@type":"SearchAction","target":{"@type":"EntryPoint","urlTemplate":"https:\/\/auslaenderaemter.com\/?s={search_term_string}"},"query-input":{"@type":"PropertyValueSpecification","valueRequired":true,"valueName":"search_term_string"}}],"inLanguage":"en-US"},{"@type":"Organization","@id":"https:\/\/auslaenderaemter.com\/#organization","name":"auslaenderaemter.com","url":"https:\/\/auslaenderaemter.com\/","logo":{"@type":"ImageObject","inLanguage":"en-US","@id":"https:\/\/auslaenderaemter.com\/#\/schema\/logo\/image\/","url":"https:\/\/auslaenderaemter.com\/wp-content\/uploads\/2021\/01\/cropped-Vollmond-info-13.png","contentUrl":"https:\/\/auslaenderaemter.com\/wp-content\/uploads\/2021\/01\/cropped-Vollmond-info-13.png","width":500,"height":117,"caption":"auslaenderaemter.com"},"image":{"@id":"https:\/\/auslaenderaemter.com\/#\/schema\/logo\/image\/"}}]}},"_links":{"self":[{"href":"https:\/\/auslaenderaemter.com\/en\/wp-json\/wp\/v2\/pages\/60","targetHints":{"allow":["GET"]}}],"collection":[{"href":"https:\/\/auslaenderaemter.com\/en\/wp-json\/wp\/v2\/pages"}],"about":[{"href":"https:\/\/auslaenderaemter.com\/en\/wp-json\/wp\/v2\/types\/page"}],"author":[{"embeddable":true,"href":"https:\/\/auslaenderaemter.com\/en\/wp-json\/wp\/v2\/users\/1"}],"replies":[{"embeddable":true,"href":"https:\/\/auslaenderaemter.com\/en\/wp-json\/wp\/v2\/comments?post=60"}],"version-history":[{"count":0,"href":"https:\/\/auslaenderaemter.com\/en\/wp-json\/wp\/v2\/pages\/60\/revisions"}],"wp:featuredmedia":[{"embeddable":true,"href":"https:\/\/auslaenderaemter.com\/en\/wp-json\/wp\/v2\/media\/37"}],"wp:attachment":[{"href":"https:\/\/auslaenderaemter.com\/en\/wp-json\/wp\/v2\/media?parent=60"}],"curies":[{"name":"wp","href":"https:\/\/api.w.org\/{rel}","templated":true}]}}