{"id":1795,"date":"2021-02-15T16:19:07","date_gmt":"2021-02-15T15:19:07","guid":{"rendered":"https:\/\/auslaenderaemter.com\/?page_id=1795"},"modified":"2023-08-08T19:57:56","modified_gmt":"2023-08-08T17:57:56","slug":"auslaenderamt-nuernberg","status":"publish","type":"page","link":"https:\/\/auslaenderaemter.com\/es\/oficina-de-inmigracion-nuernberg\/","title":{"rendered":"Oficina de Inmigraci\u00f3n de N\u00faremberg"},"content":{"rendered":"<h2>Oficina de Inmigraci\u00f3n \/ Oficina de Inmigraci\u00f3n en Nuremberg \u2013 direcci\u00f3n y direcci\u00f3n para visitantes<\/h2>\n<ul>\n<li><strong>Direcci\u00f3n:<\/strong> Oficina de Registro de Residentes de Nuremberg, Hirschelgasse 32 (Asuntos extranjeros generales: nivel 1 y nivel 3), 90403 Nuremberg<\/li>\n<li><strong>Tel\u00e9fono:<\/strong> 0911\/231-0<\/li>\n<li><strong>Sitio web: <\/strong><a href=\"https:\/\/www.nuernberg.de\/\" target=\"_blank\" rel=\"noopener\">www.nuernberg.de<\/a><\/li>\n<li><strong>Horario de apertura:<\/strong> Solo con cita previa a trav\u00e9s del portal de servicios &quot;<a href=\"https:\/\/www.nuernberg.de\/internet\/auslaenderbehoerde\/einfach_online_machen.html\">Mi N\u00faremberg<\/a>\u201e<\/li>\n<\/ul>\n<p><iframe style=\"border: 0;\" tabindex=\"0\" src=\"https:\/\/www.google.com\/maps\/embed?pb=!1m18!1m12!1m3!1d2593.449434608266!2d11.083066615918217!3d49.457122066315506!2m3!1f0!2f0!3f0!3m2!1i1024!2i768!4f13.1!3m3!1m2!1s0x479f57b9cd18dae9%3A0x5e32ed37ae1099a3!2zQXVzbMOkbmRlcmJlaMO2cmRl!5e0!3m2!1sde!2sde!4v1613402311665!5m2!1sde!2sde\" width=\"600\" height=\"450\" frameborder=\"0\" allowfullscreen=\"allowfullscreen\" aria-hidden=\"false\"><\/iframe><\/p>\n<h2>Oficina de Inmigraci\u00f3n Ciudad de Nuremberg Regensburgerstrasse<\/h2>\n<p><img fetchpriority=\"high\" decoding=\"async\" class=\"alignnone wp-image-4062 size-full\" src=\"https:\/\/auslaenderaemter.com\/wp-content\/uploads\/2023\/08\/IMG_3541-scaled-e1691517458515.jpeg\" alt=\"Oficina de Inmigraci\u00f3n de N\u00faremberg\" width=\"600\" height=\"450\" srcset=\"https:\/\/auslaenderaemter.com\/wp-content\/uploads\/2023\/08\/IMG_3541-scaled-e1691517458515.jpeg 600w, https:\/\/auslaenderaemter.com\/wp-content\/uploads\/2023\/08\/IMG_3541-scaled-e1691517458515-300x225.jpeg 300w, https:\/\/auslaenderaemter.com\/wp-content\/uploads\/2023\/08\/IMG_3541-scaled-e1691517458515-16x12.jpeg 16w\" sizes=\"(max-width: 600px) 100vw, 600px\" \/><\/p>\n<ul>\n<li><strong>Direcci\u00f3n: <\/strong>Oficina de inmigraci\u00f3n de la ciudad de N\u00faremberg, Regensburger Str. 231, 90478 N\u00faremberg<\/li>\n<li><strong>Tel\u00e9fono:<\/strong> 0911\/231-0<\/li>\n<li><strong>Fax:<\/strong> 0911 231-5777, -5781<strong><br \/>\n<\/strong><\/li>\n<li><strong>Sitio web: <\/strong><a href=\"https:\/\/www.nuernberg.de\/internet\/auslaenderbehoerde\/\" target=\"_blank\" rel=\"noopener\">www.nuernberg.de<\/a><\/li>\n<li><strong>Horario de apertura:<\/strong> Solo con cita previa lunes, martes, jueves, viernes y con cita previa<\/li>\n<\/ul>\n<p><iframe style=\"border: 0;\" src=\"https:\/\/www.google.com\/maps\/embed?pb=!1m18!1m12!1m3!1d2594.4741210903326!2d11.116821715658004!3d49.43775536769154!2m3!1f0!2f0!3f0!3m2!1i1024!2i768!4f13.1!3m3!1m2!1s0x479f59a64b01fc35%3A0x9217c7edfe5fac10!2sAusl%C3%A4nderbeh%C3%B6rde%20Stadt%20N%C3%BCrnberg!5e0!3m2!1sde!2sde!4v1614509343935!5m2!1sde!2sde\" width=\"600\" height=\"450\" allowfullscreen=\"allowfullscreen\"><\/iframe><\/p>\n<h3><strong>Cita en el <\/strong>Autoridad de extranjer\u00eda <strong>en N\u00faremberg<\/strong><\/h3>\n<p>Solo puede obtener una cita en la oficina de inmigraci\u00f3n en Nuremberg a trav\u00e9s del portal de servicios &quot;<a href=\"https:\/\/www.nuernberg.de\/internet\/auslaenderbehoerde\/einfach_online_machen.html\">Mi N\u00faremberg<\/a>&quot;. Aseg\u00farese de tener todos los documentos necesarios antes de visitar la Oficina de Inmigraci\u00f3n.<\/p>\n<div class=\"su-note\"  style=\"border-color:#dadbdd;border-radius:2px;-moz-border-radius:2px;-webkit-border-radius:2px;\"><div class=\"su-note-inner su-u-clearfix su-u-trim\" style=\"background-color:#f4f5f7;border-color:#ffffff;color:#333333;border-radius:2px;-moz-border-radius:2px;-webkit-border-radius:2px;\"><strong>Una noticia:<\/strong> Para oficinas, autoridades o tribunales, normalmente necesita los documentos, certificados o certificados como <a href=\"https:\/\/auslaenderaemter.com\/es\/traduccion-certificada-de-documentos-oficiales\/\">traducci\u00f3n certificada<\/a>.<\/div><\/div>\n<ul>\n<li>Con un <a href=\"https:\/\/auslaenderaemter.com\/es\/declaracion-de-compromiso\/\">declaraci\u00f3n de compromiso<\/a> puede permitir que los visitantes extranjeros entren en Alemania.<\/li>\n<li><strong>\u00bfEst\u00e1s esperando visitas del extranjero?<\/strong> Con un <a href=\"https:\/\/tidd.ly\/3u98xUL\" target=\"_blank\" rel=\"nofollow noopener\">Seguro m\u00e9dico de viaje para hu\u00e9spedes extranjeros<\/a>* est\u00e1s totalmente protegido en Alemania y Europa.<\/li>\n<\/ul>\n<h3>Otras autoridades de inmigraci\u00f3n<\/h3>\n<ul>\n<li><a href=\"https:\/\/auslaenderaemter.com\/es\/oficinas-de-inmigracion-en-baviera\/\">Oficinas de inmigraci\u00f3n en Baviera<\/a><\/li>\n<li><a href=\"https:\/\/auslaenderaemter.com\/es\/\">Oficinas de inmigraci\u00f3n en Alemania<\/a><\/li>\n<\/ul>","protected":false},"excerpt":{"rendered":"<p>Oficina de inmigraci\u00f3n \/ Oficina de inmigraci\u00f3n de N\u00faremberg - Direcci\u00f3n y direcci\u00f3n para visitantes Direcci\u00f3n: Oficina de residentes de N\u00faremberg, Hirschelgasse 32 (Asuntos generales de extranjeros: niveles 1 y 3), 90403 N\u00faremberg Tel\u00e9fono: 0911\/231-0 P\u00e1gina web: www.nuernberg. de Horario de apertura: S\u00f3lo con cita previa a trav\u00e9s del portal de servicios &quot;My Nuremberg&quot; Oficina de Extranjeros de la ciudad de N\u00faremberg Regensburgerstra\u00dfe Direcci\u00f3n: Oficina de Extranjeros de la ciudad de N\u00faremberg, Regensburger Str. 231, 90478 N\u00faremberg Tel\u00e9fono: 0911\/231-0 Fax: 0911...&nbsp;<a href=\"https:\/\/auslaenderaemter.com\/es\/oficina-de-inmigracion-nuernberg\/\" rel=\"bookmark\">Leer m\u00e1s &quot;<span class=\"screen-reader-text\">Oficina de Inmigraci\u00f3n de N\u00faremberg<\/span><\/a><\/p>","protected":false},"author":1,"featured_media":4062,"parent":0,"menu_order":0,"comment_status":"closed","ping_status":"closed","template":"","meta":{"neve_meta_sidebar":"full-width","neve_meta_container":"","neve_meta_enable_content_width":"on","neve_meta_content_width":100,"neve_meta_title_alignment":"","neve_meta_author_avatar":"","neve_post_elements_order":"","neve_meta_disable_header":"","neve_meta_disable_footer":"","neve_meta_disable_title":"","neve_meta_reading_time":"","footnotes":""},"class_list":["post-1795","page","type-page","status-publish","has-post-thumbnail","hentry"],"yoast_head":"<!-- This site is optimized with the Yoast SEO plugin v27.4 - https:\/\/yoast.com\/product\/yoast-seo-wordpress\/ -->\n<title>Ausl\u00e4nderamt N\u00fcrnberg | Adresse, Kontakt und \u00d6ffnungszeiten<\/title>\n<meta name=\"description\" content=\"Ausl\u00e4nderamt N\u00fcrnberg | Adresse und Anschrift \u2713 Telefonnummer, Kontakt und \u00d6ffnungszeiten \u2713 Anfahrt \u2713 Ausl\u00e4nderbeh\u00f6rden in Deutschland\" \/>\n<meta name=\"robots\" content=\"index, follow, max-snippet:-1, max-image-preview:large, max-video-preview:-1\" \/>\n<link rel=\"canonical\" href=\"https:\/\/auslaenderaemter.com\/es\/oficina-de-inmigracion-nuernberg\/\" \/>\n<meta property=\"og:locale\" content=\"es_ES\" \/>\n<meta property=\"og:type\" content=\"article\" \/>\n<meta property=\"og:title\" content=\"Ausl\u00e4nderamt N\u00fcrnberg | Adresse, Kontakt und \u00d6ffnungszeiten\" \/>\n<meta property=\"og:description\" content=\"Ausl\u00e4nderamt N\u00fcrnberg | Adresse und Anschrift \u2713 Telefonnummer, Kontakt und \u00d6ffnungszeiten \u2713 Anfahrt \u2713 Ausl\u00e4nderbeh\u00f6rden in Deutschland\" \/>\n<meta property=\"og:url\" content=\"https:\/\/auslaenderaemter.com\/es\/oficina-de-inmigracion-nuernberg\/\" \/>\n<meta property=\"og:site_name\" content=\"auslaenderaemter.com\" \/>\n<meta property=\"article:modified_time\" content=\"2023-08-08T17:57:56+00:00\" \/>\n<meta property=\"og:image\" content=\"https:\/\/auslaenderaemter.com\/wp-content\/uploads\/2023\/08\/IMG_3541-scaled-e1691517458515.jpeg\" \/>\n\t<meta property=\"og:image:width\" content=\"600\" \/>\n\t<meta property=\"og:image:height\" content=\"450\" \/>\n\t<meta property=\"og:image:type\" content=\"image\/jpeg\" \/>\n<meta name=\"twitter:card\" content=\"summary_large_image\" \/>\n<meta name=\"twitter:label1\" content=\"Tiempo de lectura\" \/>\n\t<meta name=\"twitter:data1\" content=\"2 minutos\" \/>\n<script type=\"application\/ld+json\" class=\"yoast-schema-graph\">{\"@context\":\"https:\\\/\\\/schema.org\",\"@graph\":[{\"@type\":\"WebPage\",\"@id\":\"https:\\\/\\\/auslaenderaemter.com\\\/auslaenderamt-nuernberg\\\/\",\"url\":\"https:\\\/\\\/auslaenderaemter.com\\\/auslaenderamt-nuernberg\\\/\",\"name\":\"Ausl\u00e4nderamt N\u00fcrnberg | Adresse, Kontakt und \u00d6ffnungszeiten\",\"isPartOf\":{\"@id\":\"https:\\\/\\\/auslaenderaemter.com\\\/#website\"},\"primaryImageOfPage\":{\"@id\":\"https:\\\/\\\/auslaenderaemter.com\\\/auslaenderamt-nuernberg\\\/#primaryimage\"},\"image\":{\"@id\":\"https:\\\/\\\/auslaenderaemter.com\\\/auslaenderamt-nuernberg\\\/#primaryimage\"},\"thumbnailUrl\":\"https:\\\/\\\/auslaenderaemter.com\\\/wp-content\\\/uploads\\\/2023\\\/08\\\/IMG_3541-scaled-e1691517458515.jpeg\",\"datePublished\":\"2021-02-15T15:19:07+00:00\",\"dateModified\":\"2023-08-08T17:57:56+00:00\",\"description\":\"Ausl\u00e4nderamt N\u00fcrnberg | Adresse und Anschrift \u2713 Telefonnummer, Kontakt und \u00d6ffnungszeiten \u2713 Anfahrt \u2713 Ausl\u00e4nderbeh\u00f6rden in Deutschland\",\"breadcrumb\":{\"@id\":\"https:\\\/\\\/auslaenderaemter.com\\\/auslaenderamt-nuernberg\\\/#breadcrumb\"},\"inLanguage\":\"es\",\"potentialAction\":[{\"@type\":\"ReadAction\",\"target\":[\"https:\\\/\\\/auslaenderaemter.com\\\/auslaenderamt-nuernberg\\\/\"]}]},{\"@type\":\"ImageObject\",\"inLanguage\":\"es\",\"@id\":\"https:\\\/\\\/auslaenderaemter.com\\\/auslaenderamt-nuernberg\\\/#primaryimage\",\"url\":\"https:\\\/\\\/auslaenderaemter.com\\\/wp-content\\\/uploads\\\/2023\\\/08\\\/IMG_3541-scaled-e1691517458515.jpeg\",\"contentUrl\":\"https:\\\/\\\/auslaenderaemter.com\\\/wp-content\\\/uploads\\\/2023\\\/08\\\/IMG_3541-scaled-e1691517458515.jpeg\",\"width\":600,\"height\":450,\"caption\":\"Ausl\u00e4nderamt N\u00fcrnberg\"},{\"@type\":\"BreadcrumbList\",\"@id\":\"https:\\\/\\\/auslaenderaemter.com\\\/auslaenderamt-nuernberg\\\/#breadcrumb\",\"itemListElement\":[{\"@type\":\"ListItem\",\"position\":1,\"name\":\"Startseite\",\"item\":\"https:\\\/\\\/auslaenderaemter.com\\\/\"},{\"@type\":\"ListItem\",\"position\":2,\"name\":\"Ausl\u00e4nderamt N\u00fcrnberg\"}]},{\"@type\":\"WebSite\",\"@id\":\"https:\\\/\\\/auslaenderaemter.com\\\/#website\",\"url\":\"https:\\\/\\\/auslaenderaemter.com\\\/\",\"name\":\"auslaenderaemter.com\",\"description\":\"\",\"publisher\":{\"@id\":\"https:\\\/\\\/auslaenderaemter.com\\\/#organization\"},\"potentialAction\":[{\"@type\":\"SearchAction\",\"target\":{\"@type\":\"EntryPoint\",\"urlTemplate\":\"https:\\\/\\\/auslaenderaemter.com\\\/?s={search_term_string}\"},\"query-input\":{\"@type\":\"PropertyValueSpecification\",\"valueRequired\":true,\"valueName\":\"search_term_string\"}}],\"inLanguage\":\"es\"},{\"@type\":\"Organization\",\"@id\":\"https:\\\/\\\/auslaenderaemter.com\\\/#organization\",\"name\":\"auslaenderaemter.com\",\"url\":\"https:\\\/\\\/auslaenderaemter.com\\\/\",\"logo\":{\"@type\":\"ImageObject\",\"inLanguage\":\"es\",\"@id\":\"https:\\\/\\\/auslaenderaemter.com\\\/#\\\/schema\\\/logo\\\/image\\\/\",\"url\":\"https:\\\/\\\/auslaenderaemter.com\\\/wp-content\\\/uploads\\\/2021\\\/01\\\/cropped-Vollmond-info-13.png\",\"contentUrl\":\"https:\\\/\\\/auslaenderaemter.com\\\/wp-content\\\/uploads\\\/2021\\\/01\\\/cropped-Vollmond-info-13.png\",\"width\":500,\"height\":117,\"caption\":\"auslaenderaemter.com\"},\"image\":{\"@id\":\"https:\\\/\\\/auslaenderaemter.com\\\/#\\\/schema\\\/logo\\\/image\\\/\"}}]}<\/script>\n<!-- \/ Yoast SEO plugin. -->","yoast_head_json":{"title":"Oficina de Inmigraci\u00f3n de N\u00faremberg | Direcci\u00f3n, contacto y horario de apertura","description":"Oficina de Inmigraci\u00f3n de N\u00faremberg | Direcci\u00f3n y direcci\u00f3n \u2713 N\u00famero de tel\u00e9fono, contacto y horarios \u2713 C\u00f3mo llegar \u2713 Autoridades de inmigraci\u00f3n en Alemania","robots":{"index":"index","follow":"follow","max-snippet":"max-snippet:-1","max-image-preview":"max-image-preview:large","max-video-preview":"max-video-preview:-1"},"canonical":"https:\/\/auslaenderaemter.com\/es\/oficina-de-inmigracion-nuernberg\/","og_locale":"es_ES","og_type":"article","og_title":"Ausl\u00e4nderamt N\u00fcrnberg | Adresse, Kontakt und \u00d6ffnungszeiten","og_description":"Ausl\u00e4nderamt N\u00fcrnberg | Adresse und Anschrift \u2713 Telefonnummer, Kontakt und \u00d6ffnungszeiten \u2713 Anfahrt \u2713 Ausl\u00e4nderbeh\u00f6rden in Deutschland","og_url":"https:\/\/auslaenderaemter.com\/es\/oficina-de-inmigracion-nuernberg\/","og_site_name":"auslaenderaemter.com","article_modified_time":"2023-08-08T17:57:56+00:00","og_image":[{"width":600,"height":450,"url":"https:\/\/auslaenderaemter.com\/wp-content\/uploads\/2023\/08\/IMG_3541-scaled-e1691517458515.jpeg","type":"image\/jpeg"}],"twitter_card":"summary_large_image","twitter_misc":{"Tiempo de lectura":"2 minutos"},"schema":{"@context":"https:\/\/schema.org","@graph":[{"@type":"WebPage","@id":"https:\/\/auslaenderaemter.com\/auslaenderamt-nuernberg\/","url":"https:\/\/auslaenderaemter.com\/auslaenderamt-nuernberg\/","name":"Oficina de Inmigraci\u00f3n de N\u00faremberg | Direcci\u00f3n, contacto y horario de apertura","isPartOf":{"@id":"https:\/\/auslaenderaemter.com\/#website"},"primaryImageOfPage":{"@id":"https:\/\/auslaenderaemter.com\/auslaenderamt-nuernberg\/#primaryimage"},"image":{"@id":"https:\/\/auslaenderaemter.com\/auslaenderamt-nuernberg\/#primaryimage"},"thumbnailUrl":"https:\/\/auslaenderaemter.com\/wp-content\/uploads\/2023\/08\/IMG_3541-scaled-e1691517458515.jpeg","datePublished":"2021-02-15T15:19:07+00:00","dateModified":"2023-08-08T17:57:56+00:00","description":"Oficina de Inmigraci\u00f3n de N\u00faremberg | Direcci\u00f3n y direcci\u00f3n \u2713 N\u00famero de tel\u00e9fono, contacto y horarios \u2713 C\u00f3mo llegar \u2713 Autoridades de inmigraci\u00f3n en Alemania","breadcrumb":{"@id":"https:\/\/auslaenderaemter.com\/auslaenderamt-nuernberg\/#breadcrumb"},"inLanguage":"es","potentialAction":[{"@type":"ReadAction","target":["https:\/\/auslaenderaemter.com\/auslaenderamt-nuernberg\/"]}]},{"@type":"ImageObject","inLanguage":"es","@id":"https:\/\/auslaenderaemter.com\/auslaenderamt-nuernberg\/#primaryimage","url":"https:\/\/auslaenderaemter.com\/wp-content\/uploads\/2023\/08\/IMG_3541-scaled-e1691517458515.jpeg","contentUrl":"https:\/\/auslaenderaemter.com\/wp-content\/uploads\/2023\/08\/IMG_3541-scaled-e1691517458515.jpeg","width":600,"height":450,"caption":"Ausl\u00e4nderamt N\u00fcrnberg"},{"@type":"BreadcrumbList","@id":"https:\/\/auslaenderaemter.com\/auslaenderamt-nuernberg\/#breadcrumb","itemListElement":[{"@type":"ListItem","position":1,"name":"Startseite","item":"https:\/\/auslaenderaemter.com\/"},{"@type":"ListItem","position":2,"name":"Ausl\u00e4nderamt N\u00fcrnberg"}]},{"@type":"WebSite","@id":"https:\/\/auslaenderaemter.com\/#website","url":"https:\/\/auslaenderaemter.com\/","name":"auslaenderaemter.com","description":"","publisher":{"@id":"https:\/\/auslaenderaemter.com\/#organization"},"potentialAction":[{"@type":"SearchAction","target":{"@type":"EntryPoint","urlTemplate":"https:\/\/auslaenderaemter.com\/?s={search_term_string}"},"query-input":{"@type":"PropertyValueSpecification","valueRequired":true,"valueName":"search_term_string"}}],"inLanguage":"es"},{"@type":"Organization","@id":"https:\/\/auslaenderaemter.com\/#organization","name":"auslaenderaemter.com","url":"https:\/\/auslaenderaemter.com\/","logo":{"@type":"ImageObject","inLanguage":"es","@id":"https:\/\/auslaenderaemter.com\/#\/schema\/logo\/image\/","url":"https:\/\/auslaenderaemter.com\/wp-content\/uploads\/2021\/01\/cropped-Vollmond-info-13.png","contentUrl":"https:\/\/auslaenderaemter.com\/wp-content\/uploads\/2021\/01\/cropped-Vollmond-info-13.png","width":500,"height":117,"caption":"auslaenderaemter.com"},"image":{"@id":"https:\/\/auslaenderaemter.com\/#\/schema\/logo\/image\/"}}]}},"_links":{"self":[{"href":"https:\/\/auslaenderaemter.com\/es\/wp-json\/wp\/v2\/pages\/1795","targetHints":{"allow":["GET"]}}],"collection":[{"href":"https:\/\/auslaenderaemter.com\/es\/wp-json\/wp\/v2\/pages"}],"about":[{"href":"https:\/\/auslaenderaemter.com\/es\/wp-json\/wp\/v2\/types\/page"}],"author":[{"embeddable":true,"href":"https:\/\/auslaenderaemter.com\/es\/wp-json\/wp\/v2\/users\/1"}],"replies":[{"embeddable":true,"href":"https:\/\/auslaenderaemter.com\/es\/wp-json\/wp\/v2\/comments?post=1795"}],"version-history":[{"count":0,"href":"https:\/\/auslaenderaemter.com\/es\/wp-json\/wp\/v2\/pages\/1795\/revisions"}],"wp:featuredmedia":[{"embeddable":true,"href":"https:\/\/auslaenderaemter.com\/es\/wp-json\/wp\/v2\/media\/4062"}],"wp:attachment":[{"href":"https:\/\/auslaenderaemter.com\/es\/wp-json\/wp\/v2\/media?parent=1795"}],"curies":[{"name":"wp","href":"https:\/\/api.w.org\/{rel}","templated":true}]}}