{"id":1835,"date":"2021-02-15T17:15:57","date_gmt":"2021-02-15T16:15:57","guid":{"rendered":"https:\/\/auslaenderaemter.com\/?page_id=1835"},"modified":"2022-07-07T12:12:49","modified_gmt":"2022-07-07T10:12:49","slug":"auslaenderamt-neumarkt-i-d-opf","status":"publish","type":"page","link":"https:\/\/auslaenderaemter.com\/es\/oficina-de-extranjeria-neumarkt-id-opf\/","title":{"rendered":"Oficina de Inmigraci\u00f3n Neumarkt idOPf."},"content":{"rendered":"<h2>Oficina de Inmigraci\u00f3n \/ Oficina de Inmigraci\u00f3n en Neumarkt idOPf. \u2013 Direcci\u00f3n y direcci\u00f3n postal para visitantes<\/h2>\n<ul>\n<li><strong>Direcci\u00f3n:<\/strong> Landratsamt Landkreis Neumarkt in der Oberpfalz, N\u00fcrnberger Str. 1, 92318 Neumarkt idOPf.<\/li>\n<li><strong>Tel\u00e9fono:<\/strong> 09181\/470-0<\/li>\n<li><strong>Fax:<\/strong> 09181\/470-320<strong><br \/>\n<\/strong><\/li>\n<li><strong>Correo electr\u00f3nico: <\/strong><a href=\"mailto:landratsamt@landkreis-neumarkt.de\">landratsamt@landkreis-neumarkt.de<\/a><\/li>\n<li><strong>Sitio web: <\/strong><a href=\"https:\/\/www.landkreis-neumarkt.de\/hp1\/Startseite.htm\" target=\"_blank\" rel=\"noopener\">www.landkreis-neumarkt.de<\/a><\/li>\n<li><strong>Horario de apertura:<\/strong>\u00a0ver sitio web<\/li>\n<\/ul>\n<p><iframe style=\"border: 0;\" tabindex=\"0\" src=\"https:\/\/www.google.com\/maps\/embed?pb=!1m18!1m12!1m3!1d2602.682101570706!2d11.453446165913766!3d49.28242067870981!2m3!1f0!2f0!3f0!3m2!1i1024!2i768!4f13.1!3m3!1m2!1s0x410b7dce71f7a5af%3A0x5371e00d7b7116df!2sLandratsamt%20Neumarkt%20i.d.OPf.!5e0!3m2!1sde!2sde!4v1613405745099!5m2!1sde!2sde\" width=\"600\" height=\"450\" frameborder=\"0\" allowfullscreen=\"allowfullscreen\" aria-hidden=\"false\"><\/iframe><\/p>\n<h3><strong>Cita en el <\/strong>Autoridad de extranjer\u00eda <strong>en Neumarkt idOPf.<\/strong><\/h3>\n<p>En la mayor\u00eda de los casos, puede concertar una cita por tel\u00e9fono, utilizando el formulario de contacto o a trav\u00e9s del portal de servicios de la ciudad respectiva. Aseg\u00farese de tener todos los documentos necesarios antes de visitar la oficina de inmigraci\u00f3n.<\/p>\n<div class=\"su-note\"  style=\"border-color:#dadbdd;border-radius:2px;-moz-border-radius:2px;-webkit-border-radius:2px;\"><div class=\"su-note-inner su-u-clearfix su-u-trim\" style=\"background-color:#f4f5f7;border-color:#ffffff;color:#333333;border-radius:2px;-moz-border-radius:2px;-webkit-border-radius:2px;\"><strong>Una noticia:<\/strong> Para oficinas, autoridades o tribunales, normalmente necesita los documentos, certificados o certificados como <a href=\"https:\/\/auslaenderaemter.com\/es\/traduccion-certificada-de-documentos-oficiales\/\">traducci\u00f3n certificada<\/a>.<\/div><\/div>\n<ul>\n<li>Con un <a href=\"https:\/\/auslaenderaemter.com\/es\/declaracion-de-compromiso\/\">declaraci\u00f3n de compromiso<\/a> puede permitir que los visitantes extranjeros entren en Alemania.<\/li>\n<li><strong>\u00bfEst\u00e1s esperando visitas del extranjero?<\/strong> Con un <a href=\"https:\/\/tidd.ly\/3u98xUL\" target=\"_blank\" rel=\"nofollow noopener\">Seguro m\u00e9dico de viaje para hu\u00e9spedes extranjeros<\/a>* est\u00e1s totalmente protegido en Alemania y Europa.<\/li>\n<\/ul>\n<h3>Otras autoridades de inmigraci\u00f3n<\/h3>\n<ul>\n<li><a href=\"https:\/\/auslaenderaemter.com\/es\/oficinas-de-inmigracion-en-baviera\/\">Oficinas de inmigraci\u00f3n en Baviera<\/a><\/li>\n<li><a href=\"https:\/\/auslaenderaemter.com\/es\/\">Oficinas de inmigraci\u00f3n en Alemania<\/a><\/li>\n<\/ul>","protected":false},"excerpt":{"rendered":"<p>Ausl\u00e4nderamt \/ Ausl\u00e4nderbeh\u00f6rde in Neumarkt i.d.OPf. &#8211; Adresse und Anschrift f\u00fcr Besucher Adresse: Landratsamt Landkreis Neumarkt in der Oberpfalz , N\u00fcrnberger Str. 1, 92318 Neumarkt i.d.OPf. Telefon: 09181\/470-0 Fax: 09181\/470-320 E-Mail: landratsamt@landkreis-neumarkt.de Webseite: www.landkreis-neumarkt.de \u00d6ffnungszeiten:\u00a0siehe Webseite Termin bei der Ausl\u00e4nderbeh\u00f6rde in Neumarkt i.d.OPf. In den meisten F\u00e4llen k\u00f6nnen Sie telefonisch, per Kontaktformular oder \u00fcber das&hellip;&nbsp;<a href=\"https:\/\/auslaenderaemter.com\/es\/oficina-de-extranjeria-neumarkt-id-opf\/\" rel=\"bookmark\">Leer m\u00e1s &quot;<span class=\"screen-reader-text\">Oficina de Inmigraci\u00f3n Neumarkt idOPf.<\/span><\/a><\/p>","protected":false},"author":1,"featured_media":37,"parent":0,"menu_order":0,"comment_status":"closed","ping_status":"closed","template":"","meta":{"neve_meta_sidebar":"full-width","neve_meta_container":"","neve_meta_enable_content_width":"on","neve_meta_content_width":100,"neve_meta_title_alignment":"","neve_meta_author_avatar":"","neve_post_elements_order":"","neve_meta_disable_header":"","neve_meta_disable_footer":"","neve_meta_disable_title":"","neve_meta_reading_time":"","footnotes":""},"class_list":["post-1835","page","type-page","status-publish","has-post-thumbnail","hentry"],"yoast_head":"<!-- This site is optimized with the Yoast SEO plugin v27.3 - https:\/\/yoast.com\/product\/yoast-seo-wordpress\/ -->\n<title>Ausl\u00e4nderamt Neumarkt i.d.OPf. | Adresse, Kontakt und \u00d6ffnungszeiten<\/title>\n<meta name=\"description\" content=\"Ausl\u00e4nderamt Neumarkt i.d.OPf. | Adresse und Anschrift \u2713 Telefonnummer, Kontakt und \u00d6ffnungszeiten \u2713 Anfahrt \u2713 Ausl\u00e4nderbeh\u00f6rden\" \/>\n<meta name=\"robots\" content=\"index, follow, max-snippet:-1, max-image-preview:large, max-video-preview:-1\" \/>\n<link rel=\"canonical\" href=\"https:\/\/auslaenderaemter.com\/es\/oficina-de-extranjeria-neumarkt-id-opf\/\" \/>\n<meta property=\"og:locale\" content=\"es_ES\" \/>\n<meta property=\"og:type\" content=\"article\" \/>\n<meta property=\"og:title\" content=\"Ausl\u00e4nderamt Neumarkt i.d.OPf. | Adresse, Kontakt und \u00d6ffnungszeiten\" \/>\n<meta property=\"og:description\" content=\"Ausl\u00e4nderamt Neumarkt i.d.OPf. | Adresse und Anschrift \u2713 Telefonnummer, Kontakt und \u00d6ffnungszeiten \u2713 Anfahrt \u2713 Ausl\u00e4nderbeh\u00f6rden\" \/>\n<meta property=\"og:url\" content=\"https:\/\/auslaenderaemter.com\/es\/oficina-de-extranjeria-neumarkt-id-opf\/\" \/>\n<meta property=\"og:site_name\" content=\"auslaenderaemter.com\" \/>\n<meta property=\"article:modified_time\" content=\"2022-07-07T10:12:49+00:00\" \/>\n<meta property=\"og:image\" content=\"https:\/\/auslaenderaemter.com\/wp-content\/uploads\/2021\/01\/city-263069_640.jpg\" \/>\n\t<meta property=\"og:image:width\" content=\"640\" \/>\n\t<meta property=\"og:image:height\" content=\"480\" \/>\n\t<meta property=\"og:image:type\" content=\"image\/jpeg\" \/>\n<meta name=\"twitter:card\" content=\"summary_large_image\" \/>\n<meta name=\"twitter:label1\" content=\"Tiempo de lectura\" \/>\n\t<meta name=\"twitter:data1\" content=\"1 minuto\" \/>\n<script type=\"application\/ld+json\" class=\"yoast-schema-graph\">{\"@context\":\"https:\\\/\\\/schema.org\",\"@graph\":[{\"@type\":\"WebPage\",\"@id\":\"https:\\\/\\\/auslaenderaemter.com\\\/auslaenderamt-neumarkt-i-d-opf\\\/\",\"url\":\"https:\\\/\\\/auslaenderaemter.com\\\/auslaenderamt-neumarkt-i-d-opf\\\/\",\"name\":\"Ausl\u00e4nderamt Neumarkt i.d.OPf. | Adresse, Kontakt und \u00d6ffnungszeiten\",\"isPartOf\":{\"@id\":\"https:\\\/\\\/auslaenderaemter.com\\\/#website\"},\"primaryImageOfPage\":{\"@id\":\"https:\\\/\\\/auslaenderaemter.com\\\/auslaenderamt-neumarkt-i-d-opf\\\/#primaryimage\"},\"image\":{\"@id\":\"https:\\\/\\\/auslaenderaemter.com\\\/auslaenderamt-neumarkt-i-d-opf\\\/#primaryimage\"},\"thumbnailUrl\":\"https:\\\/\\\/auslaenderaemter.com\\\/wp-content\\\/uploads\\\/2021\\\/01\\\/city-263069_640.jpg\",\"datePublished\":\"2021-02-15T16:15:57+00:00\",\"dateModified\":\"2022-07-07T10:12:49+00:00\",\"description\":\"Ausl\u00e4nderamt Neumarkt i.d.OPf. | Adresse und Anschrift \u2713 Telefonnummer, Kontakt und \u00d6ffnungszeiten \u2713 Anfahrt \u2713 Ausl\u00e4nderbeh\u00f6rden\",\"breadcrumb\":{\"@id\":\"https:\\\/\\\/auslaenderaemter.com\\\/auslaenderamt-neumarkt-i-d-opf\\\/#breadcrumb\"},\"inLanguage\":\"es\",\"potentialAction\":[{\"@type\":\"ReadAction\",\"target\":[\"https:\\\/\\\/auslaenderaemter.com\\\/auslaenderamt-neumarkt-i-d-opf\\\/\"]}]},{\"@type\":\"ImageObject\",\"inLanguage\":\"es\",\"@id\":\"https:\\\/\\\/auslaenderaemter.com\\\/auslaenderamt-neumarkt-i-d-opf\\\/#primaryimage\",\"url\":\"https:\\\/\\\/auslaenderaemter.com\\\/wp-content\\\/uploads\\\/2021\\\/01\\\/city-263069_640.jpg\",\"contentUrl\":\"https:\\\/\\\/auslaenderaemter.com\\\/wp-content\\\/uploads\\\/2021\\\/01\\\/city-263069_640.jpg\",\"width\":640,\"height\":480,\"caption\":\"Ausl\u00e4nder\u00e4mter in Deutschland\"},{\"@type\":\"BreadcrumbList\",\"@id\":\"https:\\\/\\\/auslaenderaemter.com\\\/auslaenderamt-neumarkt-i-d-opf\\\/#breadcrumb\",\"itemListElement\":[{\"@type\":\"ListItem\",\"position\":1,\"name\":\"Startseite\",\"item\":\"https:\\\/\\\/auslaenderaemter.com\\\/\"},{\"@type\":\"ListItem\",\"position\":2,\"name\":\"Ausl\u00e4nderamt Neumarkt i.d.OPf.\"}]},{\"@type\":\"WebSite\",\"@id\":\"https:\\\/\\\/auslaenderaemter.com\\\/#website\",\"url\":\"https:\\\/\\\/auslaenderaemter.com\\\/\",\"name\":\"auslaenderaemter.com\",\"description\":\"\",\"publisher\":{\"@id\":\"https:\\\/\\\/auslaenderaemter.com\\\/#organization\"},\"potentialAction\":[{\"@type\":\"SearchAction\",\"target\":{\"@type\":\"EntryPoint\",\"urlTemplate\":\"https:\\\/\\\/auslaenderaemter.com\\\/?s={search_term_string}\"},\"query-input\":{\"@type\":\"PropertyValueSpecification\",\"valueRequired\":true,\"valueName\":\"search_term_string\"}}],\"inLanguage\":\"es\"},{\"@type\":\"Organization\",\"@id\":\"https:\\\/\\\/auslaenderaemter.com\\\/#organization\",\"name\":\"auslaenderaemter.com\",\"url\":\"https:\\\/\\\/auslaenderaemter.com\\\/\",\"logo\":{\"@type\":\"ImageObject\",\"inLanguage\":\"es\",\"@id\":\"https:\\\/\\\/auslaenderaemter.com\\\/#\\\/schema\\\/logo\\\/image\\\/\",\"url\":\"https:\\\/\\\/auslaenderaemter.com\\\/wp-content\\\/uploads\\\/2021\\\/01\\\/cropped-Vollmond-info-13.png\",\"contentUrl\":\"https:\\\/\\\/auslaenderaemter.com\\\/wp-content\\\/uploads\\\/2021\\\/01\\\/cropped-Vollmond-info-13.png\",\"width\":500,\"height\":117,\"caption\":\"auslaenderaemter.com\"},\"image\":{\"@id\":\"https:\\\/\\\/auslaenderaemter.com\\\/#\\\/schema\\\/logo\\\/image\\\/\"}}]}<\/script>\n<!-- \/ Yoast SEO plugin. -->","yoast_head_json":{"title":"Oficina de Inmigraci\u00f3n Neumarkt idOPf. | Direcci\u00f3n, contacto y horario de atenci\u00f3n","description":"Oficina de Inmigraci\u00f3n Neumarkt idOPf. | Direcci\u00f3n y direcci\u00f3n \u2713 N\u00famero de tel\u00e9fono, contacto y horario de apertura \u2713 C\u00f3mo llegar \u2713 Autoridades de inmigraci\u00f3n","robots":{"index":"index","follow":"follow","max-snippet":"max-snippet:-1","max-image-preview":"max-image-preview:large","max-video-preview":"max-video-preview:-1"},"canonical":"https:\/\/auslaenderaemter.com\/es\/oficina-de-extranjeria-neumarkt-id-opf\/","og_locale":"es_ES","og_type":"article","og_title":"Ausl\u00e4nderamt Neumarkt i.d.OPf. | Adresse, Kontakt und \u00d6ffnungszeiten","og_description":"Ausl\u00e4nderamt Neumarkt i.d.OPf. | Adresse und Anschrift \u2713 Telefonnummer, Kontakt und \u00d6ffnungszeiten \u2713 Anfahrt \u2713 Ausl\u00e4nderbeh\u00f6rden","og_url":"https:\/\/auslaenderaemter.com\/es\/oficina-de-extranjeria-neumarkt-id-opf\/","og_site_name":"auslaenderaemter.com","article_modified_time":"2022-07-07T10:12:49+00:00","og_image":[{"width":640,"height":480,"url":"https:\/\/auslaenderaemter.com\/wp-content\/uploads\/2021\/01\/city-263069_640.jpg","type":"image\/jpeg"}],"twitter_card":"summary_large_image","twitter_misc":{"Tiempo de lectura":"1 minuto"},"schema":{"@context":"https:\/\/schema.org","@graph":[{"@type":"WebPage","@id":"https:\/\/auslaenderaemter.com\/auslaenderamt-neumarkt-i-d-opf\/","url":"https:\/\/auslaenderaemter.com\/auslaenderamt-neumarkt-i-d-opf\/","name":"Oficina de Inmigraci\u00f3n Neumarkt idOPf. | Direcci\u00f3n, contacto y horario de atenci\u00f3n","isPartOf":{"@id":"https:\/\/auslaenderaemter.com\/#website"},"primaryImageOfPage":{"@id":"https:\/\/auslaenderaemter.com\/auslaenderamt-neumarkt-i-d-opf\/#primaryimage"},"image":{"@id":"https:\/\/auslaenderaemter.com\/auslaenderamt-neumarkt-i-d-opf\/#primaryimage"},"thumbnailUrl":"https:\/\/auslaenderaemter.com\/wp-content\/uploads\/2021\/01\/city-263069_640.jpg","datePublished":"2021-02-15T16:15:57+00:00","dateModified":"2022-07-07T10:12:49+00:00","description":"Oficina de Inmigraci\u00f3n Neumarkt idOPf. | Direcci\u00f3n y direcci\u00f3n \u2713 N\u00famero de tel\u00e9fono, contacto y horario de apertura \u2713 C\u00f3mo llegar \u2713 Autoridades de inmigraci\u00f3n","breadcrumb":{"@id":"https:\/\/auslaenderaemter.com\/auslaenderamt-neumarkt-i-d-opf\/#breadcrumb"},"inLanguage":"es","potentialAction":[{"@type":"ReadAction","target":["https:\/\/auslaenderaemter.com\/auslaenderamt-neumarkt-i-d-opf\/"]}]},{"@type":"ImageObject","inLanguage":"es","@id":"https:\/\/auslaenderaemter.com\/auslaenderamt-neumarkt-i-d-opf\/#primaryimage","url":"https:\/\/auslaenderaemter.com\/wp-content\/uploads\/2021\/01\/city-263069_640.jpg","contentUrl":"https:\/\/auslaenderaemter.com\/wp-content\/uploads\/2021\/01\/city-263069_640.jpg","width":640,"height":480,"caption":"Ausl\u00e4nder\u00e4mter in Deutschland"},{"@type":"BreadcrumbList","@id":"https:\/\/auslaenderaemter.com\/auslaenderamt-neumarkt-i-d-opf\/#breadcrumb","itemListElement":[{"@type":"ListItem","position":1,"name":"Startseite","item":"https:\/\/auslaenderaemter.com\/"},{"@type":"ListItem","position":2,"name":"Ausl\u00e4nderamt Neumarkt i.d.OPf."}]},{"@type":"WebSite","@id":"https:\/\/auslaenderaemter.com\/#website","url":"https:\/\/auslaenderaemter.com\/","name":"auslaenderaemter.com","description":"","publisher":{"@id":"https:\/\/auslaenderaemter.com\/#organization"},"potentialAction":[{"@type":"SearchAction","target":{"@type":"EntryPoint","urlTemplate":"https:\/\/auslaenderaemter.com\/?s={search_term_string}"},"query-input":{"@type":"PropertyValueSpecification","valueRequired":true,"valueName":"search_term_string"}}],"inLanguage":"es"},{"@type":"Organization","@id":"https:\/\/auslaenderaemter.com\/#organization","name":"auslaenderaemter.com","url":"https:\/\/auslaenderaemter.com\/","logo":{"@type":"ImageObject","inLanguage":"es","@id":"https:\/\/auslaenderaemter.com\/#\/schema\/logo\/image\/","url":"https:\/\/auslaenderaemter.com\/wp-content\/uploads\/2021\/01\/cropped-Vollmond-info-13.png","contentUrl":"https:\/\/auslaenderaemter.com\/wp-content\/uploads\/2021\/01\/cropped-Vollmond-info-13.png","width":500,"height":117,"caption":"auslaenderaemter.com"},"image":{"@id":"https:\/\/auslaenderaemter.com\/#\/schema\/logo\/image\/"}}]}},"_links":{"self":[{"href":"https:\/\/auslaenderaemter.com\/es\/wp-json\/wp\/v2\/pages\/1835","targetHints":{"allow":["GET"]}}],"collection":[{"href":"https:\/\/auslaenderaemter.com\/es\/wp-json\/wp\/v2\/pages"}],"about":[{"href":"https:\/\/auslaenderaemter.com\/es\/wp-json\/wp\/v2\/types\/page"}],"author":[{"embeddable":true,"href":"https:\/\/auslaenderaemter.com\/es\/wp-json\/wp\/v2\/users\/1"}],"replies":[{"embeddable":true,"href":"https:\/\/auslaenderaemter.com\/es\/wp-json\/wp\/v2\/comments?post=1835"}],"version-history":[{"count":0,"href":"https:\/\/auslaenderaemter.com\/es\/wp-json\/wp\/v2\/pages\/1835\/revisions"}],"wp:featuredmedia":[{"embeddable":true,"href":"https:\/\/auslaenderaemter.com\/es\/wp-json\/wp\/v2\/media\/37"}],"wp:attachment":[{"href":"https:\/\/auslaenderaemter.com\/es\/wp-json\/wp\/v2\/media?parent=1835"}],"curies":[{"name":"wp","href":"https:\/\/api.w.org\/{rel}","templated":true}]}}