{"id":1859,"date":"2021-02-15T21:52:36","date_gmt":"2021-02-15T20:52:36","guid":{"rendered":"https:\/\/auslaenderaemter.com\/?page_id=1859"},"modified":"2024-10-06T17:04:42","modified_gmt":"2024-10-06T15:04:42","slug":"auslaenderaemter-in-deutschland","status":"publish","type":"page","link":"https:\/\/auslaenderaemter.com\/es\/","title":{"rendered":"Oficinas de inmigraci\u00f3n en Alemania"},"content":{"rendered":"<p>Bienvenido a nuestro sitio web auslaenderaemter.com. Nuestro sitio web le ofrece una visi\u00f3n completa de <strong>Detalles de contacto<\/strong>, <strong>direcciones<\/strong>, <strong>horario de apertura<\/strong> y m\u00e1s informaci\u00f3n de todo <strong>Oficinas de inmigraci\u00f3n en Alemania<\/strong>. Esto deber\u00eda facilitarle la b\u00fasqueda de la oficina de inmigraci\u00f3n responsable. Para consultas sobre visas y entrada, comun\u00edquese con su oficina de inmigraci\u00f3n responsable. No podemos responder a estas solicitudes. Nuestro sitio web solo pretende proporcionar una descripci\u00f3n general de d\u00f3nde puede ponerse en contacto con nosotros.<\/p>\n<p><script async src=\"https:\/\/cse.google.com\/cse.js?cx=b1e0ab9caab017756\"><\/script><\/p>\n<div class=\"gcse-search\"><\/div>\n<h3>Por favor seleccione su estado<\/h3>\n<ul>\n<li><a href=\"https:\/\/auslaenderaemter.com\/es\/oficinas-de-inmigracion-en-baden-wuerttemberg\/\">Oficinas de inmigraci\u00f3n en Baden-W\u00fcrttemberg<\/a><\/li>\n<li><a href=\"https:\/\/auslaenderaemter.com\/es\/oficinas-de-inmigracion-en-baviera\/\">Oficinas de inmigraci\u00f3n en Baviera<\/a><\/li>\n<li><a href=\"https:\/\/auslaenderaemter.com\/es\/oficinas-de-inmigracion-en-berlin\/\">Oficinas de inmigraci\u00f3n en Berl\u00edn<\/a><\/li>\n<li><a href=\"https:\/\/auslaenderaemter.com\/es\/oficinas-de-inmigracion-en-brandenburgo\/\">Oficinas de inmigraci\u00f3n en Brandeburgo<\/a><\/li>\n<li><a href=\"https:\/\/auslaenderaemter.com\/es\/oficinas-de-inmigracion-en-bremen\/\">Oficinas de inmigraci\u00f3n en Bremen<\/a><\/li>\n<li><a href=\"https:\/\/auslaenderaemter.com\/es\/oficinas-de-inmigracion-en-hamburgo\/\">Oficinas de inmigraci\u00f3n en Hamburgo<\/a><\/li>\n<li><a href=\"https:\/\/auslaenderaemter.com\/es\/oficinas-de-inmigracion-en-hesse\/\">Oficinas de inmigraci\u00f3n en Hesse<\/a><\/li>\n<li><a href=\"https:\/\/auslaenderaemter.com\/es\/oficinas-de-inmigracion-en-mecklenburg-vorpommern\/\">Oficinas de inmigraci\u00f3n en Mecklenburg-Vorpommern<\/a><\/li>\n<li><a href=\"https:\/\/auslaenderaemter.com\/es\/oficinas-de-inmigracion-en-baja-sajonia\/\">Oficinas de inmigraci\u00f3n en Baja Sajonia<\/a><\/li>\n<li><a href=\"https:\/\/auslaenderaemter.com\/es\/oficinas-de-inmigracion-en-rin-del-norte-westphalen\/\">Oficinas de inmigraci\u00f3n en Renania del Norte-Westfalia<\/a><\/li>\n<li><a href=\"https:\/\/auslaenderaemter.com\/es\/oficinas-de-inmigracion-en-renania-palatinado\/\">Oficinas de inmigraci\u00f3n en Renania-Palatinado<\/a><\/li>\n<li><a href=\"https:\/\/auslaenderaemter.com\/es\/oficinas-de-inmigracion-en-sarre\/\">Oficinas de inmigraci\u00f3n en Sarre<\/a><\/li>\n<li><a href=\"https:\/\/auslaenderaemter.com\/es\/oficinas-de-inmigracion-en-sajonia\/\">Oficinas de inmigraci\u00f3n en Sajonia<\/a><\/li>\n<li><a href=\"https:\/\/auslaenderaemter.com\/es\/oficinas-de-inmigracion-en-sajonia-anhalt\/\">Oficinas de inmigraci\u00f3n en Sajonia-Anhalt<\/a><\/li>\n<li><a href=\"https:\/\/auslaenderaemter.com\/es\/oficinas-de-inmigracion-en-schleswig-holstein\/\">Oficinas de inmigraci\u00f3n en Schleswig-Holstein<\/a><\/li>\n<li><a href=\"https:\/\/auslaenderaemter.com\/es\/oficinas-de-inmigracion-en-turingia\/\">Oficinas de inmigraci\u00f3n en Turingia<\/a><\/li>\n<\/ul>\n<p class=\"LC20lb DKV0Md\">Toda la informaci\u00f3n sin garant\u00eda y sujeta a cambios<\/p>\n<h2>\u00bfQu\u00e9 es una oficina de inmigraci\u00f3n?<\/h2>\n<p>Seg\u00fan el art\u00edculo 71 de la Ley de residencia, las oficinas de inmigraci\u00f3n son responsables de las medidas y decisiones relativas a la residencia y la legislaci\u00f3n sobre pasaportes. Toman medidas y decisiones sobre la residencia, el empleo y la integraci\u00f3n de extranjeros en Alemania.<\/p>\n<p>En Alemania, normalmente hay oficinas de inmigraci\u00f3n en cada distrito o distrito urbano. Se les encomienda la tarea de hacer cumplir la ley de inmigraci\u00f3n. Las ciudades m\u00e1s grandes que pertenecen a un distrito tambi\u00e9n pueden tener sus propias autoridades de inmigraci\u00f3n, pero esto depende del estado federal respectivo. En Hesse, por ejemplo, todas las ciudades con 50.000 habitantes o m\u00e1s tienen su propia oficina de inmigraci\u00f3n.<\/p>\n<h2>\u00bfDe qu\u00e9 son responsables las autoridades de inmigraci\u00f3n?<\/h2>\n<p>Las autoridades de inmigraci\u00f3n son responsables de expedir o denegar permisos de residencia de acuerdo con los prop\u00f3sitos de residencia pertinentes de la Ley de Residencia, la decisi\u00f3n sobre la concesi\u00f3n de permisos de establecimiento, la decisi\u00f3n y, posiblemente, la ejecuci\u00f3n de expulsiones o deportaciones.<\/p>\n<p>Adem\u00e1s, pone al lado de la apropiada <a href=\"https:\/\/auslaenderaemter.com\/es\/permiso-de-residencia-2\/\">permisos de residencia<\/a> papeles de pasaporte igualmente sustitutos. Ella decide sobre la emisi\u00f3n de permisos de residencia para personas desplazadas - la implementaci\u00f3n del procedimiento de asilo como tal es responsabilidad de la Oficina Federal de Migraci\u00f3n y Refugiados (BAMF) - y la tolerancia, as\u00ed como los documentos de viaje para extranjeros. Adem\u00e1s, se decide sobre la existencia de los requisitos legales para la reagrupaci\u00f3n familiar. Las autoridades de inmigraci\u00f3n est\u00e1n involucradas en la emisi\u00f3n de visas.<\/p>\n<p>Las oficinas de inmigraci\u00f3n son responsables de una variedad de otras tareas. El plazo de los permisos de residencia, la denegaci\u00f3n de <a href=\"https:\/\/auslaenderaemter.com\/es\/permiso-de-residencia\/\">permiso de residencia<\/a>, dictar \u00f3rdenes de salida del pa\u00eds de conformidad con la Ley de Residencia en los casos en que se produzca la obligaci\u00f3n de salir del pa\u00eds, aclarar la identidad de los extranjeros y muchas otras tareas son de la competencia de las autoridades de extranjer\u00eda. Aqu\u00ed hay una descripci\u00f3n general de las responsabilidades de las oficinas de inmigraci\u00f3n en su distrito o ciudad:<\/p>\n<ul>\n<li>ayuda a los refugiados<\/li>\n<li>procedimiento de asilo<\/li>\n<li>Entrada y residencia en Alemania<\/li>\n<li>curso de integracion<\/li>\n<li>Atenci\u00f3n m\u00e9dica y costos<\/li>\n<li>derecho a prestaciones<\/li>\n<li>estado civil<\/li>\n<li>Registrarse<\/li>\n<li>asistencia social<\/li>\n<li>opciones de alojamiento<\/li>\n<li>declaraci\u00f3n de compromiso<\/li>\n<\/ul>\n<h3>Jurisdicci\u00f3n local<\/h3>\n<p>La jurisdicci\u00f3n local para un extranjero no est\u00e1 regulada en la ley federal, sino en la ley estatal complementaria. En principio, sin embargo, puede suponer que la jurisdicci\u00f3n local depende de su lugar de residencia habitual.<\/p>\n<h3>\u00bfC\u00f3mo se regula la implementaci\u00f3n real de las decisiones en los estados federales?<\/h3>\n<p>Las autoridades de inmigraci\u00f3n son responsables de hacer cumplir las decisiones especiales de terminaci\u00f3n de residencia y las decisiones negativas de asilo de la BAMF. Valoran los requisitos legales para la deportaci\u00f3n del extranjero. Luego registran los vuelos apropiados con las autoridades responsables. Para la aplicaci\u00f3n real, a menudo est\u00e1n controlados por la polic\u00eda estatal pertinente. Una excepci\u00f3n es Renania del Norte-Westfalia, donde las autoridades extranjeras, que tienen el estatus de una autoridad reguladora especial en el sentido de la Secci\u00f3n 12 OBG, llevan a cabo medidas de deportaci\u00f3n y detenci\u00f3n (Secci\u00f3n 62 AufenthG) con ciertos oficiales de ejecuci\u00f3n por Estos tienen la misma legitimaci\u00f3n que los agentes de polic\u00eda y est\u00e1n asegurados como agentes del orden a trav\u00e9s de la Secci\u00f3n 113 del C\u00f3digo Penal.<\/p>\n<p>Si est\u00e1 interesado en una visa de visitante, Schengen o estudiante, dependiendo de su pa\u00eds de origen, es responsable de presentar una declaraci\u00f3n de compromiso en la oficina de inmigraci\u00f3n responsable. Con esta declaraci\u00f3n presentada y firmada, usted se compromete a hacerse cargo de todos los costos relacionados con la estad\u00eda de su visitante. En auslaenderaemter.com encontrar\u00e1 m\u00e1s informaci\u00f3n valiosa sobre c\u00f3mo completar una visa en l\u00ednea <a href=\"https:\/\/auslaenderaemter.com\/es\/seguro-para-huespedes-extranjeros\/\">Seguro para hu\u00e9spedes extranjeros<\/a> y obtenci\u00f3n de la declaraci\u00f3n de compromiso.<\/p>\n<h3 id=\"customheading6\"><strong>M\u00e1s enlaces y fuentes<\/strong><\/h3>\n<ul>\n<li><a href=\"https:\/\/auslaenderaemter.com\/es\/declaracion-de-compromiso\/\"><span class=\"teaser__headline-content\">Informaci\u00f3n sobre la declaraci\u00f3n de compromiso<\/span><\/a><\/li>\n<li><a href=\"https:\/\/www.bamf.de\/DE\/Startseite\/startseite_node.html\" target=\"_blank\" rel=\"noopener\">Oficina Federal de Migraci\u00f3n y Refugiados<\/a> (BAMF)<\/li>\n<\/ul>","protected":false},"excerpt":{"rendered":"<p>Bienvenido a nuestro sitio web auslaenderaemter.com. Nuestro sitio web le ofrece una descripci\u00f3n completa de los datos de contacto, direcciones, horarios de apertura y otra informaci\u00f3n de todas las oficinas de inmigraci\u00f3n en Alemania. Esto deber\u00eda facilitarle la b\u00fasqueda de la oficina de inmigraci\u00f3n responsable. Para consultas sobre visas y entrada, comun\u00edquese con su oficina de inmigraci\u00f3n responsable. No podemos aceptar estas solicitudes...&nbsp;<a href=\"https:\/\/auslaenderaemter.com\/es\/\" rel=\"bookmark\">Leer m\u00e1s &quot;<span class=\"screen-reader-text\">Oficinas de inmigraci\u00f3n en Alemania<\/span><\/a><\/p>","protected":false},"author":1,"featured_media":37,"parent":0,"menu_order":0,"comment_status":"closed","ping_status":"closed","template":"","meta":{"neve_meta_sidebar":"full-width","neve_meta_container":"","neve_meta_enable_content_width":"on","neve_meta_content_width":100,"neve_meta_title_alignment":"","neve_meta_author_avatar":"","neve_post_elements_order":"","neve_meta_disable_header":"","neve_meta_disable_footer":"","neve_meta_disable_title":"","neve_meta_reading_time":"","footnotes":""},"class_list":["post-1859","page","type-page","status-publish","has-post-thumbnail","hentry"],"yoast_head":"<!-- This site is optimized with the Yoast SEO plugin v27.3 - https:\/\/yoast.com\/product\/yoast-seo-wordpress\/ -->\n<title>Ausl\u00e4nder\u00e4mter in Deutschland | Ausl\u00e4nderbeh\u00f6rden<\/title>\n<meta name=\"description\" content=\"Ausl\u00e4nder\u00e4mter in Deutschland | Hier finden Sie alle Kontaktinformationen nach Bundesl\u00e4nder geordnet | Adresse \u260e Telefon \u23f2 \u00d6ffnungszeiten\" \/>\n<meta name=\"robots\" content=\"index, follow, max-snippet:-1, max-image-preview:large, max-video-preview:-1\" \/>\n<link rel=\"canonical\" href=\"https:\/\/auslaenderaemter.com\/es\/\" \/>\n<meta property=\"og:locale\" content=\"es_ES\" \/>\n<meta property=\"og:type\" content=\"article\" \/>\n<meta property=\"og:title\" content=\"Ausl\u00e4nder\u00e4mter in Deutschland | Ausl\u00e4nderbeh\u00f6rden\" \/>\n<meta property=\"og:description\" content=\"Ausl\u00e4nder\u00e4mter in Deutschland | Hier finden Sie alle Kontaktinformationen nach Bundesl\u00e4nder geordnet | Adresse \u260e Telefon \u23f2 \u00d6ffnungszeiten\" \/>\n<meta property=\"og:url\" content=\"https:\/\/auslaenderaemter.com\/es\/\" \/>\n<meta property=\"og:site_name\" content=\"auslaenderaemter.com\" \/>\n<meta property=\"article:modified_time\" content=\"2024-10-06T15:04:42+00:00\" \/>\n<meta property=\"og:image\" content=\"https:\/\/auslaenderaemter.com\/wp-content\/uploads\/2021\/01\/city-263069_640.jpg\" \/>\n\t<meta property=\"og:image:width\" content=\"640\" \/>\n\t<meta property=\"og:image:height\" content=\"480\" \/>\n\t<meta property=\"og:image:type\" content=\"image\/jpeg\" \/>\n<meta name=\"twitter:card\" content=\"summary_large_image\" \/>\n<meta name=\"twitter:label1\" content=\"Tiempo de lectura\" \/>\n\t<meta name=\"twitter:data1\" content=\"4 minutos\" \/>\n<script type=\"application\/ld+json\" class=\"yoast-schema-graph\">{\"@context\":\"https:\\\/\\\/schema.org\",\"@graph\":[{\"@type\":\"WebPage\",\"@id\":\"https:\\\/\\\/auslaenderaemter.com\\\/\",\"url\":\"https:\\\/\\\/auslaenderaemter.com\\\/\",\"name\":\"Ausl\u00e4nder\u00e4mter in Deutschland | Ausl\u00e4nderbeh\u00f6rden\",\"isPartOf\":{\"@id\":\"https:\\\/\\\/auslaenderaemter.com\\\/#website\"},\"primaryImageOfPage\":{\"@id\":\"https:\\\/\\\/auslaenderaemter.com\\\/#primaryimage\"},\"image\":{\"@id\":\"https:\\\/\\\/auslaenderaemter.com\\\/#primaryimage\"},\"thumbnailUrl\":\"https:\\\/\\\/auslaenderaemter.com\\\/wp-content\\\/uploads\\\/2021\\\/01\\\/city-263069_640.jpg\",\"datePublished\":\"2021-02-15T20:52:36+00:00\",\"dateModified\":\"2024-10-06T15:04:42+00:00\",\"description\":\"Ausl\u00e4nder\u00e4mter in Deutschland | Hier finden Sie alle Kontaktinformationen nach Bundesl\u00e4nder geordnet | Adresse \u260e Telefon \u23f2 \u00d6ffnungszeiten\",\"breadcrumb\":{\"@id\":\"https:\\\/\\\/auslaenderaemter.com\\\/#breadcrumb\"},\"inLanguage\":\"es\",\"potentialAction\":[{\"@type\":\"ReadAction\",\"target\":[\"https:\\\/\\\/auslaenderaemter.com\\\/\"]}]},{\"@type\":\"ImageObject\",\"inLanguage\":\"es\",\"@id\":\"https:\\\/\\\/auslaenderaemter.com\\\/#primaryimage\",\"url\":\"https:\\\/\\\/auslaenderaemter.com\\\/wp-content\\\/uploads\\\/2021\\\/01\\\/city-263069_640.jpg\",\"contentUrl\":\"https:\\\/\\\/auslaenderaemter.com\\\/wp-content\\\/uploads\\\/2021\\\/01\\\/city-263069_640.jpg\",\"width\":640,\"height\":480,\"caption\":\"Ausl\u00e4nder\u00e4mter in Deutschland\"},{\"@type\":\"BreadcrumbList\",\"@id\":\"https:\\\/\\\/auslaenderaemter.com\\\/#breadcrumb\",\"itemListElement\":[{\"@type\":\"ListItem\",\"position\":1,\"name\":\"Startseite\",\"item\":\"https:\\\/\\\/auslaenderaemter.com\\\/\"},{\"@type\":\"ListItem\",\"position\":2,\"name\":\"Ausl\u00e4nder\u00e4mter in Deutschland\"}]},{\"@type\":\"WebSite\",\"@id\":\"https:\\\/\\\/auslaenderaemter.com\\\/#website\",\"url\":\"https:\\\/\\\/auslaenderaemter.com\\\/\",\"name\":\"auslaenderaemter.com\",\"description\":\"\",\"publisher\":{\"@id\":\"https:\\\/\\\/auslaenderaemter.com\\\/#organization\"},\"potentialAction\":[{\"@type\":\"SearchAction\",\"target\":{\"@type\":\"EntryPoint\",\"urlTemplate\":\"https:\\\/\\\/auslaenderaemter.com\\\/?s={search_term_string}\"},\"query-input\":{\"@type\":\"PropertyValueSpecification\",\"valueRequired\":true,\"valueName\":\"search_term_string\"}}],\"inLanguage\":\"es\"},{\"@type\":\"Organization\",\"@id\":\"https:\\\/\\\/auslaenderaemter.com\\\/#organization\",\"name\":\"auslaenderaemter.com\",\"url\":\"https:\\\/\\\/auslaenderaemter.com\\\/\",\"logo\":{\"@type\":\"ImageObject\",\"inLanguage\":\"es\",\"@id\":\"https:\\\/\\\/auslaenderaemter.com\\\/#\\\/schema\\\/logo\\\/image\\\/\",\"url\":\"https:\\\/\\\/auslaenderaemter.com\\\/wp-content\\\/uploads\\\/2021\\\/01\\\/cropped-Vollmond-info-13.png\",\"contentUrl\":\"https:\\\/\\\/auslaenderaemter.com\\\/wp-content\\\/uploads\\\/2021\\\/01\\\/cropped-Vollmond-info-13.png\",\"width\":500,\"height\":117,\"caption\":\"auslaenderaemter.com\"},\"image\":{\"@id\":\"https:\\\/\\\/auslaenderaemter.com\\\/#\\\/schema\\\/logo\\\/image\\\/\"}}]}<\/script>\n<!-- \/ Yoast SEO plugin. -->","yoast_head_json":{"title":"Oficinas de Inmigraci\u00f3n en Alemania | autoridades de inmigracion","description":"Oficinas de Inmigraci\u00f3n en Alemania | Aqu\u00ed encontrar\u00e1 toda la informaci\u00f3n de contacto ordenada por estado federal | Direcci\u00f3n \u260e Tel\u00e9fono \u23f2 Horario de apertura","robots":{"index":"index","follow":"follow","max-snippet":"max-snippet:-1","max-image-preview":"max-image-preview:large","max-video-preview":"max-video-preview:-1"},"canonical":"https:\/\/auslaenderaemter.com\/es\/","og_locale":"es_ES","og_type":"article","og_title":"Ausl\u00e4nder\u00e4mter in Deutschland | Ausl\u00e4nderbeh\u00f6rden","og_description":"Ausl\u00e4nder\u00e4mter in Deutschland | Hier finden Sie alle Kontaktinformationen nach Bundesl\u00e4nder geordnet | Adresse \u260e Telefon \u23f2 \u00d6ffnungszeiten","og_url":"https:\/\/auslaenderaemter.com\/es\/","og_site_name":"auslaenderaemter.com","article_modified_time":"2024-10-06T15:04:42+00:00","og_image":[{"width":640,"height":480,"url":"https:\/\/auslaenderaemter.com\/wp-content\/uploads\/2021\/01\/city-263069_640.jpg","type":"image\/jpeg"}],"twitter_card":"summary_large_image","twitter_misc":{"Tiempo de lectura":"4 minutos"},"schema":{"@context":"https:\/\/schema.org","@graph":[{"@type":"WebPage","@id":"https:\/\/auslaenderaemter.com\/","url":"https:\/\/auslaenderaemter.com\/","name":"Oficinas de Inmigraci\u00f3n en Alemania | autoridades de inmigracion","isPartOf":{"@id":"https:\/\/auslaenderaemter.com\/#website"},"primaryImageOfPage":{"@id":"https:\/\/auslaenderaemter.com\/#primaryimage"},"image":{"@id":"https:\/\/auslaenderaemter.com\/#primaryimage"},"thumbnailUrl":"https:\/\/auslaenderaemter.com\/wp-content\/uploads\/2021\/01\/city-263069_640.jpg","datePublished":"2021-02-15T20:52:36+00:00","dateModified":"2024-10-06T15:04:42+00:00","description":"Oficinas de Inmigraci\u00f3n en Alemania | Aqu\u00ed encontrar\u00e1 toda la informaci\u00f3n de contacto ordenada por estado federal | Direcci\u00f3n \u260e Tel\u00e9fono \u23f2 Horario de apertura","breadcrumb":{"@id":"https:\/\/auslaenderaemter.com\/#breadcrumb"},"inLanguage":"es","potentialAction":[{"@type":"ReadAction","target":["https:\/\/auslaenderaemter.com\/"]}]},{"@type":"ImageObject","inLanguage":"es","@id":"https:\/\/auslaenderaemter.com\/#primaryimage","url":"https:\/\/auslaenderaemter.com\/wp-content\/uploads\/2021\/01\/city-263069_640.jpg","contentUrl":"https:\/\/auslaenderaemter.com\/wp-content\/uploads\/2021\/01\/city-263069_640.jpg","width":640,"height":480,"caption":"Ausl\u00e4nder\u00e4mter in Deutschland"},{"@type":"BreadcrumbList","@id":"https:\/\/auslaenderaemter.com\/#breadcrumb","itemListElement":[{"@type":"ListItem","position":1,"name":"Startseite","item":"https:\/\/auslaenderaemter.com\/"},{"@type":"ListItem","position":2,"name":"Ausl\u00e4nder\u00e4mter in Deutschland"}]},{"@type":"WebSite","@id":"https:\/\/auslaenderaemter.com\/#website","url":"https:\/\/auslaenderaemter.com\/","name":"auslaenderaemter.com","description":"","publisher":{"@id":"https:\/\/auslaenderaemter.com\/#organization"},"potentialAction":[{"@type":"SearchAction","target":{"@type":"EntryPoint","urlTemplate":"https:\/\/auslaenderaemter.com\/?s={search_term_string}"},"query-input":{"@type":"PropertyValueSpecification","valueRequired":true,"valueName":"search_term_string"}}],"inLanguage":"es"},{"@type":"Organization","@id":"https:\/\/auslaenderaemter.com\/#organization","name":"auslaenderaemter.com","url":"https:\/\/auslaenderaemter.com\/","logo":{"@type":"ImageObject","inLanguage":"es","@id":"https:\/\/auslaenderaemter.com\/#\/schema\/logo\/image\/","url":"https:\/\/auslaenderaemter.com\/wp-content\/uploads\/2021\/01\/cropped-Vollmond-info-13.png","contentUrl":"https:\/\/auslaenderaemter.com\/wp-content\/uploads\/2021\/01\/cropped-Vollmond-info-13.png","width":500,"height":117,"caption":"auslaenderaemter.com"},"image":{"@id":"https:\/\/auslaenderaemter.com\/#\/schema\/logo\/image\/"}}]}},"_links":{"self":[{"href":"https:\/\/auslaenderaemter.com\/es\/wp-json\/wp\/v2\/pages\/1859","targetHints":{"allow":["GET"]}}],"collection":[{"href":"https:\/\/auslaenderaemter.com\/es\/wp-json\/wp\/v2\/pages"}],"about":[{"href":"https:\/\/auslaenderaemter.com\/es\/wp-json\/wp\/v2\/types\/page"}],"author":[{"embeddable":true,"href":"https:\/\/auslaenderaemter.com\/es\/wp-json\/wp\/v2\/users\/1"}],"replies":[{"embeddable":true,"href":"https:\/\/auslaenderaemter.com\/es\/wp-json\/wp\/v2\/comments?post=1859"}],"version-history":[{"count":0,"href":"https:\/\/auslaenderaemter.com\/es\/wp-json\/wp\/v2\/pages\/1859\/revisions"}],"wp:featuredmedia":[{"embeddable":true,"href":"https:\/\/auslaenderaemter.com\/es\/wp-json\/wp\/v2\/media\/37"}],"wp:attachment":[{"href":"https:\/\/auslaenderaemter.com\/es\/wp-json\/wp\/v2\/media?parent=1859"}],"curies":[{"name":"wp","href":"https:\/\/api.w.org\/{rel}","templated":true}]}}