{"id":3081,"date":"2021-02-24T00:10:55","date_gmt":"2021-02-23T23:10:55","guid":{"rendered":"https:\/\/auslaenderaemter.com\/?page_id=3081"},"modified":"2021-03-15T21:48:15","modified_gmt":"2021-03-15T20:48:15","slug":"versicherungen-fuer-auslaendische-gaeste","status":"publish","type":"page","link":"https:\/\/auslaenderaemter.com\/es\/seguro-para-huespedes-extranjeros\/","title":{"rendered":"Seguro para hu\u00e9spedes extranjeros"},"content":{"rendered":"<p><img fetchpriority=\"high\" decoding=\"async\" class=\"aligncenter wp-image-3087 size-full\" src=\"https:\/\/auslaenderaemter.com\/wp-content\/uploads\/2021\/02\/couple-1030744_640.jpg\" alt=\"Seguro para hu\u00e9spedes extranjeros\" width=\"640\" height=\"426\" srcset=\"https:\/\/auslaenderaemter.com\/wp-content\/uploads\/2021\/02\/couple-1030744_640.jpg 640w, https:\/\/auslaenderaemter.com\/wp-content\/uploads\/2021\/02\/couple-1030744_640-300x200.jpg 300w\" sizes=\"(max-width: 640px) 100vw, 640px\" \/><\/p>\n<p>Si <strong>veraneantes<\/strong>, <strong>estudiante de idiomas<\/strong>, <strong>personal profesional<\/strong> o <strong>estudiante universitario<\/strong> \u2013 los hu\u00e9spedes extranjeros en Alemania y Europa necesitan uno <strong>Seguro m\u00e9dico de viaje<\/strong>, que cumplen los requisitos de la Uni\u00f3n Europea a un <strong>visa<\/strong> para ser concedido.<\/p>\n<p>Por supuesto, no solo el seguro de salud internacional protege contra costos elevados, sino tambi\u00e9n el seguro de accidentes de viaje. Contratar un seguro de emergencia, equipaje y responsabilidad civil tambi\u00e9n es una clara ventaja si est\u00e1 planeando una estad\u00eda m\u00e1s larga en Alemania. Recomendamos un seguro todo en uno que le brinde una protecci\u00f3n confiable para su estad\u00eda en Alemania.<\/p>\n<h2>\u00bfNo estoy cubierto por el seguro m\u00e9dico obligatorio mientras estoy de vacaciones?<\/h2>\n<p>La suposici\u00f3n est\u00e1 cerca, pero viene <strong>seguro m\u00e9dico obligatorio<\/strong> por enfermedades en el extranjero <strong>no o solo se limita a<\/strong>. Por lo tanto, debe contratar un seguro para hu\u00e9spedes extranjeros antes de su estancia en Alemania.<\/p>\n<h2>Seguro m\u00e9dico de viaje para visitantes<\/h2>\n<p>El seguro para hu\u00e9spedes extranjeros lo protege de los altos costos y asegura su estad\u00eda en Alemania. A menudo sucede m\u00e1s r\u00e1pido de lo que piensa: un paso en falso en la caminata, una enfermedad o la p\u00e9rdida\/robo de su propio equipaje y de repente se enfrenta a costos inmensamente altos. El tratamiento y la repatriaci\u00f3n de una pierna rota pueden costar r\u00e1pidamente unos pocos miles de euros. Si ha contratado un seguro para hu\u00e9spedes extranjeros, puede ahorrarse los altos costos. Sin embargo, hay algunos puntos que debe tener en cuenta al contratar un seguro para hu\u00e9spedes extranjeros.<\/p>\n<h2>\u00bfQu\u00e9 debo tener en cuenta a la hora de contratar un seguro para hu\u00e9spedes extranjeros?<\/h2>\n<p><strong>Un buen seguro para hu\u00e9spedes extranjeros se caracteriza por los siguientes puntos:<\/strong><\/p>\n<ul>\n<li>El seguro para hu\u00e9spedes extranjeros cumple con los requisitos de la UE<\/li>\n<li>Protecci\u00f3n integral contra muchos riesgos<\/li>\n<li>Amplia gama de servicios<\/li>\n<li>Seguro para hu\u00e9spedes extranjeros sin franquicia<\/li>\n<li>El transporte de regreso m\u00e9dicamente sensible est\u00e1 cubierto<\/li>\n<\/ul>\n<h3>Diferencia entre seguro m\u00e9dico de viaje y seguro m\u00e9dico internacional<\/h3>\n<p>La diferencia clave entre el seguro m\u00e9dico de viaje y el seguro m\u00e9dico internacional <strong>depende del tiempo de viaje<\/strong>. El seguro m\u00e9dico de viaje es especialmente \u00fatil para las vacaciones <strong>hasta alrededor de 8 semanas<\/strong>. Sin embargo, si est\u00e1 planeando un viaje a largo plazo, se recomienda un seguro de salud internacional.<\/p>\n<h3>Nuestra recomendaci\u00f3n: Seguro para hu\u00e9spedes extranjeros en Alemania de Hansemerkur<\/h3>\n<p>El seguro para hu\u00e9spedes extranjeros lo protege de los altos costos durante su estad\u00eda en Alemania. Tiene sentido contratar un seguro, especialmente si est\u00e1 planeando un viaje a largo plazo. Independientemente de si se trata de un semestre de intercambio, una pasant\u00eda a largo plazo o una larga visita a familiares, los recomendamos. <a href=\"https:\/\/tidd.ly\/3u98xUL\">Seguro para hu\u00e9spedes extranjeros hasta 5 a\u00f1os de Hansemerkur<\/a>*.<\/p>\n<p>El seguro para hu\u00e9spedes extranjeros es una de las piezas de equipaje m\u00e1s importantes para su estancia en Alemania. El seguro para visitantes de Hansemerkur te protege <strong>hasta 5 a\u00f1os<\/strong> contra los altos costos. Recomendamos ampliar el seguro m\u00e9dico internacional para incluir un seguro de accidentes de viaje, un seguro de responsabilidad civil de viaje, un seguro de emergencia de viaje y un seguro de equipaje de viaje para que pueda disfrutar de una cobertura de seguro particularmente completa.<\/p>\n<p>El seguro de Hansemerkur para hu\u00e9spedes extranjeros es adecuado para estancias prolongadas de hasta 5 a\u00f1os en Alemania. Hansemerkur se caracteriza por una absoluta transparencia de costes. Los contratos a corto plazo tambi\u00e9n son posibles. Por ejemplo, si opta por la &quot;Tarifa Profi&quot;, obtendr\u00e1 un seguro m\u00e9dico internacional, un seguro de accidentes de viaje, un seguro de responsabilidad civil de viaje, un seguro de emergencia de viaje y un seguro de equipaje de viaje, todo en uno. Por supuesto, tambi\u00e9n puedes optar por la tarifa &quot;B\u00e1sica&quot;, que incluye todos los seguros para hu\u00e9spedes extranjeros excepto el seguro de equipaje. Los seguros para hu\u00e9spedes extranjeros cumplen con los requisitos de la UE.<\/p>\n<p><!-- START ADVERTISER: HanseMerkur Versicherungsgruppe DE from awin.com --><\/p>\n<p><a href=\"https:\/\/www.awin1.com\/cread.php?s=2616553&amp;v=11705&amp;q=386611&amp;r=384383\"><br \/>\n<img decoding=\"async\" src=\"https:\/\/www.awin1.com\/cshow.php?s=2616553&amp;v=11705&amp;q=386611&amp;r=384383\" border=\"0\" \/><br \/>\n<\/a><\/p>\n<h3>M\u00e1s lejos<span class=\"ez-toc-section\">\u00a0<\/span>enlaces y fuentes<\/h3>\n<ul>\n<li><a href=\"https:\/\/auslaenderaemter.com\/es\/declaracion-de-compromiso\/\">Declaraci\u00f3n de Compromiso para Visitantes Extranjeros<\/a><\/li>\n<li><a href=\"https:\/\/auslaenderaemter.com\/es\/\">Oficinas de inmigraci\u00f3n en Alemania<\/a><\/li>\n<\/ul>","protected":false},"excerpt":{"rendered":"<p>Ya sean turistas, estudiantes de idiomas, especialistas o estudiantes, los hu\u00e9spedes extranjeros en Alemania y Europa necesitan un seguro m\u00e9dico de viaje que cumpla con los requisitos de la Uni\u00f3n Europea para poder obtener una visa. Por supuesto, no solo el seguro de salud internacional protege contra costos elevados, sino tambi\u00e9n el seguro de accidentes de viaje. Contratar un seguro de emergencia, equipaje y responsabilidad civil tambi\u00e9n es una clara ventaja si\u2026&nbsp;<a href=\"https:\/\/auslaenderaemter.com\/es\/seguro-para-huespedes-extranjeros\/\" rel=\"bookmark\">Leer m\u00e1s &quot;<span class=\"screen-reader-text\">Seguro para hu\u00e9spedes extranjeros<\/span><\/a><\/p>","protected":false},"author":1,"featured_media":3087,"parent":0,"menu_order":0,"comment_status":"closed","ping_status":"closed","template":"","meta":{"neve_meta_sidebar":"full-width","neve_meta_container":"","neve_meta_enable_content_width":"on","neve_meta_content_width":100,"neve_meta_title_alignment":"","neve_meta_author_avatar":"","neve_post_elements_order":"","neve_meta_disable_header":"","neve_meta_disable_footer":"","neve_meta_disable_title":"","neve_meta_reading_time":"","footnotes":""},"class_list":["post-3081","page","type-page","status-publish","has-post-thumbnail","hentry"],"yoast_head":"<!-- This site is optimized with the Yoast SEO plugin v27.3 - https:\/\/yoast.com\/product\/yoast-seo-wordpress\/ -->\n<title>Versicherung f\u00fcr ausl\u00e4ndische G\u00e4ste in Deutschland<\/title>\n<meta name=\"description\" content=\"Versicherungen f\u00fcr ausl\u00e4ndische G\u00e4ste bewahren Sie vor hohen Kosten und sichern Ihren Aufenthalt in Deutschland ab.\" \/>\n<meta name=\"robots\" content=\"index, follow, max-snippet:-1, max-image-preview:large, max-video-preview:-1\" \/>\n<link rel=\"canonical\" href=\"https:\/\/auslaenderaemter.com\/es\/seguro-para-huespedes-extranjeros\/\" \/>\n<meta property=\"og:locale\" content=\"es_ES\" \/>\n<meta property=\"og:type\" content=\"article\" \/>\n<meta property=\"og:title\" content=\"Versicherung f\u00fcr ausl\u00e4ndische G\u00e4ste in Deutschland\" \/>\n<meta property=\"og:description\" content=\"Versicherungen f\u00fcr ausl\u00e4ndische G\u00e4ste bewahren Sie vor hohen Kosten und sichern Ihren Aufenthalt in Deutschland ab.\" \/>\n<meta property=\"og:url\" content=\"https:\/\/auslaenderaemter.com\/es\/seguro-para-huespedes-extranjeros\/\" \/>\n<meta property=\"og:site_name\" content=\"auslaenderaemter.com\" \/>\n<meta property=\"article:modified_time\" content=\"2021-03-15T20:48:15+00:00\" \/>\n<meta property=\"og:image\" content=\"https:\/\/auslaenderaemter.com\/wp-content\/uploads\/2021\/02\/couple-1030744_640.jpg\" \/>\n\t<meta property=\"og:image:width\" content=\"640\" \/>\n\t<meta property=\"og:image:height\" content=\"426\" \/>\n\t<meta property=\"og:image:type\" content=\"image\/jpeg\" \/>\n<meta name=\"twitter:card\" content=\"summary_large_image\" \/>\n<meta name=\"twitter:label1\" content=\"Tiempo de lectura\" \/>\n\t<meta name=\"twitter:data1\" content=\"3 minutos\" \/>\n<script type=\"application\/ld+json\" class=\"yoast-schema-graph\">{\"@context\":\"https:\\\/\\\/schema.org\",\"@graph\":[{\"@type\":\"WebPage\",\"@id\":\"https:\\\/\\\/auslaenderaemter.com\\\/versicherungen-fuer-auslaendische-gaeste\\\/\",\"url\":\"https:\\\/\\\/auslaenderaemter.com\\\/versicherungen-fuer-auslaendische-gaeste\\\/\",\"name\":\"Versicherung f\u00fcr ausl\u00e4ndische G\u00e4ste in Deutschland\",\"isPartOf\":{\"@id\":\"https:\\\/\\\/auslaenderaemter.com\\\/#website\"},\"primaryImageOfPage\":{\"@id\":\"https:\\\/\\\/auslaenderaemter.com\\\/versicherungen-fuer-auslaendische-gaeste\\\/#primaryimage\"},\"image\":{\"@id\":\"https:\\\/\\\/auslaenderaemter.com\\\/versicherungen-fuer-auslaendische-gaeste\\\/#primaryimage\"},\"thumbnailUrl\":\"https:\\\/\\\/auslaenderaemter.com\\\/wp-content\\\/uploads\\\/2021\\\/02\\\/couple-1030744_640.jpg\",\"datePublished\":\"2021-02-23T23:10:55+00:00\",\"dateModified\":\"2021-03-15T20:48:15+00:00\",\"description\":\"Versicherungen f\u00fcr ausl\u00e4ndische G\u00e4ste bewahren Sie vor hohen Kosten und sichern Ihren Aufenthalt in Deutschland ab.\",\"breadcrumb\":{\"@id\":\"https:\\\/\\\/auslaenderaemter.com\\\/versicherungen-fuer-auslaendische-gaeste\\\/#breadcrumb\"},\"inLanguage\":\"es\",\"potentialAction\":[{\"@type\":\"ReadAction\",\"target\":[\"https:\\\/\\\/auslaenderaemter.com\\\/versicherungen-fuer-auslaendische-gaeste\\\/\"]}]},{\"@type\":\"ImageObject\",\"inLanguage\":\"es\",\"@id\":\"https:\\\/\\\/auslaenderaemter.com\\\/versicherungen-fuer-auslaendische-gaeste\\\/#primaryimage\",\"url\":\"https:\\\/\\\/auslaenderaemter.com\\\/wp-content\\\/uploads\\\/2021\\\/02\\\/couple-1030744_640.jpg\",\"contentUrl\":\"https:\\\/\\\/auslaenderaemter.com\\\/wp-content\\\/uploads\\\/2021\\\/02\\\/couple-1030744_640.jpg\",\"width\":640,\"height\":426,\"caption\":\"Versicherung f\u00fcr ausl\u00e4ndische G\u00e4ste\"},{\"@type\":\"BreadcrumbList\",\"@id\":\"https:\\\/\\\/auslaenderaemter.com\\\/versicherungen-fuer-auslaendische-gaeste\\\/#breadcrumb\",\"itemListElement\":[{\"@type\":\"ListItem\",\"position\":1,\"name\":\"Startseite\",\"item\":\"https:\\\/\\\/auslaenderaemter.com\\\/\"},{\"@type\":\"ListItem\",\"position\":2,\"name\":\"Versicherungen f\u00fcr ausl\u00e4ndische G\u00e4ste\"}]},{\"@type\":\"WebSite\",\"@id\":\"https:\\\/\\\/auslaenderaemter.com\\\/#website\",\"url\":\"https:\\\/\\\/auslaenderaemter.com\\\/\",\"name\":\"auslaenderaemter.com\",\"description\":\"\",\"publisher\":{\"@id\":\"https:\\\/\\\/auslaenderaemter.com\\\/#organization\"},\"potentialAction\":[{\"@type\":\"SearchAction\",\"target\":{\"@type\":\"EntryPoint\",\"urlTemplate\":\"https:\\\/\\\/auslaenderaemter.com\\\/?s={search_term_string}\"},\"query-input\":{\"@type\":\"PropertyValueSpecification\",\"valueRequired\":true,\"valueName\":\"search_term_string\"}}],\"inLanguage\":\"es\"},{\"@type\":\"Organization\",\"@id\":\"https:\\\/\\\/auslaenderaemter.com\\\/#organization\",\"name\":\"auslaenderaemter.com\",\"url\":\"https:\\\/\\\/auslaenderaemter.com\\\/\",\"logo\":{\"@type\":\"ImageObject\",\"inLanguage\":\"es\",\"@id\":\"https:\\\/\\\/auslaenderaemter.com\\\/#\\\/schema\\\/logo\\\/image\\\/\",\"url\":\"https:\\\/\\\/auslaenderaemter.com\\\/wp-content\\\/uploads\\\/2021\\\/01\\\/cropped-Vollmond-info-13.png\",\"contentUrl\":\"https:\\\/\\\/auslaenderaemter.com\\\/wp-content\\\/uploads\\\/2021\\\/01\\\/cropped-Vollmond-info-13.png\",\"width\":500,\"height\":117,\"caption\":\"auslaenderaemter.com\"},\"image\":{\"@id\":\"https:\\\/\\\/auslaenderaemter.com\\\/#\\\/schema\\\/logo\\\/image\\\/\"}}]}<\/script>\n<!-- \/ Yoast SEO plugin. -->","yoast_head_json":{"title":"Seguro para hu\u00e9spedes extranjeros en Alemania","description":"El seguro para hu\u00e9spedes extranjeros lo protege de los altos costos y asegura su estad\u00eda en Alemania.","robots":{"index":"index","follow":"follow","max-snippet":"max-snippet:-1","max-image-preview":"max-image-preview:large","max-video-preview":"max-video-preview:-1"},"canonical":"https:\/\/auslaenderaemter.com\/es\/seguro-para-huespedes-extranjeros\/","og_locale":"es_ES","og_type":"article","og_title":"Versicherung f\u00fcr ausl\u00e4ndische G\u00e4ste in Deutschland","og_description":"Versicherungen f\u00fcr ausl\u00e4ndische G\u00e4ste bewahren Sie vor hohen Kosten und sichern Ihren Aufenthalt in Deutschland ab.","og_url":"https:\/\/auslaenderaemter.com\/es\/seguro-para-huespedes-extranjeros\/","og_site_name":"auslaenderaemter.com","article_modified_time":"2021-03-15T20:48:15+00:00","og_image":[{"width":640,"height":426,"url":"https:\/\/auslaenderaemter.com\/wp-content\/uploads\/2021\/02\/couple-1030744_640.jpg","type":"image\/jpeg"}],"twitter_card":"summary_large_image","twitter_misc":{"Tiempo de lectura":"3 minutos"},"schema":{"@context":"https:\/\/schema.org","@graph":[{"@type":"WebPage","@id":"https:\/\/auslaenderaemter.com\/versicherungen-fuer-auslaendische-gaeste\/","url":"https:\/\/auslaenderaemter.com\/versicherungen-fuer-auslaendische-gaeste\/","name":"Seguro para hu\u00e9spedes extranjeros en Alemania","isPartOf":{"@id":"https:\/\/auslaenderaemter.com\/#website"},"primaryImageOfPage":{"@id":"https:\/\/auslaenderaemter.com\/versicherungen-fuer-auslaendische-gaeste\/#primaryimage"},"image":{"@id":"https:\/\/auslaenderaemter.com\/versicherungen-fuer-auslaendische-gaeste\/#primaryimage"},"thumbnailUrl":"https:\/\/auslaenderaemter.com\/wp-content\/uploads\/2021\/02\/couple-1030744_640.jpg","datePublished":"2021-02-23T23:10:55+00:00","dateModified":"2021-03-15T20:48:15+00:00","description":"El seguro para hu\u00e9spedes extranjeros lo protege de los altos costos y asegura su estad\u00eda en Alemania.","breadcrumb":{"@id":"https:\/\/auslaenderaemter.com\/versicherungen-fuer-auslaendische-gaeste\/#breadcrumb"},"inLanguage":"es","potentialAction":[{"@type":"ReadAction","target":["https:\/\/auslaenderaemter.com\/versicherungen-fuer-auslaendische-gaeste\/"]}]},{"@type":"ImageObject","inLanguage":"es","@id":"https:\/\/auslaenderaemter.com\/versicherungen-fuer-auslaendische-gaeste\/#primaryimage","url":"https:\/\/auslaenderaemter.com\/wp-content\/uploads\/2021\/02\/couple-1030744_640.jpg","contentUrl":"https:\/\/auslaenderaemter.com\/wp-content\/uploads\/2021\/02\/couple-1030744_640.jpg","width":640,"height":426,"caption":"Versicherung f\u00fcr ausl\u00e4ndische G\u00e4ste"},{"@type":"BreadcrumbList","@id":"https:\/\/auslaenderaemter.com\/versicherungen-fuer-auslaendische-gaeste\/#breadcrumb","itemListElement":[{"@type":"ListItem","position":1,"name":"Startseite","item":"https:\/\/auslaenderaemter.com\/"},{"@type":"ListItem","position":2,"name":"Versicherungen f\u00fcr ausl\u00e4ndische G\u00e4ste"}]},{"@type":"WebSite","@id":"https:\/\/auslaenderaemter.com\/#website","url":"https:\/\/auslaenderaemter.com\/","name":"auslaenderaemter.com","description":"","publisher":{"@id":"https:\/\/auslaenderaemter.com\/#organization"},"potentialAction":[{"@type":"SearchAction","target":{"@type":"EntryPoint","urlTemplate":"https:\/\/auslaenderaemter.com\/?s={search_term_string}"},"query-input":{"@type":"PropertyValueSpecification","valueRequired":true,"valueName":"search_term_string"}}],"inLanguage":"es"},{"@type":"Organization","@id":"https:\/\/auslaenderaemter.com\/#organization","name":"auslaenderaemter.com","url":"https:\/\/auslaenderaemter.com\/","logo":{"@type":"ImageObject","inLanguage":"es","@id":"https:\/\/auslaenderaemter.com\/#\/schema\/logo\/image\/","url":"https:\/\/auslaenderaemter.com\/wp-content\/uploads\/2021\/01\/cropped-Vollmond-info-13.png","contentUrl":"https:\/\/auslaenderaemter.com\/wp-content\/uploads\/2021\/01\/cropped-Vollmond-info-13.png","width":500,"height":117,"caption":"auslaenderaemter.com"},"image":{"@id":"https:\/\/auslaenderaemter.com\/#\/schema\/logo\/image\/"}}]}},"_links":{"self":[{"href":"https:\/\/auslaenderaemter.com\/es\/wp-json\/wp\/v2\/pages\/3081","targetHints":{"allow":["GET"]}}],"collection":[{"href":"https:\/\/auslaenderaemter.com\/es\/wp-json\/wp\/v2\/pages"}],"about":[{"href":"https:\/\/auslaenderaemter.com\/es\/wp-json\/wp\/v2\/types\/page"}],"author":[{"embeddable":true,"href":"https:\/\/auslaenderaemter.com\/es\/wp-json\/wp\/v2\/users\/1"}],"replies":[{"embeddable":true,"href":"https:\/\/auslaenderaemter.com\/es\/wp-json\/wp\/v2\/comments?post=3081"}],"version-history":[{"count":0,"href":"https:\/\/auslaenderaemter.com\/es\/wp-json\/wp\/v2\/pages\/3081\/revisions"}],"wp:featuredmedia":[{"embeddable":true,"href":"https:\/\/auslaenderaemter.com\/es\/wp-json\/wp\/v2\/media\/3087"}],"wp:attachment":[{"href":"https:\/\/auslaenderaemter.com\/es\/wp-json\/wp\/v2\/media?parent=3081"}],"curies":[{"name":"wp","href":"https:\/\/api.w.org\/{rel}","templated":true}]}}