{"id":3111,"date":"2021-03-15T20:27:21","date_gmt":"2021-03-15T19:27:21","guid":{"rendered":"https:\/\/auslaenderaemter.com\/?page_id=3111"},"modified":"2021-03-15T21:29:27","modified_gmt":"2021-03-15T20:29:27","slug":"fiktionsbescheinigung","status":"publish","type":"page","link":"https:\/\/auslaenderaemter.com\/es\/certificado-de-ficcion\/","title":{"rendered":"certificado de ficci\u00f3n"},"content":{"rendered":"<figure id=\"attachment_3120\" aria-describedby=\"caption-attachment-3120\" style=\"width: 600px\" class=\"wp-caption aligncenter\"><img fetchpriority=\"high\" decoding=\"async\" class=\"wp-image-3120 size-full\" src=\"https:\/\/auslaenderaemter.com\/wp-content\/uploads\/2021\/03\/IMG_5064-min-e1615834936619.png\" alt=\"certificado de ficci\u00f3n\" width=\"600\" height=\"338\" \/><figcaption id=\"caption-attachment-3120\" class=\"wp-caption-text\">Un certificado ficticio se aplica a los extranjeros que residen legalmente en Alemania y que est\u00e1n esperando que se emita un permiso de residencia.<\/figcaption><\/figure>\n<p>Siempre que se trate de un pedido <a href=\"https:\/\/auslaenderaemter.com\/es\/permiso-de-residencia-2\/\">permiso de residencia<\/a> <strong>no todav\u00eda <\/strong>Si se tom\u00f3 una decisi\u00f3n porque a\u00fan no se cumplen ciertos requisitos previos para esta decisi\u00f3n, se puede emitir un certificado ficticio bajo ciertas circunstancias. Es habitual que este certificado se emita para el per\u00edodo en el que la solicitud est\u00e1 siendo examinada por las autoridades de inmigraci\u00f3n.<\/p>\n<h2>\u00bfQu\u00e9 es un certificado ficticio?<\/h2>\n<p>Un certificado ficticio act\u00faa como prueba de una <strong>derecho de residencia provisional<\/strong> para los extranjeros que viven en Alemania. Este certificado suele expedirse para el per\u00edodo en el que las autoridades de inmigraci\u00f3n competentes examinan la solicitud de permiso de residencia. En este contexto, el t\u00e9rmino \u201cficci\u00f3n\u201d describe una ficci\u00f3n jur\u00eddica en relaci\u00f3n con la existencia continuada del anterior derecho de residencia.<\/p>\n<h2>Las condiciones<\/h2>\n<p>Para que un certificado ficticio sea legal, debe haber sido emitido en un momento en que la concesi\u00f3n o pr\u00f3rroga del permiso de residencia todav\u00eda era legal. En otras palabras, un permiso de residencia v\u00e1lido a\u00fan debe estar disponible en el momento de presentar la solicitud, o el solicitante debe residir legalmente en Alemania sin una visa debido a su nacionalidad. No debe olvidarse que el certificado ficticio no es un permiso de residencia en sentido estricto, sino que solo representa la prueba de la existencia de un derecho de residencia temporal.<\/p>\n<h2>Documentos requeridos<\/h2>\n<p>Para que se le emita un certificado ficticio, debe presentar un pasaporte v\u00e1lido o un sustituto del pasaporte. Si est\u00e1 en posesi\u00f3n de un permiso de residencia anterior, como un permiso de residencia electr\u00f3nico, tambi\u00e9n debe traerlo con usted. Adem\u00e1s, debe estar disponible un certificado de confirmaci\u00f3n de registro o, alternativamente, de un arrendamiento.<\/p>\n<h3>Costos<\/h3>\n<p>De acuerdo con el \u00a7 47 p\u00e1rrafo 1 n\u00famero 8 de <a href=\"https:\/\/www.gesetze-im-internet.de\/aufenthv\/__47.html\" target=\"_blank\" rel=\"noopener\">Ordenanza de Residencia<\/a> se cobrar\u00e1 a partir del 1 de septiembre de 2017 <strong>13euros<\/strong> por<strong> adulto<\/strong> y <strong>10 euros <\/strong>por<strong> menores<\/strong> cobrado por la emisi\u00f3n de un certificado ficticio. Sin embargo, varios grupos de personas est\u00e1n exentos de esta tarifa. Estos incluyen solicitantes de asilo y refugiados reconocidos, ciudadanos turcos, estudiantes que reciben una beca financiada con fondos p\u00fablicos y sus familiares, ciudadanos suizos y otros grupos de personas.<\/p>\n<h3>Tiempo de procesamiento<\/h3>\n<p>El tiempo de procesamiento del certificado ficticio es muy corto. Lo recibir\u00e1 directamente cuando visite la autoridad competente si trae consigo los documentos necesarios y cumple con los requisitos para una exhibici\u00f3n. Pero, \u00bfcu\u00e1l es la forma adecuada de permiso de residencia y qu\u00e9 permisos de residencia existen?<\/p>\n<h3>\u00bfSe puede viajar con un certificado ficticio?<\/h3>\n<p>En principio, es posible viajar con un certificado ficticio, ya que puede volver a entrar en Alemania con dicho certificado en cualquier momento. Sin embargo, debe ponerse en contacto con el <a href=\"https:\/\/botschaft-konsulat.de\/\" target=\"_blank\" rel=\"noopener\">Embajada del respectivo pa\u00eds de viaje<\/a> sobre eso <strong>preguntar<\/strong>si se permite la entrada y salida con un certificado ficticio. Si tiene una tolerancia o permiso ficticio, no puede viajar al extranjero con \u00e9l.<\/p>\n<ul>\n<li><strong>\u00bfEst\u00e1s esperando visitas del extranjero?<\/strong>\u00a0Con un\u00a0<a href=\"https:\/\/auslaenderaemter.com\/es\/seguro-para-huespedes-extranjeros\/\">Seguro para hu\u00e9spedes extranjeros<\/a>* est\u00e1s totalmente protegido en Alemania y Europa.<\/li>\n<\/ul>\n<h3>M\u00e1s enlaces y fuentes<\/h3>\n<ul>\n<li><a href=\"https:\/\/auslaenderaemter.com\/es\/\">Autoridades de inmigraci\u00f3n en Alemania<\/a><\/li>\n<\/ul>","protected":false},"excerpt":{"rendered":"<p>Cuando a\u00fan no se ha tomado una decisi\u00f3n sobre un permiso de residencia que se ha solicitado porque a\u00fan no se han cumplido ciertos requisitos para esta decisi\u00f3n, a veces se puede emitir el llamado certificado ficticio. Es habitual que este certificado se emita para el per\u00edodo en el que la solicitud est\u00e1 siendo examinada por las autoridades de inmigraci\u00f3n. \u00bfQu\u00e9 es un certificado ficticio? Un certificado ficticio\u2026&nbsp;<a href=\"https:\/\/auslaenderaemter.com\/es\/certificado-de-ficcion\/\" rel=\"bookmark\">Leer m\u00e1s &quot;<span class=\"screen-reader-text\">certificado de ficci\u00f3n<\/span><\/a><\/p>","protected":false},"author":1,"featured_media":3120,"parent":0,"menu_order":0,"comment_status":"closed","ping_status":"closed","template":"","meta":{"neve_meta_sidebar":"full-width","neve_meta_container":"","neve_meta_enable_content_width":"on","neve_meta_content_width":100,"neve_meta_title_alignment":"","neve_meta_author_avatar":"","neve_post_elements_order":"","neve_meta_disable_header":"","neve_meta_disable_footer":"","neve_meta_disable_title":"","neve_meta_reading_time":"","footnotes":""},"class_list":["post-3111","page","type-page","status-publish","has-post-thumbnail","hentry"],"yoast_head":"<!-- This site is optimized with the Yoast SEO plugin v27.4 - https:\/\/yoast.com\/product\/yoast-seo-wordpress\/ -->\n<title>Die Fiktionsbescheinigung - auslaenderaemter.com<\/title>\n<meta name=\"description\" content=\"Eine Fiktionsbescheinigung fungiert als Nachweis eines vorl\u00e4ufigen Aufenthaltsrechts f\u00fcr in Deutschland lebende Ausl\u00e4nder.\" \/>\n<meta name=\"robots\" content=\"index, follow, max-snippet:-1, max-image-preview:large, max-video-preview:-1\" \/>\n<link rel=\"canonical\" href=\"https:\/\/auslaenderaemter.com\/es\/certificado-de-ficcion\/\" \/>\n<meta property=\"og:locale\" content=\"es_ES\" \/>\n<meta property=\"og:type\" content=\"article\" \/>\n<meta property=\"og:title\" content=\"Die Fiktionsbescheinigung - auslaenderaemter.com\" \/>\n<meta property=\"og:description\" content=\"Eine Fiktionsbescheinigung fungiert als Nachweis eines vorl\u00e4ufigen Aufenthaltsrechts f\u00fcr in Deutschland lebende Ausl\u00e4nder.\" \/>\n<meta property=\"og:url\" content=\"https:\/\/auslaenderaemter.com\/es\/certificado-de-ficcion\/\" \/>\n<meta property=\"og:site_name\" content=\"auslaenderaemter.com\" \/>\n<meta property=\"article:modified_time\" content=\"2021-03-15T20:29:27+00:00\" \/>\n<meta property=\"og:image\" content=\"https:\/\/auslaenderaemter.com\/wp-content\/uploads\/2021\/03\/IMG_5064-min-e1615834936619.png\" \/>\n\t<meta property=\"og:image:width\" content=\"600\" \/>\n\t<meta property=\"og:image:height\" content=\"338\" \/>\n\t<meta property=\"og:image:type\" content=\"image\/png\" \/>\n<meta name=\"twitter:card\" content=\"summary_large_image\" \/>\n<meta name=\"twitter:label1\" content=\"Tiempo de lectura\" \/>\n\t<meta name=\"twitter:data1\" content=\"3 minutos\" \/>\n<script type=\"application\/ld+json\" class=\"yoast-schema-graph\">{\"@context\":\"https:\\\/\\\/schema.org\",\"@graph\":[{\"@type\":\"WebPage\",\"@id\":\"https:\\\/\\\/auslaenderaemter.com\\\/fiktionsbescheinigung\\\/\",\"url\":\"https:\\\/\\\/auslaenderaemter.com\\\/fiktionsbescheinigung\\\/\",\"name\":\"Die Fiktionsbescheinigung - auslaenderaemter.com\",\"isPartOf\":{\"@id\":\"https:\\\/\\\/auslaenderaemter.com\\\/#website\"},\"primaryImageOfPage\":{\"@id\":\"https:\\\/\\\/auslaenderaemter.com\\\/fiktionsbescheinigung\\\/#primaryimage\"},\"image\":{\"@id\":\"https:\\\/\\\/auslaenderaemter.com\\\/fiktionsbescheinigung\\\/#primaryimage\"},\"thumbnailUrl\":\"https:\\\/\\\/auslaenderaemter.com\\\/wp-content\\\/uploads\\\/2021\\\/03\\\/IMG_5064-min-e1615834936619.png\",\"datePublished\":\"2021-03-15T19:27:21+00:00\",\"dateModified\":\"2021-03-15T20:29:27+00:00\",\"description\":\"Eine Fiktionsbescheinigung fungiert als Nachweis eines vorl\u00e4ufigen Aufenthaltsrechts f\u00fcr in Deutschland lebende Ausl\u00e4nder.\",\"breadcrumb\":{\"@id\":\"https:\\\/\\\/auslaenderaemter.com\\\/fiktionsbescheinigung\\\/#breadcrumb\"},\"inLanguage\":\"es\",\"potentialAction\":[{\"@type\":\"ReadAction\",\"target\":[\"https:\\\/\\\/auslaenderaemter.com\\\/fiktionsbescheinigung\\\/\"]}]},{\"@type\":\"ImageObject\",\"inLanguage\":\"es\",\"@id\":\"https:\\\/\\\/auslaenderaemter.com\\\/fiktionsbescheinigung\\\/#primaryimage\",\"url\":\"https:\\\/\\\/auslaenderaemter.com\\\/wp-content\\\/uploads\\\/2021\\\/03\\\/IMG_5064-min-e1615834936619.png\",\"contentUrl\":\"https:\\\/\\\/auslaenderaemter.com\\\/wp-content\\\/uploads\\\/2021\\\/03\\\/IMG_5064-min-e1615834936619.png\",\"width\":600,\"height\":338,\"caption\":\"Fiktionsbescheinigung\"},{\"@type\":\"BreadcrumbList\",\"@id\":\"https:\\\/\\\/auslaenderaemter.com\\\/fiktionsbescheinigung\\\/#breadcrumb\",\"itemListElement\":[{\"@type\":\"ListItem\",\"position\":1,\"name\":\"Startseite\",\"item\":\"https:\\\/\\\/auslaenderaemter.com\\\/\"},{\"@type\":\"ListItem\",\"position\":2,\"name\":\"Fiktionsbescheinigung\"}]},{\"@type\":\"WebSite\",\"@id\":\"https:\\\/\\\/auslaenderaemter.com\\\/#website\",\"url\":\"https:\\\/\\\/auslaenderaemter.com\\\/\",\"name\":\"auslaenderaemter.com\",\"description\":\"\",\"publisher\":{\"@id\":\"https:\\\/\\\/auslaenderaemter.com\\\/#organization\"},\"potentialAction\":[{\"@type\":\"SearchAction\",\"target\":{\"@type\":\"EntryPoint\",\"urlTemplate\":\"https:\\\/\\\/auslaenderaemter.com\\\/?s={search_term_string}\"},\"query-input\":{\"@type\":\"PropertyValueSpecification\",\"valueRequired\":true,\"valueName\":\"search_term_string\"}}],\"inLanguage\":\"es\"},{\"@type\":\"Organization\",\"@id\":\"https:\\\/\\\/auslaenderaemter.com\\\/#organization\",\"name\":\"auslaenderaemter.com\",\"url\":\"https:\\\/\\\/auslaenderaemter.com\\\/\",\"logo\":{\"@type\":\"ImageObject\",\"inLanguage\":\"es\",\"@id\":\"https:\\\/\\\/auslaenderaemter.com\\\/#\\\/schema\\\/logo\\\/image\\\/\",\"url\":\"https:\\\/\\\/auslaenderaemter.com\\\/wp-content\\\/uploads\\\/2021\\\/01\\\/cropped-Vollmond-info-13.png\",\"contentUrl\":\"https:\\\/\\\/auslaenderaemter.com\\\/wp-content\\\/uploads\\\/2021\\\/01\\\/cropped-Vollmond-info-13.png\",\"width\":500,\"height\":117,\"caption\":\"auslaenderaemter.com\"},\"image\":{\"@id\":\"https:\\\/\\\/auslaenderaemter.com\\\/#\\\/schema\\\/logo\\\/image\\\/\"}}]}<\/script>\n<!-- \/ Yoast SEO plugin. -->","yoast_head_json":{"title":"El certificado ficticio - auslaenderaemter.com","description":"Un certificado ficticio act\u00faa como prueba de un derecho de residencia provisional para los extranjeros que viven en Alemania.","robots":{"index":"index","follow":"follow","max-snippet":"max-snippet:-1","max-image-preview":"max-image-preview:large","max-video-preview":"max-video-preview:-1"},"canonical":"https:\/\/auslaenderaemter.com\/es\/certificado-de-ficcion\/","og_locale":"es_ES","og_type":"article","og_title":"Die Fiktionsbescheinigung - auslaenderaemter.com","og_description":"Eine Fiktionsbescheinigung fungiert als Nachweis eines vorl\u00e4ufigen Aufenthaltsrechts f\u00fcr in Deutschland lebende Ausl\u00e4nder.","og_url":"https:\/\/auslaenderaemter.com\/es\/certificado-de-ficcion\/","og_site_name":"auslaenderaemter.com","article_modified_time":"2021-03-15T20:29:27+00:00","og_image":[{"width":600,"height":338,"url":"https:\/\/auslaenderaemter.com\/wp-content\/uploads\/2021\/03\/IMG_5064-min-e1615834936619.png","type":"image\/png"}],"twitter_card":"summary_large_image","twitter_misc":{"Tiempo de lectura":"3 minutos"},"schema":{"@context":"https:\/\/schema.org","@graph":[{"@type":"WebPage","@id":"https:\/\/auslaenderaemter.com\/fiktionsbescheinigung\/","url":"https:\/\/auslaenderaemter.com\/fiktionsbescheinigung\/","name":"El certificado ficticio - auslaenderaemter.com","isPartOf":{"@id":"https:\/\/auslaenderaemter.com\/#website"},"primaryImageOfPage":{"@id":"https:\/\/auslaenderaemter.com\/fiktionsbescheinigung\/#primaryimage"},"image":{"@id":"https:\/\/auslaenderaemter.com\/fiktionsbescheinigung\/#primaryimage"},"thumbnailUrl":"https:\/\/auslaenderaemter.com\/wp-content\/uploads\/2021\/03\/IMG_5064-min-e1615834936619.png","datePublished":"2021-03-15T19:27:21+00:00","dateModified":"2021-03-15T20:29:27+00:00","description":"Un certificado ficticio act\u00faa como prueba de un derecho de residencia provisional para los extranjeros que viven en Alemania.","breadcrumb":{"@id":"https:\/\/auslaenderaemter.com\/fiktionsbescheinigung\/#breadcrumb"},"inLanguage":"es","potentialAction":[{"@type":"ReadAction","target":["https:\/\/auslaenderaemter.com\/fiktionsbescheinigung\/"]}]},{"@type":"ImageObject","inLanguage":"es","@id":"https:\/\/auslaenderaemter.com\/fiktionsbescheinigung\/#primaryimage","url":"https:\/\/auslaenderaemter.com\/wp-content\/uploads\/2021\/03\/IMG_5064-min-e1615834936619.png","contentUrl":"https:\/\/auslaenderaemter.com\/wp-content\/uploads\/2021\/03\/IMG_5064-min-e1615834936619.png","width":600,"height":338,"caption":"Fiktionsbescheinigung"},{"@type":"BreadcrumbList","@id":"https:\/\/auslaenderaemter.com\/fiktionsbescheinigung\/#breadcrumb","itemListElement":[{"@type":"ListItem","position":1,"name":"Startseite","item":"https:\/\/auslaenderaemter.com\/"},{"@type":"ListItem","position":2,"name":"Fiktionsbescheinigung"}]},{"@type":"WebSite","@id":"https:\/\/auslaenderaemter.com\/#website","url":"https:\/\/auslaenderaemter.com\/","name":"auslaenderaemter.com","description":"","publisher":{"@id":"https:\/\/auslaenderaemter.com\/#organization"},"potentialAction":[{"@type":"SearchAction","target":{"@type":"EntryPoint","urlTemplate":"https:\/\/auslaenderaemter.com\/?s={search_term_string}"},"query-input":{"@type":"PropertyValueSpecification","valueRequired":true,"valueName":"search_term_string"}}],"inLanguage":"es"},{"@type":"Organization","@id":"https:\/\/auslaenderaemter.com\/#organization","name":"auslaenderaemter.com","url":"https:\/\/auslaenderaemter.com\/","logo":{"@type":"ImageObject","inLanguage":"es","@id":"https:\/\/auslaenderaemter.com\/#\/schema\/logo\/image\/","url":"https:\/\/auslaenderaemter.com\/wp-content\/uploads\/2021\/01\/cropped-Vollmond-info-13.png","contentUrl":"https:\/\/auslaenderaemter.com\/wp-content\/uploads\/2021\/01\/cropped-Vollmond-info-13.png","width":500,"height":117,"caption":"auslaenderaemter.com"},"image":{"@id":"https:\/\/auslaenderaemter.com\/#\/schema\/logo\/image\/"}}]}},"_links":{"self":[{"href":"https:\/\/auslaenderaemter.com\/es\/wp-json\/wp\/v2\/pages\/3111","targetHints":{"allow":["GET"]}}],"collection":[{"href":"https:\/\/auslaenderaemter.com\/es\/wp-json\/wp\/v2\/pages"}],"about":[{"href":"https:\/\/auslaenderaemter.com\/es\/wp-json\/wp\/v2\/types\/page"}],"author":[{"embeddable":true,"href":"https:\/\/auslaenderaemter.com\/es\/wp-json\/wp\/v2\/users\/1"}],"replies":[{"embeddable":true,"href":"https:\/\/auslaenderaemter.com\/es\/wp-json\/wp\/v2\/comments?post=3111"}],"version-history":[{"count":0,"href":"https:\/\/auslaenderaemter.com\/es\/wp-json\/wp\/v2\/pages\/3111\/revisions"}],"wp:featuredmedia":[{"embeddable":true,"href":"https:\/\/auslaenderaemter.com\/es\/wp-json\/wp\/v2\/media\/3120"}],"wp:attachment":[{"href":"https:\/\/auslaenderaemter.com\/es\/wp-json\/wp\/v2\/media?parent=3111"}],"curies":[{"name":"wp","href":"https:\/\/api.w.org\/{rel}","templated":true}]}}