{"id":3114,"date":"2021-03-15T20:52:29","date_gmt":"2021-03-15T19:52:29","guid":{"rendered":"https:\/\/auslaenderaemter.com\/?page_id=3114"},"modified":"2023-06-12T16:54:25","modified_gmt":"2023-06-12T14:54:25","slug":"aufenthaltstitel","status":"publish","type":"page","link":"https:\/\/auslaenderaemter.com\/es\/permiso-de-residencia-2\/","title":{"rendered":"permiso de residencia"},"content":{"rendered":"<p><img fetchpriority=\"high\" decoding=\"async\" class=\"aligncenter wp-image-3152 size-full\" src=\"https:\/\/auslaenderaemter.com\/wp-content\/uploads\/2021\/03\/Zwischen\u00fcberschrift-hinzu F\u00fcgen-1.png\" alt=\"permiso de residencia\" width=\"600\" height=\"400\" srcset=\"\" sizes=\"(max-width: 600px) 100vw, 600px\" data-srcset=\"\" \/><\/p>\n<p>Cualquier persona que desee ingresar a Alemania como ciudadano extranjero o como ciudadano de un pa\u00eds no perteneciente a la UE generalmente necesita un permiso para hacerlo. Este permiso toma la forma de un llamado permiso de residencia. Total all\u00ed<strong> siete diferentes <\/strong>permiso de residencia<strong>,<\/strong> que se basan, entre otras cosas, en el motivo de su estancia en Alemania. Pero, \u00bfqu\u00e9 forma de permiso de residencia es la adecuada para usted y cu\u00e1les existen realmente?<\/p>\n<h2>Encuentre el permiso de residencia adecuado<\/h2>\n<p>En principio, un permiso de residencia da derecho al nacional de un tercer pa\u00eds a residir en Alemania. Un tercer pa\u00eds significa todos aquellos pa\u00edses que <a href=\"https:\/\/ec.europa.eu\/taxation_customs\/business\/calculation-customs-duties\/rules-origin\/introduction\/list-noneu-countries_de\" target=\"_blank\" rel=\"noopener\">no pertenecen a la union europea<\/a>. Los siete t\u00edtulos existentes se diferencian principalmente en cuanto a su objeto, su per\u00edodo de validez y sus requisitos.<\/p>\n<p>La pregunta principal que debe hacerse con respecto al permiso de residencia correcto es por qu\u00e9 viaja a Alemania. Por ejemplo, si desea quedarse por un per\u00edodo de tiempo limitado y comparativamente corto, por ejemplo, por vacaciones, un semestre de invitado o una visita, entonces necesita una visa. Si planea quedarse en Alemania con fines de formaci\u00f3n, trabajo o por razones humanitarias o pol\u00edticas, entonces el <a href=\"https:\/\/auslaenderaemter.com\/es\/permiso-de-residencia\/\">permiso de residencia<\/a> el permiso de residencia adecuado para usted. Un permiso de residencia siempre se expide para un prop\u00f3sito espec\u00edfico.<\/p>\n<p>En relaci\u00f3n con motivos profesionales para permanecer en Alemania, tambi\u00e9n existe la tarjeta azul de la UE o la tarjeta ICT. Si quieres vivir permanentemente en Alemania o en la UE, necesitas uno <a href=\"https:\/\/auslaenderaemter.com\/es\/permiso-de-residencia-permanente\/\">permiso de residencia permanente<\/a> o un permiso de residencia permanente.<\/p>\n<p><strong>Estos permisos de residencia est\u00e1n disponibles en Alemania:<\/strong><\/p>\n<ul>\n<li>el permiso de residencia<\/li>\n<li>Permiso de residencia permanente en la UE<\/li>\n<li>la tarjeta azul de la UE<\/li>\n<li>el permiso de asentamiento<\/li>\n<li>la tarjeta tic<\/li>\n<li>la tarjeta TIC m\u00f3vil<\/li>\n<li>la visa<\/li>\n<\/ul>\n<h2>El permiso de residencia electr\u00f3nico (eAT)<\/h2>\n<p>Un permiso de residencia electr\u00f3nico (eAT) es un documento emitido en formato de tarjeta de cr\u00e9dito en el que se almacenan sus datos personales, sus caracter\u00edsticas biom\u00e9tricas y cualquier condici\u00f3n a trav\u00e9s de un medio de almacenamiento electr\u00f3nico. Debido a estas propiedades, el permiso de residencia electr\u00f3nico tambi\u00e9n se puede utilizar como un documento en l\u00ednea, por ejemplo, para hacer uso de servicios oficiales o servicios comerciales.<\/p>\n<p>Desde 2011, los permisos de residencia generalmente solo se emiten en formato electr\u00f3nico.<\/p>\n<ul>\n<li><strong>\u00bfEst\u00e1s esperando visitas del extranjero?<\/strong> Con un <a href=\"https:\/\/auslaenderaemter.com\/es\/seguro-para-huespedes-extranjeros\/\">Seguro para hu\u00e9spedes extranjeros<\/a>\u00a0est\u00e1 totalmente protegido en Alemania y Europa.<\/li>\n<\/ul>\n<h3>M\u00e1s lejos<span class=\"ez-toc-section\">\u00a0<\/span>enlaces y fuentes<\/h3>\n<ul>\n<li><a href=\"https:\/\/auslaenderaemter.com\/es\/\" data-wpel-link=\"internal\">Oficinas de inmigraci\u00f3n en Alemania<\/a><\/li>\n<li><a href=\"https:\/\/auslaenderaemter.com\/es\/certificado-de-ficcion\/\">certificado de ficci\u00f3n<\/a><\/li>\n<\/ul>","protected":false},"excerpt":{"rendered":"<p>Cualquier persona que desee ingresar a Alemania como ciudadano extranjero o como ciudadano de un pa\u00eds no perteneciente a la UE generalmente necesita un permiso para hacerlo. Este permiso toma la forma de un llamado permiso de residencia. Hay un total de siete t\u00edtulos de residencia diferentes, que se basan, entre otras cosas, en el motivo de su estancia en Alemania. Pero, \u00bfqu\u00e9 tipo de permiso de residencia es el adecuado para usted...&nbsp;<a href=\"https:\/\/auslaenderaemter.com\/es\/permiso-de-residencia-2\/\" rel=\"bookmark\">Leer m\u00e1s &quot;<span class=\"screen-reader-text\">permiso de residencia<\/span><\/a><\/p>","protected":false},"author":1,"featured_media":3152,"parent":0,"menu_order":0,"comment_status":"closed","ping_status":"closed","template":"","meta":{"neve_meta_sidebar":"full-width","neve_meta_container":"","neve_meta_enable_content_width":"on","neve_meta_content_width":100,"neve_meta_title_alignment":"","neve_meta_author_avatar":"","neve_post_elements_order":"","neve_meta_disable_header":"","neve_meta_disable_footer":"","neve_meta_disable_title":"","neve_meta_reading_time":"","footnotes":""},"class_list":["post-3114","page","type-page","status-publish","has-post-thumbnail","hentry"],"yoast_head":"<!-- This site is optimized with the Yoast SEO plugin v27.4 - https:\/\/yoast.com\/product\/yoast-seo-wordpress\/ -->\n<title>Den passenden Aufenthaltstitel finden - auslaenderaemter.com<\/title>\n<meta name=\"description\" content=\"Ein Aufenthaltstitel berechtigt den Angeh\u00f6rigen eines Drittstaates dazu, sich in Deutschland aufzuhalten. Doch welcher ist der passende?\" \/>\n<meta name=\"robots\" content=\"index, follow, max-snippet:-1, max-image-preview:large, max-video-preview:-1\" \/>\n<link rel=\"canonical\" href=\"https:\/\/auslaenderaemter.com\/es\/permiso-de-residencia-2\/\" \/>\n<meta property=\"og:locale\" content=\"es_ES\" \/>\n<meta property=\"og:type\" content=\"article\" \/>\n<meta property=\"og:title\" content=\"Den passenden Aufenthaltstitel finden - auslaenderaemter.com\" \/>\n<meta property=\"og:description\" content=\"Ein Aufenthaltstitel berechtigt den Angeh\u00f6rigen eines Drittstaates dazu, sich in Deutschland aufzuhalten. Doch welcher ist der passende?\" \/>\n<meta property=\"og:url\" content=\"https:\/\/auslaenderaemter.com\/es\/permiso-de-residencia-2\/\" \/>\n<meta property=\"og:site_name\" content=\"auslaenderaemter.com\" \/>\n<meta property=\"article:modified_time\" content=\"2023-06-12T14:54:25+00:00\" \/>\n<meta property=\"og:image\" content=\"https:\/\/auslaenderaemter.com\/wp-content\/uploads\/2021\/03\/Zwischenu\u0308berschrift-hinzufu\u0308gen-1.png\" \/>\n\t<meta property=\"og:image:width\" content=\"600\" \/>\n\t<meta property=\"og:image:height\" content=\"400\" \/>\n\t<meta property=\"og:image:type\" content=\"image\/png\" \/>\n<meta name=\"twitter:card\" content=\"summary_large_image\" \/>\n<meta name=\"twitter:label1\" content=\"Tiempo de lectura\" \/>\n\t<meta name=\"twitter:data1\" content=\"3 minutos\" \/>\n<script type=\"application\/ld+json\" class=\"yoast-schema-graph\">{\"@context\":\"https:\\\/\\\/schema.org\",\"@graph\":[{\"@type\":\"WebPage\",\"@id\":\"https:\\\/\\\/auslaenderaemter.com\\\/aufenthaltstitel\\\/\",\"url\":\"https:\\\/\\\/auslaenderaemter.com\\\/aufenthaltstitel\\\/\",\"name\":\"Den passenden Aufenthaltstitel finden - auslaenderaemter.com\",\"isPartOf\":{\"@id\":\"https:\\\/\\\/auslaenderaemter.com\\\/#website\"},\"primaryImageOfPage\":{\"@id\":\"https:\\\/\\\/auslaenderaemter.com\\\/aufenthaltstitel\\\/#primaryimage\"},\"image\":{\"@id\":\"https:\\\/\\\/auslaenderaemter.com\\\/aufenthaltstitel\\\/#primaryimage\"},\"thumbnailUrl\":\"https:\\\/\\\/auslaenderaemter.com\\\/wp-content\\\/uploads\\\/2021\\\/03\\\/Zwischenu\u0308berschrift-hinzufu\u0308gen-1.png\",\"datePublished\":\"2021-03-15T19:52:29+00:00\",\"dateModified\":\"2023-06-12T14:54:25+00:00\",\"description\":\"Ein Aufenthaltstitel berechtigt den Angeh\u00f6rigen eines Drittstaates dazu, sich in Deutschland aufzuhalten. Doch welcher ist der passende?\",\"breadcrumb\":{\"@id\":\"https:\\\/\\\/auslaenderaemter.com\\\/aufenthaltstitel\\\/#breadcrumb\"},\"inLanguage\":\"es\",\"potentialAction\":[{\"@type\":\"ReadAction\",\"target\":[\"https:\\\/\\\/auslaenderaemter.com\\\/aufenthaltstitel\\\/\"]}]},{\"@type\":\"ImageObject\",\"inLanguage\":\"es\",\"@id\":\"https:\\\/\\\/auslaenderaemter.com\\\/aufenthaltstitel\\\/#primaryimage\",\"url\":\"https:\\\/\\\/auslaenderaemter.com\\\/wp-content\\\/uploads\\\/2021\\\/03\\\/Zwischenu\u0308berschrift-hinzufu\u0308gen-1.png\",\"contentUrl\":\"https:\\\/\\\/auslaenderaemter.com\\\/wp-content\\\/uploads\\\/2021\\\/03\\\/Zwischenu\u0308berschrift-hinzufu\u0308gen-1.png\",\"width\":600,\"height\":400,\"caption\":\"Aufenthaltstitel\"},{\"@type\":\"BreadcrumbList\",\"@id\":\"https:\\\/\\\/auslaenderaemter.com\\\/aufenthaltstitel\\\/#breadcrumb\",\"itemListElement\":[{\"@type\":\"ListItem\",\"position\":1,\"name\":\"Startseite\",\"item\":\"https:\\\/\\\/auslaenderaemter.com\\\/\"},{\"@type\":\"ListItem\",\"position\":2,\"name\":\"Aufenthaltstitel\"}]},{\"@type\":\"WebSite\",\"@id\":\"https:\\\/\\\/auslaenderaemter.com\\\/#website\",\"url\":\"https:\\\/\\\/auslaenderaemter.com\\\/\",\"name\":\"auslaenderaemter.com\",\"description\":\"\",\"publisher\":{\"@id\":\"https:\\\/\\\/auslaenderaemter.com\\\/#organization\"},\"potentialAction\":[{\"@type\":\"SearchAction\",\"target\":{\"@type\":\"EntryPoint\",\"urlTemplate\":\"https:\\\/\\\/auslaenderaemter.com\\\/?s={search_term_string}\"},\"query-input\":{\"@type\":\"PropertyValueSpecification\",\"valueRequired\":true,\"valueName\":\"search_term_string\"}}],\"inLanguage\":\"es\"},{\"@type\":\"Organization\",\"@id\":\"https:\\\/\\\/auslaenderaemter.com\\\/#organization\",\"name\":\"auslaenderaemter.com\",\"url\":\"https:\\\/\\\/auslaenderaemter.com\\\/\",\"logo\":{\"@type\":\"ImageObject\",\"inLanguage\":\"es\",\"@id\":\"https:\\\/\\\/auslaenderaemter.com\\\/#\\\/schema\\\/logo\\\/image\\\/\",\"url\":\"https:\\\/\\\/auslaenderaemter.com\\\/wp-content\\\/uploads\\\/2021\\\/01\\\/cropped-Vollmond-info-13.png\",\"contentUrl\":\"https:\\\/\\\/auslaenderaemter.com\\\/wp-content\\\/uploads\\\/2021\\\/01\\\/cropped-Vollmond-info-13.png\",\"width\":500,\"height\":117,\"caption\":\"auslaenderaemter.com\"},\"image\":{\"@id\":\"https:\\\/\\\/auslaenderaemter.com\\\/#\\\/schema\\\/logo\\\/image\\\/\"}}]}<\/script>\n<!-- \/ Yoast SEO plugin. -->","yoast_head_json":{"title":"Encuentre el permiso de residencia adecuado - auslaenderaemter.com","description":"Un permiso de residencia da derecho al nacional de un tercer pa\u00eds a residir en Alemania. \u00bfPero cu\u00e1l es el correcto?","robots":{"index":"index","follow":"follow","max-snippet":"max-snippet:-1","max-image-preview":"max-image-preview:large","max-video-preview":"max-video-preview:-1"},"canonical":"https:\/\/auslaenderaemter.com\/es\/permiso-de-residencia-2\/","og_locale":"es_ES","og_type":"article","og_title":"Den passenden Aufenthaltstitel finden - auslaenderaemter.com","og_description":"Ein Aufenthaltstitel berechtigt den Angeh\u00f6rigen eines Drittstaates dazu, sich in Deutschland aufzuhalten. Doch welcher ist der passende?","og_url":"https:\/\/auslaenderaemter.com\/es\/permiso-de-residencia-2\/","og_site_name":"auslaenderaemter.com","article_modified_time":"2023-06-12T14:54:25+00:00","og_image":[{"width":600,"height":400,"url":"https:\/\/auslaenderaemter.com\/wp-content\/uploads\/2021\/03\/Zwischenu\u0308berschrift-hinzufu\u0308gen-1.png","type":"image\/png"}],"twitter_card":"summary_large_image","twitter_misc":{"Tiempo de lectura":"3 minutos"},"schema":{"@context":"https:\/\/schema.org","@graph":[{"@type":"WebPage","@id":"https:\/\/auslaenderaemter.com\/aufenthaltstitel\/","url":"https:\/\/auslaenderaemter.com\/aufenthaltstitel\/","name":"Encuentre el permiso de residencia adecuado - auslaenderaemter.com","isPartOf":{"@id":"https:\/\/auslaenderaemter.com\/#website"},"primaryImageOfPage":{"@id":"https:\/\/auslaenderaemter.com\/aufenthaltstitel\/#primaryimage"},"image":{"@id":"https:\/\/auslaenderaemter.com\/aufenthaltstitel\/#primaryimage"},"thumbnailUrl":"https:\/\/auslaenderaemter.com\/wp-content\/uploads\/2021\/03\/Zwischenu\u0308berschrift-hinzufu\u0308gen-1.png","datePublished":"2021-03-15T19:52:29+00:00","dateModified":"2023-06-12T14:54:25+00:00","description":"Un permiso de residencia da derecho al nacional de un tercer pa\u00eds a residir en Alemania. \u00bfPero cu\u00e1l es el correcto?","breadcrumb":{"@id":"https:\/\/auslaenderaemter.com\/aufenthaltstitel\/#breadcrumb"},"inLanguage":"es","potentialAction":[{"@type":"ReadAction","target":["https:\/\/auslaenderaemter.com\/aufenthaltstitel\/"]}]},{"@type":"ImageObject","inLanguage":"es","@id":"https:\/\/auslaenderaemter.com\/aufenthaltstitel\/#primaryimage","url":"https:\/\/auslaenderaemter.com\/wp-content\/uploads\/2021\/03\/Zwischenu\u0308berschrift-hinzufu\u0308gen-1.png","contentUrl":"https:\/\/auslaenderaemter.com\/wp-content\/uploads\/2021\/03\/Zwischenu\u0308berschrift-hinzufu\u0308gen-1.png","width":600,"height":400,"caption":"Aufenthaltstitel"},{"@type":"BreadcrumbList","@id":"https:\/\/auslaenderaemter.com\/aufenthaltstitel\/#breadcrumb","itemListElement":[{"@type":"ListItem","position":1,"name":"Startseite","item":"https:\/\/auslaenderaemter.com\/"},{"@type":"ListItem","position":2,"name":"Aufenthaltstitel"}]},{"@type":"WebSite","@id":"https:\/\/auslaenderaemter.com\/#website","url":"https:\/\/auslaenderaemter.com\/","name":"auslaenderaemter.com","description":"","publisher":{"@id":"https:\/\/auslaenderaemter.com\/#organization"},"potentialAction":[{"@type":"SearchAction","target":{"@type":"EntryPoint","urlTemplate":"https:\/\/auslaenderaemter.com\/?s={search_term_string}"},"query-input":{"@type":"PropertyValueSpecification","valueRequired":true,"valueName":"search_term_string"}}],"inLanguage":"es"},{"@type":"Organization","@id":"https:\/\/auslaenderaemter.com\/#organization","name":"auslaenderaemter.com","url":"https:\/\/auslaenderaemter.com\/","logo":{"@type":"ImageObject","inLanguage":"es","@id":"https:\/\/auslaenderaemter.com\/#\/schema\/logo\/image\/","url":"https:\/\/auslaenderaemter.com\/wp-content\/uploads\/2021\/01\/cropped-Vollmond-info-13.png","contentUrl":"https:\/\/auslaenderaemter.com\/wp-content\/uploads\/2021\/01\/cropped-Vollmond-info-13.png","width":500,"height":117,"caption":"auslaenderaemter.com"},"image":{"@id":"https:\/\/auslaenderaemter.com\/#\/schema\/logo\/image\/"}}]}},"_links":{"self":[{"href":"https:\/\/auslaenderaemter.com\/es\/wp-json\/wp\/v2\/pages\/3114","targetHints":{"allow":["GET"]}}],"collection":[{"href":"https:\/\/auslaenderaemter.com\/es\/wp-json\/wp\/v2\/pages"}],"about":[{"href":"https:\/\/auslaenderaemter.com\/es\/wp-json\/wp\/v2\/types\/page"}],"author":[{"embeddable":true,"href":"https:\/\/auslaenderaemter.com\/es\/wp-json\/wp\/v2\/users\/1"}],"replies":[{"embeddable":true,"href":"https:\/\/auslaenderaemter.com\/es\/wp-json\/wp\/v2\/comments?post=3114"}],"version-history":[{"count":0,"href":"https:\/\/auslaenderaemter.com\/es\/wp-json\/wp\/v2\/pages\/3114\/revisions"}],"wp:featuredmedia":[{"embeddable":true,"href":"https:\/\/auslaenderaemter.com\/es\/wp-json\/wp\/v2\/media\/3152"}],"wp:attachment":[{"href":"https:\/\/auslaenderaemter.com\/es\/wp-json\/wp\/v2\/media?parent=3114"}],"curies":[{"name":"wp","href":"https:\/\/api.w.org\/{rel}","templated":true}]}}