{"id":3115,"date":"2021-03-15T21:23:27","date_gmt":"2021-03-15T20:23:27","guid":{"rendered":"https:\/\/auslaenderaemter.com\/?page_id=3115"},"modified":"2022-07-01T21:54:02","modified_gmt":"2022-07-01T19:54:02","slug":"aufenthaltserlaubnis","status":"publish","type":"page","link":"https:\/\/auslaenderaemter.com\/es\/permiso-de-residencia\/","title":{"rendered":"permiso de residencia"},"content":{"rendered":"<p><img fetchpriority=\"high\" decoding=\"async\" class=\"aligncenter wp-image-3137 size-full\" src=\"https:\/\/auslaenderaemter.com\/wp-content\/uploads\/2021\/03\/visa-3653492_640.jpg\" alt=\"permiso de residencia\" width=\"640\" height=\"393\" srcset=\"https:\/\/auslaenderaemter.com\/wp-content\/uploads\/2021\/03\/visa-3653492_640.jpg 640w, https:\/\/auslaenderaemter.com\/wp-content\/uploads\/2021\/03\/visa-3653492_640-300x184.jpg 300w\" sizes=\"(max-width: 640px) 100vw, 640px\" \/><\/p>\n<p>Uno de los siete t\u00edtulos de residencia que existen en Alemania es el permiso de residencia. Se emitir\u00e1 un permiso de residencia. <strong>temporario<\/strong> y a uno <strong>prop\u00f3sito espec\u00edfico<\/strong> otorgada. Pero, \u00bfen qu\u00e9 casos se puede otorgar un permiso de residencia y d\u00f3nde puede obtener dicho documento?<\/p>\n<h2>\u00bfQu\u00e9 es un permiso de residencia?<\/h2>\n<p>En Alemania, un permiso de residencia es temporal <a href=\"https:\/\/auslaenderaemter.com\/es\/permiso-de-residencia-2\/\">permiso de residencia<\/a> seg\u00fan la Ley de Residencia en vigor desde 2005. El permiso de residencia se expide a los llamados nacionales de terceros pa\u00edses. Es reservado y limitado.<\/p>\n<h2>requisitos<\/h2>\n<p>Los permisos de residencia solo se expiden para un prop\u00f3sito espec\u00edfico. El prop\u00f3sito de esto se establece en detalle en la Ley de Residencia. Los art\u00edculos 16 a 17 de la Ley de residencia, por ejemplo, enumeran las condiciones en las que se aprueba un permiso de residencia con fines de formaci\u00f3n.<\/p>\n<p>Los art\u00edculos 18 y siguientes de la Ley de residencia explican los requisitos para la expedici\u00f3n de permisos de residencia para trabajos remunerados. El permiso para permanecer en Alemania tambi\u00e9n se puede otorgar por razones internacionales, humanitarias o pol\u00edticas en virtud de la Ley de residencia. Adem\u00e1s, es posible que la autorizaci\u00f3n de residencia temporal y con destino fijo se conceda por motivos familiares. La base legal para esto se puede encontrar en las Secciones 27 a 36a de la Ley de Residencia.<\/p>\n<p>Si se va a extender un permiso de residencia, esto solo es posible si las condiciones que exist\u00edan cuando se emiti\u00f3 el permiso por primera vez todav\u00eda se pueden afirmar ahora. No obstante, si ya se ha cumplido el prop\u00f3sito temporal, la autoridad competente tambi\u00e9n puede denegar la pr\u00f3rroga. Los requisitos previos para la extensi\u00f3n de los permisos de residencia tambi\u00e9n pueden incluir que el solicitante haya cumplido con sus obligaciones legales, como completar un curso de integraci\u00f3n.<\/p>\n<h3>\u00bfQui\u00e9n expide el permiso de residencia?<\/h3>\n<p>La persona de contacto para la emisi\u00f3n de un permiso de residencia es la autoridad local <a href=\"https:\/\/auslaenderaemter.com\/es\/\">Ministerio de Relaciones Exteriores<\/a>, ya que las entidades federativas son b\u00e1sicamente las responsables de la aplicaci\u00f3n de las normas que rigen la extranjer\u00eda. Puede completar los formularios correspondientes en l\u00ednea en el sitio web de la Oficina de Inmigraci\u00f3n o recoger el formulario necesario en persona y enviarlo a la oficina por correo despu\u00e9s de completarlo.<\/p>\n<h3>Costos<\/h3>\n<p>Las tarifas para la expedici\u00f3n de un permiso de residencia dependen, entre otras cosas, del per\u00edodo de validez del permiso. Por ejemplo, si se otorga el permiso por hasta <strong>un a\u00f1o<\/strong> otorgado, luego se adjuntan las tarifas <strong>100 euros<\/strong>. \u00bfEl permiso de residencia tiene un per\u00edodo de validez de <strong>m\u00e1s<\/strong> de un a\u00f1o, entonces la exposici\u00f3n cuesta <strong>110euros<\/strong>. Solo permiso de voluntad <strong>extendido<\/strong>, entonces los costos para esto est\u00e1n entre<strong> 65 y 80<\/strong> Euro.<\/p>\n<h3>\u00bfCu\u00e1l es la diferencia entre un t\u00edtulo de residencia y un permiso de residencia?<\/h3>\n<p>Un permiso de residencia da derecho a residir en Alemania a personas de terceros pa\u00edses. En este contexto, el permiso de residencia es uno de los siete t\u00edtulos de residencia existentes en Alemania. El t\u00e9rmino permiso de residencia describe un caso especial de concesi\u00f3n de un permiso de residencia.<\/p>\n<h3>\u00bfSe puede trabajar con permiso de residencia?<\/h3>\n<p>Si ha recibido un permiso de residencia, esto significa <strong>no autom\u00e1ticamente<\/strong>que tambi\u00e9n puedes trabajar en Alemania. M\u00e1s bien, el permiso debe contener expresamente un derecho a un trabajo remunerado. Sin embargo, esta regulaci\u00f3n no se aplica a las personas de los estados de la UE o del EEE ni a las personas de Suiza. Porque se benefician de la llamada libre circulaci\u00f3n de trabajadores.<\/p>\n<p>Son permisos de residencia emitidos por la autoridad competente <strong>con el prop\u00f3sito<\/strong> <strong>De empleo<\/strong> concedido, estos siempre incluyen un permiso de trabajo. La autoridad competente tambi\u00e9n incluye el alcance del empleo permitido en los documentos o lo documenta en una hoja adicional.<\/p>\n<p>Tambi\u00e9n existen t\u00edtulos especiales que le dan derecho a permanecer en Alemania y est\u00e1n expl\u00edcitamente adaptados a una actividad profesional. La tarjeta TIC, la tarjeta TIC m\u00f3vil y la tarjeta azul UE deben mencionarse en este contexto. Estos t\u00edtulos tambi\u00e9n est\u00e1n sujetos a un l\u00edmite de tiempo.<\/p>\n<ul>\n<li><strong>\u00bfEst\u00e1s esperando visitas del extranjero?<\/strong> Con un <a href=\"https:\/\/auslaenderaemter.com\/es\/seguro-para-huespedes-extranjeros\/\">Seguro para hu\u00e9spedes extranjeros<\/a>\u00a0est\u00e1 totalmente protegido en Alemania y Europa.<\/li>\n<\/ul>\n<h3>M\u00e1s lejos<span class=\"ez-toc-section\">\u00a0<\/span>enlaces y fuentes<\/h3>\n<ul>\n<li><a href=\"https:\/\/www.gesetze-im-internet.de\/aufenthg_2004\/\" target=\"_blank\" rel=\"noopener\">Ley de residencia, empleo e integraci\u00f3n de extranjeros en Alemania<\/a> \u2013 gesetze-im-internet.de<\/li>\n<li><a href=\"https:\/\/auslaenderaemter.com\/es\/certificado-de-ficcion\/\">certificado de ficci\u00f3n<\/a><\/li>\n<\/ul>","protected":false},"excerpt":{"rendered":"<p>Uno de los siete t\u00edtulos de residencia que existen en Alemania es el permiso de residencia. Un permiso de residencia se expide por un per\u00edodo limitado y para un prop\u00f3sito espec\u00edfico. Pero, \u00bfen qu\u00e9 casos se puede otorgar un permiso de residencia y d\u00f3nde puede obtener dicho documento? \u00bfQu\u00e9 es un permiso de residencia? En Alemania, un permiso de residencia es un permiso de residencia temporal despu\u00e9s de...&nbsp;<a href=\"https:\/\/auslaenderaemter.com\/es\/permiso-de-residencia\/\" rel=\"bookmark\">Leer m\u00e1s &quot;<span class=\"screen-reader-text\">permiso de residencia<\/span><\/a><\/p>","protected":false},"author":1,"featured_media":3137,"parent":0,"menu_order":0,"comment_status":"closed","ping_status":"closed","template":"","meta":{"neve_meta_sidebar":"","neve_meta_container":"","neve_meta_enable_content_width":"on","neve_meta_content_width":100,"neve_meta_title_alignment":"","neve_meta_author_avatar":"","neve_post_elements_order":"","neve_meta_disable_header":"","neve_meta_disable_footer":"","neve_meta_disable_title":"","neve_meta_reading_time":"","footnotes":""},"class_list":["post-3115","page","type-page","status-publish","has-post-thumbnail","hentry"],"yoast_head":"<!-- This site is optimized with the Yoast SEO plugin v27.4 - https:\/\/yoast.com\/product\/yoast-seo-wordpress\/ -->\n<title>Von wem wird die Aufenthaltserlaubnis erteilt? | auslaenderaemter.com<\/title>\n<meta name=\"description\" content=\"Ansprechpartner f\u00fcr die Erteilung einer Aufenthaltserlaubnis ist die \u00f6rtlich zust\u00e4ndige Ausl\u00e4nderbeh\u00f6rde. Auch dieser Titel unterliegen einer\" \/>\n<meta name=\"robots\" content=\"index, follow, max-snippet:-1, max-image-preview:large, max-video-preview:-1\" \/>\n<link rel=\"canonical\" href=\"https:\/\/auslaenderaemter.com\/es\/permiso-de-residencia\/\" \/>\n<meta property=\"og:locale\" content=\"es_ES\" \/>\n<meta property=\"og:type\" content=\"article\" \/>\n<meta property=\"og:title\" content=\"Von wem wird die Aufenthaltserlaubnis erteilt? | auslaenderaemter.com\" \/>\n<meta property=\"og:description\" content=\"Ansprechpartner f\u00fcr die Erteilung einer Aufenthaltserlaubnis ist die \u00f6rtlich zust\u00e4ndige Ausl\u00e4nderbeh\u00f6rde. Auch dieser Titel unterliegen einer\" \/>\n<meta property=\"og:url\" content=\"https:\/\/auslaenderaemter.com\/es\/permiso-de-residencia\/\" \/>\n<meta property=\"og:site_name\" content=\"auslaenderaemter.com\" \/>\n<meta property=\"article:modified_time\" content=\"2022-07-01T19:54:02+00:00\" \/>\n<meta property=\"og:image\" content=\"https:\/\/auslaenderaemter.com\/wp-content\/uploads\/2021\/03\/visa-3653492_640.jpg\" \/>\n\t<meta property=\"og:image:width\" content=\"640\" \/>\n\t<meta property=\"og:image:height\" content=\"393\" \/>\n\t<meta property=\"og:image:type\" content=\"image\/jpeg\" \/>\n<meta name=\"twitter:card\" content=\"summary_large_image\" \/>\n<meta name=\"twitter:label1\" content=\"Tiempo de lectura\" \/>\n\t<meta name=\"twitter:data1\" content=\"3 minutos\" \/>\n<script type=\"application\/ld+json\" class=\"yoast-schema-graph\">{\"@context\":\"https:\\\/\\\/schema.org\",\"@graph\":[{\"@type\":\"WebPage\",\"@id\":\"https:\\\/\\\/auslaenderaemter.com\\\/aufenthaltserlaubnis\\\/\",\"url\":\"https:\\\/\\\/auslaenderaemter.com\\\/aufenthaltserlaubnis\\\/\",\"name\":\"Von wem wird die Aufenthaltserlaubnis erteilt? | auslaenderaemter.com\",\"isPartOf\":{\"@id\":\"https:\\\/\\\/auslaenderaemter.com\\\/#website\"},\"primaryImageOfPage\":{\"@id\":\"https:\\\/\\\/auslaenderaemter.com\\\/aufenthaltserlaubnis\\\/#primaryimage\"},\"image\":{\"@id\":\"https:\\\/\\\/auslaenderaemter.com\\\/aufenthaltserlaubnis\\\/#primaryimage\"},\"thumbnailUrl\":\"https:\\\/\\\/auslaenderaemter.com\\\/wp-content\\\/uploads\\\/2021\\\/03\\\/visa-3653492_640.jpg\",\"datePublished\":\"2021-03-15T20:23:27+00:00\",\"dateModified\":\"2022-07-01T19:54:02+00:00\",\"description\":\"Ansprechpartner f\u00fcr die Erteilung einer Aufenthaltserlaubnis ist die \u00f6rtlich zust\u00e4ndige Ausl\u00e4nderbeh\u00f6rde. Auch dieser Titel unterliegen einer\",\"breadcrumb\":{\"@id\":\"https:\\\/\\\/auslaenderaemter.com\\\/aufenthaltserlaubnis\\\/#breadcrumb\"},\"inLanguage\":\"es\",\"potentialAction\":[{\"@type\":\"ReadAction\",\"target\":[\"https:\\\/\\\/auslaenderaemter.com\\\/aufenthaltserlaubnis\\\/\"]}]},{\"@type\":\"ImageObject\",\"inLanguage\":\"es\",\"@id\":\"https:\\\/\\\/auslaenderaemter.com\\\/aufenthaltserlaubnis\\\/#primaryimage\",\"url\":\"https:\\\/\\\/auslaenderaemter.com\\\/wp-content\\\/uploads\\\/2021\\\/03\\\/visa-3653492_640.jpg\",\"contentUrl\":\"https:\\\/\\\/auslaenderaemter.com\\\/wp-content\\\/uploads\\\/2021\\\/03\\\/visa-3653492_640.jpg\",\"width\":640,\"height\":393,\"caption\":\"Aufenthaltserlaubnis\"},{\"@type\":\"BreadcrumbList\",\"@id\":\"https:\\\/\\\/auslaenderaemter.com\\\/aufenthaltserlaubnis\\\/#breadcrumb\",\"itemListElement\":[{\"@type\":\"ListItem\",\"position\":1,\"name\":\"Startseite\",\"item\":\"https:\\\/\\\/auslaenderaemter.com\\\/\"},{\"@type\":\"ListItem\",\"position\":2,\"name\":\"Aufenthaltserlaubnis\"}]},{\"@type\":\"WebSite\",\"@id\":\"https:\\\/\\\/auslaenderaemter.com\\\/#website\",\"url\":\"https:\\\/\\\/auslaenderaemter.com\\\/\",\"name\":\"auslaenderaemter.com\",\"description\":\"\",\"publisher\":{\"@id\":\"https:\\\/\\\/auslaenderaemter.com\\\/#organization\"},\"potentialAction\":[{\"@type\":\"SearchAction\",\"target\":{\"@type\":\"EntryPoint\",\"urlTemplate\":\"https:\\\/\\\/auslaenderaemter.com\\\/?s={search_term_string}\"},\"query-input\":{\"@type\":\"PropertyValueSpecification\",\"valueRequired\":true,\"valueName\":\"search_term_string\"}}],\"inLanguage\":\"es\"},{\"@type\":\"Organization\",\"@id\":\"https:\\\/\\\/auslaenderaemter.com\\\/#organization\",\"name\":\"auslaenderaemter.com\",\"url\":\"https:\\\/\\\/auslaenderaemter.com\\\/\",\"logo\":{\"@type\":\"ImageObject\",\"inLanguage\":\"es\",\"@id\":\"https:\\\/\\\/auslaenderaemter.com\\\/#\\\/schema\\\/logo\\\/image\\\/\",\"url\":\"https:\\\/\\\/auslaenderaemter.com\\\/wp-content\\\/uploads\\\/2021\\\/01\\\/cropped-Vollmond-info-13.png\",\"contentUrl\":\"https:\\\/\\\/auslaenderaemter.com\\\/wp-content\\\/uploads\\\/2021\\\/01\\\/cropped-Vollmond-info-13.png\",\"width\":500,\"height\":117,\"caption\":\"auslaenderaemter.com\"},\"image\":{\"@id\":\"https:\\\/\\\/auslaenderaemter.com\\\/#\\\/schema\\\/logo\\\/image\\\/\"}}]}<\/script>\n<!-- \/ Yoast SEO plugin. -->","yoast_head_json":{"title":"\u00bfQui\u00e9n expide el permiso de residencia? | auslaenderaemter.com","description":"La persona de contacto para la emisi\u00f3n de un permiso de residencia es la autoridad local de extranjer\u00eda. Este t\u00edtulo tambi\u00e9n est\u00e1 sujeto a una","robots":{"index":"index","follow":"follow","max-snippet":"max-snippet:-1","max-image-preview":"max-image-preview:large","max-video-preview":"max-video-preview:-1"},"canonical":"https:\/\/auslaenderaemter.com\/es\/permiso-de-residencia\/","og_locale":"es_ES","og_type":"article","og_title":"Von wem wird die Aufenthaltserlaubnis erteilt? | auslaenderaemter.com","og_description":"Ansprechpartner f\u00fcr die Erteilung einer Aufenthaltserlaubnis ist die \u00f6rtlich zust\u00e4ndige Ausl\u00e4nderbeh\u00f6rde. Auch dieser Titel unterliegen einer","og_url":"https:\/\/auslaenderaemter.com\/es\/permiso-de-residencia\/","og_site_name":"auslaenderaemter.com","article_modified_time":"2022-07-01T19:54:02+00:00","og_image":[{"width":640,"height":393,"url":"https:\/\/auslaenderaemter.com\/wp-content\/uploads\/2021\/03\/visa-3653492_640.jpg","type":"image\/jpeg"}],"twitter_card":"summary_large_image","twitter_misc":{"Tiempo de lectura":"3 minutos"},"schema":{"@context":"https:\/\/schema.org","@graph":[{"@type":"WebPage","@id":"https:\/\/auslaenderaemter.com\/aufenthaltserlaubnis\/","url":"https:\/\/auslaenderaemter.com\/aufenthaltserlaubnis\/","name":"\u00bfQui\u00e9n expide el permiso de residencia? | auslaenderaemter.com","isPartOf":{"@id":"https:\/\/auslaenderaemter.com\/#website"},"primaryImageOfPage":{"@id":"https:\/\/auslaenderaemter.com\/aufenthaltserlaubnis\/#primaryimage"},"image":{"@id":"https:\/\/auslaenderaemter.com\/aufenthaltserlaubnis\/#primaryimage"},"thumbnailUrl":"https:\/\/auslaenderaemter.com\/wp-content\/uploads\/2021\/03\/visa-3653492_640.jpg","datePublished":"2021-03-15T20:23:27+00:00","dateModified":"2022-07-01T19:54:02+00:00","description":"La persona de contacto para la emisi\u00f3n de un permiso de residencia es la autoridad local de extranjer\u00eda. Este t\u00edtulo tambi\u00e9n est\u00e1 sujeto a una","breadcrumb":{"@id":"https:\/\/auslaenderaemter.com\/aufenthaltserlaubnis\/#breadcrumb"},"inLanguage":"es","potentialAction":[{"@type":"ReadAction","target":["https:\/\/auslaenderaemter.com\/aufenthaltserlaubnis\/"]}]},{"@type":"ImageObject","inLanguage":"es","@id":"https:\/\/auslaenderaemter.com\/aufenthaltserlaubnis\/#primaryimage","url":"https:\/\/auslaenderaemter.com\/wp-content\/uploads\/2021\/03\/visa-3653492_640.jpg","contentUrl":"https:\/\/auslaenderaemter.com\/wp-content\/uploads\/2021\/03\/visa-3653492_640.jpg","width":640,"height":393,"caption":"Aufenthaltserlaubnis"},{"@type":"BreadcrumbList","@id":"https:\/\/auslaenderaemter.com\/aufenthaltserlaubnis\/#breadcrumb","itemListElement":[{"@type":"ListItem","position":1,"name":"Startseite","item":"https:\/\/auslaenderaemter.com\/"},{"@type":"ListItem","position":2,"name":"Aufenthaltserlaubnis"}]},{"@type":"WebSite","@id":"https:\/\/auslaenderaemter.com\/#website","url":"https:\/\/auslaenderaemter.com\/","name":"auslaenderaemter.com","description":"","publisher":{"@id":"https:\/\/auslaenderaemter.com\/#organization"},"potentialAction":[{"@type":"SearchAction","target":{"@type":"EntryPoint","urlTemplate":"https:\/\/auslaenderaemter.com\/?s={search_term_string}"},"query-input":{"@type":"PropertyValueSpecification","valueRequired":true,"valueName":"search_term_string"}}],"inLanguage":"es"},{"@type":"Organization","@id":"https:\/\/auslaenderaemter.com\/#organization","name":"auslaenderaemter.com","url":"https:\/\/auslaenderaemter.com\/","logo":{"@type":"ImageObject","inLanguage":"es","@id":"https:\/\/auslaenderaemter.com\/#\/schema\/logo\/image\/","url":"https:\/\/auslaenderaemter.com\/wp-content\/uploads\/2021\/01\/cropped-Vollmond-info-13.png","contentUrl":"https:\/\/auslaenderaemter.com\/wp-content\/uploads\/2021\/01\/cropped-Vollmond-info-13.png","width":500,"height":117,"caption":"auslaenderaemter.com"},"image":{"@id":"https:\/\/auslaenderaemter.com\/#\/schema\/logo\/image\/"}}]}},"_links":{"self":[{"href":"https:\/\/auslaenderaemter.com\/es\/wp-json\/wp\/v2\/pages\/3115","targetHints":{"allow":["GET"]}}],"collection":[{"href":"https:\/\/auslaenderaemter.com\/es\/wp-json\/wp\/v2\/pages"}],"about":[{"href":"https:\/\/auslaenderaemter.com\/es\/wp-json\/wp\/v2\/types\/page"}],"author":[{"embeddable":true,"href":"https:\/\/auslaenderaemter.com\/es\/wp-json\/wp\/v2\/users\/1"}],"replies":[{"embeddable":true,"href":"https:\/\/auslaenderaemter.com\/es\/wp-json\/wp\/v2\/comments?post=3115"}],"version-history":[{"count":0,"href":"https:\/\/auslaenderaemter.com\/es\/wp-json\/wp\/v2\/pages\/3115\/revisions"}],"wp:featuredmedia":[{"embeddable":true,"href":"https:\/\/auslaenderaemter.com\/es\/wp-json\/wp\/v2\/media\/3137"}],"wp:attachment":[{"href":"https:\/\/auslaenderaemter.com\/es\/wp-json\/wp\/v2\/media?parent=3115"}],"curies":[{"name":"wp","href":"https:\/\/api.w.org\/{rel}","templated":true}]}}