{"id":39,"date":"2021-01-26T14:24:33","date_gmt":"2021-01-26T13:24:33","guid":{"rendered":"https:\/\/auslaenderaemter.com\/?page_id=39"},"modified":"2022-07-04T15:53:43","modified_gmt":"2022-07-04T13:53:43","slug":"auslaenderaemter-in-baden-wuerttemberg","status":"publish","type":"page","link":"https:\/\/auslaenderaemter.com\/es\/oficinas-de-inmigracion-en-baden-wuerttemberg\/","title":{"rendered":"Oficinas de inmigraci\u00f3n en Baden-W\u00fcrttemberg"},"content":{"rendered":"<p><strong>Aqu\u00ed encontrar\u00e1 informaci\u00f3n de contacto, direcciones y horarios de apertura de las oficinas de inmigraci\u00f3n \/ autoridades de inmigraci\u00f3n - en Baden-W\u00fcrttemberg.<\/strong><\/p>\n<h2><span id=\"Uebersicht_aller_Jobcenter_in_Baden-Wuerttemberg\" class=\"ez-toc-section\">Resumen de todas las oficinas de inmigraci\u00f3n \/ autoridades de inmigraci\u00f3n en Baden-W\u00fcrttemberg<\/span><\/h2>\n<ul>\n<li><a href=\"https:\/\/auslaenderaemter.com\/es\/disfrutando-de-la-oficina-de-inmigracion\/\">tomando el sol<\/a><\/li>\n<li><a href=\"https:\/\/auslaenderaemter.com\/es\/oficina-de-inmigracion-albstadt\/\">Albstadt<\/a><\/li>\n<li><a href=\"https:\/\/auslaenderaemter.com\/es\/oficina-de-extranjeria-altensteig\/\">Altensteig<\/a><\/li>\n<li><a href=\"https:\/\/auslaenderaemter.com\/es\/backnang-de-la-oficina-de-inmigracion\/\">apoyo<\/a><\/li>\n<li><a href=\"https:\/\/auslaenderaemter.com\/es\/oficina-de-inmigracion-bad-rappenau\/\">Bad Rappenau<\/a><\/li>\n<li><a href=\"https:\/\/auslaenderaemter.com\/es\/oficina-de-inmigracion-bad-saulgau\/\">Mala Saulgau<\/a><\/li>\n<li><a href=\"https:\/\/auslaenderaemter.com\/es\/oficina-de-inmigracion-bad-urach\/\">Urach malo<\/a><\/li>\n<li><a href=\"https:\/\/auslaenderaemter.com\/es\/oficina-de-inmigracion-baden-baden\/\">Baden-Baden<\/a><\/li>\n<li><a href=\"https:\/\/auslaenderaemter.com\/es\/oficina-de-inmigracion-balingen\/\">Balingen<\/a><\/li>\n<li><a href=\"https:\/\/auslaenderaemter.com\/es\/oficina-de-inmigracion-biberach-an-der-riss\/\">Biberach an der Riss<\/a><\/li>\n<li><a href=\"https:\/\/auslaenderaemter.com\/es\/oficina-de-inmigracion-bietigheim-bissingen\/\">Bietigheim-Bissingen<\/a><\/li>\n<li><a href=\"https:\/\/auslaenderaemter.com\/es\/oficina-de-inmigracion-blaubeuren\/\">Azulejos<\/a><\/li>\n<li><a href=\"https:\/\/auslaenderaemter.com\/es\/oficina-de-inmigracion-boeblingen\/\">B\u00f6blingen<\/a><\/li>\n<li><a href=\"https:\/\/auslaenderaemter.com\/es\/oficina-de-extranjeria-bruchsal\/\">Bruchsal<\/a><\/li>\n<li><a href=\"https:\/\/auslaenderaemter.com\/es\/oficina-de-inmigracion-buehl\/\">B\u00fchl<\/a><\/li>\n<li><a href=\"https:\/\/auslaenderaemter.com\/es\/oficina-de-inmigracion-calw\/\">calva<\/a><\/li>\n<li><a href=\"https:\/\/auslaenderaemter.com\/es\/oficina-de-inmigracion-creglingen\/\">Creglingen<\/a><\/li>\n<li><a href=\"https:\/\/auslaenderaemter.com\/es\/oficina-de-inmigracion-dietenheim\/\">Dietenheim<\/a><\/li>\n<li><a href=\"https:\/\/auslaenderaemter.com\/es\/oficina-de-inmigracion-donaueschingen\/\">Donaueschingen<\/a><\/li>\n<li><a href=\"https:\/\/auslaenderaemter.com\/es\/oficina-de-inmigracion-ehingen\/\">matrimonios<\/a><\/li>\n<li><a href=\"https:\/\/auslaenderaemter.com\/es\/oficina-de-inmigracion-eislingen\/\">Eislingen<\/a><\/li>\n<li><a href=\"https:\/\/auslaenderaemter.com\/es\/oficina-de-inmigracion-emmendingen\/\">Emmendingen<\/a><\/li>\n<li><a href=\"https:\/\/auslaenderaemter.com\/es\/oficina-de-inmigracion-esslingen\/\">esslingen\u00a0<\/a><\/li>\n<li><a href=\"https:\/\/auslaenderaemter.com\/es\/oficina-de-inmigracion-ettlingen\/\">Ettlingen<\/a><\/li>\n<li><a href=\"https:\/\/auslaenderaemter.com\/es\/oficina-de-inmigracion-fellbach\/\">Fellbach<\/a><\/li>\n<li><a href=\"https:\/\/auslaenderaemter.com\/es\/oficina-de-inmigracion-friburgo\/\">Friburgo<\/a><\/li>\n<li><a href=\"https:\/\/auslaenderaemter.com\/es\/oficina-de-inmigracion-freudenstadt\/\">freudenstadt<\/a><\/li>\n<li><a href=\"https:\/\/auslaenderaemter.com\/es\/oficina-de-inmigracion-furtwangen-en-el-bosque-negro\/\">Furtwangen en la Selva Negra<\/a><\/li>\n<li><a href=\"https:\/\/auslaenderaemter.com\/es\/oficina-de-inmigracion-gaggenau\/\">Gaggenau<\/a><\/li>\n<li><a href=\"https:\/\/auslaenderaemter.com\/es\/oficina-de-inmigracion-gammertingen\/\">Gammertingen<\/a><\/li>\n<li><a href=\"https:\/\/auslaenderaemter.com\/es\/oficina-de-inmigracion-geislingen-an-der-steige\/\">Geislingen an der Steige<\/a><\/li>\n<li><a href=\"https:\/\/auslaenderaemter.com\/es\/oficina-de-inmigracion-goeppingen\/\">Goeppingen<\/a><\/li>\n<li><a href=\"https:\/\/auslaenderaemter.com\/es\/oficina-de-inmigracion-heibronn\/\">Heilbronn<\/a><\/li>\n<li><a href=\"https:\/\/auslaenderaemter.com\/es\/oficina-de-inmigracion-heidelberg\/\">Heidelberg<\/a><\/li>\n<li><a href=\"https:\/\/auslaenderaemter.com\/es\/oficina-de-inmigracion-heidenheim-an-der-brenz\/\">Heidenheim an der Brenz<\/a><\/li>\n<li><a href=\"https:\/\/auslaenderaemter.com\/es\/oficina-de-inmigracion-herbolzheim\/\">Herbolzheim<\/a><\/li>\n<li><a href=\"https:\/\/auslaenderaemter.com\/es\/oficina-de-inmigracion-herrenberg\/\">Herrenberg<\/a><\/li>\n<li><a href=\"https:\/\/auslaenderaemter.com\/es\/oficina-de-inmigracion-heubach\/\">Heubach<\/a><\/li>\n<li><a href=\"https:\/\/auslaenderaemter.com\/es\/oficina-de-inmigracion-hockenheim\/\">hockenheim<\/a><\/li>\n<li><a href=\"https:\/\/auslaenderaemter.com\/es\/oficina-de-inmigracion-horb-am-neckar\/\">Horb am Neckar<\/a><\/li>\n<li><a href=\"https:\/\/auslaenderaemter.com\/es\/oficina-de-inmigracion-karlsruhe\/\">Karlsruhe<\/a><\/li>\n<li><a href=\"https:\/\/auslaenderaemter.com\/es\/oficina-de-inmigracion-kehl\/\">garganta<\/a><\/li>\n<li><a href=\"https:\/\/auslaenderaemter.com\/es\/oficina-de-inmigracion-kirchheim-unter-teck\/\">Kirchheim bajo Teck<\/a><\/li>\n<li><a href=\"https:\/\/auslaenderaemter.com\/es\/oficina-de-inmigracion-konstanz\/\">constancia<\/a><\/li>\n<li><a href=\"https:\/\/auslaenderaemter.com\/es\/oficina-de-inmigracion-kornwestheim\/\">Kornwestheim<\/a><\/li>\n<li><a href=\"https:\/\/auslaenderaemter.com\/es\/oficina-de-inmigracion-kuenzelsau\/\">Kunzelsau<\/a><\/li>\n<li><a href=\"https:\/\/auslaenderaemter.com\/es\/oficina-de-inmigracion-langenau\/\">Langenau<\/a><\/li>\n<li><a href=\"https:\/\/auslaenderaemter.com\/es\/oficina-de-inmigracion-pegado\/\">pegado<\/a><\/li>\n<li><a href=\"https:\/\/auslaenderaemter.com\/es\/oficina-de-inmigracion-leonberg\/\">leonberg<\/a><\/li>\n<li><a href=\"https:\/\/auslaenderaemter.com\/es\/oficina-de-inmigracion-lichtenau\/\">Lichtenau<\/a><\/li>\n<li><a href=\"https:\/\/auslaenderaemter.com\/es\/oficina-de-inmigracion-loerrach\/\">Loerrach<\/a><\/li>\n<li><a href=\"https:\/\/auslaenderaemter.com\/es\/oficina-de-inmigracion-ludwigsburg\/\">Luisburgo<\/a><\/li>\n<li><a href=\"https:\/\/auslaenderaemter.com\/es\/oficina-de-inmigracion-mannheim\/\">Manheim<\/a><\/li>\n<li><a href=\"https:\/\/auslaenderaemter.com\/es\/oficina-de-inmigracion-metzingen\/\">Metzingen<\/a><\/li>\n<li><a href=\"https:\/\/auslaenderaemter.com\/es\/oficina-de-inmigracion-mosbach\/\">Mosbach<\/a><\/li>\n<li><a href=\"https:\/\/auslaenderaemter.com\/es\/oficina-de-inmigracion-moessingen\/\">moessingen<\/a><\/li>\n<li><a href=\"https:\/\/auslaenderaemter.com\/es\/oficina-de-inmigracion-munderkingen\/\">Munderkingen<\/a><\/li>\n<li><a href=\"https:\/\/auslaenderaemter.com\/es\/oficina-de-inmigracion-nuertingen\/\">N\u00fcrtingen<\/a><\/li>\n<li><a href=\"https:\/\/auslaenderaemter.com\/es\/oficina-de-inmigracion-orkirch\/\">Oberkirch<\/a><\/li>\n<li><a href=\"https:\/\/auslaenderaemter.com\/es\/oficina-de-inmigracion-offenburg\/\">Offenburg<\/a><\/li>\n<li><a href=\"https:\/\/auslaenderaemter.com\/es\/oficina-de-inmigracion-ostfildern\/\">Ostfildern<\/a><\/li>\n<li><a href=\"https:\/\/auslaenderaemter.com\/es\/oficina-de-inmigracion-pforzheim\/\">Pforzheim<\/a><\/li>\n<li><a href=\"https:\/\/auslaenderaemter.com\/es\/oficina-de-inmigracion-radolfzell-am-bodensee\/\">Radolfzell en el lago de Constanza<\/a><\/li>\n<li><a href=\"https:\/\/auslaenderaemter.com\/es\/oficina-de-inmigracion-rastatt\/\">Rastatt<\/a><\/li>\n<li><a href=\"https:\/\/auslaenderaemter.com\/es\/oficina-de-inmigracion-ravensburg\/\">Ravensburgo<\/a><\/li>\n<li><a href=\"https:\/\/auslaenderaemter.com\/es\/oficina-de-inmigracion-reutlingen\/\">Reutlingen<\/a><\/li>\n<li><a href=\"https:\/\/auslaenderaemter.com\/es\/oficina-de-inmigracion-rheinfelden\/\">Rheinfelden\u00a0<\/a><\/li>\n<li><a href=\"https:\/\/auslaenderaemter.com\/es\/oficina-de-inmigracion-rheinstetten\/\">Rinstetten<\/a><\/li>\n<li><a href=\"https:\/\/auslaenderaemter.com\/es\/oficina-de-inmigracion-rottweil\/\">rottweil<\/a><\/li>\n<li><a href=\"https:\/\/auslaenderaemter.com\/es\/oficina-de-inmigracion-schorndorf\/\">Schorndorf<\/a><\/li>\n<li><a href=\"https:\/\/auslaenderaemter.com\/es\/oficina-de-inmigracion-schwaebisch-gmuend\/\">Schw\u00e4bisch Gm\u00fcnd<\/a><\/li>\n<li><a href=\"https:\/\/auslaenderaemter.com\/es\/oficina-de-inmigracion-schwaebisch-hall\/\">Sal\u00f3n Schw\u00e4bisch<\/a><\/li>\n<li><a href=\"https:\/\/auslaenderaemter.com\/es\/oficina-de-inmigracion-schwetzingen\/\">Schwetzingen<\/a><\/li>\n<li><a href=\"https:\/\/auslaenderaemter.com\/es\/oficina-de-inmigracion-sigmaringen\/\">anillos sigma<\/a><\/li>\n<li><a href=\"https:\/\/auslaenderaemter.com\/es\/oficina-de-inmigracion-sindelfingen\/\">Sindelfingen<\/a><\/li>\n<li><a href=\"https:\/\/auslaenderaemter.com\/es\/oficina-de-inmigracion-sinsheim\/\">Sinsheim<\/a><\/li>\n<li><a href=\"https:\/\/auslaenderaemter.com\/es\/oficina-de-inmigracion-stuttgart\/\">Stuttgart<\/a><\/li>\n<li><a href=\"https:\/\/auslaenderaemter.com\/es\/oficina-de-inmigracion-tauberbischofsheim\/\">Tauberbischofsheim<\/a><\/li>\n<li><a href=\"https:\/\/auslaenderaemter.com\/es\/oficina-de-inmigracion-tubinga\/\">tubingen<\/a><\/li>\n<li><a href=\"https:\/\/auslaenderaemter.com\/es\/oficina-de-inmigracion-tuttlingen\/\">Tuttlingen<\/a><\/li>\n<li><a href=\"https:\/\/auslaenderaemter.com\/es\/oficina-de-inmigracion-villengen-schwenningen\/\">Villingen-Schwenningen<\/a><\/li>\n<li><a href=\"https:\/\/auslaenderaemter.com\/es\/oficina-de-inmigracion-waiblingen\/\">Waiblingen<\/a><\/li>\n<li><a href=\"https:\/\/auslaenderaemter.com\/es\/oficina-de-inmigracion-waldshut-tiengen\/\">Waldshut-Tiengen<\/a><\/li>\n<li><a href=\"https:\/\/auslaenderaemter.com\/es\/oficina-de-inmigracion-wangen-im-allgaeu\/\">Wangen en Algovia<\/a><\/li>\n<li><a href=\"https:\/\/auslaenderaemter.com\/es\/oficina-de-inmigracion-weil-am-rhein\/\">Porque en el Rin<\/a><\/li>\n<li><a href=\"https:\/\/auslaenderaemter.com\/es\/oficina-de-inmigracion-por-la-ciudad\/\">Por la ciudad<\/a><\/li>\n<li><a href=\"https:\/\/auslaenderaemter.com\/es\/oficina-de-inmigracion-weingarten\/\">vi\u00f1edo<\/a><\/li>\n<li><a href=\"https:\/\/auslaenderaemter.com\/es\/oficina-de-inmigracion-weinheim\/\">Weinheim<\/a><\/li>\n<li><a href=\"https:\/\/auslaenderaemter.com\/es\/oficina-de-inmigracion-wertheim\/\">Wertheim<\/a><\/li>\n<li><a href=\"https:\/\/auslaenderaemter.com\/es\/oficina-de-inmigracion-wiesloch\/\">Wiesloch<\/a><\/li>\n<\/ul>\n<h3>Tareas de las autoridades de inmigraci\u00f3n<\/h3>\n<p>Las autoridades de inmigraci\u00f3n son responsables de las medidas en relaci\u00f3n con la ley de residencia y pasaporte. Ellos deciden de acuerdo con la Ley de Residencia y las disposiciones de otras leyes de inmigraci\u00f3n.<\/p>\n<p><strong>Otras tareas y servicios son:<\/strong><\/p>\n<ul>\n<li>Permiso de residencia electr\u00f3nico (eAT)<\/li>\n<li>Persona de contacto para la ayuda a los refugiados<\/li>\n<li>permiso de trabajo<\/li>\n<li>entrada\u00a0<span class=\"highlight\">y<\/span>\u00a0Alojamiento en Alemania<\/li>\n<li>asilo<\/li>\n<li>integraci\u00f3n<\/li>\n<li>declaraci\u00f3n de compromiso<\/li>\n<\/ul>\n<h3>Cita en la Oficina de Extranjer\u00eda<\/h3>\n<p>En la mayor\u00eda de los casos, puede concertar una cita por tel\u00e9fono, utilizando el formulario de contacto o a trav\u00e9s del portal de servicios de la ciudad respectiva. Aseg\u00farese de tener todos los documentos necesarios antes de visitar la oficina de inmigraci\u00f3n.<\/p>\n<div class=\"su-note\"  style=\"border-color:#dadbdd;border-radius:2px;-moz-border-radius:2px;-webkit-border-radius:2px;\"><div class=\"su-note-inner su-u-clearfix su-u-trim\" style=\"background-color:#f4f5f7;border-color:#ffffff;color:#333333;border-radius:2px;-moz-border-radius:2px;-webkit-border-radius:2px;\"><strong>Una noticia:<\/strong> Para oficinas, autoridades o tribunales, normalmente necesita los documentos, certificados o certificados como <a href=\"https:\/\/auslaenderaemter.com\/es\/traduccion-certificada-de-documentos-oficiales\/\">traducci\u00f3n certificada<\/a>.<\/div><\/div>\n<ul>\n<li>Con un\u00a0<a href=\"https:\/\/auslaenderaemter.com\/es\/declaracion-de-compromiso\/\" data-wpel-link=\"internal\">declaraci\u00f3n de compromiso<\/a>\u00a0puede permitir que los visitantes extranjeros entren en Alemania.<\/li>\n<li><strong>\u00bfEst\u00e1s esperando visitas del extranjero?<\/strong>\u00a0Con un\u00a0<a href=\"https:\/\/tidd.ly\/3u98xUL\" target=\"_blank\" rel=\"nofollow noopener external noreferrer\" data-wpel-link=\"external\">Seguro m\u00e9dico de viaje para hu\u00e9spedes extranjeros<\/a>* est\u00e1s totalmente protegido en Alemania y Europa.<\/li>\n<\/ul>\n<h3>M\u00e1s lejos <span class=\"ez-toc-section\">autoridades de inmigracion <\/span>enlaces y fuentes<\/h3>\n<ul>\n<li><a href=\"https:\/\/auslaenderaemter.com\/es\/\">Oficinas de inmigraci\u00f3n en Alemania<\/a><\/li>\n<li><a href=\"https:\/\/www.bamf.de\/DE\/Startseite\/startseite_node.html\" target=\"_blank\" rel=\"noopener nofollow external noreferrer\" data-wpel-link=\"external\">Oficina Federal de Migraci\u00f3n y Refugiados<\/a>\u00a0(BAMF)<\/li>\n<\/ul>","protected":false},"excerpt":{"rendered":"<p>Aqu\u00ed encontrar\u00e1 informaci\u00f3n de contacto, direcciones y horarios de apertura de las oficinas de inmigraci\u00f3n \/ autoridades de inmigraci\u00f3n - en Baden-W\u00fcrttemberg. Resumen de todas las oficinas de inmigraci\u00f3n \/ autoridades de inmigraci\u00f3n en Baden-W\u00fcrttemberg Aalen Albstadt Altensteig Backnang Bad Rappenau Bad Saulgau Bad Urach Baden-Baden Balingen Biberach an der Riss Bietigheim-Bissingen Blaubeuren B\u00f6blingen Bruchsal B\u00fchl Calw Creglingen Dietenheim Donaueschingen Ehingen Eislingen Emmendingen Esslingen Ettlingen Fellbach Freiburg Freudenstadt Furtwangen ...&nbsp;<a href=\"https:\/\/auslaenderaemter.com\/es\/oficinas-de-inmigracion-en-baden-wuerttemberg\/\" rel=\"bookmark\">Leer m\u00e1s &quot;<span class=\"screen-reader-text\">Oficinas de inmigraci\u00f3n en Baden-W\u00fcrttemberg<\/span><\/a><\/p>","protected":false},"author":1,"featured_media":37,"parent":0,"menu_order":0,"comment_status":"closed","ping_status":"closed","template":"","meta":{"neve_meta_sidebar":"full-width","neve_meta_container":"","neve_meta_enable_content_width":"on","neve_meta_content_width":100,"neve_meta_title_alignment":"","neve_meta_author_avatar":"","neve_post_elements_order":"","neve_meta_disable_header":"","neve_meta_disable_footer":"","neve_meta_disable_title":"","neve_meta_reading_time":"","footnotes":""},"class_list":["post-39","page","type-page","status-publish","has-post-thumbnail","hentry"],"yoast_head":"<!-- This site is optimized with the Yoast SEO plugin v27.6 - https:\/\/yoast.com\/product\/yoast-seo-wordpress\/ -->\n<title>Ausl\u00e4nder\u00e4mter in Baden-W\u00fcrttemberg | Adressen und Anschrift<\/title>\n<meta name=\"description\" content=\"Ausl\u00e4nder\u00e4mter in Baden-W\u00fcrttemberg | Adresse und Anschrift \u2713 Telefonnummer, Kontakt und \u00d6ffnungszeiten \u2713 Ausl\u00e4nderbeh\u00f6rden\" \/>\n<meta name=\"robots\" content=\"index, follow, max-snippet:-1, max-image-preview:large, max-video-preview:-1\" \/>\n<link rel=\"canonical\" href=\"https:\/\/auslaenderaemter.com\/es\/oficinas-de-inmigracion-en-baden-wuerttemberg\/\" \/>\n<meta property=\"og:locale\" content=\"es_ES\" \/>\n<meta property=\"og:type\" content=\"article\" \/>\n<meta property=\"og:title\" content=\"Ausl\u00e4nder\u00e4mter in Baden-W\u00fcrttemberg | Adressen und Anschrift\" \/>\n<meta property=\"og:description\" content=\"Ausl\u00e4nder\u00e4mter in Baden-W\u00fcrttemberg | Adresse und Anschrift \u2713 Telefonnummer, Kontakt und \u00d6ffnungszeiten \u2713 Ausl\u00e4nderbeh\u00f6rden\" \/>\n<meta property=\"og:url\" content=\"https:\/\/auslaenderaemter.com\/es\/oficinas-de-inmigracion-en-baden-wuerttemberg\/\" \/>\n<meta property=\"og:site_name\" content=\"auslaenderaemter.com\" \/>\n<meta property=\"article:modified_time\" content=\"2022-07-04T13:53:43+00:00\" \/>\n<meta property=\"og:image\" content=\"https:\/\/auslaenderaemter.com\/wp-content\/uploads\/2021\/01\/city-263069_640.jpg\" \/>\n\t<meta property=\"og:image:width\" content=\"640\" \/>\n\t<meta property=\"og:image:height\" content=\"480\" \/>\n\t<meta property=\"og:image:type\" content=\"image\/jpeg\" \/>\n<meta name=\"twitter:card\" content=\"summary_large_image\" \/>\n<meta name=\"twitter:label1\" content=\"Tiempo de lectura\" \/>\n\t<meta name=\"twitter:data1\" content=\"2 minutos\" \/>\n<script type=\"application\/ld+json\" class=\"yoast-schema-graph\">{\"@context\":\"https:\\\/\\\/schema.org\",\"@graph\":[{\"@type\":\"WebPage\",\"@id\":\"https:\\\/\\\/auslaenderaemter.com\\\/auslaenderaemter-in-baden-wuerttemberg\\\/\",\"url\":\"https:\\\/\\\/auslaenderaemter.com\\\/auslaenderaemter-in-baden-wuerttemberg\\\/\",\"name\":\"Ausl\u00e4nder\u00e4mter in Baden-W\u00fcrttemberg | Adressen und Anschrift\",\"isPartOf\":{\"@id\":\"https:\\\/\\\/auslaenderaemter.com\\\/#website\"},\"primaryImageOfPage\":{\"@id\":\"https:\\\/\\\/auslaenderaemter.com\\\/auslaenderaemter-in-baden-wuerttemberg\\\/#primaryimage\"},\"image\":{\"@id\":\"https:\\\/\\\/auslaenderaemter.com\\\/auslaenderaemter-in-baden-wuerttemberg\\\/#primaryimage\"},\"thumbnailUrl\":\"https:\\\/\\\/auslaenderaemter.com\\\/wp-content\\\/uploads\\\/2021\\\/01\\\/city-263069_640.jpg\",\"datePublished\":\"2021-01-26T13:24:33+00:00\",\"dateModified\":\"2022-07-04T13:53:43+00:00\",\"description\":\"Ausl\u00e4nder\u00e4mter in Baden-W\u00fcrttemberg | Adresse und Anschrift \u2713 Telefonnummer, Kontakt und \u00d6ffnungszeiten \u2713 Ausl\u00e4nderbeh\u00f6rden\",\"breadcrumb\":{\"@id\":\"https:\\\/\\\/auslaenderaemter.com\\\/auslaenderaemter-in-baden-wuerttemberg\\\/#breadcrumb\"},\"inLanguage\":\"es\",\"potentialAction\":[{\"@type\":\"ReadAction\",\"target\":[\"https:\\\/\\\/auslaenderaemter.com\\\/auslaenderaemter-in-baden-wuerttemberg\\\/\"]}]},{\"@type\":\"ImageObject\",\"inLanguage\":\"es\",\"@id\":\"https:\\\/\\\/auslaenderaemter.com\\\/auslaenderaemter-in-baden-wuerttemberg\\\/#primaryimage\",\"url\":\"https:\\\/\\\/auslaenderaemter.com\\\/wp-content\\\/uploads\\\/2021\\\/01\\\/city-263069_640.jpg\",\"contentUrl\":\"https:\\\/\\\/auslaenderaemter.com\\\/wp-content\\\/uploads\\\/2021\\\/01\\\/city-263069_640.jpg\",\"width\":640,\"height\":480,\"caption\":\"Ausl\u00e4nder\u00e4mter in Deutschland\"},{\"@type\":\"BreadcrumbList\",\"@id\":\"https:\\\/\\\/auslaenderaemter.com\\\/auslaenderaemter-in-baden-wuerttemberg\\\/#breadcrumb\",\"itemListElement\":[{\"@type\":\"ListItem\",\"position\":1,\"name\":\"Startseite\",\"item\":\"https:\\\/\\\/auslaenderaemter.com\\\/\"},{\"@type\":\"ListItem\",\"position\":2,\"name\":\"Ausl\u00e4nder\u00e4mter in Baden-W\u00fcrttemberg\"}]},{\"@type\":\"WebSite\",\"@id\":\"https:\\\/\\\/auslaenderaemter.com\\\/#website\",\"url\":\"https:\\\/\\\/auslaenderaemter.com\\\/\",\"name\":\"auslaenderaemter.com\",\"description\":\"\",\"publisher\":{\"@id\":\"https:\\\/\\\/auslaenderaemter.com\\\/#organization\"},\"potentialAction\":[{\"@type\":\"SearchAction\",\"target\":{\"@type\":\"EntryPoint\",\"urlTemplate\":\"https:\\\/\\\/auslaenderaemter.com\\\/?s={search_term_string}\"},\"query-input\":{\"@type\":\"PropertyValueSpecification\",\"valueRequired\":true,\"valueName\":\"search_term_string\"}}],\"inLanguage\":\"es\"},{\"@type\":\"Organization\",\"@id\":\"https:\\\/\\\/auslaenderaemter.com\\\/#organization\",\"name\":\"auslaenderaemter.com\",\"url\":\"https:\\\/\\\/auslaenderaemter.com\\\/\",\"logo\":{\"@type\":\"ImageObject\",\"inLanguage\":\"es\",\"@id\":\"https:\\\/\\\/auslaenderaemter.com\\\/#\\\/schema\\\/logo\\\/image\\\/\",\"url\":\"https:\\\/\\\/auslaenderaemter.com\\\/wp-content\\\/uploads\\\/2021\\\/01\\\/cropped-Vollmond-info-13.png\",\"contentUrl\":\"https:\\\/\\\/auslaenderaemter.com\\\/wp-content\\\/uploads\\\/2021\\\/01\\\/cropped-Vollmond-info-13.png\",\"width\":500,\"height\":117,\"caption\":\"auslaenderaemter.com\"},\"image\":{\"@id\":\"https:\\\/\\\/auslaenderaemter.com\\\/#\\\/schema\\\/logo\\\/image\\\/\"}}]}<\/script>\n<!-- \/ Yoast SEO plugin. -->","yoast_head_json":{"title":"Oficinas de inmigraci\u00f3n en Baden-W\u00fcrttemberg | direcciones y direcci\u00f3n","description":"Oficinas de inmigraci\u00f3n en Baden-W\u00fcrttemberg | Domicilio y domicilio \u2713 N\u00famero de tel\u00e9fono, contacto y horario \u2713 Autoridades de extranjer\u00eda","robots":{"index":"index","follow":"follow","max-snippet":"max-snippet:-1","max-image-preview":"max-image-preview:large","max-video-preview":"max-video-preview:-1"},"canonical":"https:\/\/auslaenderaemter.com\/es\/oficinas-de-inmigracion-en-baden-wuerttemberg\/","og_locale":"es_ES","og_type":"article","og_title":"Ausl\u00e4nder\u00e4mter in Baden-W\u00fcrttemberg | Adressen und Anschrift","og_description":"Ausl\u00e4nder\u00e4mter in Baden-W\u00fcrttemberg | Adresse und Anschrift \u2713 Telefonnummer, Kontakt und \u00d6ffnungszeiten \u2713 Ausl\u00e4nderbeh\u00f6rden","og_url":"https:\/\/auslaenderaemter.com\/es\/oficinas-de-inmigracion-en-baden-wuerttemberg\/","og_site_name":"auslaenderaemter.com","article_modified_time":"2022-07-04T13:53:43+00:00","og_image":[{"width":640,"height":480,"url":"https:\/\/auslaenderaemter.com\/wp-content\/uploads\/2021\/01\/city-263069_640.jpg","type":"image\/jpeg"}],"twitter_card":"summary_large_image","twitter_misc":{"Tiempo de lectura":"2 minutos"},"schema":{"@context":"https:\/\/schema.org","@graph":[{"@type":"WebPage","@id":"https:\/\/auslaenderaemter.com\/auslaenderaemter-in-baden-wuerttemberg\/","url":"https:\/\/auslaenderaemter.com\/auslaenderaemter-in-baden-wuerttemberg\/","name":"Oficinas de inmigraci\u00f3n en Baden-W\u00fcrttemberg | direcciones y direcci\u00f3n","isPartOf":{"@id":"https:\/\/auslaenderaemter.com\/#website"},"primaryImageOfPage":{"@id":"https:\/\/auslaenderaemter.com\/auslaenderaemter-in-baden-wuerttemberg\/#primaryimage"},"image":{"@id":"https:\/\/auslaenderaemter.com\/auslaenderaemter-in-baden-wuerttemberg\/#primaryimage"},"thumbnailUrl":"https:\/\/auslaenderaemter.com\/wp-content\/uploads\/2021\/01\/city-263069_640.jpg","datePublished":"2021-01-26T13:24:33+00:00","dateModified":"2022-07-04T13:53:43+00:00","description":"Oficinas de inmigraci\u00f3n en Baden-W\u00fcrttemberg | Domicilio y domicilio \u2713 N\u00famero de tel\u00e9fono, contacto y horario \u2713 Autoridades de extranjer\u00eda","breadcrumb":{"@id":"https:\/\/auslaenderaemter.com\/auslaenderaemter-in-baden-wuerttemberg\/#breadcrumb"},"inLanguage":"es","potentialAction":[{"@type":"ReadAction","target":["https:\/\/auslaenderaemter.com\/auslaenderaemter-in-baden-wuerttemberg\/"]}]},{"@type":"ImageObject","inLanguage":"es","@id":"https:\/\/auslaenderaemter.com\/auslaenderaemter-in-baden-wuerttemberg\/#primaryimage","url":"https:\/\/auslaenderaemter.com\/wp-content\/uploads\/2021\/01\/city-263069_640.jpg","contentUrl":"https:\/\/auslaenderaemter.com\/wp-content\/uploads\/2021\/01\/city-263069_640.jpg","width":640,"height":480,"caption":"Ausl\u00e4nder\u00e4mter in Deutschland"},{"@type":"BreadcrumbList","@id":"https:\/\/auslaenderaemter.com\/auslaenderaemter-in-baden-wuerttemberg\/#breadcrumb","itemListElement":[{"@type":"ListItem","position":1,"name":"Startseite","item":"https:\/\/auslaenderaemter.com\/"},{"@type":"ListItem","position":2,"name":"Ausl\u00e4nder\u00e4mter in Baden-W\u00fcrttemberg"}]},{"@type":"WebSite","@id":"https:\/\/auslaenderaemter.com\/#website","url":"https:\/\/auslaenderaemter.com\/","name":"auslaenderaemter.com","description":"","publisher":{"@id":"https:\/\/auslaenderaemter.com\/#organization"},"potentialAction":[{"@type":"SearchAction","target":{"@type":"EntryPoint","urlTemplate":"https:\/\/auslaenderaemter.com\/?s={search_term_string}"},"query-input":{"@type":"PropertyValueSpecification","valueRequired":true,"valueName":"search_term_string"}}],"inLanguage":"es"},{"@type":"Organization","@id":"https:\/\/auslaenderaemter.com\/#organization","name":"auslaenderaemter.com","url":"https:\/\/auslaenderaemter.com\/","logo":{"@type":"ImageObject","inLanguage":"es","@id":"https:\/\/auslaenderaemter.com\/#\/schema\/logo\/image\/","url":"https:\/\/auslaenderaemter.com\/wp-content\/uploads\/2021\/01\/cropped-Vollmond-info-13.png","contentUrl":"https:\/\/auslaenderaemter.com\/wp-content\/uploads\/2021\/01\/cropped-Vollmond-info-13.png","width":500,"height":117,"caption":"auslaenderaemter.com"},"image":{"@id":"https:\/\/auslaenderaemter.com\/#\/schema\/logo\/image\/"}}]}},"_links":{"self":[{"href":"https:\/\/auslaenderaemter.com\/es\/wp-json\/wp\/v2\/pages\/39","targetHints":{"allow":["GET"]}}],"collection":[{"href":"https:\/\/auslaenderaemter.com\/es\/wp-json\/wp\/v2\/pages"}],"about":[{"href":"https:\/\/auslaenderaemter.com\/es\/wp-json\/wp\/v2\/types\/page"}],"author":[{"embeddable":true,"href":"https:\/\/auslaenderaemter.com\/es\/wp-json\/wp\/v2\/users\/1"}],"replies":[{"embeddable":true,"href":"https:\/\/auslaenderaemter.com\/es\/wp-json\/wp\/v2\/comments?post=39"}],"version-history":[{"count":0,"href":"https:\/\/auslaenderaemter.com\/es\/wp-json\/wp\/v2\/pages\/39\/revisions"}],"wp:featuredmedia":[{"embeddable":true,"href":"https:\/\/auslaenderaemter.com\/es\/wp-json\/wp\/v2\/media\/37"}],"wp:attachment":[{"href":"https:\/\/auslaenderaemter.com\/es\/wp-json\/wp\/v2\/media?parent=39"}],"curies":[{"name":"wp","href":"https:\/\/api.w.org\/{rel}","templated":true}]}}