{"id":4039,"date":"2023-06-12T16:23:02","date_gmt":"2023-06-12T14:23:02","guid":{"rendered":"https:\/\/auslaenderaemter.com\/?page_id=4039"},"modified":"2023-06-12T16:23:02","modified_gmt":"2023-06-12T14:23:02","slug":"niederlassungserlaubnis","status":"publish","type":"page","link":"https:\/\/auslaenderaemter.com\/es\/permiso-de-residencia-permanente\/","title":{"rendered":"permiso de residencia permanente"},"content":{"rendered":"<p>El permiso de asentamiento es un permiso de residencia permanente emitido por las autoridades en Alemania y otorga a los ciudadanos extranjeros el derecho a vivir y trabajar en Alemania indefinidamente y sin restricciones.<\/p>\n<h2>Importancia del permiso de asentamiento<\/h2>\n<p>El permiso de establecimiento representa el estatus m\u00e1s alto que un ciudadano extranjero puede adquirir en Alemania y ofrece muchas ventajas. Es ilimitada y otorga a su titular el derecho a realizar cualquier tipo de trabajo en Alemania. Adem\u00e1s, tambi\u00e9n da derecho a viajar a otros pa\u00edses Schengen sin necesidad de visas ni permisos de residencia adicionales.<\/p>\n<h2>Requisitos para el permiso de asentamiento<\/h2>\n<p>Se deben cumplir varios criterios para obtener un permiso de establecimiento en Alemania. Generalmente estos incluyen:<\/p>\n<ol>\n<li><strong>Prueba de un sustento seguro:<\/strong> El solicitante debe poder mantenerse a s\u00ed mismo y a los miembros de su familia dependientes sin recibir asistencia social o beneficios de desempleo.<\/li>\n<li><strong>Permiso de residencia de cinco a\u00f1os:<\/strong> El solicitante debe haber tenido un permiso de residencia durante los \u00faltimos cinco a\u00f1os. No obstante, existen excepciones para profesionales altamente cualificados y aut\u00f3nomos, en los que se puede reducir el plazo.<\/li>\n<li><strong>Prueba de conocimientos suficientes de alem\u00e1n:<\/strong> Como regla general, se requiere un nivel B1 seg\u00fan el Marco Com\u00fan Europeo de Referencia para las Lenguas (MCER).<\/li>\n<li><strong>Sala de estar:<\/strong> El solicitante debe tener suficiente espacio vital para \u00e9l y su familia.<\/li>\n<li><strong>Contribuci\u00f3n al seguro de pensi\u00f3n:<\/strong> Como regla general, el solicitante debe haber hecho contribuciones obligatorias al seguro de pensi\u00f3n obligatorio durante al menos 60 meses.<\/li>\n<\/ol>\n<h2>El proceso de obtenci\u00f3n de un permiso de asentamiento<\/h2>\n<p>La solicitud de un permiso de establecimiento se presenta a la <a href=\"https:\/\/auslaenderaemter.com\/es\/\">autoridad de extranjer\u00eda competente<\/a> metido. El solicitante deber\u00e1 presentar todos los documentos necesarios que acrediten el cumplimiento de los requisitos anteriores.<\/p>\n<p>Despu\u00e9s de presentar la solicitud, la autoridad revisar\u00e1 la solicitud y tomar\u00e1 una decisi\u00f3n. Si la decisi\u00f3n es positiva, el solicitante recibe un permiso de establecimiento. Si se rechaza, el solicitante puede apelar dentro de un cierto per\u00edodo de tiempo o presentar una nueva solicitud si se cumplen las condiciones.<\/p>\n<h2>Conclusi\u00f3n<\/h2>\n<p>El permiso de establecimiento ofrece a los ciudadanos extranjeros la oportunidad de vivir y trabajar en Alemania de forma permanente y con pocas restricciones. A pesar de los criterios estrictos y el proceso detallado, obtener un permiso de asentamiento es un objetivo por el que vale la pena esforzarse para muchos, ya que ofrece un alto nivel de estabilidad y libertad.<\/p>\n<p>El permiso de establecimiento no es solo un documento que confiere el derecho a residir y trabajar en Alemania, sino que tambi\u00e9n es una prueba de la integraci\u00f3n del titular en la sociedad alemana. Requiere una comprensi\u00f3n del idioma alem\u00e1n, el sistema legal alem\u00e1n y el mercado laboral y demuestra una contribuci\u00f3n significativa a la econom\u00eda y la sociedad alemanas.<\/p>\n<p>Sin embargo, es importante recalcar que obtener un permiso de asentamiento no es un proceso f\u00e1cil ni r\u00e1pido. Requiere paciencia, planificaci\u00f3n y preparaci\u00f3n cuidadosa. Cualquier persona que busque un permiso de establecimiento debe comprender completamente los requisitos y el proceso y, si es necesario, buscar ayuda profesional.<\/p>\n<p>El permiso de asentamiento ofrece la ventaja de seguridad y movilidad dentro de la zona Schengen. Para muchos, es un paso decisivo hacia la plena integraci\u00f3n en la sociedad y la cultura alemanas y, por lo tanto, una parte esencial de la vida en Alemania. Representa un compromiso a largo plazo y una inversi\u00f3n en la vida en Alemania, que no solo ofrece ventajas para el individuo, sino tambi\u00e9n para la sociedad alemana en su conjunto.<\/p>","protected":false},"excerpt":{"rendered":"<p>El permiso de asentamiento es un permiso de residencia permanente emitido por las autoridades alemanas y otorga a los ciudadanos extranjeros el derecho a vivir y trabajar en Alemania de forma indefinida y sin restricciones. Importancia del permiso de residencia El permiso de residencia representa el estatus m\u00e1s alto que puede adquirir un ciudadano extranjero en Alemania y ofrece muchas ventajas. Ella es\u2026&nbsp;<a href=\"https:\/\/auslaenderaemter.com\/es\/permiso-de-residencia-permanente\/\" rel=\"bookmark\">Leer m\u00e1s &quot;<span class=\"screen-reader-text\">permiso de residencia permanente<\/span><\/a><\/p>","protected":false},"author":1,"featured_media":9,"parent":0,"menu_order":0,"comment_status":"closed","ping_status":"closed","template":"","meta":{"neve_meta_sidebar":"","neve_meta_container":"","neve_meta_enable_content_width":"off","neve_meta_content_width":100,"neve_meta_title_alignment":"","neve_meta_author_avatar":"","neve_post_elements_order":"","neve_meta_disable_header":"","neve_meta_disable_footer":"","neve_meta_disable_title":"","neve_meta_reading_time":"","footnotes":""},"class_list":["post-4039","page","type-page","status-publish","has-post-thumbnail","hentry"],"yoast_head":"<!-- This site is optimized with the Yoast SEO plugin v27.3 - https:\/\/yoast.com\/product\/yoast-seo-wordpress\/ -->\n<title>Niederlassungserlaubnis - auslaenderaemter.com<\/title>\n<meta name=\"description\" content=\"Erfahren Sie mehr \u00fcber die Niederlassungserlaubnis in Deutschland: Bedeutung, Voraussetzungen und Beantragungsprozess.\" \/>\n<meta name=\"robots\" content=\"index, follow, max-snippet:-1, max-image-preview:large, max-video-preview:-1\" \/>\n<link rel=\"canonical\" href=\"https:\/\/auslaenderaemter.com\/es\/permiso-de-residencia-permanente\/\" \/>\n<meta property=\"og:locale\" content=\"es_ES\" \/>\n<meta property=\"og:type\" content=\"article\" \/>\n<meta property=\"og:title\" content=\"Niederlassungserlaubnis - auslaenderaemter.com\" \/>\n<meta property=\"og:description\" content=\"Erfahren Sie mehr \u00fcber die Niederlassungserlaubnis in Deutschland: Bedeutung, Voraussetzungen und Beantragungsprozess.\" \/>\n<meta property=\"og:url\" content=\"https:\/\/auslaenderaemter.com\/es\/permiso-de-residencia-permanente\/\" \/>\n<meta property=\"og:site_name\" content=\"auslaenderaemter.com\" \/>\n<meta property=\"og:image\" content=\"https:\/\/auslaenderaemter.com\/wp-content\/uploads\/2021\/01\/Vollmond-info-13.png\" \/>\n\t<meta property=\"og:image:width\" content=\"500\" \/>\n\t<meta property=\"og:image:height\" content=\"500\" \/>\n\t<meta property=\"og:image:type\" content=\"image\/png\" \/>\n<meta name=\"twitter:card\" content=\"summary_large_image\" \/>\n<meta name=\"twitter:label1\" content=\"Tiempo de lectura\" \/>\n\t<meta name=\"twitter:data1\" content=\"3 minutos\" \/>\n<script type=\"application\/ld+json\" class=\"yoast-schema-graph\">{\"@context\":\"https:\\\/\\\/schema.org\",\"@graph\":[{\"@type\":\"WebPage\",\"@id\":\"https:\\\/\\\/auslaenderaemter.com\\\/niederlassungserlaubnis\\\/\",\"url\":\"https:\\\/\\\/auslaenderaemter.com\\\/niederlassungserlaubnis\\\/\",\"name\":\"Niederlassungserlaubnis - auslaenderaemter.com\",\"isPartOf\":{\"@id\":\"https:\\\/\\\/auslaenderaemter.com\\\/#website\"},\"primaryImageOfPage\":{\"@id\":\"https:\\\/\\\/auslaenderaemter.com\\\/niederlassungserlaubnis\\\/#primaryimage\"},\"image\":{\"@id\":\"https:\\\/\\\/auslaenderaemter.com\\\/niederlassungserlaubnis\\\/#primaryimage\"},\"thumbnailUrl\":\"https:\\\/\\\/auslaenderaemter.com\\\/wp-content\\\/uploads\\\/2021\\\/01\\\/Vollmond-info-13.png\",\"datePublished\":\"2023-06-12T14:23:02+00:00\",\"description\":\"Erfahren Sie mehr \u00fcber die Niederlassungserlaubnis in Deutschland: Bedeutung, Voraussetzungen und Beantragungsprozess.\",\"breadcrumb\":{\"@id\":\"https:\\\/\\\/auslaenderaemter.com\\\/niederlassungserlaubnis\\\/#breadcrumb\"},\"inLanguage\":\"es\",\"potentialAction\":[{\"@type\":\"ReadAction\",\"target\":[\"https:\\\/\\\/auslaenderaemter.com\\\/niederlassungserlaubnis\\\/\"]}]},{\"@type\":\"ImageObject\",\"inLanguage\":\"es\",\"@id\":\"https:\\\/\\\/auslaenderaemter.com\\\/niederlassungserlaubnis\\\/#primaryimage\",\"url\":\"https:\\\/\\\/auslaenderaemter.com\\\/wp-content\\\/uploads\\\/2021\\\/01\\\/Vollmond-info-13.png\",\"contentUrl\":\"https:\\\/\\\/auslaenderaemter.com\\\/wp-content\\\/uploads\\\/2021\\\/01\\\/Vollmond-info-13.png\",\"width\":500,\"height\":500,\"caption\":\"Abschiebung\"},{\"@type\":\"BreadcrumbList\",\"@id\":\"https:\\\/\\\/auslaenderaemter.com\\\/niederlassungserlaubnis\\\/#breadcrumb\",\"itemListElement\":[{\"@type\":\"ListItem\",\"position\":1,\"name\":\"Startseite\",\"item\":\"https:\\\/\\\/auslaenderaemter.com\\\/\"},{\"@type\":\"ListItem\",\"position\":2,\"name\":\"Niederlassungserlaubnis\"}]},{\"@type\":\"WebSite\",\"@id\":\"https:\\\/\\\/auslaenderaemter.com\\\/#website\",\"url\":\"https:\\\/\\\/auslaenderaemter.com\\\/\",\"name\":\"auslaenderaemter.com\",\"description\":\"\",\"publisher\":{\"@id\":\"https:\\\/\\\/auslaenderaemter.com\\\/#organization\"},\"potentialAction\":[{\"@type\":\"SearchAction\",\"target\":{\"@type\":\"EntryPoint\",\"urlTemplate\":\"https:\\\/\\\/auslaenderaemter.com\\\/?s={search_term_string}\"},\"query-input\":{\"@type\":\"PropertyValueSpecification\",\"valueRequired\":true,\"valueName\":\"search_term_string\"}}],\"inLanguage\":\"es\"},{\"@type\":\"Organization\",\"@id\":\"https:\\\/\\\/auslaenderaemter.com\\\/#organization\",\"name\":\"auslaenderaemter.com\",\"url\":\"https:\\\/\\\/auslaenderaemter.com\\\/\",\"logo\":{\"@type\":\"ImageObject\",\"inLanguage\":\"es\",\"@id\":\"https:\\\/\\\/auslaenderaemter.com\\\/#\\\/schema\\\/logo\\\/image\\\/\",\"url\":\"https:\\\/\\\/auslaenderaemter.com\\\/wp-content\\\/uploads\\\/2021\\\/01\\\/cropped-Vollmond-info-13.png\",\"contentUrl\":\"https:\\\/\\\/auslaenderaemter.com\\\/wp-content\\\/uploads\\\/2021\\\/01\\\/cropped-Vollmond-info-13.png\",\"width\":500,\"height\":117,\"caption\":\"auslaenderaemter.com\"},\"image\":{\"@id\":\"https:\\\/\\\/auslaenderaemter.com\\\/#\\\/schema\\\/logo\\\/image\\\/\"}}]}<\/script>\n<!-- \/ Yoast SEO plugin. -->","yoast_head_json":{"title":"Permiso de establecimiento - auslaenderaemter.com","description":"Obtenga m\u00e1s informaci\u00f3n sobre el permiso de establecimiento en Alemania: significado, requisitos y proceso de solicitud.","robots":{"index":"index","follow":"follow","max-snippet":"max-snippet:-1","max-image-preview":"max-image-preview:large","max-video-preview":"max-video-preview:-1"},"canonical":"https:\/\/auslaenderaemter.com\/es\/permiso-de-residencia-permanente\/","og_locale":"es_ES","og_type":"article","og_title":"Niederlassungserlaubnis - auslaenderaemter.com","og_description":"Erfahren Sie mehr \u00fcber die Niederlassungserlaubnis in Deutschland: Bedeutung, Voraussetzungen und Beantragungsprozess.","og_url":"https:\/\/auslaenderaemter.com\/es\/permiso-de-residencia-permanente\/","og_site_name":"auslaenderaemter.com","og_image":[{"width":500,"height":500,"url":"https:\/\/auslaenderaemter.com\/wp-content\/uploads\/2021\/01\/Vollmond-info-13.png","type":"image\/png"}],"twitter_card":"summary_large_image","twitter_misc":{"Tiempo de lectura":"3 minutos"},"schema":{"@context":"https:\/\/schema.org","@graph":[{"@type":"WebPage","@id":"https:\/\/auslaenderaemter.com\/niederlassungserlaubnis\/","url":"https:\/\/auslaenderaemter.com\/niederlassungserlaubnis\/","name":"Permiso de establecimiento - auslaenderaemter.com","isPartOf":{"@id":"https:\/\/auslaenderaemter.com\/#website"},"primaryImageOfPage":{"@id":"https:\/\/auslaenderaemter.com\/niederlassungserlaubnis\/#primaryimage"},"image":{"@id":"https:\/\/auslaenderaemter.com\/niederlassungserlaubnis\/#primaryimage"},"thumbnailUrl":"https:\/\/auslaenderaemter.com\/wp-content\/uploads\/2021\/01\/Vollmond-info-13.png","datePublished":"2023-06-12T14:23:02+00:00","description":"Obtenga m\u00e1s informaci\u00f3n sobre el permiso de establecimiento en Alemania: significado, requisitos y proceso de solicitud.","breadcrumb":{"@id":"https:\/\/auslaenderaemter.com\/niederlassungserlaubnis\/#breadcrumb"},"inLanguage":"es","potentialAction":[{"@type":"ReadAction","target":["https:\/\/auslaenderaemter.com\/niederlassungserlaubnis\/"]}]},{"@type":"ImageObject","inLanguage":"es","@id":"https:\/\/auslaenderaemter.com\/niederlassungserlaubnis\/#primaryimage","url":"https:\/\/auslaenderaemter.com\/wp-content\/uploads\/2021\/01\/Vollmond-info-13.png","contentUrl":"https:\/\/auslaenderaemter.com\/wp-content\/uploads\/2021\/01\/Vollmond-info-13.png","width":500,"height":500,"caption":"Abschiebung"},{"@type":"BreadcrumbList","@id":"https:\/\/auslaenderaemter.com\/niederlassungserlaubnis\/#breadcrumb","itemListElement":[{"@type":"ListItem","position":1,"name":"Startseite","item":"https:\/\/auslaenderaemter.com\/"},{"@type":"ListItem","position":2,"name":"Niederlassungserlaubnis"}]},{"@type":"WebSite","@id":"https:\/\/auslaenderaemter.com\/#website","url":"https:\/\/auslaenderaemter.com\/","name":"auslaenderaemter.com","description":"","publisher":{"@id":"https:\/\/auslaenderaemter.com\/#organization"},"potentialAction":[{"@type":"SearchAction","target":{"@type":"EntryPoint","urlTemplate":"https:\/\/auslaenderaemter.com\/?s={search_term_string}"},"query-input":{"@type":"PropertyValueSpecification","valueRequired":true,"valueName":"search_term_string"}}],"inLanguage":"es"},{"@type":"Organization","@id":"https:\/\/auslaenderaemter.com\/#organization","name":"auslaenderaemter.com","url":"https:\/\/auslaenderaemter.com\/","logo":{"@type":"ImageObject","inLanguage":"es","@id":"https:\/\/auslaenderaemter.com\/#\/schema\/logo\/image\/","url":"https:\/\/auslaenderaemter.com\/wp-content\/uploads\/2021\/01\/cropped-Vollmond-info-13.png","contentUrl":"https:\/\/auslaenderaemter.com\/wp-content\/uploads\/2021\/01\/cropped-Vollmond-info-13.png","width":500,"height":117,"caption":"auslaenderaemter.com"},"image":{"@id":"https:\/\/auslaenderaemter.com\/#\/schema\/logo\/image\/"}}]}},"_links":{"self":[{"href":"https:\/\/auslaenderaemter.com\/es\/wp-json\/wp\/v2\/pages\/4039","targetHints":{"allow":["GET"]}}],"collection":[{"href":"https:\/\/auslaenderaemter.com\/es\/wp-json\/wp\/v2\/pages"}],"about":[{"href":"https:\/\/auslaenderaemter.com\/es\/wp-json\/wp\/v2\/types\/page"}],"author":[{"embeddable":true,"href":"https:\/\/auslaenderaemter.com\/es\/wp-json\/wp\/v2\/users\/1"}],"replies":[{"embeddable":true,"href":"https:\/\/auslaenderaemter.com\/es\/wp-json\/wp\/v2\/comments?post=4039"}],"version-history":[{"count":0,"href":"https:\/\/auslaenderaemter.com\/es\/wp-json\/wp\/v2\/pages\/4039\/revisions"}],"wp:featuredmedia":[{"embeddable":true,"href":"https:\/\/auslaenderaemter.com\/es\/wp-json\/wp\/v2\/media\/9"}],"wp:attachment":[{"href":"https:\/\/auslaenderaemter.com\/es\/wp-json\/wp\/v2\/media?parent=4039"}],"curies":[{"name":"wp","href":"https:\/\/api.w.org\/{rel}","templated":true}]}}