{"id":4041,"date":"2023-06-12T16:24:19","date_gmt":"2023-06-12T14:24:19","guid":{"rendered":"https:\/\/auslaenderaemter.com\/?page_id=4041"},"modified":"2023-06-12T16:24:19","modified_gmt":"2023-06-12T14:24:19","slug":"niederlassungserlaubnis-eu","status":"publish","type":"page","link":"https:\/\/auslaenderaemter.com\/es\/permiso-de-asentamiento-ue\/","title":{"rendered":"Permiso de establecimiento UE"},"content":{"rendered":"<p>El <a href=\"https:\/\/auslaenderaemter.com\/es\/permiso-de-residencia-permanente\/\">permiso de residencia permanente<\/a> es un concepto clave en la pol\u00edtica de inmigraci\u00f3n de la Uni\u00f3n Europea, que permite a los nacionales de terceros pa\u00edses vivir y trabajar en un estado miembro de la UE a largo plazo. Este art\u00edculo ofrece una descripci\u00f3n detallada del permiso de establecimiento de la UE, su significado, los requisitos para el mismo y el proceso de solicitud.<\/p>\n<h2>\u00bfQu\u00e9 es el permiso de asentamiento de la UE?<\/h2>\n<p>El permiso de establecimiento de la UE, tambi\u00e9n conocido como permiso de residencia permanente de la UE, es un tipo de <a href=\"https:\/\/auslaenderaemter.com\/es\/permiso-de-residencia\/\">permiso de residencia<\/a>, que permite a los ciudadanos de pa\u00edses no pertenecientes a la UE, los llamados nacionales de terceros pa\u00edses, vivir de forma permanente en un estado miembro de la UE. Los titulares de dicho permiso tienen derecho a vivir, trabajar y estudiar en el pa\u00eds de la UE correspondiente y tienen muchos de los mismos derechos que los ciudadanos de la UE.<\/p>\n<h2>Requisitos previos para el permiso de establecimiento de la UE<\/h2>\n<p>Los requisitos exactos para obtener un permiso de establecimiento de la UE pueden variar seg\u00fan el estado miembro. Sin embargo, hay algunos requisitos generales que se aplican en toda la UE:<\/p>\n<ol>\n<li><strong>Residencia permanente:<\/strong> El solicitante debe haber vivido legalmente en el pa\u00eds de la UE correspondiente durante al menos cinco a\u00f1os consecutivos.<\/li>\n<li><strong>Recursos financieros suficientes:<\/strong> El solicitante debe demostrar que tiene suficientes recursos econ\u00f3micos para mantenerse a s\u00ed mismo (y a cualquier familiar dependiente) sin tener que reclamar asistencia social.<\/li>\n<li><strong>Seguro de salud:<\/strong> El solicitante debe tener un seguro m\u00e9dico integral para s\u00ed mismo y todos los miembros de la familia dependientes.<\/li>\n<li><strong>Sin peligro para la seguridad o el orden p\u00fablicos:<\/strong> El solicitante no debe representar una amenaza para la seguridad o el orden p\u00fablico.<\/li>\n<\/ol>\n<h2>El procedimiento de solicitud del permiso de establecimiento de la UE<\/h2>\n<p>El proceso de solicitud de un permiso de establecimiento de la UE generalmente comienza con la autoridad de inmigraci\u00f3n pertinente en el pa\u00eds de la UE correspondiente. El solicitante deber\u00e1 aportar toda la documentaci\u00f3n requerida que acredite que cumple con los requisitos anteriores. Por ejemplo, esto puede incluir prueba de residencia permanente, recursos financieros y cobertura de seguro m\u00e9dico.<\/p>\n<p>Despu\u00e9s de examinar la solicitud y los documentos, la autoridad tomar\u00e1 una decisi\u00f3n. Si la decisi\u00f3n es positiva, se conceder\u00e1 al solicitante un permiso de establecimiento comunitario. Si la solicitud es rechazada, el solicitante tiene derecho a apelar o presentar la solicitud nuevamente en una fecha posterior si se cumplen los requisitos.<\/p>\n<p>Cabe se\u00f1alar que los t\u00e9rminos y procedimientos exactos pueden variar seg\u00fan el pa\u00eds. Por lo tanto, es importante que el solicitante investigue a fondo los requisitos espec\u00edficos del pa\u00eds de su elecci\u00f3n.<\/p>\n<h2>Conclusi\u00f3n<\/h2>\n<p>El permiso de establecimiento de la UE es una parte importante de la pol\u00edtica de inmigraci\u00f3n de la UE y ofrece a los nacionales de terceros pa\u00edses la oportunidad de vivir y trabajar de forma permanente en un pa\u00eds de la UE. Representa un compromiso a largo plazo y una inversi\u00f3n en la vida dentro de la UE y abre una multitud de oportunidades y derechos que de otro modo estar\u00edan reservados solo para los ciudadanos de la UE.<\/p>\n<p>Es un proceso que requiere cuidado, planificaci\u00f3n y paciencia. Pero la recompensa es un estatus permanente que ofrece un alto nivel de estabilidad y libertad y sienta las bases para una vida permanente en la Uni\u00f3n Europea.<\/p>","protected":false},"excerpt":{"rendered":"<p>El permiso de establecimiento es un concepto clave en la pol\u00edtica de inmigraci\u00f3n de la Uni\u00f3n Europea, que permite a los nacionales de terceros pa\u00edses vivir y trabajar a largo plazo en un estado miembro de la UE. Este art\u00edculo proporciona una descripci\u00f3n detallada del permiso de establecimiento de la UE, su significado, los requisitos y el proceso de solicitud. \u00bfQu\u00e9 es el permiso de asentamiento de la UE? El permiso de establecimiento de la UE, tambi\u00e9n conocido como permiso de residencia permanente de la UE, es un tipo de\u2026&nbsp;<a href=\"https:\/\/auslaenderaemter.com\/es\/permiso-de-asentamiento-ue\/\" rel=\"bookmark\">Leer m\u00e1s &quot;<span class=\"screen-reader-text\">Permiso de establecimiento UE<\/span><\/a><\/p>","protected":false},"author":1,"featured_media":9,"parent":0,"menu_order":0,"comment_status":"closed","ping_status":"closed","template":"","meta":{"neve_meta_sidebar":"","neve_meta_container":"","neve_meta_enable_content_width":"off","neve_meta_content_width":100,"neve_meta_title_alignment":"","neve_meta_author_avatar":"","neve_post_elements_order":"","neve_meta_disable_header":"","neve_meta_disable_footer":"","neve_meta_disable_title":"","neve_meta_reading_time":"","footnotes":""},"class_list":["post-4041","page","type-page","status-publish","has-post-thumbnail","hentry"],"yoast_head":"<!-- This site is optimized with the Yoast SEO plugin v27.4 - https:\/\/yoast.com\/product\/yoast-seo-wordpress\/ -->\n<title>Niederlassungserlaubnis-EU - auslaenderaemter.com<\/title>\n<meta name=\"description\" content=\"Lernen Sie die EU-Niederlassungserlaubnis kennen: Voraussetzungen, Bedeutung und Antragsverfahren erkl\u00e4rt.\" \/>\n<meta name=\"robots\" content=\"index, follow, max-snippet:-1, max-image-preview:large, max-video-preview:-1\" \/>\n<link rel=\"canonical\" href=\"https:\/\/auslaenderaemter.com\/es\/permiso-de-asentamiento-ue\/\" \/>\n<meta property=\"og:locale\" content=\"es_ES\" \/>\n<meta property=\"og:type\" content=\"article\" \/>\n<meta property=\"og:title\" content=\"Niederlassungserlaubnis-EU - auslaenderaemter.com\" \/>\n<meta property=\"og:description\" content=\"Lernen Sie die EU-Niederlassungserlaubnis kennen: Voraussetzungen, Bedeutung und Antragsverfahren erkl\u00e4rt.\" \/>\n<meta property=\"og:url\" content=\"https:\/\/auslaenderaemter.com\/es\/permiso-de-asentamiento-ue\/\" \/>\n<meta property=\"og:site_name\" content=\"auslaenderaemter.com\" \/>\n<meta property=\"og:image\" content=\"https:\/\/auslaenderaemter.com\/wp-content\/uploads\/2021\/01\/Vollmond-info-13.png\" \/>\n\t<meta property=\"og:image:width\" content=\"500\" \/>\n\t<meta property=\"og:image:height\" content=\"500\" \/>\n\t<meta property=\"og:image:type\" content=\"image\/png\" \/>\n<meta name=\"twitter:card\" content=\"summary_large_image\" \/>\n<meta name=\"twitter:label1\" content=\"Tiempo de lectura\" \/>\n\t<meta name=\"twitter:data1\" content=\"3 minutos\" \/>\n<script type=\"application\/ld+json\" class=\"yoast-schema-graph\">{\"@context\":\"https:\\\/\\\/schema.org\",\"@graph\":[{\"@type\":\"WebPage\",\"@id\":\"https:\\\/\\\/auslaenderaemter.com\\\/niederlassungserlaubnis-eu\\\/\",\"url\":\"https:\\\/\\\/auslaenderaemter.com\\\/niederlassungserlaubnis-eu\\\/\",\"name\":\"Niederlassungserlaubnis-EU - auslaenderaemter.com\",\"isPartOf\":{\"@id\":\"https:\\\/\\\/auslaenderaemter.com\\\/#website\"},\"primaryImageOfPage\":{\"@id\":\"https:\\\/\\\/auslaenderaemter.com\\\/niederlassungserlaubnis-eu\\\/#primaryimage\"},\"image\":{\"@id\":\"https:\\\/\\\/auslaenderaemter.com\\\/niederlassungserlaubnis-eu\\\/#primaryimage\"},\"thumbnailUrl\":\"https:\\\/\\\/auslaenderaemter.com\\\/wp-content\\\/uploads\\\/2021\\\/01\\\/Vollmond-info-13.png\",\"datePublished\":\"2023-06-12T14:24:19+00:00\",\"description\":\"Lernen Sie die EU-Niederlassungserlaubnis kennen: Voraussetzungen, Bedeutung und Antragsverfahren erkl\u00e4rt.\",\"breadcrumb\":{\"@id\":\"https:\\\/\\\/auslaenderaemter.com\\\/niederlassungserlaubnis-eu\\\/#breadcrumb\"},\"inLanguage\":\"es\",\"potentialAction\":[{\"@type\":\"ReadAction\",\"target\":[\"https:\\\/\\\/auslaenderaemter.com\\\/niederlassungserlaubnis-eu\\\/\"]}]},{\"@type\":\"ImageObject\",\"inLanguage\":\"es\",\"@id\":\"https:\\\/\\\/auslaenderaemter.com\\\/niederlassungserlaubnis-eu\\\/#primaryimage\",\"url\":\"https:\\\/\\\/auslaenderaemter.com\\\/wp-content\\\/uploads\\\/2021\\\/01\\\/Vollmond-info-13.png\",\"contentUrl\":\"https:\\\/\\\/auslaenderaemter.com\\\/wp-content\\\/uploads\\\/2021\\\/01\\\/Vollmond-info-13.png\",\"width\":500,\"height\":500,\"caption\":\"Abschiebung\"},{\"@type\":\"BreadcrumbList\",\"@id\":\"https:\\\/\\\/auslaenderaemter.com\\\/niederlassungserlaubnis-eu\\\/#breadcrumb\",\"itemListElement\":[{\"@type\":\"ListItem\",\"position\":1,\"name\":\"Startseite\",\"item\":\"https:\\\/\\\/auslaenderaemter.com\\\/\"},{\"@type\":\"ListItem\",\"position\":2,\"name\":\"Niederlassungserlaubnis-EU\"}]},{\"@type\":\"WebSite\",\"@id\":\"https:\\\/\\\/auslaenderaemter.com\\\/#website\",\"url\":\"https:\\\/\\\/auslaenderaemter.com\\\/\",\"name\":\"auslaenderaemter.com\",\"description\":\"\",\"publisher\":{\"@id\":\"https:\\\/\\\/auslaenderaemter.com\\\/#organization\"},\"potentialAction\":[{\"@type\":\"SearchAction\",\"target\":{\"@type\":\"EntryPoint\",\"urlTemplate\":\"https:\\\/\\\/auslaenderaemter.com\\\/?s={search_term_string}\"},\"query-input\":{\"@type\":\"PropertyValueSpecification\",\"valueRequired\":true,\"valueName\":\"search_term_string\"}}],\"inLanguage\":\"es\"},{\"@type\":\"Organization\",\"@id\":\"https:\\\/\\\/auslaenderaemter.com\\\/#organization\",\"name\":\"auslaenderaemter.com\",\"url\":\"https:\\\/\\\/auslaenderaemter.com\\\/\",\"logo\":{\"@type\":\"ImageObject\",\"inLanguage\":\"es\",\"@id\":\"https:\\\/\\\/auslaenderaemter.com\\\/#\\\/schema\\\/logo\\\/image\\\/\",\"url\":\"https:\\\/\\\/auslaenderaemter.com\\\/wp-content\\\/uploads\\\/2021\\\/01\\\/cropped-Vollmond-info-13.png\",\"contentUrl\":\"https:\\\/\\\/auslaenderaemter.com\\\/wp-content\\\/uploads\\\/2021\\\/01\\\/cropped-Vollmond-info-13.png\",\"width\":500,\"height\":117,\"caption\":\"auslaenderaemter.com\"},\"image\":{\"@id\":\"https:\\\/\\\/auslaenderaemter.com\\\/#\\\/schema\\\/logo\\\/image\\\/\"}}]}<\/script>\n<!-- \/ Yoast SEO plugin. -->","yoast_head_json":{"title":"Permiso de Establecimiento UE - auslaenderaemter.com","description":"Conoce el permiso de asentamiento UE: Requisitos, importancia y procedimiento de solicitud explicados.","robots":{"index":"index","follow":"follow","max-snippet":"max-snippet:-1","max-image-preview":"max-image-preview:large","max-video-preview":"max-video-preview:-1"},"canonical":"https:\/\/auslaenderaemter.com\/es\/permiso-de-asentamiento-ue\/","og_locale":"es_ES","og_type":"article","og_title":"Niederlassungserlaubnis-EU - auslaenderaemter.com","og_description":"Lernen Sie die EU-Niederlassungserlaubnis kennen: Voraussetzungen, Bedeutung und Antragsverfahren erkl\u00e4rt.","og_url":"https:\/\/auslaenderaemter.com\/es\/permiso-de-asentamiento-ue\/","og_site_name":"auslaenderaemter.com","og_image":[{"width":500,"height":500,"url":"https:\/\/auslaenderaemter.com\/wp-content\/uploads\/2021\/01\/Vollmond-info-13.png","type":"image\/png"}],"twitter_card":"summary_large_image","twitter_misc":{"Tiempo de lectura":"3 minutos"},"schema":{"@context":"https:\/\/schema.org","@graph":[{"@type":"WebPage","@id":"https:\/\/auslaenderaemter.com\/niederlassungserlaubnis-eu\/","url":"https:\/\/auslaenderaemter.com\/niederlassungserlaubnis-eu\/","name":"Permiso de Establecimiento UE - auslaenderaemter.com","isPartOf":{"@id":"https:\/\/auslaenderaemter.com\/#website"},"primaryImageOfPage":{"@id":"https:\/\/auslaenderaemter.com\/niederlassungserlaubnis-eu\/#primaryimage"},"image":{"@id":"https:\/\/auslaenderaemter.com\/niederlassungserlaubnis-eu\/#primaryimage"},"thumbnailUrl":"https:\/\/auslaenderaemter.com\/wp-content\/uploads\/2021\/01\/Vollmond-info-13.png","datePublished":"2023-06-12T14:24:19+00:00","description":"Conoce el permiso de asentamiento UE: Requisitos, importancia y procedimiento de solicitud explicados.","breadcrumb":{"@id":"https:\/\/auslaenderaemter.com\/niederlassungserlaubnis-eu\/#breadcrumb"},"inLanguage":"es","potentialAction":[{"@type":"ReadAction","target":["https:\/\/auslaenderaemter.com\/niederlassungserlaubnis-eu\/"]}]},{"@type":"ImageObject","inLanguage":"es","@id":"https:\/\/auslaenderaemter.com\/niederlassungserlaubnis-eu\/#primaryimage","url":"https:\/\/auslaenderaemter.com\/wp-content\/uploads\/2021\/01\/Vollmond-info-13.png","contentUrl":"https:\/\/auslaenderaemter.com\/wp-content\/uploads\/2021\/01\/Vollmond-info-13.png","width":500,"height":500,"caption":"Abschiebung"},{"@type":"BreadcrumbList","@id":"https:\/\/auslaenderaemter.com\/niederlassungserlaubnis-eu\/#breadcrumb","itemListElement":[{"@type":"ListItem","position":1,"name":"Startseite","item":"https:\/\/auslaenderaemter.com\/"},{"@type":"ListItem","position":2,"name":"Niederlassungserlaubnis-EU"}]},{"@type":"WebSite","@id":"https:\/\/auslaenderaemter.com\/#website","url":"https:\/\/auslaenderaemter.com\/","name":"auslaenderaemter.com","description":"","publisher":{"@id":"https:\/\/auslaenderaemter.com\/#organization"},"potentialAction":[{"@type":"SearchAction","target":{"@type":"EntryPoint","urlTemplate":"https:\/\/auslaenderaemter.com\/?s={search_term_string}"},"query-input":{"@type":"PropertyValueSpecification","valueRequired":true,"valueName":"search_term_string"}}],"inLanguage":"es"},{"@type":"Organization","@id":"https:\/\/auslaenderaemter.com\/#organization","name":"auslaenderaemter.com","url":"https:\/\/auslaenderaemter.com\/","logo":{"@type":"ImageObject","inLanguage":"es","@id":"https:\/\/auslaenderaemter.com\/#\/schema\/logo\/image\/","url":"https:\/\/auslaenderaemter.com\/wp-content\/uploads\/2021\/01\/cropped-Vollmond-info-13.png","contentUrl":"https:\/\/auslaenderaemter.com\/wp-content\/uploads\/2021\/01\/cropped-Vollmond-info-13.png","width":500,"height":117,"caption":"auslaenderaemter.com"},"image":{"@id":"https:\/\/auslaenderaemter.com\/#\/schema\/logo\/image\/"}}]}},"_links":{"self":[{"href":"https:\/\/auslaenderaemter.com\/es\/wp-json\/wp\/v2\/pages\/4041","targetHints":{"allow":["GET"]}}],"collection":[{"href":"https:\/\/auslaenderaemter.com\/es\/wp-json\/wp\/v2\/pages"}],"about":[{"href":"https:\/\/auslaenderaemter.com\/es\/wp-json\/wp\/v2\/types\/page"}],"author":[{"embeddable":true,"href":"https:\/\/auslaenderaemter.com\/es\/wp-json\/wp\/v2\/users\/1"}],"replies":[{"embeddable":true,"href":"https:\/\/auslaenderaemter.com\/es\/wp-json\/wp\/v2\/comments?post=4041"}],"version-history":[{"count":0,"href":"https:\/\/auslaenderaemter.com\/es\/wp-json\/wp\/v2\/pages\/4041\/revisions"}],"wp:featuredmedia":[{"embeddable":true,"href":"https:\/\/auslaenderaemter.com\/es\/wp-json\/wp\/v2\/media\/9"}],"wp:attachment":[{"href":"https:\/\/auslaenderaemter.com\/es\/wp-json\/wp\/v2\/media?parent=4041"}],"curies":[{"name":"wp","href":"https:\/\/api.w.org\/{rel}","templated":true}]}}