{"id":58,"date":"2021-01-26T14:39:06","date_gmt":"2021-01-26T13:39:06","guid":{"rendered":"https:\/\/auslaenderaemter.com\/?page_id=58"},"modified":"2022-07-04T18:44:18","modified_gmt":"2022-07-04T16:44:18","slug":"auslaenderaemter-in-niedersachsen","status":"publish","type":"page","link":"https:\/\/auslaenderaemter.com\/es\/oficinas-de-inmigracion-en-baja-sajonia\/","title":{"rendered":"Oficinas de inmigraci\u00f3n en Baja Sajonia"},"content":{"rendered":"<p><strong>Aqu\u00ed encontrar\u00e1 informaci\u00f3n de contacto, direcciones y horarios de apertura de las oficinas de inmigraci\u00f3n \/ autoridades de inmigraci\u00f3n - en Baja Sajonia.<\/strong><\/p>\n<h2><span id=\"Uebersicht_aller_Jobcenter_in_Baden-Wuerttemberg\" class=\"ez-toc-section\">Resumen de todas las oficinas de inmigraci\u00f3n \/ autoridades de inmigraci\u00f3n en Baja Sajonia<\/span><\/h2>\n<ul>\n<li><a href=\"https:\/\/auslaenderaemter.com\/es\/oficina-de-inmigracion-aurich\/\">Aurich<\/a><\/li>\n<li><a href=\"https:\/\/auslaenderaemter.com\/es\/oficina-de-inmigracion-bad-fallingborstel\/\">Bad Fallingbostel<\/a><\/li>\n<li><a href=\"https:\/\/auslaenderaemter.com\/es\/freno-de-la-oficina-de-inmigracion\/\">Freno<\/a><\/li>\n<li><a href=\"https:\/\/auslaenderaemter.com\/es\/oficina-de-inmigracion-bramsche\/\">Bramsche<\/a><\/li>\n<li><a href=\"https:\/\/auslaenderaemter.com\/es\/oficina-de-inmigracion-brunswick\/\">brunswick<\/a><\/li>\n<li><a href=\"https:\/\/auslaenderaemter.com\/es\/oficina-de-inmigracion-celle\/\">Celle<\/a><\/li>\n<li><a href=\"https:\/\/auslaenderaemter.com\/es\/oficina-de-inmigracion-cloppenburg\/\">Cloppenburg<\/a><\/li>\n<li><a href=\"https:\/\/auslaenderaemter.com\/es\/oficina-de-inmigracion-cuxhaven\/\">cuxhaven<\/a><\/li>\n<li><a href=\"https:\/\/auslaenderaemter.com\/es\/oficina-de-inmigracion-delmenhorst\/\">Delmenhorst<\/a><\/li>\n<li><a href=\"https:\/\/auslaenderaemter.com\/es\/oficina-de-inmigracion-diepholz\/\">Diepholz<\/a><\/li>\n<li><a href=\"https:\/\/auslaenderaemter.com\/es\/oficina-de-inmigracion-emden\/\">Emden<\/a><\/li>\n<li><a href=\"https:\/\/auslaenderaemter.com\/es\/oficina-de-inmigracion-gifhorn\/\">Gifcuerno<\/a><\/li>\n<li><a href=\"https:\/\/auslaenderaemter.com\/es\/oficina-de-inmigracion-goslar\/\">Goslar<\/a><\/li>\n<li><a href=\"https:\/\/auslaenderaemter.com\/es\/oficina-de-inmigracion-goettingen\/\">G\u00f6ttingen<\/a><\/li>\n<li><a href=\"https:\/\/auslaenderaemter.com\/es\/oficina-de-inmigracion-hameln\/\">Hamel\u00edn<\/a><\/li>\n<li><a href=\"https:\/\/auslaenderaemter.com\/es\/oficina-de-inmigracion-hannover\/\">Hanovre<\/a><\/li>\n<li><a href=\"https:\/\/auslaenderaemter.com\/es\/oficina-de-inmigracion-helmstedt\/\">Helmstedt<\/a><\/li>\n<li><a href=\"https:\/\/auslaenderaemter.com\/es\/oficina-de-inmigracion-hildesheim\/\">Hildesheim<\/a><\/li>\n<li><a href=\"https:\/\/auslaenderaemter.com\/es\/oficina-de-inmigracion-holzminden\/\">Holzminden<\/a><\/li>\n<li><a href=\"https:\/\/auslaenderaemter.com\/es\/oficina-de-inmigracion-jever\/\">alguna vez<\/a><\/li>\n<li><a href=\"https:\/\/auslaenderaemter.com\/es\/oficina-de-inmigracion-langenhagen\/\">Langenhagen<\/a><\/li>\n<li><a href=\"https:\/\/auslaenderaemter.com\/es\/oficina-de-inmigracion-vacio\/\">Vac\u00edo<\/a><\/li>\n<li><a href=\"https:\/\/auslaenderaemter.com\/es\/oficina-de-inmigracion-lingen\/\">Lingen<\/a><\/li>\n<li><a href=\"https:\/\/auslaenderaemter.com\/es\/oficina-de-inmigracion-luechow\/\">Luechow<\/a><\/li>\n<li><a href=\"https:\/\/auslaenderaemter.com\/es\/oficina-de-inmigracion-lueneburg\/\">L\u00fcneburg<\/a><\/li>\n<li><a href=\"https:\/\/auslaenderaemter.com\/es\/oficina-de-inmigracion-meppen\/\">meppen<\/a><\/li>\n<li><a href=\"https:\/\/auslaenderaemter.com\/es\/oficina-de-inmigracion-nienburg\/\">Nienburgo<\/a><\/li>\n<li><a href=\"https:\/\/auslaenderaemter.com\/es\/oficina-de-inmigracion-nordhorn\/\">cuerno norte<\/a><\/li>\n<li><a href=\"https:\/\/auslaenderaemter.com\/es\/oficina-de-inmigracion-northeim\/\">Northeim<\/a><\/li>\n<li><a href=\"https:\/\/auslaenderaemter.com\/es\/oficina-de-inmigracion-oldenburg\/\">Oldemburgo<\/a><\/li>\n<li><a href=\"https:\/\/auslaenderaemter.com\/es\/oficina-de-inmigracion-osnabrueck\/\">Osnabr\u00fcck<\/a><\/li>\n<li><a href=\"https:\/\/auslaenderaemter.com\/es\/oficina-de-inmigracion-osterholz-scharmbeck\/\">Osterholz-Scharmbeck<\/a><\/li>\n<li><a href=\"https:\/\/auslaenderaemter.com\/es\/oficina-de-inmigracion-osterode-am-harz\/\">Osterode am Harz<\/a><\/li>\n<li><a href=\"https:\/\/auslaenderaemter.com\/es\/oficina-de-inmigracion-peine\/\">dolor<\/a><\/li>\n<li><a href=\"https:\/\/auslaenderaemter.com\/es\/oficina-de-inmigracion-ratzeburg\/\">Ratzeburgo<\/a><\/li>\n<li><a href=\"https:\/\/auslaenderaemter.com\/es\/oficina-de-inmigracion-rotenburg\/\">Rotemburgo<\/a><\/li>\n<li><a href=\"https:\/\/auslaenderaemter.com\/es\/oficina-de-inmigracion-salzgitter\/\">Salzgitter<\/a><\/li>\n<li><a href=\"https:\/\/auslaenderaemter.com\/es\/oficina-de-inmigracion-estadio\/\">ciudad<\/a><\/li>\n<li><a href=\"https:\/\/auslaenderaemter.com\/es\/oficina-de-inmigracion-stadthagen\/\">Stadthagen<\/a><\/li>\n<li><a href=\"https:\/\/auslaenderaemter.com\/es\/oficina-de-inmigracion-syke\/\">syke<\/a><\/li>\n<li><a href=\"https:\/\/auslaenderaemter.com\/es\/oficina-de-inmigracion-uelzen\/\">Uelzen<\/a><\/li>\n<li><a href=\"https:\/\/auslaenderaemter.com\/es\/oficina-de-inmigracion-vechta\/\">Vechta<\/a><\/li>\n<li><a href=\"https:\/\/auslaenderaemter.com\/es\/oficina-de-inmigracion-verden\/\">verde<\/a><\/li>\n<li><a href=\"https:\/\/auslaenderaemter.com\/es\/oficina-de-inmigracion-westerstede\/\">Westerstede<\/a><\/li>\n<li><a href=\"https:\/\/auslaenderaemter.com\/es\/oficina-de-inmigracion-wildeshausen\/\">Wildeshausen<\/a><\/li>\n<li><a href=\"https:\/\/auslaenderaemter.com\/es\/oficina-de-inmigracion-wilhelmshaven\/\">Wilhelmshaven<\/a><\/li>\n<li><a href=\"https:\/\/auslaenderaemter.com\/es\/oficina-de-inmigracion-winsen\/\">gimoteo<\/a><\/li>\n<li><a href=\"https:\/\/auslaenderaemter.com\/es\/oficina-de-inmigracion-wittmund\/\">Wittmund<\/a><\/li>\n<li><a href=\"https:\/\/auslaenderaemter.com\/es\/oficina-de-inmigracion-wolfenbuettel\/\">Wolfenbuettel<\/a><\/li>\n<li><a href=\"https:\/\/auslaenderaemter.com\/es\/oficina-de-inmigracion-wolfsburg\/\">Wolfsburgo<\/a><\/li>\n<\/ul>\n<h3>Tareas de las autoridades de inmigraci\u00f3n<\/h3>\n<p>Las autoridades de inmigraci\u00f3n son responsables de las medidas en relaci\u00f3n con la ley de residencia y pasaporte. Ellos deciden de acuerdo con la Ley de Residencia y las disposiciones de otras leyes de inmigraci\u00f3n.<\/p>\n<p><strong>Otras tareas y servicios son:<\/strong><\/p>\n<ul>\n<li>Permiso de residencia electr\u00f3nico (eAT)<\/li>\n<li>Persona de contacto para la ayuda a los refugiados<\/li>\n<li>permiso de trabajo<\/li>\n<li>entrada\u00a0<span class=\"highlight\">y<\/span>\u00a0Alojamiento en Alemania<\/li>\n<li>asilo<\/li>\n<li>integraci\u00f3n<\/li>\n<li>declaraci\u00f3n de compromiso<\/li>\n<\/ul>\n<h3>Cita en la Oficina de Extranjer\u00eda<\/h3>\n<p>En la mayor\u00eda de los casos, puede concertar una cita por tel\u00e9fono, utilizando el formulario de contacto o a trav\u00e9s del portal de servicios de la ciudad respectiva. Aseg\u00farese de tener todos los documentos necesarios antes de visitar la oficina de inmigraci\u00f3n.<\/p>\n<div class=\"su-note\"  style=\"border-color:#dadbdd;border-radius:2px;-moz-border-radius:2px;-webkit-border-radius:2px;\"><div class=\"su-note-inner su-u-clearfix su-u-trim\" style=\"background-color:#f4f5f7;border-color:#ffffff;color:#333333;border-radius:2px;-moz-border-radius:2px;-webkit-border-radius:2px;\"><strong>Una noticia:<\/strong> Para oficinas, autoridades o tribunales, normalmente necesita los documentos, certificados o certificados como <a href=\"https:\/\/auslaenderaemter.com\/es\/traduccion-certificada-de-documentos-oficiales\/\">traducci\u00f3n certificada<\/a>.<\/div><\/div>\n<ul>\n<li>Con un\u00a0<a href=\"https:\/\/auslaenderaemter.com\/es\/declaracion-de-compromiso\/\" data-wpel-link=\"internal\">declaraci\u00f3n de compromiso<\/a>\u00a0puede permitir que los visitantes extranjeros entren en Alemania.<\/li>\n<li><strong>\u00bfEst\u00e1s esperando visitas del extranjero?<\/strong>\u00a0Con un\u00a0<a href=\"https:\/\/tidd.ly\/3u98xUL\" target=\"_blank\" rel=\"nofollow noopener external noreferrer\" data-wpel-link=\"external\">Seguro m\u00e9dico de viaje para hu\u00e9spedes extranjeros<\/a>* est\u00e1s totalmente protegido en Alemania y Europa.<\/li>\n<\/ul>\n<h3>M\u00e1s lejos <span class=\"ez-toc-section\">autoridades de inmigracion <\/span>enlaces y fuentes<\/h3>\n<ul>\n<li><a href=\"https:\/\/auslaenderaemter.com\/es\/\">Oficinas de inmigraci\u00f3n en Alemania<\/a><\/li>\n<li><a href=\"https:\/\/www.bamf.de\/DE\/Startseite\/startseite_node.html\" target=\"_blank\" rel=\"noopener nofollow external noreferrer\" data-wpel-link=\"external\">Oficina Federal de Migraci\u00f3n y Refugiados<\/a>\u00a0(BAMF)<\/li>\n<\/ul>","protected":false},"excerpt":{"rendered":"<p>Aqu\u00ed encontrar\u00e1 informaci\u00f3n de contacto, direcciones y horarios de apertura de las oficinas de inmigraci\u00f3n \/ autoridades de inmigraci\u00f3n - en Baja Sajonia. Resumen de todas las oficinas de inmigraci\u00f3n \/ autoridades de inmigraci\u00f3n en Baja Sajonia Aurich Bad Fallingbostel Brake Bramsche Braunschweig Celle Cloppenburg Cuxhaven Delmenhorst Diepholz Emden Gifhorn Goslar Goettingen Hameln Hannover Helmstedt Hildesheim Holzminden Jever Langenhagen Leer Lingen L\u00fcchow L\u00fcneburg Meppen Nienburg Nordhorn Northeim Oldenburg Osnabr\u00fcck Osterholz-Scharmbeck Osterode...&nbsp;<a href=\"https:\/\/auslaenderaemter.com\/es\/oficinas-de-inmigracion-en-baja-sajonia\/\" rel=\"bookmark\">Leer m\u00e1s &quot;<span class=\"screen-reader-text\">Oficinas de inmigraci\u00f3n en Baja Sajonia<\/span><\/a><\/p>","protected":false},"author":1,"featured_media":37,"parent":0,"menu_order":0,"comment_status":"closed","ping_status":"closed","template":"","meta":{"neve_meta_sidebar":"full-width","neve_meta_container":"","neve_meta_enable_content_width":"on","neve_meta_content_width":100,"neve_meta_title_alignment":"","neve_meta_author_avatar":"","neve_post_elements_order":"","neve_meta_disable_header":"","neve_meta_disable_footer":"","neve_meta_disable_title":"","neve_meta_reading_time":"","footnotes":""},"class_list":["post-58","page","type-page","status-publish","has-post-thumbnail","hentry"],"yoast_head":"<!-- This site is optimized with the Yoast SEO plugin v27.3 - https:\/\/yoast.com\/product\/yoast-seo-wordpress\/ -->\n<title>Ausl\u00e4nder\u00e4mter in Niedersachsen | Adresse, Anschrift und Kontakt<\/title>\n<meta name=\"description\" content=\"Ausl\u00e4nder\u00e4mter in Niedersachsen | Adresse und Anschrift \u2713 Telefonnummer, Kontakt und \u00d6ffnungszeiten \u2713 Ausl\u00e4nderbeh\u00f6rden in Deutschland\" \/>\n<meta name=\"robots\" content=\"index, follow, max-snippet:-1, max-image-preview:large, max-video-preview:-1\" \/>\n<link rel=\"canonical\" href=\"https:\/\/auslaenderaemter.com\/es\/oficinas-de-inmigracion-en-baja-sajonia\/\" \/>\n<meta property=\"og:locale\" content=\"es_ES\" \/>\n<meta property=\"og:type\" content=\"article\" \/>\n<meta property=\"og:title\" content=\"Ausl\u00e4nder\u00e4mter in Niedersachsen | Adresse, Anschrift und Kontakt\" \/>\n<meta property=\"og:description\" content=\"Ausl\u00e4nder\u00e4mter in Niedersachsen | Adresse und Anschrift \u2713 Telefonnummer, Kontakt und \u00d6ffnungszeiten \u2713 Ausl\u00e4nderbeh\u00f6rden in Deutschland\" \/>\n<meta property=\"og:url\" content=\"https:\/\/auslaenderaemter.com\/es\/oficinas-de-inmigracion-en-baja-sajonia\/\" \/>\n<meta property=\"og:site_name\" content=\"auslaenderaemter.com\" \/>\n<meta property=\"article:modified_time\" content=\"2022-07-04T16:44:18+00:00\" \/>\n<meta property=\"og:image\" content=\"https:\/\/auslaenderaemter.com\/wp-content\/uploads\/2021\/01\/city-263069_640.jpg\" \/>\n\t<meta property=\"og:image:width\" content=\"640\" \/>\n\t<meta property=\"og:image:height\" content=\"480\" \/>\n\t<meta property=\"og:image:type\" content=\"image\/jpeg\" \/>\n<meta name=\"twitter:card\" content=\"summary_large_image\" \/>\n<meta name=\"twitter:label1\" content=\"Tiempo de lectura\" \/>\n\t<meta name=\"twitter:data1\" content=\"1 minuto\" \/>\n<script type=\"application\/ld+json\" class=\"yoast-schema-graph\">{\"@context\":\"https:\\\/\\\/schema.org\",\"@graph\":[{\"@type\":\"WebPage\",\"@id\":\"https:\\\/\\\/auslaenderaemter.com\\\/auslaenderaemter-in-niedersachsen\\\/\",\"url\":\"https:\\\/\\\/auslaenderaemter.com\\\/auslaenderaemter-in-niedersachsen\\\/\",\"name\":\"Ausl\u00e4nder\u00e4mter in Niedersachsen | Adresse, Anschrift und Kontakt\",\"isPartOf\":{\"@id\":\"https:\\\/\\\/auslaenderaemter.com\\\/#website\"},\"primaryImageOfPage\":{\"@id\":\"https:\\\/\\\/auslaenderaemter.com\\\/auslaenderaemter-in-niedersachsen\\\/#primaryimage\"},\"image\":{\"@id\":\"https:\\\/\\\/auslaenderaemter.com\\\/auslaenderaemter-in-niedersachsen\\\/#primaryimage\"},\"thumbnailUrl\":\"https:\\\/\\\/auslaenderaemter.com\\\/wp-content\\\/uploads\\\/2021\\\/01\\\/city-263069_640.jpg\",\"datePublished\":\"2021-01-26T13:39:06+00:00\",\"dateModified\":\"2022-07-04T16:44:18+00:00\",\"description\":\"Ausl\u00e4nder\u00e4mter in Niedersachsen | Adresse und Anschrift \u2713 Telefonnummer, Kontakt und \u00d6ffnungszeiten \u2713 Ausl\u00e4nderbeh\u00f6rden in Deutschland\",\"breadcrumb\":{\"@id\":\"https:\\\/\\\/auslaenderaemter.com\\\/auslaenderaemter-in-niedersachsen\\\/#breadcrumb\"},\"inLanguage\":\"es\",\"potentialAction\":[{\"@type\":\"ReadAction\",\"target\":[\"https:\\\/\\\/auslaenderaemter.com\\\/auslaenderaemter-in-niedersachsen\\\/\"]}]},{\"@type\":\"ImageObject\",\"inLanguage\":\"es\",\"@id\":\"https:\\\/\\\/auslaenderaemter.com\\\/auslaenderaemter-in-niedersachsen\\\/#primaryimage\",\"url\":\"https:\\\/\\\/auslaenderaemter.com\\\/wp-content\\\/uploads\\\/2021\\\/01\\\/city-263069_640.jpg\",\"contentUrl\":\"https:\\\/\\\/auslaenderaemter.com\\\/wp-content\\\/uploads\\\/2021\\\/01\\\/city-263069_640.jpg\",\"width\":640,\"height\":480,\"caption\":\"Ausl\u00e4nder\u00e4mter in Deutschland\"},{\"@type\":\"BreadcrumbList\",\"@id\":\"https:\\\/\\\/auslaenderaemter.com\\\/auslaenderaemter-in-niedersachsen\\\/#breadcrumb\",\"itemListElement\":[{\"@type\":\"ListItem\",\"position\":1,\"name\":\"Startseite\",\"item\":\"https:\\\/\\\/auslaenderaemter.com\\\/\"},{\"@type\":\"ListItem\",\"position\":2,\"name\":\"Ausl\u00e4nder\u00e4mter in Niedersachsen\"}]},{\"@type\":\"WebSite\",\"@id\":\"https:\\\/\\\/auslaenderaemter.com\\\/#website\",\"url\":\"https:\\\/\\\/auslaenderaemter.com\\\/\",\"name\":\"auslaenderaemter.com\",\"description\":\"\",\"publisher\":{\"@id\":\"https:\\\/\\\/auslaenderaemter.com\\\/#organization\"},\"potentialAction\":[{\"@type\":\"SearchAction\",\"target\":{\"@type\":\"EntryPoint\",\"urlTemplate\":\"https:\\\/\\\/auslaenderaemter.com\\\/?s={search_term_string}\"},\"query-input\":{\"@type\":\"PropertyValueSpecification\",\"valueRequired\":true,\"valueName\":\"search_term_string\"}}],\"inLanguage\":\"es\"},{\"@type\":\"Organization\",\"@id\":\"https:\\\/\\\/auslaenderaemter.com\\\/#organization\",\"name\":\"auslaenderaemter.com\",\"url\":\"https:\\\/\\\/auslaenderaemter.com\\\/\",\"logo\":{\"@type\":\"ImageObject\",\"inLanguage\":\"es\",\"@id\":\"https:\\\/\\\/auslaenderaemter.com\\\/#\\\/schema\\\/logo\\\/image\\\/\",\"url\":\"https:\\\/\\\/auslaenderaemter.com\\\/wp-content\\\/uploads\\\/2021\\\/01\\\/cropped-Vollmond-info-13.png\",\"contentUrl\":\"https:\\\/\\\/auslaenderaemter.com\\\/wp-content\\\/uploads\\\/2021\\\/01\\\/cropped-Vollmond-info-13.png\",\"width\":500,\"height\":117,\"caption\":\"auslaenderaemter.com\"},\"image\":{\"@id\":\"https:\\\/\\\/auslaenderaemter.com\\\/#\\\/schema\\\/logo\\\/image\\\/\"}}]}<\/script>\n<!-- \/ Yoast SEO plugin. -->","yoast_head_json":{"title":"Oficinas de inmigraci\u00f3n en Baja Sajonia | Direcci\u00f3n, domicilio y contacto","description":"Oficinas de inmigraci\u00f3n en Baja Sajonia | Direcci\u00f3n y direcci\u00f3n \u2713 N\u00famero de tel\u00e9fono, contacto y horarios de apertura \u2713 Autoridades de inmigraci\u00f3n en Alemania","robots":{"index":"index","follow":"follow","max-snippet":"max-snippet:-1","max-image-preview":"max-image-preview:large","max-video-preview":"max-video-preview:-1"},"canonical":"https:\/\/auslaenderaemter.com\/es\/oficinas-de-inmigracion-en-baja-sajonia\/","og_locale":"es_ES","og_type":"article","og_title":"Ausl\u00e4nder\u00e4mter in Niedersachsen | Adresse, Anschrift und Kontakt","og_description":"Ausl\u00e4nder\u00e4mter in Niedersachsen | Adresse und Anschrift \u2713 Telefonnummer, Kontakt und \u00d6ffnungszeiten \u2713 Ausl\u00e4nderbeh\u00f6rden in Deutschland","og_url":"https:\/\/auslaenderaemter.com\/es\/oficinas-de-inmigracion-en-baja-sajonia\/","og_site_name":"auslaenderaemter.com","article_modified_time":"2022-07-04T16:44:18+00:00","og_image":[{"width":640,"height":480,"url":"https:\/\/auslaenderaemter.com\/wp-content\/uploads\/2021\/01\/city-263069_640.jpg","type":"image\/jpeg"}],"twitter_card":"summary_large_image","twitter_misc":{"Tiempo de lectura":"1 minuto"},"schema":{"@context":"https:\/\/schema.org","@graph":[{"@type":"WebPage","@id":"https:\/\/auslaenderaemter.com\/auslaenderaemter-in-niedersachsen\/","url":"https:\/\/auslaenderaemter.com\/auslaenderaemter-in-niedersachsen\/","name":"Oficinas de inmigraci\u00f3n en Baja Sajonia | Direcci\u00f3n, domicilio y contacto","isPartOf":{"@id":"https:\/\/auslaenderaemter.com\/#website"},"primaryImageOfPage":{"@id":"https:\/\/auslaenderaemter.com\/auslaenderaemter-in-niedersachsen\/#primaryimage"},"image":{"@id":"https:\/\/auslaenderaemter.com\/auslaenderaemter-in-niedersachsen\/#primaryimage"},"thumbnailUrl":"https:\/\/auslaenderaemter.com\/wp-content\/uploads\/2021\/01\/city-263069_640.jpg","datePublished":"2021-01-26T13:39:06+00:00","dateModified":"2022-07-04T16:44:18+00:00","description":"Oficinas de inmigraci\u00f3n en Baja Sajonia | Direcci\u00f3n y direcci\u00f3n \u2713 N\u00famero de tel\u00e9fono, contacto y horarios de apertura \u2713 Autoridades de inmigraci\u00f3n en Alemania","breadcrumb":{"@id":"https:\/\/auslaenderaemter.com\/auslaenderaemter-in-niedersachsen\/#breadcrumb"},"inLanguage":"es","potentialAction":[{"@type":"ReadAction","target":["https:\/\/auslaenderaemter.com\/auslaenderaemter-in-niedersachsen\/"]}]},{"@type":"ImageObject","inLanguage":"es","@id":"https:\/\/auslaenderaemter.com\/auslaenderaemter-in-niedersachsen\/#primaryimage","url":"https:\/\/auslaenderaemter.com\/wp-content\/uploads\/2021\/01\/city-263069_640.jpg","contentUrl":"https:\/\/auslaenderaemter.com\/wp-content\/uploads\/2021\/01\/city-263069_640.jpg","width":640,"height":480,"caption":"Ausl\u00e4nder\u00e4mter in Deutschland"},{"@type":"BreadcrumbList","@id":"https:\/\/auslaenderaemter.com\/auslaenderaemter-in-niedersachsen\/#breadcrumb","itemListElement":[{"@type":"ListItem","position":1,"name":"Startseite","item":"https:\/\/auslaenderaemter.com\/"},{"@type":"ListItem","position":2,"name":"Ausl\u00e4nder\u00e4mter in Niedersachsen"}]},{"@type":"WebSite","@id":"https:\/\/auslaenderaemter.com\/#website","url":"https:\/\/auslaenderaemter.com\/","name":"auslaenderaemter.com","description":"","publisher":{"@id":"https:\/\/auslaenderaemter.com\/#organization"},"potentialAction":[{"@type":"SearchAction","target":{"@type":"EntryPoint","urlTemplate":"https:\/\/auslaenderaemter.com\/?s={search_term_string}"},"query-input":{"@type":"PropertyValueSpecification","valueRequired":true,"valueName":"search_term_string"}}],"inLanguage":"es"},{"@type":"Organization","@id":"https:\/\/auslaenderaemter.com\/#organization","name":"auslaenderaemter.com","url":"https:\/\/auslaenderaemter.com\/","logo":{"@type":"ImageObject","inLanguage":"es","@id":"https:\/\/auslaenderaemter.com\/#\/schema\/logo\/image\/","url":"https:\/\/auslaenderaemter.com\/wp-content\/uploads\/2021\/01\/cropped-Vollmond-info-13.png","contentUrl":"https:\/\/auslaenderaemter.com\/wp-content\/uploads\/2021\/01\/cropped-Vollmond-info-13.png","width":500,"height":117,"caption":"auslaenderaemter.com"},"image":{"@id":"https:\/\/auslaenderaemter.com\/#\/schema\/logo\/image\/"}}]}},"_links":{"self":[{"href":"https:\/\/auslaenderaemter.com\/es\/wp-json\/wp\/v2\/pages\/58","targetHints":{"allow":["GET"]}}],"collection":[{"href":"https:\/\/auslaenderaemter.com\/es\/wp-json\/wp\/v2\/pages"}],"about":[{"href":"https:\/\/auslaenderaemter.com\/es\/wp-json\/wp\/v2\/types\/page"}],"author":[{"embeddable":true,"href":"https:\/\/auslaenderaemter.com\/es\/wp-json\/wp\/v2\/users\/1"}],"replies":[{"embeddable":true,"href":"https:\/\/auslaenderaemter.com\/es\/wp-json\/wp\/v2\/comments?post=58"}],"version-history":[{"count":0,"href":"https:\/\/auslaenderaemter.com\/es\/wp-json\/wp\/v2\/pages\/58\/revisions"}],"wp:featuredmedia":[{"embeddable":true,"href":"https:\/\/auslaenderaemter.com\/es\/wp-json\/wp\/v2\/media\/37"}],"wp:attachment":[{"href":"https:\/\/auslaenderaemter.com\/es\/wp-json\/wp\/v2\/media?parent=58"}],"curies":[{"name":"wp","href":"https:\/\/api.w.org\/{rel}","templated":true}]}}