{"id":60,"date":"2021-01-26T14:40:35","date_gmt":"2021-01-26T13:40:35","guid":{"rendered":"https:\/\/auslaenderaemter.com\/?page_id=60"},"modified":"2022-10-28T15:34:48","modified_gmt":"2022-10-28T13:34:48","slug":"auslaenderaemter-in-nordrhein-westphalen","status":"publish","type":"page","link":"https:\/\/auslaenderaemter.com\/es\/oficinas-de-inmigracion-en-rin-del-norte-westphalen\/","title":{"rendered":"Oficinas de inmigraci\u00f3n en Renania del Norte-Westfalia"},"content":{"rendered":"<p><strong>Aqu\u00ed encontrar\u00e1 informaci\u00f3n de contacto, direcciones y horarios de apertura de las oficinas de inmigraci\u00f3n \/ autoridades de inmigraci\u00f3n - en Renania del Norte-Westfalia.<\/strong><\/p>\n<h2><span id=\"Uebersicht_aller_Jobcenter_in_Baden-Wuerttemberg\" class=\"ez-toc-section\">Resumen de todas las oficinas de inmigraci\u00f3n \/ autoridades de inmigraci\u00f3n en Renania del Norte-Westfalia<\/span><\/h2>\n<ul>\n<li><a href=\"https:\/\/auslaenderaemter.com\/es\/oficina-de-inmigracion-aachen\/\">Aquisgr\u00e1n<\/a><\/li>\n<li><a href=\"https:\/\/auslaenderaemter.com\/es\/oficina-de-inmigracion-altena\/\">Alte\u00f1a<\/a><\/li>\n<li><a href=\"https:\/\/auslaenderaemter.com\/es\/oficina-de-inmigracion-arnsberg\/\">arnsberg<\/a><\/li>\n<li><a href=\"https:\/\/auslaenderaemter.com\/es\/oficina-de-inmigracion-balve\/\">balve<\/a><\/li>\n<li><a href=\"https:\/\/auslaenderaemter.com\/es\/oficina-de-inmigracion-bergheim\/\">casa de monta\u00f1a<\/a><\/li>\n<li><a href=\"https:\/\/auslaenderaemter.com\/es\/oficina-de-inmigracion-bergisch-gladbach\/\">Bergisch-Gladbach<\/a><\/li>\n<li><a href=\"https:\/\/auslaenderaemter.com\/es\/oficina-de-inmigracion-bergkamen\/\">monta\u00f1as<\/a><\/li>\n<li><a href=\"https:\/\/auslaenderaemter.com\/es\/oficina-de-inmigracion-bielefeld\/\">Bielefeld<\/a><\/li>\n<li><a href=\"https:\/\/auslaenderaemter.com\/es\/oficina-de-inmigracion-blomberg\/\">Blomberg<\/a><\/li>\n<li><a href=\"https:\/\/auslaenderaemter.com\/es\/oficina-de-inmigracion-bocholt\/\">Bocholt<\/a><\/li>\n<li><a href=\"https:\/\/auslaenderaemter.com\/es\/oficina-de-inmigracion-bochum\/\">Bochum<\/a><\/li>\n<li><a href=\"https:\/\/auslaenderaemter.com\/es\/oficina-de-inmigracion-bonn\/\">Bonn<\/a><\/li>\n<li><a href=\"https:\/\/auslaenderaemter.com\/es\/oficina-de-inmigracion-borken\/\">ladrar<\/a><\/li>\n<li><a href=\"https:\/\/auslaenderaemter.com\/es\/oficina-de-inmigracion-bottrop\/\">Bottrop<\/a><\/li>\n<li><a href=\"https:\/\/auslaenderaemter.com\/es\/oficina-de-inmigracion-brilon\/\">Bril\u00f3n<\/a><\/li>\n<li><a href=\"https:\/\/auslaenderaemter.com\/es\/oficina-de-inmigracion-bruehl\/\">Br\u00fchl<\/a><\/li>\n<li><a href=\"https:\/\/auslaenderaemter.com\/es\/oficina-de-extranjeria-castrop-rauxel\/\">Castrop-Rauxel<\/a><\/li>\n<li><a href=\"https:\/\/auslaenderaemter.com\/es\/oficina-de-inmigracion-coesfeld\/\">Coesfeld<\/a><\/li>\n<li><a href=\"https:\/\/auslaenderaemter.com\/es\/fechas-de-la-oficina-de-inmigracion\/\">fechas<\/a><\/li>\n<li><a href=\"https:\/\/auslaenderaemter.com\/es\/oficina-de-inmigracion-detmold\/\">Desmoldar<\/a><\/li>\n<li><a href=\"https:\/\/auslaenderaemter.com\/es\/oficina-de-inmigracion-dinslaken\/\">Dinslaken<\/a><\/li>\n<li><a href=\"https:\/\/auslaenderaemter.com\/es\/oficina-de-inmigracion-dormagen\/\">Dormagen<\/a><\/li>\n<li><a href=\"https:\/\/auslaenderaemter.com\/es\/oficina-de-inmigracion-dorsten\/\">Dorsten<\/a><\/li>\n<li><a href=\"https:\/\/auslaenderaemter.com\/es\/oficina-de-inmigracion-dortmund\/\">Dormund<\/a><\/li>\n<li><a href=\"https:\/\/auslaenderaemter.com\/es\/oficina-de-inmigracion-duisburg\/\">Duisburgo<\/a><\/li>\n<li><a href=\"https:\/\/auslaenderaemter.com\/es\/oficina-de-inmigracion-dueren\/\">D\u00fcren<\/a><\/li>\n<li><a href=\"https:\/\/auslaenderaemter.com\/es\/oficina-de-inmigracion-desseldorf\/\">D\u00fcsseldorf<\/a><\/li>\n<li><a href=\"https:\/\/auslaenderaemter.com\/es\/oficina-de-inmigracion-ennepetal\/\">Ennepetal<\/a><\/li>\n<li><a href=\"https:\/\/auslaenderaemter.com\/es\/oficina-de-inmigracion-erkrath\/\">rascar<\/a><\/li>\n<li><a href=\"https:\/\/auslaenderaemter.com\/es\/oficina-de-inmigracion-essen\/\">comida<\/a><\/li>\n<li><a href=\"https:\/\/auslaenderaemter.com\/es\/oficina-de-extranjeria-euskirchen\/\">Euskirchen<\/a><\/li>\n<li><a href=\"https:\/\/auslaenderaemter.com\/es\/oficina-de-inmigracion-froendenberg\/\">Fr\u00f6ndenberg<\/a><\/li>\n<li><a href=\"https:\/\/auslaenderaemter.com\/es\/fondos-de-la-oficina-de-inmigracion\/\">fondos<\/a><\/li>\n<li><a href=\"https:\/\/auslaenderaemter.com\/es\/oficina-de-inmigracion-gelsenkirchen\/\">Gelsenkirchen<\/a><\/li>\n<li><a href=\"https:\/\/auslaenderaemter.com\/es\/oficina-de-inmigracion-gevelsberg\/\">Gevelsberg<\/a><\/li>\n<li><a href=\"https:\/\/auslaenderaemter.com\/es\/oficina-de-inmigracion-grevenbroich\/\">Grevenbroich<\/a><\/li>\n<li><a href=\"https:\/\/auslaenderaemter.com\/es\/oficina-de-inmigracion-gummersbach\/\">Gummersbach<\/a><\/li>\n<li><a href=\"https:\/\/auslaenderaemter.com\/es\/oficina-de-inmigracion-guetersloh\/\">G\u00fctersloh<\/a><\/li>\n<li><a href=\"https:\/\/auslaenderaemter.com\/es\/oficina-de-inmigracion-hagen\/\">hagen<\/a><\/li>\n<li><a href=\"https:\/\/auslaenderaemter.com\/es\/oficina-de-inmigracion-halver\/\">mitad<\/a><\/li>\n<li><a href=\"https:\/\/auslaenderaemter.com\/es\/oficina-de-inmigracion-hammm\/\">Hamm<\/a><\/li>\n<li><a href=\"https:\/\/auslaenderaemter.com\/es\/oficina-de-inmigracion-heinsberg\/\">Heinsberg<\/a><\/li>\n<li><a href=\"https:\/\/auslaenderaemter.com\/es\/oficina-de-inmigracion-herford\/\">Herford<\/a><\/li>\n<li><a href=\"https:\/\/auslaenderaemter.com\/es\/oficina-de-inmigracion-herne\/\">herne<\/a><\/li>\n<li><a href=\"https:\/\/auslaenderaemter.com\/es\/oficina-de-inmigracion-hiddenhausen\/\">Hiddenhausen<\/a><\/li>\n<li><a href=\"https:\/\/auslaenderaemter.com\/es\/oficina-de-inmigracion-hoexter\/\">Hoxter<\/a><\/li>\n<li><a href=\"https:\/\/auslaenderaemter.com\/es\/oficina-de-inmigracion-ingelheim-am-rhein\/\">Ingelheim en el Rin<\/a><\/li>\n<li><a href=\"https:\/\/auslaenderaemter.com\/es\/oficina-de-inmigracion-iserlohn\/\">Iserlohn<\/a><\/li>\n<li><a href=\"https:\/\/auslaenderaemter.com\/es\/oficina-de-inmigracion-kerpen\/\">Kerpen<\/a><\/li>\n<li><a href=\"https:\/\/auslaenderaemter.com\/es\/oficina-de-inmigracion-kierspe\/\">Kierspe<\/a><\/li>\n<li><a href=\"https:\/\/auslaenderaemter.com\/es\/oficina-de-inmigracion-kleve\/\">Kl\u00e9ve<\/a><\/li>\n<li><a href=\"https:\/\/auslaenderaemter.com\/es\/oficina-de-inmigracion-colonia\/\">Colonia<\/a><\/li>\n<li><a href=\"https:\/\/auslaenderaemter.com\/es\/oficina-de-inmigracion-krefeld\/\">Krefeld<\/a><\/li>\n<li><a href=\"https:\/\/auslaenderaemter.com\/es\/oficina-de-inmigracion-lemgo\/\">lemgo<\/a><\/li>\n<li><a href=\"https:\/\/auslaenderaemter.com\/es\/oficina-de-inmigracion-leverkusen\/\">Leverkusen<\/a><\/li>\n<li><a href=\"https:\/\/auslaenderaemter.com\/es\/oficina-de-inmigracion-lippstadt\/\">Lippstadt<\/a><\/li>\n<li><a href=\"https:\/\/auslaenderaemter.com\/es\/oficina-de-inmigracion-luedenscheid\/\">L\u00fcdenscheid<\/a><\/li>\n<li><a href=\"https:\/\/auslaenderaemter.com\/es\/oficina-de-inmigracion-luenen\/\">L\u00fcnen<\/a><\/li>\n<li><a href=\"https:\/\/auslaenderaemter.com\/es\/oficina-de-inmigracion-meinerzhagen\/\">Meinerzhagen<\/a><\/li>\n<li><a href=\"https:\/\/auslaenderaemter.com\/es\/oficina-de-inmigracion-menden\/\">Menden<\/a><\/li>\n<li><a href=\"https:\/\/auslaenderaemter.com\/es\/oficina-de-inmigracion-meschede\/\">meschede<\/a><\/li>\n<li><a href=\"https:\/\/auslaenderaemter.com\/es\/oficina-de-inmigracion-mettmann\/\">Mettmann<\/a><\/li>\n<li><a href=\"https:\/\/auslaenderaemter.com\/es\/oficina-de-inmigracion-minden\/\">mente<\/a><\/li>\n<li><a href=\"https:\/\/auslaenderaemter.com\/es\/oficina-de-inmigracion-moers\/\">Moers<\/a><\/li>\n<li><a href=\"https:\/\/auslaenderaemter.com\/es\/oficina-de-inmigracion-moenchengladbach\/\">M\u00f6nchengladbach<\/a><\/li>\n<li><a href=\"https:\/\/auslaenderaemter.com\/es\/oficina-de-inmigracion-muelheim-an-der-ruhr\/\">Mulheim an der Ruhr<\/a><\/li>\n<li><a href=\"https:\/\/auslaenderaemter.com\/es\/oficina-de-inmigracion-muenster\/\">queso Muenster<\/a><\/li>\n<li><a href=\"https:\/\/auslaenderaemter.com\/es\/oficina-de-inmigracion-neuenrade\/\">Neuenrade<\/a><\/li>\n<li><a href=\"https:\/\/auslaenderaemter.com\/es\/oficina-de-inmigracion-neuss\/\">neuss<\/a><\/li>\n<li><a href=\"https:\/\/auslaenderaemter.com\/es\/oficina-de-inmigracion-oberhausen\/\">Oberhausen<\/a><\/li>\n<li><a href=\"https:\/\/auslaenderaemter.com\/es\/oficina-de-inmigracion-paderborn\/\">Paderborn<\/a><\/li>\n<li><a href=\"https:\/\/auslaenderaemter.com\/es\/oficina-de-inmigracion-plettenberg\/\">Plettenberg<\/a><\/li>\n<li><a href=\"https:\/\/auslaenderaemter.com\/es\/oficina-de-inmigracion-recklinghausen\/\">Recklinghausen<\/a><\/li>\n<li><a href=\"https:\/\/auslaenderaemter.com\/es\/oficina-de-inmigracion-remscheid\/\">Remscheid<\/a><\/li>\n<li><a href=\"https:\/\/auslaenderaemter.com\/es\/oficina-de-inmigracion-rheda-wiedenbrueck\/\">Rheda Wiedenbr\u00fcck<\/a><\/li>\n<li><a href=\"https:\/\/auslaenderaemter.com\/es\/oficina-de-inmigracion-rheinbach\/\">Rheinbach<\/a><\/li>\n<li><a href=\"https:\/\/auslaenderaemter.com\/es\/oficina-de-inmigracion-rheine\/\">Rin<\/a><\/li>\n<li><a href=\"https:\/\/auslaenderaemter.com\/es\/oficina-de-inmigracion-schleiden\/\">deslizar<\/a><\/li>\n<li><a href=\"https:\/\/auslaenderaemter.com\/es\/oficina-de-inmigracion-schwelm\/\">latente<\/a><\/li>\n<li><a href=\"https:\/\/auslaenderaemter.com\/es\/oficina-de-inmigracion-siegburg\/\">Siegburgo<\/a><\/li>\n<li><a href=\"https:\/\/auslaenderaemter.com\/es\/oficina-de-inmigracion-soest\/\">Soest<\/a><\/li>\n<li><a href=\"https:\/\/auslaenderaemter.com\/es\/oficina-de-inmigracion-solingen\/\">Solingen<\/a><\/li>\n<li><a href=\"https:\/\/auslaenderaemter.com\/es\/oficina-de-inmigracion-steinfurt\/\">Steinfurt<\/a><\/li>\n<li><a href=\"https:\/\/auslaenderaemter.com\/es\/oficina-de-inmigracion-troisdorf\/\">Troisdorf<\/a><\/li>\n<li><a href=\"https:\/\/auslaenderaemter.com\/es\/oficina-de-inmigracion-unna\/\">Unna<\/a><\/li>\n<li><a href=\"https:\/\/auslaenderaemter.com\/es\/oficina-de-inmigracion-velbert\/\">Velbert<\/a><\/li>\n<li><a href=\"https:\/\/auslaenderaemter.com\/es\/oficina-de-inmigracion-viersen\/\">Viersen<\/a><\/li>\n<li><a href=\"https:\/\/auslaenderaemter.com\/es\/oficina-de-inmigracion-warendorf\/\">Warendorf<\/a><\/li>\n<li><a href=\"https:\/\/auslaenderaemter.com\/es\/oficina-de-inmigracion-werdohl\/\">Werdohl<\/a><\/li>\n<li><a href=\"https:\/\/auslaenderaemter.com\/es\/oficina-de-inmigracion-wesel\/\">Wesel<\/a><\/li>\n<li><a href=\"https:\/\/auslaenderaemter.com\/es\/oficina-de-inmigracion-witten\/\">Witten<\/a><\/li>\n<li><a href=\"https:\/\/auslaenderaemter.com\/es\/oficina-de-inmigracion-wuppertal\/\">Wuppertal<\/a><\/li>\n<li><a href=\"https:\/\/auslaenderaemter.com\/es\/oficina-de-inmigracion-zuelpich\/\">Zulpich<\/a><\/li>\n<\/ul>\n<h3>Tareas de las autoridades de inmigraci\u00f3n<\/h3>\n<p>Las autoridades de inmigraci\u00f3n son responsables de las medidas en relaci\u00f3n con la ley de residencia y pasaporte. Ellos deciden de acuerdo con la Ley de Residencia y las disposiciones de otras leyes de inmigraci\u00f3n.<\/p>\n<p><strong>Otras tareas y servicios son:<\/strong><\/p>\n<ul>\n<li>Permiso de residencia electr\u00f3nico (eAT)<\/li>\n<li>Persona de contacto para la ayuda a los refugiados<\/li>\n<li>permiso de trabajo<\/li>\n<li>entrada\u00a0<span class=\"highlight\">y<\/span>\u00a0Alojamiento en Alemania<\/li>\n<li>asilo<\/li>\n<li>integraci\u00f3n<\/li>\n<li>declaraci\u00f3n de compromiso<\/li>\n<\/ul>\n<h3>Cita en la Oficina de Extranjer\u00eda<\/h3>\n<p>En la mayor\u00eda de los casos, puede concertar una cita por tel\u00e9fono, utilizando el formulario de contacto o a trav\u00e9s del portal de servicios de la ciudad respectiva. Aseg\u00farese de tener todos los documentos necesarios antes de visitar la oficina de inmigraci\u00f3n.<\/p>\n<div class=\"su-note\"  style=\"border-color:#dadbdd;border-radius:2px;-moz-border-radius:2px;-webkit-border-radius:2px;\"><div class=\"su-note-inner su-u-clearfix su-u-trim\" style=\"background-color:#f4f5f7;border-color:#ffffff;color:#333333;border-radius:2px;-moz-border-radius:2px;-webkit-border-radius:2px;\"><strong>Una noticia:<\/strong> Para oficinas, autoridades o tribunales, normalmente necesita los documentos, certificados o certificados como <a href=\"https:\/\/auslaenderaemter.com\/es\/traduccion-certificada-de-documentos-oficiales\/\">traducci\u00f3n certificada<\/a>.<\/div><\/div>\n<ul>\n<li>Con un\u00a0<a href=\"https:\/\/auslaenderaemter.com\/es\/declaracion-de-compromiso\/\" data-wpel-link=\"internal\">declaraci\u00f3n de compromiso<\/a>\u00a0puede permitir que los visitantes extranjeros entren en Alemania.<\/li>\n<li><strong>\u00bfEst\u00e1s esperando visitas del extranjero?<\/strong>\u00a0Con un\u00a0<a href=\"https:\/\/tidd.ly\/3u98xUL\" target=\"_blank\" rel=\"nofollow noopener external noreferrer\" data-wpel-link=\"external\">Seguro m\u00e9dico de viaje para hu\u00e9spedes extranjeros<\/a>* est\u00e1s totalmente protegido en Alemania y Europa.<\/li>\n<\/ul>\n<h3>M\u00e1s lejos <span class=\"ez-toc-section\">autoridades de inmigracion <\/span>enlaces y fuentes<\/h3>\n<ul>\n<li><a href=\"https:\/\/auslaenderaemter.com\/es\/\">Oficinas de inmigraci\u00f3n en Alemania<\/a><\/li>\n<li><a href=\"https:\/\/www.bamf.de\/DE\/Startseite\/startseite_node.html\" target=\"_blank\" rel=\"noopener nofollow external noreferrer\" data-wpel-link=\"external\">Oficina Federal de Migraci\u00f3n y Refugiados<\/a>\u00a0(BAMF)<\/li>\n<\/ul>","protected":false},"excerpt":{"rendered":"<p>Aqu\u00ed encontrar\u00e1 informaci\u00f3n de contacto, direcciones y horarios de apertura de las oficinas de inmigraci\u00f3n \/ autoridades de inmigraci\u00f3n - en Renania del Norte-Westfalia. Resumen de todas las oficinas de inmigraci\u00f3n \/ autoridades de inmigraci\u00f3n en Renania del Norte-Westfalia Aachen Altena Arnsberg Balve Bergheim Bergisch Gladbach Bergkamen Bielefeld Blomberg Bocholt Bochum Bonn Borken Bottrop Brilon Br\u00fchl Castrop-Rauxel Coesfeld Datteln Detmold Dinslaken Dormagen Dorsten Dortmund Duisburg D\u00fcren D\u00fcsseldorf Ennepetal Erkrath Essen Euskirchen Fr\u00f6ndenberg Geldern. ..&nbsp;<a href=\"https:\/\/auslaenderaemter.com\/es\/oficinas-de-inmigracion-en-rin-del-norte-westphalen\/\" rel=\"bookmark\">Leer m\u00e1s &quot;<span class=\"screen-reader-text\">Oficinas de inmigraci\u00f3n en Renania del Norte-Westfalia<\/span><\/a><\/p>","protected":false},"author":1,"featured_media":37,"parent":0,"menu_order":0,"comment_status":"closed","ping_status":"closed","template":"","meta":{"neve_meta_sidebar":"full-width","neve_meta_container":"","neve_meta_enable_content_width":"on","neve_meta_content_width":100,"neve_meta_title_alignment":"","neve_meta_author_avatar":"","neve_post_elements_order":"","neve_meta_disable_header":"","neve_meta_disable_footer":"","neve_meta_disable_title":"","neve_meta_reading_time":"","footnotes":""},"class_list":["post-60","page","type-page","status-publish","has-post-thumbnail","hentry"],"yoast_head":"<!-- This site is optimized with the Yoast SEO plugin v27.4 - https:\/\/yoast.com\/product\/yoast-seo-wordpress\/ -->\n<title>Ausl\u00e4nder\u00e4mter in Nordrhein-Westfalen | Adressen und Anschrift<\/title>\n<meta name=\"description\" content=\"Ausl\u00e4nder\u00e4mter in Nordrhein-Westfalen | Adresse und Anschrift \u2713 Telefonnummer, Kontakt und \u00d6ffnungszeiten \u2713 Ausl\u00e4nderbeh\u00f6rden in Deutschland\" \/>\n<meta name=\"robots\" content=\"index, follow, max-snippet:-1, max-image-preview:large, max-video-preview:-1\" \/>\n<link rel=\"canonical\" href=\"https:\/\/auslaenderaemter.com\/es\/oficinas-de-inmigracion-en-rin-del-norte-westphalen\/\" \/>\n<meta property=\"og:locale\" content=\"es_ES\" \/>\n<meta property=\"og:type\" content=\"article\" \/>\n<meta property=\"og:title\" content=\"Ausl\u00e4nder\u00e4mter in Nordrhein-Westfalen | Adressen und Anschrift\" \/>\n<meta property=\"og:description\" content=\"Ausl\u00e4nder\u00e4mter in Nordrhein-Westfalen | Adresse und Anschrift \u2713 Telefonnummer, Kontakt und \u00d6ffnungszeiten \u2713 Ausl\u00e4nderbeh\u00f6rden in Deutschland\" \/>\n<meta property=\"og:url\" content=\"https:\/\/auslaenderaemter.com\/es\/oficinas-de-inmigracion-en-rin-del-norte-westphalen\/\" \/>\n<meta property=\"og:site_name\" content=\"auslaenderaemter.com\" \/>\n<meta property=\"article:modified_time\" content=\"2022-10-28T13:34:48+00:00\" \/>\n<meta property=\"og:image\" content=\"https:\/\/auslaenderaemter.com\/wp-content\/uploads\/2021\/01\/city-263069_640.jpg\" \/>\n\t<meta property=\"og:image:width\" content=\"640\" \/>\n\t<meta property=\"og:image:height\" content=\"480\" \/>\n\t<meta property=\"og:image:type\" content=\"image\/jpeg\" \/>\n<meta name=\"twitter:card\" content=\"summary_large_image\" \/>\n<meta name=\"twitter:label1\" content=\"Tiempo de lectura\" \/>\n\t<meta name=\"twitter:data1\" content=\"2 minutos\" \/>\n<script type=\"application\/ld+json\" class=\"yoast-schema-graph\">{\"@context\":\"https:\\\/\\\/schema.org\",\"@graph\":[{\"@type\":\"WebPage\",\"@id\":\"https:\\\/\\\/auslaenderaemter.com\\\/auslaenderaemter-in-nordrhein-westphalen\\\/\",\"url\":\"https:\\\/\\\/auslaenderaemter.com\\\/auslaenderaemter-in-nordrhein-westphalen\\\/\",\"name\":\"Ausl\u00e4nder\u00e4mter in Nordrhein-Westfalen | Adressen und Anschrift\",\"isPartOf\":{\"@id\":\"https:\\\/\\\/auslaenderaemter.com\\\/#website\"},\"primaryImageOfPage\":{\"@id\":\"https:\\\/\\\/auslaenderaemter.com\\\/auslaenderaemter-in-nordrhein-westphalen\\\/#primaryimage\"},\"image\":{\"@id\":\"https:\\\/\\\/auslaenderaemter.com\\\/auslaenderaemter-in-nordrhein-westphalen\\\/#primaryimage\"},\"thumbnailUrl\":\"https:\\\/\\\/auslaenderaemter.com\\\/wp-content\\\/uploads\\\/2021\\\/01\\\/city-263069_640.jpg\",\"datePublished\":\"2021-01-26T13:40:35+00:00\",\"dateModified\":\"2022-10-28T13:34:48+00:00\",\"description\":\"Ausl\u00e4nder\u00e4mter in Nordrhein-Westfalen | Adresse und Anschrift \u2713 Telefonnummer, Kontakt und \u00d6ffnungszeiten \u2713 Ausl\u00e4nderbeh\u00f6rden in Deutschland\",\"breadcrumb\":{\"@id\":\"https:\\\/\\\/auslaenderaemter.com\\\/auslaenderaemter-in-nordrhein-westphalen\\\/#breadcrumb\"},\"inLanguage\":\"es\",\"potentialAction\":[{\"@type\":\"ReadAction\",\"target\":[\"https:\\\/\\\/auslaenderaemter.com\\\/auslaenderaemter-in-nordrhein-westphalen\\\/\"]}]},{\"@type\":\"ImageObject\",\"inLanguage\":\"es\",\"@id\":\"https:\\\/\\\/auslaenderaemter.com\\\/auslaenderaemter-in-nordrhein-westphalen\\\/#primaryimage\",\"url\":\"https:\\\/\\\/auslaenderaemter.com\\\/wp-content\\\/uploads\\\/2021\\\/01\\\/city-263069_640.jpg\",\"contentUrl\":\"https:\\\/\\\/auslaenderaemter.com\\\/wp-content\\\/uploads\\\/2021\\\/01\\\/city-263069_640.jpg\",\"width\":640,\"height\":480,\"caption\":\"Ausl\u00e4nder\u00e4mter in Deutschland\"},{\"@type\":\"BreadcrumbList\",\"@id\":\"https:\\\/\\\/auslaenderaemter.com\\\/auslaenderaemter-in-nordrhein-westphalen\\\/#breadcrumb\",\"itemListElement\":[{\"@type\":\"ListItem\",\"position\":1,\"name\":\"Startseite\",\"item\":\"https:\\\/\\\/auslaenderaemter.com\\\/\"},{\"@type\":\"ListItem\",\"position\":2,\"name\":\"Ausl\u00e4nder\u00e4mter in Nordrhein-Westfalen\"}]},{\"@type\":\"WebSite\",\"@id\":\"https:\\\/\\\/auslaenderaemter.com\\\/#website\",\"url\":\"https:\\\/\\\/auslaenderaemter.com\\\/\",\"name\":\"auslaenderaemter.com\",\"description\":\"\",\"publisher\":{\"@id\":\"https:\\\/\\\/auslaenderaemter.com\\\/#organization\"},\"potentialAction\":[{\"@type\":\"SearchAction\",\"target\":{\"@type\":\"EntryPoint\",\"urlTemplate\":\"https:\\\/\\\/auslaenderaemter.com\\\/?s={search_term_string}\"},\"query-input\":{\"@type\":\"PropertyValueSpecification\",\"valueRequired\":true,\"valueName\":\"search_term_string\"}}],\"inLanguage\":\"es\"},{\"@type\":\"Organization\",\"@id\":\"https:\\\/\\\/auslaenderaemter.com\\\/#organization\",\"name\":\"auslaenderaemter.com\",\"url\":\"https:\\\/\\\/auslaenderaemter.com\\\/\",\"logo\":{\"@type\":\"ImageObject\",\"inLanguage\":\"es\",\"@id\":\"https:\\\/\\\/auslaenderaemter.com\\\/#\\\/schema\\\/logo\\\/image\\\/\",\"url\":\"https:\\\/\\\/auslaenderaemter.com\\\/wp-content\\\/uploads\\\/2021\\\/01\\\/cropped-Vollmond-info-13.png\",\"contentUrl\":\"https:\\\/\\\/auslaenderaemter.com\\\/wp-content\\\/uploads\\\/2021\\\/01\\\/cropped-Vollmond-info-13.png\",\"width\":500,\"height\":117,\"caption\":\"auslaenderaemter.com\"},\"image\":{\"@id\":\"https:\\\/\\\/auslaenderaemter.com\\\/#\\\/schema\\\/logo\\\/image\\\/\"}}]}<\/script>\n<!-- \/ Yoast SEO plugin. -->","yoast_head_json":{"title":"Oficinas de inmigraci\u00f3n en Renania del Norte-Westfalia | direcciones y direcci\u00f3n","description":"Oficinas de inmigraci\u00f3n en Renania del Norte-Westfalia | Direcci\u00f3n y direcci\u00f3n \u2713 N\u00famero de tel\u00e9fono, contacto y horarios de apertura \u2713 Autoridades de inmigraci\u00f3n en Alemania","robots":{"index":"index","follow":"follow","max-snippet":"max-snippet:-1","max-image-preview":"max-image-preview:large","max-video-preview":"max-video-preview:-1"},"canonical":"https:\/\/auslaenderaemter.com\/es\/oficinas-de-inmigracion-en-rin-del-norte-westphalen\/","og_locale":"es_ES","og_type":"article","og_title":"Ausl\u00e4nder\u00e4mter in Nordrhein-Westfalen | Adressen und Anschrift","og_description":"Ausl\u00e4nder\u00e4mter in Nordrhein-Westfalen | Adresse und Anschrift \u2713 Telefonnummer, Kontakt und \u00d6ffnungszeiten \u2713 Ausl\u00e4nderbeh\u00f6rden in Deutschland","og_url":"https:\/\/auslaenderaemter.com\/es\/oficinas-de-inmigracion-en-rin-del-norte-westphalen\/","og_site_name":"auslaenderaemter.com","article_modified_time":"2022-10-28T13:34:48+00:00","og_image":[{"width":640,"height":480,"url":"https:\/\/auslaenderaemter.com\/wp-content\/uploads\/2021\/01\/city-263069_640.jpg","type":"image\/jpeg"}],"twitter_card":"summary_large_image","twitter_misc":{"Tiempo de lectura":"2 minutos"},"schema":{"@context":"https:\/\/schema.org","@graph":[{"@type":"WebPage","@id":"https:\/\/auslaenderaemter.com\/auslaenderaemter-in-nordrhein-westphalen\/","url":"https:\/\/auslaenderaemter.com\/auslaenderaemter-in-nordrhein-westphalen\/","name":"Oficinas de inmigraci\u00f3n en Renania del Norte-Westfalia | direcciones y direcci\u00f3n","isPartOf":{"@id":"https:\/\/auslaenderaemter.com\/#website"},"primaryImageOfPage":{"@id":"https:\/\/auslaenderaemter.com\/auslaenderaemter-in-nordrhein-westphalen\/#primaryimage"},"image":{"@id":"https:\/\/auslaenderaemter.com\/auslaenderaemter-in-nordrhein-westphalen\/#primaryimage"},"thumbnailUrl":"https:\/\/auslaenderaemter.com\/wp-content\/uploads\/2021\/01\/city-263069_640.jpg","datePublished":"2021-01-26T13:40:35+00:00","dateModified":"2022-10-28T13:34:48+00:00","description":"Oficinas de inmigraci\u00f3n en Renania del Norte-Westfalia | Direcci\u00f3n y direcci\u00f3n \u2713 N\u00famero de tel\u00e9fono, contacto y horarios de apertura \u2713 Autoridades de inmigraci\u00f3n en Alemania","breadcrumb":{"@id":"https:\/\/auslaenderaemter.com\/auslaenderaemter-in-nordrhein-westphalen\/#breadcrumb"},"inLanguage":"es","potentialAction":[{"@type":"ReadAction","target":["https:\/\/auslaenderaemter.com\/auslaenderaemter-in-nordrhein-westphalen\/"]}]},{"@type":"ImageObject","inLanguage":"es","@id":"https:\/\/auslaenderaemter.com\/auslaenderaemter-in-nordrhein-westphalen\/#primaryimage","url":"https:\/\/auslaenderaemter.com\/wp-content\/uploads\/2021\/01\/city-263069_640.jpg","contentUrl":"https:\/\/auslaenderaemter.com\/wp-content\/uploads\/2021\/01\/city-263069_640.jpg","width":640,"height":480,"caption":"Ausl\u00e4nder\u00e4mter in Deutschland"},{"@type":"BreadcrumbList","@id":"https:\/\/auslaenderaemter.com\/auslaenderaemter-in-nordrhein-westphalen\/#breadcrumb","itemListElement":[{"@type":"ListItem","position":1,"name":"Startseite","item":"https:\/\/auslaenderaemter.com\/"},{"@type":"ListItem","position":2,"name":"Ausl\u00e4nder\u00e4mter in Nordrhein-Westfalen"}]},{"@type":"WebSite","@id":"https:\/\/auslaenderaemter.com\/#website","url":"https:\/\/auslaenderaemter.com\/","name":"auslaenderaemter.com","description":"","publisher":{"@id":"https:\/\/auslaenderaemter.com\/#organization"},"potentialAction":[{"@type":"SearchAction","target":{"@type":"EntryPoint","urlTemplate":"https:\/\/auslaenderaemter.com\/?s={search_term_string}"},"query-input":{"@type":"PropertyValueSpecification","valueRequired":true,"valueName":"search_term_string"}}],"inLanguage":"es"},{"@type":"Organization","@id":"https:\/\/auslaenderaemter.com\/#organization","name":"auslaenderaemter.com","url":"https:\/\/auslaenderaemter.com\/","logo":{"@type":"ImageObject","inLanguage":"es","@id":"https:\/\/auslaenderaemter.com\/#\/schema\/logo\/image\/","url":"https:\/\/auslaenderaemter.com\/wp-content\/uploads\/2021\/01\/cropped-Vollmond-info-13.png","contentUrl":"https:\/\/auslaenderaemter.com\/wp-content\/uploads\/2021\/01\/cropped-Vollmond-info-13.png","width":500,"height":117,"caption":"auslaenderaemter.com"},"image":{"@id":"https:\/\/auslaenderaemter.com\/#\/schema\/logo\/image\/"}}]}},"_links":{"self":[{"href":"https:\/\/auslaenderaemter.com\/es\/wp-json\/wp\/v2\/pages\/60","targetHints":{"allow":["GET"]}}],"collection":[{"href":"https:\/\/auslaenderaemter.com\/es\/wp-json\/wp\/v2\/pages"}],"about":[{"href":"https:\/\/auslaenderaemter.com\/es\/wp-json\/wp\/v2\/types\/page"}],"author":[{"embeddable":true,"href":"https:\/\/auslaenderaemter.com\/es\/wp-json\/wp\/v2\/users\/1"}],"replies":[{"embeddable":true,"href":"https:\/\/auslaenderaemter.com\/es\/wp-json\/wp\/v2\/comments?post=60"}],"version-history":[{"count":0,"href":"https:\/\/auslaenderaemter.com\/es\/wp-json\/wp\/v2\/pages\/60\/revisions"}],"wp:featuredmedia":[{"embeddable":true,"href":"https:\/\/auslaenderaemter.com\/es\/wp-json\/wp\/v2\/media\/37"}],"wp:attachment":[{"href":"https:\/\/auslaenderaemter.com\/es\/wp-json\/wp\/v2\/media?parent=60"}],"curies":[{"name":"wp","href":"https:\/\/api.w.org\/{rel}","templated":true}]}}