{"id":989,"date":"2021-02-10T17:55:16","date_gmt":"2021-02-10T16:55:16","guid":{"rendered":"https:\/\/auslaenderaemter.com\/?page_id=989"},"modified":"2022-07-07T14:55:51","modified_gmt":"2022-07-07T12:55:51","slug":"auslaenderamt-bocholt","status":"publish","type":"page","link":"https:\/\/auslaenderaemter.com\/es\/oficina-de-inmigracion-bocholt\/","title":{"rendered":"Oficina de Inmigraci\u00f3n Bocholt"},"content":{"rendered":"<h2>Oficina de inmigraci\u00f3n \/ oficina de inmigraci\u00f3n en Bocholt - direcci\u00f3n y direcci\u00f3n para visitantes<\/h2>\n<ul>\n<li><strong>Direcci\u00f3n:<\/strong> Oficina de Inmigraci\u00f3n Bocholt, Berliner Platz 1, 46395 Bocholt<\/li>\n<li><strong>Tel\u00e9fono:<\/strong> 02871 953371<\/li>\n<li><strong>Fax:<\/strong> 02871 953570<\/li>\n<li><strong>Sitio web: <\/strong><a href=\"https:\/\/www.bocholt.de\/probuerger\/public\/index.php?l=6&amp;mr=20&amp;o=21\" target=\"_blank\" rel=\"noopener\">www.bocholt.de<\/a><\/li>\n<li><strong>Horario de apertura:<\/strong> ver sitio web<\/li>\n<\/ul>\n<p><iframe style=\"border: 0;\" tabindex=\"0\" src=\"https:\/\/www.google.com\/maps\/embed?pb=!1m18!1m12!1m3!1d1232.6245672811037!2d6.609201708356039!3d51.83814565222009!2m3!1f0!2f0!3f0!3m2!1i1024!2i768!4f13.1!3m3!1m2!1s0x47b87d89f2f5506d%3A0x88d0c53c0eecd606!2sB%C3%BCrgerb%C3%BCro%2C%20Zuwanderung%20und%20Integration!5e0!3m2!1sde!2sde!4v1612976067081!5m2!1sde!2sde\" width=\"600\" height=\"450\" frameborder=\"0\" allowfullscreen=\"allowfullscreen\" aria-hidden=\"false\"><\/iframe><\/p>\n<h3><strong>Cita en el <\/strong>Autoridad de extranjer\u00eda <strong>en Bocholt<\/strong><\/h3>\n<p>En la mayor\u00eda de los casos, puede concertar una cita por tel\u00e9fono, utilizando el formulario de contacto o a trav\u00e9s del portal de servicios de la ciudad respectiva. Aseg\u00farese de tener todos los documentos necesarios antes de visitar la oficina de inmigraci\u00f3n.<\/p>\n<div class=\"su-note\"  style=\"border-color:#dadbdd;border-radius:2px;-moz-border-radius:2px;-webkit-border-radius:2px;\"><div class=\"su-note-inner su-u-clearfix su-u-trim\" style=\"background-color:#f4f5f7;border-color:#ffffff;color:#333333;border-radius:2px;-moz-border-radius:2px;-webkit-border-radius:2px;\"><strong>Una noticia:<\/strong> Para oficinas, autoridades o tribunales, normalmente necesita los documentos, certificados o certificados como <a href=\"https:\/\/auslaenderaemter.com\/es\/traduccion-certificada-de-documentos-oficiales\/\">traducci\u00f3n certificada<\/a>.<\/div><\/div>\n<ul>\n<li>Con un <a href=\"https:\/\/auslaenderaemter.com\/es\/declaracion-de-compromiso\/\">declaraci\u00f3n de compromiso<\/a> puede permitir que los visitantes extranjeros entren en Alemania.<\/li>\n<li><strong>\u00bfEst\u00e1s esperando visitas del extranjero?<\/strong> Con un <a href=\"https:\/\/tidd.ly\/3u98xUL\" target=\"_blank\" rel=\"nofollow noopener\">Seguro m\u00e9dico de viaje para hu\u00e9spedes extranjeros<\/a>* est\u00e1s totalmente protegido en Alemania y Europa.<\/li>\n<\/ul>\n<h3>Otras autoridades de inmigraci\u00f3n<\/h3>\n<ul>\n<li><a href=\"https:\/\/auslaenderaemter.com\/es\/oficinas-de-inmigracion-en-rin-del-norte-westphalen\/\">Oficinas de inmigraci\u00f3n en Renania del Norte-Westfalia<\/a><\/li>\n<li><a href=\"https:\/\/auslaenderaemter.com\/es\/\">Oficinas de inmigraci\u00f3n en Alemania<\/a><\/li>\n<\/ul>","protected":false},"excerpt":{"rendered":"<p>Oficina de Extranjeros\/Autoridad de Extranjeros en Bocholt - direcci\u00f3n y direcci\u00f3n para visitantes Direcci\u00f3n: Oficina de Extranjeros de Bocholt, Berliner Platz 1, 46395 Bocholt Tel\u00e9fono: 02871 953371 Fax: 02871 953570 Sitio web: www.bocholt.de Horario de apertura: ver sitio web Cita previa en la Oficina de Extranjer\u00eda en Bocholt En la mayor\u00eda de los casos En algunos casos, puede concertar una cita por tel\u00e9fono, mediante el formulario de contacto o a trav\u00e9s del portal de servicios de la ciudad respectiva.\u2026&nbsp;<a href=\"https:\/\/auslaenderaemter.com\/es\/oficina-de-inmigracion-bocholt\/\" rel=\"bookmark\">Leer m\u00e1s &quot;<span class=\"screen-reader-text\">Oficina de Inmigraci\u00f3n Bocholt<\/span><\/a><\/p>","protected":false},"author":1,"featured_media":37,"parent":0,"menu_order":0,"comment_status":"closed","ping_status":"closed","template":"","meta":{"neve_meta_sidebar":"full-width","neve_meta_container":"","neve_meta_enable_content_width":"on","neve_meta_content_width":100,"neve_meta_title_alignment":"","neve_meta_author_avatar":"","neve_post_elements_order":"","neve_meta_disable_header":"","neve_meta_disable_footer":"","neve_meta_disable_title":"","neve_meta_reading_time":"","footnotes":""},"class_list":["post-989","page","type-page","status-publish","has-post-thumbnail","hentry"],"yoast_head":"<!-- This site is optimized with the Yoast SEO plugin v27.3 - https:\/\/yoast.com\/product\/yoast-seo-wordpress\/ -->\n<title>Ausl\u00e4nderamt Bocholt | Adresse, Kontakt und \u00d6ffnungszeiten<\/title>\n<meta name=\"description\" content=\"Ausl\u00e4nderamt Bocholt | Adresse und Anschrift \u2713 Telefonnummer, Kontakt und \u00d6ffnungszeiten \u2713 Anfahrt \u2713 Ausl\u00e4nderbeh\u00f6rden in Deutschland\" \/>\n<meta name=\"robots\" content=\"index, follow, max-snippet:-1, max-image-preview:large, max-video-preview:-1\" \/>\n<link rel=\"canonical\" href=\"https:\/\/auslaenderaemter.com\/es\/oficina-de-inmigracion-bocholt\/\" \/>\n<meta property=\"og:locale\" content=\"es_ES\" \/>\n<meta property=\"og:type\" content=\"article\" \/>\n<meta property=\"og:title\" content=\"Ausl\u00e4nderamt Bocholt | Adresse, Kontakt und \u00d6ffnungszeiten\" \/>\n<meta property=\"og:description\" content=\"Ausl\u00e4nderamt Bocholt | Adresse und Anschrift \u2713 Telefonnummer, Kontakt und \u00d6ffnungszeiten \u2713 Anfahrt \u2713 Ausl\u00e4nderbeh\u00f6rden in Deutschland\" \/>\n<meta property=\"og:url\" content=\"https:\/\/auslaenderaemter.com\/es\/oficina-de-inmigracion-bocholt\/\" \/>\n<meta property=\"og:site_name\" content=\"auslaenderaemter.com\" \/>\n<meta property=\"article:modified_time\" content=\"2022-07-07T12:55:51+00:00\" \/>\n<meta property=\"og:image\" content=\"https:\/\/auslaenderaemter.com\/wp-content\/uploads\/2021\/01\/city-263069_640.jpg\" \/>\n\t<meta property=\"og:image:width\" content=\"640\" \/>\n\t<meta property=\"og:image:height\" content=\"480\" \/>\n\t<meta property=\"og:image:type\" content=\"image\/jpeg\" \/>\n<meta name=\"twitter:card\" content=\"summary_large_image\" \/>\n<meta name=\"twitter:label1\" content=\"Tiempo de lectura\" \/>\n\t<meta name=\"twitter:data1\" content=\"1 minuto\" \/>\n<script type=\"application\/ld+json\" class=\"yoast-schema-graph\">{\"@context\":\"https:\\\/\\\/schema.org\",\"@graph\":[{\"@type\":\"WebPage\",\"@id\":\"https:\\\/\\\/auslaenderaemter.com\\\/auslaenderamt-bocholt\\\/\",\"url\":\"https:\\\/\\\/auslaenderaemter.com\\\/auslaenderamt-bocholt\\\/\",\"name\":\"Ausl\u00e4nderamt Bocholt | Adresse, Kontakt und \u00d6ffnungszeiten\",\"isPartOf\":{\"@id\":\"https:\\\/\\\/auslaenderaemter.com\\\/#website\"},\"primaryImageOfPage\":{\"@id\":\"https:\\\/\\\/auslaenderaemter.com\\\/auslaenderamt-bocholt\\\/#primaryimage\"},\"image\":{\"@id\":\"https:\\\/\\\/auslaenderaemter.com\\\/auslaenderamt-bocholt\\\/#primaryimage\"},\"thumbnailUrl\":\"https:\\\/\\\/auslaenderaemter.com\\\/wp-content\\\/uploads\\\/2021\\\/01\\\/city-263069_640.jpg\",\"datePublished\":\"2021-02-10T16:55:16+00:00\",\"dateModified\":\"2022-07-07T12:55:51+00:00\",\"description\":\"Ausl\u00e4nderamt Bocholt | Adresse und Anschrift \u2713 Telefonnummer, Kontakt und \u00d6ffnungszeiten \u2713 Anfahrt \u2713 Ausl\u00e4nderbeh\u00f6rden in Deutschland\",\"breadcrumb\":{\"@id\":\"https:\\\/\\\/auslaenderaemter.com\\\/auslaenderamt-bocholt\\\/#breadcrumb\"},\"inLanguage\":\"es\",\"potentialAction\":[{\"@type\":\"ReadAction\",\"target\":[\"https:\\\/\\\/auslaenderaemter.com\\\/auslaenderamt-bocholt\\\/\"]}]},{\"@type\":\"ImageObject\",\"inLanguage\":\"es\",\"@id\":\"https:\\\/\\\/auslaenderaemter.com\\\/auslaenderamt-bocholt\\\/#primaryimage\",\"url\":\"https:\\\/\\\/auslaenderaemter.com\\\/wp-content\\\/uploads\\\/2021\\\/01\\\/city-263069_640.jpg\",\"contentUrl\":\"https:\\\/\\\/auslaenderaemter.com\\\/wp-content\\\/uploads\\\/2021\\\/01\\\/city-263069_640.jpg\",\"width\":640,\"height\":480,\"caption\":\"Ausl\u00e4nder\u00e4mter in Deutschland\"},{\"@type\":\"BreadcrumbList\",\"@id\":\"https:\\\/\\\/auslaenderaemter.com\\\/auslaenderamt-bocholt\\\/#breadcrumb\",\"itemListElement\":[{\"@type\":\"ListItem\",\"position\":1,\"name\":\"Startseite\",\"item\":\"https:\\\/\\\/auslaenderaemter.com\\\/\"},{\"@type\":\"ListItem\",\"position\":2,\"name\":\"Ausl\u00e4nderamt Bocholt\"}]},{\"@type\":\"WebSite\",\"@id\":\"https:\\\/\\\/auslaenderaemter.com\\\/#website\",\"url\":\"https:\\\/\\\/auslaenderaemter.com\\\/\",\"name\":\"auslaenderaemter.com\",\"description\":\"\",\"publisher\":{\"@id\":\"https:\\\/\\\/auslaenderaemter.com\\\/#organization\"},\"potentialAction\":[{\"@type\":\"SearchAction\",\"target\":{\"@type\":\"EntryPoint\",\"urlTemplate\":\"https:\\\/\\\/auslaenderaemter.com\\\/?s={search_term_string}\"},\"query-input\":{\"@type\":\"PropertyValueSpecification\",\"valueRequired\":true,\"valueName\":\"search_term_string\"}}],\"inLanguage\":\"es\"},{\"@type\":\"Organization\",\"@id\":\"https:\\\/\\\/auslaenderaemter.com\\\/#organization\",\"name\":\"auslaenderaemter.com\",\"url\":\"https:\\\/\\\/auslaenderaemter.com\\\/\",\"logo\":{\"@type\":\"ImageObject\",\"inLanguage\":\"es\",\"@id\":\"https:\\\/\\\/auslaenderaemter.com\\\/#\\\/schema\\\/logo\\\/image\\\/\",\"url\":\"https:\\\/\\\/auslaenderaemter.com\\\/wp-content\\\/uploads\\\/2021\\\/01\\\/cropped-Vollmond-info-13.png\",\"contentUrl\":\"https:\\\/\\\/auslaenderaemter.com\\\/wp-content\\\/uploads\\\/2021\\\/01\\\/cropped-Vollmond-info-13.png\",\"width\":500,\"height\":117,\"caption\":\"auslaenderaemter.com\"},\"image\":{\"@id\":\"https:\\\/\\\/auslaenderaemter.com\\\/#\\\/schema\\\/logo\\\/image\\\/\"}}]}<\/script>\n<!-- \/ Yoast SEO plugin. -->","yoast_head_json":{"title":"Oficina de Inmigraci\u00f3n Bocholt | Direcci\u00f3n, contacto y horario de atenci\u00f3n","description":"Oficina de Inmigraci\u00f3n Bocholt | Direcci\u00f3n y direcci\u00f3n \u2713 N\u00famero de tel\u00e9fono, contacto y horarios \u2713 C\u00f3mo llegar \u2713 Autoridades de inmigraci\u00f3n en Alemania","robots":{"index":"index","follow":"follow","max-snippet":"max-snippet:-1","max-image-preview":"max-image-preview:large","max-video-preview":"max-video-preview:-1"},"canonical":"https:\/\/auslaenderaemter.com\/es\/oficina-de-inmigracion-bocholt\/","og_locale":"es_ES","og_type":"article","og_title":"Ausl\u00e4nderamt Bocholt | Adresse, Kontakt und \u00d6ffnungszeiten","og_description":"Ausl\u00e4nderamt Bocholt | Adresse und Anschrift \u2713 Telefonnummer, Kontakt und \u00d6ffnungszeiten \u2713 Anfahrt \u2713 Ausl\u00e4nderbeh\u00f6rden in Deutschland","og_url":"https:\/\/auslaenderaemter.com\/es\/oficina-de-inmigracion-bocholt\/","og_site_name":"auslaenderaemter.com","article_modified_time":"2022-07-07T12:55:51+00:00","og_image":[{"width":640,"height":480,"url":"https:\/\/auslaenderaemter.com\/wp-content\/uploads\/2021\/01\/city-263069_640.jpg","type":"image\/jpeg"}],"twitter_card":"summary_large_image","twitter_misc":{"Tiempo de lectura":"1 minuto"},"schema":{"@context":"https:\/\/schema.org","@graph":[{"@type":"WebPage","@id":"https:\/\/auslaenderaemter.com\/auslaenderamt-bocholt\/","url":"https:\/\/auslaenderaemter.com\/auslaenderamt-bocholt\/","name":"Oficina de Inmigraci\u00f3n Bocholt | Direcci\u00f3n, contacto y horario de atenci\u00f3n","isPartOf":{"@id":"https:\/\/auslaenderaemter.com\/#website"},"primaryImageOfPage":{"@id":"https:\/\/auslaenderaemter.com\/auslaenderamt-bocholt\/#primaryimage"},"image":{"@id":"https:\/\/auslaenderaemter.com\/auslaenderamt-bocholt\/#primaryimage"},"thumbnailUrl":"https:\/\/auslaenderaemter.com\/wp-content\/uploads\/2021\/01\/city-263069_640.jpg","datePublished":"2021-02-10T16:55:16+00:00","dateModified":"2022-07-07T12:55:51+00:00","description":"Oficina de Inmigraci\u00f3n Bocholt | Direcci\u00f3n y direcci\u00f3n \u2713 N\u00famero de tel\u00e9fono, contacto y horarios \u2713 C\u00f3mo llegar \u2713 Autoridades de inmigraci\u00f3n en Alemania","breadcrumb":{"@id":"https:\/\/auslaenderaemter.com\/auslaenderamt-bocholt\/#breadcrumb"},"inLanguage":"es","potentialAction":[{"@type":"ReadAction","target":["https:\/\/auslaenderaemter.com\/auslaenderamt-bocholt\/"]}]},{"@type":"ImageObject","inLanguage":"es","@id":"https:\/\/auslaenderaemter.com\/auslaenderamt-bocholt\/#primaryimage","url":"https:\/\/auslaenderaemter.com\/wp-content\/uploads\/2021\/01\/city-263069_640.jpg","contentUrl":"https:\/\/auslaenderaemter.com\/wp-content\/uploads\/2021\/01\/city-263069_640.jpg","width":640,"height":480,"caption":"Ausl\u00e4nder\u00e4mter in Deutschland"},{"@type":"BreadcrumbList","@id":"https:\/\/auslaenderaemter.com\/auslaenderamt-bocholt\/#breadcrumb","itemListElement":[{"@type":"ListItem","position":1,"name":"Startseite","item":"https:\/\/auslaenderaemter.com\/"},{"@type":"ListItem","position":2,"name":"Ausl\u00e4nderamt Bocholt"}]},{"@type":"WebSite","@id":"https:\/\/auslaenderaemter.com\/#website","url":"https:\/\/auslaenderaemter.com\/","name":"auslaenderaemter.com","description":"","publisher":{"@id":"https:\/\/auslaenderaemter.com\/#organization"},"potentialAction":[{"@type":"SearchAction","target":{"@type":"EntryPoint","urlTemplate":"https:\/\/auslaenderaemter.com\/?s={search_term_string}"},"query-input":{"@type":"PropertyValueSpecification","valueRequired":true,"valueName":"search_term_string"}}],"inLanguage":"es"},{"@type":"Organization","@id":"https:\/\/auslaenderaemter.com\/#organization","name":"auslaenderaemter.com","url":"https:\/\/auslaenderaemter.com\/","logo":{"@type":"ImageObject","inLanguage":"es","@id":"https:\/\/auslaenderaemter.com\/#\/schema\/logo\/image\/","url":"https:\/\/auslaenderaemter.com\/wp-content\/uploads\/2021\/01\/cropped-Vollmond-info-13.png","contentUrl":"https:\/\/auslaenderaemter.com\/wp-content\/uploads\/2021\/01\/cropped-Vollmond-info-13.png","width":500,"height":117,"caption":"auslaenderaemter.com"},"image":{"@id":"https:\/\/auslaenderaemter.com\/#\/schema\/logo\/image\/"}}]}},"_links":{"self":[{"href":"https:\/\/auslaenderaemter.com\/es\/wp-json\/wp\/v2\/pages\/989","targetHints":{"allow":["GET"]}}],"collection":[{"href":"https:\/\/auslaenderaemter.com\/es\/wp-json\/wp\/v2\/pages"}],"about":[{"href":"https:\/\/auslaenderaemter.com\/es\/wp-json\/wp\/v2\/types\/page"}],"author":[{"embeddable":true,"href":"https:\/\/auslaenderaemter.com\/es\/wp-json\/wp\/v2\/users\/1"}],"replies":[{"embeddable":true,"href":"https:\/\/auslaenderaemter.com\/es\/wp-json\/wp\/v2\/comments?post=989"}],"version-history":[{"count":0,"href":"https:\/\/auslaenderaemter.com\/es\/wp-json\/wp\/v2\/pages\/989\/revisions"}],"wp:featuredmedia":[{"embeddable":true,"href":"https:\/\/auslaenderaemter.com\/es\/wp-json\/wp\/v2\/media\/37"}],"wp:attachment":[{"href":"https:\/\/auslaenderaemter.com\/es\/wp-json\/wp\/v2\/media?parent=989"}],"curies":[{"name":"wp","href":"https:\/\/api.w.org\/{rel}","templated":true}]}}