{"id":1795,"date":"2021-02-15T16:19:07","date_gmt":"2021-02-15T15:19:07","guid":{"rendered":"https:\/\/auslaenderaemter.com\/?page_id=1795"},"modified":"2023-08-08T19:57:56","modified_gmt":"2023-08-08T17:57:56","slug":"auslaenderamt-nuernberg","status":"publish","type":"page","link":"https:\/\/auslaenderaemter.com\/fa\/%d8%a7%d8%af%d8%a7%d8%b1%d9%87-%d9%85%d9%87%d8%a7%d8%ac%d8%b1%d8%aa-%d9%86%d9%88%d8%b1%d9%86%d8%a8%d8%b1%da%af\/","title":{"rendered":"\u0627\u062f\u0627\u0631\u0647 \u0645\u0647\u0627\u062c\u0631\u062a \u0646\u0648\u0631\u0646\u0628\u0631\u06af"},"content":{"rendered":"<h2>\u0627\u062f\u0627\u0631\u0647 \u0645\u0647\u0627\u062c\u0631\u062a \/ \u0627\u062f\u0627\u0631\u0647 \u0645\u0647\u0627\u062c\u0631\u062a \u062f\u0631 \u0646\u0648\u0631\u0646\u0628\u0631\u06af \u2013 \u0622\u062f\u0631\u0633 \u0648 \u0622\u062f\u0631\u0633 \u0628\u0631\u0627\u06cc \u0628\u0627\u0632\u062f\u06cc\u062f\u06a9\u0646\u0646\u062f\u06af\u0627\u0646<\/h2>\n<ul>\n<li><strong>\u0646\u0634\u0627\u0646\u06cc:<\/strong> \u062f\u0641\u062a\u0631 \u062b\u0628\u062a \u0633\u0627\u06a9\u0646\u0627\u0646 \u0646\u0648\u0631\u0646\u0628\u0631\u06af\u060c \u0647\u06cc\u0631\u0633\u0644\u06af\u0627\u0633\u0647 32 (\u0627\u0645\u0648\u0631 \u062e\u0627\u0631\u062c\u06cc \u0639\u0645\u0648\u0645\u06cc: \u0633\u0637\u062d 1 \u0648 \u0633\u0637\u062d 3)\u060c 90403 \u0646\u0648\u0631\u0646\u0628\u0631\u06af<\/li>\n<li><strong>\u062a\u0644\u0641\u0646:<\/strong> 0911\/231-0<\/li>\n<li><strong>\u0633\u0627\u06cc\u062a \u0627\u06cc\u0646\u062a\u0631\u0646\u062a\u06cc: <\/strong><a href=\"https:\/\/www.nuernberg.de\/\" target=\"_blank\" rel=\"noopener\">www.nuernberg.de<\/a><\/li>\n<li><strong>\u0633\u0627\u0639\u0627\u062a \u06a9\u0627\u0631:<\/strong> \u0641\u0642\u0637 \u0628\u0627 \u062a\u0639\u06cc\u06cc\u0646 \u0648\u0642\u062a \u0642\u0628\u0644\u06cc \u0627\u0632 \u0637\u0631\u06cc\u0642 \u067e\u0648\u0631\u062a\u0627\u0644 \u062e\u062f\u0645\u0627\u062a &quot;<a href=\"https:\/\/www.nuernberg.de\/internet\/auslaenderbehoerde\/einfach_online_machen.html\">\u0646\u0648\u0631\u0646\u0628\u0631\u06af \u0645\u0646<\/a>\u201e<\/li>\n<\/ul>\n<p><iframe style=\"border: 0;\" tabindex=\"0\" src=\"https:\/\/www.google.com\/maps\/embed?pb=!1m18!1m12!1m3!1d2593.449434608266!2d11.083066615918217!3d49.457122066315506!2m3!1f0!2f0!3f0!3m2!1i1024!2i768!4f13.1!3m3!1m2!1s0x479f57b9cd18dae9%3A0x5e32ed37ae1099a3!2zQXVzbMOkbmRlcmJlaMO2cmRl!5e0!3m2!1sde!2sde!4v1613402311665!5m2!1sde!2sde\" width=\"600\" height=\"450\" frameborder=\"0\" allowfullscreen=\"allowfullscreen\" aria-hidden=\"false\"><\/iframe><\/p>\n<h2>\u0627\u062f\u0627\u0631\u0647 \u0645\u0647\u0627\u062c\u0631\u062a \u0634\u0647\u0631 \u0646\u0648\u0631\u0646\u0628\u0631\u06af Regensburgerstrasse<\/h2>\n<p><img fetchpriority=\"high\" decoding=\"async\" class=\"alignnone wp-image-4062 size-full\" src=\"https:\/\/auslaenderaemter.com\/wp-content\/uploads\/2023\/08\/IMG_3541-scaled-e1691517458515.jpeg\" alt=\"\u0627\u062f\u0627\u0631\u0647 \u0645\u0647\u0627\u062c\u0631\u062a \u0646\u0648\u0631\u0646\u0628\u0631\u06af\" width=\"600\" height=\"450\" srcset=\"https:\/\/auslaenderaemter.com\/wp-content\/uploads\/2023\/08\/IMG_3541-scaled-e1691517458515.jpeg 600w, https:\/\/auslaenderaemter.com\/wp-content\/uploads\/2023\/08\/IMG_3541-scaled-e1691517458515-300x225.jpeg 300w, https:\/\/auslaenderaemter.com\/wp-content\/uploads\/2023\/08\/IMG_3541-scaled-e1691517458515-16x12.jpeg 16w\" sizes=\"(max-width: 600px) 100vw, 600px\" \/><\/p>\n<ul>\n<li><strong>\u0646\u0634\u0627\u0646\u06cc: <\/strong>\u0627\u062f\u0627\u0631\u0647 \u0645\u0647\u0627\u062c\u0631\u062a \u0634\u0647\u0631 \u0646\u0648\u0631\u0646\u0628\u0631\u06af\u060c Regensburger Str. 231, 90478 Nuremberg<\/li>\n<li><strong>\u062a\u0644\u0641\u0646:<\/strong> 0911\/231-0<\/li>\n<li><strong>\u0641\u06a9\u0633:<\/strong> 0911 231-5777, -5781<strong><br \/>\n<\/strong><\/li>\n<li><strong>\u0633\u0627\u06cc\u062a \u0627\u06cc\u0646\u062a\u0631\u0646\u062a\u06cc: <\/strong><a href=\"https:\/\/www.nuernberg.de\/internet\/auslaenderbehoerde\/\" target=\"_blank\" rel=\"noopener\">www.nuernberg.de<\/a><\/li>\n<li><strong>\u0633\u0627\u0639\u0627\u062a \u06a9\u0627\u0631:<\/strong> \u0641\u0642\u0637 \u0628\u0627 \u062a\u0639\u06cc\u06cc\u0646 \u0648\u0642\u062a \u062f\u0648\u0634\u0646\u0628\u0647\u060c \u0633\u0647 \u0634\u0646\u0628\u0647\u060c \u067e\u0646\u062c\u0634\u0646\u0628\u0647\u060c \u062c\u0645\u0639\u0647 \u0648 \u0628\u0627 \u062a\u0639\u06cc\u06cc\u0646 \u0648\u0642\u062a \u0642\u0628\u0644\u06cc<\/li>\n<\/ul>\n<p><iframe style=\"border: 0;\" src=\"https:\/\/www.google.com\/maps\/embed?pb=!1m18!1m12!1m3!1d2594.4741210903326!2d11.116821715658004!3d49.43775536769154!2m3!1f0!2f0!3f0!3m2!1i1024!2i768!4f13.1!3m3!1m2!1s0x479f59a64b01fc35%3A0x9217c7edfe5fac10!2sAusl%C3%A4nderbeh%C3%B6rde%20Stadt%20N%C3%BCrnberg!5e0!3m2!1sde!2sde!4v1614509343935!5m2!1sde!2sde\" width=\"600\" height=\"450\" allowfullscreen=\"allowfullscreen\"><\/iframe><\/p>\n<h3><strong>\u0642\u0631\u0627\u0631 \u0645\u0644\u0627\u0642\u0627\u062a \u062f\u0631 <\/strong>\u0627\u062f\u0627\u0631\u0647 \u062e\u0627\u0631\u062c\u06cc \u0647\u0627 <strong>\u062f\u0631 \u0646\u0648\u0631\u0646\u0628\u0631\u06af<\/strong><\/h3>\n<p>\u0641\u0642\u0637 \u0627\u0632 \u0637\u0631\u06cc\u0642 \u067e\u0648\u0631\u062a\u0627\u0644 \u062e\u062f\u0645\u0627\u062a \u0645\u06cc \u062a\u0648\u0627\u0646\u06cc\u062f \u062f\u0631 \u0627\u062f\u0627\u0631\u0647 \u0645\u0647\u0627\u062c\u0631\u062a \u062f\u0631 \u0646\u0648\u0631\u0646\u0628\u0631\u06af \u0648\u0642\u062a \u0628\u06af\u06cc\u0631\u06cc\u062f.<a href=\"https:\/\/www.nuernberg.de\/internet\/auslaenderbehoerde\/einfach_online_machen.html\">\u0646\u0648\u0631\u0646\u0628\u0631\u06af \u0645\u0646<\/a>&quot;. \u0644\u0637\u0641\u0627 \u0642\u0628\u0644 \u0627\u0632 \u0645\u0631\u0627\u062c\u0639\u0647 \u0628\u0647 \u0627\u062f\u0627\u0631\u0647 \u0645\u0647\u0627\u062c\u0631\u062a \u0645\u0637\u0645\u0626\u0646 \u0634\u0648\u06cc\u062f \u06a9\u0647 \u062a\u0645\u0627\u0645 \u0645\u062f\u0627\u0631\u06a9 \u0644\u0627\u0632\u0645 \u0631\u0627 \u062f\u0627\u0631\u06cc\u062f.<\/p>\n<div class=\"su-note\"  style=\"border-color:#dadbdd;border-radius:2px;-moz-border-radius:2px;-webkit-border-radius:2px;\"><div class=\"su-note-inner su-u-clearfix su-u-trim\" style=\"background-color:#f4f5f7;border-color:#ffffff;color:#333333;border-radius:2px;-moz-border-radius:2px;-webkit-border-radius:2px;\"><strong>\u06cc\u06a9 \u0627\u0637\u0644\u0627\u0639\u06cc\u0647:<\/strong> \u0628\u0631\u0627\u06cc \u062f\u0641\u0627\u062a\u0631\u060c \u0645\u0631\u0627\u062c\u0639 \u06cc\u0627 \u062f\u0627\u062f\u06af\u0627\u0647 \u0647\u0627\u060c \u0645\u0639\u0645\u0648\u0644\u0627\u064b \u0628\u0647 \u0627\u0633\u0646\u0627\u062f\u060c \u06af\u0648\u0627\u0647\u06cc \u0647\u0627 \u06cc\u0627 \u06af\u0648\u0627\u0647\u06cc \u0646\u0627\u0645\u0647 \u0647\u0627 \u0646\u06cc\u0627\u0632 \u062f\u0627\u0631\u06cc\u062f <a href=\"https:\/\/auslaenderaemter.com\/fa\/\u062a\u0631\u062c\u0645\u0647-\u06af\u0648\u0627\u0647\u06cc-\u0634\u062f\u0647-\u0628\u0631\u0627\u06cc-\u0627\u0633\u0646\u0627\u062f-\u0631\u0633\u0645\u06cc\/\">\u062a\u0631\u062c\u0645\u0647 \u062a\u0627\u06cc\u06cc\u062f \u0634\u062f\u0647<\/a>.<\/div><\/div>\n<ul>\n<li>\u0628\u0627 \u06cc\u06a9 <a href=\"https:\/\/auslaenderaemter.com\/fa\/\u0627\u0639\u0644\u0627\u0645\u06cc\u0647-\u062a\u0639\u0647\u062f\/\">\u0627\u0639\u0644\u0627\u0645\u06cc\u0647 \u062a\u0639\u0647\u062f<\/a> \u0634\u0645\u0627 \u0645\u06cc \u062a\u0648\u0627\u0646\u06cc\u062f \u0628\u0647 \u0628\u0627\u0632\u062f\u06cc\u062f\u06a9\u0646\u0646\u062f\u06af\u0627\u0646 \u062e\u0627\u0631\u062c \u0627\u0632 \u06a9\u0634\u0648\u0631 \u0627\u062c\u0627\u0632\u0647 \u0648\u0631\u0648\u062f \u0628\u0647 \u0622\u0644\u0645\u0627\u0646 \u0631\u0627 \u0628\u062f\u0647\u06cc\u062f.<\/li>\n<li><strong>\u0622\u06cc\u0627 \u0627\u0646\u062a\u0638\u0627\u0631 \u0628\u0627\u0632\u062f\u06cc\u062f\u06a9\u0646\u0646\u062f\u06af\u0627\u0646\u06cc \u0627\u0632 \u062e\u0627\u0631\u062c \u0627\u0632 \u06a9\u0634\u0648\u0631 \u062f\u0627\u0631\u06cc\u062f\u061f<\/strong> \u0628\u0627 \u06cc\u06a9 <a href=\"https:\/\/tidd.ly\/3u98xUL\" target=\"_blank\" rel=\"nofollow noopener\">\u0628\u06cc\u0645\u0647 \u0633\u0644\u0627\u0645\u062a \u0645\u0633\u0627\u0641\u0631\u062a\u06cc \u0628\u0631\u0627\u06cc \u0645\u0647\u0645\u0627\u0646\u0627\u0646 \u062e\u0627\u0631\u062c\u06cc<\/a>* \u0634\u0645\u0627 \u062f\u0631 \u0622\u0644\u0645\u0627\u0646 \u0648 \u0627\u0631\u0648\u067e\u0627 \u06a9\u0627\u0645\u0644\u0627\u064b \u0645\u062d\u0627\u0641\u0638\u062a \u0645\u06cc \u0634\u0648\u06cc\u062f.<\/li>\n<\/ul>\n<h3>\u0633\u0627\u06cc\u0631 \u0645\u0642\u0627\u0645\u0627\u062a \u0645\u0647\u0627\u062c\u0631\u062a<\/h3>\n<ul>\n<li><a href=\"https:\/\/auslaenderaemter.com\/fa\/\u062f\u0641\u0627\u062a\u0631-\u0645\u0647\u0627\u062c\u0631\u062a-\u062f\u0631-\u0628\u0627\u0648\u0627\u0631\u06cc\u0627\/\">\u062f\u0641\u0627\u062a\u0631 \u0645\u0647\u0627\u062c\u0631\u062a \u062f\u0631 \u0628\u0627\u06cc\u0631\u0646<\/a><\/li>\n<li><a href=\"https:\/\/auslaenderaemter.com\/fa\/\">\u062f\u0641\u0627\u062a\u0631 \u0645\u0647\u0627\u062c\u0631\u062a \u062f\u0631 \u0622\u0644\u0645\u0627\u0646<\/a><\/li>\n<\/ul>","protected":false},"excerpt":{"rendered":"<p>\u0627\u062f\u0627\u0631\u0647 \u0645\u0647\u0627\u062c\u0631\u062a \/ \u0627\u062f\u0627\u0631\u0647 \u0645\u0647\u0627\u062c\u0631\u062a \u062f\u0631 \u0646\u0648\u0631\u0646\u0628\u0631\u06af - \u0622\u062f\u0631\u0633 \u0648 \u0622\u062f\u0631\u0633 \u0628\u0631\u0627\u06cc \u0628\u0627\u0632\u062f\u06cc\u062f\u06a9\u0646\u0646\u062f\u06af\u0627\u0646 \u0622\u062f\u0631\u0633: \u062f\u0641\u062a\u0631 \u0645\u0642\u06cc\u0645 \u0646\u0648\u0631\u0646\u0628\u0631\u06af\u060c Hirschelgasse 32 (\u0627\u0645\u0648\u0631 \u062e\u0627\u0631\u062c\u06cc \u0639\u0645\u0648\u0645\u06cc: \u0633\u0637\u062d 1 \u0648 \u0633\u0637\u062d 3)\u060c 90403 \u0646\u0648\u0631\u0646\u0628\u0631\u06af \u062a\u0644\u0641\u0646: 0911\/231-0 \u0648\u0628 \u0633\u0627\u06cc\u062a: www.nuernberg. de \u0633\u0627\u0639\u0627\u062a \u06a9\u0627\u0631: \u0641\u0642\u0637 \u0628\u0627 \u0648\u0642\u062a \u0642\u0628\u0644\u06cc \u0627\u0632 \u0637\u0631\u06cc\u0642 \u067e\u0648\u0631\u062a\u0627\u0644 \u062e\u062f\u0645\u0627\u062a\u06cc &quot;My Nurnberg&quot; \u0627\u062f\u0627\u0631\u0647 \u062e\u0627\u0631\u062c\u06cc\u0627\u0646 \u0634\u0647\u0631 \u0646\u0648\u0631\u0646\u0628\u0631\u06af Regensburgerstra\u00dfe \u0622\u062f\u0631\u0633: \u0627\u062f\u0627\u0631\u0647 \u062e\u0627\u0631\u062c\u06cc \u0634\u0647\u0631 \u0646\u0648\u0631\u0646\u0628\u0631\u06af\u060c \u062e\u06cc\u0627\u0628\u0627\u0646 Regensburger 231\u060c 90478 \u0646\u0648\u0631\u0646\u0628\u0631\u06af \u062a\u0644\u0641\u0646: 0911\/231-0 \u0641\u06a9\u0633: 091&nbsp;<a href=\"https:\/\/auslaenderaemter.com\/fa\/%d8%a7%d8%af%d8%a7%d8%b1%d9%87-%d9%85%d9%87%d8%a7%d8%ac%d8%b1%d8%aa-%d9%86%d9%88%d8%b1%d9%86%d8%a8%d8%b1%da%af\/\" rel=\"bookmark\">\u0627\u062f\u0627\u0645\u0647 \u0645\u0637\u0644\u0628 \u00bb<span class=\"screen-reader-text\">\u0627\u062f\u0627\u0631\u0647 \u0645\u0647\u0627\u062c\u0631\u062a \u0646\u0648\u0631\u0646\u0628\u0631\u06af<\/span><\/a><\/p>","protected":false},"author":1,"featured_media":4062,"parent":0,"menu_order":0,"comment_status":"closed","ping_status":"closed","template":"","meta":{"neve_meta_sidebar":"full-width","neve_meta_container":"","neve_meta_enable_content_width":"on","neve_meta_content_width":100,"neve_meta_title_alignment":"","neve_meta_author_avatar":"","neve_post_elements_order":"","neve_meta_disable_header":"","neve_meta_disable_footer":"","neve_meta_disable_title":"","neve_meta_reading_time":"","footnotes":""},"class_list":["post-1795","page","type-page","status-publish","has-post-thumbnail","hentry"],"yoast_head":"<!-- This site is optimized with the Yoast SEO plugin v27.4 - https:\/\/yoast.com\/product\/yoast-seo-wordpress\/ -->\n<title>Ausl\u00e4nderamt N\u00fcrnberg | Adresse, Kontakt und \u00d6ffnungszeiten<\/title>\n<meta name=\"description\" content=\"Ausl\u00e4nderamt N\u00fcrnberg | Adresse und Anschrift \u2713 Telefonnummer, Kontakt und \u00d6ffnungszeiten \u2713 Anfahrt \u2713 Ausl\u00e4nderbeh\u00f6rden in Deutschland\" \/>\n<meta name=\"robots\" content=\"index, follow, max-snippet:-1, max-image-preview:large, max-video-preview:-1\" \/>\n<link rel=\"canonical\" href=\"https:\/\/auslaenderaemter.com\/fa\/\u0627\u062f\u0627\u0631\u0647-\u0645\u0647\u0627\u062c\u0631\u062a-\u0646\u0648\u0631\u0646\u0628\u0631\u06af\/\" \/>\n<meta property=\"og:locale\" content=\"en_US\" \/>\n<meta property=\"og:type\" content=\"article\" \/>\n<meta property=\"og:title\" content=\"Ausl\u00e4nderamt N\u00fcrnberg | Adresse, Kontakt und \u00d6ffnungszeiten\" \/>\n<meta property=\"og:description\" content=\"Ausl\u00e4nderamt N\u00fcrnberg | Adresse und Anschrift \u2713 Telefonnummer, Kontakt und \u00d6ffnungszeiten \u2713 Anfahrt \u2713 Ausl\u00e4nderbeh\u00f6rden in Deutschland\" \/>\n<meta property=\"og:url\" content=\"https:\/\/auslaenderaemter.com\/fa\/\u0627\u062f\u0627\u0631\u0647-\u0645\u0647\u0627\u062c\u0631\u062a-\u0646\u0648\u0631\u0646\u0628\u0631\u06af\/\" \/>\n<meta property=\"og:site_name\" content=\"auslaenderaemter.com\" \/>\n<meta property=\"article:modified_time\" content=\"2023-08-08T17:57:56+00:00\" \/>\n<meta property=\"og:image\" content=\"https:\/\/auslaenderaemter.com\/wp-content\/uploads\/2023\/08\/IMG_3541-scaled-e1691517458515.jpeg\" \/>\n\t<meta property=\"og:image:width\" content=\"600\" \/>\n\t<meta property=\"og:image:height\" content=\"450\" \/>\n\t<meta property=\"og:image:type\" content=\"image\/jpeg\" \/>\n<meta name=\"twitter:card\" content=\"summary_large_image\" \/>\n<meta name=\"twitter:label1\" content=\"Est. reading time\" \/>\n\t<meta name=\"twitter:data1\" content=\"2 \u062f\u0642\u06cc\u0642\u0647\" \/>\n<script type=\"application\/ld+json\" class=\"yoast-schema-graph\">{\"@context\":\"https:\\\/\\\/schema.org\",\"@graph\":[{\"@type\":\"WebPage\",\"@id\":\"https:\\\/\\\/auslaenderaemter.com\\\/auslaenderamt-nuernberg\\\/\",\"url\":\"https:\\\/\\\/auslaenderaemter.com\\\/auslaenderamt-nuernberg\\\/\",\"name\":\"Ausl\u00e4nderamt N\u00fcrnberg | Adresse, Kontakt und \u00d6ffnungszeiten\",\"isPartOf\":{\"@id\":\"https:\\\/\\\/auslaenderaemter.com\\\/#website\"},\"primaryImageOfPage\":{\"@id\":\"https:\\\/\\\/auslaenderaemter.com\\\/auslaenderamt-nuernberg\\\/#primaryimage\"},\"image\":{\"@id\":\"https:\\\/\\\/auslaenderaemter.com\\\/auslaenderamt-nuernberg\\\/#primaryimage\"},\"thumbnailUrl\":\"https:\\\/\\\/auslaenderaemter.com\\\/wp-content\\\/uploads\\\/2023\\\/08\\\/IMG_3541-scaled-e1691517458515.jpeg\",\"datePublished\":\"2021-02-15T15:19:07+00:00\",\"dateModified\":\"2023-08-08T17:57:56+00:00\",\"description\":\"Ausl\u00e4nderamt N\u00fcrnberg | Adresse und Anschrift \u2713 Telefonnummer, Kontakt und \u00d6ffnungszeiten \u2713 Anfahrt \u2713 Ausl\u00e4nderbeh\u00f6rden in Deutschland\",\"breadcrumb\":{\"@id\":\"https:\\\/\\\/auslaenderaemter.com\\\/auslaenderamt-nuernberg\\\/#breadcrumb\"},\"inLanguage\":\"fa-AF\",\"potentialAction\":[{\"@type\":\"ReadAction\",\"target\":[\"https:\\\/\\\/auslaenderaemter.com\\\/auslaenderamt-nuernberg\\\/\"]}]},{\"@type\":\"ImageObject\",\"inLanguage\":\"fa-AF\",\"@id\":\"https:\\\/\\\/auslaenderaemter.com\\\/auslaenderamt-nuernberg\\\/#primaryimage\",\"url\":\"https:\\\/\\\/auslaenderaemter.com\\\/wp-content\\\/uploads\\\/2023\\\/08\\\/IMG_3541-scaled-e1691517458515.jpeg\",\"contentUrl\":\"https:\\\/\\\/auslaenderaemter.com\\\/wp-content\\\/uploads\\\/2023\\\/08\\\/IMG_3541-scaled-e1691517458515.jpeg\",\"width\":600,\"height\":450,\"caption\":\"Ausl\u00e4nderamt N\u00fcrnberg\"},{\"@type\":\"BreadcrumbList\",\"@id\":\"https:\\\/\\\/auslaenderaemter.com\\\/auslaenderamt-nuernberg\\\/#breadcrumb\",\"itemListElement\":[{\"@type\":\"ListItem\",\"position\":1,\"name\":\"Startseite\",\"item\":\"https:\\\/\\\/auslaenderaemter.com\\\/\"},{\"@type\":\"ListItem\",\"position\":2,\"name\":\"Ausl\u00e4nderamt N\u00fcrnberg\"}]},{\"@type\":\"WebSite\",\"@id\":\"https:\\\/\\\/auslaenderaemter.com\\\/#website\",\"url\":\"https:\\\/\\\/auslaenderaemter.com\\\/\",\"name\":\"auslaenderaemter.com\",\"description\":\"\",\"publisher\":{\"@id\":\"https:\\\/\\\/auslaenderaemter.com\\\/#organization\"},\"potentialAction\":[{\"@type\":\"SearchAction\",\"target\":{\"@type\":\"EntryPoint\",\"urlTemplate\":\"https:\\\/\\\/auslaenderaemter.com\\\/?s={search_term_string}\"},\"query-input\":{\"@type\":\"PropertyValueSpecification\",\"valueRequired\":true,\"valueName\":\"search_term_string\"}}],\"inLanguage\":\"fa-AF\"},{\"@type\":\"Organization\",\"@id\":\"https:\\\/\\\/auslaenderaemter.com\\\/#organization\",\"name\":\"auslaenderaemter.com\",\"url\":\"https:\\\/\\\/auslaenderaemter.com\\\/\",\"logo\":{\"@type\":\"ImageObject\",\"inLanguage\":\"fa-AF\",\"@id\":\"https:\\\/\\\/auslaenderaemter.com\\\/#\\\/schema\\\/logo\\\/image\\\/\",\"url\":\"https:\\\/\\\/auslaenderaemter.com\\\/wp-content\\\/uploads\\\/2021\\\/01\\\/cropped-Vollmond-info-13.png\",\"contentUrl\":\"https:\\\/\\\/auslaenderaemter.com\\\/wp-content\\\/uploads\\\/2021\\\/01\\\/cropped-Vollmond-info-13.png\",\"width\":500,\"height\":117,\"caption\":\"auslaenderaemter.com\"},\"image\":{\"@id\":\"https:\\\/\\\/auslaenderaemter.com\\\/#\\\/schema\\\/logo\\\/image\\\/\"}}]}<\/script>\n<!-- \/ Yoast SEO plugin. -->","yoast_head_json":{"title":"\u0627\u062f\u0627\u0631\u0647 \u0645\u0647\u0627\u062c\u0631\u062a \u0646\u0648\u0631\u0646\u0628\u0631\u06af | \u0622\u062f\u0631\u0633\u060c \u062a\u0645\u0627\u0633 \u0648 \u0633\u0627\u0639\u0627\u062a \u06a9\u0627\u0631\u06cc","description":"\u0627\u062f\u0627\u0631\u0647 \u0645\u0647\u0627\u062c\u0631\u062a \u0646\u0648\u0631\u0646\u0628\u0631\u06af | \u0622\u062f\u0631\u0633 \u0648 \u0622\u062f\u0631\u0633 \u2713 \u0634\u0645\u0627\u0631\u0647 \u062a\u0644\u0641\u0646\u060c \u062a\u0645\u0627\u0633 \u0648 \u0633\u0627\u0639\u0627\u062a \u0628\u0627\u0632\u06af\u0634\u0627\u06cc\u06cc \u2713 \u0645\u0633\u06cc\u0631\u0647\u0627 \u2713 \u0645\u0642\u0627\u0645\u0627\u062a \u0645\u0647\u0627\u062c\u0631\u062a \u062f\u0631 \u0622\u0644\u0645\u0627\u0646","robots":{"index":"index","follow":"follow","max-snippet":"max-snippet:-1","max-image-preview":"max-image-preview:large","max-video-preview":"max-video-preview:-1"},"canonical":"https:\/\/auslaenderaemter.com\/fa\/\u0627\u062f\u0627\u0631\u0647-\u0645\u0647\u0627\u062c\u0631\u062a-\u0646\u0648\u0631\u0646\u0628\u0631\u06af\/","og_locale":"en_US","og_type":"article","og_title":"Ausl\u00e4nderamt N\u00fcrnberg | Adresse, Kontakt und \u00d6ffnungszeiten","og_description":"Ausl\u00e4nderamt N\u00fcrnberg | Adresse und Anschrift \u2713 Telefonnummer, Kontakt und \u00d6ffnungszeiten \u2713 Anfahrt \u2713 Ausl\u00e4nderbeh\u00f6rden in Deutschland","og_url":"https:\/\/auslaenderaemter.com\/fa\/\u0627\u062f\u0627\u0631\u0647-\u0645\u0647\u0627\u062c\u0631\u062a-\u0646\u0648\u0631\u0646\u0628\u0631\u06af\/","og_site_name":"auslaenderaemter.com","article_modified_time":"2023-08-08T17:57:56+00:00","og_image":[{"width":600,"height":450,"url":"https:\/\/auslaenderaemter.com\/wp-content\/uploads\/2023\/08\/IMG_3541-scaled-e1691517458515.jpeg","type":"image\/jpeg"}],"twitter_card":"summary_large_image","twitter_misc":{"Est. reading time":"2 \u062f\u0642\u06cc\u0642\u0647"},"schema":{"@context":"https:\/\/schema.org","@graph":[{"@type":"WebPage","@id":"https:\/\/auslaenderaemter.com\/auslaenderamt-nuernberg\/","url":"https:\/\/auslaenderaemter.com\/auslaenderamt-nuernberg\/","name":"\u0627\u062f\u0627\u0631\u0647 \u0645\u0647\u0627\u062c\u0631\u062a \u0646\u0648\u0631\u0646\u0628\u0631\u06af | \u0622\u062f\u0631\u0633\u060c \u062a\u0645\u0627\u0633 \u0648 \u0633\u0627\u0639\u0627\u062a \u06a9\u0627\u0631\u06cc","isPartOf":{"@id":"https:\/\/auslaenderaemter.com\/#website"},"primaryImageOfPage":{"@id":"https:\/\/auslaenderaemter.com\/auslaenderamt-nuernberg\/#primaryimage"},"image":{"@id":"https:\/\/auslaenderaemter.com\/auslaenderamt-nuernberg\/#primaryimage"},"thumbnailUrl":"https:\/\/auslaenderaemter.com\/wp-content\/uploads\/2023\/08\/IMG_3541-scaled-e1691517458515.jpeg","datePublished":"2021-02-15T15:19:07+00:00","dateModified":"2023-08-08T17:57:56+00:00","description":"\u0627\u062f\u0627\u0631\u0647 \u0645\u0647\u0627\u062c\u0631\u062a \u0646\u0648\u0631\u0646\u0628\u0631\u06af | \u0622\u062f\u0631\u0633 \u0648 \u0622\u062f\u0631\u0633 \u2713 \u0634\u0645\u0627\u0631\u0647 \u062a\u0644\u0641\u0646\u060c \u062a\u0645\u0627\u0633 \u0648 \u0633\u0627\u0639\u0627\u062a \u0628\u0627\u0632\u06af\u0634\u0627\u06cc\u06cc \u2713 \u0645\u0633\u06cc\u0631\u0647\u0627 \u2713 \u0645\u0642\u0627\u0645\u0627\u062a \u0645\u0647\u0627\u062c\u0631\u062a \u062f\u0631 \u0622\u0644\u0645\u0627\u0646","breadcrumb":{"@id":"https:\/\/auslaenderaemter.com\/auslaenderamt-nuernberg\/#breadcrumb"},"inLanguage":"fa-AF","potentialAction":[{"@type":"ReadAction","target":["https:\/\/auslaenderaemter.com\/auslaenderamt-nuernberg\/"]}]},{"@type":"ImageObject","inLanguage":"fa-AF","@id":"https:\/\/auslaenderaemter.com\/auslaenderamt-nuernberg\/#primaryimage","url":"https:\/\/auslaenderaemter.com\/wp-content\/uploads\/2023\/08\/IMG_3541-scaled-e1691517458515.jpeg","contentUrl":"https:\/\/auslaenderaemter.com\/wp-content\/uploads\/2023\/08\/IMG_3541-scaled-e1691517458515.jpeg","width":600,"height":450,"caption":"Ausl\u00e4nderamt N\u00fcrnberg"},{"@type":"BreadcrumbList","@id":"https:\/\/auslaenderaemter.com\/auslaenderamt-nuernberg\/#breadcrumb","itemListElement":[{"@type":"ListItem","position":1,"name":"Startseite","item":"https:\/\/auslaenderaemter.com\/"},{"@type":"ListItem","position":2,"name":"Ausl\u00e4nderamt N\u00fcrnberg"}]},{"@type":"WebSite","@id":"https:\/\/auslaenderaemter.com\/#website","url":"https:\/\/auslaenderaemter.com\/","name":"auslaenderaemter.com","description":"","publisher":{"@id":"https:\/\/auslaenderaemter.com\/#organization"},"potentialAction":[{"@type":"SearchAction","target":{"@type":"EntryPoint","urlTemplate":"https:\/\/auslaenderaemter.com\/?s={search_term_string}"},"query-input":{"@type":"PropertyValueSpecification","valueRequired":true,"valueName":"search_term_string"}}],"inLanguage":"fa-AF"},{"@type":"Organization","@id":"https:\/\/auslaenderaemter.com\/#organization","name":"auslaenderaemter.com","url":"https:\/\/auslaenderaemter.com\/","logo":{"@type":"ImageObject","inLanguage":"fa-AF","@id":"https:\/\/auslaenderaemter.com\/#\/schema\/logo\/image\/","url":"https:\/\/auslaenderaemter.com\/wp-content\/uploads\/2021\/01\/cropped-Vollmond-info-13.png","contentUrl":"https:\/\/auslaenderaemter.com\/wp-content\/uploads\/2021\/01\/cropped-Vollmond-info-13.png","width":500,"height":117,"caption":"auslaenderaemter.com"},"image":{"@id":"https:\/\/auslaenderaemter.com\/#\/schema\/logo\/image\/"}}]}},"_links":{"self":[{"href":"https:\/\/auslaenderaemter.com\/fa\/wp-json\/wp\/v2\/pages\/1795","targetHints":{"allow":["GET"]}}],"collection":[{"href":"https:\/\/auslaenderaemter.com\/fa\/wp-json\/wp\/v2\/pages"}],"about":[{"href":"https:\/\/auslaenderaemter.com\/fa\/wp-json\/wp\/v2\/types\/page"}],"author":[{"embeddable":true,"href":"https:\/\/auslaenderaemter.com\/fa\/wp-json\/wp\/v2\/users\/1"}],"replies":[{"embeddable":true,"href":"https:\/\/auslaenderaemter.com\/fa\/wp-json\/wp\/v2\/comments?post=1795"}],"version-history":[{"count":0,"href":"https:\/\/auslaenderaemter.com\/fa\/wp-json\/wp\/v2\/pages\/1795\/revisions"}],"wp:featuredmedia":[{"embeddable":true,"href":"https:\/\/auslaenderaemter.com\/fa\/wp-json\/wp\/v2\/media\/4062"}],"wp:attachment":[{"href":"https:\/\/auslaenderaemter.com\/fa\/wp-json\/wp\/v2\/media?parent=1795"}],"curies":[{"name":"\u0648\u0631\u062f\u067e\u0631\u0633","href":"https:\/\/api.w.org\/{rel}","templated":true}]}}