{"id":21,"date":"2021-01-24T23:36:29","date_gmt":"2021-01-24T22:36:29","guid":{"rendered":"https:\/\/auslaenderaemter.com\/?page_id=21"},"modified":"2025-12-30T06:36:31","modified_gmt":"2025-12-30T05:36:31","slug":"impressum","status":"publish","type":"page","link":"https:\/\/auslaenderaemter.com\/fa\/%d8%ad%da%a9\/","title":{"rendered":"\u062d\u06a9"},"content":{"rendered":"<h1>\u062d\u06a9<\/h1>\n<h2>\u0637\u0628\u0642 \u00a7 5 TMG:<\/h2>\n<p>\u067e\u062a\u0631\u0648\u0633 \u0627\u0635\u0644\u0627\u0646\u0627\u06a9\u06cc\u0633<br \/>\n\u06f8\u06f8\u06f9\/\u06f8\u06f5\u06f0 \u0645\u0648 \u06f5<br \/>\n\u0646\u0648\u0646\u06af \u067e\u0631\u0648\u060c \u0628\u0646\u06af \u0644\u0627\u0645\u0648\u0646\u06af<br \/>\nChon Buri 20150<br \/>\n\u062a\u0627\u06cc\u0644\u0646\u062f<\/p>\n<h2>\u0645\u062e\u0627\u0637\u0628:<\/h2>\n<p>\u0627\u06cc\u0645\u06cc\u0644: info(at)auslaenderaemter.com<\/p>\n<p><strong>\u0627\u06cc\u0646 \u0648\u0628 \u0633\u0627\u06cc\u062a \u06cc\u06a9 \u0648\u0628 \u0633\u0627\u06cc\u062a \u0631\u0633\u0645\u06cc \u0645\u0642\u0627\u0645\u0627\u062a \u0645\u0647\u0627\u062c\u0631\u062a \u0646\u06cc\u0633\u062a.\u00a0<\/strong><\/p>\n<p><strong>\u0644\u0637\u0641\u0627 \u062a\u0648\u062c\u0647 \u062f\u0627\u0634\u062a\u0647 \u0628\u0627\u0634\u06cc\u062f \u06a9\u0647 \u0645\u0627 \u0628\u0647 \u0639\u0646\u0648\u0627\u0646 \u0627\u067e\u0631\u0627\u062a\u0648\u0631 \u0633\u0627\u06cc\u062a \u0646\u0645\u06cc \u062a\u0648\u0627\u0646\u06cc\u0645 \u0647\u06cc\u0686 \u0645\u0634\u0627\u0648\u0631\u0647 \u06cc\u0627 \u0627\u0637\u0644\u0627\u0639\u0627\u062a\u06cc \u0631\u0627 \u0627\u0631\u0627\u0626\u0647 \u06a9\u0646\u06cc\u0645.<\/strong><\/p>\n<h2>\u0633\u0644\u0628 \u0645\u0633\u0626\u0648\u0644\u06cc\u062a<\/h2>\n<p><strong>\u0645\u0633\u0626\u0648\u0644\u06cc\u062a \u0645\u062d\u062a\u0648\u0627<\/strong><\/p>\n<p>\u0628\u0647 \u0639\u0646\u0648\u0627\u0646 \u06cc\u06a9 \u0627\u0631\u0627\u0626\u0647 \u062f\u0647\u0646\u062f\u0647 \u062e\u062f\u0645\u0627\u062a\u060c \u0637\u0628\u0642 \u0628\u062e\u0634 7\u060c \u0628\u0646\u062f 1 \u0642\u0627\u0646\u0648\u0646 \u0631\u0633\u0627\u0646\u0647 \u0647\u0627\u06cc \u0622\u0644\u0645\u0627\u0646\u06cc (TMG) \u0645\u0633\u0626\u0648\u0644 \u0645\u062d\u062a\u0648\u0627\u06cc \u062e\u0648\u062f \u062f\u0631 \u0627\u06cc\u0646 \u0635\u0641\u062d\u0627\u062a \u0647\u0633\u062a\u06cc\u0645. \u0628\u0627 \u062a\u0648\u062c\u0647 \u0628\u0647 \u00a7\u00a7 8 \u062a\u0627 10 TMG\u060c \u0628\u0627 \u0627\u06cc\u0646 \u062d\u0627\u0644\u060c \u0645\u0627 \u0628\u0647 \u0639\u0646\u0648\u0627\u0646 \u06cc\u06a9 \u0627\u0631\u0627\u0626\u0647 \u062f\u0647\u0646\u062f\u0647 \u062e\u062f\u0645\u0627\u062a \u0645\u0648\u0638\u0641 \u0628\u0647 \u0646\u0638\u0627\u0631\u062a \u0628\u0631 \u0627\u0637\u0644\u0627\u0639\u0627\u062a \u0645\u0646\u062a\u0642\u0644 \u0634\u062f\u0647 \u06cc\u0627 \u0630\u062e\u06cc\u0631\u0647 \u0634\u062f\u0647 \u0634\u062e\u0635 \u062b\u0627\u0644\u062b \u06cc\u0627 \u0628\u0631\u0631\u0633\u06cc \u0634\u0631\u0627\u06cc\u0637\u06cc \u0646\u06cc\u0633\u062a\u06cc\u0645 \u06a9\u0647 \u0646\u0634\u0627\u0646 \u062f\u0647\u0646\u062f\u0647 \u0641\u0639\u0627\u0644\u06cc\u062a \u063a\u06cc\u0631\u0642\u0627\u0646\u0648\u0646\u06cc \u0627\u0633\u062a.<\/p>\n<p>\u062a\u0639\u0647\u062f\u0627\u062a \u062d\u0630\u0641 \u06cc\u0627 \u0645\u0633\u062f\u0648\u062f \u06a9\u0631\u062f\u0646 \u0627\u0633\u062a\u0641\u0627\u062f\u0647 \u0627\u0632 \u0627\u0637\u0644\u0627\u0639\u0627\u062a \u0637\u0628\u0642 \u0642\u0648\u0627\u0646\u06cc\u0646 \u0639\u0645\u0648\u0645\u06cc \u0628\u06cc\u200c\u062a\u0623\u062b\u06cc\u0631 \u0628\u0627\u0642\u06cc \u0645\u06cc\u200c\u0645\u0627\u0646\u062f. \u0628\u0627 \u0627\u06cc\u0646 \u062d\u0627\u0644\u060c \u0645\u0633\u0626\u0648\u0644\u06cc\u062a \u062f\u0631 \u0627\u06cc\u0646 \u0632\u0645\u06cc\u0646\u0647 \u062a\u0646\u0647\u0627 \u0627\u0632 \u0632\u0645\u0627\u0646\u06cc \u0645\u0645\u06a9\u0646 \u0627\u0633\u062a \u06a9\u0647 \u0627\u0637\u0644\u0627\u0639 \u0627\u0632 \u0646\u0642\u0636 \u062e\u0627\u0635 \u0642\u0627\u0646\u0648\u0646 \u0645\u0634\u062e\u0635 \u0634\u0648\u062f. \u0628\u0647 \u0645\u062d\u0636 \u0627\u0637\u0644\u0627\u0639 \u0627\u0632 \u0647\u0631\u06af\u0648\u0646\u0647 \u0646\u0642\u0636 \u0642\u0627\u0646\u0648\u0646\u060c \u0628\u0644\u0627\u0641\u0627\u0635\u0644\u0647 \u0627\u06cc\u0646 \u0645\u062d\u062a\u0648\u0627 \u0631\u0627 \u062d\u0630\u0641 \u062e\u0648\u0627\u0647\u06cc\u0645 \u06a9\u0631\u062f.<\/p>\n<p><strong>\u0645\u0633\u0626\u0648\u0644\u06cc\u062a \u067e\u06cc\u0648\u0646\u062f\u0647\u0627<\/strong><\/p>\n<p>\u067e\u06cc\u0634\u0646\u0647\u0627\u062f \u0645\u0627 \u062d\u0627\u0648\u06cc \u067e\u06cc\u0648\u0646\u062f\u0647\u0627\u06cc\u06cc \u0628\u0647 \u0648\u0628\u200c\u0633\u0627\u06cc\u062a\u200c\u0647\u0627\u06cc \u0634\u062e\u0635 \u062b\u0627\u0644\u062b \u062e\u0627\u0631\u062c\u06cc \u0627\u0633\u062a \u06a9\u0647 \u0645\u0627 \u0647\u06cc\u0686 \u062a\u0623\u062b\u06cc\u0631\u06cc \u0631\u0648\u06cc \u0645\u062d\u062a\u0648\u0627\u06cc \u0622\u0646\u0647\u0627 \u0646\u062f\u0627\u0631\u06cc\u0645. \u0628\u0646\u0627\u0628\u0631\u0627\u06cc\u0646 \u0645\u0627 \u0646\u0645\u06cc \u062a\u0648\u0627\u0646\u06cc\u0645 \u0647\u06cc\u0686 \u06af\u0648\u0646\u0647 \u0645\u0633\u0626\u0648\u0644\u06cc\u062a\u06cc \u062f\u0631 \u0642\u0628\u0627\u0644 \u0627\u06cc\u0646 \u0645\u062d\u062a\u0648\u0627\u06cc \u062e\u0627\u0631\u062c\u06cc \u0628\u067e\u0630\u06cc\u0631\u06cc\u0645. \u0627\u0631\u0627\u0626\u0647 \u062f\u0647\u0646\u062f\u0647 \u06cc\u0627 \u0627\u067e\u0631\u0627\u062a\u0648\u0631 \u0645\u0631\u0628\u0648\u0637\u0647 \u0635\u0641\u062d\u0627\u062a \u0647\u0645\u06cc\u0634\u0647 \u0645\u0633\u0626\u0648\u0644 \u0645\u062d\u062a\u0648\u0627\u06cc \u0635\u0641\u062d\u0627\u062a \u067e\u06cc\u0648\u0646\u062f \u0634\u062f\u0647 \u0627\u0633\u062a. \u0635\u0641\u062d\u0627\u062a \u067e\u06cc\u0648\u0646\u062f \u062f\u0627\u062f\u0647 \u0634\u062f\u0647 \u062f\u0631 \u0632\u0645\u0627\u0646 \u067e\u06cc\u0648\u0646\u062f \u0627\u0632 \u0646\u0638\u0631 \u062a\u062e\u0644\u0641\u0627\u062a \u0642\u0627\u0646\u0648\u0646\u06cc \u0627\u062d\u062a\u0645\u0627\u0644\u06cc \u0628\u0631\u0631\u0633\u06cc \u0634\u062f\u0646\u062f. \u0645\u062d\u062a\u0648\u0627\u06cc \u063a\u06cc\u0631\u0642\u0627\u0646\u0648\u0646\u06cc \u062f\u0631 \u0632\u0645\u0627\u0646 \u067e\u06cc\u0648\u0646\u062f \u0642\u0627\u0628\u0644 \u062a\u0634\u062e\u06cc\u0635 \u0646\u0628\u0648\u062f.<\/p>\n<p>\u0628\u0627 \u0627\u06cc\u0646 \u062d\u0627\u0644\u060c \u06a9\u0646\u062a\u0631\u0644 \u062f\u0627\u0626\u0645\u06cc \u0645\u062d\u062a\u0648\u0627\u06cc \u0635\u0641\u062d\u0627\u062a \u067e\u06cc\u0648\u0646\u062f \u062f\u0627\u062f\u0647 \u0634\u062f\u0647 \u0628\u062f\u0648\u0646 \u0634\u0648\u0627\u0647\u062f \u0645\u0634\u062e\u0635 \u0627\u0632 \u0646\u0642\u0636 \u0645\u0639\u0642\u0648\u0644 \u0646\u06cc\u0633\u062a. \u0628\u0647 \u0645\u062d\u0636 \u0627\u0637\u0644\u0627\u0639 \u0627\u0632 \u062a\u062e\u0644\u0641\u0627\u062a \u0642\u0627\u0646\u0648\u0646\u06cc\u060c \u0628\u0644\u0627\u0641\u0627\u0635\u0644\u0647 \u0686\u0646\u06cc\u0646 \u0644\u06cc\u0646\u06a9 \u0647\u0627\u06cc\u06cc \u0631\u0627 \u062d\u0630\u0641 \u062e\u0648\u0627\u0647\u06cc\u0645 \u06a9\u0631\u062f.<\/p>\n<p><strong>\u06a9\u067e\u06cc \u0631\u0627\u06cc\u062a<\/strong><\/p>\n<p>\u0645\u062d\u062a\u0648\u0627 \u0648 \u0622\u062b\u0627\u0631 \u0645\u0648\u062c\u0648\u062f \u062f\u0631 \u0627\u06cc\u0646 \u0635\u0641\u062d\u0627\u062a \u06a9\u0647 \u062a\u0648\u0633\u0637 \u0627\u067e\u0631\u0627\u062a\u0648\u0631\u0647\u0627\u06cc \u0633\u0627\u06cc\u062a \u0627\u06cc\u062c\u0627\u062f \u0634\u062f\u0647 \u0627\u0633\u062a \u0645\u0634\u0645\u0648\u0644 \u0642\u0627\u0646\u0648\u0646 \u06a9\u067e\u06cc \u0631\u0627\u06cc\u062a \u0622\u0644\u0645\u0627\u0646 \u0645\u06cc \u0628\u0627\u0634\u062f. \u062a\u06a9\u062b\u06cc\u0631\u060c \u0648\u06cc\u0631\u0627\u06cc\u0634\u060c \u062a\u0648\u0632\u06cc\u0639 \u0648 \u0647\u0631 \u0646\u0648\u0639 \u0633\u0648\u0621 \u0627\u0633\u062a\u0641\u0627\u062f\u0647 \u062e\u0627\u0631\u062c \u0627\u0632 \u0645\u062d\u062f\u0648\u062f\u0647 \u062d\u0642 \u0686\u0627\u067e \u0645\u0633\u062a\u0644\u0632\u0645 \u0631\u0636\u0627\u06cc\u062a \u06a9\u062a\u0628\u06cc \u0646\u0648\u06cc\u0633\u0646\u062f\u0647 \u06cc\u0627 \u067e\u062f\u06cc\u062f\u0622\u0648\u0631 \u0645\u0631\u0628\u0648\u0637\u0647 \u0627\u0633\u062a. \u062f\u0627\u0646\u0644\u0648\u062f \u0648 \u06a9\u067e\u06cc \u0627\u0632 \u0627\u06cc\u0646 \u0633\u0627\u06cc\u062a \u0641\u0642\u0637 \u0628\u0631\u0627\u06cc \u0627\u0633\u062a\u0641\u0627\u062f\u0647 \u062e\u0635\u0648\u0635\u06cc \u0648 \u063a\u06cc\u0631 \u062a\u062c\u0627\u0631\u06cc \u0645\u062c\u0627\u0632 \u0627\u0633\u062a.<\/p>\n<p>\u0627\u0632 \u0622\u0646\u062c\u0627\u06cc\u06cc \u06a9\u0647 \u0645\u062d\u062a\u0648\u0627\u06cc \u0627\u06cc\u0646 \u0633\u0627\u06cc\u062a \u062a\u0648\u0633\u0637 \u0627\u067e\u0631\u0627\u062a\u0648\u0631 \u0627\u06cc\u062c\u0627\u062f \u0646\u0634\u062f\u0647 \u0627\u0633\u062a\u060c \u06a9\u067e\u06cc \u0631\u0627\u06cc\u062a \u0627\u0634\u062e\u0627\u0635 \u062b\u0627\u0644\u062b \u0631\u0639\u0627\u06cc\u062a \u0645\u06cc \u0634\u0648\u062f. \u0628\u0647 \u0637\u0648\u0631 \u062e\u0627\u0635 \u0645\u062d\u062a\u0648\u06cc\u0627\u062a \u0627\u0634\u062e\u0627\u0635 \u062b\u0627\u0644\u062b \u0628\u0647 \u0639\u0646\u0648\u0627\u0646 \u0686\u0646\u06cc\u0646 \u0639\u0644\u0627\u0645\u062a \u06af\u0630\u0627\u0631\u06cc \u0634\u062f\u0647 \u0627\u0646\u062f. \u0627\u06af\u0631 \u0628\u0627 \u0627\u06cc\u0646 \u0648\u062c\u0648\u062f \u0627\u0632 \u0646\u0642\u0636 \u062d\u0642 \u0646\u0633\u062e\u0647 \u0628\u0631\u062f\u0627\u0631\u06cc \u0645\u0637\u0644\u0639 \u0634\u062f\u06cc\u062f\u060c \u0627\u0632 \u0634\u0645\u0627 \u0645\u06cc \u062e\u0648\u0627\u0647\u06cc\u0645 \u06a9\u0647 \u0645\u0627 \u0631\u0627 \u0645\u0637\u0627\u0628\u0642 \u0628\u0627 \u0622\u0646 \u0645\u0637\u0644\u0639 \u06a9\u0646\u06cc\u062f. \u0628\u0647 \u0645\u062d\u0636 \u0627\u0637\u0644\u0627\u0639 \u0627\u0632 \u062a\u062e\u0644\u0641\u0627\u062a \u0642\u0627\u0646\u0648\u0646\u06cc\u060c \u0628\u0644\u0627\u0641\u0627\u0635\u0644\u0647 \u0686\u0646\u06cc\u0646 \u0645\u0637\u0627\u0644\u0628\u06cc \u0631\u0627 \u062d\u0630\u0641 \u062e\u0648\u0627\u0647\u06cc\u0645 \u06a9\u0631\u062f.<\/p>\n<p>\u0645\u0646\u0628\u0639:\u00a0<em><a href=\"https:\/\/www.e-recht24.de\/\">eRecht24<\/a><\/em><\/p>","protected":false},"excerpt":{"rendered":"<p>\u0627\u0637\u0644\u0627\u0639\u06cc\u0647 \u062d\u0642\u0648\u0642\u06cc (Impressum) \u0627\u0637\u0644\u0627\u0639\u0627\u062a \u0637\u0628\u0642 \u0645\u0627\u062f\u0647 \u06f5 TMG: \u067e\u062a\u0631\u0648\u0633 \u0622\u0633\u0644\u0627\u0646\u0627\u06a9\u06cc\u0633 \u06f8\u06f8\u06f9\/\u06f8\u06f5\u06f0 \u0645\u0648 \u06f5 \u0646\u0648\u0646\u06af \u067e\u0631\u0648\u060c \u0628\u0646\u06af \u0644\u0627\u0645\u0648\u0646\u06af \u0686\u0648\u0646 \u0628\u0648\u0631\u06cc \u06f2\u06f0\u06f1\u06f5\u06f0 \u062a\u0627\u06cc\u0644\u0646\u062f \u062a\u0645\u0627\u0633: \u0627\u06cc\u0645\u06cc\u0644: info(at)auslaenderaemter.com \u0627\u06cc\u0646 \u0648\u0628\u200c\u0633\u0627\u06cc\u062a\u060c \u0648\u0628\u200c\u0633\u0627\u06cc\u062a \u0631\u0633\u0645\u06cc \u0645\u0642\u0627\u0645\u0627\u062a \u0645\u0647\u0627\u062c\u0631\u062a \u0646\u06cc\u0633\u062a. \u0644\u0637\u0641\u0627\u064b \u062a\u0648\u062c\u0647 \u062f\u0627\u0634\u062a\u0647 \u0628\u0627\u0634\u06cc\u062f \u06a9\u0647 \u0628\u0647 \u0639\u0646\u0648\u0627\u0646 \u06af\u0631\u062f\u0627\u0646\u0646\u062f\u06af\u0627\u0646 \u0648\u0628\u200c\u0633\u0627\u06cc\u062a\u060c \u0645\u0627 \u0646\u0645\u06cc\u200c\u062a\u0648\u0627\u0646\u06cc\u0645 \u0647\u06cc\u0686 \u06af\u0648\u0646\u0647 \u0645\u0634\u0627\u0648\u0631\u0647 \u06cc\u0627 \u0627\u0637\u0644\u0627\u0639\u0627\u062a\u06cc \u0627\u0631\u0627\u0626\u0647 \u062f\u0647\u06cc\u0645. \u0633\u0644\u0628 \u0645\u0633\u0626\u0648\u0644\u06cc\u062a \u0645\u0633\u0626\u0648\u0644\u06cc\u062a \u0645\u062d\u062a\u0648\u0627 \u0628\u0647 \u0639\u0646\u0648\u0627\u0646 \u0627\u0631\u0627\u0626\u0647 \u062f\u0647\u0646\u062f\u0647 \u062e\u062f\u0645\u0627\u062a\u060c \u0645\u0627 \u0645\u0633\u0626\u0648\u0644\u2026&nbsp;<a href=\"https:\/\/auslaenderaemter.com\/fa\/%d8%ad%da%a9\/\" rel=\"bookmark\">\u0627\u062f\u0627\u0645\u0647 \u0645\u0637\u0644\u0628 \u00bb<span class=\"screen-reader-text\">\u062d\u06a9<\/span><\/a><\/p>","protected":false},"author":1,"featured_media":0,"parent":0,"menu_order":0,"comment_status":"closed","ping_status":"closed","template":"","meta":{"neve_meta_sidebar":"full-width","neve_meta_container":"","neve_meta_enable_content_width":"on","neve_meta_content_width":100,"neve_meta_title_alignment":"","neve_meta_author_avatar":"","neve_post_elements_order":"","neve_meta_disable_header":"","neve_meta_disable_footer":"","neve_meta_disable_title":"on","neve_meta_reading_time":"","footnotes":""},"class_list":["post-21","page","type-page","status-publish","hentry"],"yoast_head":"<!-- This site is optimized with the Yoast SEO plugin v27.3 - https:\/\/yoast.com\/product\/yoast-seo-wordpress\/ -->\n<title>Impressum - auslaenderaemter.com<\/title>\n<meta name=\"robots\" content=\"noindex, follow\" \/>\n<meta property=\"og:locale\" content=\"en_US\" \/>\n<meta property=\"og:type\" content=\"article\" \/>\n<meta property=\"og:title\" content=\"Impressum - auslaenderaemter.com\" \/>\n<meta property=\"og:description\" content=\"Impressum Angaben gem\u00e4\u00df \u00a7 5 TMG: Petros Aslanakis 889\/850 Moo 5 Nong Prue, Bang Lamung Chon Buri 20150 Thailand Kontakt: E-Mail: info(at)auslaenderaemter.com Diese Webseite ist keine offizielle Webseite der Ausl\u00e4nderbeh\u00f6rden.\u00a0 Bitte haben Sie Verst\u00e4ndnis, dass wir als Seitenbetreiber keinerlei Beratung vornehmen oder Informationen erteilen k\u00f6nnen. Haftungsausschluss (Disclaimer) Haftung f\u00fcr Inhalte Als Diensteanbieter sind wir gem\u00e4\u00df&hellip;&nbsp;Read More &raquo;Impressum\" \/>\n<meta property=\"og:url\" content=\"https:\/\/auslaenderaemter.com\/fa\/\u062d\u06a9\/\" \/>\n<meta property=\"og:site_name\" content=\"auslaenderaemter.com\" \/>\n<meta property=\"article:modified_time\" content=\"2025-12-30T05:36:31+00:00\" \/>\n<meta name=\"twitter:card\" content=\"summary_large_image\" \/>\n<meta name=\"twitter:label1\" content=\"Est. reading time\" \/>\n\t<meta name=\"twitter:data1\" content=\"2 \u062f\u0642\u06cc\u0642\u0647\" \/>\n<script type=\"application\/ld+json\" class=\"yoast-schema-graph\">{\"@context\":\"https:\\\/\\\/schema.org\",\"@graph\":[{\"@type\":\"WebPage\",\"@id\":\"https:\\\/\\\/auslaenderaemter.com\\\/impressum\\\/\",\"url\":\"https:\\\/\\\/auslaenderaemter.com\\\/impressum\\\/\",\"name\":\"Impressum - auslaenderaemter.com\",\"isPartOf\":{\"@id\":\"https:\\\/\\\/auslaenderaemter.com\\\/#website\"},\"datePublished\":\"2021-01-24T22:36:29+00:00\",\"dateModified\":\"2025-12-30T05:36:31+00:00\",\"breadcrumb\":{\"@id\":\"https:\\\/\\\/auslaenderaemter.com\\\/impressum\\\/#breadcrumb\"},\"inLanguage\":\"fa-AF\",\"potentialAction\":[{\"@type\":\"ReadAction\",\"target\":[\"https:\\\/\\\/auslaenderaemter.com\\\/impressum\\\/\"]}]},{\"@type\":\"BreadcrumbList\",\"@id\":\"https:\\\/\\\/auslaenderaemter.com\\\/impressum\\\/#breadcrumb\",\"itemListElement\":[{\"@type\":\"ListItem\",\"position\":1,\"name\":\"Startseite\",\"item\":\"https:\\\/\\\/auslaenderaemter.com\\\/\"},{\"@type\":\"ListItem\",\"position\":2,\"name\":\"Impressum\"}]},{\"@type\":\"WebSite\",\"@id\":\"https:\\\/\\\/auslaenderaemter.com\\\/#website\",\"url\":\"https:\\\/\\\/auslaenderaemter.com\\\/\",\"name\":\"auslaenderaemter.com\",\"description\":\"\",\"publisher\":{\"@id\":\"https:\\\/\\\/auslaenderaemter.com\\\/#organization\"},\"potentialAction\":[{\"@type\":\"SearchAction\",\"target\":{\"@type\":\"EntryPoint\",\"urlTemplate\":\"https:\\\/\\\/auslaenderaemter.com\\\/?s={search_term_string}\"},\"query-input\":{\"@type\":\"PropertyValueSpecification\",\"valueRequired\":true,\"valueName\":\"search_term_string\"}}],\"inLanguage\":\"fa-AF\"},{\"@type\":\"Organization\",\"@id\":\"https:\\\/\\\/auslaenderaemter.com\\\/#organization\",\"name\":\"auslaenderaemter.com\",\"url\":\"https:\\\/\\\/auslaenderaemter.com\\\/\",\"logo\":{\"@type\":\"ImageObject\",\"inLanguage\":\"fa-AF\",\"@id\":\"https:\\\/\\\/auslaenderaemter.com\\\/#\\\/schema\\\/logo\\\/image\\\/\",\"url\":\"https:\\\/\\\/auslaenderaemter.com\\\/wp-content\\\/uploads\\\/2021\\\/01\\\/cropped-Vollmond-info-13.png\",\"contentUrl\":\"https:\\\/\\\/auslaenderaemter.com\\\/wp-content\\\/uploads\\\/2021\\\/01\\\/cropped-Vollmond-info-13.png\",\"width\":500,\"height\":117,\"caption\":\"auslaenderaemter.com\"},\"image\":{\"@id\":\"https:\\\/\\\/auslaenderaemter.com\\\/#\\\/schema\\\/logo\\\/image\\\/\"}}]}<\/script>\n<!-- \/ Yoast SEO plugin. -->","yoast_head_json":{"title":"\u0686\u0627\u067e - auslaenderaemter.com","robots":{"index":"noindex","follow":"follow"},"og_locale":"en_US","og_type":"article","og_title":"Impressum - auslaenderaemter.com","og_description":"Impressum Angaben gem\u00e4\u00df \u00a7 5 TMG: Petros Aslanakis 889\/850 Moo 5 Nong Prue, Bang Lamung Chon Buri 20150 Thailand Kontakt: E-Mail: info(at)auslaenderaemter.com Diese Webseite ist keine offizielle Webseite der Ausl\u00e4nderbeh\u00f6rden.\u00a0 Bitte haben Sie Verst\u00e4ndnis, dass wir als Seitenbetreiber keinerlei Beratung vornehmen oder Informationen erteilen k\u00f6nnen. Haftungsausschluss (Disclaimer) Haftung f\u00fcr Inhalte Als Diensteanbieter sind wir gem\u00e4\u00df&hellip;&nbsp;Read More &raquo;Impressum","og_url":"https:\/\/auslaenderaemter.com\/fa\/\u062d\u06a9\/","og_site_name":"auslaenderaemter.com","article_modified_time":"2025-12-30T05:36:31+00:00","twitter_card":"summary_large_image","twitter_misc":{"Est. reading time":"2 \u062f\u0642\u06cc\u0642\u0647"},"schema":{"@context":"https:\/\/schema.org","@graph":[{"@type":"WebPage","@id":"https:\/\/auslaenderaemter.com\/impressum\/","url":"https:\/\/auslaenderaemter.com\/impressum\/","name":"\u0686\u0627\u067e - auslaenderaemter.com","isPartOf":{"@id":"https:\/\/auslaenderaemter.com\/#website"},"datePublished":"2021-01-24T22:36:29+00:00","dateModified":"2025-12-30T05:36:31+00:00","breadcrumb":{"@id":"https:\/\/auslaenderaemter.com\/impressum\/#breadcrumb"},"inLanguage":"fa-AF","potentialAction":[{"@type":"ReadAction","target":["https:\/\/auslaenderaemter.com\/impressum\/"]}]},{"@type":"BreadcrumbList","@id":"https:\/\/auslaenderaemter.com\/impressum\/#breadcrumb","itemListElement":[{"@type":"ListItem","position":1,"name":"Startseite","item":"https:\/\/auslaenderaemter.com\/"},{"@type":"ListItem","position":2,"name":"Impressum"}]},{"@type":"WebSite","@id":"https:\/\/auslaenderaemter.com\/#website","url":"https:\/\/auslaenderaemter.com\/","name":"auslaenderaemter.com","description":"","publisher":{"@id":"https:\/\/auslaenderaemter.com\/#organization"},"potentialAction":[{"@type":"SearchAction","target":{"@type":"EntryPoint","urlTemplate":"https:\/\/auslaenderaemter.com\/?s={search_term_string}"},"query-input":{"@type":"PropertyValueSpecification","valueRequired":true,"valueName":"search_term_string"}}],"inLanguage":"fa-AF"},{"@type":"Organization","@id":"https:\/\/auslaenderaemter.com\/#organization","name":"auslaenderaemter.com","url":"https:\/\/auslaenderaemter.com\/","logo":{"@type":"ImageObject","inLanguage":"fa-AF","@id":"https:\/\/auslaenderaemter.com\/#\/schema\/logo\/image\/","url":"https:\/\/auslaenderaemter.com\/wp-content\/uploads\/2021\/01\/cropped-Vollmond-info-13.png","contentUrl":"https:\/\/auslaenderaemter.com\/wp-content\/uploads\/2021\/01\/cropped-Vollmond-info-13.png","width":500,"height":117,"caption":"auslaenderaemter.com"},"image":{"@id":"https:\/\/auslaenderaemter.com\/#\/schema\/logo\/image\/"}}]}},"_links":{"self":[{"href":"https:\/\/auslaenderaemter.com\/fa\/wp-json\/wp\/v2\/pages\/21","targetHints":{"allow":["GET"]}}],"collection":[{"href":"https:\/\/auslaenderaemter.com\/fa\/wp-json\/wp\/v2\/pages"}],"about":[{"href":"https:\/\/auslaenderaemter.com\/fa\/wp-json\/wp\/v2\/types\/page"}],"author":[{"embeddable":true,"href":"https:\/\/auslaenderaemter.com\/fa\/wp-json\/wp\/v2\/users\/1"}],"replies":[{"embeddable":true,"href":"https:\/\/auslaenderaemter.com\/fa\/wp-json\/wp\/v2\/comments?post=21"}],"version-history":[{"count":0,"href":"https:\/\/auslaenderaemter.com\/fa\/wp-json\/wp\/v2\/pages\/21\/revisions"}],"wp:attachment":[{"href":"https:\/\/auslaenderaemter.com\/fa\/wp-json\/wp\/v2\/media?parent=21"}],"curies":[{"name":"\u0648\u0631\u062f\u067e\u0631\u0633","href":"https:\/\/api.w.org\/{rel}","templated":true}]}}