{"id":3197,"date":"2022-06-06T19:36:53","date_gmt":"2022-06-06T17:36:53","guid":{"rendered":"https:\/\/auslaenderaemter.com\/?page_id=3197"},"modified":"2022-07-20T13:34:31","modified_gmt":"2022-07-20T11:34:31","slug":"kontakt","status":"publish","type":"page","link":"https:\/\/auslaenderaemter.com\/fa\/%d9%85%d8%ae%d8%a7%d8%b7%d8%a8\/","title":{"rendered":"\u0645\u062e\u0627\u0637\u0628"},"content":{"rendered":"<p>\u0645\u0627 \u0633\u0639\u06cc \u0645\u06cc \u06a9\u0646\u06cc\u0645 \u0645\u0637\u0627\u0644\u0628 \u062e\u0648\u062f \u0631\u0627 \u0628\u0647 \u0631\u0648\u0632 \u0646\u06af\u0647 \u062f\u0627\u0631\u06cc\u0645. \u0639\u0644\u06cc\u200c\u0631\u063a\u0645 \u0628\u06cc\u0634\u062a\u0631\u06cc\u0646 \u062f\u0642\u062a\u060c \u062e\u0637\u0627\u0647\u0627 \u0645\u06cc\u200c\u062a\u0648\u0627\u0646\u0646\u062f \u0631\u062e\u0646\u0647 \u06a9\u0646\u0646\u062f. \u0628\u0627 \u0627\u06cc\u0646 \u062d\u0627\u0644\u060c \u0627\u06af\u0631 \u0645\u0627\u06cc\u0644\u06cc\u062f \u062e\u0637\u0627\u06cc\u06cc \u0631\u0627 \u0627\u0632 \u0633\u0648\u06cc \u0645\u0627 \u06af\u0632\u0627\u0631\u0634 \u062f\u0647\u06cc\u062f\u060c \u0627\u06af\u0631 \u0627\u06cc\u0645\u06cc\u0644\u06cc \u0628\u0631\u0627\u06cc \u0645\u0627 \u0627\u0631\u0633\u0627\u0644 \u06a9\u0646\u06cc\u062f \u0648 \u062a\u063a\u06cc\u06cc\u0631\u0627\u062a \u0631\u0627 \u0628\u0647 \u0634\u0645\u0627 \u0627\u0637\u0644\u0627\u0639 \u062f\u0647\u062f\u060c \u0642\u062f\u0631\u062f\u0627\u0646\u06cc \u062e\u0648\u0627\u0647\u06cc\u0645 \u06a9\u0631\u062f.<\/p>\n<p><strong>\u0627\u06cc\u0646 \u0648\u0628 \u0633\u0627\u06cc\u062a \u06cc\u06a9 \u0648\u0628 \u0633\u0627\u06cc\u062a \u0631\u0633\u0645\u06cc \u0645\u0642\u0627\u0645\u0627\u062a \u0645\u0647\u0627\u062c\u0631\u062a \u0646\u06cc\u0633\u062a.\u00a0<\/strong><\/p>\n<p><strong>\u0644\u0637\u0641\u0627 \u062a\u0648\u062c\u0647 \u062f\u0627\u0634\u062a\u0647 \u0628\u0627\u0634\u06cc\u062f \u06a9\u0647 \u0645\u0627 \u0628\u0647 \u0639\u0646\u0648\u0627\u0646 \u0627\u067e\u0631\u0627\u062a\u0648\u0631 \u0633\u0627\u06cc\u062a \u0646\u0645\u06cc \u062a\u0648\u0627\u0646\u06cc\u0645 \u0647\u06cc\u0686 \u06af\u0648\u0646\u0647 \u0645\u0634\u0627\u0648\u0631\u0647 \u06cc\u0627 \u0627\u0631\u0627\u0626\u0647 \u0627\u0637\u0644\u0627\u0639\u0627\u062a \u0648 \u0642\u0631\u0627\u0631 \u0645\u0644\u0627\u0642\u0627\u062a \u0627\u0631\u0627\u0626\u0647 \u06a9\u0646\u06cc\u0645.<\/strong><\/p>\n\n<div class=\"wpcf7 no-js\" id=\"wpcf7-f3196-o1\" lang=\"de-DE\" dir=\"ltr\" data-wpcf7-id=\"3196\">\n<div class=\"screen-reader-response\"><p role=\"status\" aria-live=\"polite\" aria-atomic=\"true\"><\/p> <ul><\/ul><\/div>\n<form action=\"\/fa\/wp-json\/wp\/v2\/pages\/3197#wpcf7-f3196-o1\" method=\"post\" class=\"wpcf7-form init\" aria-label=\"\u0641\u0631\u0645 \u062a\u0645\u0627\u0633\" novalidate=\"novalidate\" data-status=\"init\" data-trp-original-action=\"\/fa\/wp-json\/wp\/v2\/pages\/3197#wpcf7-f3196-o1\">\n<fieldset class=\"hidden-fields-container\"><input type=\"hidden\" name=\"_wpcf7\" value=\"3196\" \/><input type=\"hidden\" name=\"_wpcf7_version\" value=\"6.1.4\" \/><input type=\"hidden\" name=\"_wpcf7_locale\" value=\"de_DE\" \/><input type=\"hidden\" name=\"_wpcf7_unit_tag\" value=\"wpcf7-f3196-o1\" \/><input type=\"hidden\" name=\"_wpcf7_container_post\" value=\"0\" \/><input type=\"hidden\" name=\"_wpcf7_posted_data_hash\" value=\"\" \/>\n<\/fieldset>\n<p><label> \u0646\u0627\u0645 \u0634\u0645\u0627<br \/>\n<span class=\"wpcf7-form-control-wrap\" data-name=\"your-name\"><input size=\"40\" maxlength=\"400\" class=\"wpcf7-form-control wpcf7-text wpcf7-validates-as-required\" aria-required=\"true\" aria-invalid=\"false\" value=\"\" type=\"text\" name=\"your-name\" \/><\/span> <\/label>\n<\/p>\n<p><label> \u0622\u062f\u0631\u0633 \u0627\u06cc\u0645\u06cc\u0644 \u0634\u0645\u0627<br \/>\n<span class=\"wpcf7-form-control-wrap\" data-name=\"your-email\"><input size=\"40\" maxlength=\"400\" class=\"wpcf7-form-control wpcf7-email wpcf7-validates-as-required wpcf7-text wpcf7-validates-as-email\" aria-required=\"true\" aria-invalid=\"false\" value=\"\" type=\"email\" name=\"your-email\" \/><\/span> <\/label>\n<\/p>\n<p><label> \u0628\u0627 \u062a\u0648\u062c\u0647<br \/>\n<span class=\"wpcf7-form-control-wrap\" data-name=\"your-subject\"><input size=\"40\" maxlength=\"400\" class=\"wpcf7-form-control wpcf7-text wpcf7-validates-as-required\" aria-required=\"true\" aria-invalid=\"false\" value=\"\" type=\"text\" name=\"your-subject\" \/><\/span> <\/label>\n<\/p>\n<p><label> \u067e\u06cc\u0627\u0645 \u0634\u0645\u0627 (\u0627\u062e\u062a\u06cc\u0627\u0631\u06cc)<br \/>\n<span class=\"wpcf7-form-control-wrap\" data-name=\"your-message\"><textarea cols=\"40\" rows=\"10\" maxlength=\"2000\" class=\"wpcf7-form-control wpcf7-textarea\" aria-invalid=\"false\" name=\"your-message\"><\/textarea><\/span> <\/label><br \/>\n<span class=\"wpcf7-form-control-wrap\" data-name=\"quiz-79\"><label><span class=\"wpcf7-quiz-label\">1+1=?<\/span> <input size=\"40\" class=\"wpcf7-form-control wpcf7-quiz\" autocomplete=\"off\" aria-required=\"true\" aria-invalid=\"false\" type=\"text\" name=\"quiz-79\" \/><\/label><input type=\"hidden\" name=\"_wpcf7_quiz_answer_quiz-79\" value=\"cb7698ff8628e41d0d2adfc265e30608\" \/><\/span>\n<\/p>\n<p><input class=\"wpcf7-form-control wpcf7-submit has-spinner\" type=\"submit\" value=\"\u0627\u0631\u0633\u0627\u0644\" \/>\n<\/p><div class=\"wpcf7-response-output\" aria-hidden=\"true\"><\/div>\n<input type=\"hidden\" name=\"trp-form-language\" value=\"fa\"\/><\/form>\n<\/div>","protected":false},"excerpt":{"rendered":"<p>\u0645\u0627 \u0633\u0639\u06cc \u0645\u06cc\u200c\u06a9\u0646\u06cc\u0645 \u0645\u0637\u0627\u0644\u0628 \u062e\u0648\u062f \u0631\u0627 \u0628\u0647\u200c\u0631\u0648\u0632 \u0646\u06af\u0647 \u062f\u0627\u0631\u06cc\u0645. \u0628\u0627 \u0648\u062c\u0648\u062f \u0646\u0647\u0627\u06cc\u062a \u062f\u0642\u062a \u0645\u0627\u060c \u0645\u0645\u06a9\u0646 \u0627\u0633\u062a \u0627\u0634\u062a\u0628\u0627\u0647\u0627\u062a\u06cc \u0631\u062e \u062f\u0647\u062f. \u0628\u0627 \u0627\u06cc\u0646 \u062d\u0627\u0644\u060c \u0627\u06af\u0631 \u0645\u0627\u06cc\u0644 \u0628\u0647 \u06af\u0632\u0627\u0631\u0634 \u062e\u0637\u0627 \u0647\u0633\u062a\u06cc\u062f\u060c \u0633\u067e\u0627\u0633\u06af\u0632\u0627\u0631 \u062e\u0648\u0627\u0647\u06cc\u0645 \u0628\u0648\u062f \u06a9\u0647 \u0627\u06cc\u0645\u06cc\u0644\u06cc \u062d\u0627\u0648\u06cc \u062a\u063a\u06cc\u06cc\u0631\u0627\u062a \u0628\u0631\u0627\u06cc \u0645\u0627 \u0627\u0631\u0633\u0627\u0644 \u06a9\u0646\u06cc\u062f. \u0627\u06cc\u0646 \u0648\u0628\u200c\u0633\u0627\u06cc\u062a\u060c \u0648\u0628\u200c\u0633\u0627\u06cc\u062a \u0631\u0633\u0645\u06cc \u0645\u0642\u0627\u0645\u0627\u062a \u0645\u0647\u0627\u062c\u0631\u062a \u0646\u06cc\u0633\u062a. \u0644\u0637\u0641\u0627\u064b \u062a\u0648\u062c\u0647 \u062f\u0627\u0634\u062a\u0647 \u0628\u0627\u0634\u06cc\u062f \u06a9\u0647 \u0628\u0647 \u0639\u0646\u0648\u0627\u0646 \u06af\u0631\u062f\u0627\u0646\u0646\u062f\u0647 \u0633\u0627\u06cc\u062a\u060c \u0645\u0627 \u0647\u06cc\u0686...&nbsp;<a href=\"https:\/\/auslaenderaemter.com\/fa\/%d9%85%d8%ae%d8%a7%d8%b7%d8%a8\/\" rel=\"bookmark\">\u0627\u062f\u0627\u0645\u0647 \u0645\u0637\u0644\u0628 \u00bb<span class=\"screen-reader-text\">\u0645\u062e\u0627\u0637\u0628<\/span><\/a><\/p>","protected":false},"author":1,"featured_media":0,"parent":0,"menu_order":0,"comment_status":"closed","ping_status":"closed","template":"","meta":{"neve_meta_sidebar":"full-width","neve_meta_container":"","neve_meta_enable_content_width":"on","neve_meta_content_width":100,"neve_meta_title_alignment":"","neve_meta_author_avatar":"","neve_post_elements_order":"","neve_meta_disable_header":"","neve_meta_disable_footer":"","neve_meta_disable_title":"","neve_meta_reading_time":"","footnotes":""},"class_list":["post-3197","page","type-page","status-publish","hentry"],"yoast_head":"<!-- This site is optimized with the Yoast SEO plugin v27.4 - https:\/\/yoast.com\/product\/yoast-seo-wordpress\/ -->\n<title>Kontakt - auslaenderaemter.com<\/title>\n<meta name=\"robots\" content=\"noindex, follow\" \/>\n<meta property=\"og:locale\" content=\"en_US\" \/>\n<meta property=\"og:type\" content=\"article\" \/>\n<meta property=\"og:title\" content=\"Kontakt - auslaenderaemter.com\" \/>\n<meta property=\"og:description\" content=\"Wir versuchen, unsere Eintr\u00e4ge aktuell zu halten. Trotz gr\u00f6\u00dfter Sorgfalt k\u00f6nnen sich Fehler einschleichen. Falls Sie allerdings einen Fehler von uns melden m\u00f6chten, w\u00fcrden wir uns freuen, wenn Sie uns eine E-Mail mit Hinweis auf die \u00c4nderungen zusenden. Diese Webseite ist keine offizielle Webseite der Ausl\u00e4nderbeh\u00f6rden.\u00a0 Bitte haben Sie Verst\u00e4ndnis, dass wir als Seitenbetreiber keinerlei&hellip;&nbsp;Read More &raquo;Kontakt\" \/>\n<meta property=\"og:url\" content=\"https:\/\/auslaenderaemter.com\/fa\/\u0645\u062e\u0627\u0637\u0628\/\" \/>\n<meta property=\"og:site_name\" content=\"auslaenderaemter.com\" \/>\n<meta property=\"article:modified_time\" content=\"2022-07-20T11:34:31+00:00\" \/>\n<meta name=\"twitter:card\" content=\"summary_large_image\" \/>\n<meta name=\"twitter:label1\" content=\"Est. reading time\" \/>\n\t<meta name=\"twitter:data1\" content=\"1 \u062f\u0642\u06cc\u0642\u0647\" \/>\n<script type=\"application\/ld+json\" class=\"yoast-schema-graph\">{\"@context\":\"https:\\\/\\\/schema.org\",\"@graph\":[{\"@type\":\"WebPage\",\"@id\":\"https:\\\/\\\/auslaenderaemter.com\\\/kontakt\\\/\",\"url\":\"https:\\\/\\\/auslaenderaemter.com\\\/kontakt\\\/\",\"name\":\"Kontakt - auslaenderaemter.com\",\"isPartOf\":{\"@id\":\"https:\\\/\\\/auslaenderaemter.com\\\/#website\"},\"datePublished\":\"2022-06-06T17:36:53+00:00\",\"dateModified\":\"2022-07-20T11:34:31+00:00\",\"breadcrumb\":{\"@id\":\"https:\\\/\\\/auslaenderaemter.com\\\/kontakt\\\/#breadcrumb\"},\"inLanguage\":\"fa-AF\",\"potentialAction\":[{\"@type\":\"ReadAction\",\"target\":[\"https:\\\/\\\/auslaenderaemter.com\\\/kontakt\\\/\"]}]},{\"@type\":\"BreadcrumbList\",\"@id\":\"https:\\\/\\\/auslaenderaemter.com\\\/kontakt\\\/#breadcrumb\",\"itemListElement\":[{\"@type\":\"ListItem\",\"position\":1,\"name\":\"Startseite\",\"item\":\"https:\\\/\\\/auslaenderaemter.com\\\/\"},{\"@type\":\"ListItem\",\"position\":2,\"name\":\"Kontakt\"}]},{\"@type\":\"WebSite\",\"@id\":\"https:\\\/\\\/auslaenderaemter.com\\\/#website\",\"url\":\"https:\\\/\\\/auslaenderaemter.com\\\/\",\"name\":\"auslaenderaemter.com\",\"description\":\"\",\"publisher\":{\"@id\":\"https:\\\/\\\/auslaenderaemter.com\\\/#organization\"},\"potentialAction\":[{\"@type\":\"SearchAction\",\"target\":{\"@type\":\"EntryPoint\",\"urlTemplate\":\"https:\\\/\\\/auslaenderaemter.com\\\/?s={search_term_string}\"},\"query-input\":{\"@type\":\"PropertyValueSpecification\",\"valueRequired\":true,\"valueName\":\"search_term_string\"}}],\"inLanguage\":\"fa-AF\"},{\"@type\":\"Organization\",\"@id\":\"https:\\\/\\\/auslaenderaemter.com\\\/#organization\",\"name\":\"auslaenderaemter.com\",\"url\":\"https:\\\/\\\/auslaenderaemter.com\\\/\",\"logo\":{\"@type\":\"ImageObject\",\"inLanguage\":\"fa-AF\",\"@id\":\"https:\\\/\\\/auslaenderaemter.com\\\/#\\\/schema\\\/logo\\\/image\\\/\",\"url\":\"https:\\\/\\\/auslaenderaemter.com\\\/wp-content\\\/uploads\\\/2021\\\/01\\\/cropped-Vollmond-info-13.png\",\"contentUrl\":\"https:\\\/\\\/auslaenderaemter.com\\\/wp-content\\\/uploads\\\/2021\\\/01\\\/cropped-Vollmond-info-13.png\",\"width\":500,\"height\":117,\"caption\":\"auslaenderaemter.com\"},\"image\":{\"@id\":\"https:\\\/\\\/auslaenderaemter.com\\\/#\\\/schema\\\/logo\\\/image\\\/\"}}]}<\/script>\n<!-- \/ Yoast SEO plugin. -->","yoast_head_json":{"title":"\u062a\u0645\u0627\u0633 - auslaenderaemter.com","robots":{"index":"noindex","follow":"follow"},"og_locale":"en_US","og_type":"article","og_title":"Kontakt - auslaenderaemter.com","og_description":"Wir versuchen, unsere Eintr\u00e4ge aktuell zu halten. Trotz gr\u00f6\u00dfter Sorgfalt k\u00f6nnen sich Fehler einschleichen. Falls Sie allerdings einen Fehler von uns melden m\u00f6chten, w\u00fcrden wir uns freuen, wenn Sie uns eine E-Mail mit Hinweis auf die \u00c4nderungen zusenden. Diese Webseite ist keine offizielle Webseite der Ausl\u00e4nderbeh\u00f6rden.\u00a0 Bitte haben Sie Verst\u00e4ndnis, dass wir als Seitenbetreiber keinerlei&hellip;&nbsp;Read More &raquo;Kontakt","og_url":"https:\/\/auslaenderaemter.com\/fa\/\u0645\u062e\u0627\u0637\u0628\/","og_site_name":"auslaenderaemter.com","article_modified_time":"2022-07-20T11:34:31+00:00","twitter_card":"summary_large_image","twitter_misc":{"Est. reading time":"1 \u062f\u0642\u06cc\u0642\u0647"},"schema":{"@context":"https:\/\/schema.org","@graph":[{"@type":"WebPage","@id":"https:\/\/auslaenderaemter.com\/kontakt\/","url":"https:\/\/auslaenderaemter.com\/kontakt\/","name":"\u062a\u0645\u0627\u0633 - auslaenderaemter.com","isPartOf":{"@id":"https:\/\/auslaenderaemter.com\/#website"},"datePublished":"2022-06-06T17:36:53+00:00","dateModified":"2022-07-20T11:34:31+00:00","breadcrumb":{"@id":"https:\/\/auslaenderaemter.com\/kontakt\/#breadcrumb"},"inLanguage":"fa-AF","potentialAction":[{"@type":"ReadAction","target":["https:\/\/auslaenderaemter.com\/kontakt\/"]}]},{"@type":"BreadcrumbList","@id":"https:\/\/auslaenderaemter.com\/kontakt\/#breadcrumb","itemListElement":[{"@type":"ListItem","position":1,"name":"Startseite","item":"https:\/\/auslaenderaemter.com\/"},{"@type":"ListItem","position":2,"name":"Kontakt"}]},{"@type":"WebSite","@id":"https:\/\/auslaenderaemter.com\/#website","url":"https:\/\/auslaenderaemter.com\/","name":"auslaenderaemter.com","description":"","publisher":{"@id":"https:\/\/auslaenderaemter.com\/#organization"},"potentialAction":[{"@type":"SearchAction","target":{"@type":"EntryPoint","urlTemplate":"https:\/\/auslaenderaemter.com\/?s={search_term_string}"},"query-input":{"@type":"PropertyValueSpecification","valueRequired":true,"valueName":"search_term_string"}}],"inLanguage":"fa-AF"},{"@type":"Organization","@id":"https:\/\/auslaenderaemter.com\/#organization","name":"auslaenderaemter.com","url":"https:\/\/auslaenderaemter.com\/","logo":{"@type":"ImageObject","inLanguage":"fa-AF","@id":"https:\/\/auslaenderaemter.com\/#\/schema\/logo\/image\/","url":"https:\/\/auslaenderaemter.com\/wp-content\/uploads\/2021\/01\/cropped-Vollmond-info-13.png","contentUrl":"https:\/\/auslaenderaemter.com\/wp-content\/uploads\/2021\/01\/cropped-Vollmond-info-13.png","width":500,"height":117,"caption":"auslaenderaemter.com"},"image":{"@id":"https:\/\/auslaenderaemter.com\/#\/schema\/logo\/image\/"}}]}},"_links":{"self":[{"href":"https:\/\/auslaenderaemter.com\/fa\/wp-json\/wp\/v2\/pages\/3197","targetHints":{"allow":["GET"]}}],"collection":[{"href":"https:\/\/auslaenderaemter.com\/fa\/wp-json\/wp\/v2\/pages"}],"about":[{"href":"https:\/\/auslaenderaemter.com\/fa\/wp-json\/wp\/v2\/types\/page"}],"author":[{"embeddable":true,"href":"https:\/\/auslaenderaemter.com\/fa\/wp-json\/wp\/v2\/users\/1"}],"replies":[{"embeddable":true,"href":"https:\/\/auslaenderaemter.com\/fa\/wp-json\/wp\/v2\/comments?post=3197"}],"version-history":[{"count":0,"href":"https:\/\/auslaenderaemter.com\/fa\/wp-json\/wp\/v2\/pages\/3197\/revisions"}],"wp:attachment":[{"href":"https:\/\/auslaenderaemter.com\/fa\/wp-json\/wp\/v2\/media?parent=3197"}],"curies":[{"name":"\u0648\u0631\u062f\u067e\u0631\u0633","href":"https:\/\/api.w.org\/{rel}","templated":true}]}}