{"id":1859,"date":"2021-02-15T21:52:36","date_gmt":"2021-02-15T20:52:36","guid":{"rendered":"https:\/\/auslaenderaemter.com\/?page_id=1859"},"modified":"2024-10-06T17:04:42","modified_gmt":"2024-10-06T15:04:42","slug":"auslaenderaemter-in-deutschland","status":"publish","type":"page","link":"https:\/\/auslaenderaemter.com\/fr\/","title":{"rendered":"Bureaux d&#039;immigration en Allemagne"},"content":{"rendered":"<p>Bienvenue sur notre site Internet auslaenderaemter.com. Notre site Web vous donne un aper\u00e7u complet de <strong>d\u00e9tails du contact<\/strong>, <strong>adresses<\/strong>, <strong>Horaires d&#039;ouvertures<\/strong> et plus d&#039;informations sur tous <strong>Bureaux d&#039;immigration en Allemagne<\/strong>. Cela devrait vous permettre de trouver plus facilement votre bureau d&#039;immigration responsable. Pour toute question concernant les visas et l&#039;entr\u00e9e, veuillez contacter votre bureau d&#039;immigration responsable. Nous ne pouvons pas r\u00e9pondre \u00e0 ces demandes. Notre site Web est uniquement destin\u00e9 \u00e0 fournir un aper\u00e7u des endroits o\u00f9 vous pouvez nous contacter.<\/p>\n<p><script async src=\"https:\/\/cse.google.com\/cse.js?cx=b1e0ab9caab017756\"><\/script><\/p>\n<div class=\"gcse-search\"><\/div>\n<h3>Veuillez s\u00e9lectionner votre \u00e9tat<\/h3>\n<ul>\n<li><a href=\"https:\/\/auslaenderaemter.com\/fr\/bureaux-dimmigration-en-bade-wurtemberg\/\">Bureaux d&#039;immigration dans le Bade-Wurtemberg<\/a><\/li>\n<li><a href=\"https:\/\/auslaenderaemter.com\/fr\/bureaux-dimmigration-en-baviere\/\">Bureaux d&#039;immigration en Bavi\u00e8re<\/a><\/li>\n<li><a href=\"https:\/\/auslaenderaemter.com\/fr\/bureaux-dimmigration-a-berlin\/\">Bureaux d&#039;immigration \u00e0 Berlin<\/a><\/li>\n<li><a href=\"https:\/\/auslaenderaemter.com\/fr\/bureaux-dimmigration-dans-le-brandebourg\/\">Bureaux d&#039;immigration dans le Brandebourg<\/a><\/li>\n<li><a href=\"https:\/\/auslaenderaemter.com\/fr\/bureaux-dimmigration-a-breme\/\">Bureaux d&#039;immigration \u00e0 Br\u00eame<\/a><\/li>\n<li><a href=\"https:\/\/auslaenderaemter.com\/fr\/bureaux-dimmigration-a-hambourg\/\">Bureaux d&#039;immigration \u00e0 Hambourg<\/a><\/li>\n<li><a href=\"https:\/\/auslaenderaemter.com\/fr\/bureaux-dimmigration-en-hesse\/\">Bureaux d&#039;immigration en Hesse<\/a><\/li>\n<li><a href=\"https:\/\/auslaenderaemter.com\/fr\/bureaux-dimmigration-dans-le-mecklembourg-pomeranie\/\">Bureaux d'immigration dans le Mecklenburg-Vorpommern occidentale<\/a><\/li>\n<li><a href=\"https:\/\/auslaenderaemter.com\/fr\/bureaux-dimmigration-en-basse-saxe\/\">Bureaux d&#039;immigration en Basse-Saxe<\/a><\/li>\n<li><a href=\"https:\/\/auslaenderaemter.com\/fr\/bureaux-de-l-immigration-en-rhenanie-du-nord-westphalie\/\">Bureaux d&#039;immigration en Rh\u00e9nanie du Nord-Westphalie<\/a><\/li>\n<li><a href=\"https:\/\/auslaenderaemter.com\/fr\/bureaux-dimmigration-en-rhenanie-palatinat\/\">Bureaux d&#039;immigration en Rh\u00e9nanie-Palatinat<\/a><\/li>\n<li><a href=\"https:\/\/auslaenderaemter.com\/fr\/bureaux-dimmigration-en-sarre\/\">Bureaux d&#039;immigration en Sarre<\/a><\/li>\n<li><a href=\"https:\/\/auslaenderaemter.com\/fr\/bureaux-dimmigration-en-saxe\/\">Bureaux d&#039;immigration en Saxe<\/a><\/li>\n<li><a href=\"https:\/\/auslaenderaemter.com\/fr\/bureaux-dimmigration-en-saxe-anhalt\/\">Bureaux d&#039;immigration en Saxe-Anhalt<\/a><\/li>\n<li><a href=\"https:\/\/auslaenderaemter.com\/fr\/bureaux-de-l-immigration-du-schleswig-holstein\/\">Bureaux d&#039;immigration dans le Schleswig-Holstein<\/a><\/li>\n<li><a href=\"https:\/\/auslaenderaemter.com\/fr\/bureaux-dimmigration-en-thuringe\/\">Bureaux d&#039;immigration en Thuringe<\/a><\/li>\n<\/ul>\n<p class=\"LC20lb DKV0Md\">Toutes les informations sans garantie et sujettes \u00e0 modification<\/p>\n<h2>Qu&#039;est-ce qu&#039;un bureau d&#039;immigration?<\/h2>\n<p>Conform\u00e9ment \u00e0 l&#039;article 71 de la loi sur la r\u00e9sidence, les bureaux de l&#039;immigration sont responsables des mesures et des d\u00e9cisions relatives \u00e0 la l\u00e9gislation sur la r\u00e9sidence et les passeports. Ils prennent des mesures et des d\u00e9cisions concernant le s\u00e9jour, l&#039;emploi et l&#039;int\u00e9gration des \u00e9trangers en Allemagne.<\/p>\n<p>En Allemagne, il existe g\u00e9n\u00e9ralement des bureaux d&#039;immigration dans chaque district ou district urbain. Ils sont charg\u00e9s de faire appliquer la loi sur l&#039;immigration. Les grandes villes qui appartiennent \u00e0 un district peuvent \u00e9galement avoir leurs propres autorit\u00e9s d&#039;immigration - mais cela d\u00e9pend de l&#039;\u00c9tat f\u00e9d\u00e9ral respectif. En Hesse, par exemple, toutes les villes de 50 000 habitants ou plus ont leur propre bureau d&#039;immigration.<\/p>\n<h2>De quoi sont responsables les autorit\u00e9s de l&#039;immigration ?<\/h2>\n<p>Les autorit\u00e9s de l&#039;immigration sont responsables de la d\u00e9livrance ou du refus des permis de s\u00e9jour conform\u00e9ment aux objectifs de s\u00e9jour pertinents de la loi sur le s\u00e9jour, de la d\u00e9cision d&#039;octroi des permis d&#039;\u00e9tablissement, de la d\u00e9cision et de l&#039;ex\u00e9cution \u00e9ventuelle des expulsions ou des d\u00e9portations.<\/p>\n<p>De plus, elle met \u00e0 c\u00f4t\u00e9 de l&#039;appropri\u00e9 <a href=\"https:\/\/auslaenderaemter.com\/fr\/permis-de-residence-2\/\">permis de s\u00e9jour<\/a> remplacer \u00e9galement les papiers de passeport. Elle d\u00e9cide de la d\u00e9livrance des titres de s\u00e9jour pour les personnes d\u00e9plac\u00e9es - la mise en \u0153uvre de la proc\u00e9dure d&#039;asile en tant que telle est du ressort de l&#039;Office f\u00e9d\u00e9ral des migrations et des r\u00e9fugi\u00e9s (BAMF) - et de la tol\u00e9rance ainsi que des titres de voyage pour les \u00e9trangers. En plus de cela, une d\u00e9cision est prise sur l&#039;existence des exigences l\u00e9gales pour le regroupement familial. Les autorit\u00e9s de l&#039;immigration sont impliqu\u00e9es dans la d\u00e9livrance des visas.<\/p>\n<p>Les bureaux d&#039;immigration sont responsables de diverses autres t\u00e2ches. La limitation dans le temps des titres de s\u00e9jour, le refus de <a href=\"https:\/\/auslaenderaemter.com\/fr\/permis-de-residence\/\">permis de r\u00e9sidence<\/a>, \u00e9mettre des ordres de quitter le pays conform\u00e9ment \u00e0 la loi sur la r\u00e9sidence dans les cas o\u00f9 l&#039;obligation de quitter le pays se produit, clarifier l&#039;identit\u00e9 des \u00e9trangers et de nombreuses autres t\u00e2ches rel\u00e8vent du domaine d&#039;activit\u00e9 des autorit\u00e9s des \u00e9trangers. Voici un aper\u00e7u de ce dont les bureaux d&#039;immigration de votre district ou de votre ville sont responsables\u00a0:<\/p>\n<ul>\n<li>aide aux r\u00e9fugi\u00e9s<\/li>\n<li>proc\u00e9dure d&#039;asile<\/li>\n<li>Entr\u00e9e et s\u00e9jour en Allemagne<\/li>\n<li>cours d&#039;int\u00e9gration<\/li>\n<li>Soins m\u00e9dicaux et frais<\/li>\n<li>droit aux prestations<\/li>\n<li>\u00e9tat civil<\/li>\n<li>S&#039;inscrire<\/li>\n<li>la protection sociale<\/li>\n<li>possibilit\u00e9s d&#039;h\u00e9bergement<\/li>\n<li>d\u00e9claration d&#039;engagement<\/li>\n<\/ul>\n<h3>Juridiction locale<\/h3>\n<p>La juridiction locale pour un \u00e9tranger n&#039;est pas r\u00e9glement\u00e9e par la loi f\u00e9d\u00e9rale, mais par la loi compl\u00e9mentaire de l&#039;\u00c9tat. En principe, cependant, vous pouvez supposer que la juridiction locale d\u00e9pend de votre lieu de r\u00e9sidence habituel.<\/p>\n<h3>Comment la mise en \u0153uvre effective des d\u00e9cisions dans les L\u00e4nder est-elle r\u00e9glement\u00e9e ?<\/h3>\n<p>Les autorit\u00e9s de l&#039;immigration sont responsables de l&#039;ex\u00e9cution des d\u00e9cisions sp\u00e9ciales mettant fin au s\u00e9jour et des d\u00e9cisions n\u00e9gatives d&#039;asile du BAMF. Ils \u00e9valuent les conditions l\u00e9gales d&#039;expulsion de l&#039;\u00e9tranger. Ils enregistrent ensuite les vols appropri\u00e9s aupr\u00e8s des autorit\u00e9s responsables. Pour l&#039;application proprement dite, ils sont souvent contr\u00f4l\u00e9s par la police d&#039;\u00c9tat comp\u00e9tente. Une exception est la Rh\u00e9nanie du Nord-Westphalie, o\u00f9 les autorit\u00e9s des \u00e9trangers, qui ont le statut d&#039;autorit\u00e9 de r\u00e9gulation sp\u00e9ciale au sens de l&#039;article 12 OBG, proc\u00e8dent \u00e0 des mesures d&#039;expulsion et de d\u00e9tention (article 62 AufenthG) avec certains agents d&#039;ex\u00e9cution par Ceux-ci ont la m\u00eame l\u00e9gitimation que les policiers et sont s\u00e9curis\u00e9s en tant qu&#039;agents des forces de l&#039;ordre via l&#039;article 113 du code p\u00e9nal.<\/p>\n<p>Si vous \u00eates int\u00e9ress\u00e9 par un visa visiteur, Schengen ou \u00e9tudiant, selon votre pays d&#039;origine, il vous incombe de d\u00e9poser une d\u00e9claration d&#039;engagement aupr\u00e8s du bureau d&#039;immigration comp\u00e9tent. Avec cette d\u00e9claration soumise et sign\u00e9e, vous vous engagez \u00e0 prendre en charge tous les frais li\u00e9s au s\u00e9jour de votre visiteur. Sur auslaenderaemter.com, vous trouverez d&#039;autres informations pr\u00e9cieuses sur l&#039;obtention d&#039;un visa en ligne <a href=\"https:\/\/auslaenderaemter.com\/fr\/assurance-pour-les-invites-etrangers\/\">Assurance pour les invit\u00e9s \u00e9trangers<\/a> et s\u00e9curisation de la d\u00e9claration d&#039;engagement.<\/p>\n<h3 id=\"customheading6\"><strong>Autres liens et sources<\/strong><\/h3>\n<ul>\n<li><a href=\"https:\/\/auslaenderaemter.com\/fr\/declaration-dengagement\/\"><span class=\"teaser__headline-content\">Informations sur la d\u00e9claration d&#039;engagement<\/span><\/a><\/li>\n<li><a href=\"https:\/\/www.bamf.de\/DE\/Startseite\/startseite_node.html\" target=\"_blank\" rel=\"noopener\">Office f\u00e9d\u00e9ral des migrations et des r\u00e9fugi\u00e9s<\/a> (BAMF)<\/li>\n<\/ul>","protected":false},"excerpt":{"rendered":"<p>Bienvenue sur notre site Internet auslaenderaemter.com. Notre site Web vous fournit un aper\u00e7u complet des coordonn\u00e9es, adresses, heures d&#039;ouverture et autres informations de tous les bureaux d&#039;immigration en Allemagne. Cela devrait vous permettre de trouver plus facilement votre bureau d&#039;immigration responsable. Pour toute question concernant les visas et l&#039;entr\u00e9e, veuillez contacter votre bureau d&#039;immigration responsable. Nous ne pouvons pas accepter ces demandes...&nbsp;<a href=\"https:\/\/auslaenderaemter.com\/fr\/\" rel=\"bookmark\">En savoir plus &quot;<span class=\"screen-reader-text\">Bureaux d&#039;immigration en Allemagne<\/span><\/a><\/p>","protected":false},"author":1,"featured_media":37,"parent":0,"menu_order":0,"comment_status":"closed","ping_status":"closed","template":"","meta":{"neve_meta_sidebar":"full-width","neve_meta_container":"","neve_meta_enable_content_width":"on","neve_meta_content_width":100,"neve_meta_title_alignment":"","neve_meta_author_avatar":"","neve_post_elements_order":"","neve_meta_disable_header":"","neve_meta_disable_footer":"","neve_meta_disable_title":"","neve_meta_reading_time":"","footnotes":""},"class_list":["post-1859","page","type-page","status-publish","has-post-thumbnail","hentry"],"yoast_head":"<!-- This site is optimized with the Yoast SEO plugin v27.5 - https:\/\/yoast.com\/product\/yoast-seo-wordpress\/ -->\n<title>Ausl\u00e4nder\u00e4mter in Deutschland | Ausl\u00e4nderbeh\u00f6rden<\/title>\n<meta name=\"description\" content=\"Ausl\u00e4nder\u00e4mter in Deutschland | Hier finden Sie alle Kontaktinformationen nach Bundesl\u00e4nder geordnet | Adresse \u260e Telefon \u23f2 \u00d6ffnungszeiten\" \/>\n<meta name=\"robots\" content=\"index, follow, max-snippet:-1, max-image-preview:large, max-video-preview:-1\" \/>\n<link rel=\"canonical\" href=\"https:\/\/auslaenderaemter.com\/fr\/\" \/>\n<meta property=\"og:locale\" content=\"fr_FR\" \/>\n<meta property=\"og:type\" content=\"article\" \/>\n<meta property=\"og:title\" content=\"Ausl\u00e4nder\u00e4mter in Deutschland | Ausl\u00e4nderbeh\u00f6rden\" \/>\n<meta property=\"og:description\" content=\"Ausl\u00e4nder\u00e4mter in Deutschland | Hier finden Sie alle Kontaktinformationen nach Bundesl\u00e4nder geordnet | Adresse \u260e Telefon \u23f2 \u00d6ffnungszeiten\" \/>\n<meta property=\"og:url\" content=\"https:\/\/auslaenderaemter.com\/fr\/\" \/>\n<meta property=\"og:site_name\" content=\"auslaenderaemter.com\" \/>\n<meta property=\"article:modified_time\" content=\"2024-10-06T15:04:42+00:00\" \/>\n<meta property=\"og:image\" content=\"https:\/\/auslaenderaemter.com\/wp-content\/uploads\/2021\/01\/city-263069_640.jpg\" \/>\n\t<meta property=\"og:image:width\" content=\"640\" \/>\n\t<meta property=\"og:image:height\" content=\"480\" \/>\n\t<meta property=\"og:image:type\" content=\"image\/jpeg\" \/>\n<meta name=\"twitter:card\" content=\"summary_large_image\" \/>\n<meta name=\"twitter:label1\" content=\"Dur\u00e9e de lecture estim\u00e9e\" \/>\n\t<meta name=\"twitter:data1\" content=\"4 minutes\" \/>\n<script type=\"application\/ld+json\" class=\"yoast-schema-graph\">{\"@context\":\"https:\\\/\\\/schema.org\",\"@graph\":[{\"@type\":\"WebPage\",\"@id\":\"https:\\\/\\\/auslaenderaemter.com\\\/\",\"url\":\"https:\\\/\\\/auslaenderaemter.com\\\/\",\"name\":\"Ausl\u00e4nder\u00e4mter in Deutschland | Ausl\u00e4nderbeh\u00f6rden\",\"isPartOf\":{\"@id\":\"https:\\\/\\\/auslaenderaemter.com\\\/#website\"},\"primaryImageOfPage\":{\"@id\":\"https:\\\/\\\/auslaenderaemter.com\\\/#primaryimage\"},\"image\":{\"@id\":\"https:\\\/\\\/auslaenderaemter.com\\\/#primaryimage\"},\"thumbnailUrl\":\"https:\\\/\\\/auslaenderaemter.com\\\/wp-content\\\/uploads\\\/2021\\\/01\\\/city-263069_640.jpg\",\"datePublished\":\"2021-02-15T20:52:36+00:00\",\"dateModified\":\"2024-10-06T15:04:42+00:00\",\"description\":\"Ausl\u00e4nder\u00e4mter in Deutschland | Hier finden Sie alle Kontaktinformationen nach Bundesl\u00e4nder geordnet | Adresse \u260e Telefon \u23f2 \u00d6ffnungszeiten\",\"breadcrumb\":{\"@id\":\"https:\\\/\\\/auslaenderaemter.com\\\/#breadcrumb\"},\"inLanguage\":\"fr-FR\",\"potentialAction\":[{\"@type\":\"ReadAction\",\"target\":[\"https:\\\/\\\/auslaenderaemter.com\\\/\"]}]},{\"@type\":\"ImageObject\",\"inLanguage\":\"fr-FR\",\"@id\":\"https:\\\/\\\/auslaenderaemter.com\\\/#primaryimage\",\"url\":\"https:\\\/\\\/auslaenderaemter.com\\\/wp-content\\\/uploads\\\/2021\\\/01\\\/city-263069_640.jpg\",\"contentUrl\":\"https:\\\/\\\/auslaenderaemter.com\\\/wp-content\\\/uploads\\\/2021\\\/01\\\/city-263069_640.jpg\",\"width\":640,\"height\":480,\"caption\":\"Ausl\u00e4nder\u00e4mter in Deutschland\"},{\"@type\":\"BreadcrumbList\",\"@id\":\"https:\\\/\\\/auslaenderaemter.com\\\/#breadcrumb\",\"itemListElement\":[{\"@type\":\"ListItem\",\"position\":1,\"name\":\"Startseite\",\"item\":\"https:\\\/\\\/auslaenderaemter.com\\\/\"},{\"@type\":\"ListItem\",\"position\":2,\"name\":\"Ausl\u00e4nder\u00e4mter in Deutschland\"}]},{\"@type\":\"WebSite\",\"@id\":\"https:\\\/\\\/auslaenderaemter.com\\\/#website\",\"url\":\"https:\\\/\\\/auslaenderaemter.com\\\/\",\"name\":\"auslaenderaemter.com\",\"description\":\"\",\"publisher\":{\"@id\":\"https:\\\/\\\/auslaenderaemter.com\\\/#organization\"},\"potentialAction\":[{\"@type\":\"SearchAction\",\"target\":{\"@type\":\"EntryPoint\",\"urlTemplate\":\"https:\\\/\\\/auslaenderaemter.com\\\/?s={search_term_string}\"},\"query-input\":{\"@type\":\"PropertyValueSpecification\",\"valueRequired\":true,\"valueName\":\"search_term_string\"}}],\"inLanguage\":\"fr-FR\"},{\"@type\":\"Organization\",\"@id\":\"https:\\\/\\\/auslaenderaemter.com\\\/#organization\",\"name\":\"auslaenderaemter.com\",\"url\":\"https:\\\/\\\/auslaenderaemter.com\\\/\",\"logo\":{\"@type\":\"ImageObject\",\"inLanguage\":\"fr-FR\",\"@id\":\"https:\\\/\\\/auslaenderaemter.com\\\/#\\\/schema\\\/logo\\\/image\\\/\",\"url\":\"https:\\\/\\\/auslaenderaemter.com\\\/wp-content\\\/uploads\\\/2021\\\/01\\\/cropped-Vollmond-info-13.png\",\"contentUrl\":\"https:\\\/\\\/auslaenderaemter.com\\\/wp-content\\\/uploads\\\/2021\\\/01\\\/cropped-Vollmond-info-13.png\",\"width\":500,\"height\":117,\"caption\":\"auslaenderaemter.com\"},\"image\":{\"@id\":\"https:\\\/\\\/auslaenderaemter.com\\\/#\\\/schema\\\/logo\\\/image\\\/\"}}]}<\/script>\n<!-- \/ Yoast SEO plugin. -->","yoast_head_json":{"title":"Bureaux d&#039;immigration en Allemagne | les services de l&#039;immigration","description":"Bureaux d&#039;immigration en Allemagne | Vous trouverez ici toutes les informations de contact tri\u00e9es par \u00e9tat f\u00e9d\u00e9ral | Adresse \u260e T\u00e9l\u00e9phone \u23f2 Horaires d&#039;ouverture","robots":{"index":"index","follow":"follow","max-snippet":"max-snippet:-1","max-image-preview":"max-image-preview:large","max-video-preview":"max-video-preview:-1"},"canonical":"https:\/\/auslaenderaemter.com\/fr\/","og_locale":"fr_FR","og_type":"article","og_title":"Ausl\u00e4nder\u00e4mter in Deutschland | Ausl\u00e4nderbeh\u00f6rden","og_description":"Ausl\u00e4nder\u00e4mter in Deutschland | Hier finden Sie alle Kontaktinformationen nach Bundesl\u00e4nder geordnet | Adresse \u260e Telefon \u23f2 \u00d6ffnungszeiten","og_url":"https:\/\/auslaenderaemter.com\/fr\/","og_site_name":"auslaenderaemter.com","article_modified_time":"2024-10-06T15:04:42+00:00","og_image":[{"width":640,"height":480,"url":"https:\/\/auslaenderaemter.com\/wp-content\/uploads\/2021\/01\/city-263069_640.jpg","type":"image\/jpeg"}],"twitter_card":"summary_large_image","twitter_misc":{"Dur\u00e9e de lecture estim\u00e9e":"4 minutes"},"schema":{"@context":"https:\/\/schema.org","@graph":[{"@type":"WebPage","@id":"https:\/\/auslaenderaemter.com\/","url":"https:\/\/auslaenderaemter.com\/","name":"Bureaux d&#039;immigration en Allemagne | les services de l&#039;immigration","isPartOf":{"@id":"https:\/\/auslaenderaemter.com\/#website"},"primaryImageOfPage":{"@id":"https:\/\/auslaenderaemter.com\/#primaryimage"},"image":{"@id":"https:\/\/auslaenderaemter.com\/#primaryimage"},"thumbnailUrl":"https:\/\/auslaenderaemter.com\/wp-content\/uploads\/2021\/01\/city-263069_640.jpg","datePublished":"2021-02-15T20:52:36+00:00","dateModified":"2024-10-06T15:04:42+00:00","description":"Bureaux d&#039;immigration en Allemagne | Vous trouverez ici toutes les informations de contact tri\u00e9es par \u00e9tat f\u00e9d\u00e9ral | Adresse \u260e T\u00e9l\u00e9phone \u23f2 Horaires d&#039;ouverture","breadcrumb":{"@id":"https:\/\/auslaenderaemter.com\/#breadcrumb"},"inLanguage":"fr-FR","potentialAction":[{"@type":"ReadAction","target":["https:\/\/auslaenderaemter.com\/"]}]},{"@type":"ImageObject","inLanguage":"fr-FR","@id":"https:\/\/auslaenderaemter.com\/#primaryimage","url":"https:\/\/auslaenderaemter.com\/wp-content\/uploads\/2021\/01\/city-263069_640.jpg","contentUrl":"https:\/\/auslaenderaemter.com\/wp-content\/uploads\/2021\/01\/city-263069_640.jpg","width":640,"height":480,"caption":"Ausl\u00e4nder\u00e4mter in Deutschland"},{"@type":"BreadcrumbList","@id":"https:\/\/auslaenderaemter.com\/#breadcrumb","itemListElement":[{"@type":"ListItem","position":1,"name":"Startseite","item":"https:\/\/auslaenderaemter.com\/"},{"@type":"ListItem","position":2,"name":"Ausl\u00e4nder\u00e4mter in Deutschland"}]},{"@type":"WebSite","@id":"https:\/\/auslaenderaemter.com\/#website","url":"https:\/\/auslaenderaemter.com\/","name":"auslaenderaemter.com","description":"","publisher":{"@id":"https:\/\/auslaenderaemter.com\/#organization"},"potentialAction":[{"@type":"SearchAction","target":{"@type":"EntryPoint","urlTemplate":"https:\/\/auslaenderaemter.com\/?s={search_term_string}"},"query-input":{"@type":"PropertyValueSpecification","valueRequired":true,"valueName":"search_term_string"}}],"inLanguage":"fr-FR"},{"@type":"Organization","@id":"https:\/\/auslaenderaemter.com\/#organization","name":"auslaenderaemter.com","url":"https:\/\/auslaenderaemter.com\/","logo":{"@type":"ImageObject","inLanguage":"fr-FR","@id":"https:\/\/auslaenderaemter.com\/#\/schema\/logo\/image\/","url":"https:\/\/auslaenderaemter.com\/wp-content\/uploads\/2021\/01\/cropped-Vollmond-info-13.png","contentUrl":"https:\/\/auslaenderaemter.com\/wp-content\/uploads\/2021\/01\/cropped-Vollmond-info-13.png","width":500,"height":117,"caption":"auslaenderaemter.com"},"image":{"@id":"https:\/\/auslaenderaemter.com\/#\/schema\/logo\/image\/"}}]}},"_links":{"self":[{"href":"https:\/\/auslaenderaemter.com\/fr\/wp-json\/wp\/v2\/pages\/1859","targetHints":{"allow":["GET"]}}],"collection":[{"href":"https:\/\/auslaenderaemter.com\/fr\/wp-json\/wp\/v2\/pages"}],"about":[{"href":"https:\/\/auslaenderaemter.com\/fr\/wp-json\/wp\/v2\/types\/page"}],"author":[{"embeddable":true,"href":"https:\/\/auslaenderaemter.com\/fr\/wp-json\/wp\/v2\/users\/1"}],"replies":[{"embeddable":true,"href":"https:\/\/auslaenderaemter.com\/fr\/wp-json\/wp\/v2\/comments?post=1859"}],"version-history":[{"count":0,"href":"https:\/\/auslaenderaemter.com\/fr\/wp-json\/wp\/v2\/pages\/1859\/revisions"}],"wp:featuredmedia":[{"embeddable":true,"href":"https:\/\/auslaenderaemter.com\/fr\/wp-json\/wp\/v2\/media\/37"}],"wp:attachment":[{"href":"https:\/\/auslaenderaemter.com\/fr\/wp-json\/wp\/v2\/media?parent=1859"}],"curies":[{"name":"wp","href":"https:\/\/api.w.org\/{rel}","templated":true}]}}