{"id":2016,"date":"2021-02-17T13:31:31","date_gmt":"2021-02-17T12:31:31","guid":{"rendered":"https:\/\/auslaenderaemter.com\/?page_id=2016"},"modified":"2022-07-08T11:33:03","modified_gmt":"2022-07-08T09:33:03","slug":"verpflichtungserklaerung","status":"publish","type":"page","link":"https:\/\/auslaenderaemter.com\/fr\/declaration-dengagement\/","title":{"rendered":"d\u00e9claration d&#039;engagement"},"content":{"rendered":"<figure id=\"attachment_3094\" aria-describedby=\"caption-attachment-3094\" style=\"width: 600px\" class=\"wp-caption aligncenter\"><img fetchpriority=\"high\" decoding=\"async\" class=\"wp-image-3094 size-full\" src=\"https:\/\/auslaenderaemter.com\/wp-content\/uploads\/2021\/02\/Design-ohne-Titel-8.png\" alt=\"d\u00e9claration d&#039;engagement\" width=\"600\" height=\"400\" srcset=\"https:\/\/auslaenderaemter.com\/wp-content\/uploads\/2021\/02\/Design-ohne-Titel-8.png 600w, https:\/\/auslaenderaemter.com\/wp-content\/uploads\/2021\/02\/Design-ohne-Titel-8-300x200.png 300w\" sizes=\"(max-width: 600px) 100vw, 600px\" \/><figcaption id=\"caption-attachment-3094\" class=\"wp-caption-text\">Avec la d\u00e9claration d&#039;engagement, vous pouvez permettre aux \u00e9trangers d&#039;entrer et de s\u00e9journer en Allemagne<\/figcaption><\/figure>\n<h2>D\u00e9claration d&#039;engagement pour les visiteurs \u00e9trangers<\/h2>\n<p>Pour s\u00e9curiser le <strong>frais de subsistance<\/strong> <strong>par des ressortissants de pays tiers<\/strong> (R\u00e9fugi\u00e9s ou \u00e9migrants) dessert les soi-disant\u00a0<strong>d\u00e9claration d&#039;engagement<\/strong>. En r\u00e8gle g\u00e9n\u00e9rale, les \u00e9trangers qui ont besoin d&#039;un visa doivent avoir suffisamment <strong>fonds propres<\/strong>, afin de pouvoir couvrir les frais li\u00e9s au s\u00e9jour pr\u00e9vu.<\/p>\n<p>Un \u00e9tranger n\u00e9cessitant un visa qui n&#039;a pas le n\u00e9cessaire \/ d\u00e9montrable <strong>fonds propres<\/strong>, un visa peut encore \u00eatre d\u00e9livr\u00e9 si, sur la base d&#039;une d\u00e9claration d&#039;engagement d&#039;une personne, d&#039;une entreprise ou d&#039;une association ayant sa r\u00e9sidence principale en Allemagne, <strong>prise en charge de tous les frais<\/strong> il suit.<\/p>\n<h2>Qu&#039;est-ce qu&#039;une d\u00e9claration d&#039;engagement ?<\/h2>\n<p>La personne\/l&#039;entreprise ou l&#039;association souscrit \u00e0 une d\u00e9claration d&#039;engagement pour <strong>payer tous les frais<\/strong>, qui d\u00e9coule du s\u00e9jour du demandeur de visa pour les personnes morales de droit public.<\/p>\n<p>La d\u00e9claration d&#039;engagement inclut donc \u00e9galement le remboursement des frais de traitement m\u00e9dical dans les h\u00f4pitaux publics, sauf si une assurance maladie correspondante existe d\u00e9j\u00e0. La d\u00e9claration d&#039;engagement comprend \u00e9galement les frais de la proc\u00e9dure de police des \u00e9trangers si vous ne quittez pas le pays apr\u00e8s l&#039;expiration de votre visa.<\/p>\n<h3>Documents requis pour le d\u00e9p\u00f4t d&#039;une d\u00e9claration d&#039;engagement<\/h3>\n<p>Pour qu&#039;une personne\/entreprise ou une association puisse d\u00e9poser une d\u00e9claration d&#039;engagement, des justificatifs doivent \u00e9galement \u00eatre fournis. Les particuliers doivent fournir une preuve diff\u00e9rente de celle d&#039;une entreprise\/association. lui suffit <strong>les revenus ne suffisent pas<\/strong>, est souvent un <strong>compte bloqu\u00e9<\/strong> n\u00e9cessaire. Il s&#039;agit d&#039;un compte sp\u00e9cial dont le titulaire ne peut disposer librement. Le demandeur doit d\u00e9poser un montant minimum requis par la loi sur le compte bloqu\u00e9. Ce montant reste bloqu\u00e9 jusqu&#039;\u00e0 ce que le visiteur quitte \u00e0 nouveau l&#039;Allemagne.<\/p>\n<p><strong>Les particuliers doivent soumettre ces documents :<\/strong><\/p>\n<ul>\n<li>Preuve d&#039;identit\u00e9 (par exemple passeport ou carte d&#039;identit\u00e9)<\/li>\n<li>confirmation d&#039;enregistrement<\/li>\n<li>Preuve de revenu (par exemple, fiche de paie ou avis d&#039;imposition sur le revenu)<\/li>\n<li>Preuve de toute obligation financi\u00e8re telle que le remboursement d&#039;un pr\u00eat ou le paiement d&#039;une pension alimentaire pour enfants<\/li>\n<li>Preuve d&#039;un contrat de location ou d&#039;un titre de propri\u00e9t\u00e9<\/li>\n<li>Preuve de relation avec l&#039;invit\u00e9<\/li>\n<\/ul>\n<p><strong>Les entreprises et les associations doivent soumettre ces documents :<\/strong><\/p>\n<ul>\n<li>Justificatif d&#039;identit\u00e9 du repr\u00e9sentant de l&#039;entreprise\/association et \u00e9ventuellement justificatif du pouvoir de repr\u00e9sentation<\/li>\n<li>Extrait du registre du commerce ou des statuts<\/li>\n<li>Preuve de solvabilit\u00e9 de l&#039;entreprise\/association<\/li>\n<li>Preuve de la relation avec la personne invit\u00e9e (si disponible, par exemple relations d&#039;affaires, etc.)<\/li>\n<\/ul>\n<h3>Quelle est la dur\u00e9e de validit\u00e9 d&#039;une d\u00e9claration d&#039;engagement et peut-elle \u00eatre r\u00e9voqu\u00e9e ?<\/h3>\n<p>En r\u00e8gle g\u00e9n\u00e9rale, l&#039;ambassade accepte les d\u00e9clarations d&#039;engagement <strong>Jusqu&#039;\u00e0 6 mois <\/strong>apr\u00e8s exposition. En principe, il ne doit pas s&#039;\u00e9couler plus de 6 mois entre le d\u00e9p\u00f4t de la d\u00e9claration d&#039;engagement et la d\u00e9livrance du visa. C&#039;est parce que le <strong>situation financi\u00e8re<\/strong> du d\u00e9clarant entre-temps <strong>a peut-\u00eatre chang\u00e9<\/strong>. Si un d\u00e9lai de 6 mois a d\u00e9j\u00e0 expir\u00e9, il est g\u00e9n\u00e9ralement n\u00e9cessaire de d\u00e9poser une nouvelle d\u00e9claration d&#039;engagement.<\/p>\n<p>La loi ne pr\u00e9voit pas la r\u00e9vocation d&#039;une d\u00e9claration d&#039;engagement. Le minist\u00e8re f\u00e9d\u00e9ral des Affaires \u00e9trang\u00e8res ne sait pas si une r\u00e9vocation peut \u00e9carter une obligation de remboursement en cas de dommage. Le minist\u00e8re f\u00e9d\u00e9ral des Affaires \u00e9trang\u00e8res ne peut garantir qu&#039;un visa ne peut \u00eatre emp\u00each\u00e9 qu&#039;en cas de r\u00e9vocation d&#039;une d\u00e9claration d&#039;engagement.<\/p>\n<h3>Combien co\u00fbte une d\u00e9claration d&#039;engagement ?<\/h3>\n<p>Les frais de d\u00e9claration d&#039;engagement\u00a0<strong>est de 29 euros<\/strong>. Conform\u00e9ment \u00e0 l&#039;article 47, paragraphe 1, point 12 de l&#039;ordonnance sur le s\u00e9jour, la taxe doit \u00e9galement \u00eatre pay\u00e9e si la demande est retir\u00e9e.<\/p>\n<div class=\"su-note\"  style=\"border-color:#dadbdd;border-radius:2px;-moz-border-radius:2px;-webkit-border-radius:2px;\"><div class=\"su-note-inner su-u-clearfix su-u-trim\" style=\"background-color:#f4f5f7;border-color:#ffffff;color:#333333;border-radius:2px;-moz-border-radius:2px;-webkit-border-radius:2px;\"><strong>Un avis:<\/strong> Pour les offices, les autorit\u00e9s ou les tribunaux, vous avez g\u00e9n\u00e9ralement besoin des documents, certificats ou certificats comme <a href=\"https:\/\/auslaenderaemter.com\/fr\/traduction-certifiee-de-documents-officiels\/\">traduction certifi\u00e9e<\/a>.<\/div><\/div>\n<h3>Quelle p\u00e9riode est couverte financi\u00e8rement par la d\u00e9claration d&#039;engagement ?<\/h3>\n<p>Fondamentalement, \u00e0 travers la d\u00e9claration juste entre<strong> 90 jours<\/strong> Financi\u00e8rement s\u00e9curis\u00e9 jusqu&#039;\u00e0 6 mois. Toute personne qui a besoin d&#039;un visa plus long doit prouver sa capacit\u00e9 financi\u00e8re pour la p\u00e9riode restante. conviennent \u00e0 cela <strong>Relev\u00e9s bancaires des 3 \u00e0 6 derniers mois<\/strong>, qui donnent un aper\u00e7u du revenu mensuel approximatif.<\/p>\n<ul>\n<li><strong>Vous attendez des visiteurs de l&#039;\u00e9tranger ?<\/strong> Avec un <a href=\"https:\/\/auslaenderaemter.com\/fr\/assurance-pour-les-invites-etrangers\/\">Assurance pour les invit\u00e9s \u00e9trangers<\/a>\u00a0vous \u00eates enti\u00e8rement prot\u00e9g\u00e9 en Allemagne et en Europe.<\/li>\n<\/ul>\n<h3>Plus loin<span class=\"ez-toc-section\">\u00a0<\/span>liens et sources<\/h3>\n<ul>\n<li><a href=\"https:\/\/auslaenderaemter.com\/fr\/\" data-wpel-link=\"internal\">Bureaux d&#039;immigration en Allemagne<\/a><\/li>\n<li><a href=\"https:\/\/auslaenderaemter.com\/fr\/permis-de-residence\/\">permis de r\u00e9sidence<\/a><\/li>\n<\/ul>","protected":false},"excerpt":{"rendered":"<p>D\u00e9claration d&#039;engagement pour les visiteurs \u00e9trangers La d\u00e9claration dite d&#039;engagement sert \u00e0 couvrir les frais de subsistance des ressortissants de pays tiers (r\u00e9fugi\u00e9s ou \u00e9migr\u00e9s). En r\u00e8gle g\u00e9n\u00e9rale, les \u00e9trangers n\u00e9cessitant un visa doivent disposer de fonds propres suffisants pour couvrir les frais li\u00e9s au s\u00e9jour pr\u00e9vu. Un \u00e9tranger n\u00e9cessitant un visa et qui ne dispose pas des ressources propres n\u00e9cessaires\/d\u00e9montrables peut toujours se voir accorder un...&nbsp;<a href=\"https:\/\/auslaenderaemter.com\/fr\/declaration-dengagement\/\" rel=\"bookmark\">En savoir plus &quot;<span class=\"screen-reader-text\">d\u00e9claration d&#039;engagement<\/span><\/a><\/p>","protected":false},"author":1,"featured_media":0,"parent":0,"menu_order":0,"comment_status":"closed","ping_status":"closed","template":"","meta":{"neve_meta_sidebar":"","neve_meta_container":"","neve_meta_enable_content_width":"on","neve_meta_content_width":100,"neve_meta_title_alignment":"","neve_meta_author_avatar":"","neve_post_elements_order":"","neve_meta_disable_header":"","neve_meta_disable_footer":"","neve_meta_disable_title":"","neve_meta_reading_time":"","footnotes":""},"class_list":["post-2016","page","type-page","status-publish","hentry"],"yoast_head":"<!-- This site is optimized with the Yoast SEO plugin v27.6 - https:\/\/yoast.com\/product\/yoast-seo-wordpress\/ -->\n<title>Verpflichtungserkl\u00e4rung f\u00fcr ausl\u00e4ndische Besucher in Deutschland<\/title>\n<meta name=\"description\" content=\"Mit der Verpflichtungserkl\u00e4rung k\u00f6nnen Sie Personen aus dem Ausland die Einreise und den Aufenthalt in Deutschland erm\u00f6glichen\" \/>\n<meta name=\"robots\" content=\"index, follow, max-snippet:-1, max-image-preview:large, max-video-preview:-1\" \/>\n<link rel=\"canonical\" href=\"https:\/\/auslaenderaemter.com\/fr\/declaration-dengagement\/\" \/>\n<meta property=\"og:locale\" content=\"fr_FR\" \/>\n<meta property=\"og:type\" content=\"article\" \/>\n<meta property=\"og:title\" content=\"Verpflichtungserkl\u00e4rung f\u00fcr ausl\u00e4ndische Besucher in Deutschland\" \/>\n<meta property=\"og:description\" content=\"Mit der Verpflichtungserkl\u00e4rung k\u00f6nnen Sie Personen aus dem Ausland die Einreise und den Aufenthalt in Deutschland erm\u00f6glichen\" \/>\n<meta property=\"og:url\" content=\"https:\/\/auslaenderaemter.com\/fr\/declaration-dengagement\/\" \/>\n<meta property=\"og:site_name\" content=\"auslaenderaemter.com\" \/>\n<meta property=\"article:modified_time\" content=\"2022-07-08T09:33:03+00:00\" \/>\n<meta property=\"og:image\" content=\"https:\/\/auslaenderaemter.com\/wp-content\/uploads\/2021\/02\/Design-ohne-Titel-8.png\" \/>\n<meta name=\"twitter:card\" content=\"summary_large_image\" \/>\n<meta name=\"twitter:label1\" content=\"Dur\u00e9e de lecture estim\u00e9e\" \/>\n\t<meta name=\"twitter:data1\" content=\"3 minutes\" \/>\n<script type=\"application\/ld+json\" class=\"yoast-schema-graph\">{\"@context\":\"https:\\\/\\\/schema.org\",\"@graph\":[{\"@type\":\"WebPage\",\"@id\":\"https:\\\/\\\/auslaenderaemter.com\\\/verpflichtungserklaerung\\\/\",\"url\":\"https:\\\/\\\/auslaenderaemter.com\\\/verpflichtungserklaerung\\\/\",\"name\":\"Verpflichtungserkl\u00e4rung f\u00fcr ausl\u00e4ndische Besucher in Deutschland\",\"isPartOf\":{\"@id\":\"https:\\\/\\\/auslaenderaemter.com\\\/#website\"},\"primaryImageOfPage\":{\"@id\":\"https:\\\/\\\/auslaenderaemter.com\\\/verpflichtungserklaerung\\\/#primaryimage\"},\"image\":{\"@id\":\"https:\\\/\\\/auslaenderaemter.com\\\/verpflichtungserklaerung\\\/#primaryimage\"},\"thumbnailUrl\":\"https:\\\/\\\/auslaenderaemter.com\\\/wp-content\\\/uploads\\\/2021\\\/02\\\/Design-ohne-Titel-8.png\",\"datePublished\":\"2021-02-17T12:31:31+00:00\",\"dateModified\":\"2022-07-08T09:33:03+00:00\",\"description\":\"Mit der Verpflichtungserkl\u00e4rung k\u00f6nnen Sie Personen aus dem Ausland die Einreise und den Aufenthalt in Deutschland erm\u00f6glichen\",\"breadcrumb\":{\"@id\":\"https:\\\/\\\/auslaenderaemter.com\\\/verpflichtungserklaerung\\\/#breadcrumb\"},\"inLanguage\":\"fr-FR\",\"potentialAction\":[{\"@type\":\"ReadAction\",\"target\":[\"https:\\\/\\\/auslaenderaemter.com\\\/verpflichtungserklaerung\\\/\"]}]},{\"@type\":\"ImageObject\",\"inLanguage\":\"fr-FR\",\"@id\":\"https:\\\/\\\/auslaenderaemter.com\\\/verpflichtungserklaerung\\\/#primaryimage\",\"url\":\"https:\\\/\\\/auslaenderaemter.com\\\/wp-content\\\/uploads\\\/2021\\\/02\\\/Design-ohne-Titel-8.png\",\"contentUrl\":\"https:\\\/\\\/auslaenderaemter.com\\\/wp-content\\\/uploads\\\/2021\\\/02\\\/Design-ohne-Titel-8.png\"},{\"@type\":\"BreadcrumbList\",\"@id\":\"https:\\\/\\\/auslaenderaemter.com\\\/verpflichtungserklaerung\\\/#breadcrumb\",\"itemListElement\":[{\"@type\":\"ListItem\",\"position\":1,\"name\":\"Startseite\",\"item\":\"https:\\\/\\\/auslaenderaemter.com\\\/\"},{\"@type\":\"ListItem\",\"position\":2,\"name\":\"Verpflichtungserkl\u00e4rung\"}]},{\"@type\":\"WebSite\",\"@id\":\"https:\\\/\\\/auslaenderaemter.com\\\/#website\",\"url\":\"https:\\\/\\\/auslaenderaemter.com\\\/\",\"name\":\"auslaenderaemter.com\",\"description\":\"\",\"publisher\":{\"@id\":\"https:\\\/\\\/auslaenderaemter.com\\\/#organization\"},\"potentialAction\":[{\"@type\":\"SearchAction\",\"target\":{\"@type\":\"EntryPoint\",\"urlTemplate\":\"https:\\\/\\\/auslaenderaemter.com\\\/?s={search_term_string}\"},\"query-input\":{\"@type\":\"PropertyValueSpecification\",\"valueRequired\":true,\"valueName\":\"search_term_string\"}}],\"inLanguage\":\"fr-FR\"},{\"@type\":\"Organization\",\"@id\":\"https:\\\/\\\/auslaenderaemter.com\\\/#organization\",\"name\":\"auslaenderaemter.com\",\"url\":\"https:\\\/\\\/auslaenderaemter.com\\\/\",\"logo\":{\"@type\":\"ImageObject\",\"inLanguage\":\"fr-FR\",\"@id\":\"https:\\\/\\\/auslaenderaemter.com\\\/#\\\/schema\\\/logo\\\/image\\\/\",\"url\":\"https:\\\/\\\/auslaenderaemter.com\\\/wp-content\\\/uploads\\\/2021\\\/01\\\/cropped-Vollmond-info-13.png\",\"contentUrl\":\"https:\\\/\\\/auslaenderaemter.com\\\/wp-content\\\/uploads\\\/2021\\\/01\\\/cropped-Vollmond-info-13.png\",\"width\":500,\"height\":117,\"caption\":\"auslaenderaemter.com\"},\"image\":{\"@id\":\"https:\\\/\\\/auslaenderaemter.com\\\/#\\\/schema\\\/logo\\\/image\\\/\"}}]}<\/script>\n<!-- \/ Yoast SEO plugin. -->","yoast_head_json":{"title":"D\u00e9claration d&#039;engagement pour les visiteurs \u00e9trangers en Allemagne","description":"Avec la d\u00e9claration d&#039;engagement, vous pouvez permettre aux \u00e9trangers d&#039;entrer et de s\u00e9journer en Allemagne","robots":{"index":"index","follow":"follow","max-snippet":"max-snippet:-1","max-image-preview":"max-image-preview:large","max-video-preview":"max-video-preview:-1"},"canonical":"https:\/\/auslaenderaemter.com\/fr\/declaration-dengagement\/","og_locale":"fr_FR","og_type":"article","og_title":"Verpflichtungserkl\u00e4rung f\u00fcr ausl\u00e4ndische Besucher in Deutschland","og_description":"Mit der Verpflichtungserkl\u00e4rung k\u00f6nnen Sie Personen aus dem Ausland die Einreise und den Aufenthalt in Deutschland erm\u00f6glichen","og_url":"https:\/\/auslaenderaemter.com\/fr\/declaration-dengagement\/","og_site_name":"auslaenderaemter.com","article_modified_time":"2022-07-08T09:33:03+00:00","og_image":[{"url":"https:\/\/auslaenderaemter.com\/wp-content\/uploads\/2021\/02\/Design-ohne-Titel-8.png","type":"","width":"","height":""}],"twitter_card":"summary_large_image","twitter_misc":{"Dur\u00e9e de lecture estim\u00e9e":"3 minutes"},"schema":{"@context":"https:\/\/schema.org","@graph":[{"@type":"WebPage","@id":"https:\/\/auslaenderaemter.com\/verpflichtungserklaerung\/","url":"https:\/\/auslaenderaemter.com\/verpflichtungserklaerung\/","name":"D\u00e9claration d&#039;engagement pour les visiteurs \u00e9trangers en Allemagne","isPartOf":{"@id":"https:\/\/auslaenderaemter.com\/#website"},"primaryImageOfPage":{"@id":"https:\/\/auslaenderaemter.com\/verpflichtungserklaerung\/#primaryimage"},"image":{"@id":"https:\/\/auslaenderaemter.com\/verpflichtungserklaerung\/#primaryimage"},"thumbnailUrl":"https:\/\/auslaenderaemter.com\/wp-content\/uploads\/2021\/02\/Design-ohne-Titel-8.png","datePublished":"2021-02-17T12:31:31+00:00","dateModified":"2022-07-08T09:33:03+00:00","description":"Avec la d\u00e9claration d&#039;engagement, vous pouvez permettre aux \u00e9trangers d&#039;entrer et de s\u00e9journer en Allemagne","breadcrumb":{"@id":"https:\/\/auslaenderaemter.com\/verpflichtungserklaerung\/#breadcrumb"},"inLanguage":"fr-FR","potentialAction":[{"@type":"ReadAction","target":["https:\/\/auslaenderaemter.com\/verpflichtungserklaerung\/"]}]},{"@type":"ImageObject","inLanguage":"fr-FR","@id":"https:\/\/auslaenderaemter.com\/verpflichtungserklaerung\/#primaryimage","url":"https:\/\/auslaenderaemter.com\/wp-content\/uploads\/2021\/02\/Design-ohne-Titel-8.png","contentUrl":"https:\/\/auslaenderaemter.com\/wp-content\/uploads\/2021\/02\/Design-ohne-Titel-8.png"},{"@type":"BreadcrumbList","@id":"https:\/\/auslaenderaemter.com\/verpflichtungserklaerung\/#breadcrumb","itemListElement":[{"@type":"ListItem","position":1,"name":"Startseite","item":"https:\/\/auslaenderaemter.com\/"},{"@type":"ListItem","position":2,"name":"Verpflichtungserkl\u00e4rung"}]},{"@type":"WebSite","@id":"https:\/\/auslaenderaemter.com\/#website","url":"https:\/\/auslaenderaemter.com\/","name":"auslaenderaemter.com","description":"","publisher":{"@id":"https:\/\/auslaenderaemter.com\/#organization"},"potentialAction":[{"@type":"SearchAction","target":{"@type":"EntryPoint","urlTemplate":"https:\/\/auslaenderaemter.com\/?s={search_term_string}"},"query-input":{"@type":"PropertyValueSpecification","valueRequired":true,"valueName":"search_term_string"}}],"inLanguage":"fr-FR"},{"@type":"Organization","@id":"https:\/\/auslaenderaemter.com\/#organization","name":"auslaenderaemter.com","url":"https:\/\/auslaenderaemter.com\/","logo":{"@type":"ImageObject","inLanguage":"fr-FR","@id":"https:\/\/auslaenderaemter.com\/#\/schema\/logo\/image\/","url":"https:\/\/auslaenderaemter.com\/wp-content\/uploads\/2021\/01\/cropped-Vollmond-info-13.png","contentUrl":"https:\/\/auslaenderaemter.com\/wp-content\/uploads\/2021\/01\/cropped-Vollmond-info-13.png","width":500,"height":117,"caption":"auslaenderaemter.com"},"image":{"@id":"https:\/\/auslaenderaemter.com\/#\/schema\/logo\/image\/"}}]}},"_links":{"self":[{"href":"https:\/\/auslaenderaemter.com\/fr\/wp-json\/wp\/v2\/pages\/2016","targetHints":{"allow":["GET"]}}],"collection":[{"href":"https:\/\/auslaenderaemter.com\/fr\/wp-json\/wp\/v2\/pages"}],"about":[{"href":"https:\/\/auslaenderaemter.com\/fr\/wp-json\/wp\/v2\/types\/page"}],"author":[{"embeddable":true,"href":"https:\/\/auslaenderaemter.com\/fr\/wp-json\/wp\/v2\/users\/1"}],"replies":[{"embeddable":true,"href":"https:\/\/auslaenderaemter.com\/fr\/wp-json\/wp\/v2\/comments?post=2016"}],"version-history":[{"count":0,"href":"https:\/\/auslaenderaemter.com\/fr\/wp-json\/wp\/v2\/pages\/2016\/revisions"}],"wp:attachment":[{"href":"https:\/\/auslaenderaemter.com\/fr\/wp-json\/wp\/v2\/media?parent=2016"}],"curies":[{"name":"wp","href":"https:\/\/api.w.org\/{rel}","templated":true}]}}