{"id":3081,"date":"2021-02-24T00:10:55","date_gmt":"2021-02-23T23:10:55","guid":{"rendered":"https:\/\/auslaenderaemter.com\/?page_id=3081"},"modified":"2021-03-15T21:48:15","modified_gmt":"2021-03-15T20:48:15","slug":"versicherungen-fuer-auslaendische-gaeste","status":"publish","type":"page","link":"https:\/\/auslaenderaemter.com\/fr\/assurance-pour-les-invites-etrangers\/","title":{"rendered":"Assurance pour les invit\u00e9s \u00e9trangers"},"content":{"rendered":"<p><img fetchpriority=\"high\" decoding=\"async\" class=\"aligncenter wp-image-3087 size-full\" src=\"https:\/\/auslaenderaemter.com\/wp-content\/uploads\/2021\/02\/couple-1030744_640.jpg\" alt=\"Assurance pour les invit\u00e9s \u00e9trangers\" width=\"640\" height=\"426\" srcset=\"https:\/\/auslaenderaemter.com\/wp-content\/uploads\/2021\/02\/couple-1030744_640.jpg 640w, https:\/\/auslaenderaemter.com\/wp-content\/uploads\/2021\/02\/couple-1030744_640-300x200.jpg 300w\" sizes=\"(max-width: 640px) 100vw, 640px\" \/><\/p>\n<p>Si <strong>les vacanciers<\/strong>, <strong>\u00e9tudiant en langue<\/strong>, <strong>personnel professionnel<\/strong> ou <strong>\u00e9tudiant \u00e0 l&#039;universit\u00e9<\/strong> \u2013 les clients \u00e9trangers en Allemagne et en Europe en ont besoin <strong>Assurance m\u00e9dicale de voyage<\/strong>, qui r\u00e9pondent aux exigences de l&#039;Union europ\u00e9enne pour un <strong>visa<\/strong> pour se faire accorder.<\/p>\n<p>Bien s\u00fbr, non seulement l&#039;assurance maladie internationale prot\u00e8ge contre les frais on\u00e9reux, mais aussi l&#039;assurance accident de voyage. Souscrire une assurance urgence, bagages et responsabilit\u00e9 civile est \u00e9galement un avantage certain si vous pr\u00e9voyez un s\u00e9jour plus long en Allemagne. Nous recommandons une assurance tout-en-un qui vous offre une protection fiable pour votre s\u00e9jour en Allemagne.<\/p>\n<h2>Ne suis-je pas couvert par l&#039;assurance maladie l\u00e9gale pendant mes vacances ?<\/h2>\n<p>L&#039;hypoth\u00e8se est proche, mais elle vient <strong>assurance maladie l\u00e9gale<\/strong> pour les maladies \u00e0 l&#039;\u00e9tranger <strong>pas ou seulement limit\u00e9 \u00e0<\/strong>. Vous devez donc souscrire une assurance pour les h\u00f4tes \u00e9trangers avant votre s\u00e9jour en Allemagne.<\/p>\n<h2>Assurance maladie de voyage pour les visiteurs<\/h2>\n<p>L&#039;assurance pour les h\u00f4tes \u00e9trangers vous prot\u00e8ge des co\u00fbts \u00e9lev\u00e9s et s\u00e9curise votre s\u00e9jour en Allemagne. Cela arrive souvent plus vite que vous ne le pensez : un faux pas lors de la randonn\u00e9e, une maladie ou la perte\/le vol de vos propres bagages et tout \u00e0 coup vous \u00eates confront\u00e9 \u00e0 des co\u00fbts extr\u00eamement \u00e9lev\u00e9s. Le traitement et le rapatriement d&#039;une jambe cass\u00e9e peuvent rapidement co\u00fbter quelques milliers d&#039;euros. Si vous avez souscrit une assurance pour les h\u00f4tes \u00e9trangers, vous pouvez vous \u00e9pargner des frais \u00e9lev\u00e9s. Cependant, il y a quelques points \u00e0 prendre en compte lors de la souscription d&#039;une assurance pour les invit\u00e9s \u00e9trangers.<\/p>\n<h2>\u00c0 quoi dois-je faire attention lors de la souscription d&#039;une assurance pour les h\u00f4tes \u00e9trangers ?<\/h2>\n<p><strong>Une bonne assurance pour les h\u00f4tes \u00e9trangers se caract\u00e9rise par les points suivants :<\/strong><\/p>\n<ul>\n<li>L&#039;assurance pour les invit\u00e9s \u00e9trangers r\u00e9pond aux exigences de l&#039;UE<\/li>\n<li>Une protection compl\u00e8te contre de nombreux risques<\/li>\n<li>Large gamme de services<\/li>\n<li>Assurance pour les h\u00f4tes \u00e9trangers sans franchise<\/li>\n<li>Le transport aller-retour m\u00e9dicalement justifi\u00e9 est couvert<\/li>\n<\/ul>\n<h3>Diff\u00e9rence entre assurance sant\u00e9 voyage et assurance sant\u00e9 internationale<\/h3>\n<p>La principale diff\u00e9rence entre l&#039;assurance sant\u00e9 voyage et l&#039;assurance sant\u00e9 internationale <strong>d\u00e9pend du temps de trajet<\/strong>. L&#039;assurance maladie de voyage est particuli\u00e8rement int\u00e9ressante pour les vacances <strong>jusqu&#039;\u00e0 environ 8 semaines<\/strong>. Cependant, si vous pr\u00e9voyez un voyage de longue dur\u00e9e, une assurance sant\u00e9 internationale est recommand\u00e9e.<\/p>\n<h3>Notre recommandation : Assurance pour les h\u00f4tes \u00e9trangers en Allemagne de Hansemerkur<\/h3>\n<p>L&#039;assurance pour les h\u00f4tes \u00e9trangers vous prot\u00e8ge des co\u00fbts \u00e9lev\u00e9s pendant votre s\u00e9jour en Allemagne. Il est logique de souscrire une assurance, surtout si vous pr\u00e9voyez un voyage de longue dur\u00e9e. Qu&#039;il s&#039;agisse d&#039;un semestre d&#039;\u00e9change, d&#039;un stage de longue dur\u00e9e ou d&#039;une longue visite \u00e0 des proches - nous les recommandons <a href=\"https:\/\/tidd.ly\/3u98xUL\">Assurance pour les h\u00f4tes \u00e9trangers jusqu&#039;\u00e0 5 ans de Hansemerkur<\/a>*.<\/p>\n<p>L&#039;assurance pour les h\u00f4tes \u00e9trangers est l&#039;un des bagages les plus importants pour votre s\u00e9jour en Allemagne. L&#039;assurance visiteur Hansemerkur vous prot\u00e8ge <strong>jusqu&#039;\u00e0 5 ans<\/strong> contre des co\u00fbts \u00e9lev\u00e9s. Nous vous recommandons d&#039;\u00e9tendre l&#039;assurance maladie internationale \u00e0 l&#039;assurance accident de voyage, \u00e0 l&#039;assurance responsabilit\u00e9 civile voyage, \u00e0 l&#039;assurance urgence voyage et \u00e0 l&#039;assurance bagages voyage afin que vous puissiez b\u00e9n\u00e9ficier d&#039;une couverture d&#039;assurance particuli\u00e8rement compl\u00e8te.<\/p>\n<p>L&#039;assurance Hansemerkur pour les h\u00f4tes \u00e9trangers convient aux s\u00e9jours de longue dur\u00e9e jusqu&#039;\u00e0 5 ans en Allemagne. Hansemerkur se caract\u00e9rise par une transparence absolue des co\u00fbts. Des contrats \u00e0 court terme sont \u00e9galement possibles. Par exemple, si vous optez pour le &quot;Tarif Profi&quot;, vous b\u00e9n\u00e9ficiez \u00e0 la fois d&#039;une assurance sant\u00e9 internationale, d&#039;une assurance accident de voyage, d&#039;une assurance responsabilit\u00e9 civile voyage, d&#039;une assurance urgence voyage et d&#039;une assurance bagages voyage. Bien entendu, vous pouvez \u00e9galement opter pour le tarif &quot;Basic&quot;, qui comprend toutes les assurances pour les h\u00f4tes \u00e9trangers \u00e0 l&#039;exception de l&#039;assurance bagages. Les assurances pour les h\u00f4tes \u00e9trangers r\u00e9pondent aux exigences de l&#039;UE.<\/p>\n<p><!-- START ADVERTISER: HanseMerkur Versicherungsgruppe DE from awin.com --><\/p>\n<p><a href=\"https:\/\/www.awin1.com\/cread.php?s=2616553&amp;v=11705&amp;q=386611&amp;r=384383\"><br \/>\n<img decoding=\"async\" src=\"https:\/\/www.awin1.com\/cshow.php?s=2616553&amp;v=11705&amp;q=386611&amp;r=384383\" border=\"0\" \/><br \/>\n<\/a><\/p>\n<h3>Plus loin<span class=\"ez-toc-section\">\u00a0<\/span>liens et sources<\/h3>\n<ul>\n<li><a href=\"https:\/\/auslaenderaemter.com\/fr\/declaration-dengagement\/\">D\u00e9claration d&#039;engagement pour les visiteurs \u00e9trangers<\/a><\/li>\n<li><a href=\"https:\/\/auslaenderaemter.com\/fr\/\">Bureaux d&#039;immigration en Allemagne<\/a><\/li>\n<\/ul>","protected":false},"excerpt":{"rendered":"<p>Qu&#039;il s&#039;agisse de vacanciers, d&#039;\u00e9tudiants en langues, de personnel sp\u00e9cialis\u00e9 ou d&#039;\u00e9tudiants, les invit\u00e9s \u00e9trangers en Allemagne et en Europe ont besoin d&#039;une assurance maladie de voyage qui r\u00e9pond aux exigences de l&#039;Union europ\u00e9enne pour pouvoir obtenir un visa. Bien entendu, non seulement l\u2019assurance maladie internationale prot\u00e8ge contre les co\u00fbts co\u00fbteux, mais \u00e9galement l\u2019assurance accidents de voyage. Souscrire une assurance urgence, bagages et responsabilit\u00e9 civile est \u00e9galement un avantage \u00e9vident lorsque\u2026&nbsp;<a href=\"https:\/\/auslaenderaemter.com\/fr\/assurance-pour-les-invites-etrangers\/\" rel=\"bookmark\">En savoir plus &quot;<span class=\"screen-reader-text\">Assurance pour les invit\u00e9s \u00e9trangers<\/span><\/a><\/p>","protected":false},"author":1,"featured_media":3087,"parent":0,"menu_order":0,"comment_status":"closed","ping_status":"closed","template":"","meta":{"neve_meta_sidebar":"full-width","neve_meta_container":"","neve_meta_enable_content_width":"on","neve_meta_content_width":100,"neve_meta_title_alignment":"","neve_meta_author_avatar":"","neve_post_elements_order":"","neve_meta_disable_header":"","neve_meta_disable_footer":"","neve_meta_disable_title":"","neve_meta_reading_time":"","footnotes":""},"class_list":["post-3081","page","type-page","status-publish","has-post-thumbnail","hentry"],"yoast_head":"<!-- This site is optimized with the Yoast SEO plugin v27.4 - https:\/\/yoast.com\/product\/yoast-seo-wordpress\/ -->\n<title>Versicherung f\u00fcr ausl\u00e4ndische G\u00e4ste in Deutschland<\/title>\n<meta name=\"description\" content=\"Versicherungen f\u00fcr ausl\u00e4ndische G\u00e4ste bewahren Sie vor hohen Kosten und sichern Ihren Aufenthalt in Deutschland ab.\" \/>\n<meta name=\"robots\" content=\"index, follow, max-snippet:-1, max-image-preview:large, max-video-preview:-1\" \/>\n<link rel=\"canonical\" href=\"https:\/\/auslaenderaemter.com\/fr\/assurance-pour-les-invites-etrangers\/\" \/>\n<meta property=\"og:locale\" content=\"fr_FR\" \/>\n<meta property=\"og:type\" content=\"article\" \/>\n<meta property=\"og:title\" content=\"Versicherung f\u00fcr ausl\u00e4ndische G\u00e4ste in Deutschland\" \/>\n<meta property=\"og:description\" content=\"Versicherungen f\u00fcr ausl\u00e4ndische G\u00e4ste bewahren Sie vor hohen Kosten und sichern Ihren Aufenthalt in Deutschland ab.\" \/>\n<meta property=\"og:url\" content=\"https:\/\/auslaenderaemter.com\/fr\/assurance-pour-les-invites-etrangers\/\" \/>\n<meta property=\"og:site_name\" content=\"auslaenderaemter.com\" \/>\n<meta property=\"article:modified_time\" content=\"2021-03-15T20:48:15+00:00\" \/>\n<meta property=\"og:image\" content=\"https:\/\/auslaenderaemter.com\/wp-content\/uploads\/2021\/02\/couple-1030744_640.jpg\" \/>\n\t<meta property=\"og:image:width\" content=\"640\" \/>\n\t<meta property=\"og:image:height\" content=\"426\" \/>\n\t<meta property=\"og:image:type\" content=\"image\/jpeg\" \/>\n<meta name=\"twitter:card\" content=\"summary_large_image\" \/>\n<meta name=\"twitter:label1\" content=\"Dur\u00e9e de lecture estim\u00e9e\" \/>\n\t<meta name=\"twitter:data1\" content=\"3 minutes\" \/>\n<script type=\"application\/ld+json\" class=\"yoast-schema-graph\">{\"@context\":\"https:\\\/\\\/schema.org\",\"@graph\":[{\"@type\":\"WebPage\",\"@id\":\"https:\\\/\\\/auslaenderaemter.com\\\/versicherungen-fuer-auslaendische-gaeste\\\/\",\"url\":\"https:\\\/\\\/auslaenderaemter.com\\\/versicherungen-fuer-auslaendische-gaeste\\\/\",\"name\":\"Versicherung f\u00fcr ausl\u00e4ndische G\u00e4ste in Deutschland\",\"isPartOf\":{\"@id\":\"https:\\\/\\\/auslaenderaemter.com\\\/#website\"},\"primaryImageOfPage\":{\"@id\":\"https:\\\/\\\/auslaenderaemter.com\\\/versicherungen-fuer-auslaendische-gaeste\\\/#primaryimage\"},\"image\":{\"@id\":\"https:\\\/\\\/auslaenderaemter.com\\\/versicherungen-fuer-auslaendische-gaeste\\\/#primaryimage\"},\"thumbnailUrl\":\"https:\\\/\\\/auslaenderaemter.com\\\/wp-content\\\/uploads\\\/2021\\\/02\\\/couple-1030744_640.jpg\",\"datePublished\":\"2021-02-23T23:10:55+00:00\",\"dateModified\":\"2021-03-15T20:48:15+00:00\",\"description\":\"Versicherungen f\u00fcr ausl\u00e4ndische G\u00e4ste bewahren Sie vor hohen Kosten und sichern Ihren Aufenthalt in Deutschland ab.\",\"breadcrumb\":{\"@id\":\"https:\\\/\\\/auslaenderaemter.com\\\/versicherungen-fuer-auslaendische-gaeste\\\/#breadcrumb\"},\"inLanguage\":\"fr-FR\",\"potentialAction\":[{\"@type\":\"ReadAction\",\"target\":[\"https:\\\/\\\/auslaenderaemter.com\\\/versicherungen-fuer-auslaendische-gaeste\\\/\"]}]},{\"@type\":\"ImageObject\",\"inLanguage\":\"fr-FR\",\"@id\":\"https:\\\/\\\/auslaenderaemter.com\\\/versicherungen-fuer-auslaendische-gaeste\\\/#primaryimage\",\"url\":\"https:\\\/\\\/auslaenderaemter.com\\\/wp-content\\\/uploads\\\/2021\\\/02\\\/couple-1030744_640.jpg\",\"contentUrl\":\"https:\\\/\\\/auslaenderaemter.com\\\/wp-content\\\/uploads\\\/2021\\\/02\\\/couple-1030744_640.jpg\",\"width\":640,\"height\":426,\"caption\":\"Versicherung f\u00fcr ausl\u00e4ndische G\u00e4ste\"},{\"@type\":\"BreadcrumbList\",\"@id\":\"https:\\\/\\\/auslaenderaemter.com\\\/versicherungen-fuer-auslaendische-gaeste\\\/#breadcrumb\",\"itemListElement\":[{\"@type\":\"ListItem\",\"position\":1,\"name\":\"Startseite\",\"item\":\"https:\\\/\\\/auslaenderaemter.com\\\/\"},{\"@type\":\"ListItem\",\"position\":2,\"name\":\"Versicherungen f\u00fcr ausl\u00e4ndische G\u00e4ste\"}]},{\"@type\":\"WebSite\",\"@id\":\"https:\\\/\\\/auslaenderaemter.com\\\/#website\",\"url\":\"https:\\\/\\\/auslaenderaemter.com\\\/\",\"name\":\"auslaenderaemter.com\",\"description\":\"\",\"publisher\":{\"@id\":\"https:\\\/\\\/auslaenderaemter.com\\\/#organization\"},\"potentialAction\":[{\"@type\":\"SearchAction\",\"target\":{\"@type\":\"EntryPoint\",\"urlTemplate\":\"https:\\\/\\\/auslaenderaemter.com\\\/?s={search_term_string}\"},\"query-input\":{\"@type\":\"PropertyValueSpecification\",\"valueRequired\":true,\"valueName\":\"search_term_string\"}}],\"inLanguage\":\"fr-FR\"},{\"@type\":\"Organization\",\"@id\":\"https:\\\/\\\/auslaenderaemter.com\\\/#organization\",\"name\":\"auslaenderaemter.com\",\"url\":\"https:\\\/\\\/auslaenderaemter.com\\\/\",\"logo\":{\"@type\":\"ImageObject\",\"inLanguage\":\"fr-FR\",\"@id\":\"https:\\\/\\\/auslaenderaemter.com\\\/#\\\/schema\\\/logo\\\/image\\\/\",\"url\":\"https:\\\/\\\/auslaenderaemter.com\\\/wp-content\\\/uploads\\\/2021\\\/01\\\/cropped-Vollmond-info-13.png\",\"contentUrl\":\"https:\\\/\\\/auslaenderaemter.com\\\/wp-content\\\/uploads\\\/2021\\\/01\\\/cropped-Vollmond-info-13.png\",\"width\":500,\"height\":117,\"caption\":\"auslaenderaemter.com\"},\"image\":{\"@id\":\"https:\\\/\\\/auslaenderaemter.com\\\/#\\\/schema\\\/logo\\\/image\\\/\"}}]}<\/script>\n<!-- \/ Yoast SEO plugin. -->","yoast_head_json":{"title":"Assurance pour les h\u00f4tes \u00e9trangers en Allemagne","description":"L&#039;assurance pour les h\u00f4tes \u00e9trangers vous prot\u00e8ge des co\u00fbts \u00e9lev\u00e9s et s\u00e9curise votre s\u00e9jour en Allemagne.","robots":{"index":"index","follow":"follow","max-snippet":"max-snippet:-1","max-image-preview":"max-image-preview:large","max-video-preview":"max-video-preview:-1"},"canonical":"https:\/\/auslaenderaemter.com\/fr\/assurance-pour-les-invites-etrangers\/","og_locale":"fr_FR","og_type":"article","og_title":"Versicherung f\u00fcr ausl\u00e4ndische G\u00e4ste in Deutschland","og_description":"Versicherungen f\u00fcr ausl\u00e4ndische G\u00e4ste bewahren Sie vor hohen Kosten und sichern Ihren Aufenthalt in Deutschland ab.","og_url":"https:\/\/auslaenderaemter.com\/fr\/assurance-pour-les-invites-etrangers\/","og_site_name":"auslaenderaemter.com","article_modified_time":"2021-03-15T20:48:15+00:00","og_image":[{"width":640,"height":426,"url":"https:\/\/auslaenderaemter.com\/wp-content\/uploads\/2021\/02\/couple-1030744_640.jpg","type":"image\/jpeg"}],"twitter_card":"summary_large_image","twitter_misc":{"Dur\u00e9e de lecture estim\u00e9e":"3 minutes"},"schema":{"@context":"https:\/\/schema.org","@graph":[{"@type":"WebPage","@id":"https:\/\/auslaenderaemter.com\/versicherungen-fuer-auslaendische-gaeste\/","url":"https:\/\/auslaenderaemter.com\/versicherungen-fuer-auslaendische-gaeste\/","name":"Assurance pour les h\u00f4tes \u00e9trangers en Allemagne","isPartOf":{"@id":"https:\/\/auslaenderaemter.com\/#website"},"primaryImageOfPage":{"@id":"https:\/\/auslaenderaemter.com\/versicherungen-fuer-auslaendische-gaeste\/#primaryimage"},"image":{"@id":"https:\/\/auslaenderaemter.com\/versicherungen-fuer-auslaendische-gaeste\/#primaryimage"},"thumbnailUrl":"https:\/\/auslaenderaemter.com\/wp-content\/uploads\/2021\/02\/couple-1030744_640.jpg","datePublished":"2021-02-23T23:10:55+00:00","dateModified":"2021-03-15T20:48:15+00:00","description":"L&#039;assurance pour les h\u00f4tes \u00e9trangers vous prot\u00e8ge des co\u00fbts \u00e9lev\u00e9s et s\u00e9curise votre s\u00e9jour en Allemagne.","breadcrumb":{"@id":"https:\/\/auslaenderaemter.com\/versicherungen-fuer-auslaendische-gaeste\/#breadcrumb"},"inLanguage":"fr-FR","potentialAction":[{"@type":"ReadAction","target":["https:\/\/auslaenderaemter.com\/versicherungen-fuer-auslaendische-gaeste\/"]}]},{"@type":"ImageObject","inLanguage":"fr-FR","@id":"https:\/\/auslaenderaemter.com\/versicherungen-fuer-auslaendische-gaeste\/#primaryimage","url":"https:\/\/auslaenderaemter.com\/wp-content\/uploads\/2021\/02\/couple-1030744_640.jpg","contentUrl":"https:\/\/auslaenderaemter.com\/wp-content\/uploads\/2021\/02\/couple-1030744_640.jpg","width":640,"height":426,"caption":"Versicherung f\u00fcr ausl\u00e4ndische G\u00e4ste"},{"@type":"BreadcrumbList","@id":"https:\/\/auslaenderaemter.com\/versicherungen-fuer-auslaendische-gaeste\/#breadcrumb","itemListElement":[{"@type":"ListItem","position":1,"name":"Startseite","item":"https:\/\/auslaenderaemter.com\/"},{"@type":"ListItem","position":2,"name":"Versicherungen f\u00fcr ausl\u00e4ndische G\u00e4ste"}]},{"@type":"WebSite","@id":"https:\/\/auslaenderaemter.com\/#website","url":"https:\/\/auslaenderaemter.com\/","name":"auslaenderaemter.com","description":"","publisher":{"@id":"https:\/\/auslaenderaemter.com\/#organization"},"potentialAction":[{"@type":"SearchAction","target":{"@type":"EntryPoint","urlTemplate":"https:\/\/auslaenderaemter.com\/?s={search_term_string}"},"query-input":{"@type":"PropertyValueSpecification","valueRequired":true,"valueName":"search_term_string"}}],"inLanguage":"fr-FR"},{"@type":"Organization","@id":"https:\/\/auslaenderaemter.com\/#organization","name":"auslaenderaemter.com","url":"https:\/\/auslaenderaemter.com\/","logo":{"@type":"ImageObject","inLanguage":"fr-FR","@id":"https:\/\/auslaenderaemter.com\/#\/schema\/logo\/image\/","url":"https:\/\/auslaenderaemter.com\/wp-content\/uploads\/2021\/01\/cropped-Vollmond-info-13.png","contentUrl":"https:\/\/auslaenderaemter.com\/wp-content\/uploads\/2021\/01\/cropped-Vollmond-info-13.png","width":500,"height":117,"caption":"auslaenderaemter.com"},"image":{"@id":"https:\/\/auslaenderaemter.com\/#\/schema\/logo\/image\/"}}]}},"_links":{"self":[{"href":"https:\/\/auslaenderaemter.com\/fr\/wp-json\/wp\/v2\/pages\/3081","targetHints":{"allow":["GET"]}}],"collection":[{"href":"https:\/\/auslaenderaemter.com\/fr\/wp-json\/wp\/v2\/pages"}],"about":[{"href":"https:\/\/auslaenderaemter.com\/fr\/wp-json\/wp\/v2\/types\/page"}],"author":[{"embeddable":true,"href":"https:\/\/auslaenderaemter.com\/fr\/wp-json\/wp\/v2\/users\/1"}],"replies":[{"embeddable":true,"href":"https:\/\/auslaenderaemter.com\/fr\/wp-json\/wp\/v2\/comments?post=3081"}],"version-history":[{"count":0,"href":"https:\/\/auslaenderaemter.com\/fr\/wp-json\/wp\/v2\/pages\/3081\/revisions"}],"wp:featuredmedia":[{"embeddable":true,"href":"https:\/\/auslaenderaemter.com\/fr\/wp-json\/wp\/v2\/media\/3087"}],"wp:attachment":[{"href":"https:\/\/auslaenderaemter.com\/fr\/wp-json\/wp\/v2\/media?parent=3081"}],"curies":[{"name":"wp","href":"https:\/\/api.w.org\/{rel}","templated":true}]}}