{"id":3114,"date":"2021-03-15T20:52:29","date_gmt":"2021-03-15T19:52:29","guid":{"rendered":"https:\/\/auslaenderaemter.com\/?page_id=3114"},"modified":"2023-06-12T16:54:25","modified_gmt":"2023-06-12T14:54:25","slug":"aufenthaltstitel","status":"publish","type":"page","link":"https:\/\/auslaenderaemter.com\/fr\/permis-de-residence-2\/","title":{"rendered":"permis de r\u00e9sidence"},"content":{"rendered":"<p><img fetchpriority=\"high\" decoding=\"async\" class=\"aligncenter wp-image-3152 size-full\" src=\"https:\/\/auslaenderaemter.com\/wp-content\/uploads\/2021\/03\/Zwischen\u00fcberschrift-hinf\u00fcgen-1.png\" alt=\"permis de r\u00e9sidence\" width=\"600\" height=\"400\" srcset=\"\" sizes=\"(max-width: 600px) 100vw, 600px\" data-srcset=\"\" \/><\/p>\n<p>Toute personne souhaitant entrer en Allemagne en tant qu&#039;\u00e9tranger ou en tant que citoyen d&#039;un pays non membre de l&#039;UE a g\u00e9n\u00e9ralement besoin d&#039;un permis pour le faire. Ce permis prend la forme d&#039;un permis dit de s\u00e9jour. Total l\u00e0<strong> sept diff\u00e9rents <\/strong>permis de r\u00e9sidence<strong>,<\/strong> qui sont bas\u00e9s, entre autres, sur la raison de votre s\u00e9jour en Allemagne. Mais quelle forme de permis de s\u00e9jour est la bonne pour vous et lesquelles existent r\u00e9ellement ?<\/p>\n<h2>Trouver le bon titre de s\u00e9jour<\/h2>\n<p>En principe, un permis de s\u00e9jour autorise le ressortissant d&#039;un pays tiers \u00e0 r\u00e9sider en Allemagne. Un pays tiers d\u00e9signe tous les pays qui <a href=\"https:\/\/ec.europa.eu\/taxation_customs\/business\/calculation-customs-duties\/rules-origin\/introduction\/list-noneu-countries_de\" target=\"_blank\" rel=\"noopener\">n&#039;appartiennent pas \u00e0 l&#039;Union europ\u00e9enne<\/a>. Les sept titres existants diff\u00e8rent principalement par leur objet, leur dur\u00e9e de validit\u00e9 et leurs exigences.<\/p>\n<p>La principale question que vous devez vous poser concernant le bon permis de s\u00e9jour est la raison pour laquelle vous voyagez en Allemagne. Par exemple, si vous souhaitez rester pour une p\u00e9riode limit\u00e9e et relativement courte, par exemple pour des vacances, un semestre d&#039;invit\u00e9 ou une visite, vous avez besoin d&#039;un visa. Si vous envisagez de s\u00e9journer en Allemagne \u00e0 des fins de formation, d&#039;emploi ou pour des raisons humanitaires ou politiques, le <a href=\"https:\/\/auslaenderaemter.com\/fr\/permis-de-residence\/\">permis de r\u00e9sidence<\/a> le permis de s\u00e9jour qui vous convient. Un permis de s\u00e9jour est toujours d\u00e9livr\u00e9 dans un but pr\u00e9cis.<\/p>\n<p>En relation avec des raisons professionnelles de s\u00e9jour en Allemagne, il existe \u00e9galement la carte bleue europ\u00e9enne ou la carte ICT. Si vous souhaitez vivre de mani\u00e8re permanente en Allemagne ou dans l&#039;UE, vous en avez besoin <a href=\"https:\/\/auslaenderaemter.com\/fr\/permis-de-sejour-permanent\/\">permis de s\u00e9jour permanent<\/a> ou un permis de s\u00e9jour permanent.<\/p>\n<p><strong>Ces permis de s\u00e9jour sont disponibles en Allemagne :<\/strong><\/p>\n<ul>\n<li>le titre de s\u00e9jour<\/li>\n<li>Permis de s\u00e9jour permanent dans l&#039;UE<\/li>\n<li>la carte bleue europ\u00e9enne<\/li>\n<li>le permis d&#039;\u00e9tablissement<\/li>\n<li>la carte TIC<\/li>\n<li>la carte ICT mobile<\/li>\n<li>le visa<\/li>\n<\/ul>\n<h2>Le titre de s\u00e9jour \u00e9lectronique (eAT)<\/h2>\n<p>Un permis de s\u00e9jour \u00e9lectronique (eAT) est un document d\u00e9livr\u00e9 au format carte de cr\u00e9dit sur lequel vos donn\u00e9es personnelles, vos caract\u00e9ristiques biom\u00e9triques et toutes conditions sont stock\u00e9es au moyen d&#039;un support de stockage \u00e9lectronique. En raison de ces propri\u00e9t\u00e9s, le titre de s\u00e9jour \u00e9lectronique peut \u00e9galement \u00eatre utilis\u00e9 comme document en ligne, par exemple pour utiliser des services officiels ou des services commerciaux.<\/p>\n<p>Depuis 2011, les titres de s\u00e9jour ne sont g\u00e9n\u00e9ralement d\u00e9livr\u00e9s que sous forme \u00e9lectronique.<\/p>\n<ul>\n<li><strong>Vous attendez des visiteurs de l&#039;\u00e9tranger ?<\/strong> Avec un <a href=\"https:\/\/auslaenderaemter.com\/fr\/assurance-pour-les-invites-etrangers\/\">Assurance pour les invit\u00e9s \u00e9trangers<\/a>\u00a0vous \u00eates enti\u00e8rement prot\u00e9g\u00e9 en Allemagne et en Europe.<\/li>\n<\/ul>\n<h3>Plus loin<span class=\"ez-toc-section\">\u00a0<\/span>liens et sources<\/h3>\n<ul>\n<li><a href=\"https:\/\/auslaenderaemter.com\/fr\/\" data-wpel-link=\"internal\">Bureaux d&#039;immigration en Allemagne<\/a><\/li>\n<li><a href=\"https:\/\/auslaenderaemter.com\/fr\/certificat-de-fiction\/\">certificat de fiction<\/a><\/li>\n<\/ul>","protected":false},"excerpt":{"rendered":"<p>Quiconque souhaite entrer en Allemagne en tant qu&#039;\u00e9tranger ou citoyen d&#039;un pays tiers a g\u00e9n\u00e9ralement besoin d&#039;un permis. Ce permis prend la forme d\u2019un permis de s\u00e9jour. Il existe au total sept permis de s\u00e9jour diff\u00e9rents, qui d\u00e9pendent entre autres du motif de votre s\u00e9jour en Allemagne. Mais quelle forme de titre de s\u00e9jour vous convient le mieux\u2026&nbsp;<a href=\"https:\/\/auslaenderaemter.com\/fr\/permis-de-residence-2\/\" rel=\"bookmark\">En savoir plus &quot;<span class=\"screen-reader-text\">permis de r\u00e9sidence<\/span><\/a><\/p>","protected":false},"author":1,"featured_media":3152,"parent":0,"menu_order":0,"comment_status":"closed","ping_status":"closed","template":"","meta":{"neve_meta_sidebar":"full-width","neve_meta_container":"","neve_meta_enable_content_width":"on","neve_meta_content_width":100,"neve_meta_title_alignment":"","neve_meta_author_avatar":"","neve_post_elements_order":"","neve_meta_disable_header":"","neve_meta_disable_footer":"","neve_meta_disable_title":"","neve_meta_reading_time":"","footnotes":""},"class_list":["post-3114","page","type-page","status-publish","has-post-thumbnail","hentry"],"yoast_head":"<!-- This site is optimized with the Yoast SEO plugin v27.4 - https:\/\/yoast.com\/product\/yoast-seo-wordpress\/ -->\n<title>Den passenden Aufenthaltstitel finden - auslaenderaemter.com<\/title>\n<meta name=\"description\" content=\"Ein Aufenthaltstitel berechtigt den Angeh\u00f6rigen eines Drittstaates dazu, sich in Deutschland aufzuhalten. Doch welcher ist der passende?\" \/>\n<meta name=\"robots\" content=\"index, follow, max-snippet:-1, max-image-preview:large, max-video-preview:-1\" \/>\n<link rel=\"canonical\" href=\"https:\/\/auslaenderaemter.com\/fr\/permis-de-residence-2\/\" \/>\n<meta property=\"og:locale\" content=\"fr_FR\" \/>\n<meta property=\"og:type\" content=\"article\" \/>\n<meta property=\"og:title\" content=\"Den passenden Aufenthaltstitel finden - auslaenderaemter.com\" \/>\n<meta property=\"og:description\" content=\"Ein Aufenthaltstitel berechtigt den Angeh\u00f6rigen eines Drittstaates dazu, sich in Deutschland aufzuhalten. Doch welcher ist der passende?\" \/>\n<meta property=\"og:url\" content=\"https:\/\/auslaenderaemter.com\/fr\/permis-de-residence-2\/\" \/>\n<meta property=\"og:site_name\" content=\"auslaenderaemter.com\" \/>\n<meta property=\"article:modified_time\" content=\"2023-06-12T14:54:25+00:00\" \/>\n<meta property=\"og:image\" content=\"https:\/\/auslaenderaemter.com\/wp-content\/uploads\/2021\/03\/Zwischenu\u0308berschrift-hinzufu\u0308gen-1.png\" \/>\n\t<meta property=\"og:image:width\" content=\"600\" \/>\n\t<meta property=\"og:image:height\" content=\"400\" \/>\n\t<meta property=\"og:image:type\" content=\"image\/png\" \/>\n<meta name=\"twitter:card\" content=\"summary_large_image\" \/>\n<meta name=\"twitter:label1\" content=\"Dur\u00e9e de lecture estim\u00e9e\" \/>\n\t<meta name=\"twitter:data1\" content=\"3 minutes\" \/>\n<script type=\"application\/ld+json\" class=\"yoast-schema-graph\">{\"@context\":\"https:\\\/\\\/schema.org\",\"@graph\":[{\"@type\":\"WebPage\",\"@id\":\"https:\\\/\\\/auslaenderaemter.com\\\/aufenthaltstitel\\\/\",\"url\":\"https:\\\/\\\/auslaenderaemter.com\\\/aufenthaltstitel\\\/\",\"name\":\"Den passenden Aufenthaltstitel finden - auslaenderaemter.com\",\"isPartOf\":{\"@id\":\"https:\\\/\\\/auslaenderaemter.com\\\/#website\"},\"primaryImageOfPage\":{\"@id\":\"https:\\\/\\\/auslaenderaemter.com\\\/aufenthaltstitel\\\/#primaryimage\"},\"image\":{\"@id\":\"https:\\\/\\\/auslaenderaemter.com\\\/aufenthaltstitel\\\/#primaryimage\"},\"thumbnailUrl\":\"https:\\\/\\\/auslaenderaemter.com\\\/wp-content\\\/uploads\\\/2021\\\/03\\\/Zwischenu\u0308berschrift-hinzufu\u0308gen-1.png\",\"datePublished\":\"2021-03-15T19:52:29+00:00\",\"dateModified\":\"2023-06-12T14:54:25+00:00\",\"description\":\"Ein Aufenthaltstitel berechtigt den Angeh\u00f6rigen eines Drittstaates dazu, sich in Deutschland aufzuhalten. Doch welcher ist der passende?\",\"breadcrumb\":{\"@id\":\"https:\\\/\\\/auslaenderaemter.com\\\/aufenthaltstitel\\\/#breadcrumb\"},\"inLanguage\":\"fr-FR\",\"potentialAction\":[{\"@type\":\"ReadAction\",\"target\":[\"https:\\\/\\\/auslaenderaemter.com\\\/aufenthaltstitel\\\/\"]}]},{\"@type\":\"ImageObject\",\"inLanguage\":\"fr-FR\",\"@id\":\"https:\\\/\\\/auslaenderaemter.com\\\/aufenthaltstitel\\\/#primaryimage\",\"url\":\"https:\\\/\\\/auslaenderaemter.com\\\/wp-content\\\/uploads\\\/2021\\\/03\\\/Zwischenu\u0308berschrift-hinzufu\u0308gen-1.png\",\"contentUrl\":\"https:\\\/\\\/auslaenderaemter.com\\\/wp-content\\\/uploads\\\/2021\\\/03\\\/Zwischenu\u0308berschrift-hinzufu\u0308gen-1.png\",\"width\":600,\"height\":400,\"caption\":\"Aufenthaltstitel\"},{\"@type\":\"BreadcrumbList\",\"@id\":\"https:\\\/\\\/auslaenderaemter.com\\\/aufenthaltstitel\\\/#breadcrumb\",\"itemListElement\":[{\"@type\":\"ListItem\",\"position\":1,\"name\":\"Startseite\",\"item\":\"https:\\\/\\\/auslaenderaemter.com\\\/\"},{\"@type\":\"ListItem\",\"position\":2,\"name\":\"Aufenthaltstitel\"}]},{\"@type\":\"WebSite\",\"@id\":\"https:\\\/\\\/auslaenderaemter.com\\\/#website\",\"url\":\"https:\\\/\\\/auslaenderaemter.com\\\/\",\"name\":\"auslaenderaemter.com\",\"description\":\"\",\"publisher\":{\"@id\":\"https:\\\/\\\/auslaenderaemter.com\\\/#organization\"},\"potentialAction\":[{\"@type\":\"SearchAction\",\"target\":{\"@type\":\"EntryPoint\",\"urlTemplate\":\"https:\\\/\\\/auslaenderaemter.com\\\/?s={search_term_string}\"},\"query-input\":{\"@type\":\"PropertyValueSpecification\",\"valueRequired\":true,\"valueName\":\"search_term_string\"}}],\"inLanguage\":\"fr-FR\"},{\"@type\":\"Organization\",\"@id\":\"https:\\\/\\\/auslaenderaemter.com\\\/#organization\",\"name\":\"auslaenderaemter.com\",\"url\":\"https:\\\/\\\/auslaenderaemter.com\\\/\",\"logo\":{\"@type\":\"ImageObject\",\"inLanguage\":\"fr-FR\",\"@id\":\"https:\\\/\\\/auslaenderaemter.com\\\/#\\\/schema\\\/logo\\\/image\\\/\",\"url\":\"https:\\\/\\\/auslaenderaemter.com\\\/wp-content\\\/uploads\\\/2021\\\/01\\\/cropped-Vollmond-info-13.png\",\"contentUrl\":\"https:\\\/\\\/auslaenderaemter.com\\\/wp-content\\\/uploads\\\/2021\\\/01\\\/cropped-Vollmond-info-13.png\",\"width\":500,\"height\":117,\"caption\":\"auslaenderaemter.com\"},\"image\":{\"@id\":\"https:\\\/\\\/auslaenderaemter.com\\\/#\\\/schema\\\/logo\\\/image\\\/\"}}]}<\/script>\n<!-- \/ Yoast SEO plugin. -->","yoast_head_json":{"title":"Trouver le bon permis de s\u00e9jour - auslaenderaemter.com","description":"Un permis de s\u00e9jour autorise le ressortissant d&#039;un pays tiers \u00e0 r\u00e9sider en Allemagne. Mais lequel est le bon ?","robots":{"index":"index","follow":"follow","max-snippet":"max-snippet:-1","max-image-preview":"max-image-preview:large","max-video-preview":"max-video-preview:-1"},"canonical":"https:\/\/auslaenderaemter.com\/fr\/permis-de-residence-2\/","og_locale":"fr_FR","og_type":"article","og_title":"Den passenden Aufenthaltstitel finden - auslaenderaemter.com","og_description":"Ein Aufenthaltstitel berechtigt den Angeh\u00f6rigen eines Drittstaates dazu, sich in Deutschland aufzuhalten. Doch welcher ist der passende?","og_url":"https:\/\/auslaenderaemter.com\/fr\/permis-de-residence-2\/","og_site_name":"auslaenderaemter.com","article_modified_time":"2023-06-12T14:54:25+00:00","og_image":[{"width":600,"height":400,"url":"https:\/\/auslaenderaemter.com\/wp-content\/uploads\/2021\/03\/Zwischenu\u0308berschrift-hinzufu\u0308gen-1.png","type":"image\/png"}],"twitter_card":"summary_large_image","twitter_misc":{"Dur\u00e9e de lecture estim\u00e9e":"3 minutes"},"schema":{"@context":"https:\/\/schema.org","@graph":[{"@type":"WebPage","@id":"https:\/\/auslaenderaemter.com\/aufenthaltstitel\/","url":"https:\/\/auslaenderaemter.com\/aufenthaltstitel\/","name":"Trouver le bon permis de s\u00e9jour - auslaenderaemter.com","isPartOf":{"@id":"https:\/\/auslaenderaemter.com\/#website"},"primaryImageOfPage":{"@id":"https:\/\/auslaenderaemter.com\/aufenthaltstitel\/#primaryimage"},"image":{"@id":"https:\/\/auslaenderaemter.com\/aufenthaltstitel\/#primaryimage"},"thumbnailUrl":"https:\/\/auslaenderaemter.com\/wp-content\/uploads\/2021\/03\/Zwischenu\u0308berschrift-hinzufu\u0308gen-1.png","datePublished":"2021-03-15T19:52:29+00:00","dateModified":"2023-06-12T14:54:25+00:00","description":"Un permis de s\u00e9jour autorise le ressortissant d&#039;un pays tiers \u00e0 r\u00e9sider en Allemagne. Mais lequel est le bon ?","breadcrumb":{"@id":"https:\/\/auslaenderaemter.com\/aufenthaltstitel\/#breadcrumb"},"inLanguage":"fr-FR","potentialAction":[{"@type":"ReadAction","target":["https:\/\/auslaenderaemter.com\/aufenthaltstitel\/"]}]},{"@type":"ImageObject","inLanguage":"fr-FR","@id":"https:\/\/auslaenderaemter.com\/aufenthaltstitel\/#primaryimage","url":"https:\/\/auslaenderaemter.com\/wp-content\/uploads\/2021\/03\/Zwischenu\u0308berschrift-hinzufu\u0308gen-1.png","contentUrl":"https:\/\/auslaenderaemter.com\/wp-content\/uploads\/2021\/03\/Zwischenu\u0308berschrift-hinzufu\u0308gen-1.png","width":600,"height":400,"caption":"Aufenthaltstitel"},{"@type":"BreadcrumbList","@id":"https:\/\/auslaenderaemter.com\/aufenthaltstitel\/#breadcrumb","itemListElement":[{"@type":"ListItem","position":1,"name":"Startseite","item":"https:\/\/auslaenderaemter.com\/"},{"@type":"ListItem","position":2,"name":"Aufenthaltstitel"}]},{"@type":"WebSite","@id":"https:\/\/auslaenderaemter.com\/#website","url":"https:\/\/auslaenderaemter.com\/","name":"auslaenderaemter.com","description":"","publisher":{"@id":"https:\/\/auslaenderaemter.com\/#organization"},"potentialAction":[{"@type":"SearchAction","target":{"@type":"EntryPoint","urlTemplate":"https:\/\/auslaenderaemter.com\/?s={search_term_string}"},"query-input":{"@type":"PropertyValueSpecification","valueRequired":true,"valueName":"search_term_string"}}],"inLanguage":"fr-FR"},{"@type":"Organization","@id":"https:\/\/auslaenderaemter.com\/#organization","name":"auslaenderaemter.com","url":"https:\/\/auslaenderaemter.com\/","logo":{"@type":"ImageObject","inLanguage":"fr-FR","@id":"https:\/\/auslaenderaemter.com\/#\/schema\/logo\/image\/","url":"https:\/\/auslaenderaemter.com\/wp-content\/uploads\/2021\/01\/cropped-Vollmond-info-13.png","contentUrl":"https:\/\/auslaenderaemter.com\/wp-content\/uploads\/2021\/01\/cropped-Vollmond-info-13.png","width":500,"height":117,"caption":"auslaenderaemter.com"},"image":{"@id":"https:\/\/auslaenderaemter.com\/#\/schema\/logo\/image\/"}}]}},"_links":{"self":[{"href":"https:\/\/auslaenderaemter.com\/fr\/wp-json\/wp\/v2\/pages\/3114","targetHints":{"allow":["GET"]}}],"collection":[{"href":"https:\/\/auslaenderaemter.com\/fr\/wp-json\/wp\/v2\/pages"}],"about":[{"href":"https:\/\/auslaenderaemter.com\/fr\/wp-json\/wp\/v2\/types\/page"}],"author":[{"embeddable":true,"href":"https:\/\/auslaenderaemter.com\/fr\/wp-json\/wp\/v2\/users\/1"}],"replies":[{"embeddable":true,"href":"https:\/\/auslaenderaemter.com\/fr\/wp-json\/wp\/v2\/comments?post=3114"}],"version-history":[{"count":0,"href":"https:\/\/auslaenderaemter.com\/fr\/wp-json\/wp\/v2\/pages\/3114\/revisions"}],"wp:featuredmedia":[{"embeddable":true,"href":"https:\/\/auslaenderaemter.com\/fr\/wp-json\/wp\/v2\/media\/3152"}],"wp:attachment":[{"href":"https:\/\/auslaenderaemter.com\/fr\/wp-json\/wp\/v2\/media?parent=3114"}],"curies":[{"name":"wp","href":"https:\/\/api.w.org\/{rel}","templated":true}]}}