{"id":39,"date":"2021-01-26T14:24:33","date_gmt":"2021-01-26T13:24:33","guid":{"rendered":"https:\/\/auslaenderaemter.com\/?page_id=39"},"modified":"2022-07-04T15:53:43","modified_gmt":"2022-07-04T13:53:43","slug":"auslaenderaemter-in-baden-wuerttemberg","status":"publish","type":"page","link":"https:\/\/auslaenderaemter.com\/fr\/bureaux-dimmigration-en-bade-wurtemberg\/","title":{"rendered":"Bureaux d&#039;immigration dans le Bade-Wurtemberg"},"content":{"rendered":"<p><strong>Vous trouverez ici les coordonn\u00e9es, les adresses et les heures d&#039;ouverture des bureaux d&#039;immigration \/ autorit\u00e9s d&#039;immigration - dans le Bade-Wurtemberg.<\/strong><\/p>\n<h2><span id=\"Uebersicht_aller_Jobcenter_in_Baden-Wuerttemberg\" class=\"ez-toc-section\">Aper\u00e7u de tous les bureaux d&#039;immigration \/ autorit\u00e9s d&#039;immigration du Bade-Wurtemberg<\/span><\/h2>\n<ul>\n<li><a href=\"https:\/\/auslaenderaemter.com\/fr\/bureau-dimmigration-4\/\">se pr\u00e9lasser<\/a><\/li>\n<li><a href=\"https:\/\/auslaenderaemter.com\/fr\/bureau-dimmigration-albstadt\/\">Albstadt<\/a><\/li>\n<li><a href=\"https:\/\/auslaenderaemter.com\/fr\/bureau-dimmigration-altensteig\/\">Altensteig<\/a><\/li>\n<li><a href=\"https:\/\/auslaenderaemter.com\/fr\/bureau-dimmigration-backnang\/\">support<\/a><\/li>\n<li><a href=\"https:\/\/auslaenderaemter.com\/fr\/bureau-dimmigration-bad-rappenau\/\">Bad-Rappenau<\/a><\/li>\n<li><a href=\"https:\/\/auslaenderaemter.com\/fr\/bureau-dimmigration-bad-saulgau\/\">Bad Saulgau<\/a><\/li>\n<li><a href=\"https:\/\/auslaenderaemter.com\/fr\/bureau-dimmigration-bad-urach\/\">Bad Urach<\/a><\/li>\n<li><a href=\"https:\/\/auslaenderaemter.com\/fr\/bureau-dimmigration-baden-baden\/\">Baden-Baden<\/a><\/li>\n<li><a href=\"https:\/\/auslaenderaemter.com\/fr\/bureau-dimmigration-balingen\/\">Balingen<\/a><\/li>\n<li><a href=\"https:\/\/auslaenderaemter.com\/fr\/bureau-des-etrangers-biberach-an-der-riss\/\">Biberach sur le Riss<\/a><\/li>\n<li><a href=\"https:\/\/auslaenderaemter.com\/fr\/bureau-des-etrangers-bietigheim-bissingen\/\">Bietigheim-Bissingen<\/a><\/li>\n<li><a href=\"https:\/\/auslaenderaemter.com\/fr\/bureau-des-etrangers-blaubeuren\/\">Blaubeuren<\/a><\/li>\n<li><a href=\"https:\/\/auslaenderaemter.com\/fr\/bureau-dimmigration-boeblingen\/\">B\u00f6blingen<\/a><\/li>\n<li><a href=\"https:\/\/auslaenderaemter.com\/fr\/bureau-dimmigration-bruchsal\/\">Bruchsal<\/a><\/li>\n<li><a href=\"https:\/\/auslaenderaemter.com\/fr\/bureau-dimmigration-buehl\/\">B\u00fchl<\/a><\/li>\n<li><a href=\"https:\/\/auslaenderaemter.com\/fr\/bureau-dimmigration-calw\/\">Calw<\/a><\/li>\n<li><a href=\"https:\/\/auslaenderaemter.com\/fr\/office-de-limmigration-creglingen\/\">Creglingen<\/a><\/li>\n<li><a href=\"https:\/\/auslaenderaemter.com\/fr\/office-des-etrangers-dietenheim\/\">Dietenheim<\/a><\/li>\n<li><a href=\"https:\/\/auslaenderaemter.com\/fr\/bureau-dimmigration-donaueschingen\/\">Donaueschingen<\/a><\/li>\n<li><a href=\"https:\/\/auslaenderaemter.com\/fr\/bureau-dimmigration-ehingen\/\">les mariages<\/a><\/li>\n<li><a href=\"https:\/\/auslaenderaemter.com\/fr\/bureau-dimmigration-eislingen\/\">Eislingen<\/a><\/li>\n<li><a href=\"https:\/\/auslaenderaemter.com\/fr\/bureau-dimmigration-emmendingen\/\">Emmendingen<\/a><\/li>\n<li><a href=\"https:\/\/auslaenderaemter.com\/fr\/bureau-dimmigration-esslingen\/\">Esslingen\u00a0<\/a><\/li>\n<li><a href=\"https:\/\/auslaenderaemter.com\/fr\/bureau-dimmigration-ettlingen\/\">Ettlingen<\/a><\/li>\n<li><a href=\"https:\/\/auslaenderaemter.com\/fr\/bureau-dimmigration-fellbach\/\">Felbach<\/a><\/li>\n<li><a href=\"https:\/\/auslaenderaemter.com\/fr\/bureau-dimmigration-fribourg\/\">Fribourg<\/a><\/li>\n<li><a href=\"https:\/\/auslaenderaemter.com\/fr\/bureau-dimmigration-freudenstadt\/\">Freudenstadt<\/a><\/li>\n<li><a href=\"https:\/\/auslaenderaemter.com\/fr\/bureau-dimmigration-furtwangen-dans-la-foret-noire\/\">Furtwangen dans la For\u00eat Noire<\/a><\/li>\n<li><a href=\"https:\/\/auslaenderaemter.com\/fr\/bureau-dimmigration-gaggenau\/\">Gaggenau<\/a><\/li>\n<li><a href=\"https:\/\/auslaenderaemter.com\/fr\/bureau-dimmigration-gammertingen\/\">Gammertingen<\/a><\/li>\n<li><a href=\"https:\/\/auslaenderaemter.com\/fr\/bureau-des-etrangers-geislingen-an-der-steige\/\">Geislingen an der Steige<\/a><\/li>\n<li><a href=\"https:\/\/auslaenderaemter.com\/fr\/bureau-dimmigration-goeppingen\/\">G\u00f6ppingen<\/a><\/li>\n<li><a href=\"https:\/\/auslaenderaemter.com\/fr\/bureau-dimmigration-heibronn\/\">Heilbronn<\/a><\/li>\n<li><a href=\"https:\/\/auslaenderaemter.com\/fr\/bureau-dimmigration-heidelberg\/\">Heidelberg<\/a><\/li>\n<li><a href=\"https:\/\/auslaenderaemter.com\/fr\/bureau-des-etrangers-heidenheim-an-der-brenz\/\">Heidenheim an der Brenz<\/a><\/li>\n<li><a href=\"https:\/\/auslaenderaemter.com\/fr\/ministere-des-affaires-etrangeres-herbolzheim\/\">Herbolzheim<\/a><\/li>\n<li><a href=\"https:\/\/auslaenderaemter.com\/fr\/bureau-dimmigration-herrenberg\/\">Herrenberg<\/a><\/li>\n<li><a href=\"https:\/\/auslaenderaemter.com\/fr\/bureau-dimmigration-heubach\/\">Heubach<\/a><\/li>\n<li><a href=\"https:\/\/auslaenderaemter.com\/fr\/bureau-de-limmigration-hockenheim\/\">Hockenheim<\/a><\/li>\n<li><a href=\"https:\/\/auslaenderaemter.com\/fr\/bureau-dimmigration-horb-am-neckar\/\">Horb am Neckar<\/a><\/li>\n<li><a href=\"https:\/\/auslaenderaemter.com\/fr\/bureau-dimmigration-karlsruhe\/\">Karlsruhe<\/a><\/li>\n<li><a href=\"https:\/\/auslaenderaemter.com\/fr\/bureau-dimmigration-kehl\/\">gorge<\/a><\/li>\n<li><a href=\"https:\/\/auslaenderaemter.com\/fr\/bureau-des-etrangers-kirchheim-unter-teck\/\">Kirchheim unter Teck<\/a><\/li>\n<li><a href=\"https:\/\/auslaenderaemter.com\/fr\/bureau-dimmigration-constance\/\">constance<\/a><\/li>\n<li><a href=\"https:\/\/auslaenderaemter.com\/fr\/bureau-dimmigration-kornwestheim\/\">Kornwestheim<\/a><\/li>\n<li><a href=\"https:\/\/auslaenderaemter.com\/fr\/bureau-dimmigration-kuenzelsau\/\">K\u00fcnzelsau<\/a><\/li>\n<li><a href=\"https:\/\/auslaenderaemter.com\/fr\/bureau-des-etrangers-langenau\/\">Langenau<\/a><\/li>\n<li><a href=\"https:\/\/auslaenderaemter.com\/fr\/bureau-dimmigration-collage\/\">collage<\/a><\/li>\n<li><a href=\"https:\/\/auslaenderaemter.com\/fr\/bureau-dimmigration-leonberg\/\">L\u00e9onberg<\/a><\/li>\n<li><a href=\"https:\/\/auslaenderaemter.com\/fr\/bureau-dimmigration-lichtenau\/\">Lichtenau<\/a><\/li>\n<li><a href=\"https:\/\/auslaenderaemter.com\/fr\/bureau-dimmigration-loerrach\/\">L\u00f6rrach<\/a><\/li>\n<li><a href=\"https:\/\/auslaenderaemter.com\/fr\/bureau-dimmigration-ludwigsburg\/\">Ludwigsbourg<\/a><\/li>\n<li><a href=\"https:\/\/auslaenderaemter.com\/fr\/bureau-dimmigration-mannheim\/\">Manheim<\/a><\/li>\n<li><a href=\"https:\/\/auslaenderaemter.com\/fr\/bureau-des-etrangers-metzingen\/\">Metzingen<\/a><\/li>\n<li><a href=\"https:\/\/auslaenderaemter.com\/fr\/bureau-dimmigration-mosbach\/\">Mosbach<\/a><\/li>\n<li><a href=\"https:\/\/auslaenderaemter.com\/fr\/bureau-des-etrangers-moessingen\/\">moessingen<\/a><\/li>\n<li><a href=\"https:\/\/auslaenderaemter.com\/fr\/bureau-dimmigration-munderkingen\/\">Munderkingen<\/a><\/li>\n<li><a href=\"https:\/\/auslaenderaemter.com\/fr\/bureau-dimmigration-nuertingen\/\">N\u00fcrtingen<\/a><\/li>\n<li><a href=\"https:\/\/auslaenderaemter.com\/fr\/bureau-des-etrangers-oberkirch\/\">Oberkirch<\/a><\/li>\n<li><a href=\"https:\/\/auslaenderaemter.com\/fr\/bureau-dimmigration-offenburg\/\">Offenbourg<\/a><\/li>\n<li><a href=\"https:\/\/auslaenderaemter.com\/fr\/bureau-dimmigration-ostfildern\/\">Ostfilder<\/a><\/li>\n<li><a href=\"https:\/\/auslaenderaemter.com\/fr\/bureau-de-limmigration-pforzheim\/\">Pforzheim<\/a><\/li>\n<li><a href=\"https:\/\/auslaenderaemter.com\/fr\/bureau-dimmigration-radolfzell-am-bodensee\/\">Radolfzell sur le lac de Constance<\/a><\/li>\n<li><a href=\"https:\/\/auslaenderaemter.com\/fr\/bureau-dimmigration-rastatt\/\">Rastatt<\/a><\/li>\n<li><a href=\"https:\/\/auslaenderaemter.com\/fr\/bureau-dimmigration-ravensburg\/\">Ravensbourg<\/a><\/li>\n<li><a href=\"https:\/\/auslaenderaemter.com\/fr\/bureau-des-etrangers-reutlingen\/\">Reutlingen<\/a><\/li>\n<li><a href=\"https:\/\/auslaenderaemter.com\/fr\/bureau-dimmigration-rheinfelden\/\">Rheinfelden\u00a0<\/a><\/li>\n<li><a href=\"https:\/\/auslaenderaemter.com\/fr\/bureau-dimmigration-rheinstetten\/\">Rheinstetten<\/a><\/li>\n<li><a href=\"https:\/\/auslaenderaemter.com\/fr\/bureau-des-etrangers-rottweil\/\">Rottweil<\/a><\/li>\n<li><a href=\"https:\/\/auslaenderaemter.com\/fr\/bureau-dimmigration-schorndorf\/\">Schorndorf<\/a><\/li>\n<li><a href=\"https:\/\/auslaenderaemter.com\/fr\/bureau-dimmigration-schwaebisch-gmuend\/\">Schw\u00e4bisch Gmuend<\/a><\/li>\n<li><a href=\"https:\/\/auslaenderaemter.com\/fr\/bureau-dimmigration-schwaebisch-hall\/\">Salle Schw\u00e4bisch<\/a><\/li>\n<li><a href=\"https:\/\/auslaenderaemter.com\/fr\/office-des-etrangers-schwetzingen\/\">Schwetzingen<\/a><\/li>\n<li><a href=\"https:\/\/auslaenderaemter.com\/fr\/bureau-dimmigration-sigmaringen\/\">anneaux sigma<\/a><\/li>\n<li><a href=\"https:\/\/auslaenderaemter.com\/fr\/bureau-dimmigration-sindelfingen\/\">Sindelfingen<\/a><\/li>\n<li><a href=\"https:\/\/auslaenderaemter.com\/fr\/bureau-dimmigration-sinsheim\/\">Sinsheim<\/a><\/li>\n<li><a href=\"https:\/\/auslaenderaemter.com\/fr\/office-de-limmigration-stuttgart\/\">Stuttgart<\/a><\/li>\n<li><a href=\"https:\/\/auslaenderaemter.com\/fr\/bureau-des-etrangers-tauberbischofsheim\/\">Tauberbischofsheim<\/a><\/li>\n<li><a href=\"https:\/\/auslaenderaemter.com\/fr\/bureau-dimmigration-tuebingen\/\">tubingen<\/a><\/li>\n<li><a href=\"https:\/\/auslaenderaemter.com\/fr\/bureau-dimmigration-tuttlingen\/\">Tuttlingen<\/a><\/li>\n<li><a href=\"https:\/\/auslaenderaemter.com\/fr\/bureau-dimmigration-villingen-schwenningen\/\">Villingen-Schwenningen<\/a><\/li>\n<li><a href=\"https:\/\/auslaenderaemter.com\/fr\/bureau-dimmigration-waiblingen\/\">Waiblingen<\/a><\/li>\n<li><a href=\"https:\/\/auslaenderaemter.com\/fr\/bureau-dimmigration-waldshut-tiengen\/\">Waldshut-Tiengen<\/a><\/li>\n<li><a href=\"https:\/\/auslaenderaemter.com\/fr\/bureau-dimmigration-wangen-im-allgaeu\/\">Wangen dans l&#039;Allg\u00e4u<\/a><\/li>\n<li><a href=\"https:\/\/auslaenderaemter.com\/fr\/bureau-dimmigration-weil-am-rhein\/\">Parce que sur le Rhin<\/a><\/li>\n<li><a href=\"https:\/\/auslaenderaemter.com\/fr\/bureau-de-l-immigration-a-cause-de-la-ville\/\">A cause de la ville<\/a><\/li>\n<li><a href=\"https:\/\/auslaenderaemter.com\/fr\/bureau-dimmigration-weingarten\/\">vignoble<\/a><\/li>\n<li><a href=\"https:\/\/auslaenderaemter.com\/fr\/bureau-dimmigration-weinheim\/\">Weinheim<\/a><\/li>\n<li><a href=\"https:\/\/auslaenderaemter.com\/fr\/bureau-dimmigration-wertheim\/\">Wertheim<\/a><\/li>\n<li><a href=\"https:\/\/auslaenderaemter.com\/fr\/bureau-dimmigration-wiesloch\/\">Wiesloch<\/a><\/li>\n<\/ul>\n<h3>T\u00e2ches des autorit\u00e9s de l&#039;immigration<\/h3>\n<p>Les autorit\u00e9s de l&#039;immigration sont comp\u00e9tentes pour les mesures relatives au droit de s\u00e9jour et au droit des passeports. Ils d\u00e9cident conform\u00e9ment \u00e0 la loi sur la r\u00e9sidence et aux dispositions des autres lois sur l&#039;immigration.<\/p>\n<p><strong>Les autres t\u00e2ches et services sont\u00a0:<\/strong><\/p>\n<ul>\n<li>Titre de s\u00e9jour \u00e9lectronique (eAT)<\/li>\n<li>Personne de contact pour l&#039;aide aux r\u00e9fugi\u00e9s<\/li>\n<li>permis de travail<\/li>\n<li>entr\u00e9e\u00a0<span class=\"highlight\">et<\/span>\u00a0Se loger en Allemagne<\/li>\n<li>asile<\/li>\n<li>l&#039;int\u00e9gration<\/li>\n<li>d\u00e9claration d&#039;engagement<\/li>\n<\/ul>\n<h3>Rendez-vous \u00e0 l&#039;Office des \u00e9trangers<\/h3>\n<p>Dans la plupart des cas, vous pouvez prendre rendez-vous par t\u00e9l\u00e9phone, en utilisant le formulaire de contact ou via le portail de services de la ville concern\u00e9e. Assurez-vous d&#039;avoir tous les documents n\u00e9cessaires avant de vous rendre au bureau de l&#039;immigration.<\/p>\n<div class=\"su-note\"  style=\"border-color:#dadbdd;border-radius:2px;-moz-border-radius:2px;-webkit-border-radius:2px;\"><div class=\"su-note-inner su-u-clearfix su-u-trim\" style=\"background-color:#f4f5f7;border-color:#ffffff;color:#333333;border-radius:2px;-moz-border-radius:2px;-webkit-border-radius:2px;\"><strong>Un avis:<\/strong> Pour les offices, les autorit\u00e9s ou les tribunaux, vous avez g\u00e9n\u00e9ralement besoin des documents, certificats ou certificats comme <a href=\"https:\/\/auslaenderaemter.com\/fr\/traduction-certifiee-de-documents-officiels\/\">traduction certifi\u00e9e<\/a>.<\/div><\/div>\n<ul>\n<li>Avec un\u00a0<a href=\"https:\/\/auslaenderaemter.com\/fr\/declaration-dengagement\/\" data-wpel-link=\"internal\">d\u00e9claration d&#039;engagement<\/a>\u00a0vous pouvez autoriser les visiteurs \u00e9trangers \u00e0 entrer en Allemagne.<\/li>\n<li><strong>Vous attendez des visiteurs de l&#039;\u00e9tranger ?<\/strong>\u00a0Avec un\u00a0<a href=\"https:\/\/tidd.ly\/3u98xUL\" target=\"_blank\" rel=\"nofollow noopener external noreferrer\" data-wpel-link=\"external\">Assurance maladie de voyage pour les invit\u00e9s \u00e9trangers<\/a>* vous \u00eates enti\u00e8rement prot\u00e9g\u00e9 en Allemagne et en Europe.<\/li>\n<\/ul>\n<h3>Plus loin <span class=\"ez-toc-section\">les services de l&#039;immigration <\/span>liens et sources<\/h3>\n<ul>\n<li><a href=\"https:\/\/auslaenderaemter.com\/fr\/\">Bureaux d&#039;immigration en Allemagne<\/a><\/li>\n<li><a href=\"https:\/\/www.bamf.de\/DE\/Startseite\/startseite_node.html\" target=\"_blank\" rel=\"noopener nofollow external noreferrer\" data-wpel-link=\"external\">Office f\u00e9d\u00e9ral des migrations et des r\u00e9fugi\u00e9s<\/a>\u00a0(BAMF)<\/li>\n<\/ul>","protected":false},"excerpt":{"rendered":"<p>Vous trouverez ici les coordonn\u00e9es, les adresses et les horaires d&#039;ouverture des bureaux des \u00e9trangers et des services de migration du Bade-Wurtemberg. Aper\u00e7u de tous les \u00e9trangers \/ autorit\u00e9s d&#039;immigration du Bade-Wurtemberg Aalen Albstadt Altensteig Backnang Bad Rappenau Bad Urach Baden-Baden Balingen Biberach an der Ri\u00df Bietigheim-Bissingen Blaubeuren B\u00f6blingen Bruchsal B\u00fchl Calw Creglingen Donaueschingen Eatingen Eatingen Ettlingen Ettlingen Freiburg Freibenstadt Furtwangen ...&nbsp;<a href=\"https:\/\/auslaenderaemter.com\/fr\/bureaux-dimmigration-en-bade-wurtemberg\/\" rel=\"bookmark\">En savoir plus &quot;<span class=\"screen-reader-text\">Bureaux d&#039;immigration dans le Bade-Wurtemberg<\/span><\/a><\/p>","protected":false},"author":1,"featured_media":37,"parent":0,"menu_order":0,"comment_status":"closed","ping_status":"closed","template":"","meta":{"neve_meta_sidebar":"full-width","neve_meta_container":"","neve_meta_enable_content_width":"on","neve_meta_content_width":100,"neve_meta_title_alignment":"","neve_meta_author_avatar":"","neve_post_elements_order":"","neve_meta_disable_header":"","neve_meta_disable_footer":"","neve_meta_disable_title":"","neve_meta_reading_time":"","footnotes":""},"class_list":["post-39","page","type-page","status-publish","has-post-thumbnail","hentry"],"yoast_head":"<!-- This site is optimized with the Yoast SEO plugin v27.3 - https:\/\/yoast.com\/product\/yoast-seo-wordpress\/ -->\n<title>Ausl\u00e4nder\u00e4mter in Baden-W\u00fcrttemberg | Adressen und Anschrift<\/title>\n<meta name=\"description\" content=\"Ausl\u00e4nder\u00e4mter in Baden-W\u00fcrttemberg | Adresse und Anschrift \u2713 Telefonnummer, Kontakt und \u00d6ffnungszeiten \u2713 Ausl\u00e4nderbeh\u00f6rden\" \/>\n<meta name=\"robots\" content=\"index, follow, max-snippet:-1, max-image-preview:large, max-video-preview:-1\" \/>\n<link rel=\"canonical\" href=\"https:\/\/auslaenderaemter.com\/fr\/bureaux-dimmigration-en-bade-wurtemberg\/\" \/>\n<meta property=\"og:locale\" content=\"fr_FR\" \/>\n<meta property=\"og:type\" content=\"article\" \/>\n<meta property=\"og:title\" content=\"Ausl\u00e4nder\u00e4mter in Baden-W\u00fcrttemberg | Adressen und Anschrift\" \/>\n<meta property=\"og:description\" content=\"Ausl\u00e4nder\u00e4mter in Baden-W\u00fcrttemberg | Adresse und Anschrift \u2713 Telefonnummer, Kontakt und \u00d6ffnungszeiten \u2713 Ausl\u00e4nderbeh\u00f6rden\" \/>\n<meta property=\"og:url\" content=\"https:\/\/auslaenderaemter.com\/fr\/bureaux-dimmigration-en-bade-wurtemberg\/\" \/>\n<meta property=\"og:site_name\" content=\"auslaenderaemter.com\" \/>\n<meta property=\"article:modified_time\" content=\"2022-07-04T13:53:43+00:00\" \/>\n<meta property=\"og:image\" content=\"https:\/\/auslaenderaemter.com\/wp-content\/uploads\/2021\/01\/city-263069_640.jpg\" \/>\n\t<meta property=\"og:image:width\" content=\"640\" \/>\n\t<meta property=\"og:image:height\" content=\"480\" \/>\n\t<meta property=\"og:image:type\" content=\"image\/jpeg\" \/>\n<meta name=\"twitter:card\" content=\"summary_large_image\" \/>\n<meta name=\"twitter:label1\" content=\"Dur\u00e9e de lecture estim\u00e9e\" \/>\n\t<meta name=\"twitter:data1\" content=\"2 minutes\" \/>\n<script type=\"application\/ld+json\" class=\"yoast-schema-graph\">{\"@context\":\"https:\\\/\\\/schema.org\",\"@graph\":[{\"@type\":\"WebPage\",\"@id\":\"https:\\\/\\\/auslaenderaemter.com\\\/auslaenderaemter-in-baden-wuerttemberg\\\/\",\"url\":\"https:\\\/\\\/auslaenderaemter.com\\\/auslaenderaemter-in-baden-wuerttemberg\\\/\",\"name\":\"Ausl\u00e4nder\u00e4mter in Baden-W\u00fcrttemberg | Adressen und Anschrift\",\"isPartOf\":{\"@id\":\"https:\\\/\\\/auslaenderaemter.com\\\/#website\"},\"primaryImageOfPage\":{\"@id\":\"https:\\\/\\\/auslaenderaemter.com\\\/auslaenderaemter-in-baden-wuerttemberg\\\/#primaryimage\"},\"image\":{\"@id\":\"https:\\\/\\\/auslaenderaemter.com\\\/auslaenderaemter-in-baden-wuerttemberg\\\/#primaryimage\"},\"thumbnailUrl\":\"https:\\\/\\\/auslaenderaemter.com\\\/wp-content\\\/uploads\\\/2021\\\/01\\\/city-263069_640.jpg\",\"datePublished\":\"2021-01-26T13:24:33+00:00\",\"dateModified\":\"2022-07-04T13:53:43+00:00\",\"description\":\"Ausl\u00e4nder\u00e4mter in Baden-W\u00fcrttemberg | Adresse und Anschrift \u2713 Telefonnummer, Kontakt und \u00d6ffnungszeiten \u2713 Ausl\u00e4nderbeh\u00f6rden\",\"breadcrumb\":{\"@id\":\"https:\\\/\\\/auslaenderaemter.com\\\/auslaenderaemter-in-baden-wuerttemberg\\\/#breadcrumb\"},\"inLanguage\":\"fr-FR\",\"potentialAction\":[{\"@type\":\"ReadAction\",\"target\":[\"https:\\\/\\\/auslaenderaemter.com\\\/auslaenderaemter-in-baden-wuerttemberg\\\/\"]}]},{\"@type\":\"ImageObject\",\"inLanguage\":\"fr-FR\",\"@id\":\"https:\\\/\\\/auslaenderaemter.com\\\/auslaenderaemter-in-baden-wuerttemberg\\\/#primaryimage\",\"url\":\"https:\\\/\\\/auslaenderaemter.com\\\/wp-content\\\/uploads\\\/2021\\\/01\\\/city-263069_640.jpg\",\"contentUrl\":\"https:\\\/\\\/auslaenderaemter.com\\\/wp-content\\\/uploads\\\/2021\\\/01\\\/city-263069_640.jpg\",\"width\":640,\"height\":480,\"caption\":\"Ausl\u00e4nder\u00e4mter in Deutschland\"},{\"@type\":\"BreadcrumbList\",\"@id\":\"https:\\\/\\\/auslaenderaemter.com\\\/auslaenderaemter-in-baden-wuerttemberg\\\/#breadcrumb\",\"itemListElement\":[{\"@type\":\"ListItem\",\"position\":1,\"name\":\"Startseite\",\"item\":\"https:\\\/\\\/auslaenderaemter.com\\\/\"},{\"@type\":\"ListItem\",\"position\":2,\"name\":\"Ausl\u00e4nder\u00e4mter in Baden-W\u00fcrttemberg\"}]},{\"@type\":\"WebSite\",\"@id\":\"https:\\\/\\\/auslaenderaemter.com\\\/#website\",\"url\":\"https:\\\/\\\/auslaenderaemter.com\\\/\",\"name\":\"auslaenderaemter.com\",\"description\":\"\",\"publisher\":{\"@id\":\"https:\\\/\\\/auslaenderaemter.com\\\/#organization\"},\"potentialAction\":[{\"@type\":\"SearchAction\",\"target\":{\"@type\":\"EntryPoint\",\"urlTemplate\":\"https:\\\/\\\/auslaenderaemter.com\\\/?s={search_term_string}\"},\"query-input\":{\"@type\":\"PropertyValueSpecification\",\"valueRequired\":true,\"valueName\":\"search_term_string\"}}],\"inLanguage\":\"fr-FR\"},{\"@type\":\"Organization\",\"@id\":\"https:\\\/\\\/auslaenderaemter.com\\\/#organization\",\"name\":\"auslaenderaemter.com\",\"url\":\"https:\\\/\\\/auslaenderaemter.com\\\/\",\"logo\":{\"@type\":\"ImageObject\",\"inLanguage\":\"fr-FR\",\"@id\":\"https:\\\/\\\/auslaenderaemter.com\\\/#\\\/schema\\\/logo\\\/image\\\/\",\"url\":\"https:\\\/\\\/auslaenderaemter.com\\\/wp-content\\\/uploads\\\/2021\\\/01\\\/cropped-Vollmond-info-13.png\",\"contentUrl\":\"https:\\\/\\\/auslaenderaemter.com\\\/wp-content\\\/uploads\\\/2021\\\/01\\\/cropped-Vollmond-info-13.png\",\"width\":500,\"height\":117,\"caption\":\"auslaenderaemter.com\"},\"image\":{\"@id\":\"https:\\\/\\\/auslaenderaemter.com\\\/#\\\/schema\\\/logo\\\/image\\\/\"}}]}<\/script>\n<!-- \/ Yoast SEO plugin. -->","yoast_head_json":{"title":"Bureaux d&#039;immigration dans le Bade-Wurtemberg | adresses et adresse","description":"Bureaux d&#039;immigration dans le Bade-Wurtemberg | Adresse et adresse \u2713 Num\u00e9ro de t\u00e9l\u00e9phone, contact et heures d&#039;ouverture \u2713 Autorit\u00e9s de l&#039;immigration","robots":{"index":"index","follow":"follow","max-snippet":"max-snippet:-1","max-image-preview":"max-image-preview:large","max-video-preview":"max-video-preview:-1"},"canonical":"https:\/\/auslaenderaemter.com\/fr\/bureaux-dimmigration-en-bade-wurtemberg\/","og_locale":"fr_FR","og_type":"article","og_title":"Ausl\u00e4nder\u00e4mter in Baden-W\u00fcrttemberg | Adressen und Anschrift","og_description":"Ausl\u00e4nder\u00e4mter in Baden-W\u00fcrttemberg | Adresse und Anschrift \u2713 Telefonnummer, Kontakt und \u00d6ffnungszeiten \u2713 Ausl\u00e4nderbeh\u00f6rden","og_url":"https:\/\/auslaenderaemter.com\/fr\/bureaux-dimmigration-en-bade-wurtemberg\/","og_site_name":"auslaenderaemter.com","article_modified_time":"2022-07-04T13:53:43+00:00","og_image":[{"width":640,"height":480,"url":"https:\/\/auslaenderaemter.com\/wp-content\/uploads\/2021\/01\/city-263069_640.jpg","type":"image\/jpeg"}],"twitter_card":"summary_large_image","twitter_misc":{"Dur\u00e9e de lecture estim\u00e9e":"2 minutes"},"schema":{"@context":"https:\/\/schema.org","@graph":[{"@type":"WebPage","@id":"https:\/\/auslaenderaemter.com\/auslaenderaemter-in-baden-wuerttemberg\/","url":"https:\/\/auslaenderaemter.com\/auslaenderaemter-in-baden-wuerttemberg\/","name":"Bureaux d&#039;immigration dans le Bade-Wurtemberg | adresses et adresse","isPartOf":{"@id":"https:\/\/auslaenderaemter.com\/#website"},"primaryImageOfPage":{"@id":"https:\/\/auslaenderaemter.com\/auslaenderaemter-in-baden-wuerttemberg\/#primaryimage"},"image":{"@id":"https:\/\/auslaenderaemter.com\/auslaenderaemter-in-baden-wuerttemberg\/#primaryimage"},"thumbnailUrl":"https:\/\/auslaenderaemter.com\/wp-content\/uploads\/2021\/01\/city-263069_640.jpg","datePublished":"2021-01-26T13:24:33+00:00","dateModified":"2022-07-04T13:53:43+00:00","description":"Bureaux d&#039;immigration dans le Bade-Wurtemberg | Adresse et adresse \u2713 Num\u00e9ro de t\u00e9l\u00e9phone, contact et heures d&#039;ouverture \u2713 Autorit\u00e9s de l&#039;immigration","breadcrumb":{"@id":"https:\/\/auslaenderaemter.com\/auslaenderaemter-in-baden-wuerttemberg\/#breadcrumb"},"inLanguage":"fr-FR","potentialAction":[{"@type":"ReadAction","target":["https:\/\/auslaenderaemter.com\/auslaenderaemter-in-baden-wuerttemberg\/"]}]},{"@type":"ImageObject","inLanguage":"fr-FR","@id":"https:\/\/auslaenderaemter.com\/auslaenderaemter-in-baden-wuerttemberg\/#primaryimage","url":"https:\/\/auslaenderaemter.com\/wp-content\/uploads\/2021\/01\/city-263069_640.jpg","contentUrl":"https:\/\/auslaenderaemter.com\/wp-content\/uploads\/2021\/01\/city-263069_640.jpg","width":640,"height":480,"caption":"Ausl\u00e4nder\u00e4mter in Deutschland"},{"@type":"BreadcrumbList","@id":"https:\/\/auslaenderaemter.com\/auslaenderaemter-in-baden-wuerttemberg\/#breadcrumb","itemListElement":[{"@type":"ListItem","position":1,"name":"Startseite","item":"https:\/\/auslaenderaemter.com\/"},{"@type":"ListItem","position":2,"name":"Ausl\u00e4nder\u00e4mter in Baden-W\u00fcrttemberg"}]},{"@type":"WebSite","@id":"https:\/\/auslaenderaemter.com\/#website","url":"https:\/\/auslaenderaemter.com\/","name":"auslaenderaemter.com","description":"","publisher":{"@id":"https:\/\/auslaenderaemter.com\/#organization"},"potentialAction":[{"@type":"SearchAction","target":{"@type":"EntryPoint","urlTemplate":"https:\/\/auslaenderaemter.com\/?s={search_term_string}"},"query-input":{"@type":"PropertyValueSpecification","valueRequired":true,"valueName":"search_term_string"}}],"inLanguage":"fr-FR"},{"@type":"Organization","@id":"https:\/\/auslaenderaemter.com\/#organization","name":"auslaenderaemter.com","url":"https:\/\/auslaenderaemter.com\/","logo":{"@type":"ImageObject","inLanguage":"fr-FR","@id":"https:\/\/auslaenderaemter.com\/#\/schema\/logo\/image\/","url":"https:\/\/auslaenderaemter.com\/wp-content\/uploads\/2021\/01\/cropped-Vollmond-info-13.png","contentUrl":"https:\/\/auslaenderaemter.com\/wp-content\/uploads\/2021\/01\/cropped-Vollmond-info-13.png","width":500,"height":117,"caption":"auslaenderaemter.com"},"image":{"@id":"https:\/\/auslaenderaemter.com\/#\/schema\/logo\/image\/"}}]}},"_links":{"self":[{"href":"https:\/\/auslaenderaemter.com\/fr\/wp-json\/wp\/v2\/pages\/39","targetHints":{"allow":["GET"]}}],"collection":[{"href":"https:\/\/auslaenderaemter.com\/fr\/wp-json\/wp\/v2\/pages"}],"about":[{"href":"https:\/\/auslaenderaemter.com\/fr\/wp-json\/wp\/v2\/types\/page"}],"author":[{"embeddable":true,"href":"https:\/\/auslaenderaemter.com\/fr\/wp-json\/wp\/v2\/users\/1"}],"replies":[{"embeddable":true,"href":"https:\/\/auslaenderaemter.com\/fr\/wp-json\/wp\/v2\/comments?post=39"}],"version-history":[{"count":0,"href":"https:\/\/auslaenderaemter.com\/fr\/wp-json\/wp\/v2\/pages\/39\/revisions"}],"wp:featuredmedia":[{"embeddable":true,"href":"https:\/\/auslaenderaemter.com\/fr\/wp-json\/wp\/v2\/media\/37"}],"wp:attachment":[{"href":"https:\/\/auslaenderaemter.com\/fr\/wp-json\/wp\/v2\/media?parent=39"}],"curies":[{"name":"wp","href":"https:\/\/api.w.org\/{rel}","templated":true}]}}