{"id":4036,"date":"2023-06-12T16:26:59","date_gmt":"2023-06-12T14:26:59","guid":{"rendered":"https:\/\/auslaenderaemter.com\/?page_id=4036"},"modified":"2023-06-12T16:26:59","modified_gmt":"2023-06-12T14:26:59","slug":"aufenthaltskarte-eu","status":"publish","type":"page","link":"https:\/\/auslaenderaemter.com\/fr\/carte-de-sejour-ue\/","title":{"rendered":"Carte de s\u00e9jour UE"},"content":{"rendered":"<p>La carte de s\u00e9jour de l&#039;UE est un \u00e9l\u00e9ment important du cadre juridique de l&#039;Union europ\u00e9enne qui permet aux membres de la famille des citoyens de l&#039;UE de vivre et de travailler dans l&#039;UE. Cet article explique l&#039;importance de la carte de s\u00e9jour de l&#039;UE, les conditions pour l&#039;obtenir et la proc\u00e9dure pour en faire la demande.<\/p>\n<h2>Qu&#039;est-ce que la carte de s\u00e9jour UE ?<\/h2>\n<p>La carte de s\u00e9jour de l&#039;UE est un document d&#039;identit\u00e9 d\u00e9livr\u00e9 aux citoyens non europ\u00e9ens qui sont des membres de la famille de citoyens de l&#039;UE vivant avec eux dans un autre pays de l&#039;UE. Il confirme le droit du titulaire de vivre et de travailler dans le pays de l&#039;UE o\u00f9 r\u00e9side le citoyen de l&#039;UE. La carte de s\u00e9jour est normalement valable cinq ans.<\/p>\n<h2>Conditions pour la carte de s\u00e9jour UE<\/h2>\n<p>Pour obtenir une carte de s\u00e9jour UE, certaines conditions doivent \u00eatre remplies :<\/p>\n<ol>\n<li><strong>relation familiale:<\/strong> Le demandeur doit \u00eatre un membre de la famille d&#039;un citoyen de l&#039;UE. Cela inclut g\u00e9n\u00e9ralement les conjoints, les partenaires enregistr\u00e9s, les enfants de moins de 21 ans et les membres de la famille \u00e0 charge, y compris les parents et les grands-parents.<\/li>\n<li><strong>R\u00e9sidence dans un pays de l&#039;UE :<\/strong> Le citoyen de l&#039;UE avec lequel il existe un lien familial doit r\u00e9sider dans un pays de l&#039;UE qui n&#039;est pas son pays d&#039;origine. Le demandeur doit vivre ou avoir l&#039;intention de vivre avec le citoyen de l&#039;UE dans ce pays.<\/li>\n<li><strong>Preuve de relation :<\/strong> Selon le pays et les exigences sp\u00e9cifiques, il peut vous \u00eatre demand\u00e9 de prouver le lien de parent\u00e9 avec des documents tels que des certificats de mariage, des certificats de naissance ou des documents similaires.<\/li>\n<\/ol>\n<p>Veuillez noter que les exigences exactes peuvent varier selon le pays de l&#039;UE.<\/p>\n<h2>Proc\u00e9dure de demande de carte de s\u00e9jour UE<\/h2>\n<p>Le processus de demande de carte de s\u00e9jour de l&#039;UE commence g\u00e9n\u00e9ralement par les autorit\u00e9s d&#039;immigration du pays de l&#039;UE o\u00f9 r\u00e9side le citoyen de l&#039;UE. Le demandeur doit remplir une demande et fournir tous les documents requis prouvant la conformit\u00e9 aux exigences ci-dessus.<\/p>\n<p>Les autorit\u00e9s examinent ensuite la demande et prennent une d\u00e9cision. Si la d\u00e9cision est positive, le demandeur se verra d\u00e9livrer une carte de s\u00e9jour de l&#039;UE. En cas de refus, le demandeur peut avoir le droit de faire appel ou de soumettre \u00e0 nouveau sa demande \u00e0 une date ult\u00e9rieure.<\/p>\n<h2>Conclusion<\/h2>\n<p>La carte de s\u00e9jour de l&#039;UE est un outil important qui permet aux membres de la famille des citoyens de l&#039;UE de vivre et de travailler ensemble dans l&#039;UE. Il assure la s\u00e9curit\u00e9 et la stabilit\u00e9 des personnes qui se d\u00e9placent au sein de l&#039;UE avec leur famille et contribue \u00e0 promouvoir la libre circulation au sein de l&#039;UE, pierre angulaire du droit de l&#039;UE. Bien que la proc\u00e9dure puisse \u00eatre exigeante, la carte de s\u00e9jour de l&#039;UE offre une opportunit\u00e9 importante pour les familles de vivre ensemble et de profiter des avantages de la vie dans l&#039;UE.<\/p>\n<h3>Plus loin<span class=\"ez-toc-section\">\u00a0<\/span>liens et sources<\/h3>\n<ul>\n<li><a href=\"https:\/\/service.berlin.de\/dienstleistung\/324282\/\" target=\"_blank\" rel=\"noopener\">Carte de s\u00e9jour pour les membres de la famille des citoyens de l&#039;UE<\/a> \u2013 service.berlin.de<\/li>\n<li><a href=\"https:\/\/auslaenderaemter.com\/fr\/certificat-de-fiction\/\" target=\"_self\" rel=\"follow noopener noreferrer\" data-wpel-link=\"internal\">certificat de fiction<\/a><\/li>\n<\/ul>","protected":false},"excerpt":{"rendered":"<p>La carte de s\u00e9jour europ\u00e9enne est un \u00e9l\u00e9ment important du cadre juridique de l&#039;Union europ\u00e9enne qui permet aux membres de la famille des citoyens europ\u00e9ens de vivre et de travailler dans l&#039;UE. Cet article met en lumi\u00e8re la signification de la carte de s\u00e9jour europ\u00e9enne, les conditions pour l&#039;obtenir et la proc\u00e9dure pour en faire la demande. Qu&#039;est-ce que la carte de s\u00e9jour europ\u00e9enne ? La carte de s\u00e9jour europ\u00e9enne est un\u2026&nbsp;<a href=\"https:\/\/auslaenderaemter.com\/fr\/carte-de-sejour-ue\/\" rel=\"bookmark\">En savoir plus &quot;<span class=\"screen-reader-text\">Carte de s\u00e9jour UE<\/span><\/a><\/p>","protected":false},"author":1,"featured_media":9,"parent":0,"menu_order":0,"comment_status":"closed","ping_status":"closed","template":"","meta":{"neve_meta_sidebar":"","neve_meta_container":"","neve_meta_enable_content_width":"off","neve_meta_content_width":100,"neve_meta_title_alignment":"","neve_meta_author_avatar":"","neve_post_elements_order":"","neve_meta_disable_header":"","neve_meta_disable_footer":"","neve_meta_disable_title":"","neve_meta_reading_time":"","footnotes":""},"class_list":["post-4036","page","type-page","status-publish","has-post-thumbnail","hentry"],"yoast_head":"<!-- This site is optimized with the Yoast SEO plugin v27.4 - https:\/\/yoast.com\/product\/yoast-seo-wordpress\/ -->\n<title>Aufenthaltskarte EU - auslaenderaemter.com<\/title>\n<meta name=\"description\" content=\"Ein umfassender Leitfaden zur Aufenthaltskarte EU: Erl\u00e4uterung ihrer Bedeutung, Erl\u00e4uterung der Anforderungen und des Antragsverfahrens\" \/>\n<meta name=\"robots\" content=\"index, follow, max-snippet:-1, max-image-preview:large, max-video-preview:-1\" \/>\n<link rel=\"canonical\" href=\"https:\/\/auslaenderaemter.com\/fr\/carte-de-sejour-ue\/\" \/>\n<meta property=\"og:locale\" content=\"fr_FR\" \/>\n<meta property=\"og:type\" content=\"article\" \/>\n<meta property=\"og:title\" content=\"Aufenthaltskarte EU - auslaenderaemter.com\" \/>\n<meta property=\"og:description\" content=\"Ein umfassender Leitfaden zur Aufenthaltskarte EU: Erl\u00e4uterung ihrer Bedeutung, Erl\u00e4uterung der Anforderungen und des Antragsverfahrens\" \/>\n<meta property=\"og:url\" content=\"https:\/\/auslaenderaemter.com\/fr\/carte-de-sejour-ue\/\" \/>\n<meta property=\"og:site_name\" content=\"auslaenderaemter.com\" \/>\n<meta property=\"og:image\" content=\"https:\/\/auslaenderaemter.com\/wp-content\/uploads\/2021\/01\/Vollmond-info-13.png\" \/>\n\t<meta property=\"og:image:width\" content=\"500\" \/>\n\t<meta property=\"og:image:height\" content=\"500\" \/>\n\t<meta property=\"og:image:type\" content=\"image\/png\" \/>\n<meta name=\"twitter:card\" content=\"summary_large_image\" \/>\n<meta name=\"twitter:label1\" content=\"Dur\u00e9e de lecture estim\u00e9e\" \/>\n\t<meta name=\"twitter:data1\" content=\"3 minutes\" \/>\n<script type=\"application\/ld+json\" class=\"yoast-schema-graph\">{\"@context\":\"https:\\\/\\\/schema.org\",\"@graph\":[{\"@type\":\"WebPage\",\"@id\":\"https:\\\/\\\/auslaenderaemter.com\\\/aufenthaltskarte-eu\\\/\",\"url\":\"https:\\\/\\\/auslaenderaemter.com\\\/aufenthaltskarte-eu\\\/\",\"name\":\"Aufenthaltskarte EU - auslaenderaemter.com\",\"isPartOf\":{\"@id\":\"https:\\\/\\\/auslaenderaemter.com\\\/#website\"},\"primaryImageOfPage\":{\"@id\":\"https:\\\/\\\/auslaenderaemter.com\\\/aufenthaltskarte-eu\\\/#primaryimage\"},\"image\":{\"@id\":\"https:\\\/\\\/auslaenderaemter.com\\\/aufenthaltskarte-eu\\\/#primaryimage\"},\"thumbnailUrl\":\"https:\\\/\\\/auslaenderaemter.com\\\/wp-content\\\/uploads\\\/2021\\\/01\\\/Vollmond-info-13.png\",\"datePublished\":\"2023-06-12T14:26:59+00:00\",\"description\":\"Ein umfassender Leitfaden zur Aufenthaltskarte EU: Erl\u00e4uterung ihrer Bedeutung, Erl\u00e4uterung der Anforderungen und des Antragsverfahrens\",\"breadcrumb\":{\"@id\":\"https:\\\/\\\/auslaenderaemter.com\\\/aufenthaltskarte-eu\\\/#breadcrumb\"},\"inLanguage\":\"fr-FR\",\"potentialAction\":[{\"@type\":\"ReadAction\",\"target\":[\"https:\\\/\\\/auslaenderaemter.com\\\/aufenthaltskarte-eu\\\/\"]}]},{\"@type\":\"ImageObject\",\"inLanguage\":\"fr-FR\",\"@id\":\"https:\\\/\\\/auslaenderaemter.com\\\/aufenthaltskarte-eu\\\/#primaryimage\",\"url\":\"https:\\\/\\\/auslaenderaemter.com\\\/wp-content\\\/uploads\\\/2021\\\/01\\\/Vollmond-info-13.png\",\"contentUrl\":\"https:\\\/\\\/auslaenderaemter.com\\\/wp-content\\\/uploads\\\/2021\\\/01\\\/Vollmond-info-13.png\",\"width\":500,\"height\":500,\"caption\":\"Abschiebung\"},{\"@type\":\"BreadcrumbList\",\"@id\":\"https:\\\/\\\/auslaenderaemter.com\\\/aufenthaltskarte-eu\\\/#breadcrumb\",\"itemListElement\":[{\"@type\":\"ListItem\",\"position\":1,\"name\":\"Startseite\",\"item\":\"https:\\\/\\\/auslaenderaemter.com\\\/\"},{\"@type\":\"ListItem\",\"position\":2,\"name\":\"Aufenthaltskarte EU\"}]},{\"@type\":\"WebSite\",\"@id\":\"https:\\\/\\\/auslaenderaemter.com\\\/#website\",\"url\":\"https:\\\/\\\/auslaenderaemter.com\\\/\",\"name\":\"auslaenderaemter.com\",\"description\":\"\",\"publisher\":{\"@id\":\"https:\\\/\\\/auslaenderaemter.com\\\/#organization\"},\"potentialAction\":[{\"@type\":\"SearchAction\",\"target\":{\"@type\":\"EntryPoint\",\"urlTemplate\":\"https:\\\/\\\/auslaenderaemter.com\\\/?s={search_term_string}\"},\"query-input\":{\"@type\":\"PropertyValueSpecification\",\"valueRequired\":true,\"valueName\":\"search_term_string\"}}],\"inLanguage\":\"fr-FR\"},{\"@type\":\"Organization\",\"@id\":\"https:\\\/\\\/auslaenderaemter.com\\\/#organization\",\"name\":\"auslaenderaemter.com\",\"url\":\"https:\\\/\\\/auslaenderaemter.com\\\/\",\"logo\":{\"@type\":\"ImageObject\",\"inLanguage\":\"fr-FR\",\"@id\":\"https:\\\/\\\/auslaenderaemter.com\\\/#\\\/schema\\\/logo\\\/image\\\/\",\"url\":\"https:\\\/\\\/auslaenderaemter.com\\\/wp-content\\\/uploads\\\/2021\\\/01\\\/cropped-Vollmond-info-13.png\",\"contentUrl\":\"https:\\\/\\\/auslaenderaemter.com\\\/wp-content\\\/uploads\\\/2021\\\/01\\\/cropped-Vollmond-info-13.png\",\"width\":500,\"height\":117,\"caption\":\"auslaenderaemter.com\"},\"image\":{\"@id\":\"https:\\\/\\\/auslaenderaemter.com\\\/#\\\/schema\\\/logo\\\/image\\\/\"}}]}<\/script>\n<!-- \/ Yoast SEO plugin. -->","yoast_head_json":{"title":"Carte de s\u00e9jour UE - auslaenderaemter.com","description":"Un guide complet sur la carte de s\u00e9jour de l&#039;UE\u00a0: expliquer ce que cela signifie, expliquer les exigences et comment postuler","robots":{"index":"index","follow":"follow","max-snippet":"max-snippet:-1","max-image-preview":"max-image-preview:large","max-video-preview":"max-video-preview:-1"},"canonical":"https:\/\/auslaenderaemter.com\/fr\/carte-de-sejour-ue\/","og_locale":"fr_FR","og_type":"article","og_title":"Aufenthaltskarte EU - auslaenderaemter.com","og_description":"Ein umfassender Leitfaden zur Aufenthaltskarte EU: Erl\u00e4uterung ihrer Bedeutung, Erl\u00e4uterung der Anforderungen und des Antragsverfahrens","og_url":"https:\/\/auslaenderaemter.com\/fr\/carte-de-sejour-ue\/","og_site_name":"auslaenderaemter.com","og_image":[{"width":500,"height":500,"url":"https:\/\/auslaenderaemter.com\/wp-content\/uploads\/2021\/01\/Vollmond-info-13.png","type":"image\/png"}],"twitter_card":"summary_large_image","twitter_misc":{"Dur\u00e9e de lecture estim\u00e9e":"3 minutes"},"schema":{"@context":"https:\/\/schema.org","@graph":[{"@type":"WebPage","@id":"https:\/\/auslaenderaemter.com\/aufenthaltskarte-eu\/","url":"https:\/\/auslaenderaemter.com\/aufenthaltskarte-eu\/","name":"Carte de s\u00e9jour UE - auslaenderaemter.com","isPartOf":{"@id":"https:\/\/auslaenderaemter.com\/#website"},"primaryImageOfPage":{"@id":"https:\/\/auslaenderaemter.com\/aufenthaltskarte-eu\/#primaryimage"},"image":{"@id":"https:\/\/auslaenderaemter.com\/aufenthaltskarte-eu\/#primaryimage"},"thumbnailUrl":"https:\/\/auslaenderaemter.com\/wp-content\/uploads\/2021\/01\/Vollmond-info-13.png","datePublished":"2023-06-12T14:26:59+00:00","description":"Un guide complet sur la carte de s\u00e9jour de l&#039;UE\u00a0: expliquer ce que cela signifie, expliquer les exigences et comment postuler","breadcrumb":{"@id":"https:\/\/auslaenderaemter.com\/aufenthaltskarte-eu\/#breadcrumb"},"inLanguage":"fr-FR","potentialAction":[{"@type":"ReadAction","target":["https:\/\/auslaenderaemter.com\/aufenthaltskarte-eu\/"]}]},{"@type":"ImageObject","inLanguage":"fr-FR","@id":"https:\/\/auslaenderaemter.com\/aufenthaltskarte-eu\/#primaryimage","url":"https:\/\/auslaenderaemter.com\/wp-content\/uploads\/2021\/01\/Vollmond-info-13.png","contentUrl":"https:\/\/auslaenderaemter.com\/wp-content\/uploads\/2021\/01\/Vollmond-info-13.png","width":500,"height":500,"caption":"Abschiebung"},{"@type":"BreadcrumbList","@id":"https:\/\/auslaenderaemter.com\/aufenthaltskarte-eu\/#breadcrumb","itemListElement":[{"@type":"ListItem","position":1,"name":"Startseite","item":"https:\/\/auslaenderaemter.com\/"},{"@type":"ListItem","position":2,"name":"Aufenthaltskarte EU"}]},{"@type":"WebSite","@id":"https:\/\/auslaenderaemter.com\/#website","url":"https:\/\/auslaenderaemter.com\/","name":"auslaenderaemter.com","description":"","publisher":{"@id":"https:\/\/auslaenderaemter.com\/#organization"},"potentialAction":[{"@type":"SearchAction","target":{"@type":"EntryPoint","urlTemplate":"https:\/\/auslaenderaemter.com\/?s={search_term_string}"},"query-input":{"@type":"PropertyValueSpecification","valueRequired":true,"valueName":"search_term_string"}}],"inLanguage":"fr-FR"},{"@type":"Organization","@id":"https:\/\/auslaenderaemter.com\/#organization","name":"auslaenderaemter.com","url":"https:\/\/auslaenderaemter.com\/","logo":{"@type":"ImageObject","inLanguage":"fr-FR","@id":"https:\/\/auslaenderaemter.com\/#\/schema\/logo\/image\/","url":"https:\/\/auslaenderaemter.com\/wp-content\/uploads\/2021\/01\/cropped-Vollmond-info-13.png","contentUrl":"https:\/\/auslaenderaemter.com\/wp-content\/uploads\/2021\/01\/cropped-Vollmond-info-13.png","width":500,"height":117,"caption":"auslaenderaemter.com"},"image":{"@id":"https:\/\/auslaenderaemter.com\/#\/schema\/logo\/image\/"}}]}},"_links":{"self":[{"href":"https:\/\/auslaenderaemter.com\/fr\/wp-json\/wp\/v2\/pages\/4036","targetHints":{"allow":["GET"]}}],"collection":[{"href":"https:\/\/auslaenderaemter.com\/fr\/wp-json\/wp\/v2\/pages"}],"about":[{"href":"https:\/\/auslaenderaemter.com\/fr\/wp-json\/wp\/v2\/types\/page"}],"author":[{"embeddable":true,"href":"https:\/\/auslaenderaemter.com\/fr\/wp-json\/wp\/v2\/users\/1"}],"replies":[{"embeddable":true,"href":"https:\/\/auslaenderaemter.com\/fr\/wp-json\/wp\/v2\/comments?post=4036"}],"version-history":[{"count":0,"href":"https:\/\/auslaenderaemter.com\/fr\/wp-json\/wp\/v2\/pages\/4036\/revisions"}],"wp:featuredmedia":[{"embeddable":true,"href":"https:\/\/auslaenderaemter.com\/fr\/wp-json\/wp\/v2\/media\/9"}],"wp:attachment":[{"href":"https:\/\/auslaenderaemter.com\/fr\/wp-json\/wp\/v2\/media?parent=4036"}],"curies":[{"name":"wp","href":"https:\/\/api.w.org\/{rel}","templated":true}]}}