{"id":4039,"date":"2023-06-12T16:23:02","date_gmt":"2023-06-12T14:23:02","guid":{"rendered":"https:\/\/auslaenderaemter.com\/?page_id=4039"},"modified":"2023-06-12T16:23:02","modified_gmt":"2023-06-12T14:23:02","slug":"niederlassungserlaubnis","status":"publish","type":"page","link":"https:\/\/auslaenderaemter.com\/fr\/permis-de-sejour-permanent\/","title":{"rendered":"permis de s\u00e9jour permanent"},"content":{"rendered":"<p>Le permis d&#039;\u00e9tablissement est un permis de s\u00e9jour permanent d\u00e9livr\u00e9 par les autorit\u00e9s allemandes et donne aux citoyens \u00e9trangers le droit de vivre et de travailler en Allemagne ind\u00e9finiment et sans restrictions.<\/p>\n<h2>Importance du permis d&#039;\u00e9tablissement<\/h2>\n<p>Le permis d&#039;\u00e9tablissement repr\u00e9sente le statut le plus \u00e9lev\u00e9 qu&#039;un citoyen \u00e9tranger puisse acqu\u00e9rir en Allemagne et offre de nombreux avantages. Il est illimit\u00e9 et donne \u00e0 son titulaire le droit d&#039;exercer tout type de travail en Allemagne. En outre, il donne \u00e9galement le droit de voyager dans d&#039;autres pays Schengen sans avoir besoin de visas ou de permis de s\u00e9jour suppl\u00e9mentaires.<\/p>\n<h2>Exigences pour le permis d&#039;\u00e9tablissement<\/h2>\n<p>Divers crit\u00e8res doivent \u00eatre remplis pour obtenir un permis d&#039;\u00e9tablissement en Allemagne. G\u00e9n\u00e9ralement, ceux-ci comprennent :<\/p>\n<ol>\n<li><strong>Preuve d&#039;un moyen de subsistance s\u00fbr:<\/strong> Le demandeur doit \u00eatre en mesure de subvenir \u00e0 ses besoins et \u00e0 ceux des membres de sa famille \u00e0 charge sans recevoir d&#039;aide sociale ni d&#039;allocations de ch\u00f4mage.<\/li>\n<li><strong>Permis de s\u00e9jour de cinq ans :<\/strong> Le demandeur doit avoir un permis de s\u00e9jour depuis cinq ans. Cependant, il existe des exceptions pour les professionnels hautement qualifi\u00e9s et les ind\u00e9pendants, o\u00f9 le d\u00e9lai peut \u00eatre r\u00e9duit.<\/li>\n<li><strong>Preuve d&#039;une connaissance suffisante de l&#039;allemand :<\/strong> En r\u00e8gle g\u00e9n\u00e9rale, un niveau B1 selon le Cadre europ\u00e9en commun de r\u00e9f\u00e9rence pour les langues (CECRL) est requis.<\/li>\n<li><strong>Salon:<\/strong> Le demandeur doit disposer d&#039;un espace de vie suffisant pour lui-m\u00eame et sa famille.<\/li>\n<li><strong>Cotisation \u00e0 l&#039;assurance retraite :<\/strong> En r\u00e8gle g\u00e9n\u00e9rale, le demandeur doit avoir cotis\u00e9 obligatoirement \u00e0 l&#039;assurance pension l\u00e9gale pendant au moins 60 mois.<\/li>\n<\/ol>\n<h2>Le processus d&#039;obtention d&#039;un permis d&#039;\u00e9tablissement<\/h2>\n<p>La demande de permis d&#039;\u00e9tablissement est d\u00e9pos\u00e9e aupr\u00e8s du <a href=\"https:\/\/auslaenderaemter.com\/fr\/\">autorit\u00e9 comp\u00e9tente pour les \u00e9trangers<\/a> mis. Le demandeur doit soumettre tous les documents n\u00e9cessaires prouvant qu&#039;il remplit les conditions ci-dessus.<\/p>\n<p>Apr\u00e8s avoir soumis la demande, l&#039;autorit\u00e9 examinera la demande et prendra une d\u00e9cision. Si la d\u00e9cision est positive, le demandeur re\u00e7oit un permis d&#039;\u00e9tablissement. En cas de refus, le demandeur peut faire appel dans un certain d\u00e9lai ou pr\u00e9senter une nouvelle demande si les conditions sont remplies.<\/p>\n<h2>Conclusion<\/h2>\n<p>Le permis d&#039;\u00e9tablissement offre aux citoyens \u00e9trangers la possibilit\u00e9 de vivre et de travailler en Allemagne de mani\u00e8re permanente et avec peu de restrictions. Malgr\u00e9 les crit\u00e8res stricts et le processus d\u00e9taill\u00e9, l&#039;obtention d&#039;un permis d&#039;\u00e9tablissement est un objectif qui vaut la peine d&#039;\u00eatre poursuivi pour beaucoup, car il offre un haut niveau de stabilit\u00e9 et de libert\u00e9.<\/p>\n<p>Le permis d&#039;\u00e9tablissement n&#039;est pas seulement un document conf\u00e9rant le droit de r\u00e9sider et de travailler en Allemagne, mais c&#039;est aussi une preuve de l&#039;int\u00e9gration du titulaire dans la soci\u00e9t\u00e9 allemande. Il n\u00e9cessite une compr\u00e9hension de la langue allemande, du syst\u00e8me juridique allemand et du march\u00e9 du travail et d\u00e9montre une contribution significative \u00e0 l&#039;\u00e9conomie et \u00e0 la soci\u00e9t\u00e9 allemandes.<\/p>\n<p>Cependant, il est important de souligner que l&#039;obtention d&#039;un permis d&#039;\u00e9tablissement n&#039;est pas un processus facile ou rapide. Cela demande de la patience, de la planification et une pr\u00e9paration minutieuse. Toute personne cherchant un permis d&#039;\u00e9tablissement doit bien comprendre les exigences et le processus, et demander l&#039;aide d&#039;un professionnel si n\u00e9cessaire.<\/p>\n<p>Le permis d&#039;\u00e9tablissement offre l&#039;avantage de la s\u00e9curit\u00e9 et de la mobilit\u00e9 au sein de l&#039;espace Schengen. Pour beaucoup, c&#039;est une \u00e9tape d\u00e9cisive vers une int\u00e9gration compl\u00e8te dans la soci\u00e9t\u00e9 et la culture allemandes et donc une partie essentielle de la vie en Allemagne. Il repr\u00e9sente un engagement \u00e0 long terme et un investissement dans la vie en Allemagne, qui offre non seulement des avantages pour l&#039;individu, mais aussi pour la soci\u00e9t\u00e9 allemande dans son ensemble.<\/p>","protected":false},"excerpt":{"rendered":"<p>Le permis d&#039;\u00e9tablissement est un permis de s\u00e9jour permanent d\u00e9livr\u00e9 par les autorit\u00e9s allemandes et donne aux citoyens \u00e9trangers le droit de vivre et de travailler en Allemagne ind\u00e9finiment et sans restrictions. Importance du permis d&#039;\u00e9tablissement Le permis d&#039;\u00e9tablissement repr\u00e9sente le statut le plus \u00e9lev\u00e9 qu&#039;un citoyen \u00e9tranger puisse acqu\u00e9rir en Allemagne et offre de nombreux avantages. Elle est\u2026&nbsp;<a href=\"https:\/\/auslaenderaemter.com\/fr\/permis-de-sejour-permanent\/\" rel=\"bookmark\">En savoir plus &quot;<span class=\"screen-reader-text\">permis de s\u00e9jour permanent<\/span><\/a><\/p>","protected":false},"author":1,"featured_media":9,"parent":0,"menu_order":0,"comment_status":"closed","ping_status":"closed","template":"","meta":{"neve_meta_sidebar":"","neve_meta_container":"","neve_meta_enable_content_width":"off","neve_meta_content_width":100,"neve_meta_title_alignment":"","neve_meta_author_avatar":"","neve_post_elements_order":"","neve_meta_disable_header":"","neve_meta_disable_footer":"","neve_meta_disable_title":"","neve_meta_reading_time":"","footnotes":""},"class_list":["post-4039","page","type-page","status-publish","has-post-thumbnail","hentry"],"yoast_head":"<!-- This site is optimized with the Yoast SEO plugin v27.4 - https:\/\/yoast.com\/product\/yoast-seo-wordpress\/ -->\n<title>Niederlassungserlaubnis - auslaenderaemter.com<\/title>\n<meta name=\"description\" content=\"Erfahren Sie mehr \u00fcber die Niederlassungserlaubnis in Deutschland: Bedeutung, Voraussetzungen und Beantragungsprozess.\" \/>\n<meta name=\"robots\" content=\"index, follow, max-snippet:-1, max-image-preview:large, max-video-preview:-1\" \/>\n<link rel=\"canonical\" href=\"https:\/\/auslaenderaemter.com\/fr\/permis-de-sejour-permanent\/\" \/>\n<meta property=\"og:locale\" content=\"fr_FR\" \/>\n<meta property=\"og:type\" content=\"article\" \/>\n<meta property=\"og:title\" content=\"Niederlassungserlaubnis - auslaenderaemter.com\" \/>\n<meta property=\"og:description\" content=\"Erfahren Sie mehr \u00fcber die Niederlassungserlaubnis in Deutschland: Bedeutung, Voraussetzungen und Beantragungsprozess.\" \/>\n<meta property=\"og:url\" content=\"https:\/\/auslaenderaemter.com\/fr\/permis-de-sejour-permanent\/\" \/>\n<meta property=\"og:site_name\" content=\"auslaenderaemter.com\" \/>\n<meta property=\"og:image\" content=\"https:\/\/auslaenderaemter.com\/wp-content\/uploads\/2021\/01\/Vollmond-info-13.png\" \/>\n\t<meta property=\"og:image:width\" content=\"500\" \/>\n\t<meta property=\"og:image:height\" content=\"500\" \/>\n\t<meta property=\"og:image:type\" content=\"image\/png\" \/>\n<meta name=\"twitter:card\" content=\"summary_large_image\" \/>\n<meta name=\"twitter:label1\" content=\"Dur\u00e9e de lecture estim\u00e9e\" \/>\n\t<meta name=\"twitter:data1\" content=\"3 minutes\" \/>\n<script type=\"application\/ld+json\" class=\"yoast-schema-graph\">{\"@context\":\"https:\\\/\\\/schema.org\",\"@graph\":[{\"@type\":\"WebPage\",\"@id\":\"https:\\\/\\\/auslaenderaemter.com\\\/niederlassungserlaubnis\\\/\",\"url\":\"https:\\\/\\\/auslaenderaemter.com\\\/niederlassungserlaubnis\\\/\",\"name\":\"Niederlassungserlaubnis - auslaenderaemter.com\",\"isPartOf\":{\"@id\":\"https:\\\/\\\/auslaenderaemter.com\\\/#website\"},\"primaryImageOfPage\":{\"@id\":\"https:\\\/\\\/auslaenderaemter.com\\\/niederlassungserlaubnis\\\/#primaryimage\"},\"image\":{\"@id\":\"https:\\\/\\\/auslaenderaemter.com\\\/niederlassungserlaubnis\\\/#primaryimage\"},\"thumbnailUrl\":\"https:\\\/\\\/auslaenderaemter.com\\\/wp-content\\\/uploads\\\/2021\\\/01\\\/Vollmond-info-13.png\",\"datePublished\":\"2023-06-12T14:23:02+00:00\",\"description\":\"Erfahren Sie mehr \u00fcber die Niederlassungserlaubnis in Deutschland: Bedeutung, Voraussetzungen und Beantragungsprozess.\",\"breadcrumb\":{\"@id\":\"https:\\\/\\\/auslaenderaemter.com\\\/niederlassungserlaubnis\\\/#breadcrumb\"},\"inLanguage\":\"fr-FR\",\"potentialAction\":[{\"@type\":\"ReadAction\",\"target\":[\"https:\\\/\\\/auslaenderaemter.com\\\/niederlassungserlaubnis\\\/\"]}]},{\"@type\":\"ImageObject\",\"inLanguage\":\"fr-FR\",\"@id\":\"https:\\\/\\\/auslaenderaemter.com\\\/niederlassungserlaubnis\\\/#primaryimage\",\"url\":\"https:\\\/\\\/auslaenderaemter.com\\\/wp-content\\\/uploads\\\/2021\\\/01\\\/Vollmond-info-13.png\",\"contentUrl\":\"https:\\\/\\\/auslaenderaemter.com\\\/wp-content\\\/uploads\\\/2021\\\/01\\\/Vollmond-info-13.png\",\"width\":500,\"height\":500,\"caption\":\"Abschiebung\"},{\"@type\":\"BreadcrumbList\",\"@id\":\"https:\\\/\\\/auslaenderaemter.com\\\/niederlassungserlaubnis\\\/#breadcrumb\",\"itemListElement\":[{\"@type\":\"ListItem\",\"position\":1,\"name\":\"Startseite\",\"item\":\"https:\\\/\\\/auslaenderaemter.com\\\/\"},{\"@type\":\"ListItem\",\"position\":2,\"name\":\"Niederlassungserlaubnis\"}]},{\"@type\":\"WebSite\",\"@id\":\"https:\\\/\\\/auslaenderaemter.com\\\/#website\",\"url\":\"https:\\\/\\\/auslaenderaemter.com\\\/\",\"name\":\"auslaenderaemter.com\",\"description\":\"\",\"publisher\":{\"@id\":\"https:\\\/\\\/auslaenderaemter.com\\\/#organization\"},\"potentialAction\":[{\"@type\":\"SearchAction\",\"target\":{\"@type\":\"EntryPoint\",\"urlTemplate\":\"https:\\\/\\\/auslaenderaemter.com\\\/?s={search_term_string}\"},\"query-input\":{\"@type\":\"PropertyValueSpecification\",\"valueRequired\":true,\"valueName\":\"search_term_string\"}}],\"inLanguage\":\"fr-FR\"},{\"@type\":\"Organization\",\"@id\":\"https:\\\/\\\/auslaenderaemter.com\\\/#organization\",\"name\":\"auslaenderaemter.com\",\"url\":\"https:\\\/\\\/auslaenderaemter.com\\\/\",\"logo\":{\"@type\":\"ImageObject\",\"inLanguage\":\"fr-FR\",\"@id\":\"https:\\\/\\\/auslaenderaemter.com\\\/#\\\/schema\\\/logo\\\/image\\\/\",\"url\":\"https:\\\/\\\/auslaenderaemter.com\\\/wp-content\\\/uploads\\\/2021\\\/01\\\/cropped-Vollmond-info-13.png\",\"contentUrl\":\"https:\\\/\\\/auslaenderaemter.com\\\/wp-content\\\/uploads\\\/2021\\\/01\\\/cropped-Vollmond-info-13.png\",\"width\":500,\"height\":117,\"caption\":\"auslaenderaemter.com\"},\"image\":{\"@id\":\"https:\\\/\\\/auslaenderaemter.com\\\/#\\\/schema\\\/logo\\\/image\\\/\"}}]}<\/script>\n<!-- \/ Yoast SEO plugin. -->","yoast_head_json":{"title":"Permis d&#039;\u00e9tablissement - auslaenderaemter.com","description":"En savoir plus sur le permis d&#039;\u00e9tablissement en Allemagne : signification, conditions et proc\u00e9dure de demande.","robots":{"index":"index","follow":"follow","max-snippet":"max-snippet:-1","max-image-preview":"max-image-preview:large","max-video-preview":"max-video-preview:-1"},"canonical":"https:\/\/auslaenderaemter.com\/fr\/permis-de-sejour-permanent\/","og_locale":"fr_FR","og_type":"article","og_title":"Niederlassungserlaubnis - auslaenderaemter.com","og_description":"Erfahren Sie mehr \u00fcber die Niederlassungserlaubnis in Deutschland: Bedeutung, Voraussetzungen und Beantragungsprozess.","og_url":"https:\/\/auslaenderaemter.com\/fr\/permis-de-sejour-permanent\/","og_site_name":"auslaenderaemter.com","og_image":[{"width":500,"height":500,"url":"https:\/\/auslaenderaemter.com\/wp-content\/uploads\/2021\/01\/Vollmond-info-13.png","type":"image\/png"}],"twitter_card":"summary_large_image","twitter_misc":{"Dur\u00e9e de lecture estim\u00e9e":"3 minutes"},"schema":{"@context":"https:\/\/schema.org","@graph":[{"@type":"WebPage","@id":"https:\/\/auslaenderaemter.com\/niederlassungserlaubnis\/","url":"https:\/\/auslaenderaemter.com\/niederlassungserlaubnis\/","name":"Permis d&#039;\u00e9tablissement - auslaenderaemter.com","isPartOf":{"@id":"https:\/\/auslaenderaemter.com\/#website"},"primaryImageOfPage":{"@id":"https:\/\/auslaenderaemter.com\/niederlassungserlaubnis\/#primaryimage"},"image":{"@id":"https:\/\/auslaenderaemter.com\/niederlassungserlaubnis\/#primaryimage"},"thumbnailUrl":"https:\/\/auslaenderaemter.com\/wp-content\/uploads\/2021\/01\/Vollmond-info-13.png","datePublished":"2023-06-12T14:23:02+00:00","description":"En savoir plus sur le permis d&#039;\u00e9tablissement en Allemagne : signification, conditions et proc\u00e9dure de demande.","breadcrumb":{"@id":"https:\/\/auslaenderaemter.com\/niederlassungserlaubnis\/#breadcrumb"},"inLanguage":"fr-FR","potentialAction":[{"@type":"ReadAction","target":["https:\/\/auslaenderaemter.com\/niederlassungserlaubnis\/"]}]},{"@type":"ImageObject","inLanguage":"fr-FR","@id":"https:\/\/auslaenderaemter.com\/niederlassungserlaubnis\/#primaryimage","url":"https:\/\/auslaenderaemter.com\/wp-content\/uploads\/2021\/01\/Vollmond-info-13.png","contentUrl":"https:\/\/auslaenderaemter.com\/wp-content\/uploads\/2021\/01\/Vollmond-info-13.png","width":500,"height":500,"caption":"Abschiebung"},{"@type":"BreadcrumbList","@id":"https:\/\/auslaenderaemter.com\/niederlassungserlaubnis\/#breadcrumb","itemListElement":[{"@type":"ListItem","position":1,"name":"Startseite","item":"https:\/\/auslaenderaemter.com\/"},{"@type":"ListItem","position":2,"name":"Niederlassungserlaubnis"}]},{"@type":"WebSite","@id":"https:\/\/auslaenderaemter.com\/#website","url":"https:\/\/auslaenderaemter.com\/","name":"auslaenderaemter.com","description":"","publisher":{"@id":"https:\/\/auslaenderaemter.com\/#organization"},"potentialAction":[{"@type":"SearchAction","target":{"@type":"EntryPoint","urlTemplate":"https:\/\/auslaenderaemter.com\/?s={search_term_string}"},"query-input":{"@type":"PropertyValueSpecification","valueRequired":true,"valueName":"search_term_string"}}],"inLanguage":"fr-FR"},{"@type":"Organization","@id":"https:\/\/auslaenderaemter.com\/#organization","name":"auslaenderaemter.com","url":"https:\/\/auslaenderaemter.com\/","logo":{"@type":"ImageObject","inLanguage":"fr-FR","@id":"https:\/\/auslaenderaemter.com\/#\/schema\/logo\/image\/","url":"https:\/\/auslaenderaemter.com\/wp-content\/uploads\/2021\/01\/cropped-Vollmond-info-13.png","contentUrl":"https:\/\/auslaenderaemter.com\/wp-content\/uploads\/2021\/01\/cropped-Vollmond-info-13.png","width":500,"height":117,"caption":"auslaenderaemter.com"},"image":{"@id":"https:\/\/auslaenderaemter.com\/#\/schema\/logo\/image\/"}}]}},"_links":{"self":[{"href":"https:\/\/auslaenderaemter.com\/fr\/wp-json\/wp\/v2\/pages\/4039","targetHints":{"allow":["GET"]}}],"collection":[{"href":"https:\/\/auslaenderaemter.com\/fr\/wp-json\/wp\/v2\/pages"}],"about":[{"href":"https:\/\/auslaenderaemter.com\/fr\/wp-json\/wp\/v2\/types\/page"}],"author":[{"embeddable":true,"href":"https:\/\/auslaenderaemter.com\/fr\/wp-json\/wp\/v2\/users\/1"}],"replies":[{"embeddable":true,"href":"https:\/\/auslaenderaemter.com\/fr\/wp-json\/wp\/v2\/comments?post=4039"}],"version-history":[{"count":0,"href":"https:\/\/auslaenderaemter.com\/fr\/wp-json\/wp\/v2\/pages\/4039\/revisions"}],"wp:featuredmedia":[{"embeddable":true,"href":"https:\/\/auslaenderaemter.com\/fr\/wp-json\/wp\/v2\/media\/9"}],"wp:attachment":[{"href":"https:\/\/auslaenderaemter.com\/fr\/wp-json\/wp\/v2\/media?parent=4039"}],"curies":[{"name":"wp","href":"https:\/\/api.w.org\/{rel}","templated":true}]}}