{"id":4041,"date":"2023-06-12T16:24:19","date_gmt":"2023-06-12T14:24:19","guid":{"rendered":"https:\/\/auslaenderaemter.com\/?page_id=4041"},"modified":"2023-06-12T16:24:19","modified_gmt":"2023-06-12T14:24:19","slug":"niederlassungserlaubnis-eu","status":"publish","type":"page","link":"https:\/\/auslaenderaemter.com\/fr\/permis-detablissement-eu\/","title":{"rendered":"Permis d&#039;\u00e9tablissement UE"},"content":{"rendered":"<p>Le <a href=\"https:\/\/auslaenderaemter.com\/fr\/permis-de-sejour-permanent\/\">permis de s\u00e9jour permanent<\/a> est un concept cl\u00e9 de la politique d&#039;immigration de l&#039;Union europ\u00e9enne, permettant aux ressortissants de pays tiers de vivre et de travailler dans un \u00c9tat membre de l&#039;UE \u00e0 long terme. Cet article fournit un aper\u00e7u d\u00e9taill\u00e9 du permis d&#039;\u00e9tablissement de l&#039;UE, de sa signification, de ses exigences et du processus de demande.<\/p>\n<h2>Qu&#039;est-ce que le permis d&#039;\u00e9tablissement UE ?<\/h2>\n<p>Le permis d&#039;\u00e9tablissement UE, \u00e9galement connu sous le nom de permis de s\u00e9jour permanent UE, est un type de <a href=\"https:\/\/auslaenderaemter.com\/fr\/permis-de-residence\/\">permis de r\u00e9sidence<\/a>, qui permet aux citoyens de pays tiers, dits ressortissants de pays tiers, de r\u00e9sider de mani\u00e8re permanente dans un \u00c9tat membre de l&#039;UE. Les titulaires d&#039;un tel permis ont le droit de vivre, de travailler et d&#039;\u00e9tudier dans le pays de l&#039;UE concern\u00e9 et jouissent d&#039;un grand nombre des m\u00eames droits que les citoyens de l&#039;UE.<\/p>\n<h2>Pr\u00e9requis pour le permis d&#039;\u00e9tablissement UE<\/h2>\n<p>Les conditions exactes pour obtenir un permis d&#039;\u00e9tablissement de l&#039;UE peuvent varier selon l&#039;\u00c9tat membre. Cependant, certaines exigences g\u00e9n\u00e9rales s&#039;appliquent dans toute l&#039;UE\u00a0:<\/p>\n<ol>\n<li><strong>R\u00e9sidence permanente:<\/strong> Le demandeur doit avoir v\u00e9cu l\u00e9galement dans le pays de l&#039;UE concern\u00e9 pendant au moins cinq ann\u00e9es cons\u00e9cutives.<\/li>\n<li><strong>Ressources financi\u00e8res suffisantes :<\/strong> Le demandeur doit prouver qu&#039;il dispose de ressources financi\u00e8res suffisantes pour subvenir \u00e0 ses besoins (et \u00e0 ceux des membres de sa famille \u00e0 charge) sans avoir \u00e0 demander l&#039;aide sociale.<\/li>\n<li><strong>Assurance sant\u00e9:<\/strong> Le demandeur doit avoir une assurance m\u00e9dicale compl\u00e8te pour lui-m\u00eame et tous les membres de sa famille \u00e0 charge.<\/li>\n<li><strong>Aucun danger pour la s\u00e9curit\u00e9 ou l&#039;ordre public\u00a0:<\/strong> Le demandeur ne doit pas constituer une menace pour la s\u00e9curit\u00e9 ou l&#039;ordre public.<\/li>\n<\/ol>\n<h2>La proc\u00e9dure de demande de permis d&#039;\u00e9tablissement UE<\/h2>\n<p>Le processus de demande d&#039;un permis d&#039;\u00e9tablissement de l&#039;UE commence g\u00e9n\u00e9ralement par l&#039;autorit\u00e9 comp\u00e9tente en mati\u00e8re d&#039;immigration dans le pays de l&#039;UE concern\u00e9. Le demandeur doit fournir tous les documents n\u00e9cessaires prouvant qu&#039;il satisfait aux exigences ci-dessus. Par exemple, cela peut inclure une preuve de r\u00e9sidence permanente, de ressources financi\u00e8res et de couverture d&#039;assurance maladie.<\/p>\n<p>Apr\u00e8s examen de la demande et des documents, l&#039;autorit\u00e9 prendra une d\u00e9cision. Si la d\u00e9cision est positive, le demandeur se verra accorder un permis d&#039;\u00e9tablissement de l&#039;UE. Si la demande est rejet\u00e9e, le demandeur a le droit de faire appel ou de soumettre \u00e0 nouveau la demande \u00e0 une date ult\u00e9rieure si les conditions sont remplies.<\/p>\n<p>Il convient de noter que les conditions et proc\u00e9dures exactes peuvent varier selon les pays. Par cons\u00e9quent, il est important que le candidat \u00e9tudie en profondeur les exigences sp\u00e9cifiques du pays de son choix.<\/p>\n<h2>Conclusion<\/h2>\n<p>Le permis d&#039;\u00e9tablissement de l&#039;UE est un \u00e9l\u00e9ment important de la politique d&#039;immigration de l&#039;UE et offre aux ressortissants de pays tiers la possibilit\u00e9 de vivre et de travailler de mani\u00e8re permanente dans un pays de l&#039;UE. Il repr\u00e9sente un engagement et un investissement \u00e0 long terme dans la vie au sein de l&#039;UE et ouvre une multitude d&#039;opportunit\u00e9s et de droits qui seraient autrement r\u00e9serv\u00e9s aux seuls citoyens de l&#039;UE.<\/p>\n<p>C&#039;est un processus qui demande du soin, de la planification et de la patience. Mais la r\u00e9compense est un statut permanent qui offre un niveau \u00e9lev\u00e9 de stabilit\u00e9 et de libert\u00e9 et jette les bases d&#039;une vie permanente dans l&#039;Union europ\u00e9enne.<\/p>","protected":false},"excerpt":{"rendered":"<p>Le permis d&#039;\u00e9tablissement est un concept cl\u00e9 de la politique d&#039;immigration de l&#039;Union europ\u00e9enne, permettant aux ressortissants de pays tiers de vivre et de travailler \u00e0 long terme dans un \u00c9tat membre de l&#039;UE. Cet article donne un aper\u00e7u d\u00e9taill\u00e9 du permis d&#039;\u00e9tablissement europ\u00e9en, de sa signification, des exigences et du processus de demande. Qu\u2019est-ce que le permis d\u2019\u00e9tablissement europ\u00e9en ? Le permis d\u2019\u00e9tablissement europ\u00e9en, \u00e9galement connu sous le nom de permis de s\u00e9jour permanent de l\u2019UE, est un type de\u2026&nbsp;<a href=\"https:\/\/auslaenderaemter.com\/fr\/permis-detablissement-eu\/\" rel=\"bookmark\">En savoir plus &quot;<span class=\"screen-reader-text\">Permis d&#039;\u00e9tablissement UE<\/span><\/a><\/p>","protected":false},"author":1,"featured_media":9,"parent":0,"menu_order":0,"comment_status":"closed","ping_status":"closed","template":"","meta":{"neve_meta_sidebar":"","neve_meta_container":"","neve_meta_enable_content_width":"off","neve_meta_content_width":100,"neve_meta_title_alignment":"","neve_meta_author_avatar":"","neve_post_elements_order":"","neve_meta_disable_header":"","neve_meta_disable_footer":"","neve_meta_disable_title":"","neve_meta_reading_time":"","footnotes":""},"class_list":["post-4041","page","type-page","status-publish","has-post-thumbnail","hentry"],"yoast_head":"<!-- This site is optimized with the Yoast SEO plugin v27.4 - https:\/\/yoast.com\/product\/yoast-seo-wordpress\/ -->\n<title>Niederlassungserlaubnis-EU - auslaenderaemter.com<\/title>\n<meta name=\"description\" content=\"Lernen Sie die EU-Niederlassungserlaubnis kennen: Voraussetzungen, Bedeutung und Antragsverfahren erkl\u00e4rt.\" \/>\n<meta name=\"robots\" content=\"index, follow, max-snippet:-1, max-image-preview:large, max-video-preview:-1\" \/>\n<link rel=\"canonical\" href=\"https:\/\/auslaenderaemter.com\/fr\/permis-detablissement-eu\/\" \/>\n<meta property=\"og:locale\" content=\"fr_FR\" \/>\n<meta property=\"og:type\" content=\"article\" \/>\n<meta property=\"og:title\" content=\"Niederlassungserlaubnis-EU - auslaenderaemter.com\" \/>\n<meta property=\"og:description\" content=\"Lernen Sie die EU-Niederlassungserlaubnis kennen: Voraussetzungen, Bedeutung und Antragsverfahren erkl\u00e4rt.\" \/>\n<meta property=\"og:url\" content=\"https:\/\/auslaenderaemter.com\/fr\/permis-detablissement-eu\/\" \/>\n<meta property=\"og:site_name\" content=\"auslaenderaemter.com\" \/>\n<meta property=\"og:image\" content=\"https:\/\/auslaenderaemter.com\/wp-content\/uploads\/2021\/01\/Vollmond-info-13.png\" \/>\n\t<meta property=\"og:image:width\" content=\"500\" \/>\n\t<meta property=\"og:image:height\" content=\"500\" \/>\n\t<meta property=\"og:image:type\" content=\"image\/png\" \/>\n<meta name=\"twitter:card\" content=\"summary_large_image\" \/>\n<meta name=\"twitter:label1\" content=\"Dur\u00e9e de lecture estim\u00e9e\" \/>\n\t<meta name=\"twitter:data1\" content=\"3 minutes\" \/>\n<script type=\"application\/ld+json\" class=\"yoast-schema-graph\">{\"@context\":\"https:\\\/\\\/schema.org\",\"@graph\":[{\"@type\":\"WebPage\",\"@id\":\"https:\\\/\\\/auslaenderaemter.com\\\/niederlassungserlaubnis-eu\\\/\",\"url\":\"https:\\\/\\\/auslaenderaemter.com\\\/niederlassungserlaubnis-eu\\\/\",\"name\":\"Niederlassungserlaubnis-EU - auslaenderaemter.com\",\"isPartOf\":{\"@id\":\"https:\\\/\\\/auslaenderaemter.com\\\/#website\"},\"primaryImageOfPage\":{\"@id\":\"https:\\\/\\\/auslaenderaemter.com\\\/niederlassungserlaubnis-eu\\\/#primaryimage\"},\"image\":{\"@id\":\"https:\\\/\\\/auslaenderaemter.com\\\/niederlassungserlaubnis-eu\\\/#primaryimage\"},\"thumbnailUrl\":\"https:\\\/\\\/auslaenderaemter.com\\\/wp-content\\\/uploads\\\/2021\\\/01\\\/Vollmond-info-13.png\",\"datePublished\":\"2023-06-12T14:24:19+00:00\",\"description\":\"Lernen Sie die EU-Niederlassungserlaubnis kennen: Voraussetzungen, Bedeutung und Antragsverfahren erkl\u00e4rt.\",\"breadcrumb\":{\"@id\":\"https:\\\/\\\/auslaenderaemter.com\\\/niederlassungserlaubnis-eu\\\/#breadcrumb\"},\"inLanguage\":\"fr-FR\",\"potentialAction\":[{\"@type\":\"ReadAction\",\"target\":[\"https:\\\/\\\/auslaenderaemter.com\\\/niederlassungserlaubnis-eu\\\/\"]}]},{\"@type\":\"ImageObject\",\"inLanguage\":\"fr-FR\",\"@id\":\"https:\\\/\\\/auslaenderaemter.com\\\/niederlassungserlaubnis-eu\\\/#primaryimage\",\"url\":\"https:\\\/\\\/auslaenderaemter.com\\\/wp-content\\\/uploads\\\/2021\\\/01\\\/Vollmond-info-13.png\",\"contentUrl\":\"https:\\\/\\\/auslaenderaemter.com\\\/wp-content\\\/uploads\\\/2021\\\/01\\\/Vollmond-info-13.png\",\"width\":500,\"height\":500,\"caption\":\"Abschiebung\"},{\"@type\":\"BreadcrumbList\",\"@id\":\"https:\\\/\\\/auslaenderaemter.com\\\/niederlassungserlaubnis-eu\\\/#breadcrumb\",\"itemListElement\":[{\"@type\":\"ListItem\",\"position\":1,\"name\":\"Startseite\",\"item\":\"https:\\\/\\\/auslaenderaemter.com\\\/\"},{\"@type\":\"ListItem\",\"position\":2,\"name\":\"Niederlassungserlaubnis-EU\"}]},{\"@type\":\"WebSite\",\"@id\":\"https:\\\/\\\/auslaenderaemter.com\\\/#website\",\"url\":\"https:\\\/\\\/auslaenderaemter.com\\\/\",\"name\":\"auslaenderaemter.com\",\"description\":\"\",\"publisher\":{\"@id\":\"https:\\\/\\\/auslaenderaemter.com\\\/#organization\"},\"potentialAction\":[{\"@type\":\"SearchAction\",\"target\":{\"@type\":\"EntryPoint\",\"urlTemplate\":\"https:\\\/\\\/auslaenderaemter.com\\\/?s={search_term_string}\"},\"query-input\":{\"@type\":\"PropertyValueSpecification\",\"valueRequired\":true,\"valueName\":\"search_term_string\"}}],\"inLanguage\":\"fr-FR\"},{\"@type\":\"Organization\",\"@id\":\"https:\\\/\\\/auslaenderaemter.com\\\/#organization\",\"name\":\"auslaenderaemter.com\",\"url\":\"https:\\\/\\\/auslaenderaemter.com\\\/\",\"logo\":{\"@type\":\"ImageObject\",\"inLanguage\":\"fr-FR\",\"@id\":\"https:\\\/\\\/auslaenderaemter.com\\\/#\\\/schema\\\/logo\\\/image\\\/\",\"url\":\"https:\\\/\\\/auslaenderaemter.com\\\/wp-content\\\/uploads\\\/2021\\\/01\\\/cropped-Vollmond-info-13.png\",\"contentUrl\":\"https:\\\/\\\/auslaenderaemter.com\\\/wp-content\\\/uploads\\\/2021\\\/01\\\/cropped-Vollmond-info-13.png\",\"width\":500,\"height\":117,\"caption\":\"auslaenderaemter.com\"},\"image\":{\"@id\":\"https:\\\/\\\/auslaenderaemter.com\\\/#\\\/schema\\\/logo\\\/image\\\/\"}}]}<\/script>\n<!-- \/ Yoast SEO plugin. -->","yoast_head_json":{"title":"Permis d&#039;\u00e9tablissement UE - auslaenderaemter.com","description":"Apprenez \u00e0 conna\u00eetre le permis d&#039;\u00e9tablissement de l&#039;UE\u00a0: exigences, importance et proc\u00e9dure de demande expliqu\u00e9es.","robots":{"index":"index","follow":"follow","max-snippet":"max-snippet:-1","max-image-preview":"max-image-preview:large","max-video-preview":"max-video-preview:-1"},"canonical":"https:\/\/auslaenderaemter.com\/fr\/permis-detablissement-eu\/","og_locale":"fr_FR","og_type":"article","og_title":"Niederlassungserlaubnis-EU - auslaenderaemter.com","og_description":"Lernen Sie die EU-Niederlassungserlaubnis kennen: Voraussetzungen, Bedeutung und Antragsverfahren erkl\u00e4rt.","og_url":"https:\/\/auslaenderaemter.com\/fr\/permis-detablissement-eu\/","og_site_name":"auslaenderaemter.com","og_image":[{"width":500,"height":500,"url":"https:\/\/auslaenderaemter.com\/wp-content\/uploads\/2021\/01\/Vollmond-info-13.png","type":"image\/png"}],"twitter_card":"summary_large_image","twitter_misc":{"Dur\u00e9e de lecture estim\u00e9e":"3 minutes"},"schema":{"@context":"https:\/\/schema.org","@graph":[{"@type":"WebPage","@id":"https:\/\/auslaenderaemter.com\/niederlassungserlaubnis-eu\/","url":"https:\/\/auslaenderaemter.com\/niederlassungserlaubnis-eu\/","name":"Permis d&#039;\u00e9tablissement UE - auslaenderaemter.com","isPartOf":{"@id":"https:\/\/auslaenderaemter.com\/#website"},"primaryImageOfPage":{"@id":"https:\/\/auslaenderaemter.com\/niederlassungserlaubnis-eu\/#primaryimage"},"image":{"@id":"https:\/\/auslaenderaemter.com\/niederlassungserlaubnis-eu\/#primaryimage"},"thumbnailUrl":"https:\/\/auslaenderaemter.com\/wp-content\/uploads\/2021\/01\/Vollmond-info-13.png","datePublished":"2023-06-12T14:24:19+00:00","description":"Apprenez \u00e0 conna\u00eetre le permis d&#039;\u00e9tablissement de l&#039;UE\u00a0: exigences, importance et proc\u00e9dure de demande expliqu\u00e9es.","breadcrumb":{"@id":"https:\/\/auslaenderaemter.com\/niederlassungserlaubnis-eu\/#breadcrumb"},"inLanguage":"fr-FR","potentialAction":[{"@type":"ReadAction","target":["https:\/\/auslaenderaemter.com\/niederlassungserlaubnis-eu\/"]}]},{"@type":"ImageObject","inLanguage":"fr-FR","@id":"https:\/\/auslaenderaemter.com\/niederlassungserlaubnis-eu\/#primaryimage","url":"https:\/\/auslaenderaemter.com\/wp-content\/uploads\/2021\/01\/Vollmond-info-13.png","contentUrl":"https:\/\/auslaenderaemter.com\/wp-content\/uploads\/2021\/01\/Vollmond-info-13.png","width":500,"height":500,"caption":"Abschiebung"},{"@type":"BreadcrumbList","@id":"https:\/\/auslaenderaemter.com\/niederlassungserlaubnis-eu\/#breadcrumb","itemListElement":[{"@type":"ListItem","position":1,"name":"Startseite","item":"https:\/\/auslaenderaemter.com\/"},{"@type":"ListItem","position":2,"name":"Niederlassungserlaubnis-EU"}]},{"@type":"WebSite","@id":"https:\/\/auslaenderaemter.com\/#website","url":"https:\/\/auslaenderaemter.com\/","name":"auslaenderaemter.com","description":"","publisher":{"@id":"https:\/\/auslaenderaemter.com\/#organization"},"potentialAction":[{"@type":"SearchAction","target":{"@type":"EntryPoint","urlTemplate":"https:\/\/auslaenderaemter.com\/?s={search_term_string}"},"query-input":{"@type":"PropertyValueSpecification","valueRequired":true,"valueName":"search_term_string"}}],"inLanguage":"fr-FR"},{"@type":"Organization","@id":"https:\/\/auslaenderaemter.com\/#organization","name":"auslaenderaemter.com","url":"https:\/\/auslaenderaemter.com\/","logo":{"@type":"ImageObject","inLanguage":"fr-FR","@id":"https:\/\/auslaenderaemter.com\/#\/schema\/logo\/image\/","url":"https:\/\/auslaenderaemter.com\/wp-content\/uploads\/2021\/01\/cropped-Vollmond-info-13.png","contentUrl":"https:\/\/auslaenderaemter.com\/wp-content\/uploads\/2021\/01\/cropped-Vollmond-info-13.png","width":500,"height":117,"caption":"auslaenderaemter.com"},"image":{"@id":"https:\/\/auslaenderaemter.com\/#\/schema\/logo\/image\/"}}]}},"_links":{"self":[{"href":"https:\/\/auslaenderaemter.com\/fr\/wp-json\/wp\/v2\/pages\/4041","targetHints":{"allow":["GET"]}}],"collection":[{"href":"https:\/\/auslaenderaemter.com\/fr\/wp-json\/wp\/v2\/pages"}],"about":[{"href":"https:\/\/auslaenderaemter.com\/fr\/wp-json\/wp\/v2\/types\/page"}],"author":[{"embeddable":true,"href":"https:\/\/auslaenderaemter.com\/fr\/wp-json\/wp\/v2\/users\/1"}],"replies":[{"embeddable":true,"href":"https:\/\/auslaenderaemter.com\/fr\/wp-json\/wp\/v2\/comments?post=4041"}],"version-history":[{"count":0,"href":"https:\/\/auslaenderaemter.com\/fr\/wp-json\/wp\/v2\/pages\/4041\/revisions"}],"wp:featuredmedia":[{"embeddable":true,"href":"https:\/\/auslaenderaemter.com\/fr\/wp-json\/wp\/v2\/media\/9"}],"wp:attachment":[{"href":"https:\/\/auslaenderaemter.com\/fr\/wp-json\/wp\/v2\/media?parent=4041"}],"curies":[{"name":"wp","href":"https:\/\/api.w.org\/{rel}","templated":true}]}}