{"id":4050,"date":"2023-06-12T16:51:25","date_gmt":"2023-06-12T14:51:25","guid":{"rendered":"https:\/\/auslaenderaemter.com\/?page_id=4050"},"modified":"2023-06-12T16:51:25","modified_gmt":"2023-06-12T14:51:25","slug":"abschiebung","status":"publish","type":"page","link":"https:\/\/auslaenderaemter.com\/fr\/deportation\/","title":{"rendered":"d\u00e9portation"},"content":{"rendered":"<p>L&#039;expulsion est une partie importante de la loi allemande sur l&#039;immigration et a un impact significatif sur la vie des personnes concern\u00e9es.<\/p>\n<h2>Qu&#039;est-ce qu&#039;une d\u00e9portation ?<\/h2>\n<p>Une expulsion est un acte administratif par lequel un \u00e9tranger s\u00e9journant ill\u00e9galement en Allemagne ou dont le s\u00e9jour l\u00e9gal a pris fin est contraint de quitter le pays. L&#039;expulsion sera effectu\u00e9e par le <a href=\"https:\/\/auslaenderaemter.com\/fr\/\">Autorit\u00e9 des \u00e9trangers<\/a> ordonn\u00e9e et ex\u00e9cut\u00e9e par la police.<\/p>\n<h2>Le processus d&#039;expulsion<\/h2>\n<p>Le processus d&#039;expulsion suit certaines \u00e9tapes :<\/p>\n<ol>\n<li><strong>D\u00e9cision d&#039;expulsion ou rejet de la demande d&#039;asile :<\/strong> Avant l&#039;expulsion, une d\u00e9cision d&#039;expulsion doit avoir \u00e9t\u00e9 prise ou une demande d&#039;asile rejet\u00e9e.<\/li>\n<li><strong>arr\u00eat\u00e9 d&#039;expulsion :<\/strong> L&#039;autorit\u00e9 des \u00e9trangers d\u00e9livre un ordre d&#039;expulsion dans lequel la personne concern\u00e9e est invit\u00e9e \u00e0 quitter le pays dans un certain d\u00e9lai.<\/li>\n<li><strong>Mise en \u0153uvre de la d\u00e9portation :<\/strong> Si la personne concern\u00e9e ne quitte pas le pays dans le d\u00e9lai imparti, la police peut proc\u00e9der \u00e0 l&#039;expulsion.<\/li>\n<\/ol>\n<h2>cons\u00e9quences de l&#039;expulsion<\/h2>\n<p>Une expulsion a des cons\u00e9quences importantes pour la personne concern\u00e9e :<\/p>\n<ol>\n<li><strong>Interdiction de retour :<\/strong> En r\u00e8gle g\u00e9n\u00e9rale, une interdiction d&#039;entr\u00e9e et de s\u00e9jour est d\u00e9livr\u00e9e en m\u00eame temps que l&#039;expulsion. Cela signifie que la personne expuls\u00e9e n&#039;est pas autoris\u00e9e \u00e0 retourner en Allemagne pendant un certain temps.<\/li>\n<li><strong>Frais d&#039;expulsion :<\/strong> En r\u00e8gle g\u00e9n\u00e9rale, les frais d&#039;expulsion doivent \u00eatre support\u00e9s par la personne expuls\u00e9e.<\/li>\n<li><strong>Effets sociaux et psychologiques\u00a0:<\/strong> L&#039;expulsion peut avoir un impact social et psychologique important sur la personne concern\u00e9e, surtout si elle est enracin\u00e9e en Allemagne ou doit retourner dans son pays d&#039;origine, o\u00f9 elle risque d&#039;\u00eatre victime de pers\u00e9cutions ou de difficult\u00e9s.<\/li>\n<\/ol>\n<h2>Conclusion<\/h2>\n<p>L&#039;expulsion est un moyen efficace d&#039;assurer le respect de la loi allemande sur l&#039;immigration. En m\u00eame temps, elle a un impact significatif sur les personnes concern\u00e9es. Il est donc important que les \u00e9trangers r\u00e9sidant en Allemagne connaissent leurs droits et obligations et consultent un avocat si n\u00e9cessaire.<\/p>","protected":false},"excerpt":{"rendered":"<p>L&#039;expulsion est un \u00e9l\u00e9ment important du droit allemand de l&#039;immigration et a un impact significatif sur la vie des personnes concern\u00e9es. Qu\u2019est-ce que la d\u00e9portation ? Une expulsion est un acte administratif par lequel un \u00e9tranger en s\u00e9jour irr\u00e9gulier en Allemagne ou dont le s\u00e9jour l\u00e9gal a pris fin est contraint de quitter le pays. L\u2019expulsion est effectu\u00e9e par le\u2026&nbsp;<a href=\"https:\/\/auslaenderaemter.com\/fr\/deportation\/\" rel=\"bookmark\">En savoir plus &quot;<span class=\"screen-reader-text\">d\u00e9portation<\/span><\/a><\/p>","protected":false},"author":1,"featured_media":9,"parent":0,"menu_order":0,"comment_status":"closed","ping_status":"closed","template":"","meta":{"neve_meta_sidebar":"","neve_meta_container":"","neve_meta_enable_content_width":"off","neve_meta_content_width":100,"neve_meta_title_alignment":"","neve_meta_author_avatar":"","neve_post_elements_order":"","neve_meta_disable_header":"","neve_meta_disable_footer":"","neve_meta_disable_title":"","neve_meta_reading_time":"","footnotes":""},"class_list":["post-4050","page","type-page","status-publish","has-post-thumbnail","hentry"],"yoast_head":"<!-- This site is optimized with the Yoast SEO plugin v27.3 - https:\/\/yoast.com\/product\/yoast-seo-wordpress\/ -->\n<title>Abschiebung- Bedeutung, Prozess und Folgen.<\/title>\n<meta name=\"description\" content=\"Lernen Sie die Abschiebung im deutschen Ausl\u00e4nderrecht kennen: Definition, Prozess und die erheblichen Auswirkungen auf Betroffene.\" \/>\n<meta name=\"robots\" content=\"index, follow, max-snippet:-1, max-image-preview:large, max-video-preview:-1\" \/>\n<link rel=\"canonical\" href=\"https:\/\/auslaenderaemter.com\/fr\/deportation\/\" \/>\n<meta property=\"og:locale\" content=\"fr_FR\" \/>\n<meta property=\"og:type\" content=\"article\" \/>\n<meta property=\"og:title\" content=\"Abschiebung- Bedeutung, Prozess und Folgen.\" \/>\n<meta property=\"og:description\" content=\"Lernen Sie die Abschiebung im deutschen Ausl\u00e4nderrecht kennen: Definition, Prozess und die erheblichen Auswirkungen auf Betroffene.\" \/>\n<meta property=\"og:url\" content=\"https:\/\/auslaenderaemter.com\/fr\/deportation\/\" \/>\n<meta property=\"og:site_name\" content=\"auslaenderaemter.com\" \/>\n<meta property=\"og:image\" content=\"https:\/\/auslaenderaemter.com\/wp-content\/uploads\/2021\/01\/Vollmond-info-13.png\" \/>\n\t<meta property=\"og:image:width\" content=\"500\" \/>\n\t<meta property=\"og:image:height\" content=\"500\" \/>\n\t<meta property=\"og:image:type\" content=\"image\/png\" \/>\n<meta name=\"twitter:card\" content=\"summary_large_image\" \/>\n<meta name=\"twitter:label1\" content=\"Dur\u00e9e de lecture estim\u00e9e\" \/>\n\t<meta name=\"twitter:data1\" content=\"2 minutes\" \/>\n<script type=\"application\/ld+json\" class=\"yoast-schema-graph\">{\"@context\":\"https:\\\/\\\/schema.org\",\"@graph\":[{\"@type\":\"WebPage\",\"@id\":\"https:\\\/\\\/auslaenderaemter.com\\\/abschiebung\\\/\",\"url\":\"https:\\\/\\\/auslaenderaemter.com\\\/abschiebung\\\/\",\"name\":\"Abschiebung- Bedeutung, Prozess und Folgen.\",\"isPartOf\":{\"@id\":\"https:\\\/\\\/auslaenderaemter.com\\\/#website\"},\"primaryImageOfPage\":{\"@id\":\"https:\\\/\\\/auslaenderaemter.com\\\/abschiebung\\\/#primaryimage\"},\"image\":{\"@id\":\"https:\\\/\\\/auslaenderaemter.com\\\/abschiebung\\\/#primaryimage\"},\"thumbnailUrl\":\"https:\\\/\\\/auslaenderaemter.com\\\/wp-content\\\/uploads\\\/2021\\\/01\\\/Vollmond-info-13.png\",\"datePublished\":\"2023-06-12T14:51:25+00:00\",\"description\":\"Lernen Sie die Abschiebung im deutschen Ausl\u00e4nderrecht kennen: Definition, Prozess und die erheblichen Auswirkungen auf Betroffene.\",\"breadcrumb\":{\"@id\":\"https:\\\/\\\/auslaenderaemter.com\\\/abschiebung\\\/#breadcrumb\"},\"inLanguage\":\"fr-FR\",\"potentialAction\":[{\"@type\":\"ReadAction\",\"target\":[\"https:\\\/\\\/auslaenderaemter.com\\\/abschiebung\\\/\"]}]},{\"@type\":\"ImageObject\",\"inLanguage\":\"fr-FR\",\"@id\":\"https:\\\/\\\/auslaenderaemter.com\\\/abschiebung\\\/#primaryimage\",\"url\":\"https:\\\/\\\/auslaenderaemter.com\\\/wp-content\\\/uploads\\\/2021\\\/01\\\/Vollmond-info-13.png\",\"contentUrl\":\"https:\\\/\\\/auslaenderaemter.com\\\/wp-content\\\/uploads\\\/2021\\\/01\\\/Vollmond-info-13.png\",\"width\":500,\"height\":500,\"caption\":\"Abschiebung\"},{\"@type\":\"BreadcrumbList\",\"@id\":\"https:\\\/\\\/auslaenderaemter.com\\\/abschiebung\\\/#breadcrumb\",\"itemListElement\":[{\"@type\":\"ListItem\",\"position\":1,\"name\":\"Startseite\",\"item\":\"https:\\\/\\\/auslaenderaemter.com\\\/\"},{\"@type\":\"ListItem\",\"position\":2,\"name\":\"Abschiebung\"}]},{\"@type\":\"WebSite\",\"@id\":\"https:\\\/\\\/auslaenderaemter.com\\\/#website\",\"url\":\"https:\\\/\\\/auslaenderaemter.com\\\/\",\"name\":\"auslaenderaemter.com\",\"description\":\"\",\"publisher\":{\"@id\":\"https:\\\/\\\/auslaenderaemter.com\\\/#organization\"},\"potentialAction\":[{\"@type\":\"SearchAction\",\"target\":{\"@type\":\"EntryPoint\",\"urlTemplate\":\"https:\\\/\\\/auslaenderaemter.com\\\/?s={search_term_string}\"},\"query-input\":{\"@type\":\"PropertyValueSpecification\",\"valueRequired\":true,\"valueName\":\"search_term_string\"}}],\"inLanguage\":\"fr-FR\"},{\"@type\":\"Organization\",\"@id\":\"https:\\\/\\\/auslaenderaemter.com\\\/#organization\",\"name\":\"auslaenderaemter.com\",\"url\":\"https:\\\/\\\/auslaenderaemter.com\\\/\",\"logo\":{\"@type\":\"ImageObject\",\"inLanguage\":\"fr-FR\",\"@id\":\"https:\\\/\\\/auslaenderaemter.com\\\/#\\\/schema\\\/logo\\\/image\\\/\",\"url\":\"https:\\\/\\\/auslaenderaemter.com\\\/wp-content\\\/uploads\\\/2021\\\/01\\\/cropped-Vollmond-info-13.png\",\"contentUrl\":\"https:\\\/\\\/auslaenderaemter.com\\\/wp-content\\\/uploads\\\/2021\\\/01\\\/cropped-Vollmond-info-13.png\",\"width\":500,\"height\":117,\"caption\":\"auslaenderaemter.com\"},\"image\":{\"@id\":\"https:\\\/\\\/auslaenderaemter.com\\\/#\\\/schema\\\/logo\\\/image\\\/\"}}]}<\/script>\n<!-- \/ Yoast SEO plugin. -->","yoast_head_json":{"title":"D\u00e9portation - signification, processus et cons\u00e9quences.","description":"Apprenez \u00e0 conna\u00eetre l&#039;expulsion dans le droit allemand de l&#039;immigration\u00a0: d\u00e9finition, processus et impact significatif sur les personnes concern\u00e9es.","robots":{"index":"index","follow":"follow","max-snippet":"max-snippet:-1","max-image-preview":"max-image-preview:large","max-video-preview":"max-video-preview:-1"},"canonical":"https:\/\/auslaenderaemter.com\/fr\/deportation\/","og_locale":"fr_FR","og_type":"article","og_title":"Abschiebung- Bedeutung, Prozess und Folgen.","og_description":"Lernen Sie die Abschiebung im deutschen Ausl\u00e4nderrecht kennen: Definition, Prozess und die erheblichen Auswirkungen auf Betroffene.","og_url":"https:\/\/auslaenderaemter.com\/fr\/deportation\/","og_site_name":"auslaenderaemter.com","og_image":[{"width":500,"height":500,"url":"https:\/\/auslaenderaemter.com\/wp-content\/uploads\/2021\/01\/Vollmond-info-13.png","type":"image\/png"}],"twitter_card":"summary_large_image","twitter_misc":{"Dur\u00e9e de lecture estim\u00e9e":"2 minutes"},"schema":{"@context":"https:\/\/schema.org","@graph":[{"@type":"WebPage","@id":"https:\/\/auslaenderaemter.com\/abschiebung\/","url":"https:\/\/auslaenderaemter.com\/abschiebung\/","name":"D\u00e9portation - signification, processus et cons\u00e9quences.","isPartOf":{"@id":"https:\/\/auslaenderaemter.com\/#website"},"primaryImageOfPage":{"@id":"https:\/\/auslaenderaemter.com\/abschiebung\/#primaryimage"},"image":{"@id":"https:\/\/auslaenderaemter.com\/abschiebung\/#primaryimage"},"thumbnailUrl":"https:\/\/auslaenderaemter.com\/wp-content\/uploads\/2021\/01\/Vollmond-info-13.png","datePublished":"2023-06-12T14:51:25+00:00","description":"Apprenez \u00e0 conna\u00eetre l&#039;expulsion dans le droit allemand de l&#039;immigration\u00a0: d\u00e9finition, processus et impact significatif sur les personnes concern\u00e9es.","breadcrumb":{"@id":"https:\/\/auslaenderaemter.com\/abschiebung\/#breadcrumb"},"inLanguage":"fr-FR","potentialAction":[{"@type":"ReadAction","target":["https:\/\/auslaenderaemter.com\/abschiebung\/"]}]},{"@type":"ImageObject","inLanguage":"fr-FR","@id":"https:\/\/auslaenderaemter.com\/abschiebung\/#primaryimage","url":"https:\/\/auslaenderaemter.com\/wp-content\/uploads\/2021\/01\/Vollmond-info-13.png","contentUrl":"https:\/\/auslaenderaemter.com\/wp-content\/uploads\/2021\/01\/Vollmond-info-13.png","width":500,"height":500,"caption":"Abschiebung"},{"@type":"BreadcrumbList","@id":"https:\/\/auslaenderaemter.com\/abschiebung\/#breadcrumb","itemListElement":[{"@type":"ListItem","position":1,"name":"Startseite","item":"https:\/\/auslaenderaemter.com\/"},{"@type":"ListItem","position":2,"name":"Abschiebung"}]},{"@type":"WebSite","@id":"https:\/\/auslaenderaemter.com\/#website","url":"https:\/\/auslaenderaemter.com\/","name":"auslaenderaemter.com","description":"","publisher":{"@id":"https:\/\/auslaenderaemter.com\/#organization"},"potentialAction":[{"@type":"SearchAction","target":{"@type":"EntryPoint","urlTemplate":"https:\/\/auslaenderaemter.com\/?s={search_term_string}"},"query-input":{"@type":"PropertyValueSpecification","valueRequired":true,"valueName":"search_term_string"}}],"inLanguage":"fr-FR"},{"@type":"Organization","@id":"https:\/\/auslaenderaemter.com\/#organization","name":"auslaenderaemter.com","url":"https:\/\/auslaenderaemter.com\/","logo":{"@type":"ImageObject","inLanguage":"fr-FR","@id":"https:\/\/auslaenderaemter.com\/#\/schema\/logo\/image\/","url":"https:\/\/auslaenderaemter.com\/wp-content\/uploads\/2021\/01\/cropped-Vollmond-info-13.png","contentUrl":"https:\/\/auslaenderaemter.com\/wp-content\/uploads\/2021\/01\/cropped-Vollmond-info-13.png","width":500,"height":117,"caption":"auslaenderaemter.com"},"image":{"@id":"https:\/\/auslaenderaemter.com\/#\/schema\/logo\/image\/"}}]}},"_links":{"self":[{"href":"https:\/\/auslaenderaemter.com\/fr\/wp-json\/wp\/v2\/pages\/4050","targetHints":{"allow":["GET"]}}],"collection":[{"href":"https:\/\/auslaenderaemter.com\/fr\/wp-json\/wp\/v2\/pages"}],"about":[{"href":"https:\/\/auslaenderaemter.com\/fr\/wp-json\/wp\/v2\/types\/page"}],"author":[{"embeddable":true,"href":"https:\/\/auslaenderaemter.com\/fr\/wp-json\/wp\/v2\/users\/1"}],"replies":[{"embeddable":true,"href":"https:\/\/auslaenderaemter.com\/fr\/wp-json\/wp\/v2\/comments?post=4050"}],"version-history":[{"count":0,"href":"https:\/\/auslaenderaemter.com\/fr\/wp-json\/wp\/v2\/pages\/4050\/revisions"}],"wp:featuredmedia":[{"embeddable":true,"href":"https:\/\/auslaenderaemter.com\/fr\/wp-json\/wp\/v2\/media\/9"}],"wp:attachment":[{"href":"https:\/\/auslaenderaemter.com\/fr\/wp-json\/wp\/v2\/media?parent=4050"}],"curies":[{"name":"wp","href":"https:\/\/api.w.org\/{rel}","templated":true}]}}