{"id":419,"date":"2021-02-02T14:18:10","date_gmt":"2021-02-02T13:18:10","guid":{"rendered":"https:\/\/auslaenderaemter.com\/?page_id=419"},"modified":"2023-01-28T16:57:49","modified_gmt":"2023-01-28T15:57:49","slug":"auslaenderamt-jena","status":"publish","type":"page","link":"https:\/\/auslaenderaemter.com\/fr\/bureau-dimmigration-jena\/","title":{"rendered":"Bureau de l&#039;immigration d&#039;I\u00e9na"},"content":{"rendered":"<h2>Bureau de l&#039;immigration \/ Bureau de l&#039;immigration \u00e0 I\u00e9na - adresse et adresse pour les visiteurs<\/h2>\n<ul>\n<li><strong>Adresse:<\/strong> Bureau de l&#039;immigration de l&#039;administration municipale d&#039;I\u00e9na, Richard-Sorge-Str. 4, 07747 I\u00e9na<\/li>\n<li><strong>T\u00e9l\u00e9phoner: <\/strong>(03641) 493760<\/li>\n<li><strong>Fax: <\/strong>(03641) 493769<\/li>\n<li><strong>E-mail: <\/strong><a href=\"mailto:auslaenderbehoerde@jena.de\">auslaenderbehoerde@jena.de<\/a><\/li>\n<li><strong>Site Internet: <\/strong><a href=\"https:\/\/service.jena.de\/de\/aufenthaltserlaubnis-beschaeftigung\">https:\/\/service.jena.de\/<\/a><\/li>\n<li><strong>Horaires d&#039;ouvertures:<\/strong> voir site web<\/li>\n<\/ul>\n<p><iframe style=\"border: 0;\" tabindex=\"0\" src=\"https:\/\/www.google.com\/maps\/embed?pb=!1m18!1m12!1m3!1d40255.0849313891!2d11.572216199837351!3d50.906274336983195!2m3!1f0!2f0!3f0!3m2!1i1024!2i768!4f13.1!3m3!1m2!1s0x47a6aee893eb3c2f%3A0x884aa26ccf10066e!2sB%C3%BCrgeramt%20Jena!5e0!3m2!1sde!2sde!4v1612271875422!5m2!1sde!2sde\" width=\"600\" height=\"450\" frameborder=\"0\" allowfullscreen=\"allowfullscreen\" aria-hidden=\"false\"><\/iframe><\/p>\n<h3><strong>Rendez-vous au\u00a0<\/strong>Autorit\u00e9 des \u00e9trangers\u00a0<strong>\u00e0 I\u00e9na<\/strong><\/h3>\n<p>Dans la plupart des cas, vous pouvez prendre rendez-vous par t\u00e9l\u00e9phone, en utilisant le formulaire de contact ou via le portail de services de la ville concern\u00e9e. Assurez-vous d&#039;avoir tous les documents n\u00e9cessaires avant de vous rendre au bureau de l&#039;immigration.<\/p>\n<div class=\"su-note\"  style=\"border-color:#dadbdd;border-radius:2px;-moz-border-radius:2px;-webkit-border-radius:2px;\"><div class=\"su-note-inner su-u-clearfix su-u-trim\" style=\"background-color:#f4f5f7;border-color:#ffffff;color:#333333;border-radius:2px;-moz-border-radius:2px;-webkit-border-radius:2px;\"><strong>Un avis:<\/strong> Pour les offices, les autorit\u00e9s ou les tribunaux, vous avez g\u00e9n\u00e9ralement besoin des documents, certificats ou certificats comme <a href=\"https:\/\/auslaenderaemter.com\/fr\/traduction-certifiee-de-documents-officiels\/\">traduction certifi\u00e9e<\/a>.<\/div><\/div>\n<ul>\n<li>Avec un\u00a0<a href=\"https:\/\/auslaenderaemter.com\/fr\/declaration-dengagement\/\" data-wpel-link=\"internal\">d\u00e9claration d&#039;engagement<\/a>\u00a0vous pouvez autoriser les visiteurs \u00e9trangers \u00e0 entrer en Allemagne.<\/li>\n<li><strong>Vous attendez des visiteurs de l&#039;\u00e9tranger ?<\/strong>\u00a0Avec un\u00a0<a href=\"https:\/\/tidd.ly\/3u98xUL\" target=\"_blank\" rel=\"nofollow noopener external noreferrer\" data-wpel-link=\"external\">Assurance maladie de voyage pour les invit\u00e9s \u00e9trangers<\/a>* vous \u00eates enti\u00e8rement prot\u00e9g\u00e9 en Allemagne et en Europe.<\/li>\n<\/ul>\n<h3>Autres autorit\u00e9s d&#039;immigration<\/h3>\n<ul>\n<li><a href=\"https:\/\/auslaenderaemter.com\/fr\/bureaux-dimmigration-en-thuringe\/\">Bureaux d&#039;immigration en Thuringe<\/a><\/li>\n<li><a href=\"https:\/\/auslaenderaemter.com\/fr\/\">Bureaux d&#039;immigration en Allemagne<\/a><\/li>\n<\/ul>","protected":false},"excerpt":{"rendered":"<p>Ausl\u00e4nderamt \/ Ausl\u00e4nderbeh\u00f6rde in Jena &#8211; Adresse und Anschrift f\u00fcr Besucher Adresse: Stadtverwaltung Jena Ausl\u00e4nderbeh\u00f6rde, Richard-Sorge-Str. 4, 07747 Jena Telefon: (03641) 493760 Fax: (03641) 493769 E-Mail: auslaenderbehoerde@jena.de Webseite: https:\/\/service.jena.de\/ \u00d6ffnungszeiten: siehe Webseite Termin bei der\u00a0Ausl\u00e4nderbeh\u00f6rde\u00a0in Jena In den meisten F\u00e4llen k\u00f6nnen Sie telefonisch, per Kontaktformular oder \u00fcber das Service-Portal der jeweiligen Stadt einen Termin vereinbaren.&hellip;&nbsp;<a href=\"https:\/\/auslaenderaemter.com\/fr\/bureau-dimmigration-jena\/\" rel=\"bookmark\">En savoir plus &quot;<span class=\"screen-reader-text\">Bureau de l&#039;immigration d&#039;I\u00e9na<\/span><\/a><\/p>","protected":false},"author":1,"featured_media":37,"parent":0,"menu_order":0,"comment_status":"closed","ping_status":"closed","template":"","meta":{"neve_meta_sidebar":"full-width","neve_meta_container":"","neve_meta_enable_content_width":"on","neve_meta_content_width":100,"neve_meta_title_alignment":"","neve_meta_author_avatar":"","neve_post_elements_order":"","neve_meta_disable_header":"","neve_meta_disable_footer":"","neve_meta_disable_title":"","neve_meta_reading_time":"","footnotes":""},"class_list":["post-419","page","type-page","status-publish","has-post-thumbnail","hentry"],"yoast_head":"<!-- This site is optimized with the Yoast SEO plugin v27.3 - https:\/\/yoast.com\/product\/yoast-seo-wordpress\/ -->\n<title>Ausl\u00e4nderamt Jena | Adresse, Kontakt und \u00d6ffnungszeiten<\/title>\n<meta name=\"description\" content=\"Ausl\u00e4nderamt Jena | Adresse und Anschrift \u2713 Telefonnummer, Kontakt und \u00d6ffnungszeiten \u2713 Anfahrt \u2713 Ausl\u00e4nderbeh\u00f6rden\" \/>\n<meta name=\"robots\" content=\"index, follow, max-snippet:-1, max-image-preview:large, max-video-preview:-1\" \/>\n<link rel=\"canonical\" href=\"https:\/\/auslaenderaemter.com\/fr\/bureau-dimmigration-jena\/\" \/>\n<meta property=\"og:locale\" content=\"fr_FR\" \/>\n<meta property=\"og:type\" content=\"article\" \/>\n<meta property=\"og:title\" content=\"Ausl\u00e4nderamt Jena | Adresse, Kontakt und \u00d6ffnungszeiten\" \/>\n<meta property=\"og:description\" content=\"Ausl\u00e4nderamt Jena | Adresse und Anschrift \u2713 Telefonnummer, Kontakt und \u00d6ffnungszeiten \u2713 Anfahrt \u2713 Ausl\u00e4nderbeh\u00f6rden\" \/>\n<meta property=\"og:url\" content=\"https:\/\/auslaenderaemter.com\/fr\/bureau-dimmigration-jena\/\" \/>\n<meta property=\"og:site_name\" content=\"auslaenderaemter.com\" \/>\n<meta property=\"article:modified_time\" content=\"2023-01-28T15:57:49+00:00\" \/>\n<meta property=\"og:image\" content=\"https:\/\/auslaenderaemter.com\/wp-content\/uploads\/2021\/01\/city-263069_640.jpg\" \/>\n\t<meta property=\"og:image:width\" content=\"640\" \/>\n\t<meta property=\"og:image:height\" content=\"480\" \/>\n\t<meta property=\"og:image:type\" content=\"image\/jpeg\" \/>\n<meta name=\"twitter:card\" content=\"summary_large_image\" \/>\n<meta name=\"twitter:label1\" content=\"Dur\u00e9e de lecture estim\u00e9e\" \/>\n\t<meta name=\"twitter:data1\" content=\"1 minute\" \/>\n<script type=\"application\/ld+json\" class=\"yoast-schema-graph\">{\"@context\":\"https:\\\/\\\/schema.org\",\"@graph\":[{\"@type\":\"WebPage\",\"@id\":\"https:\\\/\\\/auslaenderaemter.com\\\/auslaenderamt-jena\\\/\",\"url\":\"https:\\\/\\\/auslaenderaemter.com\\\/auslaenderamt-jena\\\/\",\"name\":\"Ausl\u00e4nderamt Jena | Adresse, Kontakt und \u00d6ffnungszeiten\",\"isPartOf\":{\"@id\":\"https:\\\/\\\/auslaenderaemter.com\\\/#website\"},\"primaryImageOfPage\":{\"@id\":\"https:\\\/\\\/auslaenderaemter.com\\\/auslaenderamt-jena\\\/#primaryimage\"},\"image\":{\"@id\":\"https:\\\/\\\/auslaenderaemter.com\\\/auslaenderamt-jena\\\/#primaryimage\"},\"thumbnailUrl\":\"https:\\\/\\\/auslaenderaemter.com\\\/wp-content\\\/uploads\\\/2021\\\/01\\\/city-263069_640.jpg\",\"datePublished\":\"2021-02-02T13:18:10+00:00\",\"dateModified\":\"2023-01-28T15:57:49+00:00\",\"description\":\"Ausl\u00e4nderamt Jena | Adresse und Anschrift \u2713 Telefonnummer, Kontakt und \u00d6ffnungszeiten \u2713 Anfahrt \u2713 Ausl\u00e4nderbeh\u00f6rden\",\"breadcrumb\":{\"@id\":\"https:\\\/\\\/auslaenderaemter.com\\\/auslaenderamt-jena\\\/#breadcrumb\"},\"inLanguage\":\"fr-FR\",\"potentialAction\":[{\"@type\":\"ReadAction\",\"target\":[\"https:\\\/\\\/auslaenderaemter.com\\\/auslaenderamt-jena\\\/\"]}]},{\"@type\":\"ImageObject\",\"inLanguage\":\"fr-FR\",\"@id\":\"https:\\\/\\\/auslaenderaemter.com\\\/auslaenderamt-jena\\\/#primaryimage\",\"url\":\"https:\\\/\\\/auslaenderaemter.com\\\/wp-content\\\/uploads\\\/2021\\\/01\\\/city-263069_640.jpg\",\"contentUrl\":\"https:\\\/\\\/auslaenderaemter.com\\\/wp-content\\\/uploads\\\/2021\\\/01\\\/city-263069_640.jpg\",\"width\":640,\"height\":480,\"caption\":\"Ausl\u00e4nder\u00e4mter in Deutschland\"},{\"@type\":\"BreadcrumbList\",\"@id\":\"https:\\\/\\\/auslaenderaemter.com\\\/auslaenderamt-jena\\\/#breadcrumb\",\"itemListElement\":[{\"@type\":\"ListItem\",\"position\":1,\"name\":\"Startseite\",\"item\":\"https:\\\/\\\/auslaenderaemter.com\\\/\"},{\"@type\":\"ListItem\",\"position\":2,\"name\":\"Ausl\u00e4nderamt Jena\"}]},{\"@type\":\"WebSite\",\"@id\":\"https:\\\/\\\/auslaenderaemter.com\\\/#website\",\"url\":\"https:\\\/\\\/auslaenderaemter.com\\\/\",\"name\":\"auslaenderaemter.com\",\"description\":\"\",\"publisher\":{\"@id\":\"https:\\\/\\\/auslaenderaemter.com\\\/#organization\"},\"potentialAction\":[{\"@type\":\"SearchAction\",\"target\":{\"@type\":\"EntryPoint\",\"urlTemplate\":\"https:\\\/\\\/auslaenderaemter.com\\\/?s={search_term_string}\"},\"query-input\":{\"@type\":\"PropertyValueSpecification\",\"valueRequired\":true,\"valueName\":\"search_term_string\"}}],\"inLanguage\":\"fr-FR\"},{\"@type\":\"Organization\",\"@id\":\"https:\\\/\\\/auslaenderaemter.com\\\/#organization\",\"name\":\"auslaenderaemter.com\",\"url\":\"https:\\\/\\\/auslaenderaemter.com\\\/\",\"logo\":{\"@type\":\"ImageObject\",\"inLanguage\":\"fr-FR\",\"@id\":\"https:\\\/\\\/auslaenderaemter.com\\\/#\\\/schema\\\/logo\\\/image\\\/\",\"url\":\"https:\\\/\\\/auslaenderaemter.com\\\/wp-content\\\/uploads\\\/2021\\\/01\\\/cropped-Vollmond-info-13.png\",\"contentUrl\":\"https:\\\/\\\/auslaenderaemter.com\\\/wp-content\\\/uploads\\\/2021\\\/01\\\/cropped-Vollmond-info-13.png\",\"width\":500,\"height\":117,\"caption\":\"auslaenderaemter.com\"},\"image\":{\"@id\":\"https:\\\/\\\/auslaenderaemter.com\\\/#\\\/schema\\\/logo\\\/image\\\/\"}}]}<\/script>\n<!-- \/ Yoast SEO plugin. -->","yoast_head_json":{"title":"Bureau de l&#039;Immigration d&#039;I\u00e9na | Adresse, contact et heures d&#039;ouverture","description":"Bureau de l&#039;Immigration d&#039;I\u00e9na | Adresse et adresse \u2713 Num\u00e9ro de t\u00e9l\u00e9phone, contact et heures d&#039;ouverture \u2713 Itin\u00e9raire \u2713 Autorit\u00e9s d&#039;immigration","robots":{"index":"index","follow":"follow","max-snippet":"max-snippet:-1","max-image-preview":"max-image-preview:large","max-video-preview":"max-video-preview:-1"},"canonical":"https:\/\/auslaenderaemter.com\/fr\/bureau-dimmigration-jena\/","og_locale":"fr_FR","og_type":"article","og_title":"Ausl\u00e4nderamt Jena | Adresse, Kontakt und \u00d6ffnungszeiten","og_description":"Ausl\u00e4nderamt Jena | Adresse und Anschrift \u2713 Telefonnummer, Kontakt und \u00d6ffnungszeiten \u2713 Anfahrt \u2713 Ausl\u00e4nderbeh\u00f6rden","og_url":"https:\/\/auslaenderaemter.com\/fr\/bureau-dimmigration-jena\/","og_site_name":"auslaenderaemter.com","article_modified_time":"2023-01-28T15:57:49+00:00","og_image":[{"width":640,"height":480,"url":"https:\/\/auslaenderaemter.com\/wp-content\/uploads\/2021\/01\/city-263069_640.jpg","type":"image\/jpeg"}],"twitter_card":"summary_large_image","twitter_misc":{"Dur\u00e9e de lecture estim\u00e9e":"1 minute"},"schema":{"@context":"https:\/\/schema.org","@graph":[{"@type":"WebPage","@id":"https:\/\/auslaenderaemter.com\/auslaenderamt-jena\/","url":"https:\/\/auslaenderaemter.com\/auslaenderamt-jena\/","name":"Bureau de l&#039;Immigration d&#039;I\u00e9na | Adresse, contact et heures d&#039;ouverture","isPartOf":{"@id":"https:\/\/auslaenderaemter.com\/#website"},"primaryImageOfPage":{"@id":"https:\/\/auslaenderaemter.com\/auslaenderamt-jena\/#primaryimage"},"image":{"@id":"https:\/\/auslaenderaemter.com\/auslaenderamt-jena\/#primaryimage"},"thumbnailUrl":"https:\/\/auslaenderaemter.com\/wp-content\/uploads\/2021\/01\/city-263069_640.jpg","datePublished":"2021-02-02T13:18:10+00:00","dateModified":"2023-01-28T15:57:49+00:00","description":"Bureau de l&#039;Immigration d&#039;I\u00e9na | Adresse et adresse \u2713 Num\u00e9ro de t\u00e9l\u00e9phone, contact et heures d&#039;ouverture \u2713 Itin\u00e9raire \u2713 Autorit\u00e9s d&#039;immigration","breadcrumb":{"@id":"https:\/\/auslaenderaemter.com\/auslaenderamt-jena\/#breadcrumb"},"inLanguage":"fr-FR","potentialAction":[{"@type":"ReadAction","target":["https:\/\/auslaenderaemter.com\/auslaenderamt-jena\/"]}]},{"@type":"ImageObject","inLanguage":"fr-FR","@id":"https:\/\/auslaenderaemter.com\/auslaenderamt-jena\/#primaryimage","url":"https:\/\/auslaenderaemter.com\/wp-content\/uploads\/2021\/01\/city-263069_640.jpg","contentUrl":"https:\/\/auslaenderaemter.com\/wp-content\/uploads\/2021\/01\/city-263069_640.jpg","width":640,"height":480,"caption":"Ausl\u00e4nder\u00e4mter in Deutschland"},{"@type":"BreadcrumbList","@id":"https:\/\/auslaenderaemter.com\/auslaenderamt-jena\/#breadcrumb","itemListElement":[{"@type":"ListItem","position":1,"name":"Startseite","item":"https:\/\/auslaenderaemter.com\/"},{"@type":"ListItem","position":2,"name":"Ausl\u00e4nderamt Jena"}]},{"@type":"WebSite","@id":"https:\/\/auslaenderaemter.com\/#website","url":"https:\/\/auslaenderaemter.com\/","name":"auslaenderaemter.com","description":"","publisher":{"@id":"https:\/\/auslaenderaemter.com\/#organization"},"potentialAction":[{"@type":"SearchAction","target":{"@type":"EntryPoint","urlTemplate":"https:\/\/auslaenderaemter.com\/?s={search_term_string}"},"query-input":{"@type":"PropertyValueSpecification","valueRequired":true,"valueName":"search_term_string"}}],"inLanguage":"fr-FR"},{"@type":"Organization","@id":"https:\/\/auslaenderaemter.com\/#organization","name":"auslaenderaemter.com","url":"https:\/\/auslaenderaemter.com\/","logo":{"@type":"ImageObject","inLanguage":"fr-FR","@id":"https:\/\/auslaenderaemter.com\/#\/schema\/logo\/image\/","url":"https:\/\/auslaenderaemter.com\/wp-content\/uploads\/2021\/01\/cropped-Vollmond-info-13.png","contentUrl":"https:\/\/auslaenderaemter.com\/wp-content\/uploads\/2021\/01\/cropped-Vollmond-info-13.png","width":500,"height":117,"caption":"auslaenderaemter.com"},"image":{"@id":"https:\/\/auslaenderaemter.com\/#\/schema\/logo\/image\/"}}]}},"_links":{"self":[{"href":"https:\/\/auslaenderaemter.com\/fr\/wp-json\/wp\/v2\/pages\/419","targetHints":{"allow":["GET"]}}],"collection":[{"href":"https:\/\/auslaenderaemter.com\/fr\/wp-json\/wp\/v2\/pages"}],"about":[{"href":"https:\/\/auslaenderaemter.com\/fr\/wp-json\/wp\/v2\/types\/page"}],"author":[{"embeddable":true,"href":"https:\/\/auslaenderaemter.com\/fr\/wp-json\/wp\/v2\/users\/1"}],"replies":[{"embeddable":true,"href":"https:\/\/auslaenderaemter.com\/fr\/wp-json\/wp\/v2\/comments?post=419"}],"version-history":[{"count":0,"href":"https:\/\/auslaenderaemter.com\/fr\/wp-json\/wp\/v2\/pages\/419\/revisions"}],"wp:featuredmedia":[{"embeddable":true,"href":"https:\/\/auslaenderaemter.com\/fr\/wp-json\/wp\/v2\/media\/37"}],"wp:attachment":[{"href":"https:\/\/auslaenderaemter.com\/fr\/wp-json\/wp\/v2\/media?parent=419"}],"curies":[{"name":"wp","href":"https:\/\/api.w.org\/{rel}","templated":true}]}}