{"id":48,"date":"2021-01-26T14:30:14","date_gmt":"2021-01-26T13:30:14","guid":{"rendered":"https:\/\/auslaenderaemter.com\/?page_id=48"},"modified":"2022-07-04T18:43:28","modified_gmt":"2022-07-04T16:43:28","slug":"auslaenderaemter-in-berlin","status":"publish","type":"page","link":"https:\/\/auslaenderaemter.com\/fr\/bureaux-dimmigration-a-berlin\/","title":{"rendered":"Bureaux d&#039;immigration \u00e0 Berlin"},"content":{"rendered":"<p><strong>Vous trouverez ici les coordonn\u00e9es, les adresses et les heures d&#039;ouverture des bureaux d&#039;immigration \/ autorit\u00e9s d&#039;immigration - \u00e0 Berlin.<\/strong><\/p>\n<h2><span id=\"Uebersicht_aller_Jobcenter_in_Baden-Wuerttemberg\" class=\"ez-toc-section\">Aper\u00e7u de tous les bureaux d&#039;immigration \/ autorit\u00e9s d&#039;immigration \u00e0 Berlin<\/span><\/h2>\n<ul>\n<li><a href=\"https:\/\/auslaenderaemter.com\/fr\/bureau-dimmigration-berlin\/\">Berlin<\/a><\/li>\n<\/ul>\n<h3>T\u00e2ches des autorit\u00e9s de l&#039;immigration<\/h3>\n<p>Les autorit\u00e9s de l&#039;immigration sont comp\u00e9tentes pour les mesures relatives au droit de s\u00e9jour et au droit des passeports. Ils d\u00e9cident conform\u00e9ment \u00e0 la loi sur la r\u00e9sidence et aux dispositions des autres lois sur l&#039;immigration.<\/p>\n<p><strong>Les autres t\u00e2ches et services sont\u00a0:<\/strong><\/p>\n<ul>\n<li>Titre de s\u00e9jour \u00e9lectronique (eAT)<\/li>\n<li>Personne de contact pour l&#039;aide aux r\u00e9fugi\u00e9s<\/li>\n<li>permis de travail<\/li>\n<li>entr\u00e9e\u00a0<span class=\"highlight\">et<\/span>\u00a0Se loger en Allemagne<\/li>\n<li>asile<\/li>\n<li>l&#039;int\u00e9gration<\/li>\n<li>d\u00e9claration d&#039;engagement<\/li>\n<\/ul>\n<h3>Rendez-vous \u00e0 l&#039;Office des \u00e9trangers<\/h3>\n<p>Dans la plupart des cas, vous pouvez prendre rendez-vous par t\u00e9l\u00e9phone, en utilisant le formulaire de contact ou via le portail de services de la ville concern\u00e9e. Assurez-vous d&#039;avoir tous les documents n\u00e9cessaires avant de vous rendre au bureau de l&#039;immigration.<\/p>\n<div class=\"su-note\"  style=\"border-color:#dadbdd;border-radius:2px;-moz-border-radius:2px;-webkit-border-radius:2px;\"><div class=\"su-note-inner su-u-clearfix su-u-trim\" style=\"background-color:#f4f5f7;border-color:#ffffff;color:#333333;border-radius:2px;-moz-border-radius:2px;-webkit-border-radius:2px;\"><strong>Un avis:<\/strong> Pour les offices, les autorit\u00e9s ou les tribunaux, vous avez g\u00e9n\u00e9ralement besoin des documents, certificats ou certificats comme <a href=\"https:\/\/auslaenderaemter.com\/fr\/traduction-certifiee-de-documents-officiels\/\">traduction certifi\u00e9e<\/a>.<\/div><\/div>\n<ul>\n<li>Avec un\u00a0<a href=\"https:\/\/auslaenderaemter.com\/fr\/declaration-dengagement\/\" data-wpel-link=\"internal\">d\u00e9claration d&#039;engagement<\/a>\u00a0vous pouvez autoriser les visiteurs \u00e9trangers \u00e0 entrer en Allemagne.<\/li>\n<li><strong>Vous attendez des visiteurs de l&#039;\u00e9tranger ?<\/strong>\u00a0Avec un\u00a0<a href=\"https:\/\/tidd.ly\/3u98xUL\" target=\"_blank\" rel=\"nofollow noopener external noreferrer\" data-wpel-link=\"external\">Assurance maladie de voyage pour les invit\u00e9s \u00e9trangers<\/a>* vous \u00eates enti\u00e8rement prot\u00e9g\u00e9 en Allemagne et en Europe.<\/li>\n<\/ul>\n<h3>Plus loin <span class=\"ez-toc-section\">les services de l&#039;immigration <\/span>liens et sources<\/h3>\n<ul>\n<li><a href=\"https:\/\/auslaenderaemter.com\/fr\/\">Bureaux d&#039;immigration en Allemagne<\/a><\/li>\n<li><a href=\"https:\/\/www.bamf.de\/DE\/Startseite\/startseite_node.html\" target=\"_blank\" rel=\"noopener nofollow external noreferrer\" data-wpel-link=\"external\">Office f\u00e9d\u00e9ral des migrations et des r\u00e9fugi\u00e9s<\/a>\u00a0(BAMF)<\/li>\n<\/ul>","protected":false},"excerpt":{"rendered":"<p>Vous trouverez ici les coordonn\u00e9es, adresses et horaires d&#039;ouverture des bureaux d&#039;immigration\/autorit\u00e9s de l&#039;immigration \u00e0 Berlin. Vue d&#039;ensemble de tous les bureaux d&#039;immigration\/autorit\u00e9s de l&#039;immigration \u00e0 Berlin Berlin T\u00e2ches des autorit\u00e9s de l&#039;immigration Les autorit\u00e9s de l&#039;immigration sont responsables des mesures li\u00e9es au droit du s\u00e9jour et des passeports. Vous d\u00e9cidez conform\u00e9ment \u00e0 la loi sur le s\u00e9jour et aux dispositions d&#039;autres lois sur l&#039;immigration. D&#039;autres t\u00e2ches et services comprennent : Permis de s\u00e9jour \u00e9lectronique\u2026&nbsp;<a href=\"https:\/\/auslaenderaemter.com\/fr\/bureaux-dimmigration-a-berlin\/\" rel=\"bookmark\">En savoir plus &quot;<span class=\"screen-reader-text\">Bureaux d&#039;immigration \u00e0 Berlin<\/span><\/a><\/p>","protected":false},"author":1,"featured_media":37,"parent":0,"menu_order":0,"comment_status":"closed","ping_status":"closed","template":"","meta":{"neve_meta_sidebar":"full-width","neve_meta_container":"","neve_meta_enable_content_width":"on","neve_meta_content_width":100,"neve_meta_title_alignment":"","neve_meta_author_avatar":"","neve_post_elements_order":"","neve_meta_disable_header":"","neve_meta_disable_footer":"","neve_meta_disable_title":"","neve_meta_reading_time":"","footnotes":""},"class_list":["post-48","page","type-page","status-publish","has-post-thumbnail","hentry"],"yoast_head":"<!-- This site is optimized with the Yoast SEO plugin v27.3 - https:\/\/yoast.com\/product\/yoast-seo-wordpress\/ -->\n<title>Ausl\u00e4nder\u00e4mter in Berlin | Adresse, Anschrift und Kontakt<\/title>\n<meta name=\"description\" content=\"Ausl\u00e4nder\u00e4mter in Berlin | Adresse und Anschrift \u2713 Telefonnummer, Kontakt und \u00d6ffnungszeiten \u2713 Ausl\u00e4nderbeh\u00f6rden in Deutschland\" \/>\n<meta name=\"robots\" content=\"index, follow, max-snippet:-1, max-image-preview:large, max-video-preview:-1\" \/>\n<link rel=\"canonical\" href=\"https:\/\/auslaenderaemter.com\/fr\/bureaux-dimmigration-a-berlin\/\" \/>\n<meta property=\"og:locale\" content=\"fr_FR\" \/>\n<meta property=\"og:type\" content=\"article\" \/>\n<meta property=\"og:title\" content=\"Ausl\u00e4nder\u00e4mter in Berlin | Adresse, Anschrift und Kontakt\" \/>\n<meta property=\"og:description\" content=\"Ausl\u00e4nder\u00e4mter in Berlin | Adresse und Anschrift \u2713 Telefonnummer, Kontakt und \u00d6ffnungszeiten \u2713 Ausl\u00e4nderbeh\u00f6rden in Deutschland\" \/>\n<meta property=\"og:url\" content=\"https:\/\/auslaenderaemter.com\/fr\/bureaux-dimmigration-a-berlin\/\" \/>\n<meta property=\"og:site_name\" content=\"auslaenderaemter.com\" \/>\n<meta property=\"article:modified_time\" content=\"2022-07-04T16:43:28+00:00\" \/>\n<meta property=\"og:image\" content=\"https:\/\/auslaenderaemter.com\/wp-content\/uploads\/2021\/01\/city-263069_640.jpg\" \/>\n\t<meta property=\"og:image:width\" content=\"640\" \/>\n\t<meta property=\"og:image:height\" content=\"480\" \/>\n\t<meta property=\"og:image:type\" content=\"image\/jpeg\" \/>\n<meta name=\"twitter:card\" content=\"summary_large_image\" \/>\n<meta name=\"twitter:label1\" content=\"Dur\u00e9e de lecture estim\u00e9e\" \/>\n\t<meta name=\"twitter:data1\" content=\"1 minute\" \/>\n<script type=\"application\/ld+json\" class=\"yoast-schema-graph\">{\"@context\":\"https:\\\/\\\/schema.org\",\"@graph\":[{\"@type\":\"WebPage\",\"@id\":\"https:\\\/\\\/auslaenderaemter.com\\\/auslaenderaemter-in-berlin\\\/\",\"url\":\"https:\\\/\\\/auslaenderaemter.com\\\/auslaenderaemter-in-berlin\\\/\",\"name\":\"Ausl\u00e4nder\u00e4mter in Berlin | Adresse, Anschrift und Kontakt\",\"isPartOf\":{\"@id\":\"https:\\\/\\\/auslaenderaemter.com\\\/#website\"},\"primaryImageOfPage\":{\"@id\":\"https:\\\/\\\/auslaenderaemter.com\\\/auslaenderaemter-in-berlin\\\/#primaryimage\"},\"image\":{\"@id\":\"https:\\\/\\\/auslaenderaemter.com\\\/auslaenderaemter-in-berlin\\\/#primaryimage\"},\"thumbnailUrl\":\"https:\\\/\\\/auslaenderaemter.com\\\/wp-content\\\/uploads\\\/2021\\\/01\\\/city-263069_640.jpg\",\"datePublished\":\"2021-01-26T13:30:14+00:00\",\"dateModified\":\"2022-07-04T16:43:28+00:00\",\"description\":\"Ausl\u00e4nder\u00e4mter in Berlin | Adresse und Anschrift \u2713 Telefonnummer, Kontakt und \u00d6ffnungszeiten \u2713 Ausl\u00e4nderbeh\u00f6rden in Deutschland\",\"breadcrumb\":{\"@id\":\"https:\\\/\\\/auslaenderaemter.com\\\/auslaenderaemter-in-berlin\\\/#breadcrumb\"},\"inLanguage\":\"fr-FR\",\"potentialAction\":[{\"@type\":\"ReadAction\",\"target\":[\"https:\\\/\\\/auslaenderaemter.com\\\/auslaenderaemter-in-berlin\\\/\"]}]},{\"@type\":\"ImageObject\",\"inLanguage\":\"fr-FR\",\"@id\":\"https:\\\/\\\/auslaenderaemter.com\\\/auslaenderaemter-in-berlin\\\/#primaryimage\",\"url\":\"https:\\\/\\\/auslaenderaemter.com\\\/wp-content\\\/uploads\\\/2021\\\/01\\\/city-263069_640.jpg\",\"contentUrl\":\"https:\\\/\\\/auslaenderaemter.com\\\/wp-content\\\/uploads\\\/2021\\\/01\\\/city-263069_640.jpg\",\"width\":640,\"height\":480,\"caption\":\"Ausl\u00e4nder\u00e4mter in Deutschland\"},{\"@type\":\"BreadcrumbList\",\"@id\":\"https:\\\/\\\/auslaenderaemter.com\\\/auslaenderaemter-in-berlin\\\/#breadcrumb\",\"itemListElement\":[{\"@type\":\"ListItem\",\"position\":1,\"name\":\"Startseite\",\"item\":\"https:\\\/\\\/auslaenderaemter.com\\\/\"},{\"@type\":\"ListItem\",\"position\":2,\"name\":\"Ausl\u00e4nder\u00e4mter in Berlin\"}]},{\"@type\":\"WebSite\",\"@id\":\"https:\\\/\\\/auslaenderaemter.com\\\/#website\",\"url\":\"https:\\\/\\\/auslaenderaemter.com\\\/\",\"name\":\"auslaenderaemter.com\",\"description\":\"\",\"publisher\":{\"@id\":\"https:\\\/\\\/auslaenderaemter.com\\\/#organization\"},\"potentialAction\":[{\"@type\":\"SearchAction\",\"target\":{\"@type\":\"EntryPoint\",\"urlTemplate\":\"https:\\\/\\\/auslaenderaemter.com\\\/?s={search_term_string}\"},\"query-input\":{\"@type\":\"PropertyValueSpecification\",\"valueRequired\":true,\"valueName\":\"search_term_string\"}}],\"inLanguage\":\"fr-FR\"},{\"@type\":\"Organization\",\"@id\":\"https:\\\/\\\/auslaenderaemter.com\\\/#organization\",\"name\":\"auslaenderaemter.com\",\"url\":\"https:\\\/\\\/auslaenderaemter.com\\\/\",\"logo\":{\"@type\":\"ImageObject\",\"inLanguage\":\"fr-FR\",\"@id\":\"https:\\\/\\\/auslaenderaemter.com\\\/#\\\/schema\\\/logo\\\/image\\\/\",\"url\":\"https:\\\/\\\/auslaenderaemter.com\\\/wp-content\\\/uploads\\\/2021\\\/01\\\/cropped-Vollmond-info-13.png\",\"contentUrl\":\"https:\\\/\\\/auslaenderaemter.com\\\/wp-content\\\/uploads\\\/2021\\\/01\\\/cropped-Vollmond-info-13.png\",\"width\":500,\"height\":117,\"caption\":\"auslaenderaemter.com\"},\"image\":{\"@id\":\"https:\\\/\\\/auslaenderaemter.com\\\/#\\\/schema\\\/logo\\\/image\\\/\"}}]}<\/script>\n<!-- \/ Yoast SEO plugin. -->","yoast_head_json":{"title":"Bureaux d&#039;immigration \u00e0 Berlin | Adresse, adresse et contact","description":"Bureaux d&#039;immigration \u00e0 Berlin | Adresse et adresse \u2713 Num\u00e9ro de t\u00e9l\u00e9phone, contact et heures d&#039;ouverture \u2713 Autorit\u00e9s de l&#039;immigration en Allemagne","robots":{"index":"index","follow":"follow","max-snippet":"max-snippet:-1","max-image-preview":"max-image-preview:large","max-video-preview":"max-video-preview:-1"},"canonical":"https:\/\/auslaenderaemter.com\/fr\/bureaux-dimmigration-a-berlin\/","og_locale":"fr_FR","og_type":"article","og_title":"Ausl\u00e4nder\u00e4mter in Berlin | Adresse, Anschrift und Kontakt","og_description":"Ausl\u00e4nder\u00e4mter in Berlin | Adresse und Anschrift \u2713 Telefonnummer, Kontakt und \u00d6ffnungszeiten \u2713 Ausl\u00e4nderbeh\u00f6rden in Deutschland","og_url":"https:\/\/auslaenderaemter.com\/fr\/bureaux-dimmigration-a-berlin\/","og_site_name":"auslaenderaemter.com","article_modified_time":"2022-07-04T16:43:28+00:00","og_image":[{"width":640,"height":480,"url":"https:\/\/auslaenderaemter.com\/wp-content\/uploads\/2021\/01\/city-263069_640.jpg","type":"image\/jpeg"}],"twitter_card":"summary_large_image","twitter_misc":{"Dur\u00e9e de lecture estim\u00e9e":"1 minute"},"schema":{"@context":"https:\/\/schema.org","@graph":[{"@type":"WebPage","@id":"https:\/\/auslaenderaemter.com\/auslaenderaemter-in-berlin\/","url":"https:\/\/auslaenderaemter.com\/auslaenderaemter-in-berlin\/","name":"Bureaux d&#039;immigration \u00e0 Berlin | Adresse, adresse et contact","isPartOf":{"@id":"https:\/\/auslaenderaemter.com\/#website"},"primaryImageOfPage":{"@id":"https:\/\/auslaenderaemter.com\/auslaenderaemter-in-berlin\/#primaryimage"},"image":{"@id":"https:\/\/auslaenderaemter.com\/auslaenderaemter-in-berlin\/#primaryimage"},"thumbnailUrl":"https:\/\/auslaenderaemter.com\/wp-content\/uploads\/2021\/01\/city-263069_640.jpg","datePublished":"2021-01-26T13:30:14+00:00","dateModified":"2022-07-04T16:43:28+00:00","description":"Bureaux d&#039;immigration \u00e0 Berlin | Adresse et adresse \u2713 Num\u00e9ro de t\u00e9l\u00e9phone, contact et heures d&#039;ouverture \u2713 Autorit\u00e9s de l&#039;immigration en Allemagne","breadcrumb":{"@id":"https:\/\/auslaenderaemter.com\/auslaenderaemter-in-berlin\/#breadcrumb"},"inLanguage":"fr-FR","potentialAction":[{"@type":"ReadAction","target":["https:\/\/auslaenderaemter.com\/auslaenderaemter-in-berlin\/"]}]},{"@type":"ImageObject","inLanguage":"fr-FR","@id":"https:\/\/auslaenderaemter.com\/auslaenderaemter-in-berlin\/#primaryimage","url":"https:\/\/auslaenderaemter.com\/wp-content\/uploads\/2021\/01\/city-263069_640.jpg","contentUrl":"https:\/\/auslaenderaemter.com\/wp-content\/uploads\/2021\/01\/city-263069_640.jpg","width":640,"height":480,"caption":"Ausl\u00e4nder\u00e4mter in Deutschland"},{"@type":"BreadcrumbList","@id":"https:\/\/auslaenderaemter.com\/auslaenderaemter-in-berlin\/#breadcrumb","itemListElement":[{"@type":"ListItem","position":1,"name":"Startseite","item":"https:\/\/auslaenderaemter.com\/"},{"@type":"ListItem","position":2,"name":"Ausl\u00e4nder\u00e4mter in Berlin"}]},{"@type":"WebSite","@id":"https:\/\/auslaenderaemter.com\/#website","url":"https:\/\/auslaenderaemter.com\/","name":"auslaenderaemter.com","description":"","publisher":{"@id":"https:\/\/auslaenderaemter.com\/#organization"},"potentialAction":[{"@type":"SearchAction","target":{"@type":"EntryPoint","urlTemplate":"https:\/\/auslaenderaemter.com\/?s={search_term_string}"},"query-input":{"@type":"PropertyValueSpecification","valueRequired":true,"valueName":"search_term_string"}}],"inLanguage":"fr-FR"},{"@type":"Organization","@id":"https:\/\/auslaenderaemter.com\/#organization","name":"auslaenderaemter.com","url":"https:\/\/auslaenderaemter.com\/","logo":{"@type":"ImageObject","inLanguage":"fr-FR","@id":"https:\/\/auslaenderaemter.com\/#\/schema\/logo\/image\/","url":"https:\/\/auslaenderaemter.com\/wp-content\/uploads\/2021\/01\/cropped-Vollmond-info-13.png","contentUrl":"https:\/\/auslaenderaemter.com\/wp-content\/uploads\/2021\/01\/cropped-Vollmond-info-13.png","width":500,"height":117,"caption":"auslaenderaemter.com"},"image":{"@id":"https:\/\/auslaenderaemter.com\/#\/schema\/logo\/image\/"}}]}},"_links":{"self":[{"href":"https:\/\/auslaenderaemter.com\/fr\/wp-json\/wp\/v2\/pages\/48","targetHints":{"allow":["GET"]}}],"collection":[{"href":"https:\/\/auslaenderaemter.com\/fr\/wp-json\/wp\/v2\/pages"}],"about":[{"href":"https:\/\/auslaenderaemter.com\/fr\/wp-json\/wp\/v2\/types\/page"}],"author":[{"embeddable":true,"href":"https:\/\/auslaenderaemter.com\/fr\/wp-json\/wp\/v2\/users\/1"}],"replies":[{"embeddable":true,"href":"https:\/\/auslaenderaemter.com\/fr\/wp-json\/wp\/v2\/comments?post=48"}],"version-history":[{"count":0,"href":"https:\/\/auslaenderaemter.com\/fr\/wp-json\/wp\/v2\/pages\/48\/revisions"}],"wp:featuredmedia":[{"embeddable":true,"href":"https:\/\/auslaenderaemter.com\/fr\/wp-json\/wp\/v2\/media\/37"}],"wp:attachment":[{"href":"https:\/\/auslaenderaemter.com\/fr\/wp-json\/wp\/v2\/media?parent=48"}],"curies":[{"name":"wp","href":"https:\/\/api.w.org\/{rel}","templated":true}]}}