{"id":1795,"date":"2021-02-15T16:19:07","date_gmt":"2021-02-15T15:19:07","guid":{"rendered":"https:\/\/auslaenderaemter.com\/?page_id=1795"},"modified":"2023-08-08T19:57:56","modified_gmt":"2023-08-08T17:57:56","slug":"auslaenderamt-nuernberg","status":"publish","type":"page","link":"https:\/\/auslaenderaemter.com\/it\/ufficio-immigrazione-norimberga\/","title":{"rendered":"Ufficio Immigrazione Norimberga"},"content":{"rendered":"<h2>Ufficio Immigrazione \/ Ufficio Immigrazione a Norimberga \u2013 indirizzo e indirizzo per i visitatori<\/h2>\n<ul>\n<li><strong>Indirizzo:<\/strong> Ufficio di registrazione dei residenti Norimberga, Hirschelgasse 32 (Affari generali stranieri: livello 1 e livello 3), 90403 Norimberga<\/li>\n<li><strong>Telefono:<\/strong> 0911\/231-0<\/li>\n<li><strong>Sito web: <\/strong><a href=\"https:\/\/www.nuernberg.de\/\" target=\"_blank\" rel=\"noopener\">www.nuernberg.de<\/a><\/li>\n<li><strong>Orari di apertura:<\/strong> Solo su appuntamento tramite il portale dei servizi&quot;<a href=\"https:\/\/www.nuernberg.de\/internet\/auslaenderbehoerde\/einfach_online_machen.html\">La mia Norimberga<\/a>\u201e<\/li>\n<\/ul>\n<p><iframe style=\"border: 0;\" tabindex=\"0\" src=\"https:\/\/www.google.com\/maps\/embed?pb=!1m18!1m12!1m3!1d2593.449434608266!2d11.083066615918217!3d49.457122066315506!2m3!1f0!2f0!3f0!3m2!1i1024!2i768!4f13.1!3m3!1m2!1s0x479f57b9cd18dae9%3A0x5e32ed37ae1099a3!2zQXVzbMOkbmRlcmJlaMO2cmRl!5e0!3m2!1sde!2sde!4v1613402311665!5m2!1sde!2sde\" width=\"600\" height=\"450\" frameborder=\"0\" allowfullscreen=\"allowfullscreen\" aria-hidden=\"false\"><\/iframe><\/p>\n<h2>Ufficio Immigrazione Citt\u00e0 di Norimberga Regensburgerstrasse<\/h2>\n<p><img fetchpriority=\"high\" decoding=\"async\" class=\"alignnone wp-image-4062 size-full\" src=\"https:\/\/auslaenderaemter.com\/wp-content\/uploads\/2023\/08\/IMG_3541-scaled-e1691517458515.jpeg\" alt=\"Ufficio Immigrazione Norimberga\" width=\"600\" height=\"450\" srcset=\"https:\/\/auslaenderaemter.com\/wp-content\/uploads\/2023\/08\/IMG_3541-scaled-e1691517458515.jpeg 600w, https:\/\/auslaenderaemter.com\/wp-content\/uploads\/2023\/08\/IMG_3541-scaled-e1691517458515-300x225.jpeg 300w, https:\/\/auslaenderaemter.com\/wp-content\/uploads\/2023\/08\/IMG_3541-scaled-e1691517458515-16x12.jpeg 16w\" sizes=\"(max-width: 600px) 100vw, 600px\" \/><\/p>\n<ul>\n<li><strong>Indirizzo: <\/strong>Ufficio immigrazione della citt\u00e0 di Norimberga, Regensburger Str. 231, 90478 Norimberga<\/li>\n<li><strong>Telefono:<\/strong> 0911\/231-0<\/li>\n<li><strong>Fax:<\/strong> 0911 231-5777, -5781<strong><br \/>\n<\/strong><\/li>\n<li><strong>Sito web: <\/strong><a href=\"https:\/\/www.nuernberg.de\/internet\/auslaenderbehoerde\/\" target=\"_blank\" rel=\"noopener\">www.nuernberg.de<\/a><\/li>\n<li><strong>Orari di apertura:<\/strong> Solo su appuntamento luned\u00ec, marted\u00ec, gioved\u00ec, venerd\u00ec e su appuntamento<\/li>\n<\/ul>\n<p><iframe style=\"border: 0;\" src=\"https:\/\/www.google.com\/maps\/embed?pb=!1m18!1m12!1m3!1d2594.4741210903326!2d11.116821715658004!3d49.43775536769154!2m3!1f0!2f0!3f0!3m2!1i1024!2i768!4f13.1!3m3!1m2!1s0x479f59a64b01fc35%3A0x9217c7edfe5fac10!2sAusl%C3%A4nderbeh%C3%B6rde%20Stadt%20N%C3%BCrnberg!5e0!3m2!1sde!2sde!4v1614509343935!5m2!1sde!2sde\" width=\"600\" height=\"450\" allowfullscreen=\"allowfullscreen\"><\/iframe><\/p>\n<h3><strong>Appuntamento al <\/strong>Autorit\u00e0 per gli stranieri <strong>a Norimberga<\/strong><\/h3>\n<p>\u00c8 possibile ottenere un appuntamento presso l&#039;ufficio immigrazione di Norimberga solo tramite il portale dei servizi &quot;<a href=\"https:\/\/www.nuernberg.de\/internet\/auslaenderbehoerde\/einfach_online_machen.html\">La mia Norimberga<\/a>&quot;. Assicurati di avere tutti i documenti necessari prima di visitare l&#039;ufficio immigrazione.<\/p>\n<div class=\"su-note\"  style=\"border-color:#dadbdd;border-radius:2px;-moz-border-radius:2px;-webkit-border-radius:2px;\"><div class=\"su-note-inner su-u-clearfix su-u-trim\" style=\"background-color:#f4f5f7;border-color:#ffffff;color:#333333;border-radius:2px;-moz-border-radius:2px;-webkit-border-radius:2px;\"><strong>Un avviso:<\/strong> Per uffici, autorit\u00e0 o tribunali, di solito sono necessari documenti, certificati o certificati come <a href=\"https:\/\/auslaenderaemter.com\/it\/traduzione-certificata-di-documenti-ufficiali\/\">traduzione giurata<\/a>.<\/div><\/div>\n<ul>\n<li>Con un <a href=\"https:\/\/auslaenderaemter.com\/it\/dichiarazione-di-impegno\/\">dichiarazione di impegno<\/a> puoi consentire ai visitatori dall&#039;estero di entrare in Germania.<\/li>\n<li><strong>Aspetti visitatori dall&#039;estero?<\/strong> Con un <a href=\"https:\/\/tidd.ly\/3u98xUL\" target=\"_blank\" rel=\"nofollow noopener\">Assicurazione sanitaria di viaggio per gli ospiti stranieri<\/a>* sei completamente protetto in Germania e in Europa.<\/li>\n<\/ul>\n<h3>Altre autorit\u00e0 per l&#039;immigrazione<\/h3>\n<ul>\n<li><a href=\"https:\/\/auslaenderaemter.com\/it\/uffici-immigrazione-in-baviera\/\">Uffici Immigrazione in Baviera<\/a><\/li>\n<li><a href=\"https:\/\/auslaenderaemter.com\/it\/\">Uffici di immigrazione in Germania<\/a><\/li>\n<\/ul>","protected":false},"excerpt":{"rendered":"<p>Ufficio immigrazione \/ Ufficio immigrazione a Norimberga - Indirizzo e indirizzo per i visitatori Indirizzo: Ufficio residenti di Norimberga, Hirschelgasse 32 (Affari generali per gli stranieri: livello 1 e livello 3), 90403 Norimberga Telefono: 0911\/231-0 Sito web: www.nuernberg. de Orari di apertura: solo su appuntamento tramite il portale di servizi \u201cLa mia Norimberga\u201d Ufficio per gli stranieri Citt\u00e0 di Norimberga Regensburgerstra\u00dfe Indirizzo: Ufficio per gli stranieri Citt\u00e0 di Norimberga, Regensburger Str. 231, 90478 Norimberga Telefono: 0911\/231-0 Fax: 0911\u2026&nbsp;<a href=\"https:\/\/auslaenderaemter.com\/it\/ufficio-immigrazione-norimberga\/\" rel=\"bookmark\">Per saperne di pi\u00f9 &quot;<span class=\"screen-reader-text\">Ufficio Immigrazione Norimberga<\/span><\/a><\/p>","protected":false},"author":1,"featured_media":4062,"parent":0,"menu_order":0,"comment_status":"closed","ping_status":"closed","template":"","meta":{"neve_meta_sidebar":"full-width","neve_meta_container":"","neve_meta_enable_content_width":"on","neve_meta_content_width":100,"neve_meta_title_alignment":"","neve_meta_author_avatar":"","neve_post_elements_order":"","neve_meta_disable_header":"","neve_meta_disable_footer":"","neve_meta_disable_title":"","neve_meta_reading_time":"","footnotes":""},"class_list":["post-1795","page","type-page","status-publish","has-post-thumbnail","hentry"],"yoast_head":"<!-- This site is optimized with the Yoast SEO plugin v27.3 - https:\/\/yoast.com\/product\/yoast-seo-wordpress\/ -->\n<title>Ausl\u00e4nderamt N\u00fcrnberg | Adresse, Kontakt und \u00d6ffnungszeiten<\/title>\n<meta name=\"description\" content=\"Ausl\u00e4nderamt N\u00fcrnberg | Adresse und Anschrift \u2713 Telefonnummer, Kontakt und \u00d6ffnungszeiten \u2713 Anfahrt \u2713 Ausl\u00e4nderbeh\u00f6rden in Deutschland\" \/>\n<meta name=\"robots\" content=\"index, follow, max-snippet:-1, max-image-preview:large, max-video-preview:-1\" \/>\n<link rel=\"canonical\" href=\"https:\/\/auslaenderaemter.com\/it\/ufficio-immigrazione-norimberga\/\" \/>\n<meta property=\"og:locale\" content=\"it_IT\" \/>\n<meta property=\"og:type\" content=\"article\" \/>\n<meta property=\"og:title\" content=\"Ausl\u00e4nderamt N\u00fcrnberg | Adresse, Kontakt und \u00d6ffnungszeiten\" \/>\n<meta property=\"og:description\" content=\"Ausl\u00e4nderamt N\u00fcrnberg | Adresse und Anschrift \u2713 Telefonnummer, Kontakt und \u00d6ffnungszeiten \u2713 Anfahrt \u2713 Ausl\u00e4nderbeh\u00f6rden in Deutschland\" \/>\n<meta property=\"og:url\" content=\"https:\/\/auslaenderaemter.com\/it\/ufficio-immigrazione-norimberga\/\" \/>\n<meta property=\"og:site_name\" content=\"auslaenderaemter.com\" \/>\n<meta property=\"article:modified_time\" content=\"2023-08-08T17:57:56+00:00\" \/>\n<meta property=\"og:image\" content=\"https:\/\/auslaenderaemter.com\/wp-content\/uploads\/2023\/08\/IMG_3541-scaled-e1691517458515.jpeg\" \/>\n\t<meta property=\"og:image:width\" content=\"600\" \/>\n\t<meta property=\"og:image:height\" content=\"450\" \/>\n\t<meta property=\"og:image:type\" content=\"image\/jpeg\" \/>\n<meta name=\"twitter:card\" content=\"summary_large_image\" \/>\n<meta name=\"twitter:label1\" content=\"Tempo di lettura stimato\" \/>\n\t<meta name=\"twitter:data1\" content=\"2 minuti\" \/>\n<script type=\"application\/ld+json\" class=\"yoast-schema-graph\">{\"@context\":\"https:\\\/\\\/schema.org\",\"@graph\":[{\"@type\":\"WebPage\",\"@id\":\"https:\\\/\\\/auslaenderaemter.com\\\/auslaenderamt-nuernberg\\\/\",\"url\":\"https:\\\/\\\/auslaenderaemter.com\\\/auslaenderamt-nuernberg\\\/\",\"name\":\"Ausl\u00e4nderamt N\u00fcrnberg | Adresse, Kontakt und \u00d6ffnungszeiten\",\"isPartOf\":{\"@id\":\"https:\\\/\\\/auslaenderaemter.com\\\/#website\"},\"primaryImageOfPage\":{\"@id\":\"https:\\\/\\\/auslaenderaemter.com\\\/auslaenderamt-nuernberg\\\/#primaryimage\"},\"image\":{\"@id\":\"https:\\\/\\\/auslaenderaemter.com\\\/auslaenderamt-nuernberg\\\/#primaryimage\"},\"thumbnailUrl\":\"https:\\\/\\\/auslaenderaemter.com\\\/wp-content\\\/uploads\\\/2023\\\/08\\\/IMG_3541-scaled-e1691517458515.jpeg\",\"datePublished\":\"2021-02-15T15:19:07+00:00\",\"dateModified\":\"2023-08-08T17:57:56+00:00\",\"description\":\"Ausl\u00e4nderamt N\u00fcrnberg | Adresse und Anschrift \u2713 Telefonnummer, Kontakt und \u00d6ffnungszeiten \u2713 Anfahrt \u2713 Ausl\u00e4nderbeh\u00f6rden in Deutschland\",\"breadcrumb\":{\"@id\":\"https:\\\/\\\/auslaenderaemter.com\\\/auslaenderamt-nuernberg\\\/#breadcrumb\"},\"inLanguage\":\"it-IT\",\"potentialAction\":[{\"@type\":\"ReadAction\",\"target\":[\"https:\\\/\\\/auslaenderaemter.com\\\/auslaenderamt-nuernberg\\\/\"]}]},{\"@type\":\"ImageObject\",\"inLanguage\":\"it-IT\",\"@id\":\"https:\\\/\\\/auslaenderaemter.com\\\/auslaenderamt-nuernberg\\\/#primaryimage\",\"url\":\"https:\\\/\\\/auslaenderaemter.com\\\/wp-content\\\/uploads\\\/2023\\\/08\\\/IMG_3541-scaled-e1691517458515.jpeg\",\"contentUrl\":\"https:\\\/\\\/auslaenderaemter.com\\\/wp-content\\\/uploads\\\/2023\\\/08\\\/IMG_3541-scaled-e1691517458515.jpeg\",\"width\":600,\"height\":450,\"caption\":\"Ausl\u00e4nderamt N\u00fcrnberg\"},{\"@type\":\"BreadcrumbList\",\"@id\":\"https:\\\/\\\/auslaenderaemter.com\\\/auslaenderamt-nuernberg\\\/#breadcrumb\",\"itemListElement\":[{\"@type\":\"ListItem\",\"position\":1,\"name\":\"Startseite\",\"item\":\"https:\\\/\\\/auslaenderaemter.com\\\/\"},{\"@type\":\"ListItem\",\"position\":2,\"name\":\"Ausl\u00e4nderamt N\u00fcrnberg\"}]},{\"@type\":\"WebSite\",\"@id\":\"https:\\\/\\\/auslaenderaemter.com\\\/#website\",\"url\":\"https:\\\/\\\/auslaenderaemter.com\\\/\",\"name\":\"auslaenderaemter.com\",\"description\":\"\",\"publisher\":{\"@id\":\"https:\\\/\\\/auslaenderaemter.com\\\/#organization\"},\"potentialAction\":[{\"@type\":\"SearchAction\",\"target\":{\"@type\":\"EntryPoint\",\"urlTemplate\":\"https:\\\/\\\/auslaenderaemter.com\\\/?s={search_term_string}\"},\"query-input\":{\"@type\":\"PropertyValueSpecification\",\"valueRequired\":true,\"valueName\":\"search_term_string\"}}],\"inLanguage\":\"it-IT\"},{\"@type\":\"Organization\",\"@id\":\"https:\\\/\\\/auslaenderaemter.com\\\/#organization\",\"name\":\"auslaenderaemter.com\",\"url\":\"https:\\\/\\\/auslaenderaemter.com\\\/\",\"logo\":{\"@type\":\"ImageObject\",\"inLanguage\":\"it-IT\",\"@id\":\"https:\\\/\\\/auslaenderaemter.com\\\/#\\\/schema\\\/logo\\\/image\\\/\",\"url\":\"https:\\\/\\\/auslaenderaemter.com\\\/wp-content\\\/uploads\\\/2021\\\/01\\\/cropped-Vollmond-info-13.png\",\"contentUrl\":\"https:\\\/\\\/auslaenderaemter.com\\\/wp-content\\\/uploads\\\/2021\\\/01\\\/cropped-Vollmond-info-13.png\",\"width\":500,\"height\":117,\"caption\":\"auslaenderaemter.com\"},\"image\":{\"@id\":\"https:\\\/\\\/auslaenderaemter.com\\\/#\\\/schema\\\/logo\\\/image\\\/\"}}]}<\/script>\n<!-- \/ Yoast SEO plugin. -->","yoast_head_json":{"title":"Ufficio Immigrazione Norimberga | Indirizzo, contatti e orari di apertura","description":"Ufficio Immigrazione Norimberga | Indirizzo e indirizzo \u2713 Numero di telefono, contatti e orari di apertura \u2713 Indicazioni \u2713 Autorit\u00e0 per l&#039;immigrazione in Germania","robots":{"index":"index","follow":"follow","max-snippet":"max-snippet:-1","max-image-preview":"max-image-preview:large","max-video-preview":"max-video-preview:-1"},"canonical":"https:\/\/auslaenderaemter.com\/it\/ufficio-immigrazione-norimberga\/","og_locale":"it_IT","og_type":"article","og_title":"Ausl\u00e4nderamt N\u00fcrnberg | Adresse, Kontakt und \u00d6ffnungszeiten","og_description":"Ausl\u00e4nderamt N\u00fcrnberg | Adresse und Anschrift \u2713 Telefonnummer, Kontakt und \u00d6ffnungszeiten \u2713 Anfahrt \u2713 Ausl\u00e4nderbeh\u00f6rden in Deutschland","og_url":"https:\/\/auslaenderaemter.com\/it\/ufficio-immigrazione-norimberga\/","og_site_name":"auslaenderaemter.com","article_modified_time":"2023-08-08T17:57:56+00:00","og_image":[{"width":600,"height":450,"url":"https:\/\/auslaenderaemter.com\/wp-content\/uploads\/2023\/08\/IMG_3541-scaled-e1691517458515.jpeg","type":"image\/jpeg"}],"twitter_card":"summary_large_image","twitter_misc":{"Tempo di lettura stimato":"2 minuti"},"schema":{"@context":"https:\/\/schema.org","@graph":[{"@type":"WebPage","@id":"https:\/\/auslaenderaemter.com\/auslaenderamt-nuernberg\/","url":"https:\/\/auslaenderaemter.com\/auslaenderamt-nuernberg\/","name":"Ufficio Immigrazione Norimberga | Indirizzo, contatti e orari di apertura","isPartOf":{"@id":"https:\/\/auslaenderaemter.com\/#website"},"primaryImageOfPage":{"@id":"https:\/\/auslaenderaemter.com\/auslaenderamt-nuernberg\/#primaryimage"},"image":{"@id":"https:\/\/auslaenderaemter.com\/auslaenderamt-nuernberg\/#primaryimage"},"thumbnailUrl":"https:\/\/auslaenderaemter.com\/wp-content\/uploads\/2023\/08\/IMG_3541-scaled-e1691517458515.jpeg","datePublished":"2021-02-15T15:19:07+00:00","dateModified":"2023-08-08T17:57:56+00:00","description":"Ufficio Immigrazione Norimberga | Indirizzo e indirizzo \u2713 Numero di telefono, contatti e orari di apertura \u2713 Indicazioni \u2713 Autorit\u00e0 per l&#039;immigrazione in Germania","breadcrumb":{"@id":"https:\/\/auslaenderaemter.com\/auslaenderamt-nuernberg\/#breadcrumb"},"inLanguage":"it-IT","potentialAction":[{"@type":"ReadAction","target":["https:\/\/auslaenderaemter.com\/auslaenderamt-nuernberg\/"]}]},{"@type":"ImageObject","inLanguage":"it-IT","@id":"https:\/\/auslaenderaemter.com\/auslaenderamt-nuernberg\/#primaryimage","url":"https:\/\/auslaenderaemter.com\/wp-content\/uploads\/2023\/08\/IMG_3541-scaled-e1691517458515.jpeg","contentUrl":"https:\/\/auslaenderaemter.com\/wp-content\/uploads\/2023\/08\/IMG_3541-scaled-e1691517458515.jpeg","width":600,"height":450,"caption":"Ausl\u00e4nderamt N\u00fcrnberg"},{"@type":"BreadcrumbList","@id":"https:\/\/auslaenderaemter.com\/auslaenderamt-nuernberg\/#breadcrumb","itemListElement":[{"@type":"ListItem","position":1,"name":"Startseite","item":"https:\/\/auslaenderaemter.com\/"},{"@type":"ListItem","position":2,"name":"Ausl\u00e4nderamt N\u00fcrnberg"}]},{"@type":"WebSite","@id":"https:\/\/auslaenderaemter.com\/#website","url":"https:\/\/auslaenderaemter.com\/","name":"www.auslaenderaemter.com","description":"","publisher":{"@id":"https:\/\/auslaenderaemter.com\/#organization"},"potentialAction":[{"@type":"SearchAction","target":{"@type":"EntryPoint","urlTemplate":"https:\/\/auslaenderaemter.com\/?s={search_term_string}"},"query-input":{"@type":"PropertyValueSpecification","valueRequired":true,"valueName":"search_term_string"}}],"inLanguage":"it-IT"},{"@type":"Organization","@id":"https:\/\/auslaenderaemter.com\/#organization","name":"www.auslaenderaemter.com","url":"https:\/\/auslaenderaemter.com\/","logo":{"@type":"ImageObject","inLanguage":"it-IT","@id":"https:\/\/auslaenderaemter.com\/#\/schema\/logo\/image\/","url":"https:\/\/auslaenderaemter.com\/wp-content\/uploads\/2021\/01\/cropped-Vollmond-info-13.png","contentUrl":"https:\/\/auslaenderaemter.com\/wp-content\/uploads\/2021\/01\/cropped-Vollmond-info-13.png","width":500,"height":117,"caption":"auslaenderaemter.com"},"image":{"@id":"https:\/\/auslaenderaemter.com\/#\/schema\/logo\/image\/"}}]}},"_links":{"self":[{"href":"https:\/\/auslaenderaemter.com\/it\/wp-json\/wp\/v2\/pages\/1795","targetHints":{"allow":["GET"]}}],"collection":[{"href":"https:\/\/auslaenderaemter.com\/it\/wp-json\/wp\/v2\/pages"}],"about":[{"href":"https:\/\/auslaenderaemter.com\/it\/wp-json\/wp\/v2\/types\/page"}],"author":[{"embeddable":true,"href":"https:\/\/auslaenderaemter.com\/it\/wp-json\/wp\/v2\/users\/1"}],"replies":[{"embeddable":true,"href":"https:\/\/auslaenderaemter.com\/it\/wp-json\/wp\/v2\/comments?post=1795"}],"version-history":[{"count":0,"href":"https:\/\/auslaenderaemter.com\/it\/wp-json\/wp\/v2\/pages\/1795\/revisions"}],"wp:featuredmedia":[{"embeddable":true,"href":"https:\/\/auslaenderaemter.com\/it\/wp-json\/wp\/v2\/media\/4062"}],"wp:attachment":[{"href":"https:\/\/auslaenderaemter.com\/it\/wp-json\/wp\/v2\/media?parent=1795"}],"curies":[{"name":"parola chiave","href":"https:\/\/api.w.org\/{rel}","templated":true}]}}