{"id":1859,"date":"2021-02-15T21:52:36","date_gmt":"2021-02-15T20:52:36","guid":{"rendered":"https:\/\/auslaenderaemter.com\/?page_id=1859"},"modified":"2024-10-06T17:04:42","modified_gmt":"2024-10-06T15:04:42","slug":"auslaenderaemter-in-deutschland","status":"publish","type":"page","link":"https:\/\/auslaenderaemter.com\/it\/","title":{"rendered":"Uffici di immigrazione in Germania"},"content":{"rendered":"<p>Benvenuti nel nostro sito web auslaenderaemter.com. Il nostro sito Web offre una panoramica completa di <strong>dettagli del contatto<\/strong>, <strong>indirizzi<\/strong>, <strong>orari di apertura<\/strong> e maggiori informazioni su tutti <strong>Uffici di immigrazione in Germania<\/strong>. Questo dovrebbe renderti pi\u00f9 facile trovare il tuo ufficio immigrazione responsabile. Per domande su visti e ingresso, si prega di contattare l&#039;ufficio immigrazione competente. Non possiamo rispondere a queste richieste. Il nostro sito Web ha solo lo scopo di fornire una panoramica di dove puoi contattarci.<\/p>\n<p><script async src=\"https:\/\/cse.google.com\/cse.js?cx=b1e0ab9caab017756\"><\/script><\/p>\n<div class=\"gcse-search\"><\/div>\n<h3>Seleziona il tuo stato<\/h3>\n<ul>\n<li><a href=\"https:\/\/auslaenderaemter.com\/it\/uffici-immigrazione-in-baden-wuerttemberg\/\">Uffici di immigrazione nel Baden-W\u00fcrttemberg<\/a><\/li>\n<li><a href=\"https:\/\/auslaenderaemter.com\/it\/uffici-immigrazione-in-baviera\/\">Uffici Immigrazione in Baviera<\/a><\/li>\n<li><a href=\"https:\/\/auslaenderaemter.com\/it\/uffici-immigrazione-a-berlino\/\">Uffici di immigrazione a Berlino<\/a><\/li>\n<li><a href=\"https:\/\/auslaenderaemter.com\/it\/uffici-immigrazione-in-brandeburgo\/\">Uffici di immigrazione nel Brandeburgo<\/a><\/li>\n<li><a href=\"https:\/\/auslaenderaemter.com\/it\/uffici-immigrazione-a-brema\/\">Uffici Immigrazione a Brema<\/a><\/li>\n<li><a href=\"https:\/\/auslaenderaemter.com\/it\/uffici-immigrazione-ad-amburgo\/\">Uffici di immigrazione ad Amburgo<\/a><\/li>\n<li><a href=\"https:\/\/auslaenderaemter.com\/it\/uffici-immigrazione-in-hesse\/\">Uffici dell&#039;immigrazione in Assia<\/a><\/li>\n<li><a href=\"https:\/\/auslaenderaemter.com\/it\/uffici-immigrazione-nel-meclemburgo-pomerania-anteriore\/\">Uffici per l'immigrazione nel Mecklenburg-Vorpommern<\/a><\/li>\n<li><a href=\"https:\/\/auslaenderaemter.com\/it\/uffici-immigrazione-in-bassa-sassonia\/\">Uffici per l&#039;immigrazione in Bassa Sassonia<\/a><\/li>\n<li><a href=\"https:\/\/auslaenderaemter.com\/it\/uffici-di-immigrazione-nel-reno-settentrionale-vestfalia\/\">Uffici per l&#039;immigrazione nel Nord Reno-Westfalia<\/a><\/li>\n<li><a href=\"https:\/\/auslaenderaemter.com\/it\/uffici-immigrazione-in-renania-palatinato\/\">Uffici di immigrazione in Renania-Palatinato<\/a><\/li>\n<li><a href=\"https:\/\/auslaenderaemter.com\/it\/uffici-di-immigrazione-nel-saarland\/\">Uffici di immigrazione nel Saarland<\/a><\/li>\n<li><a href=\"https:\/\/auslaenderaemter.com\/it\/uffici-immigrazione-in-sassonia\/\">Uffici di immigrazione in Sassonia<\/a><\/li>\n<li><a href=\"https:\/\/auslaenderaemter.com\/it\/uffici-immigrazione-in-sassonia-anhalt\/\">Uffici di immigrazione in Sassonia-Anhalt<\/a><\/li>\n<li><a href=\"https:\/\/auslaenderaemter.com\/it\/uffici-immigrazione-in-schleswig-holstein\/\">Uffici di immigrazione nello Schleswig-Holstein<\/a><\/li>\n<li><a href=\"https:\/\/auslaenderaemter.com\/it\/uffici-immigrazione-in-turingia\/\">Uffici di immigrazione in Turingia<\/a><\/li>\n<\/ul>\n<p class=\"LC20lb DKV0Md\">Tutte le informazioni senza garanzia e soggette a modifiche<\/p>\n<h2>Cos&#039;\u00e8 un ufficio immigrazione?<\/h2>\n<p>Secondo la sezione 71 della legge sulla residenza, gli uffici di immigrazione sono responsabili delle misure e delle decisioni relative alla residenza e al diritto dei passaporti. Adottano misure e decisioni sulla residenza, l&#039;occupazione e l&#039;integrazione degli stranieri in Germania.<\/p>\n<p>In Germania, di solito ci sono uffici di immigrazione in ogni distretto o distretto urbano. A loro \u00e8 affidato il compito di far rispettare la legge sull&#039;immigrazione. Anche le citt\u00e0 pi\u00f9 grandi che appartengono a un distretto possono avere le proprie autorit\u00e0 per l&#039;immigrazione, ma questo dipende dal rispettivo stato federale. In Assia, ad esempio, tutte le citt\u00e0 con 50.000 o pi\u00f9 residenti hanno il proprio ufficio immigrazione.<\/p>\n<h2>Di cosa sono responsabili le autorit\u00e0 per l&#039;immigrazione?<\/h2>\n<p>Le autorit\u00e0 per l&#039;immigrazione sono responsabili del rilascio o del rifiuto dei permessi di soggiorno ai sensi delle pertinenti finalit\u00e0 di soggiorno della legge sul soggiorno, della decisione sulla concessione dei permessi di soggiorno, della decisione e dell&#039;eventuale esecuzione di espulsioni o deportazioni.<\/p>\n<p>Inoltre, mette accanto all&#039;appropriato <a href=\"https:\/\/auslaenderaemter.com\/it\/permesso-di-residenza-2\/\">permessi di soggiorno<\/a> ugualmente sostituire i documenti del passaporto. Decide sul rilascio dei permessi di soggiorno per gli sfollati - l&#039;attuazione della procedura di asilo in quanto tale \u00e8 di competenza dell&#039;Ufficio federale della migrazione e dei rifugiati (BAMF) - e della tolleranza, nonch\u00e9 dei documenti di viaggio per gli stranieri. Inoltre, viene presa una decisione sull&#039;esistenza dei requisiti legali per il ricongiungimento familiare. Le autorit\u00e0 di immigrazione sono coinvolte nel rilascio dei visti.<\/p>\n<p>Gli uffici di immigrazione sono responsabili di una serie di altri compiti. Il termine per i permessi di soggiorno, il diniego <a href=\"https:\/\/auslaenderaemter.com\/it\/permesso-di-residenza\/\">permesso di residenza<\/a>, impartire ordini di lasciare il Paese ai sensi della Legge sulla Residenza nei casi in cui sussista l&#039;obbligo di lasciare il Paese, chiarire l&#039;identit\u00e0 degli stranieri e molti altri compiti rientrano nell&#039;area di attivit\u00e0 delle autorit\u00e0 per gli stranieri. Ecco una panoramica di ci\u00f2 di cui sono responsabili gli uffici di immigrazione nel tuo distretto o citt\u00e0:<\/p>\n<ul>\n<li>aiuto ai profughi<\/li>\n<li>procedura di asilo<\/li>\n<li>Ingresso e soggiorno in Germania<\/li>\n<li>corso di integrazione<\/li>\n<li>Cure mediche e costi<\/li>\n<li>diritto al beneficio<\/li>\n<li>stato civile<\/li>\n<li>Registrati<\/li>\n<li>assistenza sociale<\/li>\n<li>opzioni di alloggio<\/li>\n<li>dichiarazione di impegno<\/li>\n<\/ul>\n<h3>Giurisdizione Locale<\/h3>\n<p>La giurisdizione locale per uno straniero non \u00e8 regolata dalla legge federale, ma dalla legge statale supplementare. In linea di principio, tuttavia, puoi presumere che la giurisdizione locale dipenda dal tuo luogo di residenza abituale.<\/p>\n<h3>Come viene regolata l&#039;effettiva attuazione delle decisioni nei L\u00e4nder?<\/h3>\n<p>Le autorit\u00e0 per l&#039;immigrazione sono responsabili dell&#039;esecuzione delle decisioni speciali di fine soggiorno e delle decisioni negative in materia di asilo del BAMF. Valutano i requisiti legali per l&#039;espulsione dello straniero. Quindi registrano i voli appropriati con le autorit\u00e0 responsabili. Per l&#039;effettiva applicazione, sono spesso controllati dalla polizia di stato competente. Un&#039;eccezione \u00e8 il Nord Reno-Westfalia, dove le autorit\u00e0 per gli stranieri, che hanno lo status di autorit\u00e0 di regolamentazione speciale ai sensi della sezione 12 OBG, effettuano deportazioni e misure di detenzione (sezione 62 AufenthG) con alcuni agenti di polizia per Questi hanno la stessa legittimazione degli agenti di polizia e sono garantiti come agenti delle forze dell&#039;ordine attraverso la sezione 113 del codice penale.<\/p>\n<p>Se sei interessato a un visto per visitatori, Schengen o per studenti, a seconda del tuo paese di origine, sei tenuto a presentare una dichiarazione di impegno all&#039;ufficio immigrazione competente. Con questa dichiarazione presentata e firmata, ti impegni a sostenere tutti i costi relativi al soggiorno del tuo visitatore. Su auslaenderaemter.com troverai ulteriori informazioni preziose sul completamento di un visto online <a href=\"https:\/\/auslaenderaemter.com\/it\/assicurazione-per-ospiti-stranieri\/\">Assicurazione per gli ospiti stranieri<\/a> e garantire la dichiarazione di impegno.<\/p>\n<h3 id=\"customheading6\"><strong>Ulteriori link e fonti<\/strong><\/h3>\n<ul>\n<li><a href=\"https:\/\/auslaenderaemter.com\/it\/dichiarazione-di-impegno\/\"><span class=\"teaser__headline-content\">Informazioni sulla dichiarazione di impegno<\/span><\/a><\/li>\n<li><a href=\"https:\/\/www.bamf.de\/DE\/Startseite\/startseite_node.html\" target=\"_blank\" rel=\"noopener\">Ufficio federale della migrazione e dei rifugiati<\/a> (BAMF)<\/li>\n<\/ul>","protected":false},"excerpt":{"rendered":"<p>Benvenuti nel nostro sito www.auslaenderaemter.com. Il nostro sito Web fornisce una panoramica completa di dati di contatto, indirizzi, orari di apertura e altre informazioni per tutti gli uffici di immigrazione in Germania. Questo dovrebbe renderti pi\u00f9 facile trovare il tuo ufficio immigrazione responsabile. Per domande su visti e ingresso, si prega di contattare l&#039;ufficio immigrazione responsabile. Non possiamo accettare queste richieste...&nbsp;<a href=\"https:\/\/auslaenderaemter.com\/it\/\" rel=\"bookmark\">Per saperne di pi\u00f9 &quot;<span class=\"screen-reader-text\">Uffici di immigrazione in Germania<\/span><\/a><\/p>","protected":false},"author":1,"featured_media":37,"parent":0,"menu_order":0,"comment_status":"closed","ping_status":"closed","template":"","meta":{"neve_meta_sidebar":"full-width","neve_meta_container":"","neve_meta_enable_content_width":"on","neve_meta_content_width":100,"neve_meta_title_alignment":"","neve_meta_author_avatar":"","neve_post_elements_order":"","neve_meta_disable_header":"","neve_meta_disable_footer":"","neve_meta_disable_title":"","neve_meta_reading_time":"","footnotes":""},"class_list":["post-1859","page","type-page","status-publish","has-post-thumbnail","hentry"],"yoast_head":"<!-- This site is optimized with the Yoast SEO plugin v27.4 - https:\/\/yoast.com\/product\/yoast-seo-wordpress\/ -->\n<title>Ausl\u00e4nder\u00e4mter in Deutschland | Ausl\u00e4nderbeh\u00f6rden<\/title>\n<meta name=\"description\" content=\"Ausl\u00e4nder\u00e4mter in Deutschland | Hier finden Sie alle Kontaktinformationen nach Bundesl\u00e4nder geordnet | Adresse \u260e Telefon \u23f2 \u00d6ffnungszeiten\" \/>\n<meta name=\"robots\" content=\"index, follow, max-snippet:-1, max-image-preview:large, max-video-preview:-1\" \/>\n<link rel=\"canonical\" href=\"https:\/\/auslaenderaemter.com\/it\/\" \/>\n<meta property=\"og:locale\" content=\"it_IT\" \/>\n<meta property=\"og:type\" content=\"article\" \/>\n<meta property=\"og:title\" content=\"Ausl\u00e4nder\u00e4mter in Deutschland | Ausl\u00e4nderbeh\u00f6rden\" \/>\n<meta property=\"og:description\" content=\"Ausl\u00e4nder\u00e4mter in Deutschland | Hier finden Sie alle Kontaktinformationen nach Bundesl\u00e4nder geordnet | Adresse \u260e Telefon \u23f2 \u00d6ffnungszeiten\" \/>\n<meta property=\"og:url\" content=\"https:\/\/auslaenderaemter.com\/it\/\" \/>\n<meta property=\"og:site_name\" content=\"auslaenderaemter.com\" \/>\n<meta property=\"article:modified_time\" content=\"2024-10-06T15:04:42+00:00\" \/>\n<meta property=\"og:image\" content=\"https:\/\/auslaenderaemter.com\/wp-content\/uploads\/2021\/01\/city-263069_640.jpg\" \/>\n\t<meta property=\"og:image:width\" content=\"640\" \/>\n\t<meta property=\"og:image:height\" content=\"480\" \/>\n\t<meta property=\"og:image:type\" content=\"image\/jpeg\" \/>\n<meta name=\"twitter:card\" content=\"summary_large_image\" \/>\n<meta name=\"twitter:label1\" content=\"Tempo di lettura stimato\" \/>\n\t<meta name=\"twitter:data1\" content=\"4 minuti\" \/>\n<script type=\"application\/ld+json\" class=\"yoast-schema-graph\">{\"@context\":\"https:\\\/\\\/schema.org\",\"@graph\":[{\"@type\":\"WebPage\",\"@id\":\"https:\\\/\\\/auslaenderaemter.com\\\/\",\"url\":\"https:\\\/\\\/auslaenderaemter.com\\\/\",\"name\":\"Ausl\u00e4nder\u00e4mter in Deutschland | Ausl\u00e4nderbeh\u00f6rden\",\"isPartOf\":{\"@id\":\"https:\\\/\\\/auslaenderaemter.com\\\/#website\"},\"primaryImageOfPage\":{\"@id\":\"https:\\\/\\\/auslaenderaemter.com\\\/#primaryimage\"},\"image\":{\"@id\":\"https:\\\/\\\/auslaenderaemter.com\\\/#primaryimage\"},\"thumbnailUrl\":\"https:\\\/\\\/auslaenderaemter.com\\\/wp-content\\\/uploads\\\/2021\\\/01\\\/city-263069_640.jpg\",\"datePublished\":\"2021-02-15T20:52:36+00:00\",\"dateModified\":\"2024-10-06T15:04:42+00:00\",\"description\":\"Ausl\u00e4nder\u00e4mter in Deutschland | Hier finden Sie alle Kontaktinformationen nach Bundesl\u00e4nder geordnet | Adresse \u260e Telefon \u23f2 \u00d6ffnungszeiten\",\"breadcrumb\":{\"@id\":\"https:\\\/\\\/auslaenderaemter.com\\\/#breadcrumb\"},\"inLanguage\":\"it-IT\",\"potentialAction\":[{\"@type\":\"ReadAction\",\"target\":[\"https:\\\/\\\/auslaenderaemter.com\\\/\"]}]},{\"@type\":\"ImageObject\",\"inLanguage\":\"it-IT\",\"@id\":\"https:\\\/\\\/auslaenderaemter.com\\\/#primaryimage\",\"url\":\"https:\\\/\\\/auslaenderaemter.com\\\/wp-content\\\/uploads\\\/2021\\\/01\\\/city-263069_640.jpg\",\"contentUrl\":\"https:\\\/\\\/auslaenderaemter.com\\\/wp-content\\\/uploads\\\/2021\\\/01\\\/city-263069_640.jpg\",\"width\":640,\"height\":480,\"caption\":\"Ausl\u00e4nder\u00e4mter in Deutschland\"},{\"@type\":\"BreadcrumbList\",\"@id\":\"https:\\\/\\\/auslaenderaemter.com\\\/#breadcrumb\",\"itemListElement\":[{\"@type\":\"ListItem\",\"position\":1,\"name\":\"Startseite\",\"item\":\"https:\\\/\\\/auslaenderaemter.com\\\/\"},{\"@type\":\"ListItem\",\"position\":2,\"name\":\"Ausl\u00e4nder\u00e4mter in Deutschland\"}]},{\"@type\":\"WebSite\",\"@id\":\"https:\\\/\\\/auslaenderaemter.com\\\/#website\",\"url\":\"https:\\\/\\\/auslaenderaemter.com\\\/\",\"name\":\"auslaenderaemter.com\",\"description\":\"\",\"publisher\":{\"@id\":\"https:\\\/\\\/auslaenderaemter.com\\\/#organization\"},\"potentialAction\":[{\"@type\":\"SearchAction\",\"target\":{\"@type\":\"EntryPoint\",\"urlTemplate\":\"https:\\\/\\\/auslaenderaemter.com\\\/?s={search_term_string}\"},\"query-input\":{\"@type\":\"PropertyValueSpecification\",\"valueRequired\":true,\"valueName\":\"search_term_string\"}}],\"inLanguage\":\"it-IT\"},{\"@type\":\"Organization\",\"@id\":\"https:\\\/\\\/auslaenderaemter.com\\\/#organization\",\"name\":\"auslaenderaemter.com\",\"url\":\"https:\\\/\\\/auslaenderaemter.com\\\/\",\"logo\":{\"@type\":\"ImageObject\",\"inLanguage\":\"it-IT\",\"@id\":\"https:\\\/\\\/auslaenderaemter.com\\\/#\\\/schema\\\/logo\\\/image\\\/\",\"url\":\"https:\\\/\\\/auslaenderaemter.com\\\/wp-content\\\/uploads\\\/2021\\\/01\\\/cropped-Vollmond-info-13.png\",\"contentUrl\":\"https:\\\/\\\/auslaenderaemter.com\\\/wp-content\\\/uploads\\\/2021\\\/01\\\/cropped-Vollmond-info-13.png\",\"width\":500,\"height\":117,\"caption\":\"auslaenderaemter.com\"},\"image\":{\"@id\":\"https:\\\/\\\/auslaenderaemter.com\\\/#\\\/schema\\\/logo\\\/image\\\/\"}}]}<\/script>\n<!-- \/ Yoast SEO plugin. -->","yoast_head_json":{"title":"Uffici dell&#039;immigrazione in Germania | autorit\u00e0 per l&#039;immigrazione","description":"Uffici dell&#039;immigrazione in Germania | Qui troverai tutte le informazioni di contatto ordinate per stato federale | Indirizzo \u260e Telefono \u23f2 Orari di apertura","robots":{"index":"index","follow":"follow","max-snippet":"max-snippet:-1","max-image-preview":"max-image-preview:large","max-video-preview":"max-video-preview:-1"},"canonical":"https:\/\/auslaenderaemter.com\/it\/","og_locale":"it_IT","og_type":"article","og_title":"Ausl\u00e4nder\u00e4mter in Deutschland | Ausl\u00e4nderbeh\u00f6rden","og_description":"Ausl\u00e4nder\u00e4mter in Deutschland | Hier finden Sie alle Kontaktinformationen nach Bundesl\u00e4nder geordnet | Adresse \u260e Telefon \u23f2 \u00d6ffnungszeiten","og_url":"https:\/\/auslaenderaemter.com\/it\/","og_site_name":"auslaenderaemter.com","article_modified_time":"2024-10-06T15:04:42+00:00","og_image":[{"width":640,"height":480,"url":"https:\/\/auslaenderaemter.com\/wp-content\/uploads\/2021\/01\/city-263069_640.jpg","type":"image\/jpeg"}],"twitter_card":"summary_large_image","twitter_misc":{"Tempo di lettura stimato":"4 minuti"},"schema":{"@context":"https:\/\/schema.org","@graph":[{"@type":"WebPage","@id":"https:\/\/auslaenderaemter.com\/","url":"https:\/\/auslaenderaemter.com\/","name":"Uffici dell&#039;immigrazione in Germania | autorit\u00e0 per l&#039;immigrazione","isPartOf":{"@id":"https:\/\/auslaenderaemter.com\/#website"},"primaryImageOfPage":{"@id":"https:\/\/auslaenderaemter.com\/#primaryimage"},"image":{"@id":"https:\/\/auslaenderaemter.com\/#primaryimage"},"thumbnailUrl":"https:\/\/auslaenderaemter.com\/wp-content\/uploads\/2021\/01\/city-263069_640.jpg","datePublished":"2021-02-15T20:52:36+00:00","dateModified":"2024-10-06T15:04:42+00:00","description":"Uffici dell&#039;immigrazione in Germania | Qui troverai tutte le informazioni di contatto ordinate per stato federale | Indirizzo \u260e Telefono \u23f2 Orari di apertura","breadcrumb":{"@id":"https:\/\/auslaenderaemter.com\/#breadcrumb"},"inLanguage":"it-IT","potentialAction":[{"@type":"ReadAction","target":["https:\/\/auslaenderaemter.com\/"]}]},{"@type":"ImageObject","inLanguage":"it-IT","@id":"https:\/\/auslaenderaemter.com\/#primaryimage","url":"https:\/\/auslaenderaemter.com\/wp-content\/uploads\/2021\/01\/city-263069_640.jpg","contentUrl":"https:\/\/auslaenderaemter.com\/wp-content\/uploads\/2021\/01\/city-263069_640.jpg","width":640,"height":480,"caption":"Ausl\u00e4nder\u00e4mter in Deutschland"},{"@type":"BreadcrumbList","@id":"https:\/\/auslaenderaemter.com\/#breadcrumb","itemListElement":[{"@type":"ListItem","position":1,"name":"Startseite","item":"https:\/\/auslaenderaemter.com\/"},{"@type":"ListItem","position":2,"name":"Ausl\u00e4nder\u00e4mter in Deutschland"}]},{"@type":"WebSite","@id":"https:\/\/auslaenderaemter.com\/#website","url":"https:\/\/auslaenderaemter.com\/","name":"www.auslaenderaemter.com","description":"","publisher":{"@id":"https:\/\/auslaenderaemter.com\/#organization"},"potentialAction":[{"@type":"SearchAction","target":{"@type":"EntryPoint","urlTemplate":"https:\/\/auslaenderaemter.com\/?s={search_term_string}"},"query-input":{"@type":"PropertyValueSpecification","valueRequired":true,"valueName":"search_term_string"}}],"inLanguage":"it-IT"},{"@type":"Organization","@id":"https:\/\/auslaenderaemter.com\/#organization","name":"www.auslaenderaemter.com","url":"https:\/\/auslaenderaemter.com\/","logo":{"@type":"ImageObject","inLanguage":"it-IT","@id":"https:\/\/auslaenderaemter.com\/#\/schema\/logo\/image\/","url":"https:\/\/auslaenderaemter.com\/wp-content\/uploads\/2021\/01\/cropped-Vollmond-info-13.png","contentUrl":"https:\/\/auslaenderaemter.com\/wp-content\/uploads\/2021\/01\/cropped-Vollmond-info-13.png","width":500,"height":117,"caption":"auslaenderaemter.com"},"image":{"@id":"https:\/\/auslaenderaemter.com\/#\/schema\/logo\/image\/"}}]}},"_links":{"self":[{"href":"https:\/\/auslaenderaemter.com\/it\/wp-json\/wp\/v2\/pages\/1859","targetHints":{"allow":["GET"]}}],"collection":[{"href":"https:\/\/auslaenderaemter.com\/it\/wp-json\/wp\/v2\/pages"}],"about":[{"href":"https:\/\/auslaenderaemter.com\/it\/wp-json\/wp\/v2\/types\/page"}],"author":[{"embeddable":true,"href":"https:\/\/auslaenderaemter.com\/it\/wp-json\/wp\/v2\/users\/1"}],"replies":[{"embeddable":true,"href":"https:\/\/auslaenderaemter.com\/it\/wp-json\/wp\/v2\/comments?post=1859"}],"version-history":[{"count":0,"href":"https:\/\/auslaenderaemter.com\/it\/wp-json\/wp\/v2\/pages\/1859\/revisions"}],"wp:featuredmedia":[{"embeddable":true,"href":"https:\/\/auslaenderaemter.com\/it\/wp-json\/wp\/v2\/media\/37"}],"wp:attachment":[{"href":"https:\/\/auslaenderaemter.com\/it\/wp-json\/wp\/v2\/media?parent=1859"}],"curies":[{"name":"parola chiave","href":"https:\/\/api.w.org\/{rel}","templated":true}]}}