{"id":21,"date":"2021-01-24T23:36:29","date_gmt":"2021-01-24T22:36:29","guid":{"rendered":"https:\/\/auslaenderaemter.com\/?page_id=21"},"modified":"2025-12-30T06:36:31","modified_gmt":"2025-12-30T05:36:31","slug":"impressum","status":"publish","type":"page","link":"https:\/\/auslaenderaemter.com\/it\/impronta\/","title":{"rendered":"impronta"},"content":{"rendered":"<h1>impronta<\/h1>\n<h2>Secondo \u00a7 5 TMG:<\/h2>\n<p>Petro Aslanakis<br \/>\n889\/850 Moo 5<br \/>\nNong Prue, Bang Lamung<br \/>\nChon Buri 20150<br \/>\nThailandia<\/p>\n<h2>Contatto:<\/h2>\n<p>E-mail: info(at)auslaenderaemter.com<\/p>\n<p><strong>Questo sito non \u00e8 un sito ufficiale delle autorit\u00e0 di immigrazione.\u00a0<\/strong><\/p>\n<p><strong>Ti preghiamo di comprendere che noi, in qualit\u00e0 di operatore del sito, non possiamo fornire alcun consiglio o informazione.<\/strong><\/p>\n<h2>Disclaimer<\/h2>\n<p><strong>Responsabilit\u00e0 per il contenuto<\/strong><\/p>\n<p>In qualit\u00e0 di fornitore di servizi, siamo responsabili dei nostri contenuti su queste pagine ai sensi dell&#039;articolo 7, paragrafo 1 della legge tedesca sui media (TMG). Ai sensi dei \u00a7\u00a7 da 8 a 10 TMG, tuttavia, noi come fornitori di servizi non siamo obbligati a monitorare le informazioni di terze parti trasmesse o memorizzate o a indagare su circostanze che indicano attivit\u00e0 illegali.<\/p>\n<p>Gli obblighi di rimuovere o bloccare l&#039;uso delle informazioni secondo le leggi generali rimangono inalterati. Tuttavia, la responsabilit\u00e0 al riguardo \u00e8 possibile solo dal momento in cui \u00e8 nota la conoscenza di una specifica violazione della legge. Non appena veniamo a conoscenza di eventuali violazioni della legge, rimuoveremo immediatamente questo contenuto.<\/p>\n<p><strong>Responsabilit\u00e0 per link<\/strong><\/p>\n<p>La nostra offerta contiene collegamenti a siti Web esterni di terzi, sui cui contenuti non abbiamo alcuna influenza. Pertanto non possiamo assumerci alcuna responsabilit\u00e0 per questo contenuto esterno. Il rispettivo fornitore o gestore delle pagine \u00e8 sempre responsabile del contenuto delle pagine collegate. Le pagine collegate sono state controllate per possibili violazioni legali al momento del collegamento. Il contenuto illegale non era riconoscibile al momento del collegamento.<\/p>\n<p>Tuttavia, un controllo permanente del contenuto delle pagine collegate non \u00e8 ragionevole senza prove concrete di una violazione. Non appena veniamo a conoscenza di violazioni legali, rimuoveremo immediatamente tali collegamenti.<\/p>\n<p><strong>diritto d&#039;autore<\/strong><\/p>\n<p>Il contenuto e le opere di queste pagine create dagli operatori del sito sono soggetti alla legge tedesca sul diritto d&#039;autore. La duplicazione, la modifica, la distribuzione e qualsiasi tipo di sfruttamento al di fuori dei limiti del diritto d&#039;autore richiedono il consenso scritto del rispettivo autore o creatore. Download e copie di questo sito sono consentiti solo per uso privato e non commerciale.<\/p>\n<p>Nella misura in cui il contenuto di questo sito non \u00e8 stato creato dal gestore, vengono rispettati i diritti d&#039;autore di terzi. In particolare i contenuti di terzi sono contrassegnati come tali. Qualora doveste comunque venire a conoscenza di una violazione del diritto d&#039;autore, vi chiediamo di informarci di conseguenza. Non appena veniamo a conoscenza di violazioni legali, rimuoveremo immediatamente tali contenuti.<\/p>\n<p>Fonte:\u00a0<em><a href=\"https:\/\/www.e-recht24.de\/\">eRecht24<\/a><\/em><\/p>","protected":false},"excerpt":{"rendered":"<p>Impressum Angaben gem\u00e4\u00df \u00a7 5 TMG: Petros Aslanakis 889\/850 Moo 5 Nong Prue, Bang Lamung Chon Buri 20150 Thailand Kontakt: E-Mail: info(at)auslaenderaemter.com Diese Webseite ist keine offizielle Webseite der Ausl\u00e4nderbeh\u00f6rden.\u00a0 Bitte haben Sie Verst\u00e4ndnis, dass wir als Seitenbetreiber keinerlei Beratung vornehmen oder Informationen erteilen k\u00f6nnen. Haftungsausschluss (Disclaimer) Haftung f\u00fcr Inhalte Als Diensteanbieter sind wir gem\u00e4\u00df&hellip;&nbsp;<a href=\"https:\/\/auslaenderaemter.com\/it\/impronta\/\" rel=\"bookmark\">Per saperne di pi\u00f9 &quot;<span class=\"screen-reader-text\">impronta<\/span><\/a><\/p>","protected":false},"author":1,"featured_media":0,"parent":0,"menu_order":0,"comment_status":"closed","ping_status":"closed","template":"","meta":{"neve_meta_sidebar":"full-width","neve_meta_container":"","neve_meta_enable_content_width":"on","neve_meta_content_width":100,"neve_meta_title_alignment":"","neve_meta_author_avatar":"","neve_post_elements_order":"","neve_meta_disable_header":"","neve_meta_disable_footer":"","neve_meta_disable_title":"on","neve_meta_reading_time":"","footnotes":""},"class_list":["post-21","page","type-page","status-publish","hentry"],"yoast_head":"<!-- This site is optimized with the Yoast SEO plugin v27.4 - https:\/\/yoast.com\/product\/yoast-seo-wordpress\/ -->\n<title>Impressum - auslaenderaemter.com<\/title>\n<meta name=\"robots\" content=\"noindex, follow\" \/>\n<meta property=\"og:locale\" content=\"it_IT\" \/>\n<meta property=\"og:type\" content=\"article\" \/>\n<meta property=\"og:title\" content=\"Impressum - auslaenderaemter.com\" \/>\n<meta property=\"og:description\" content=\"Impressum Angaben gem\u00e4\u00df \u00a7 5 TMG: Petros Aslanakis 889\/850 Moo 5 Nong Prue, Bang Lamung Chon Buri 20150 Thailand Kontakt: E-Mail: info(at)auslaenderaemter.com Diese Webseite ist keine offizielle Webseite der Ausl\u00e4nderbeh\u00f6rden.\u00a0 Bitte haben Sie Verst\u00e4ndnis, dass wir als Seitenbetreiber keinerlei Beratung vornehmen oder Informationen erteilen k\u00f6nnen. Haftungsausschluss (Disclaimer) Haftung f\u00fcr Inhalte Als Diensteanbieter sind wir gem\u00e4\u00df&hellip;&nbsp;Read More &raquo;Impressum\" \/>\n<meta property=\"og:url\" content=\"https:\/\/auslaenderaemter.com\/it\/impronta\/\" \/>\n<meta property=\"og:site_name\" content=\"auslaenderaemter.com\" \/>\n<meta property=\"article:modified_time\" content=\"2025-12-30T05:36:31+00:00\" \/>\n<meta name=\"twitter:card\" content=\"summary_large_image\" \/>\n<meta name=\"twitter:label1\" content=\"Tempo di lettura stimato\" \/>\n\t<meta name=\"twitter:data1\" content=\"2 minuti\" \/>\n<script type=\"application\/ld+json\" class=\"yoast-schema-graph\">{\"@context\":\"https:\\\/\\\/schema.org\",\"@graph\":[{\"@type\":\"WebPage\",\"@id\":\"https:\\\/\\\/auslaenderaemter.com\\\/impressum\\\/\",\"url\":\"https:\\\/\\\/auslaenderaemter.com\\\/impressum\\\/\",\"name\":\"Impressum - auslaenderaemter.com\",\"isPartOf\":{\"@id\":\"https:\\\/\\\/auslaenderaemter.com\\\/#website\"},\"datePublished\":\"2021-01-24T22:36:29+00:00\",\"dateModified\":\"2025-12-30T05:36:31+00:00\",\"breadcrumb\":{\"@id\":\"https:\\\/\\\/auslaenderaemter.com\\\/impressum\\\/#breadcrumb\"},\"inLanguage\":\"it-IT\",\"potentialAction\":[{\"@type\":\"ReadAction\",\"target\":[\"https:\\\/\\\/auslaenderaemter.com\\\/impressum\\\/\"]}]},{\"@type\":\"BreadcrumbList\",\"@id\":\"https:\\\/\\\/auslaenderaemter.com\\\/impressum\\\/#breadcrumb\",\"itemListElement\":[{\"@type\":\"ListItem\",\"position\":1,\"name\":\"Startseite\",\"item\":\"https:\\\/\\\/auslaenderaemter.com\\\/\"},{\"@type\":\"ListItem\",\"position\":2,\"name\":\"Impressum\"}]},{\"@type\":\"WebSite\",\"@id\":\"https:\\\/\\\/auslaenderaemter.com\\\/#website\",\"url\":\"https:\\\/\\\/auslaenderaemter.com\\\/\",\"name\":\"auslaenderaemter.com\",\"description\":\"\",\"publisher\":{\"@id\":\"https:\\\/\\\/auslaenderaemter.com\\\/#organization\"},\"potentialAction\":[{\"@type\":\"SearchAction\",\"target\":{\"@type\":\"EntryPoint\",\"urlTemplate\":\"https:\\\/\\\/auslaenderaemter.com\\\/?s={search_term_string}\"},\"query-input\":{\"@type\":\"PropertyValueSpecification\",\"valueRequired\":true,\"valueName\":\"search_term_string\"}}],\"inLanguage\":\"it-IT\"},{\"@type\":\"Organization\",\"@id\":\"https:\\\/\\\/auslaenderaemter.com\\\/#organization\",\"name\":\"auslaenderaemter.com\",\"url\":\"https:\\\/\\\/auslaenderaemter.com\\\/\",\"logo\":{\"@type\":\"ImageObject\",\"inLanguage\":\"it-IT\",\"@id\":\"https:\\\/\\\/auslaenderaemter.com\\\/#\\\/schema\\\/logo\\\/image\\\/\",\"url\":\"https:\\\/\\\/auslaenderaemter.com\\\/wp-content\\\/uploads\\\/2021\\\/01\\\/cropped-Vollmond-info-13.png\",\"contentUrl\":\"https:\\\/\\\/auslaenderaemter.com\\\/wp-content\\\/uploads\\\/2021\\\/01\\\/cropped-Vollmond-info-13.png\",\"width\":500,\"height\":117,\"caption\":\"auslaenderaemter.com\"},\"image\":{\"@id\":\"https:\\\/\\\/auslaenderaemter.com\\\/#\\\/schema\\\/logo\\\/image\\\/\"}}]}<\/script>\n<!-- \/ Yoast SEO plugin. -->","yoast_head_json":{"title":"Impronta - auslaenderaemter.com","robots":{"index":"noindex","follow":"follow"},"og_locale":"it_IT","og_type":"article","og_title":"Impressum - auslaenderaemter.com","og_description":"Impressum Angaben gem\u00e4\u00df \u00a7 5 TMG: Petros Aslanakis 889\/850 Moo 5 Nong Prue, Bang Lamung Chon Buri 20150 Thailand Kontakt: E-Mail: info(at)auslaenderaemter.com Diese Webseite ist keine offizielle Webseite der Ausl\u00e4nderbeh\u00f6rden.\u00a0 Bitte haben Sie Verst\u00e4ndnis, dass wir als Seitenbetreiber keinerlei Beratung vornehmen oder Informationen erteilen k\u00f6nnen. Haftungsausschluss (Disclaimer) Haftung f\u00fcr Inhalte Als Diensteanbieter sind wir gem\u00e4\u00df&hellip;&nbsp;Read More &raquo;Impressum","og_url":"https:\/\/auslaenderaemter.com\/it\/impronta\/","og_site_name":"auslaenderaemter.com","article_modified_time":"2025-12-30T05:36:31+00:00","twitter_card":"summary_large_image","twitter_misc":{"Tempo di lettura stimato":"2 minuti"},"schema":{"@context":"https:\/\/schema.org","@graph":[{"@type":"WebPage","@id":"https:\/\/auslaenderaemter.com\/impressum\/","url":"https:\/\/auslaenderaemter.com\/impressum\/","name":"Impronta - auslaenderaemter.com","isPartOf":{"@id":"https:\/\/auslaenderaemter.com\/#website"},"datePublished":"2021-01-24T22:36:29+00:00","dateModified":"2025-12-30T05:36:31+00:00","breadcrumb":{"@id":"https:\/\/auslaenderaemter.com\/impressum\/#breadcrumb"},"inLanguage":"it-IT","potentialAction":[{"@type":"ReadAction","target":["https:\/\/auslaenderaemter.com\/impressum\/"]}]},{"@type":"BreadcrumbList","@id":"https:\/\/auslaenderaemter.com\/impressum\/#breadcrumb","itemListElement":[{"@type":"ListItem","position":1,"name":"Startseite","item":"https:\/\/auslaenderaemter.com\/"},{"@type":"ListItem","position":2,"name":"Impressum"}]},{"@type":"WebSite","@id":"https:\/\/auslaenderaemter.com\/#website","url":"https:\/\/auslaenderaemter.com\/","name":"www.auslaenderaemter.com","description":"","publisher":{"@id":"https:\/\/auslaenderaemter.com\/#organization"},"potentialAction":[{"@type":"SearchAction","target":{"@type":"EntryPoint","urlTemplate":"https:\/\/auslaenderaemter.com\/?s={search_term_string}"},"query-input":{"@type":"PropertyValueSpecification","valueRequired":true,"valueName":"search_term_string"}}],"inLanguage":"it-IT"},{"@type":"Organization","@id":"https:\/\/auslaenderaemter.com\/#organization","name":"www.auslaenderaemter.com","url":"https:\/\/auslaenderaemter.com\/","logo":{"@type":"ImageObject","inLanguage":"it-IT","@id":"https:\/\/auslaenderaemter.com\/#\/schema\/logo\/image\/","url":"https:\/\/auslaenderaemter.com\/wp-content\/uploads\/2021\/01\/cropped-Vollmond-info-13.png","contentUrl":"https:\/\/auslaenderaemter.com\/wp-content\/uploads\/2021\/01\/cropped-Vollmond-info-13.png","width":500,"height":117,"caption":"auslaenderaemter.com"},"image":{"@id":"https:\/\/auslaenderaemter.com\/#\/schema\/logo\/image\/"}}]}},"_links":{"self":[{"href":"https:\/\/auslaenderaemter.com\/it\/wp-json\/wp\/v2\/pages\/21","targetHints":{"allow":["GET"]}}],"collection":[{"href":"https:\/\/auslaenderaemter.com\/it\/wp-json\/wp\/v2\/pages"}],"about":[{"href":"https:\/\/auslaenderaemter.com\/it\/wp-json\/wp\/v2\/types\/page"}],"author":[{"embeddable":true,"href":"https:\/\/auslaenderaemter.com\/it\/wp-json\/wp\/v2\/users\/1"}],"replies":[{"embeddable":true,"href":"https:\/\/auslaenderaemter.com\/it\/wp-json\/wp\/v2\/comments?post=21"}],"version-history":[{"count":0,"href":"https:\/\/auslaenderaemter.com\/it\/wp-json\/wp\/v2\/pages\/21\/revisions"}],"wp:attachment":[{"href":"https:\/\/auslaenderaemter.com\/it\/wp-json\/wp\/v2\/media?parent=21"}],"curies":[{"name":"parola chiave","href":"https:\/\/api.w.org\/{rel}","templated":true}]}}