{"id":3081,"date":"2021-02-24T00:10:55","date_gmt":"2021-02-23T23:10:55","guid":{"rendered":"https:\/\/auslaenderaemter.com\/?page_id=3081"},"modified":"2021-03-15T21:48:15","modified_gmt":"2021-03-15T20:48:15","slug":"versicherungen-fuer-auslaendische-gaeste","status":"publish","type":"page","link":"https:\/\/auslaenderaemter.com\/it\/assicurazione-per-ospiti-stranieri\/","title":{"rendered":"Assicurazione per gli ospiti stranieri"},"content":{"rendered":"<p><img fetchpriority=\"high\" decoding=\"async\" class=\"aligncenter wp-image-3087 size-full\" src=\"https:\/\/auslaenderaemter.com\/wp-content\/uploads\/2021\/02\/couple-1030744_640.jpg\" alt=\"Assicurazione per gli ospiti stranieri\" width=\"640\" height=\"426\" srcset=\"https:\/\/auslaenderaemter.com\/wp-content\/uploads\/2021\/02\/couple-1030744_640.jpg 640w, https:\/\/auslaenderaemter.com\/wp-content\/uploads\/2021\/02\/couple-1030744_640-300x200.jpg 300w\" sizes=\"(max-width: 640px) 100vw, 640px\" \/><\/p>\n<p>Se <strong>vacanzieri<\/strong>, <strong>studente di lingue<\/strong>, <strong>personale professionale<\/strong> o <strong>studente universitario<\/strong> \u2013 gli ospiti stranieri in Germania e in Europa ne hanno bisogno <strong>Assicurazione medica di viaggio<\/strong>, che soddisfano i requisiti dell&#039;Unione Europea a <strong>Visa<\/strong> per ottenere concesso.<\/p>\n<p>Naturalmente, non solo l&#039;assicurazione sanitaria internazionale protegge da costi elevati, ma anche l&#039;assicurazione contro gli infortuni di viaggio. Anche la sottoscrizione di un&#039;assicurazione di emergenza, bagaglio e responsabilit\u00e0 civile \u00e8 un chiaro vantaggio se state programmando un soggiorno pi\u00f9 lungo in Germania. Ti consigliamo un&#039;assicurazione all-in-one che ti offre una protezione affidabile per il tuo soggiorno in Germania.<\/p>\n<h2>Non sono coperto dall&#039;assicurazione sanitaria legale durante le vacanze?<\/h2>\n<p>L&#039;ipotesi \u00e8 vicina, ma arriva <strong>assicurazione sanitaria obbligatoria<\/strong> per malattie all&#039;estero <strong>non o solo limitato a<\/strong>. \u00c8 quindi necessario stipulare un&#039;assicurazione per gli ospiti stranieri prima del soggiorno in Germania.<\/p>\n<h2>Assicurazione sanitaria di viaggio per i visitatori<\/h2>\n<p>L&#039;assicurazione per gli ospiti stranieri ti protegge dai costi elevati e assicura il tuo soggiorno in Germania. Succede spesso pi\u00f9 velocemente di quanto pensi: un passo sbagliato durante l&#039;escursione, una malattia o lo smarrimento\/furto del tuo bagaglio e improvvisamente ti trovi di fronte a costi immensamente alti. Le cure e il rimpatrio per una gamba rotta possono costare rapidamente alcune migliaia di euro. Se hai stipulato un&#039;assicurazione per gli ospiti stranieri, puoi risparmiare sui costi elevati. Tuttavia, ci sono alcuni punti da considerare quando si stipula un&#039;assicurazione per gli ospiti stranieri.<\/p>\n<h2>A cosa devo prestare attenzione quando stipulo un&#039;assicurazione per gli ospiti stranieri?<\/h2>\n<p><strong>Una buona assicurazione per gli ospiti stranieri \u00e8 caratterizzata dai seguenti punti:<\/strong><\/p>\n<ul>\n<li>L&#039;assicurazione per gli ospiti stranieri soddisfa i requisiti dell&#039;UE<\/li>\n<li>Protezione completa contro molti rischi<\/li>\n<li>Ampia gamma di servizi<\/li>\n<li>Assicurazione per ospiti stranieri senza franchigia<\/li>\n<li>\u00c8 coperto il trasporto di ritorno dal punto di vista medico<\/li>\n<\/ul>\n<h3>Differenza tra assicurazione sanitaria di viaggio e assicurazione sanitaria internazionale<\/h3>\n<p>La differenza fondamentale tra l&#039;assicurazione sanitaria di viaggio e l&#039;assicurazione sanitaria internazionale <strong>dipende dal tempo di percorrenza<\/strong>. L&#039;assicurazione sanitaria di viaggio \u00e8 particolarmente utile per le vacanze <strong>fino a circa 8 settimane<\/strong>. Tuttavia, se stai pianificando un viaggio a lungo termine, si consiglia un&#039;assicurazione sanitaria internazionale.<\/p>\n<h3>Il nostro consiglio: Assicurazione per gli ospiti stranieri in Germania di Hansemerkur<\/h3>\n<p>L&#039;assicurazione per gli ospiti stranieri ti protegge dai costi elevati durante il tuo soggiorno in Germania. Ha senso stipulare un&#039;assicurazione, soprattutto se stai pianificando un viaggio a lungo termine. Indipendentemente dal fatto che si tratti di un semestre di scambio, di uno stage a lungo termine o di una lunga visita ai parenti, li consigliamo <a href=\"https:\/\/tidd.ly\/3u98xUL\">Assicurazione per ospiti stranieri fino a 5 anni da Hansemerkur<\/a>*.<\/p>\n<p>L&#039;assicurazione per gli ospiti stranieri \u00e8 uno dei bagagli pi\u00f9 importanti per il vostro soggiorno in Germania. L&#039;assicurazione visitatori Hansemerkur ti protegge <strong>fino a 5 anni<\/strong> contro costi elevati. Raccomandiamo di ampliare l&#039;assicurazione sanitaria internazionale per includere l&#039;assicurazione contro gli infortuni di viaggio, l&#039;assicurazione sulla responsabilit\u00e0 di viaggio, l&#039;assicurazione di emergenza di viaggio e l&#039;assicurazione sul bagaglio di viaggio in modo da poter godere di una copertura assicurativa particolarmente completa.<\/p>\n<p>L&#039;assicurazione Hansemerkur per gli ospiti stranieri \u00e8 adatta per soggiorni di lunga durata fino a 5 anni in Germania. Hansemerkur si caratterizza per l&#039;assoluta trasparenza dei costi. Sono possibili anche contratti a breve termine. Ad esempio, se si opta per la &quot;Tariffa Profi&quot;, si ottiene l&#039;assicurazione sanitaria internazionale, l&#039;assicurazione contro gli infortuni di viaggio, l&#039;assicurazione per la responsabilit\u00e0 civile di viaggio, l&#039;assicurazione per le emergenze di viaggio e l&#039;assicurazione per il bagaglio di viaggio tutto in uno. Naturalmente si pu\u00f2 optare anche per la tariffa &quot;Base&quot;, che comprende tutte le assicurazioni per gli ospiti stranieri ad eccezione dell&#039;assicurazione bagagli. Le assicurazioni per gli ospiti stranieri soddisfano i requisiti dell&#039;UE.<\/p>\n<p><!-- START ADVERTISER: HanseMerkur Versicherungsgruppe DE from awin.com --><\/p>\n<p><a href=\"https:\/\/www.awin1.com\/cread.php?s=2616553&amp;v=11705&amp;q=386611&amp;r=384383\"><br \/>\n<img decoding=\"async\" src=\"https:\/\/www.awin1.com\/cshow.php?s=2616553&amp;v=11705&amp;q=386611&amp;r=384383\" border=\"0\" \/><br \/>\n<\/a><\/p>\n<h3>Ulteriore<span class=\"ez-toc-section\">\u00a0<\/span>link e fonti<\/h3>\n<ul>\n<li><a href=\"https:\/\/auslaenderaemter.com\/it\/dichiarazione-di-impegno\/\">Dichiarazione di Impegno per i Visitatori Stranieri<\/a><\/li>\n<li><a href=\"https:\/\/auslaenderaemter.com\/it\/\">Uffici di immigrazione in Germania<\/a><\/li>\n<\/ul>","protected":false},"excerpt":{"rendered":"<p>Che si tratti di vacanzieri, studenti di lingue, personale specializzato o studenti, gli ospiti stranieri in Germania e in Europa necessitano di un&#039;assicurazione sanitaria di viaggio che soddisfi i requisiti dell&#039;Unione Europea per ottenere il visto. Naturalmente non solo l\u2019assicurazione sanitaria internazionale protegge dai costi elevati, ma anche l\u2019assicurazione contro gli infortuni di viaggio. Anche stipulare un\u2019assicurazione di emergenza, bagaglio e responsabilit\u00e0 civile \u00e8 un chiaro vantaggio quando\u2026&nbsp;<a href=\"https:\/\/auslaenderaemter.com\/it\/assicurazione-per-ospiti-stranieri\/\" rel=\"bookmark\">Per saperne di pi\u00f9 &quot;<span class=\"screen-reader-text\">Assicurazione per gli ospiti stranieri<\/span><\/a><\/p>","protected":false},"author":1,"featured_media":3087,"parent":0,"menu_order":0,"comment_status":"closed","ping_status":"closed","template":"","meta":{"neve_meta_sidebar":"full-width","neve_meta_container":"","neve_meta_enable_content_width":"on","neve_meta_content_width":100,"neve_meta_title_alignment":"","neve_meta_author_avatar":"","neve_post_elements_order":"","neve_meta_disable_header":"","neve_meta_disable_footer":"","neve_meta_disable_title":"","neve_meta_reading_time":"","footnotes":""},"class_list":["post-3081","page","type-page","status-publish","has-post-thumbnail","hentry"],"yoast_head":"<!-- This site is optimized with the Yoast SEO plugin v27.3 - https:\/\/yoast.com\/product\/yoast-seo-wordpress\/ -->\n<title>Versicherung f\u00fcr ausl\u00e4ndische G\u00e4ste in Deutschland<\/title>\n<meta name=\"description\" content=\"Versicherungen f\u00fcr ausl\u00e4ndische G\u00e4ste bewahren Sie vor hohen Kosten und sichern Ihren Aufenthalt in Deutschland ab.\" \/>\n<meta name=\"robots\" content=\"index, follow, max-snippet:-1, max-image-preview:large, max-video-preview:-1\" \/>\n<link rel=\"canonical\" href=\"https:\/\/auslaenderaemter.com\/it\/assicurazione-per-ospiti-stranieri\/\" \/>\n<meta property=\"og:locale\" content=\"it_IT\" \/>\n<meta property=\"og:type\" content=\"article\" \/>\n<meta property=\"og:title\" content=\"Versicherung f\u00fcr ausl\u00e4ndische G\u00e4ste in Deutschland\" \/>\n<meta property=\"og:description\" content=\"Versicherungen f\u00fcr ausl\u00e4ndische G\u00e4ste bewahren Sie vor hohen Kosten und sichern Ihren Aufenthalt in Deutschland ab.\" \/>\n<meta property=\"og:url\" content=\"https:\/\/auslaenderaemter.com\/it\/assicurazione-per-ospiti-stranieri\/\" \/>\n<meta property=\"og:site_name\" content=\"auslaenderaemter.com\" \/>\n<meta property=\"article:modified_time\" content=\"2021-03-15T20:48:15+00:00\" \/>\n<meta property=\"og:image\" content=\"https:\/\/auslaenderaemter.com\/wp-content\/uploads\/2021\/02\/couple-1030744_640.jpg\" \/>\n\t<meta property=\"og:image:width\" content=\"640\" \/>\n\t<meta property=\"og:image:height\" content=\"426\" \/>\n\t<meta property=\"og:image:type\" content=\"image\/jpeg\" \/>\n<meta name=\"twitter:card\" content=\"summary_large_image\" \/>\n<meta name=\"twitter:label1\" content=\"Tempo di lettura stimato\" \/>\n\t<meta name=\"twitter:data1\" content=\"3 minuti\" \/>\n<script type=\"application\/ld+json\" class=\"yoast-schema-graph\">{\"@context\":\"https:\\\/\\\/schema.org\",\"@graph\":[{\"@type\":\"WebPage\",\"@id\":\"https:\\\/\\\/auslaenderaemter.com\\\/versicherungen-fuer-auslaendische-gaeste\\\/\",\"url\":\"https:\\\/\\\/auslaenderaemter.com\\\/versicherungen-fuer-auslaendische-gaeste\\\/\",\"name\":\"Versicherung f\u00fcr ausl\u00e4ndische G\u00e4ste in Deutschland\",\"isPartOf\":{\"@id\":\"https:\\\/\\\/auslaenderaemter.com\\\/#website\"},\"primaryImageOfPage\":{\"@id\":\"https:\\\/\\\/auslaenderaemter.com\\\/versicherungen-fuer-auslaendische-gaeste\\\/#primaryimage\"},\"image\":{\"@id\":\"https:\\\/\\\/auslaenderaemter.com\\\/versicherungen-fuer-auslaendische-gaeste\\\/#primaryimage\"},\"thumbnailUrl\":\"https:\\\/\\\/auslaenderaemter.com\\\/wp-content\\\/uploads\\\/2021\\\/02\\\/couple-1030744_640.jpg\",\"datePublished\":\"2021-02-23T23:10:55+00:00\",\"dateModified\":\"2021-03-15T20:48:15+00:00\",\"description\":\"Versicherungen f\u00fcr ausl\u00e4ndische G\u00e4ste bewahren Sie vor hohen Kosten und sichern Ihren Aufenthalt in Deutschland ab.\",\"breadcrumb\":{\"@id\":\"https:\\\/\\\/auslaenderaemter.com\\\/versicherungen-fuer-auslaendische-gaeste\\\/#breadcrumb\"},\"inLanguage\":\"it-IT\",\"potentialAction\":[{\"@type\":\"ReadAction\",\"target\":[\"https:\\\/\\\/auslaenderaemter.com\\\/versicherungen-fuer-auslaendische-gaeste\\\/\"]}]},{\"@type\":\"ImageObject\",\"inLanguage\":\"it-IT\",\"@id\":\"https:\\\/\\\/auslaenderaemter.com\\\/versicherungen-fuer-auslaendische-gaeste\\\/#primaryimage\",\"url\":\"https:\\\/\\\/auslaenderaemter.com\\\/wp-content\\\/uploads\\\/2021\\\/02\\\/couple-1030744_640.jpg\",\"contentUrl\":\"https:\\\/\\\/auslaenderaemter.com\\\/wp-content\\\/uploads\\\/2021\\\/02\\\/couple-1030744_640.jpg\",\"width\":640,\"height\":426,\"caption\":\"Versicherung f\u00fcr ausl\u00e4ndische G\u00e4ste\"},{\"@type\":\"BreadcrumbList\",\"@id\":\"https:\\\/\\\/auslaenderaemter.com\\\/versicherungen-fuer-auslaendische-gaeste\\\/#breadcrumb\",\"itemListElement\":[{\"@type\":\"ListItem\",\"position\":1,\"name\":\"Startseite\",\"item\":\"https:\\\/\\\/auslaenderaemter.com\\\/\"},{\"@type\":\"ListItem\",\"position\":2,\"name\":\"Versicherungen f\u00fcr ausl\u00e4ndische G\u00e4ste\"}]},{\"@type\":\"WebSite\",\"@id\":\"https:\\\/\\\/auslaenderaemter.com\\\/#website\",\"url\":\"https:\\\/\\\/auslaenderaemter.com\\\/\",\"name\":\"auslaenderaemter.com\",\"description\":\"\",\"publisher\":{\"@id\":\"https:\\\/\\\/auslaenderaemter.com\\\/#organization\"},\"potentialAction\":[{\"@type\":\"SearchAction\",\"target\":{\"@type\":\"EntryPoint\",\"urlTemplate\":\"https:\\\/\\\/auslaenderaemter.com\\\/?s={search_term_string}\"},\"query-input\":{\"@type\":\"PropertyValueSpecification\",\"valueRequired\":true,\"valueName\":\"search_term_string\"}}],\"inLanguage\":\"it-IT\"},{\"@type\":\"Organization\",\"@id\":\"https:\\\/\\\/auslaenderaemter.com\\\/#organization\",\"name\":\"auslaenderaemter.com\",\"url\":\"https:\\\/\\\/auslaenderaemter.com\\\/\",\"logo\":{\"@type\":\"ImageObject\",\"inLanguage\":\"it-IT\",\"@id\":\"https:\\\/\\\/auslaenderaemter.com\\\/#\\\/schema\\\/logo\\\/image\\\/\",\"url\":\"https:\\\/\\\/auslaenderaemter.com\\\/wp-content\\\/uploads\\\/2021\\\/01\\\/cropped-Vollmond-info-13.png\",\"contentUrl\":\"https:\\\/\\\/auslaenderaemter.com\\\/wp-content\\\/uploads\\\/2021\\\/01\\\/cropped-Vollmond-info-13.png\",\"width\":500,\"height\":117,\"caption\":\"auslaenderaemter.com\"},\"image\":{\"@id\":\"https:\\\/\\\/auslaenderaemter.com\\\/#\\\/schema\\\/logo\\\/image\\\/\"}}]}<\/script>\n<!-- \/ Yoast SEO plugin. -->","yoast_head_json":{"title":"Assicurazione per gli ospiti stranieri in Germania","description":"L&#039;assicurazione per gli ospiti stranieri ti protegge dai costi elevati e assicura il tuo soggiorno in Germania.","robots":{"index":"index","follow":"follow","max-snippet":"max-snippet:-1","max-image-preview":"max-image-preview:large","max-video-preview":"max-video-preview:-1"},"canonical":"https:\/\/auslaenderaemter.com\/it\/assicurazione-per-ospiti-stranieri\/","og_locale":"it_IT","og_type":"article","og_title":"Versicherung f\u00fcr ausl\u00e4ndische G\u00e4ste in Deutschland","og_description":"Versicherungen f\u00fcr ausl\u00e4ndische G\u00e4ste bewahren Sie vor hohen Kosten und sichern Ihren Aufenthalt in Deutschland ab.","og_url":"https:\/\/auslaenderaemter.com\/it\/assicurazione-per-ospiti-stranieri\/","og_site_name":"auslaenderaemter.com","article_modified_time":"2021-03-15T20:48:15+00:00","og_image":[{"width":640,"height":426,"url":"https:\/\/auslaenderaemter.com\/wp-content\/uploads\/2021\/02\/couple-1030744_640.jpg","type":"image\/jpeg"}],"twitter_card":"summary_large_image","twitter_misc":{"Tempo di lettura stimato":"3 minuti"},"schema":{"@context":"https:\/\/schema.org","@graph":[{"@type":"WebPage","@id":"https:\/\/auslaenderaemter.com\/versicherungen-fuer-auslaendische-gaeste\/","url":"https:\/\/auslaenderaemter.com\/versicherungen-fuer-auslaendische-gaeste\/","name":"Assicurazione per gli ospiti stranieri in Germania","isPartOf":{"@id":"https:\/\/auslaenderaemter.com\/#website"},"primaryImageOfPage":{"@id":"https:\/\/auslaenderaemter.com\/versicherungen-fuer-auslaendische-gaeste\/#primaryimage"},"image":{"@id":"https:\/\/auslaenderaemter.com\/versicherungen-fuer-auslaendische-gaeste\/#primaryimage"},"thumbnailUrl":"https:\/\/auslaenderaemter.com\/wp-content\/uploads\/2021\/02\/couple-1030744_640.jpg","datePublished":"2021-02-23T23:10:55+00:00","dateModified":"2021-03-15T20:48:15+00:00","description":"L&#039;assicurazione per gli ospiti stranieri ti protegge dai costi elevati e assicura il tuo soggiorno in Germania.","breadcrumb":{"@id":"https:\/\/auslaenderaemter.com\/versicherungen-fuer-auslaendische-gaeste\/#breadcrumb"},"inLanguage":"it-IT","potentialAction":[{"@type":"ReadAction","target":["https:\/\/auslaenderaemter.com\/versicherungen-fuer-auslaendische-gaeste\/"]}]},{"@type":"ImageObject","inLanguage":"it-IT","@id":"https:\/\/auslaenderaemter.com\/versicherungen-fuer-auslaendische-gaeste\/#primaryimage","url":"https:\/\/auslaenderaemter.com\/wp-content\/uploads\/2021\/02\/couple-1030744_640.jpg","contentUrl":"https:\/\/auslaenderaemter.com\/wp-content\/uploads\/2021\/02\/couple-1030744_640.jpg","width":640,"height":426,"caption":"Versicherung f\u00fcr ausl\u00e4ndische G\u00e4ste"},{"@type":"BreadcrumbList","@id":"https:\/\/auslaenderaemter.com\/versicherungen-fuer-auslaendische-gaeste\/#breadcrumb","itemListElement":[{"@type":"ListItem","position":1,"name":"Startseite","item":"https:\/\/auslaenderaemter.com\/"},{"@type":"ListItem","position":2,"name":"Versicherungen f\u00fcr ausl\u00e4ndische G\u00e4ste"}]},{"@type":"WebSite","@id":"https:\/\/auslaenderaemter.com\/#website","url":"https:\/\/auslaenderaemter.com\/","name":"www.auslaenderaemter.com","description":"","publisher":{"@id":"https:\/\/auslaenderaemter.com\/#organization"},"potentialAction":[{"@type":"SearchAction","target":{"@type":"EntryPoint","urlTemplate":"https:\/\/auslaenderaemter.com\/?s={search_term_string}"},"query-input":{"@type":"PropertyValueSpecification","valueRequired":true,"valueName":"search_term_string"}}],"inLanguage":"it-IT"},{"@type":"Organization","@id":"https:\/\/auslaenderaemter.com\/#organization","name":"www.auslaenderaemter.com","url":"https:\/\/auslaenderaemter.com\/","logo":{"@type":"ImageObject","inLanguage":"it-IT","@id":"https:\/\/auslaenderaemter.com\/#\/schema\/logo\/image\/","url":"https:\/\/auslaenderaemter.com\/wp-content\/uploads\/2021\/01\/cropped-Vollmond-info-13.png","contentUrl":"https:\/\/auslaenderaemter.com\/wp-content\/uploads\/2021\/01\/cropped-Vollmond-info-13.png","width":500,"height":117,"caption":"auslaenderaemter.com"},"image":{"@id":"https:\/\/auslaenderaemter.com\/#\/schema\/logo\/image\/"}}]}},"_links":{"self":[{"href":"https:\/\/auslaenderaemter.com\/it\/wp-json\/wp\/v2\/pages\/3081","targetHints":{"allow":["GET"]}}],"collection":[{"href":"https:\/\/auslaenderaemter.com\/it\/wp-json\/wp\/v2\/pages"}],"about":[{"href":"https:\/\/auslaenderaemter.com\/it\/wp-json\/wp\/v2\/types\/page"}],"author":[{"embeddable":true,"href":"https:\/\/auslaenderaemter.com\/it\/wp-json\/wp\/v2\/users\/1"}],"replies":[{"embeddable":true,"href":"https:\/\/auslaenderaemter.com\/it\/wp-json\/wp\/v2\/comments?post=3081"}],"version-history":[{"count":0,"href":"https:\/\/auslaenderaemter.com\/it\/wp-json\/wp\/v2\/pages\/3081\/revisions"}],"wp:featuredmedia":[{"embeddable":true,"href":"https:\/\/auslaenderaemter.com\/it\/wp-json\/wp\/v2\/media\/3087"}],"wp:attachment":[{"href":"https:\/\/auslaenderaemter.com\/it\/wp-json\/wp\/v2\/media?parent=3081"}],"curies":[{"name":"parola chiave","href":"https:\/\/api.w.org\/{rel}","templated":true}]}}