{"id":3111,"date":"2021-03-15T20:27:21","date_gmt":"2021-03-15T19:27:21","guid":{"rendered":"https:\/\/auslaenderaemter.com\/?page_id=3111"},"modified":"2021-03-15T21:29:27","modified_gmt":"2021-03-15T20:29:27","slug":"fiktionsbescheinigung","status":"publish","type":"page","link":"https:\/\/auslaenderaemter.com\/it\/certificato-di-narrativa\/","title":{"rendered":"certificato di narrativa"},"content":{"rendered":"<figure id=\"attachment_3120\" aria-describedby=\"caption-attachment-3120\" style=\"width: 600px\" class=\"wp-caption aligncenter\"><img fetchpriority=\"high\" decoding=\"async\" class=\"wp-image-3120 size-full\" src=\"https:\/\/auslaenderaemter.com\/wp-content\/uploads\/2021\/03\/IMG_5064-min-e1615834936619.png\" alt=\"certificato di narrativa\" width=\"600\" height=\"338\" \/><figcaption id=\"caption-attachment-3120\" class=\"wp-caption-text\">Un certificato fittizio si applica agli stranieri che risiedono legalmente in Germania e che sono in attesa del rilascio di un permesso di soggiorno<\/figcaption><\/figure>\n<p>Ogni volta che si tratta di una richiesta <a href=\"https:\/\/auslaenderaemter.com\/it\/permesso-di-residenza-2\/\">permesso di residenza<\/a> <strong>non ancora <\/strong>Se una decisione \u00e8 stata presa perch\u00e9 alcuni prerequisiti per questa decisione non sono ancora soddisfatti, in determinate circostanze pu\u00f2 essere emesso un cosiddetto certificato fittizio. Solitamente questo certificato viene rilasciato per il periodo in cui la domanda viene esaminata dalle autorit\u00e0 di immigrazione.<\/p>\n<h2>Che cos&#039;\u00e8 un certificato fittizio?<\/h2>\n<p>Un certificato fittizio funge da prova di a <strong>diritto di soggiorno provvisorio<\/strong> per gli stranieri residenti in Germania. Tale certificato viene solitamente rilasciato per il periodo in cui la domanda di permesso di soggiorno \u00e8 all&#039;esame delle autorit\u00e0 competenti in materia di immigrazione. In questo contesto, il termine \u201cfinzione\u201d descrive una finzione giuridica in relazione alla permanenza del precedente diritto di soggiorno.<\/p>\n<h2>Le condizioni<\/h2>\n<p>Affinch\u00e9 un certificato fittizio sia legale, deve essere stato rilasciato in un momento in cui la concessione o la proroga del permesso di soggiorno era ancora legale. In altre parole, un permesso di soggiorno valido deve essere ancora disponibile al momento della presentazione della domanda, oppure il richiedente deve essere legalmente residente in Germania senza visto a causa della sua nazionalit\u00e0. Non va dimenticato che il certificato fittizio non \u00e8 un permesso di soggiorno in senso stretto, ma rappresenta solo la prova dell&#039;esistenza di un diritto di soggiorno temporaneo.<\/p>\n<h2>Documenti richiesti<\/h2>\n<p>Affinch\u00e9 ti venga rilasciato un certificato immaginario, devi presentare un passaporto valido o un sostituto del passaporto. Se sei in possesso di un precedente permesso di soggiorno, ad esempio un permesso di soggiorno elettronico, dovresti portare con te anche questo. Inoltre, dovrebbe essere disponibile un certificato di conferma dell&#039;iscrizione o in alternativa di una locazione.<\/p>\n<h3>Costi<\/h3>\n<p>Secondo \u00a7 47 paragrafo 1 numero 8 del <a href=\"https:\/\/www.gesetze-im-internet.de\/aufenthv\/__47.html\" target=\"_blank\" rel=\"noopener\">Ordinanza sulla residenza<\/a> verr\u00e0 addebitato dal 1 settembre 2017 <strong>13 euro<\/strong> per<strong> adulto<\/strong> e <strong>10 euro <\/strong>per<strong> minori<\/strong> addebitato per il rilascio di un certificato fittizio. Tuttavia, vari gruppi di persone sono esenti da questa tassa. Questi includono richiedenti asilo e rifugiati riconosciuti, cittadini turchi, studenti che ricevono una borsa di studio finanziata con fondi pubblici e i loro familiari, cittadini svizzeri e altri gruppi di persone.<\/p>\n<h3>tempo di elaborazione<\/h3>\n<p>Il tempo di elaborazione per il certificato fittizio \u00e8 molto breve. Lo riceverai direttamente quando visiterai l&#039;autorit\u00e0 competente se porti con te i documenti necessari e soddisfi i requisiti per una mostra. Ma qual \u00e8 la forma adeguata di permesso di soggiorno e quali permessi di soggiorno ci sono?<\/p>\n<h3>Puoi viaggiare con un certificato immaginario?<\/h3>\n<p>In linea di principio, \u00e8 possibile viaggiare con un certificato fittizio, poich\u00e9 \u00e8 possibile rientrare in Germania con tale certificato in qualsiasi momento. Tuttavia, dovresti contattare il <a href=\"https:\/\/botschaft-konsulat.de\/\" target=\"_blank\" rel=\"noopener\">Ambasciata del rispettivo paese di viaggio<\/a> riguardo a questo <strong>chiedere informazioni<\/strong>se \u00e8 consentito l&#039;ingresso e l&#039;uscita con un certificato fittizio. Se hai una tolleranza o un permesso fittizi, non puoi viaggiare all&#039;estero con esso.<\/p>\n<ul>\n<li><strong>Aspetti visitatori dall&#039;estero?<\/strong>\u00a0Con un\u00a0<a href=\"https:\/\/auslaenderaemter.com\/it\/assicurazione-per-ospiti-stranieri\/\">Assicurazione per gli ospiti stranieri<\/a>* sei completamente protetto in Germania e in Europa.<\/li>\n<\/ul>\n<h3>Altri link e fonti<\/h3>\n<ul>\n<li><a href=\"https:\/\/auslaenderaemter.com\/it\/\">Autorit\u00e0 per l&#039;immigrazione in Germania<\/a><\/li>\n<\/ul>","protected":false},"excerpt":{"rendered":"<p>Se non \u00e8 ancora stata presa una decisione in merito al permesso di soggiorno richiesto perch\u00e9 non sono ancora soddisfatti determinati requisiti per tale decisione, pu\u00f2 essere rilasciato un cosiddetto certificato fittizio. Di solito questo certificato viene rilasciato per il periodo in cui la domanda presentata viene esaminata dall&#039;autorit\u00e0 per l&#039;immigrazione. Cos&#039;\u00e8 un certificato fittizio? Un certificato di narrativa\u2026&nbsp;<a href=\"https:\/\/auslaenderaemter.com\/it\/certificato-di-narrativa\/\" rel=\"bookmark\">Per saperne di pi\u00f9 &quot;<span class=\"screen-reader-text\">certificato di narrativa<\/span><\/a><\/p>","protected":false},"author":1,"featured_media":3120,"parent":0,"menu_order":0,"comment_status":"closed","ping_status":"closed","template":"","meta":{"neve_meta_sidebar":"full-width","neve_meta_container":"","neve_meta_enable_content_width":"on","neve_meta_content_width":100,"neve_meta_title_alignment":"","neve_meta_author_avatar":"","neve_post_elements_order":"","neve_meta_disable_header":"","neve_meta_disable_footer":"","neve_meta_disable_title":"","neve_meta_reading_time":"","footnotes":""},"class_list":["post-3111","page","type-page","status-publish","has-post-thumbnail","hentry"],"yoast_head":"<!-- This site is optimized with the Yoast SEO plugin v27.4 - https:\/\/yoast.com\/product\/yoast-seo-wordpress\/ -->\n<title>Die Fiktionsbescheinigung - auslaenderaemter.com<\/title>\n<meta name=\"description\" content=\"Eine Fiktionsbescheinigung fungiert als Nachweis eines vorl\u00e4ufigen Aufenthaltsrechts f\u00fcr in Deutschland lebende Ausl\u00e4nder.\" \/>\n<meta name=\"robots\" content=\"index, follow, max-snippet:-1, max-image-preview:large, max-video-preview:-1\" \/>\n<link rel=\"canonical\" href=\"https:\/\/auslaenderaemter.com\/it\/certificato-di-narrativa\/\" \/>\n<meta property=\"og:locale\" content=\"it_IT\" \/>\n<meta property=\"og:type\" content=\"article\" \/>\n<meta property=\"og:title\" content=\"Die Fiktionsbescheinigung - auslaenderaemter.com\" \/>\n<meta property=\"og:description\" content=\"Eine Fiktionsbescheinigung fungiert als Nachweis eines vorl\u00e4ufigen Aufenthaltsrechts f\u00fcr in Deutschland lebende Ausl\u00e4nder.\" \/>\n<meta property=\"og:url\" content=\"https:\/\/auslaenderaemter.com\/it\/certificato-di-narrativa\/\" \/>\n<meta property=\"og:site_name\" content=\"auslaenderaemter.com\" \/>\n<meta property=\"article:modified_time\" content=\"2021-03-15T20:29:27+00:00\" \/>\n<meta property=\"og:image\" content=\"https:\/\/auslaenderaemter.com\/wp-content\/uploads\/2021\/03\/IMG_5064-min-e1615834936619.png\" \/>\n\t<meta property=\"og:image:width\" content=\"600\" \/>\n\t<meta property=\"og:image:height\" content=\"338\" \/>\n\t<meta property=\"og:image:type\" content=\"image\/png\" \/>\n<meta name=\"twitter:card\" content=\"summary_large_image\" \/>\n<meta name=\"twitter:label1\" content=\"Tempo di lettura stimato\" \/>\n\t<meta name=\"twitter:data1\" content=\"3 minuti\" \/>\n<script type=\"application\/ld+json\" class=\"yoast-schema-graph\">{\"@context\":\"https:\\\/\\\/schema.org\",\"@graph\":[{\"@type\":\"WebPage\",\"@id\":\"https:\\\/\\\/auslaenderaemter.com\\\/fiktionsbescheinigung\\\/\",\"url\":\"https:\\\/\\\/auslaenderaemter.com\\\/fiktionsbescheinigung\\\/\",\"name\":\"Die Fiktionsbescheinigung - auslaenderaemter.com\",\"isPartOf\":{\"@id\":\"https:\\\/\\\/auslaenderaemter.com\\\/#website\"},\"primaryImageOfPage\":{\"@id\":\"https:\\\/\\\/auslaenderaemter.com\\\/fiktionsbescheinigung\\\/#primaryimage\"},\"image\":{\"@id\":\"https:\\\/\\\/auslaenderaemter.com\\\/fiktionsbescheinigung\\\/#primaryimage\"},\"thumbnailUrl\":\"https:\\\/\\\/auslaenderaemter.com\\\/wp-content\\\/uploads\\\/2021\\\/03\\\/IMG_5064-min-e1615834936619.png\",\"datePublished\":\"2021-03-15T19:27:21+00:00\",\"dateModified\":\"2021-03-15T20:29:27+00:00\",\"description\":\"Eine Fiktionsbescheinigung fungiert als Nachweis eines vorl\u00e4ufigen Aufenthaltsrechts f\u00fcr in Deutschland lebende Ausl\u00e4nder.\",\"breadcrumb\":{\"@id\":\"https:\\\/\\\/auslaenderaemter.com\\\/fiktionsbescheinigung\\\/#breadcrumb\"},\"inLanguage\":\"it-IT\",\"potentialAction\":[{\"@type\":\"ReadAction\",\"target\":[\"https:\\\/\\\/auslaenderaemter.com\\\/fiktionsbescheinigung\\\/\"]}]},{\"@type\":\"ImageObject\",\"inLanguage\":\"it-IT\",\"@id\":\"https:\\\/\\\/auslaenderaemter.com\\\/fiktionsbescheinigung\\\/#primaryimage\",\"url\":\"https:\\\/\\\/auslaenderaemter.com\\\/wp-content\\\/uploads\\\/2021\\\/03\\\/IMG_5064-min-e1615834936619.png\",\"contentUrl\":\"https:\\\/\\\/auslaenderaemter.com\\\/wp-content\\\/uploads\\\/2021\\\/03\\\/IMG_5064-min-e1615834936619.png\",\"width\":600,\"height\":338,\"caption\":\"Fiktionsbescheinigung\"},{\"@type\":\"BreadcrumbList\",\"@id\":\"https:\\\/\\\/auslaenderaemter.com\\\/fiktionsbescheinigung\\\/#breadcrumb\",\"itemListElement\":[{\"@type\":\"ListItem\",\"position\":1,\"name\":\"Startseite\",\"item\":\"https:\\\/\\\/auslaenderaemter.com\\\/\"},{\"@type\":\"ListItem\",\"position\":2,\"name\":\"Fiktionsbescheinigung\"}]},{\"@type\":\"WebSite\",\"@id\":\"https:\\\/\\\/auslaenderaemter.com\\\/#website\",\"url\":\"https:\\\/\\\/auslaenderaemter.com\\\/\",\"name\":\"auslaenderaemter.com\",\"description\":\"\",\"publisher\":{\"@id\":\"https:\\\/\\\/auslaenderaemter.com\\\/#organization\"},\"potentialAction\":[{\"@type\":\"SearchAction\",\"target\":{\"@type\":\"EntryPoint\",\"urlTemplate\":\"https:\\\/\\\/auslaenderaemter.com\\\/?s={search_term_string}\"},\"query-input\":{\"@type\":\"PropertyValueSpecification\",\"valueRequired\":true,\"valueName\":\"search_term_string\"}}],\"inLanguage\":\"it-IT\"},{\"@type\":\"Organization\",\"@id\":\"https:\\\/\\\/auslaenderaemter.com\\\/#organization\",\"name\":\"auslaenderaemter.com\",\"url\":\"https:\\\/\\\/auslaenderaemter.com\\\/\",\"logo\":{\"@type\":\"ImageObject\",\"inLanguage\":\"it-IT\",\"@id\":\"https:\\\/\\\/auslaenderaemter.com\\\/#\\\/schema\\\/logo\\\/image\\\/\",\"url\":\"https:\\\/\\\/auslaenderaemter.com\\\/wp-content\\\/uploads\\\/2021\\\/01\\\/cropped-Vollmond-info-13.png\",\"contentUrl\":\"https:\\\/\\\/auslaenderaemter.com\\\/wp-content\\\/uploads\\\/2021\\\/01\\\/cropped-Vollmond-info-13.png\",\"width\":500,\"height\":117,\"caption\":\"auslaenderaemter.com\"},\"image\":{\"@id\":\"https:\\\/\\\/auslaenderaemter.com\\\/#\\\/schema\\\/logo\\\/image\\\/\"}}]}<\/script>\n<!-- \/ Yoast SEO plugin. -->","yoast_head_json":{"title":"Il certificato immaginario - auslaenderaemter.com","description":"Un certificato fittizio funge da prova di un diritto di soggiorno provvisorio per gli stranieri che vivono in Germania.","robots":{"index":"index","follow":"follow","max-snippet":"max-snippet:-1","max-image-preview":"max-image-preview:large","max-video-preview":"max-video-preview:-1"},"canonical":"https:\/\/auslaenderaemter.com\/it\/certificato-di-narrativa\/","og_locale":"it_IT","og_type":"article","og_title":"Die Fiktionsbescheinigung - auslaenderaemter.com","og_description":"Eine Fiktionsbescheinigung fungiert als Nachweis eines vorl\u00e4ufigen Aufenthaltsrechts f\u00fcr in Deutschland lebende Ausl\u00e4nder.","og_url":"https:\/\/auslaenderaemter.com\/it\/certificato-di-narrativa\/","og_site_name":"auslaenderaemter.com","article_modified_time":"2021-03-15T20:29:27+00:00","og_image":[{"width":600,"height":338,"url":"https:\/\/auslaenderaemter.com\/wp-content\/uploads\/2021\/03\/IMG_5064-min-e1615834936619.png","type":"image\/png"}],"twitter_card":"summary_large_image","twitter_misc":{"Tempo di lettura stimato":"3 minuti"},"schema":{"@context":"https:\/\/schema.org","@graph":[{"@type":"WebPage","@id":"https:\/\/auslaenderaemter.com\/fiktionsbescheinigung\/","url":"https:\/\/auslaenderaemter.com\/fiktionsbescheinigung\/","name":"Il certificato immaginario - auslaenderaemter.com","isPartOf":{"@id":"https:\/\/auslaenderaemter.com\/#website"},"primaryImageOfPage":{"@id":"https:\/\/auslaenderaemter.com\/fiktionsbescheinigung\/#primaryimage"},"image":{"@id":"https:\/\/auslaenderaemter.com\/fiktionsbescheinigung\/#primaryimage"},"thumbnailUrl":"https:\/\/auslaenderaemter.com\/wp-content\/uploads\/2021\/03\/IMG_5064-min-e1615834936619.png","datePublished":"2021-03-15T19:27:21+00:00","dateModified":"2021-03-15T20:29:27+00:00","description":"Un certificato fittizio funge da prova di un diritto di soggiorno provvisorio per gli stranieri che vivono in Germania.","breadcrumb":{"@id":"https:\/\/auslaenderaemter.com\/fiktionsbescheinigung\/#breadcrumb"},"inLanguage":"it-IT","potentialAction":[{"@type":"ReadAction","target":["https:\/\/auslaenderaemter.com\/fiktionsbescheinigung\/"]}]},{"@type":"ImageObject","inLanguage":"it-IT","@id":"https:\/\/auslaenderaemter.com\/fiktionsbescheinigung\/#primaryimage","url":"https:\/\/auslaenderaemter.com\/wp-content\/uploads\/2021\/03\/IMG_5064-min-e1615834936619.png","contentUrl":"https:\/\/auslaenderaemter.com\/wp-content\/uploads\/2021\/03\/IMG_5064-min-e1615834936619.png","width":600,"height":338,"caption":"Fiktionsbescheinigung"},{"@type":"BreadcrumbList","@id":"https:\/\/auslaenderaemter.com\/fiktionsbescheinigung\/#breadcrumb","itemListElement":[{"@type":"ListItem","position":1,"name":"Startseite","item":"https:\/\/auslaenderaemter.com\/"},{"@type":"ListItem","position":2,"name":"Fiktionsbescheinigung"}]},{"@type":"WebSite","@id":"https:\/\/auslaenderaemter.com\/#website","url":"https:\/\/auslaenderaemter.com\/","name":"www.auslaenderaemter.com","description":"","publisher":{"@id":"https:\/\/auslaenderaemter.com\/#organization"},"potentialAction":[{"@type":"SearchAction","target":{"@type":"EntryPoint","urlTemplate":"https:\/\/auslaenderaemter.com\/?s={search_term_string}"},"query-input":{"@type":"PropertyValueSpecification","valueRequired":true,"valueName":"search_term_string"}}],"inLanguage":"it-IT"},{"@type":"Organization","@id":"https:\/\/auslaenderaemter.com\/#organization","name":"www.auslaenderaemter.com","url":"https:\/\/auslaenderaemter.com\/","logo":{"@type":"ImageObject","inLanguage":"it-IT","@id":"https:\/\/auslaenderaemter.com\/#\/schema\/logo\/image\/","url":"https:\/\/auslaenderaemter.com\/wp-content\/uploads\/2021\/01\/cropped-Vollmond-info-13.png","contentUrl":"https:\/\/auslaenderaemter.com\/wp-content\/uploads\/2021\/01\/cropped-Vollmond-info-13.png","width":500,"height":117,"caption":"auslaenderaemter.com"},"image":{"@id":"https:\/\/auslaenderaemter.com\/#\/schema\/logo\/image\/"}}]}},"_links":{"self":[{"href":"https:\/\/auslaenderaemter.com\/it\/wp-json\/wp\/v2\/pages\/3111","targetHints":{"allow":["GET"]}}],"collection":[{"href":"https:\/\/auslaenderaemter.com\/it\/wp-json\/wp\/v2\/pages"}],"about":[{"href":"https:\/\/auslaenderaemter.com\/it\/wp-json\/wp\/v2\/types\/page"}],"author":[{"embeddable":true,"href":"https:\/\/auslaenderaemter.com\/it\/wp-json\/wp\/v2\/users\/1"}],"replies":[{"embeddable":true,"href":"https:\/\/auslaenderaemter.com\/it\/wp-json\/wp\/v2\/comments?post=3111"}],"version-history":[{"count":0,"href":"https:\/\/auslaenderaemter.com\/it\/wp-json\/wp\/v2\/pages\/3111\/revisions"}],"wp:featuredmedia":[{"embeddable":true,"href":"https:\/\/auslaenderaemter.com\/it\/wp-json\/wp\/v2\/media\/3120"}],"wp:attachment":[{"href":"https:\/\/auslaenderaemter.com\/it\/wp-json\/wp\/v2\/media?parent=3111"}],"curies":[{"name":"parola chiave","href":"https:\/\/api.w.org\/{rel}","templated":true}]}}