{"id":3115,"date":"2021-03-15T21:23:27","date_gmt":"2021-03-15T20:23:27","guid":{"rendered":"https:\/\/auslaenderaemter.com\/?page_id=3115"},"modified":"2022-07-01T21:54:02","modified_gmt":"2022-07-01T19:54:02","slug":"aufenthaltserlaubnis","status":"publish","type":"page","link":"https:\/\/auslaenderaemter.com\/it\/permesso-di-residenza\/","title":{"rendered":"permesso di residenza"},"content":{"rendered":"<p><img fetchpriority=\"high\" decoding=\"async\" class=\"aligncenter wp-image-3137 size-full\" src=\"https:\/\/auslaenderaemter.com\/wp-content\/uploads\/2021\/03\/visa-3653492_640.jpg\" alt=\"permesso di residenza\" width=\"640\" height=\"393\" srcset=\"https:\/\/auslaenderaemter.com\/wp-content\/uploads\/2021\/03\/visa-3653492_640.jpg 640w, https:\/\/auslaenderaemter.com\/wp-content\/uploads\/2021\/03\/visa-3653492_640-300x184.jpg 300w\" sizes=\"(max-width: 640px) 100vw, 640px\" \/><\/p>\n<p>Uno dei sette titoli di soggiorno esistenti in Germania \u00e8 il permesso di soggiorno. Verr\u00e0 rilasciato un permesso di soggiorno <strong>temporaneo<\/strong> e ad uno <strong>scopo specifico<\/strong> concesso. Ma in quali casi si pu\u00f2 rilasciare un permesso di soggiorno e dove si pu\u00f2 ottenere tale documento?<\/p>\n<h2>Che cos&#039;\u00e8 un permesso di soggiorno?<\/h2>\n<p>In Germania il permesso di soggiorno \u00e8 temporaneo <a href=\"https:\/\/auslaenderaemter.com\/it\/permesso-di-residenza-2\/\">permesso di residenza<\/a> secondo la legge sulla residenza in vigore dal 2005. Il permesso di soggiorno viene rilasciato ai cosiddetti cittadini di paesi terzi. \u00c8 riservato e limitato.<\/p>\n<h2>requisiti<\/h2>\n<p>I permessi di soggiorno vengono rilasciati solo per uno scopo specifico. Lo scopo di ci\u00f2 \u00e8 esposto in dettaglio nella legge sulla residenza. Le sezioni da 16 a 17 della legge sulla residenza, ad esempio, elencano le condizioni alle quali viene approvato un permesso di soggiorno per motivi di formazione.<\/p>\n<p>Gli articoli 18 e seguenti della legge sulla residenza spiegano i requisiti per il rilascio dei permessi di soggiorno per attivit\u00e0 lucrativa. Il permesso di soggiorno in Germania pu\u00f2 essere concesso anche per motivi internazionali, umanitari o politici ai sensi della legge sulla residenza. Inoltre, \u00e8 possibile che il permesso di soggiorno provvisorio e stanziato sia concesso per motivi familiari. La base giuridica per questo pu\u00f2 essere trovata nelle sezioni da 27 a 36a della legge sulla residenza.<\/p>\n<p>L&#039;eventuale proroga del permesso di soggiorno \u00e8 possibile solo se si possono ancora oggi affermare le condizioni che esistevano al momento del primo rilascio del permesso. Tuttavia, se la finalit\u00e0 temporanea \u00e8 gi\u00e0 stata soddisfatta, l&#039;autorit\u00e0 competente pu\u00f2 anche rifiutare la proroga. Prerequisiti per la proroga del permesso di soggiorno possono anche comprendere che il richiedente abbia adempiuto agli obblighi di legge, come il completamento di un percorso di integrazione.<\/p>\n<h3>Chi rilascia il permesso di soggiorno?<\/h3>\n<p>Il referente per il rilascio del permesso di soggiorno \u00e8 l&#039;ente locale <a href=\"https:\/\/auslaenderaemter.com\/it\/\">ufficio estero<\/a>, in quanto gli Stati federali sono sostanzialmente responsabili dell&#039;applicazione delle norme che disciplinano gli stranieri. Puoi compilare i moduli pertinenti online sul sito web dell&#039;Ufficio Immigrazione o ritirare di persona il modulo necessario e inviarlo all&#039;ufficio per posta dopo averlo compilato.<\/p>\n<h3>Costi<\/h3>\n<p>Le tariffe per il rilascio del permesso di soggiorno dipendono, tra l&#039;altro, dal periodo di validit\u00e0 del permesso. Ad esempio, se viene concessa l&#039;autorizzazione per un massimo di <strong>un anno<\/strong> concesso, quindi le tasse sono allegate <strong>100 euro<\/strong>. Il permesso di soggiorno ha una durata di? <strong>Di pi\u00f9<\/strong> di un anno, poi i costi di mostra <strong>110 euro<\/strong>. Solo autorizzazione <strong>esteso<\/strong>, quindi i costi per questo sono compresi<strong> 65 e 80<\/strong> Euro.<\/p>\n<h3>Qual \u00e8 la differenza tra titolo di soggiorno e permesso di soggiorno?<\/h3>\n<p>Un permesso di soggiorno autorizza le persone provenienti da paesi terzi a risiedere in Germania. In questo contesto, il permesso di soggiorno \u00e8 uno dei sette titoli di soggiorno esistenti in Germania. Il termine permesso di soggiorno descrive un caso particolare di rilascio di un permesso di soggiorno.<\/p>\n<h3>Si pu\u00f2 lavorare con il permesso di soggiorno?<\/h3>\n<p>Se hai ricevuto un permesso di soggiorno, questo significa <strong>non automaticamente<\/strong>che puoi lavorare anche in Germania. Piuttosto, il permesso deve contenere espressamente il diritto ad un&#039;attivit\u00e0 lucrativa. Tuttavia, questo regolamento non si applica alle persone provenienti dagli Stati dell&#039;UE o del SEE o alle persone dalla Svizzera. Perch\u00e9 beneficiano della cosiddetta libert\u00e0 di circolazione dei lavoratori.<\/p>\n<p>Sono permessi di soggiorno rilasciati dall&#039;autorit\u00e0 competente <strong>allo scopo<\/strong> <strong>di occupazione<\/strong> concesso, allora questi includono sempre un permesso di lavoro. L&#039;autorit\u00e0 competente include anche l&#039;entit\u00e0 dell&#039;impiego consentito nei documenti o lo documenta su un foglio aggiuntivo.<\/p>\n<p>Ci sono anche titoli speciali che danno diritto al soggiorno in Germania e sono espressamente adattati a un&#039;attivit\u00e0 professionale. In questo contesto vanno citate la carta ICT, la carta mobile ICT e la carta blu UE. Anche questi titoli sono soggetti a un limite di tempo.<\/p>\n<ul>\n<li><strong>Aspetti visitatori dall&#039;estero?<\/strong> Con un <a href=\"https:\/\/auslaenderaemter.com\/it\/assicurazione-per-ospiti-stranieri\/\">Assicurazione per gli ospiti stranieri<\/a>\u00a0sei completamente protetto in Germania e in Europa.<\/li>\n<\/ul>\n<h3>Ulteriore<span class=\"ez-toc-section\">\u00a0<\/span>link e fonti<\/h3>\n<ul>\n<li><a href=\"https:\/\/www.gesetze-im-internet.de\/aufenthg_2004\/\" target=\"_blank\" rel=\"noopener\">Legge sulla residenza, occupazione e integrazione degli stranieri in Germania<\/a> \u2013 gesetze-im-internet.de<\/li>\n<li><a href=\"https:\/\/auslaenderaemter.com\/it\/certificato-di-narrativa\/\">certificato di narrativa<\/a><\/li>\n<\/ul>","protected":false},"excerpt":{"rendered":"<p>Uno dei sette permessi di soggiorno esistenti in Germania \u00e8 il permesso di soggiorno. Un permesso di soggiorno viene concesso per un periodo limitato e per uno scopo specifico. Ma in quali casi pu\u00f2 essere rilasciato un permesso di soggiorno e dove \u00e8 possibile ottenere tale documento? Cos&#039;\u00e8 il permesso di soggiorno? In Germania il permesso di soggiorno \u00e8 un permesso di soggiorno temporaneo secondo...&nbsp;<a href=\"https:\/\/auslaenderaemter.com\/it\/permesso-di-residenza\/\" rel=\"bookmark\">Per saperne di pi\u00f9 &quot;<span class=\"screen-reader-text\">permesso di residenza<\/span><\/a><\/p>","protected":false},"author":1,"featured_media":3137,"parent":0,"menu_order":0,"comment_status":"closed","ping_status":"closed","template":"","meta":{"neve_meta_sidebar":"","neve_meta_container":"","neve_meta_enable_content_width":"on","neve_meta_content_width":100,"neve_meta_title_alignment":"","neve_meta_author_avatar":"","neve_post_elements_order":"","neve_meta_disable_header":"","neve_meta_disable_footer":"","neve_meta_disable_title":"","neve_meta_reading_time":"","footnotes":""},"class_list":["post-3115","page","type-page","status-publish","has-post-thumbnail","hentry"],"yoast_head":"<!-- This site is optimized with the Yoast SEO plugin v27.6 - https:\/\/yoast.com\/product\/yoast-seo-wordpress\/ -->\n<title>Von wem wird die Aufenthaltserlaubnis erteilt? | auslaenderaemter.com<\/title>\n<meta name=\"description\" content=\"Ansprechpartner f\u00fcr die Erteilung einer Aufenthaltserlaubnis ist die \u00f6rtlich zust\u00e4ndige Ausl\u00e4nderbeh\u00f6rde. Auch dieser Titel unterliegen einer\" \/>\n<meta name=\"robots\" content=\"index, follow, max-snippet:-1, max-image-preview:large, max-video-preview:-1\" \/>\n<link rel=\"canonical\" href=\"https:\/\/auslaenderaemter.com\/it\/permesso-di-residenza\/\" \/>\n<meta property=\"og:locale\" content=\"it_IT\" \/>\n<meta property=\"og:type\" content=\"article\" \/>\n<meta property=\"og:title\" content=\"Von wem wird die Aufenthaltserlaubnis erteilt? | auslaenderaemter.com\" \/>\n<meta property=\"og:description\" content=\"Ansprechpartner f\u00fcr die Erteilung einer Aufenthaltserlaubnis ist die \u00f6rtlich zust\u00e4ndige Ausl\u00e4nderbeh\u00f6rde. Auch dieser Titel unterliegen einer\" \/>\n<meta property=\"og:url\" content=\"https:\/\/auslaenderaemter.com\/it\/permesso-di-residenza\/\" \/>\n<meta property=\"og:site_name\" content=\"auslaenderaemter.com\" \/>\n<meta property=\"article:modified_time\" content=\"2022-07-01T19:54:02+00:00\" \/>\n<meta property=\"og:image\" content=\"https:\/\/auslaenderaemter.com\/wp-content\/uploads\/2021\/03\/visa-3653492_640.jpg\" \/>\n\t<meta property=\"og:image:width\" content=\"640\" \/>\n\t<meta property=\"og:image:height\" content=\"393\" \/>\n\t<meta property=\"og:image:type\" content=\"image\/jpeg\" \/>\n<meta name=\"twitter:card\" content=\"summary_large_image\" \/>\n<meta name=\"twitter:label1\" content=\"Tempo di lettura stimato\" \/>\n\t<meta name=\"twitter:data1\" content=\"3 minuti\" \/>\n<script type=\"application\/ld+json\" class=\"yoast-schema-graph\">{\"@context\":\"https:\\\/\\\/schema.org\",\"@graph\":[{\"@type\":\"WebPage\",\"@id\":\"https:\\\/\\\/auslaenderaemter.com\\\/aufenthaltserlaubnis\\\/\",\"url\":\"https:\\\/\\\/auslaenderaemter.com\\\/aufenthaltserlaubnis\\\/\",\"name\":\"Von wem wird die Aufenthaltserlaubnis erteilt? | auslaenderaemter.com\",\"isPartOf\":{\"@id\":\"https:\\\/\\\/auslaenderaemter.com\\\/#website\"},\"primaryImageOfPage\":{\"@id\":\"https:\\\/\\\/auslaenderaemter.com\\\/aufenthaltserlaubnis\\\/#primaryimage\"},\"image\":{\"@id\":\"https:\\\/\\\/auslaenderaemter.com\\\/aufenthaltserlaubnis\\\/#primaryimage\"},\"thumbnailUrl\":\"https:\\\/\\\/auslaenderaemter.com\\\/wp-content\\\/uploads\\\/2021\\\/03\\\/visa-3653492_640.jpg\",\"datePublished\":\"2021-03-15T20:23:27+00:00\",\"dateModified\":\"2022-07-01T19:54:02+00:00\",\"description\":\"Ansprechpartner f\u00fcr die Erteilung einer Aufenthaltserlaubnis ist die \u00f6rtlich zust\u00e4ndige Ausl\u00e4nderbeh\u00f6rde. Auch dieser Titel unterliegen einer\",\"breadcrumb\":{\"@id\":\"https:\\\/\\\/auslaenderaemter.com\\\/aufenthaltserlaubnis\\\/#breadcrumb\"},\"inLanguage\":\"it-IT\",\"potentialAction\":[{\"@type\":\"ReadAction\",\"target\":[\"https:\\\/\\\/auslaenderaemter.com\\\/aufenthaltserlaubnis\\\/\"]}]},{\"@type\":\"ImageObject\",\"inLanguage\":\"it-IT\",\"@id\":\"https:\\\/\\\/auslaenderaemter.com\\\/aufenthaltserlaubnis\\\/#primaryimage\",\"url\":\"https:\\\/\\\/auslaenderaemter.com\\\/wp-content\\\/uploads\\\/2021\\\/03\\\/visa-3653492_640.jpg\",\"contentUrl\":\"https:\\\/\\\/auslaenderaemter.com\\\/wp-content\\\/uploads\\\/2021\\\/03\\\/visa-3653492_640.jpg\",\"width\":640,\"height\":393,\"caption\":\"Aufenthaltserlaubnis\"},{\"@type\":\"BreadcrumbList\",\"@id\":\"https:\\\/\\\/auslaenderaemter.com\\\/aufenthaltserlaubnis\\\/#breadcrumb\",\"itemListElement\":[{\"@type\":\"ListItem\",\"position\":1,\"name\":\"Startseite\",\"item\":\"https:\\\/\\\/auslaenderaemter.com\\\/\"},{\"@type\":\"ListItem\",\"position\":2,\"name\":\"Aufenthaltserlaubnis\"}]},{\"@type\":\"WebSite\",\"@id\":\"https:\\\/\\\/auslaenderaemter.com\\\/#website\",\"url\":\"https:\\\/\\\/auslaenderaemter.com\\\/\",\"name\":\"auslaenderaemter.com\",\"description\":\"\",\"publisher\":{\"@id\":\"https:\\\/\\\/auslaenderaemter.com\\\/#organization\"},\"potentialAction\":[{\"@type\":\"SearchAction\",\"target\":{\"@type\":\"EntryPoint\",\"urlTemplate\":\"https:\\\/\\\/auslaenderaemter.com\\\/?s={search_term_string}\"},\"query-input\":{\"@type\":\"PropertyValueSpecification\",\"valueRequired\":true,\"valueName\":\"search_term_string\"}}],\"inLanguage\":\"it-IT\"},{\"@type\":\"Organization\",\"@id\":\"https:\\\/\\\/auslaenderaemter.com\\\/#organization\",\"name\":\"auslaenderaemter.com\",\"url\":\"https:\\\/\\\/auslaenderaemter.com\\\/\",\"logo\":{\"@type\":\"ImageObject\",\"inLanguage\":\"it-IT\",\"@id\":\"https:\\\/\\\/auslaenderaemter.com\\\/#\\\/schema\\\/logo\\\/image\\\/\",\"url\":\"https:\\\/\\\/auslaenderaemter.com\\\/wp-content\\\/uploads\\\/2021\\\/01\\\/cropped-Vollmond-info-13.png\",\"contentUrl\":\"https:\\\/\\\/auslaenderaemter.com\\\/wp-content\\\/uploads\\\/2021\\\/01\\\/cropped-Vollmond-info-13.png\",\"width\":500,\"height\":117,\"caption\":\"auslaenderaemter.com\"},\"image\":{\"@id\":\"https:\\\/\\\/auslaenderaemter.com\\\/#\\\/schema\\\/logo\\\/image\\\/\"}}]}<\/script>\n<!-- \/ Yoast SEO plugin. -->","yoast_head_json":{"title":"Chi rilascia il permesso di soggiorno? | auslaenderaemter.com","description":"Il referente per il rilascio del permesso di soggiorno \u00e8 l&#039;autorit\u00e0 locale per gli stranieri. Questo titolo \u00e8 anche soggetto ad a","robots":{"index":"index","follow":"follow","max-snippet":"max-snippet:-1","max-image-preview":"max-image-preview:large","max-video-preview":"max-video-preview:-1"},"canonical":"https:\/\/auslaenderaemter.com\/it\/permesso-di-residenza\/","og_locale":"it_IT","og_type":"article","og_title":"Von wem wird die Aufenthaltserlaubnis erteilt? | auslaenderaemter.com","og_description":"Ansprechpartner f\u00fcr die Erteilung einer Aufenthaltserlaubnis ist die \u00f6rtlich zust\u00e4ndige Ausl\u00e4nderbeh\u00f6rde. Auch dieser Titel unterliegen einer","og_url":"https:\/\/auslaenderaemter.com\/it\/permesso-di-residenza\/","og_site_name":"auslaenderaemter.com","article_modified_time":"2022-07-01T19:54:02+00:00","og_image":[{"width":640,"height":393,"url":"https:\/\/auslaenderaemter.com\/wp-content\/uploads\/2021\/03\/visa-3653492_640.jpg","type":"image\/jpeg"}],"twitter_card":"summary_large_image","twitter_misc":{"Tempo di lettura stimato":"3 minuti"},"schema":{"@context":"https:\/\/schema.org","@graph":[{"@type":"WebPage","@id":"https:\/\/auslaenderaemter.com\/aufenthaltserlaubnis\/","url":"https:\/\/auslaenderaemter.com\/aufenthaltserlaubnis\/","name":"Chi rilascia il permesso di soggiorno? | auslaenderaemter.com","isPartOf":{"@id":"https:\/\/auslaenderaemter.com\/#website"},"primaryImageOfPage":{"@id":"https:\/\/auslaenderaemter.com\/aufenthaltserlaubnis\/#primaryimage"},"image":{"@id":"https:\/\/auslaenderaemter.com\/aufenthaltserlaubnis\/#primaryimage"},"thumbnailUrl":"https:\/\/auslaenderaemter.com\/wp-content\/uploads\/2021\/03\/visa-3653492_640.jpg","datePublished":"2021-03-15T20:23:27+00:00","dateModified":"2022-07-01T19:54:02+00:00","description":"Il referente per il rilascio del permesso di soggiorno \u00e8 l&#039;autorit\u00e0 locale per gli stranieri. Questo titolo \u00e8 anche soggetto ad a","breadcrumb":{"@id":"https:\/\/auslaenderaemter.com\/aufenthaltserlaubnis\/#breadcrumb"},"inLanguage":"it-IT","potentialAction":[{"@type":"ReadAction","target":["https:\/\/auslaenderaemter.com\/aufenthaltserlaubnis\/"]}]},{"@type":"ImageObject","inLanguage":"it-IT","@id":"https:\/\/auslaenderaemter.com\/aufenthaltserlaubnis\/#primaryimage","url":"https:\/\/auslaenderaemter.com\/wp-content\/uploads\/2021\/03\/visa-3653492_640.jpg","contentUrl":"https:\/\/auslaenderaemter.com\/wp-content\/uploads\/2021\/03\/visa-3653492_640.jpg","width":640,"height":393,"caption":"Aufenthaltserlaubnis"},{"@type":"BreadcrumbList","@id":"https:\/\/auslaenderaemter.com\/aufenthaltserlaubnis\/#breadcrumb","itemListElement":[{"@type":"ListItem","position":1,"name":"Startseite","item":"https:\/\/auslaenderaemter.com\/"},{"@type":"ListItem","position":2,"name":"Aufenthaltserlaubnis"}]},{"@type":"WebSite","@id":"https:\/\/auslaenderaemter.com\/#website","url":"https:\/\/auslaenderaemter.com\/","name":"www.auslaenderaemter.com","description":"","publisher":{"@id":"https:\/\/auslaenderaemter.com\/#organization"},"potentialAction":[{"@type":"SearchAction","target":{"@type":"EntryPoint","urlTemplate":"https:\/\/auslaenderaemter.com\/?s={search_term_string}"},"query-input":{"@type":"PropertyValueSpecification","valueRequired":true,"valueName":"search_term_string"}}],"inLanguage":"it-IT"},{"@type":"Organization","@id":"https:\/\/auslaenderaemter.com\/#organization","name":"www.auslaenderaemter.com","url":"https:\/\/auslaenderaemter.com\/","logo":{"@type":"ImageObject","inLanguage":"it-IT","@id":"https:\/\/auslaenderaemter.com\/#\/schema\/logo\/image\/","url":"https:\/\/auslaenderaemter.com\/wp-content\/uploads\/2021\/01\/cropped-Vollmond-info-13.png","contentUrl":"https:\/\/auslaenderaemter.com\/wp-content\/uploads\/2021\/01\/cropped-Vollmond-info-13.png","width":500,"height":117,"caption":"auslaenderaemter.com"},"image":{"@id":"https:\/\/auslaenderaemter.com\/#\/schema\/logo\/image\/"}}]}},"_links":{"self":[{"href":"https:\/\/auslaenderaemter.com\/it\/wp-json\/wp\/v2\/pages\/3115","targetHints":{"allow":["GET"]}}],"collection":[{"href":"https:\/\/auslaenderaemter.com\/it\/wp-json\/wp\/v2\/pages"}],"about":[{"href":"https:\/\/auslaenderaemter.com\/it\/wp-json\/wp\/v2\/types\/page"}],"author":[{"embeddable":true,"href":"https:\/\/auslaenderaemter.com\/it\/wp-json\/wp\/v2\/users\/1"}],"replies":[{"embeddable":true,"href":"https:\/\/auslaenderaemter.com\/it\/wp-json\/wp\/v2\/comments?post=3115"}],"version-history":[{"count":0,"href":"https:\/\/auslaenderaemter.com\/it\/wp-json\/wp\/v2\/pages\/3115\/revisions"}],"wp:featuredmedia":[{"embeddable":true,"href":"https:\/\/auslaenderaemter.com\/it\/wp-json\/wp\/v2\/media\/3137"}],"wp:attachment":[{"href":"https:\/\/auslaenderaemter.com\/it\/wp-json\/wp\/v2\/media?parent=3115"}],"curies":[{"name":"parola chiave","href":"https:\/\/api.w.org\/{rel}","templated":true}]}}