{"id":4036,"date":"2023-06-12T16:26:59","date_gmt":"2023-06-12T14:26:59","guid":{"rendered":"https:\/\/auslaenderaemter.com\/?page_id=4036"},"modified":"2023-06-12T16:26:59","modified_gmt":"2023-06-12T14:26:59","slug":"aufenthaltskarte-eu","status":"publish","type":"page","link":"https:\/\/auslaenderaemter.com\/it\/carta-di-soggiorno-ue\/","title":{"rendered":"Carta di soggiorno UE"},"content":{"rendered":"<p>La carta di soggiorno UE \u00e8 una parte importante del quadro giuridico dell&#039;Unione europea che consente ai familiari di cittadini dell&#039;UE di vivere e lavorare nell&#039;UE. Questo articolo spiega l&#039;importanza della carta di soggiorno UE, i requisiti per ottenerla e la procedura per richiederla.<\/p>\n<h2>Che cos&#039;\u00e8 la carta di soggiorno UE?<\/h2>\n<p>La carta di soggiorno UE \u00e8 un documento di identit\u00e0 rilasciato ai cittadini extracomunitari che sono familiari di cittadini comunitari conviventi con loro in un altro Stato membro. Conferma il diritto del titolare di vivere e lavorare nel paese dell&#039;UE in cui risiede il cittadino dell&#039;UE. La carta di soggiorno ha normalmente una validit\u00e0 di cinque anni.<\/p>\n<h2>Requisiti per la carta di soggiorno UE<\/h2>\n<p>Per ottenere una carta di soggiorno UE \u00e8 necessario soddisfare alcuni requisiti:<\/p>\n<ol>\n<li><strong>rapporto familiare:<\/strong> Il richiedente deve essere un familiare di un cittadino UE. Ci\u00f2 include in genere coniugi, partner registrati, figli di et\u00e0 inferiore ai 21 anni e familiari a carico, inclusi genitori e nonni.<\/li>\n<li><strong>Residenza in un paese dell&#039;UE:<\/strong> Il cittadino dell&#039;UE con il quale esiste un rapporto di parentela deve risiedere in un paese dell&#039;UE che non sia il suo paese di origine. Il richiedente deve vivere o intende vivere con il cittadino dell&#039;UE in quel paese.<\/li>\n<li><strong>Prova di parentela:<\/strong> A seconda del paese e dei requisiti specifici, potrebbe essere richiesto di dimostrare il legame di parentela con documenti come certificati di matrimonio, certificati di nascita o documenti simili.<\/li>\n<\/ol>\n<p>Si prega di notare che i requisiti esatti possono variare a seconda del paese dell&#039;UE.<\/p>\n<h2>Procedura per la richiesta della carta di soggiorno UE<\/h2>\n<p>Il processo di richiesta di una carta di soggiorno UE di solito inizia con le autorit\u00e0 per l&#039;immigrazione del paese dell&#039;UE in cui risiede il cittadino dell&#039;UE. Il richiedente deve compilare una domanda e fornire tutta la documentazione richiesta attestante la conformit\u00e0 ai requisiti di cui sopra.<\/p>\n<p>Le autorit\u00e0 quindi esaminano la domanda e prendono una decisione. Se la decisione \u00e8 positiva, al richiedente verr\u00e0 rilasciata una carta di soggiorno UE. In caso di rifiuto, il richiedente pu\u00f2 avere il diritto di presentare ricorso o di ripresentare la domanda in un secondo momento.<\/p>\n<h2>Conclusione<\/h2>\n<p>La carta di soggiorno UE \u00e8 uno strumento importante che consente ai familiari di cittadini dell&#039;UE di vivere e lavorare insieme nell&#039;UE. Fornisce sicurezza e stabilit\u00e0 a coloro che si spostano all&#039;interno dell&#039;UE con le loro famiglie e contribuisce a promuovere la libera circolazione all&#039;interno dell&#039;UE, una pietra miliare del diritto dell&#039;UE. Sebbene la procedura possa essere impegnativa, la carta di soggiorno UE offre un&#039;importante opportunit\u00e0 per le famiglie di vivere insieme e godere dei benefici della vita nell&#039;UE.<\/p>\n<h3>Ulteriore<span class=\"ez-toc-section\">\u00a0<\/span>link e fonti<\/h3>\n<ul>\n<li><a href=\"https:\/\/service.berlin.de\/dienstleistung\/324282\/\" target=\"_blank\" rel=\"noopener\">Carta di soggiorno per familiari di cittadini comunitari<\/a> \u2013 service.berlin.de<\/li>\n<li><a href=\"https:\/\/auslaenderaemter.com\/it\/certificato-di-narrativa\/\" target=\"_self\" rel=\"follow noopener noreferrer\" data-wpel-link=\"internal\">certificato di narrativa<\/a><\/li>\n<\/ul>","protected":false},"excerpt":{"rendered":"<p>La carta di soggiorno UE \u00e8 una parte importante del quadro giuridico dell&#039;Unione europea che consente ai familiari di cittadini dell&#039;UE di vivere e lavorare nell&#039;UE. In questo articolo si evidenzia il significato della carta di soggiorno UE, i requisiti per ottenerla e la procedura per richiederla. Cos\u2019\u00e8 la carta di soggiorno UE? La carta di soggiorno UE \u00e8 un...&nbsp;<a href=\"https:\/\/auslaenderaemter.com\/it\/carta-di-soggiorno-ue\/\" rel=\"bookmark\">Per saperne di pi\u00f9 &quot;<span class=\"screen-reader-text\">Carta di soggiorno UE<\/span><\/a><\/p>","protected":false},"author":1,"featured_media":9,"parent":0,"menu_order":0,"comment_status":"closed","ping_status":"closed","template":"","meta":{"neve_meta_sidebar":"","neve_meta_container":"","neve_meta_enable_content_width":"off","neve_meta_content_width":100,"neve_meta_title_alignment":"","neve_meta_author_avatar":"","neve_post_elements_order":"","neve_meta_disable_header":"","neve_meta_disable_footer":"","neve_meta_disable_title":"","neve_meta_reading_time":"","footnotes":""},"class_list":["post-4036","page","type-page","status-publish","has-post-thumbnail","hentry"],"yoast_head":"<!-- This site is optimized with the Yoast SEO plugin v27.4 - https:\/\/yoast.com\/product\/yoast-seo-wordpress\/ -->\n<title>Aufenthaltskarte EU - auslaenderaemter.com<\/title>\n<meta name=\"description\" content=\"Ein umfassender Leitfaden zur Aufenthaltskarte EU: Erl\u00e4uterung ihrer Bedeutung, Erl\u00e4uterung der Anforderungen und des Antragsverfahrens\" \/>\n<meta name=\"robots\" content=\"index, follow, max-snippet:-1, max-image-preview:large, max-video-preview:-1\" \/>\n<link rel=\"canonical\" href=\"https:\/\/auslaenderaemter.com\/it\/carta-di-soggiorno-ue\/\" \/>\n<meta property=\"og:locale\" content=\"it_IT\" \/>\n<meta property=\"og:type\" content=\"article\" \/>\n<meta property=\"og:title\" content=\"Aufenthaltskarte EU - auslaenderaemter.com\" \/>\n<meta property=\"og:description\" content=\"Ein umfassender Leitfaden zur Aufenthaltskarte EU: Erl\u00e4uterung ihrer Bedeutung, Erl\u00e4uterung der Anforderungen und des Antragsverfahrens\" \/>\n<meta property=\"og:url\" content=\"https:\/\/auslaenderaemter.com\/it\/carta-di-soggiorno-ue\/\" \/>\n<meta property=\"og:site_name\" content=\"auslaenderaemter.com\" \/>\n<meta property=\"og:image\" content=\"https:\/\/auslaenderaemter.com\/wp-content\/uploads\/2021\/01\/Vollmond-info-13.png\" \/>\n\t<meta property=\"og:image:width\" content=\"500\" \/>\n\t<meta property=\"og:image:height\" content=\"500\" \/>\n\t<meta property=\"og:image:type\" content=\"image\/png\" \/>\n<meta name=\"twitter:card\" content=\"summary_large_image\" \/>\n<meta name=\"twitter:label1\" content=\"Tempo di lettura stimato\" \/>\n\t<meta name=\"twitter:data1\" content=\"3 minuti\" \/>\n<script type=\"application\/ld+json\" class=\"yoast-schema-graph\">{\"@context\":\"https:\\\/\\\/schema.org\",\"@graph\":[{\"@type\":\"WebPage\",\"@id\":\"https:\\\/\\\/auslaenderaemter.com\\\/aufenthaltskarte-eu\\\/\",\"url\":\"https:\\\/\\\/auslaenderaemter.com\\\/aufenthaltskarte-eu\\\/\",\"name\":\"Aufenthaltskarte EU - auslaenderaemter.com\",\"isPartOf\":{\"@id\":\"https:\\\/\\\/auslaenderaemter.com\\\/#website\"},\"primaryImageOfPage\":{\"@id\":\"https:\\\/\\\/auslaenderaemter.com\\\/aufenthaltskarte-eu\\\/#primaryimage\"},\"image\":{\"@id\":\"https:\\\/\\\/auslaenderaemter.com\\\/aufenthaltskarte-eu\\\/#primaryimage\"},\"thumbnailUrl\":\"https:\\\/\\\/auslaenderaemter.com\\\/wp-content\\\/uploads\\\/2021\\\/01\\\/Vollmond-info-13.png\",\"datePublished\":\"2023-06-12T14:26:59+00:00\",\"description\":\"Ein umfassender Leitfaden zur Aufenthaltskarte EU: Erl\u00e4uterung ihrer Bedeutung, Erl\u00e4uterung der Anforderungen und des Antragsverfahrens\",\"breadcrumb\":{\"@id\":\"https:\\\/\\\/auslaenderaemter.com\\\/aufenthaltskarte-eu\\\/#breadcrumb\"},\"inLanguage\":\"it-IT\",\"potentialAction\":[{\"@type\":\"ReadAction\",\"target\":[\"https:\\\/\\\/auslaenderaemter.com\\\/aufenthaltskarte-eu\\\/\"]}]},{\"@type\":\"ImageObject\",\"inLanguage\":\"it-IT\",\"@id\":\"https:\\\/\\\/auslaenderaemter.com\\\/aufenthaltskarte-eu\\\/#primaryimage\",\"url\":\"https:\\\/\\\/auslaenderaemter.com\\\/wp-content\\\/uploads\\\/2021\\\/01\\\/Vollmond-info-13.png\",\"contentUrl\":\"https:\\\/\\\/auslaenderaemter.com\\\/wp-content\\\/uploads\\\/2021\\\/01\\\/Vollmond-info-13.png\",\"width\":500,\"height\":500,\"caption\":\"Abschiebung\"},{\"@type\":\"BreadcrumbList\",\"@id\":\"https:\\\/\\\/auslaenderaemter.com\\\/aufenthaltskarte-eu\\\/#breadcrumb\",\"itemListElement\":[{\"@type\":\"ListItem\",\"position\":1,\"name\":\"Startseite\",\"item\":\"https:\\\/\\\/auslaenderaemter.com\\\/\"},{\"@type\":\"ListItem\",\"position\":2,\"name\":\"Aufenthaltskarte EU\"}]},{\"@type\":\"WebSite\",\"@id\":\"https:\\\/\\\/auslaenderaemter.com\\\/#website\",\"url\":\"https:\\\/\\\/auslaenderaemter.com\\\/\",\"name\":\"auslaenderaemter.com\",\"description\":\"\",\"publisher\":{\"@id\":\"https:\\\/\\\/auslaenderaemter.com\\\/#organization\"},\"potentialAction\":[{\"@type\":\"SearchAction\",\"target\":{\"@type\":\"EntryPoint\",\"urlTemplate\":\"https:\\\/\\\/auslaenderaemter.com\\\/?s={search_term_string}\"},\"query-input\":{\"@type\":\"PropertyValueSpecification\",\"valueRequired\":true,\"valueName\":\"search_term_string\"}}],\"inLanguage\":\"it-IT\"},{\"@type\":\"Organization\",\"@id\":\"https:\\\/\\\/auslaenderaemter.com\\\/#organization\",\"name\":\"auslaenderaemter.com\",\"url\":\"https:\\\/\\\/auslaenderaemter.com\\\/\",\"logo\":{\"@type\":\"ImageObject\",\"inLanguage\":\"it-IT\",\"@id\":\"https:\\\/\\\/auslaenderaemter.com\\\/#\\\/schema\\\/logo\\\/image\\\/\",\"url\":\"https:\\\/\\\/auslaenderaemter.com\\\/wp-content\\\/uploads\\\/2021\\\/01\\\/cropped-Vollmond-info-13.png\",\"contentUrl\":\"https:\\\/\\\/auslaenderaemter.com\\\/wp-content\\\/uploads\\\/2021\\\/01\\\/cropped-Vollmond-info-13.png\",\"width\":500,\"height\":117,\"caption\":\"auslaenderaemter.com\"},\"image\":{\"@id\":\"https:\\\/\\\/auslaenderaemter.com\\\/#\\\/schema\\\/logo\\\/image\\\/\"}}]}<\/script>\n<!-- \/ Yoast SEO plugin. -->","yoast_head_json":{"title":"Carta di soggiorno UE - auslaenderaemter.com","description":"Una guida completa alla carta di soggiorno UE: spiega cosa significa, spiega i requisiti e come fare domanda","robots":{"index":"index","follow":"follow","max-snippet":"max-snippet:-1","max-image-preview":"max-image-preview:large","max-video-preview":"max-video-preview:-1"},"canonical":"https:\/\/auslaenderaemter.com\/it\/carta-di-soggiorno-ue\/","og_locale":"it_IT","og_type":"article","og_title":"Aufenthaltskarte EU - auslaenderaemter.com","og_description":"Ein umfassender Leitfaden zur Aufenthaltskarte EU: Erl\u00e4uterung ihrer Bedeutung, Erl\u00e4uterung der Anforderungen und des Antragsverfahrens","og_url":"https:\/\/auslaenderaemter.com\/it\/carta-di-soggiorno-ue\/","og_site_name":"auslaenderaemter.com","og_image":[{"width":500,"height":500,"url":"https:\/\/auslaenderaemter.com\/wp-content\/uploads\/2021\/01\/Vollmond-info-13.png","type":"image\/png"}],"twitter_card":"summary_large_image","twitter_misc":{"Tempo di lettura stimato":"3 minuti"},"schema":{"@context":"https:\/\/schema.org","@graph":[{"@type":"WebPage","@id":"https:\/\/auslaenderaemter.com\/aufenthaltskarte-eu\/","url":"https:\/\/auslaenderaemter.com\/aufenthaltskarte-eu\/","name":"Carta di soggiorno UE - auslaenderaemter.com","isPartOf":{"@id":"https:\/\/auslaenderaemter.com\/#website"},"primaryImageOfPage":{"@id":"https:\/\/auslaenderaemter.com\/aufenthaltskarte-eu\/#primaryimage"},"image":{"@id":"https:\/\/auslaenderaemter.com\/aufenthaltskarte-eu\/#primaryimage"},"thumbnailUrl":"https:\/\/auslaenderaemter.com\/wp-content\/uploads\/2021\/01\/Vollmond-info-13.png","datePublished":"2023-06-12T14:26:59+00:00","description":"Una guida completa alla carta di soggiorno UE: spiega cosa significa, spiega i requisiti e come fare domanda","breadcrumb":{"@id":"https:\/\/auslaenderaemter.com\/aufenthaltskarte-eu\/#breadcrumb"},"inLanguage":"it-IT","potentialAction":[{"@type":"ReadAction","target":["https:\/\/auslaenderaemter.com\/aufenthaltskarte-eu\/"]}]},{"@type":"ImageObject","inLanguage":"it-IT","@id":"https:\/\/auslaenderaemter.com\/aufenthaltskarte-eu\/#primaryimage","url":"https:\/\/auslaenderaemter.com\/wp-content\/uploads\/2021\/01\/Vollmond-info-13.png","contentUrl":"https:\/\/auslaenderaemter.com\/wp-content\/uploads\/2021\/01\/Vollmond-info-13.png","width":500,"height":500,"caption":"Abschiebung"},{"@type":"BreadcrumbList","@id":"https:\/\/auslaenderaemter.com\/aufenthaltskarte-eu\/#breadcrumb","itemListElement":[{"@type":"ListItem","position":1,"name":"Startseite","item":"https:\/\/auslaenderaemter.com\/"},{"@type":"ListItem","position":2,"name":"Aufenthaltskarte EU"}]},{"@type":"WebSite","@id":"https:\/\/auslaenderaemter.com\/#website","url":"https:\/\/auslaenderaemter.com\/","name":"www.auslaenderaemter.com","description":"","publisher":{"@id":"https:\/\/auslaenderaemter.com\/#organization"},"potentialAction":[{"@type":"SearchAction","target":{"@type":"EntryPoint","urlTemplate":"https:\/\/auslaenderaemter.com\/?s={search_term_string}"},"query-input":{"@type":"PropertyValueSpecification","valueRequired":true,"valueName":"search_term_string"}}],"inLanguage":"it-IT"},{"@type":"Organization","@id":"https:\/\/auslaenderaemter.com\/#organization","name":"www.auslaenderaemter.com","url":"https:\/\/auslaenderaemter.com\/","logo":{"@type":"ImageObject","inLanguage":"it-IT","@id":"https:\/\/auslaenderaemter.com\/#\/schema\/logo\/image\/","url":"https:\/\/auslaenderaemter.com\/wp-content\/uploads\/2021\/01\/cropped-Vollmond-info-13.png","contentUrl":"https:\/\/auslaenderaemter.com\/wp-content\/uploads\/2021\/01\/cropped-Vollmond-info-13.png","width":500,"height":117,"caption":"auslaenderaemter.com"},"image":{"@id":"https:\/\/auslaenderaemter.com\/#\/schema\/logo\/image\/"}}]}},"_links":{"self":[{"href":"https:\/\/auslaenderaemter.com\/it\/wp-json\/wp\/v2\/pages\/4036","targetHints":{"allow":["GET"]}}],"collection":[{"href":"https:\/\/auslaenderaemter.com\/it\/wp-json\/wp\/v2\/pages"}],"about":[{"href":"https:\/\/auslaenderaemter.com\/it\/wp-json\/wp\/v2\/types\/page"}],"author":[{"embeddable":true,"href":"https:\/\/auslaenderaemter.com\/it\/wp-json\/wp\/v2\/users\/1"}],"replies":[{"embeddable":true,"href":"https:\/\/auslaenderaemter.com\/it\/wp-json\/wp\/v2\/comments?post=4036"}],"version-history":[{"count":0,"href":"https:\/\/auslaenderaemter.com\/it\/wp-json\/wp\/v2\/pages\/4036\/revisions"}],"wp:featuredmedia":[{"embeddable":true,"href":"https:\/\/auslaenderaemter.com\/it\/wp-json\/wp\/v2\/media\/9"}],"wp:attachment":[{"href":"https:\/\/auslaenderaemter.com\/it\/wp-json\/wp\/v2\/media?parent=4036"}],"curies":[{"name":"parola chiave","href":"https:\/\/api.w.org\/{rel}","templated":true}]}}