{"id":4039,"date":"2023-06-12T16:23:02","date_gmt":"2023-06-12T14:23:02","guid":{"rendered":"https:\/\/auslaenderaemter.com\/?page_id=4039"},"modified":"2023-06-12T16:23:02","modified_gmt":"2023-06-12T14:23:02","slug":"niederlassungserlaubnis","status":"publish","type":"page","link":"https:\/\/auslaenderaemter.com\/it\/permesso-di-soggiorno-permanente\/","title":{"rendered":"permesso di soggiorno permanente"},"content":{"rendered":"<p>Il permesso di residenza \u00e8 un permesso di soggiorno permanente rilasciato dalle autorit\u00e0 tedesche e d\u00e0 ai cittadini stranieri il diritto di vivere e lavorare in Germania a tempo indeterminato e senza restrizioni.<\/p>\n<h2>Importanza del permesso di soggiorno<\/h2>\n<p>Il permesso di domicilio rappresenta lo status pi\u00f9 elevato che un cittadino straniero pu\u00f2 acquisire in Germania e offre numerosi vantaggi. \u00c8 illimitato e d\u00e0 al titolare il diritto di intraprendere qualsiasi tipo di lavoro in Germania. Inoltre, d\u00e0 anche il diritto di viaggiare in altri paesi Schengen senza bisogno di visti o permessi di soggiorno aggiuntivi.<\/p>\n<h2>Requisiti per il permesso di soggiorno<\/h2>\n<p>Diversi criteri devono essere soddisfatti per ottenere un permesso di soggiorno in Germania. Generalmente questi includono:<\/p>\n<ol>\n<li><strong>Prova di un sostentamento sicuro:<\/strong> Il richiedente deve essere in grado di provvedere a se stesso e ai propri familiari a carico senza ricevere assistenza sociale o indennit\u00e0 di disoccupazione.<\/li>\n<li><strong>Permesso di soggiorno quinquennale:<\/strong> Il richiedente deve avere un permesso di soggiorno da cinque anni. Tuttavia, ci sono eccezioni per i professionisti altamente qualificati e i lavoratori autonomi, dove la scadenza pu\u00f2 essere ridotta.<\/li>\n<li><strong>Prova di conoscenza sufficiente del tedesco:<\/strong> Di norma \u00e8 richiesto un livello B1 secondo il Quadro Comune Europeo di Riferimento per le Lingue (QCER).<\/li>\n<li><strong>Soggiorno:<\/strong> Il richiedente deve disporre di uno spazio abitativo sufficiente per s\u00e9 e per la sua famiglia.<\/li>\n<li><strong>Contributo all&#039;assicurazione pensionistica:<\/strong> Di norma, il richiedente deve aver versato contributi obbligatori all&#039;assicurazione pensionistica obbligatoria per almeno 60 mesi.<\/li>\n<\/ol>\n<h2>Il processo per ottenere un permesso di soggiorno<\/h2>\n<p>La domanda per il permesso di soggiorno va presentata al <a href=\"https:\/\/auslaenderaemter.com\/it\/\">competente autorit\u00e0 per gli stranieri<\/a> collocato. Il richiedente deve presentare tutti i documenti necessari comprovanti il possesso dei requisiti di cui sopra.<\/p>\n<p>Dopo aver presentato la domanda, l&#039;autorit\u00e0 esaminer\u00e0 la domanda e prender\u00e0 una decisione. Se la decisione \u00e8 positiva, il richiedente riceve un permesso di soggiorno. In caso di rifiuto, il richiedente pu\u00f2 presentare ricorso entro un certo periodo di tempo o presentare una nuova domanda se le condizioni sono soddisfatte.<\/p>\n<h2>Conclusione<\/h2>\n<p>Il permesso di soggiorno offre ai cittadini stranieri l&#039;opportunit\u00e0 di vivere e lavorare in Germania in modo permanente e con poche restrizioni. Nonostante i criteri severi e il processo dettagliato, ottenere un permesso di soggiorno \u00e8 un obiettivo per cui vale la pena lottare per molti, in quanto offre un alto livello di stabilit\u00e0 e libert\u00e0.<\/p>\n<p>Il permesso di soggiorno non \u00e8 solo un documento che conferisce il diritto di risiedere e lavorare in Germania, ma \u00e8 anche una prova dell&#039;integrazione del titolare nella societ\u00e0 tedesca. Richiede una comprensione della lingua tedesca, del sistema legale tedesco e del mercato del lavoro e dimostra un contributo significativo all&#039;economia e alla societ\u00e0 tedesche.<\/p>\n<p>Tuttavia, \u00e8 importante sottolineare che ottenere un permesso di soggiorno non \u00e8 un processo facile o rapido. Richiede pazienza, pianificazione e un&#039;attenta preparazione. Chiunque cerchi un permesso di insediamento dovrebbe comprendere appieno i requisiti e il processo e, se necessario, cercare un aiuto professionale.<\/p>\n<p>Il permesso di soggiorno offre il vantaggio della sicurezza e della mobilit\u00e0 all&#039;interno della zona Schengen. Per molti \u00e8 un passo decisivo verso la piena integrazione nella societ\u00e0 e nella cultura tedesca e quindi una parte essenziale della vita in Germania. Rappresenta un impegno e un investimento a lungo termine nella vita in Germania, che offre vantaggi non solo per l&#039;individuo, ma anche per la societ\u00e0 tedesca nel suo insieme.<\/p>","protected":false},"excerpt":{"rendered":"<p>Il permesso di soggiorno \u00e8 un permesso di soggiorno permanente rilasciato dalle autorit\u00e0 tedesche e d\u00e0 ai cittadini stranieri il diritto di vivere e lavorare in Germania a tempo indeterminato e senza restrizioni. Importanza del permesso di domicilio Il permesso di domicilio rappresenta lo status pi\u00f9 elevato che un cittadino straniero pu\u00f2 acquisire in Germania e offre numerosi vantaggi. Lei \u00e8\u2026&nbsp;<a href=\"https:\/\/auslaenderaemter.com\/it\/permesso-di-soggiorno-permanente\/\" rel=\"bookmark\">Per saperne di pi\u00f9 &quot;<span class=\"screen-reader-text\">permesso di soggiorno permanente<\/span><\/a><\/p>","protected":false},"author":1,"featured_media":9,"parent":0,"menu_order":0,"comment_status":"closed","ping_status":"closed","template":"","meta":{"neve_meta_sidebar":"","neve_meta_container":"","neve_meta_enable_content_width":"off","neve_meta_content_width":100,"neve_meta_title_alignment":"","neve_meta_author_avatar":"","neve_post_elements_order":"","neve_meta_disable_header":"","neve_meta_disable_footer":"","neve_meta_disable_title":"","neve_meta_reading_time":"","footnotes":""},"class_list":["post-4039","page","type-page","status-publish","has-post-thumbnail","hentry"],"yoast_head":"<!-- This site is optimized with the Yoast SEO plugin v27.4 - https:\/\/yoast.com\/product\/yoast-seo-wordpress\/ -->\n<title>Niederlassungserlaubnis - auslaenderaemter.com<\/title>\n<meta name=\"description\" content=\"Erfahren Sie mehr \u00fcber die Niederlassungserlaubnis in Deutschland: Bedeutung, Voraussetzungen und Beantragungsprozess.\" \/>\n<meta name=\"robots\" content=\"index, follow, max-snippet:-1, max-image-preview:large, max-video-preview:-1\" \/>\n<link rel=\"canonical\" href=\"https:\/\/auslaenderaemter.com\/it\/permesso-di-soggiorno-permanente\/\" \/>\n<meta property=\"og:locale\" content=\"it_IT\" \/>\n<meta property=\"og:type\" content=\"article\" \/>\n<meta property=\"og:title\" content=\"Niederlassungserlaubnis - auslaenderaemter.com\" \/>\n<meta property=\"og:description\" content=\"Erfahren Sie mehr \u00fcber die Niederlassungserlaubnis in Deutschland: Bedeutung, Voraussetzungen und Beantragungsprozess.\" \/>\n<meta property=\"og:url\" content=\"https:\/\/auslaenderaemter.com\/it\/permesso-di-soggiorno-permanente\/\" \/>\n<meta property=\"og:site_name\" content=\"auslaenderaemter.com\" \/>\n<meta property=\"og:image\" content=\"https:\/\/auslaenderaemter.com\/wp-content\/uploads\/2021\/01\/Vollmond-info-13.png\" \/>\n\t<meta property=\"og:image:width\" content=\"500\" \/>\n\t<meta property=\"og:image:height\" content=\"500\" \/>\n\t<meta property=\"og:image:type\" content=\"image\/png\" \/>\n<meta name=\"twitter:card\" content=\"summary_large_image\" \/>\n<meta name=\"twitter:label1\" content=\"Tempo di lettura stimato\" \/>\n\t<meta name=\"twitter:data1\" content=\"3 minuti\" \/>\n<script type=\"application\/ld+json\" class=\"yoast-schema-graph\">{\"@context\":\"https:\\\/\\\/schema.org\",\"@graph\":[{\"@type\":\"WebPage\",\"@id\":\"https:\\\/\\\/auslaenderaemter.com\\\/niederlassungserlaubnis\\\/\",\"url\":\"https:\\\/\\\/auslaenderaemter.com\\\/niederlassungserlaubnis\\\/\",\"name\":\"Niederlassungserlaubnis - auslaenderaemter.com\",\"isPartOf\":{\"@id\":\"https:\\\/\\\/auslaenderaemter.com\\\/#website\"},\"primaryImageOfPage\":{\"@id\":\"https:\\\/\\\/auslaenderaemter.com\\\/niederlassungserlaubnis\\\/#primaryimage\"},\"image\":{\"@id\":\"https:\\\/\\\/auslaenderaemter.com\\\/niederlassungserlaubnis\\\/#primaryimage\"},\"thumbnailUrl\":\"https:\\\/\\\/auslaenderaemter.com\\\/wp-content\\\/uploads\\\/2021\\\/01\\\/Vollmond-info-13.png\",\"datePublished\":\"2023-06-12T14:23:02+00:00\",\"description\":\"Erfahren Sie mehr \u00fcber die Niederlassungserlaubnis in Deutschland: Bedeutung, Voraussetzungen und Beantragungsprozess.\",\"breadcrumb\":{\"@id\":\"https:\\\/\\\/auslaenderaemter.com\\\/niederlassungserlaubnis\\\/#breadcrumb\"},\"inLanguage\":\"it-IT\",\"potentialAction\":[{\"@type\":\"ReadAction\",\"target\":[\"https:\\\/\\\/auslaenderaemter.com\\\/niederlassungserlaubnis\\\/\"]}]},{\"@type\":\"ImageObject\",\"inLanguage\":\"it-IT\",\"@id\":\"https:\\\/\\\/auslaenderaemter.com\\\/niederlassungserlaubnis\\\/#primaryimage\",\"url\":\"https:\\\/\\\/auslaenderaemter.com\\\/wp-content\\\/uploads\\\/2021\\\/01\\\/Vollmond-info-13.png\",\"contentUrl\":\"https:\\\/\\\/auslaenderaemter.com\\\/wp-content\\\/uploads\\\/2021\\\/01\\\/Vollmond-info-13.png\",\"width\":500,\"height\":500,\"caption\":\"Abschiebung\"},{\"@type\":\"BreadcrumbList\",\"@id\":\"https:\\\/\\\/auslaenderaemter.com\\\/niederlassungserlaubnis\\\/#breadcrumb\",\"itemListElement\":[{\"@type\":\"ListItem\",\"position\":1,\"name\":\"Startseite\",\"item\":\"https:\\\/\\\/auslaenderaemter.com\\\/\"},{\"@type\":\"ListItem\",\"position\":2,\"name\":\"Niederlassungserlaubnis\"}]},{\"@type\":\"WebSite\",\"@id\":\"https:\\\/\\\/auslaenderaemter.com\\\/#website\",\"url\":\"https:\\\/\\\/auslaenderaemter.com\\\/\",\"name\":\"auslaenderaemter.com\",\"description\":\"\",\"publisher\":{\"@id\":\"https:\\\/\\\/auslaenderaemter.com\\\/#organization\"},\"potentialAction\":[{\"@type\":\"SearchAction\",\"target\":{\"@type\":\"EntryPoint\",\"urlTemplate\":\"https:\\\/\\\/auslaenderaemter.com\\\/?s={search_term_string}\"},\"query-input\":{\"@type\":\"PropertyValueSpecification\",\"valueRequired\":true,\"valueName\":\"search_term_string\"}}],\"inLanguage\":\"it-IT\"},{\"@type\":\"Organization\",\"@id\":\"https:\\\/\\\/auslaenderaemter.com\\\/#organization\",\"name\":\"auslaenderaemter.com\",\"url\":\"https:\\\/\\\/auslaenderaemter.com\\\/\",\"logo\":{\"@type\":\"ImageObject\",\"inLanguage\":\"it-IT\",\"@id\":\"https:\\\/\\\/auslaenderaemter.com\\\/#\\\/schema\\\/logo\\\/image\\\/\",\"url\":\"https:\\\/\\\/auslaenderaemter.com\\\/wp-content\\\/uploads\\\/2021\\\/01\\\/cropped-Vollmond-info-13.png\",\"contentUrl\":\"https:\\\/\\\/auslaenderaemter.com\\\/wp-content\\\/uploads\\\/2021\\\/01\\\/cropped-Vollmond-info-13.png\",\"width\":500,\"height\":117,\"caption\":\"auslaenderaemter.com\"},\"image\":{\"@id\":\"https:\\\/\\\/auslaenderaemter.com\\\/#\\\/schema\\\/logo\\\/image\\\/\"}}]}<\/script>\n<!-- \/ Yoast SEO plugin. -->","yoast_head_json":{"title":"Permesso di residenza - auslaenderaemter.com","description":"Scopri di pi\u00f9 sul permesso di soggiorno in Germania: significato, requisiti e procedura di richiesta.","robots":{"index":"index","follow":"follow","max-snippet":"max-snippet:-1","max-image-preview":"max-image-preview:large","max-video-preview":"max-video-preview:-1"},"canonical":"https:\/\/auslaenderaemter.com\/it\/permesso-di-soggiorno-permanente\/","og_locale":"it_IT","og_type":"article","og_title":"Niederlassungserlaubnis - auslaenderaemter.com","og_description":"Erfahren Sie mehr \u00fcber die Niederlassungserlaubnis in Deutschland: Bedeutung, Voraussetzungen und Beantragungsprozess.","og_url":"https:\/\/auslaenderaemter.com\/it\/permesso-di-soggiorno-permanente\/","og_site_name":"auslaenderaemter.com","og_image":[{"width":500,"height":500,"url":"https:\/\/auslaenderaemter.com\/wp-content\/uploads\/2021\/01\/Vollmond-info-13.png","type":"image\/png"}],"twitter_card":"summary_large_image","twitter_misc":{"Tempo di lettura stimato":"3 minuti"},"schema":{"@context":"https:\/\/schema.org","@graph":[{"@type":"WebPage","@id":"https:\/\/auslaenderaemter.com\/niederlassungserlaubnis\/","url":"https:\/\/auslaenderaemter.com\/niederlassungserlaubnis\/","name":"Permesso di residenza - auslaenderaemter.com","isPartOf":{"@id":"https:\/\/auslaenderaemter.com\/#website"},"primaryImageOfPage":{"@id":"https:\/\/auslaenderaemter.com\/niederlassungserlaubnis\/#primaryimage"},"image":{"@id":"https:\/\/auslaenderaemter.com\/niederlassungserlaubnis\/#primaryimage"},"thumbnailUrl":"https:\/\/auslaenderaemter.com\/wp-content\/uploads\/2021\/01\/Vollmond-info-13.png","datePublished":"2023-06-12T14:23:02+00:00","description":"Scopri di pi\u00f9 sul permesso di soggiorno in Germania: significato, requisiti e procedura di richiesta.","breadcrumb":{"@id":"https:\/\/auslaenderaemter.com\/niederlassungserlaubnis\/#breadcrumb"},"inLanguage":"it-IT","potentialAction":[{"@type":"ReadAction","target":["https:\/\/auslaenderaemter.com\/niederlassungserlaubnis\/"]}]},{"@type":"ImageObject","inLanguage":"it-IT","@id":"https:\/\/auslaenderaemter.com\/niederlassungserlaubnis\/#primaryimage","url":"https:\/\/auslaenderaemter.com\/wp-content\/uploads\/2021\/01\/Vollmond-info-13.png","contentUrl":"https:\/\/auslaenderaemter.com\/wp-content\/uploads\/2021\/01\/Vollmond-info-13.png","width":500,"height":500,"caption":"Abschiebung"},{"@type":"BreadcrumbList","@id":"https:\/\/auslaenderaemter.com\/niederlassungserlaubnis\/#breadcrumb","itemListElement":[{"@type":"ListItem","position":1,"name":"Startseite","item":"https:\/\/auslaenderaemter.com\/"},{"@type":"ListItem","position":2,"name":"Niederlassungserlaubnis"}]},{"@type":"WebSite","@id":"https:\/\/auslaenderaemter.com\/#website","url":"https:\/\/auslaenderaemter.com\/","name":"www.auslaenderaemter.com","description":"","publisher":{"@id":"https:\/\/auslaenderaemter.com\/#organization"},"potentialAction":[{"@type":"SearchAction","target":{"@type":"EntryPoint","urlTemplate":"https:\/\/auslaenderaemter.com\/?s={search_term_string}"},"query-input":{"@type":"PropertyValueSpecification","valueRequired":true,"valueName":"search_term_string"}}],"inLanguage":"it-IT"},{"@type":"Organization","@id":"https:\/\/auslaenderaemter.com\/#organization","name":"www.auslaenderaemter.com","url":"https:\/\/auslaenderaemter.com\/","logo":{"@type":"ImageObject","inLanguage":"it-IT","@id":"https:\/\/auslaenderaemter.com\/#\/schema\/logo\/image\/","url":"https:\/\/auslaenderaemter.com\/wp-content\/uploads\/2021\/01\/cropped-Vollmond-info-13.png","contentUrl":"https:\/\/auslaenderaemter.com\/wp-content\/uploads\/2021\/01\/cropped-Vollmond-info-13.png","width":500,"height":117,"caption":"auslaenderaemter.com"},"image":{"@id":"https:\/\/auslaenderaemter.com\/#\/schema\/logo\/image\/"}}]}},"_links":{"self":[{"href":"https:\/\/auslaenderaemter.com\/it\/wp-json\/wp\/v2\/pages\/4039","targetHints":{"allow":["GET"]}}],"collection":[{"href":"https:\/\/auslaenderaemter.com\/it\/wp-json\/wp\/v2\/pages"}],"about":[{"href":"https:\/\/auslaenderaemter.com\/it\/wp-json\/wp\/v2\/types\/page"}],"author":[{"embeddable":true,"href":"https:\/\/auslaenderaemter.com\/it\/wp-json\/wp\/v2\/users\/1"}],"replies":[{"embeddable":true,"href":"https:\/\/auslaenderaemter.com\/it\/wp-json\/wp\/v2\/comments?post=4039"}],"version-history":[{"count":0,"href":"https:\/\/auslaenderaemter.com\/it\/wp-json\/wp\/v2\/pages\/4039\/revisions"}],"wp:featuredmedia":[{"embeddable":true,"href":"https:\/\/auslaenderaemter.com\/it\/wp-json\/wp\/v2\/media\/9"}],"wp:attachment":[{"href":"https:\/\/auslaenderaemter.com\/it\/wp-json\/wp\/v2\/media?parent=4039"}],"curies":[{"name":"parola chiave","href":"https:\/\/api.w.org\/{rel}","templated":true}]}}