{"id":4048,"date":"2023-06-12T16:46:54","date_gmt":"2023-06-12T14:46:54","guid":{"rendered":"https:\/\/auslaenderaemter.com\/?page_id=4048"},"modified":"2023-06-12T16:46:54","modified_gmt":"2023-06-12T14:46:54","slug":"ausweisung","status":"publish","type":"page","link":"https:\/\/auslaenderaemter.com\/it\/espulsione\/","title":{"rendered":"espulsione"},"content":{"rendered":"<p>L&#039;espulsione degli stranieri \u00e8 parte integrante della legge tedesca sugli stranieri, essenziale per il mantenimento della sicurezza e dell&#039;ordine pubblico. In questo articolo definiremo lo sfratto, ne spiegheremo i motivi e le possibili conseguenze per gli interessati.<\/p>\n<h2>Cos&#039;\u00e8 uno sfratto?<\/h2>\n<p>L&#039;espulsione \u00e8 un atto amministrativo con il quale uno straniero \u00e8 obbligato a lasciare il territorio federale e a non rientrarvi. Lei \u00e8 competente <a href=\"https:\/\/auslaenderaemter.com\/it\/\">Autorit\u00e0 per gli stranieri<\/a> sistemato ed iscritto nel Registro Centrale degli Stranieri.<\/p>\n<h2>motivi di espulsione<\/h2>\n<p>Ci sono vari motivi per cui uno straniero pu\u00f2 essere espulso dalla Germania. Ci\u00f2 comprende:<\/p>\n<ol>\n<li><strong>Pericolo per la sicurezza e l\u2019ordine pubblico:<\/strong> Se uno straniero costituisce una minaccia per la sicurezza e l\u2019ordine pubblico, ci\u00f2 pu\u00f2 costituire motivo di espulsione. Ci\u00f2 pu\u00f2 verificarsi, ad esempio, se lo straniero \u00e8 stato condannato per un reato penale.<\/li>\n<li><strong>Violazione delle disposizioni della legge sull\u2019immigrazione:<\/strong> Uno straniero pu\u00f2 essere espulso anche se viola le disposizioni della legge sugli stranieri. Questo pu\u00f2 essere il caso, ad esempio, se lo straniero lavora illegalmente in Germania o se viola l&#039;obbligo di registrazione.<\/li>\n<li><strong>Violazione del passaporto:<\/strong> In Germania gli stranieri devono avere il passaporto. Se uno straniero non ha un passaporto valido o un sostituto del passaporto, ci\u00f2 pu\u00f2 costituire motivo di espulsione.<\/li>\n<\/ol>\n<h2>conseguenze dell&#039;espulsione<\/h2>\n<p>L\u2019espulsione comporta gravi conseguenze per lo straniero interessato:<\/p>\n<ol>\n<li><strong>Obbligo di lasciare il Paese:<\/strong> Lo straniero \u00e8 obbligato a lasciare immediatamente il territorio federale. Se non lo fa, pu\u00f2 essere deportato.<\/li>\n<li><strong>Divieto di ingresso e soggiorno:<\/strong> L&#039;espulsione \u00e8 solitamente accompagnata da un divieto d&#039;ingresso e di soggiorno. Ci\u00f2 significa che allo straniero non \u00e8 consentito rientrare nel territorio federale. Il divieto d&#039;ingresso e di soggiorno ha generalmente una durata compresa tra cinque e dieci anni, ma pu\u00f2 anche essere indeterminato.<\/li>\n<\/ol>\n<h2>Conclusione<\/h2>\n<p>L\u2019espulsione costituisce una grave lesione ai diritti dello straniero. Garantisce il mantenimento della sicurezza e dell&#039;ordine pubblico in Germania. Allo stesso tempo, ci\u00f2 comporta gravi conseguenze per lo straniero interessato. \u00c8 quindi importante che gli stranieri residenti in Germania rispettino le disposizioni della legge sugli stranieri e, se necessario, chiedano consulenza legale.<\/p>","protected":false},"excerpt":{"rendered":"<p>L&#039;espulsione degli stranieri \u00e8 parte integrante della legge tedesca sull&#039;immigrazione, essenziale per il mantenimento della sicurezza e dell&#039;ordine pubblico. In questo articolo definiremo l\u2019espulsione, ne spiegheremo le ragioni ed evidenzieremo le possibili conseguenze per le persone colpite. Cos&#039;\u00e8 un&#039;espulsione? L\u2019espulsione \u00e8 un atto amministrativo con il quale uno straniero...&nbsp;<a href=\"https:\/\/auslaenderaemter.com\/it\/espulsione\/\" rel=\"bookmark\">Per saperne di pi\u00f9 &quot;<span class=\"screen-reader-text\">espulsione<\/span><\/a><\/p>","protected":false},"author":1,"featured_media":9,"parent":0,"menu_order":0,"comment_status":"closed","ping_status":"closed","template":"","meta":{"neve_meta_sidebar":"","neve_meta_container":"","neve_meta_enable_content_width":"off","neve_meta_content_width":100,"neve_meta_title_alignment":"","neve_meta_author_avatar":"","neve_post_elements_order":"","neve_meta_disable_header":"","neve_meta_disable_footer":"","neve_meta_disable_title":"","neve_meta_reading_time":"","footnotes":""},"class_list":["post-4048","page","type-page","status-publish","has-post-thumbnail","hentry"],"yoast_head":"<!-- This site is optimized with the Yoast SEO plugin v27.3 - https:\/\/yoast.com\/product\/yoast-seo-wordpress\/ -->\n<title>Ausweisung - Gr\u00fcnde und Folgen im deutschen Ausl\u00e4nderrecht<\/title>\n<meta name=\"description\" content=\"Verstehen Sie die Ausweisung im deutschen Ausl\u00e4nderrecht: ihre Definition, die Gr\u00fcnde daf\u00fcr und die daraus resultierenden Folgen.\" \/>\n<meta name=\"robots\" content=\"index, follow, max-snippet:-1, max-image-preview:large, max-video-preview:-1\" \/>\n<link rel=\"canonical\" href=\"https:\/\/auslaenderaemter.com\/it\/espulsione\/\" \/>\n<meta property=\"og:locale\" content=\"it_IT\" \/>\n<meta property=\"og:type\" content=\"article\" \/>\n<meta property=\"og:title\" content=\"Ausweisung - Gr\u00fcnde und Folgen im deutschen Ausl\u00e4nderrecht\" \/>\n<meta property=\"og:description\" content=\"Verstehen Sie die Ausweisung im deutschen Ausl\u00e4nderrecht: ihre Definition, die Gr\u00fcnde daf\u00fcr und die daraus resultierenden Folgen.\" \/>\n<meta property=\"og:url\" content=\"https:\/\/auslaenderaemter.com\/it\/espulsione\/\" \/>\n<meta property=\"og:site_name\" content=\"auslaenderaemter.com\" \/>\n<meta property=\"og:image\" content=\"https:\/\/auslaenderaemter.com\/wp-content\/uploads\/2021\/01\/Vollmond-info-13.png\" \/>\n\t<meta property=\"og:image:width\" content=\"500\" \/>\n\t<meta property=\"og:image:height\" content=\"500\" \/>\n\t<meta property=\"og:image:type\" content=\"image\/png\" \/>\n<meta name=\"twitter:card\" content=\"summary_large_image\" \/>\n<meta name=\"twitter:label1\" content=\"Tempo di lettura stimato\" \/>\n\t<meta name=\"twitter:data1\" content=\"2 minuti\" \/>\n<script type=\"application\/ld+json\" class=\"yoast-schema-graph\">{\"@context\":\"https:\\\/\\\/schema.org\",\"@graph\":[{\"@type\":\"WebPage\",\"@id\":\"https:\\\/\\\/auslaenderaemter.com\\\/ausweisung\\\/\",\"url\":\"https:\\\/\\\/auslaenderaemter.com\\\/ausweisung\\\/\",\"name\":\"Ausweisung - Gr\u00fcnde und Folgen im deutschen Ausl\u00e4nderrecht\",\"isPartOf\":{\"@id\":\"https:\\\/\\\/auslaenderaemter.com\\\/#website\"},\"primaryImageOfPage\":{\"@id\":\"https:\\\/\\\/auslaenderaemter.com\\\/ausweisung\\\/#primaryimage\"},\"image\":{\"@id\":\"https:\\\/\\\/auslaenderaemter.com\\\/ausweisung\\\/#primaryimage\"},\"thumbnailUrl\":\"https:\\\/\\\/auslaenderaemter.com\\\/wp-content\\\/uploads\\\/2021\\\/01\\\/Vollmond-info-13.png\",\"datePublished\":\"2023-06-12T14:46:54+00:00\",\"description\":\"Verstehen Sie die Ausweisung im deutschen Ausl\u00e4nderrecht: ihre Definition, die Gr\u00fcnde daf\u00fcr und die daraus resultierenden Folgen.\",\"breadcrumb\":{\"@id\":\"https:\\\/\\\/auslaenderaemter.com\\\/ausweisung\\\/#breadcrumb\"},\"inLanguage\":\"it-IT\",\"potentialAction\":[{\"@type\":\"ReadAction\",\"target\":[\"https:\\\/\\\/auslaenderaemter.com\\\/ausweisung\\\/\"]}]},{\"@type\":\"ImageObject\",\"inLanguage\":\"it-IT\",\"@id\":\"https:\\\/\\\/auslaenderaemter.com\\\/ausweisung\\\/#primaryimage\",\"url\":\"https:\\\/\\\/auslaenderaemter.com\\\/wp-content\\\/uploads\\\/2021\\\/01\\\/Vollmond-info-13.png\",\"contentUrl\":\"https:\\\/\\\/auslaenderaemter.com\\\/wp-content\\\/uploads\\\/2021\\\/01\\\/Vollmond-info-13.png\",\"width\":500,\"height\":500,\"caption\":\"Abschiebung\"},{\"@type\":\"BreadcrumbList\",\"@id\":\"https:\\\/\\\/auslaenderaemter.com\\\/ausweisung\\\/#breadcrumb\",\"itemListElement\":[{\"@type\":\"ListItem\",\"position\":1,\"name\":\"Startseite\",\"item\":\"https:\\\/\\\/auslaenderaemter.com\\\/\"},{\"@type\":\"ListItem\",\"position\":2,\"name\":\"Ausweisung\"}]},{\"@type\":\"WebSite\",\"@id\":\"https:\\\/\\\/auslaenderaemter.com\\\/#website\",\"url\":\"https:\\\/\\\/auslaenderaemter.com\\\/\",\"name\":\"auslaenderaemter.com\",\"description\":\"\",\"publisher\":{\"@id\":\"https:\\\/\\\/auslaenderaemter.com\\\/#organization\"},\"potentialAction\":[{\"@type\":\"SearchAction\",\"target\":{\"@type\":\"EntryPoint\",\"urlTemplate\":\"https:\\\/\\\/auslaenderaemter.com\\\/?s={search_term_string}\"},\"query-input\":{\"@type\":\"PropertyValueSpecification\",\"valueRequired\":true,\"valueName\":\"search_term_string\"}}],\"inLanguage\":\"it-IT\"},{\"@type\":\"Organization\",\"@id\":\"https:\\\/\\\/auslaenderaemter.com\\\/#organization\",\"name\":\"auslaenderaemter.com\",\"url\":\"https:\\\/\\\/auslaenderaemter.com\\\/\",\"logo\":{\"@type\":\"ImageObject\",\"inLanguage\":\"it-IT\",\"@id\":\"https:\\\/\\\/auslaenderaemter.com\\\/#\\\/schema\\\/logo\\\/image\\\/\",\"url\":\"https:\\\/\\\/auslaenderaemter.com\\\/wp-content\\\/uploads\\\/2021\\\/01\\\/cropped-Vollmond-info-13.png\",\"contentUrl\":\"https:\\\/\\\/auslaenderaemter.com\\\/wp-content\\\/uploads\\\/2021\\\/01\\\/cropped-Vollmond-info-13.png\",\"width\":500,\"height\":117,\"caption\":\"auslaenderaemter.com\"},\"image\":{\"@id\":\"https:\\\/\\\/auslaenderaemter.com\\\/#\\\/schema\\\/logo\\\/image\\\/\"}}]}<\/script>\n<!-- \/ Yoast SEO plugin. -->","yoast_head_json":{"title":"Espulsione: ragioni e conseguenze nel diritto tedesco sull&#039;immigrazione","description":"Comprendere l&#039;espulsione nella legge tedesca sull&#039;immigrazione: la sua definizione, le ragioni e le conseguenze che ne derivano.","robots":{"index":"index","follow":"follow","max-snippet":"max-snippet:-1","max-image-preview":"max-image-preview:large","max-video-preview":"max-video-preview:-1"},"canonical":"https:\/\/auslaenderaemter.com\/it\/espulsione\/","og_locale":"it_IT","og_type":"article","og_title":"Ausweisung - Gr\u00fcnde und Folgen im deutschen Ausl\u00e4nderrecht","og_description":"Verstehen Sie die Ausweisung im deutschen Ausl\u00e4nderrecht: ihre Definition, die Gr\u00fcnde daf\u00fcr und die daraus resultierenden Folgen.","og_url":"https:\/\/auslaenderaemter.com\/it\/espulsione\/","og_site_name":"auslaenderaemter.com","og_image":[{"width":500,"height":500,"url":"https:\/\/auslaenderaemter.com\/wp-content\/uploads\/2021\/01\/Vollmond-info-13.png","type":"image\/png"}],"twitter_card":"summary_large_image","twitter_misc":{"Tempo di lettura stimato":"2 minuti"},"schema":{"@context":"https:\/\/schema.org","@graph":[{"@type":"WebPage","@id":"https:\/\/auslaenderaemter.com\/ausweisung\/","url":"https:\/\/auslaenderaemter.com\/ausweisung\/","name":"Espulsione: ragioni e conseguenze nel diritto tedesco sull&#039;immigrazione","isPartOf":{"@id":"https:\/\/auslaenderaemter.com\/#website"},"primaryImageOfPage":{"@id":"https:\/\/auslaenderaemter.com\/ausweisung\/#primaryimage"},"image":{"@id":"https:\/\/auslaenderaemter.com\/ausweisung\/#primaryimage"},"thumbnailUrl":"https:\/\/auslaenderaemter.com\/wp-content\/uploads\/2021\/01\/Vollmond-info-13.png","datePublished":"2023-06-12T14:46:54+00:00","description":"Comprendere l&#039;espulsione nella legge tedesca sull&#039;immigrazione: la sua definizione, le ragioni e le conseguenze che ne derivano.","breadcrumb":{"@id":"https:\/\/auslaenderaemter.com\/ausweisung\/#breadcrumb"},"inLanguage":"it-IT","potentialAction":[{"@type":"ReadAction","target":["https:\/\/auslaenderaemter.com\/ausweisung\/"]}]},{"@type":"ImageObject","inLanguage":"it-IT","@id":"https:\/\/auslaenderaemter.com\/ausweisung\/#primaryimage","url":"https:\/\/auslaenderaemter.com\/wp-content\/uploads\/2021\/01\/Vollmond-info-13.png","contentUrl":"https:\/\/auslaenderaemter.com\/wp-content\/uploads\/2021\/01\/Vollmond-info-13.png","width":500,"height":500,"caption":"Abschiebung"},{"@type":"BreadcrumbList","@id":"https:\/\/auslaenderaemter.com\/ausweisung\/#breadcrumb","itemListElement":[{"@type":"ListItem","position":1,"name":"Startseite","item":"https:\/\/auslaenderaemter.com\/"},{"@type":"ListItem","position":2,"name":"Ausweisung"}]},{"@type":"WebSite","@id":"https:\/\/auslaenderaemter.com\/#website","url":"https:\/\/auslaenderaemter.com\/","name":"www.auslaenderaemter.com","description":"","publisher":{"@id":"https:\/\/auslaenderaemter.com\/#organization"},"potentialAction":[{"@type":"SearchAction","target":{"@type":"EntryPoint","urlTemplate":"https:\/\/auslaenderaemter.com\/?s={search_term_string}"},"query-input":{"@type":"PropertyValueSpecification","valueRequired":true,"valueName":"search_term_string"}}],"inLanguage":"it-IT"},{"@type":"Organization","@id":"https:\/\/auslaenderaemter.com\/#organization","name":"www.auslaenderaemter.com","url":"https:\/\/auslaenderaemter.com\/","logo":{"@type":"ImageObject","inLanguage":"it-IT","@id":"https:\/\/auslaenderaemter.com\/#\/schema\/logo\/image\/","url":"https:\/\/auslaenderaemter.com\/wp-content\/uploads\/2021\/01\/cropped-Vollmond-info-13.png","contentUrl":"https:\/\/auslaenderaemter.com\/wp-content\/uploads\/2021\/01\/cropped-Vollmond-info-13.png","width":500,"height":117,"caption":"auslaenderaemter.com"},"image":{"@id":"https:\/\/auslaenderaemter.com\/#\/schema\/logo\/image\/"}}]}},"_links":{"self":[{"href":"https:\/\/auslaenderaemter.com\/it\/wp-json\/wp\/v2\/pages\/4048","targetHints":{"allow":["GET"]}}],"collection":[{"href":"https:\/\/auslaenderaemter.com\/it\/wp-json\/wp\/v2\/pages"}],"about":[{"href":"https:\/\/auslaenderaemter.com\/it\/wp-json\/wp\/v2\/types\/page"}],"author":[{"embeddable":true,"href":"https:\/\/auslaenderaemter.com\/it\/wp-json\/wp\/v2\/users\/1"}],"replies":[{"embeddable":true,"href":"https:\/\/auslaenderaemter.com\/it\/wp-json\/wp\/v2\/comments?post=4048"}],"version-history":[{"count":0,"href":"https:\/\/auslaenderaemter.com\/it\/wp-json\/wp\/v2\/pages\/4048\/revisions"}],"wp:featuredmedia":[{"embeddable":true,"href":"https:\/\/auslaenderaemter.com\/it\/wp-json\/wp\/v2\/media\/9"}],"wp:attachment":[{"href":"https:\/\/auslaenderaemter.com\/it\/wp-json\/wp\/v2\/media?parent=4048"}],"curies":[{"name":"parola chiave","href":"https:\/\/api.w.org\/{rel}","templated":true}]}}